{"id":59703,"date":"2026-03-17T02:12:40","date_gmt":"2026-03-16T23:12:40","guid":{"rendered":"https:\/\/ranoja.ee\/toode\/teflonmaare-food-grade-nsf-h1-ptfe-oil-500ml-motip\/"},"modified":"2026-03-17T15:40:37","modified_gmt":"2026-03-17T12:40:37","slug":"teflonmaare-food-grade-nsf-h1-ptfe-oil-500ml-motip","status":"publish","type":"product","link":"https:\/\/ranoja.ee\/en\/toode\/teflonmaare-food-grade-nsf-h1-ptfe-oil-500ml-motip\/","title":{"rendered":"Teflonm\u00e4\u00e4re Food Grade NSF H1 PTFE Oil 500ml, Motip"},"content":{"rendered":"","protected":false},"excerpt":{"rendered":"<p>Universaal\u00f5li metall- ja plastosade m\u00e4\u00e4rimiseks ja kaitseks. Sobib v\u00e4ga h\u00e4sti selliste osade t\u00f6\u00f6tlemiseks, mis peavad taluma tugevat survet. Toote omadused: Rahvusvaheline NSF heakskiit NSF-H1. Suurep\u00e4rane mehaaniline tugevus ja kuumuskindlus. Head imendumisomadused. V\u00e4ga madal h\u00f5\u00f5rdetegur, minimaalne kulumine. \u00dclihea kleepuvus. V\u00e4ldib kulumist ja kleepumist. Vastupidav ilmastikum\u00f5judele ning n\u00f5rkadele hapetele ja alustele. V\u00e4ga peene ehitusega. T\u00f5rjub vett. Muudetav pihustusotsik. Kasutamistemperatuur 5-30C.<\/p>\n","protected":false},"featured_media":59704,"template":"","meta":{"inline_featured_image":false},"product_cat":[5119,5009],"product_tag":[],"class_list":{"0":"post-59703","1":"product","2":"type-product","3":"status-publish","4":"has-post-thumbnail","6":"product_brand-motip","7":"product_cat-toiduainetoostuse-keemia","8":"product_cat-toostus-ja-autokeemia","10":"first","11":"instock","12":"purchasable","13":"product-type-simple"},"yoast_head":"<!-- This site is optimized with the Yoast SEO plugin v27.4 - https:\/\/yoast.com\/product\/yoast-seo-wordpress\/ -->\n<title>Teflonm\u00e4\u00e4re Food Grade NSF H1 PTFE Oil 500ml, Motip - Ranoja<\/title>\n<meta name=\"robots\" content=\"index, follow, max-snippet:-1, max-image-preview:large, max-video-preview:-1\" \/>\n<link rel=\"canonical\" href=\"https:\/\/ranoja.ee\/toode\/teflonmaare-food-grade-nsf-h1-ptfe-oil-500ml-motip\/\" \/>\n<meta property=\"og:locale\" content=\"en_US\" \/>\n<meta property=\"og:type\" content=\"article\" \/>\n<meta property=\"og:title\" content=\"Teflonm\u00e4\u00e4re Food Grade NSF H1 PTFE Oil 500ml, Motip - Ranoja\" \/>\n<meta property=\"og:description\" content=\"Universaal\u00f5li metall- ja plastosade m\u00e4\u00e4rimiseks ja kaitseks. Sobib v\u00e4ga h\u00e4sti selliste osade t\u00f6\u00f6tlemiseks, mis peavad taluma tugevat survet. Toote omadused: Rahvusvaheline NSF heakskiit NSF-H1. Suurep\u00e4rane mehaaniline tugevus ja kuumuskindlus. Head imendumisomadused. V\u00e4ga madal h\u00f5\u00f5rdetegur, minimaalne kulumine. \u00dclihea kleepuvus. V\u00e4ldib kulumist ja kleepumist. Vastupidav ilmastikum\u00f5judele ning n\u00f5rkadele hapetele ja alustele. V\u00e4ga peene ehitusega. T\u00f5rjub vett. Muudetav pihustusotsik. Kasutamistemperatuur 5-30C.\" \/>\n<meta property=\"og:url\" content=\"https:\/\/ranoja.ee\/toode\/teflonmaare-food-grade-nsf-h1-ptfe-oil-500ml-motip\/\" \/>\n<meta property=\"og:site_name\" content=\"Ranoja\" \/>\n<meta property=\"article:publisher\" content=\"https:\/\/www.facebook.com\/ranoja.ee\" \/>\n<meta property=\"article:modified_time\" content=\"2026-03-17T12:40:37+00:00\" \/>\n<meta property=\"og:image\" content=\"https:\/\/ranoja.ee\/wp-content\/uploads\/2026\/03\/121585498.png\" \/>\n\t<meta property=\"og:image:width\" content=\"238\" \/>\n\t<meta property=\"og:image:height\" content=\"238\" \/>\n\t<meta property=\"og:image:type\" content=\"image\/jpeg\" \/>\n<meta name=\"twitter:card\" content=\"summary_large_image\" \/>\n<script type=\"application\/ld+json\" class=\"yoast-schema-graph\">{\"@context\":\"https:\\\/\\\/schema.org\",\"@graph\":[{\"@type\":\"WebPage\",\"@id\":\"https:\\\/\\\/ranoja.ee\\\/toode\\\/teflonmaare-food-grade-nsf-h1-ptfe-oil-500ml-motip\\\/\",\"url\":\"https:\\\/\\\/ranoja.ee\\\/toode\\\/teflonmaare-food-grade-nsf-h1-ptfe-oil-500ml-motip\\\/\",\"name\":\"Teflonm\u00e4\u00e4re Food Grade NSF H1 PTFE Oil 500ml, Motip - Ranoja\",\"isPartOf\":{\"@id\":\"https:\\\/\\\/ranoja.ee\\\/#website\"},\"primaryImageOfPage\":{\"@id\":\"https:\\\/\\\/ranoja.ee\\\/toode\\\/teflonmaare-food-grade-nsf-h1-ptfe-oil-500ml-motip\\\/#primaryimage\"},\"image\":{\"@id\":\"https:\\\/\\\/ranoja.ee\\\/toode\\\/teflonmaare-food-grade-nsf-h1-ptfe-oil-500ml-motip\\\/#primaryimage\"},\"thumbnailUrl\":\"https:\\\/\\\/ranoja.ee\\\/wp-content\\\/uploads\\\/2026\\\/03\\\/121585498.png\",\"datePublished\":\"2026-03-16T23:12:40+00:00\",\"dateModified\":\"2026-03-17T12:40:37+00:00\",\"breadcrumb\":{\"@id\":\"https:\\\/\\\/ranoja.ee\\\/toode\\\/teflonmaare-food-grade-nsf-h1-ptfe-oil-500ml-motip\\\/#breadcrumb\"},\"inLanguage\":\"en-US\",\"potentialAction\":[{\"@type\":\"ReadAction\",\"target\":[\"https:\\\/\\\/ranoja.ee\\\/toode\\\/teflonmaare-food-grade-nsf-h1-ptfe-oil-500ml-motip\\\/\"]}]},{\"@type\":\"ImageObject\",\"inLanguage\":\"en-US\",\"@id\":\"https:\\\/\\\/ranoja.ee\\\/toode\\\/teflonmaare-food-grade-nsf-h1-ptfe-oil-500ml-motip\\\/#primaryimage\",\"url\":\"https:\\\/\\\/ranoja.ee\\\/wp-content\\\/uploads\\\/2026\\\/03\\\/121585498.png\",\"contentUrl\":\"https:\\\/\\\/ranoja.ee\\\/wp-content\\\/uploads\\\/2026\\\/03\\\/121585498.png\",\"width\":238,\"height\":238},{\"@type\":\"BreadcrumbList\",\"@id\":\"https:\\\/\\\/ranoja.ee\\\/toode\\\/teflonmaare-food-grade-nsf-h1-ptfe-oil-500ml-motip\\\/#breadcrumb\",\"itemListElement\":[{\"@type\":\"ListItem\",\"position\":1,\"name\":\"Home\",\"item\":\"https:\\\/\\\/ranoja.ee\\\/\"},{\"@type\":\"ListItem\",\"position\":2,\"name\":\"Shop\",\"item\":\"https:\\\/\\\/ranoja.ee\\\/en\\\/shop\\\/\"},{\"@type\":\"ListItem\",\"position\":3,\"name\":\"Teflonm\u00e4\u00e4re Food Grade NSF H1 PTFE Oil 500ml, Motip\"}]},{\"@type\":\"WebSite\",\"@id\":\"https:\\\/\\\/ranoja.ee\\\/#website\",\"url\":\"https:\\\/\\\/ranoja.ee\\\/\",\"name\":\"Ranoja\",\"description\":\"Equipment Shop WooCommerce WordPress Theme for Machine &amp; Tools\",\"publisher\":{\"@id\":\"https:\\\/\\\/ranoja.ee\\\/#organization\"},\"potentialAction\":[{\"@type\":\"SearchAction\",\"target\":{\"@type\":\"EntryPoint\",\"urlTemplate\":\"https:\\\/\\\/ranoja.ee\\\/?s={search_term_string}\"},\"query-input\":{\"@type\":\"PropertyValueSpecification\",\"valueRequired\":true,\"valueName\":\"search_term_string\"}}],\"inLanguage\":\"en-US\"},{\"@type\":\"Organization\",\"@id\":\"https:\\\/\\\/ranoja.ee\\\/#organization\",\"name\":\"Ranoja O\u00dc\",\"url\":\"https:\\\/\\\/ranoja.ee\\\/\",\"logo\":{\"@type\":\"ImageObject\",\"inLanguage\":\"en-US\",\"@id\":\"https:\\\/\\\/ranoja.ee\\\/#\\\/schema\\\/logo\\\/image\\\/\",\"url\":\"https:\\\/\\\/ranoja.ee\\\/wp-content\\\/uploads\\\/2023\\\/11\\\/ranoja-Logo.png\",\"contentUrl\":\"https:\\\/\\\/ranoja.ee\\\/wp-content\\\/uploads\\\/2023\\\/11\\\/ranoja-Logo.png\",\"width\":207,\"height\":58,\"caption\":\"Ranoja O\u00dc\"},\"image\":{\"@id\":\"https:\\\/\\\/ranoja.ee\\\/#\\\/schema\\\/logo\\\/image\\\/\"},\"sameAs\":[\"https:\\\/\\\/www.facebook.com\\\/ranoja.ee\",\"https:\\\/\\\/www.instagram.com\\\/ranoja__\\\/\"]}]}<\/script>\n<!-- \/ Yoast SEO plugin. -->","yoast_head_json":{"title":"Teflonm\u00e4\u00e4re Food Grade NSF H1 PTFE Oil 500ml, Motip - Ranoja","robots":{"index":"index","follow":"follow","max-snippet":"max-snippet:-1","max-image-preview":"max-image-preview:large","max-video-preview":"max-video-preview:-1"},"canonical":"https:\/\/ranoja.ee\/toode\/teflonmaare-food-grade-nsf-h1-ptfe-oil-500ml-motip\/","og_locale":"en_US","og_type":"article","og_title":"Teflonm\u00e4\u00e4re Food Grade NSF H1 PTFE Oil 500ml, Motip - Ranoja","og_description":"Universaal\u00f5li metall- ja plastosade m\u00e4\u00e4rimiseks ja kaitseks. Sobib v\u00e4ga h\u00e4sti selliste osade t\u00f6\u00f6tlemiseks, mis peavad taluma tugevat survet. Toote omadused: Rahvusvaheline NSF heakskiit NSF-H1. Suurep\u00e4rane mehaaniline tugevus ja kuumuskindlus. Head imendumisomadused. V\u00e4ga madal h\u00f5\u00f5rdetegur, minimaalne kulumine. \u00dclihea kleepuvus. V\u00e4ldib kulumist ja kleepumist. Vastupidav ilmastikum\u00f5judele ning n\u00f5rkadele hapetele ja alustele. V\u00e4ga peene ehitusega. T\u00f5rjub vett. Muudetav pihustusotsik. Kasutamistemperatuur 5-30C.","og_url":"https:\/\/ranoja.ee\/toode\/teflonmaare-food-grade-nsf-h1-ptfe-oil-500ml-motip\/","og_site_name":"Ranoja","article_publisher":"https:\/\/www.facebook.com\/ranoja.ee","article_modified_time":"2026-03-17T12:40:37+00:00","og_image":[{"width":238,"height":238,"url":"https:\/\/ranoja.ee\/wp-content\/uploads\/2026\/03\/121585498.png","type":"image\/jpeg"}],"twitter_card":"summary_large_image","schema":{"@context":"https:\/\/schema.org","@graph":[{"@type":"WebPage","@id":"https:\/\/ranoja.ee\/toode\/teflonmaare-food-grade-nsf-h1-ptfe-oil-500ml-motip\/","url":"https:\/\/ranoja.ee\/toode\/teflonmaare-food-grade-nsf-h1-ptfe-oil-500ml-motip\/","name":"Teflonm\u00e4\u00e4re Food Grade NSF H1 PTFE Oil 500ml, Motip - Ranoja","isPartOf":{"@id":"https:\/\/ranoja.ee\/#website"},"primaryImageOfPage":{"@id":"https:\/\/ranoja.ee\/toode\/teflonmaare-food-grade-nsf-h1-ptfe-oil-500ml-motip\/#primaryimage"},"image":{"@id":"https:\/\/ranoja.ee\/toode\/teflonmaare-food-grade-nsf-h1-ptfe-oil-500ml-motip\/#primaryimage"},"thumbnailUrl":"https:\/\/ranoja.ee\/wp-content\/uploads\/2026\/03\/121585498.png","datePublished":"2026-03-16T23:12:40+00:00","dateModified":"2026-03-17T12:40:37+00:00","breadcrumb":{"@id":"https:\/\/ranoja.ee\/toode\/teflonmaare-food-grade-nsf-h1-ptfe-oil-500ml-motip\/#breadcrumb"},"inLanguage":"en-US","potentialAction":[{"@type":"ReadAction","target":["https:\/\/ranoja.ee\/toode\/teflonmaare-food-grade-nsf-h1-ptfe-oil-500ml-motip\/"]}]},{"@type":"ImageObject","inLanguage":"en-US","@id":"https:\/\/ranoja.ee\/toode\/teflonmaare-food-grade-nsf-h1-ptfe-oil-500ml-motip\/#primaryimage","url":"https:\/\/ranoja.ee\/wp-content\/uploads\/2026\/03\/121585498.png","contentUrl":"https:\/\/ranoja.ee\/wp-content\/uploads\/2026\/03\/121585498.png","width":238,"height":238},{"@type":"BreadcrumbList","@id":"https:\/\/ranoja.ee\/toode\/teflonmaare-food-grade-nsf-h1-ptfe-oil-500ml-motip\/#breadcrumb","itemListElement":[{"@type":"ListItem","position":1,"name":"Home","item":"https:\/\/ranoja.ee\/"},{"@type":"ListItem","position":2,"name":"Shop","item":"https:\/\/ranoja.ee\/en\/shop\/"},{"@type":"ListItem","position":3,"name":"Teflonm\u00e4\u00e4re Food Grade NSF H1 PTFE Oil 500ml, Motip"}]},{"@type":"WebSite","@id":"https:\/\/ranoja.ee\/#website","url":"https:\/\/ranoja.ee\/","name":"Ranoja","description":"Equipment Shop WooCommerce WordPress Theme for Machine &amp; Tools","publisher":{"@id":"https:\/\/ranoja.ee\/#organization"},"potentialAction":[{"@type":"SearchAction","target":{"@type":"EntryPoint","urlTemplate":"https:\/\/ranoja.ee\/?s={search_term_string}"},"query-input":{"@type":"PropertyValueSpecification","valueRequired":true,"valueName":"search_term_string"}}],"inLanguage":"en-US"},{"@type":"Organization","@id":"https:\/\/ranoja.ee\/#organization","name":"Ranoja O\u00dc","url":"https:\/\/ranoja.ee\/","logo":{"@type":"ImageObject","inLanguage":"en-US","@id":"https:\/\/ranoja.ee\/#\/schema\/logo\/image\/","url":"https:\/\/ranoja.ee\/wp-content\/uploads\/2023\/11\/ranoja-Logo.png","contentUrl":"https:\/\/ranoja.ee\/wp-content\/uploads\/2023\/11\/ranoja-Logo.png","width":207,"height":58,"caption":"Ranoja O\u00dc"},"image":{"@id":"https:\/\/ranoja.ee\/#\/schema\/logo\/image\/"},"sameAs":["https:\/\/www.facebook.com\/ranoja.ee","https:\/\/www.instagram.com\/ranoja__\/"]}]}},"_links":{"self":[{"href":"https:\/\/ranoja.ee\/en\/wp-json\/wp\/v2\/product\/59703","targetHints":{"allow":["GET"]}}],"collection":[{"href":"https:\/\/ranoja.ee\/en\/wp-json\/wp\/v2\/product"}],"about":[{"href":"https:\/\/ranoja.ee\/en\/wp-json\/wp\/v2\/types\/product"}],"wp:featuredmedia":[{"embeddable":true,"href":"https:\/\/ranoja.ee\/en\/wp-json\/wp\/v2\/media\/59704"}],"wp:attachment":[{"href":"https:\/\/ranoja.ee\/en\/wp-json\/wp\/v2\/media?parent=59703"}],"wp:term":[{"taxonomy":"product_cat","embeddable":true,"href":"https:\/\/ranoja.ee\/en\/wp-json\/wp\/v2\/product_cat?post=59703"},{"taxonomy":"product_tag","embeddable":true,"href":"https:\/\/ranoja.ee\/en\/wp-json\/wp\/v2\/product_tag?post=59703"}],"curies":[{"name":"wp","href":"https:\/\/api.w.org\/{rel}","templated":true}]}}