{"id":59673,"date":"2026-03-17T02:12:19","date_gmt":"2026-03-16T23:12:19","guid":{"rendered":"https:\/\/ranoja.ee\/toode\/taskulood-pocket-electrikule-koos-vooklambriga-7cm-stabila\/"},"modified":"2026-03-17T15:40:38","modified_gmt":"2026-03-17T12:40:38","slug":"taskulood-pocket-electrikule-koos-vooklambriga-7cm-stabila","status":"publish","type":"product","link":"https:\/\/ranoja.ee\/en\/toode\/taskulood-pocket-electrikule-koos-vooklambriga-7cm-stabila\/","title":{"rendered":"Taskulood Pocket Electrikule koos v\u00f6\u00f6klambriga 7cm, Stabila"},"content":{"rendered":"","protected":false},"excerpt":{"rendered":"<p>Elektrikute vajadustele kohandatud \u2013 kompaktne plastist vesilood kiireks ja t\u00e4pseks s\u00fcvistatud l\u00fclitite ja pistikupesade joondamiseks, tugev haruldaste muldmetallide magnet tagab kindla kinnitumise metallraamidele ja vabastab k\u00e4ed, tagumine alusm\u00f5\u00f5tepind ja kruvikeeraja s\u00fcvend v\u00f5imaldavad raamipaigaldust otse loodiga, originaal STABILA suur m\u00f5\u00f5dukapsel, t\u00e4psus \u00b11.0 mm\/m, kaks m\u00f5\u00f5tepinda, komplektis 1 horisontaalne libell ja haruldaste muldmetallide magnetid (kuni 5\u00d7 tugevamad kui ferriidimagnetid).<\/p>\n","protected":false},"featured_media":59674,"template":"","meta":{"inline_featured_image":false},"product_cat":[5129,5099,5130],"product_tag":[],"class_list":{"0":"post-59673","1":"product","2":"type-product","3":"status-publish","4":"has-post-thumbnail","6":"product_brand-stabila","7":"product_cat-loodid","8":"product_cat-marke-ja-mooteriistad","9":"product_cat-vesiloodid","11":"first","12":"instock","13":"purchasable","14":"product-type-simple"},"yoast_head":"<!-- This site is optimized with the Yoast SEO plugin v27.4 - https:\/\/yoast.com\/product\/yoast-seo-wordpress\/ -->\n<title>Taskulood Pocket Electrikule koos v\u00f6\u00f6klambriga 7cm, Stabila - Ranoja<\/title>\n<meta name=\"robots\" content=\"index, follow, max-snippet:-1, max-image-preview:large, max-video-preview:-1\" \/>\n<link rel=\"canonical\" href=\"https:\/\/ranoja.ee\/toode\/taskulood-pocket-electrikule-koos-vooklambriga-7cm-stabila\/\" \/>\n<meta property=\"og:locale\" content=\"en_US\" \/>\n<meta property=\"og:type\" content=\"article\" \/>\n<meta property=\"og:title\" content=\"Taskulood Pocket Electrikule koos v\u00f6\u00f6klambriga 7cm, Stabila - Ranoja\" \/>\n<meta property=\"og:description\" content=\"Elektrikute vajadustele kohandatud \u2013 kompaktne plastist vesilood kiireks ja t\u00e4pseks s\u00fcvistatud l\u00fclitite ja pistikupesade joondamiseks, tugev haruldaste muldmetallide magnet tagab kindla kinnitumise metallraamidele ja vabastab k\u00e4ed, tagumine alusm\u00f5\u00f5tepind ja kruvikeeraja s\u00fcvend v\u00f5imaldavad raamipaigaldust otse loodiga, originaal STABILA suur m\u00f5\u00f5dukapsel, t\u00e4psus \u00b11.0 mm\/m, kaks m\u00f5\u00f5tepinda, komplektis 1 horisontaalne libell ja haruldaste muldmetallide magnetid (kuni 5\u00d7 tugevamad kui ferriidimagnetid).\" \/>\n<meta property=\"og:url\" content=\"https:\/\/ranoja.ee\/toode\/taskulood-pocket-electrikule-koos-vooklambriga-7cm-stabila\/\" \/>\n<meta property=\"og:site_name\" content=\"Ranoja\" \/>\n<meta property=\"article:publisher\" content=\"https:\/\/www.facebook.com\/ranoja.ee\" \/>\n<meta property=\"article:modified_time\" content=\"2026-03-17T12:40:38+00:00\" \/>\n<meta property=\"og:image\" content=\"https:\/\/ranoja.ee\/wp-content\/uploads\/2026\/03\/227364363.jpg\" \/>\n\t<meta property=\"og:image:width\" content=\"900\" \/>\n\t<meta property=\"og:image:height\" content=\"466\" \/>\n\t<meta property=\"og:image:type\" content=\"image\/jpeg\" \/>\n<meta name=\"twitter:card\" content=\"summary_large_image\" \/>\n<script type=\"application\/ld+json\" class=\"yoast-schema-graph\">{\"@context\":\"https:\\\/\\\/schema.org\",\"@graph\":[{\"@type\":\"WebPage\",\"@id\":\"https:\\\/\\\/ranoja.ee\\\/toode\\\/taskulood-pocket-electrikule-koos-vooklambriga-7cm-stabila\\\/\",\"url\":\"https:\\\/\\\/ranoja.ee\\\/toode\\\/taskulood-pocket-electrikule-koos-vooklambriga-7cm-stabila\\\/\",\"name\":\"Taskulood Pocket Electrikule koos v\u00f6\u00f6klambriga 7cm, Stabila - Ranoja\",\"isPartOf\":{\"@id\":\"https:\\\/\\\/ranoja.ee\\\/#website\"},\"primaryImageOfPage\":{\"@id\":\"https:\\\/\\\/ranoja.ee\\\/toode\\\/taskulood-pocket-electrikule-koos-vooklambriga-7cm-stabila\\\/#primaryimage\"},\"image\":{\"@id\":\"https:\\\/\\\/ranoja.ee\\\/toode\\\/taskulood-pocket-electrikule-koos-vooklambriga-7cm-stabila\\\/#primaryimage\"},\"thumbnailUrl\":\"https:\\\/\\\/ranoja.ee\\\/wp-content\\\/uploads\\\/2026\\\/03\\\/227364363.jpg\",\"datePublished\":\"2026-03-16T23:12:19+00:00\",\"dateModified\":\"2026-03-17T12:40:38+00:00\",\"breadcrumb\":{\"@id\":\"https:\\\/\\\/ranoja.ee\\\/toode\\\/taskulood-pocket-electrikule-koos-vooklambriga-7cm-stabila\\\/#breadcrumb\"},\"inLanguage\":\"en-US\",\"potentialAction\":[{\"@type\":\"ReadAction\",\"target\":[\"https:\\\/\\\/ranoja.ee\\\/toode\\\/taskulood-pocket-electrikule-koos-vooklambriga-7cm-stabila\\\/\"]}]},{\"@type\":\"ImageObject\",\"inLanguage\":\"en-US\",\"@id\":\"https:\\\/\\\/ranoja.ee\\\/toode\\\/taskulood-pocket-electrikule-koos-vooklambriga-7cm-stabila\\\/#primaryimage\",\"url\":\"https:\\\/\\\/ranoja.ee\\\/wp-content\\\/uploads\\\/2026\\\/03\\\/227364363.jpg\",\"contentUrl\":\"https:\\\/\\\/ranoja.ee\\\/wp-content\\\/uploads\\\/2026\\\/03\\\/227364363.jpg\",\"width\":900,\"height\":466},{\"@type\":\"BreadcrumbList\",\"@id\":\"https:\\\/\\\/ranoja.ee\\\/toode\\\/taskulood-pocket-electrikule-koos-vooklambriga-7cm-stabila\\\/#breadcrumb\",\"itemListElement\":[{\"@type\":\"ListItem\",\"position\":1,\"name\":\"Home\",\"item\":\"https:\\\/\\\/ranoja.ee\\\/\"},{\"@type\":\"ListItem\",\"position\":2,\"name\":\"Shop\",\"item\":\"https:\\\/\\\/ranoja.ee\\\/en\\\/shop\\\/\"},{\"@type\":\"ListItem\",\"position\":3,\"name\":\"Taskulood Pocket Electrikule koos v\u00f6\u00f6klambriga 7cm, Stabila\"}]},{\"@type\":\"WebSite\",\"@id\":\"https:\\\/\\\/ranoja.ee\\\/#website\",\"url\":\"https:\\\/\\\/ranoja.ee\\\/\",\"name\":\"Ranoja\",\"description\":\"Equipment Shop WooCommerce WordPress Theme for Machine &amp; Tools\",\"publisher\":{\"@id\":\"https:\\\/\\\/ranoja.ee\\\/#organization\"},\"potentialAction\":[{\"@type\":\"SearchAction\",\"target\":{\"@type\":\"EntryPoint\",\"urlTemplate\":\"https:\\\/\\\/ranoja.ee\\\/?s={search_term_string}\"},\"query-input\":{\"@type\":\"PropertyValueSpecification\",\"valueRequired\":true,\"valueName\":\"search_term_string\"}}],\"inLanguage\":\"en-US\"},{\"@type\":\"Organization\",\"@id\":\"https:\\\/\\\/ranoja.ee\\\/#organization\",\"name\":\"Ranoja O\u00dc\",\"url\":\"https:\\\/\\\/ranoja.ee\\\/\",\"logo\":{\"@type\":\"ImageObject\",\"inLanguage\":\"en-US\",\"@id\":\"https:\\\/\\\/ranoja.ee\\\/#\\\/schema\\\/logo\\\/image\\\/\",\"url\":\"https:\\\/\\\/ranoja.ee\\\/wp-content\\\/uploads\\\/2023\\\/11\\\/ranoja-Logo.png\",\"contentUrl\":\"https:\\\/\\\/ranoja.ee\\\/wp-content\\\/uploads\\\/2023\\\/11\\\/ranoja-Logo.png\",\"width\":207,\"height\":58,\"caption\":\"Ranoja O\u00dc\"},\"image\":{\"@id\":\"https:\\\/\\\/ranoja.ee\\\/#\\\/schema\\\/logo\\\/image\\\/\"},\"sameAs\":[\"https:\\\/\\\/www.facebook.com\\\/ranoja.ee\",\"https:\\\/\\\/www.instagram.com\\\/ranoja__\\\/\"]}]}<\/script>\n<!-- \/ Yoast SEO plugin. -->","yoast_head_json":{"title":"Taskulood Pocket Electrikule koos v\u00f6\u00f6klambriga 7cm, Stabila - Ranoja","robots":{"index":"index","follow":"follow","max-snippet":"max-snippet:-1","max-image-preview":"max-image-preview:large","max-video-preview":"max-video-preview:-1"},"canonical":"https:\/\/ranoja.ee\/toode\/taskulood-pocket-electrikule-koos-vooklambriga-7cm-stabila\/","og_locale":"en_US","og_type":"article","og_title":"Taskulood Pocket Electrikule koos v\u00f6\u00f6klambriga 7cm, Stabila - Ranoja","og_description":"Elektrikute vajadustele kohandatud \u2013 kompaktne plastist vesilood kiireks ja t\u00e4pseks s\u00fcvistatud l\u00fclitite ja pistikupesade joondamiseks, tugev haruldaste muldmetallide magnet tagab kindla kinnitumise metallraamidele ja vabastab k\u00e4ed, tagumine alusm\u00f5\u00f5tepind ja kruvikeeraja s\u00fcvend v\u00f5imaldavad raamipaigaldust otse loodiga, originaal STABILA suur m\u00f5\u00f5dukapsel, t\u00e4psus \u00b11.0 mm\/m, kaks m\u00f5\u00f5tepinda, komplektis 1 horisontaalne libell ja haruldaste muldmetallide magnetid (kuni 5\u00d7 tugevamad kui ferriidimagnetid).","og_url":"https:\/\/ranoja.ee\/toode\/taskulood-pocket-electrikule-koos-vooklambriga-7cm-stabila\/","og_site_name":"Ranoja","article_publisher":"https:\/\/www.facebook.com\/ranoja.ee","article_modified_time":"2026-03-17T12:40:38+00:00","og_image":[{"width":900,"height":466,"url":"https:\/\/ranoja.ee\/wp-content\/uploads\/2026\/03\/227364363.jpg","type":"image\/jpeg"}],"twitter_card":"summary_large_image","schema":{"@context":"https:\/\/schema.org","@graph":[{"@type":"WebPage","@id":"https:\/\/ranoja.ee\/toode\/taskulood-pocket-electrikule-koos-vooklambriga-7cm-stabila\/","url":"https:\/\/ranoja.ee\/toode\/taskulood-pocket-electrikule-koos-vooklambriga-7cm-stabila\/","name":"Taskulood Pocket Electrikule koos v\u00f6\u00f6klambriga 7cm, Stabila - Ranoja","isPartOf":{"@id":"https:\/\/ranoja.ee\/#website"},"primaryImageOfPage":{"@id":"https:\/\/ranoja.ee\/toode\/taskulood-pocket-electrikule-koos-vooklambriga-7cm-stabila\/#primaryimage"},"image":{"@id":"https:\/\/ranoja.ee\/toode\/taskulood-pocket-electrikule-koos-vooklambriga-7cm-stabila\/#primaryimage"},"thumbnailUrl":"https:\/\/ranoja.ee\/wp-content\/uploads\/2026\/03\/227364363.jpg","datePublished":"2026-03-16T23:12:19+00:00","dateModified":"2026-03-17T12:40:38+00:00","breadcrumb":{"@id":"https:\/\/ranoja.ee\/toode\/taskulood-pocket-electrikule-koos-vooklambriga-7cm-stabila\/#breadcrumb"},"inLanguage":"en-US","potentialAction":[{"@type":"ReadAction","target":["https:\/\/ranoja.ee\/toode\/taskulood-pocket-electrikule-koos-vooklambriga-7cm-stabila\/"]}]},{"@type":"ImageObject","inLanguage":"en-US","@id":"https:\/\/ranoja.ee\/toode\/taskulood-pocket-electrikule-koos-vooklambriga-7cm-stabila\/#primaryimage","url":"https:\/\/ranoja.ee\/wp-content\/uploads\/2026\/03\/227364363.jpg","contentUrl":"https:\/\/ranoja.ee\/wp-content\/uploads\/2026\/03\/227364363.jpg","width":900,"height":466},{"@type":"BreadcrumbList","@id":"https:\/\/ranoja.ee\/toode\/taskulood-pocket-electrikule-koos-vooklambriga-7cm-stabila\/#breadcrumb","itemListElement":[{"@type":"ListItem","position":1,"name":"Home","item":"https:\/\/ranoja.ee\/"},{"@type":"ListItem","position":2,"name":"Shop","item":"https:\/\/ranoja.ee\/en\/shop\/"},{"@type":"ListItem","position":3,"name":"Taskulood Pocket Electrikule koos v\u00f6\u00f6klambriga 7cm, Stabila"}]},{"@type":"WebSite","@id":"https:\/\/ranoja.ee\/#website","url":"https:\/\/ranoja.ee\/","name":"Ranoja","description":"Equipment Shop WooCommerce WordPress Theme for Machine &amp; Tools","publisher":{"@id":"https:\/\/ranoja.ee\/#organization"},"potentialAction":[{"@type":"SearchAction","target":{"@type":"EntryPoint","urlTemplate":"https:\/\/ranoja.ee\/?s={search_term_string}"},"query-input":{"@type":"PropertyValueSpecification","valueRequired":true,"valueName":"search_term_string"}}],"inLanguage":"en-US"},{"@type":"Organization","@id":"https:\/\/ranoja.ee\/#organization","name":"Ranoja O\u00dc","url":"https:\/\/ranoja.ee\/","logo":{"@type":"ImageObject","inLanguage":"en-US","@id":"https:\/\/ranoja.ee\/#\/schema\/logo\/image\/","url":"https:\/\/ranoja.ee\/wp-content\/uploads\/2023\/11\/ranoja-Logo.png","contentUrl":"https:\/\/ranoja.ee\/wp-content\/uploads\/2023\/11\/ranoja-Logo.png","width":207,"height":58,"caption":"Ranoja O\u00dc"},"image":{"@id":"https:\/\/ranoja.ee\/#\/schema\/logo\/image\/"},"sameAs":["https:\/\/www.facebook.com\/ranoja.ee","https:\/\/www.instagram.com\/ranoja__\/"]}]}},"_links":{"self":[{"href":"https:\/\/ranoja.ee\/en\/wp-json\/wp\/v2\/product\/59673","targetHints":{"allow":["GET"]}}],"collection":[{"href":"https:\/\/ranoja.ee\/en\/wp-json\/wp\/v2\/product"}],"about":[{"href":"https:\/\/ranoja.ee\/en\/wp-json\/wp\/v2\/types\/product"}],"wp:featuredmedia":[{"embeddable":true,"href":"https:\/\/ranoja.ee\/en\/wp-json\/wp\/v2\/media\/59674"}],"wp:attachment":[{"href":"https:\/\/ranoja.ee\/en\/wp-json\/wp\/v2\/media?parent=59673"}],"wp:term":[{"taxonomy":"product_cat","embeddable":true,"href":"https:\/\/ranoja.ee\/en\/wp-json\/wp\/v2\/product_cat?post=59673"},{"taxonomy":"product_tag","embeddable":true,"href":"https:\/\/ranoja.ee\/en\/wp-json\/wp\/v2\/product_tag?post=59673"}],"curies":[{"name":"wp","href":"https:\/\/api.w.org\/{rel}","templated":true}]}}