{"id":59644,"date":"2026-03-17T02:12:19","date_gmt":"2026-03-16T23:12:19","guid":{"rendered":"https:\/\/ranoja.ee\/toode\/nuga-murtava-teraga-cutix-18mm-tera-teratoega-knipex\/"},"modified":"2026-03-17T15:40:38","modified_gmt":"2026-03-17T12:40:38","slug":"nuga-murtava-teraga-cutix-18mm-tera-teratoega-knipex","status":"publish","type":"product","link":"https:\/\/ranoja.ee\/en\/toode\/nuga-murtava-teraga-cutix-18mm-tera-teratoega-knipex\/","title":{"rendered":"Nuga murtava teraga Cutix, 18mm tera, teratoega, Knipex"},"content":{"rendered":"","protected":false},"excerpt":{"rendered":"<p>Universaalne 18mm murtavate teradega nuga, millel on reguleeritav teratugi, mis ei lase teral painduda ja murduda. <br \/>\nSobib k\u00f5ikidele 18mm murtavatele teradele.<br \/>\nMagneesiumist korpus, mis teeb noa \u00e4\u00e4rmiselt vastupidavaks ning samas kergeks. <br \/>\nErgonoomiline k\u00e4epide mugavaks l\u00f5ikamiseks.<br \/>\nTeratugi on reguleeritav vastavalt t\u00f6\u00f6 iseloomule.<br \/>\nUsaldusv\u00e4\u00e4rne ning lihsalt kasutatav teralukusti, mis ei lase teral l\u00f5ikamise ajal liikuda. <br \/>\n\u00c4\u00e4rmiselt lihtne tera vahetus.<br \/>\nKaasas 2 varutera.<br \/>\nKaal 111g<br \/>\nPikkus 165mm<br \/>\nLisa teratoed: 9010165E01&#038;KNI<\/p>\n","protected":false},"featured_media":59645,"template":"","meta":{"inline_featured_image":false},"product_cat":[5068,1596,1116,5069,5066,5067],"product_tag":[],"class_list":{"0":"post-59644","1":"product","2":"type-product","3":"status-publish","4":"has-post-thumbnail","6":"product_brand-knipex","7":"product_cat-hoovlid","8":"product_cat-kasitooriistad","9":"product_cat-lisaseadmed-ehitusseadmed-led-lisatuled-cb-raadiod-lallar","10":"product_cat-murtavate-teradega-noad-ja-terad","11":"product_cat-noad","12":"product_cat-peitlid","14":"first","15":"instock","16":"purchasable","17":"product-type-simple"},"yoast_head":"<!-- This site is optimized with the Yoast SEO plugin v27.4 - https:\/\/yoast.com\/product\/yoast-seo-wordpress\/ -->\n<title>Nuga murtava teraga Cutix, 18mm tera, teratoega, Knipex - Ranoja<\/title>\n<meta name=\"robots\" content=\"index, follow, max-snippet:-1, max-image-preview:large, max-video-preview:-1\" \/>\n<link rel=\"canonical\" href=\"https:\/\/ranoja.ee\/toode\/nuga-murtava-teraga-cutix-18mm-tera-teratoega-knipex\/\" \/>\n<meta property=\"og:locale\" content=\"en_US\" \/>\n<meta property=\"og:type\" content=\"article\" \/>\n<meta property=\"og:title\" content=\"Nuga murtava teraga Cutix, 18mm tera, teratoega, Knipex - Ranoja\" \/>\n<meta property=\"og:description\" content=\"Universaalne 18mm murtavate teradega nuga, millel on reguleeritav teratugi, mis ei lase teral painduda ja murduda. Sobib k\u00f5ikidele 18mm murtavatele teradele. Magneesiumist korpus, mis teeb noa \u00e4\u00e4rmiselt vastupidavaks ning samas kergeks. Ergonoomiline k\u00e4epide mugavaks l\u00f5ikamiseks. Teratugi on reguleeritav vastavalt t\u00f6\u00f6 iseloomule. Usaldusv\u00e4\u00e4rne ning lihsalt kasutatav teralukusti, mis ei lase teral l\u00f5ikamise ajal liikuda. \u00c4\u00e4rmiselt lihtne tera vahetus. Kaasas 2 varutera. Kaal 111g Pikkus 165mm Lisa teratoed: 9010165E01&amp;KNI\" \/>\n<meta property=\"og:url\" content=\"https:\/\/ranoja.ee\/toode\/nuga-murtava-teraga-cutix-18mm-tera-teratoega-knipex\/\" \/>\n<meta property=\"og:site_name\" content=\"Ranoja\" \/>\n<meta property=\"article:publisher\" content=\"https:\/\/www.facebook.com\/ranoja.ee\" \/>\n<meta property=\"article:modified_time\" content=\"2026-03-17T12:40:38+00:00\" \/>\n<meta property=\"og:image\" content=\"https:\/\/ranoja.ee\/wp-content\/uploads\/2026\/03\/220375712.jpg\" \/>\n\t<meta property=\"og:image:width\" content=\"886\" \/>\n\t<meta property=\"og:image:height\" content=\"221\" \/>\n\t<meta property=\"og:image:type\" content=\"image\/jpeg\" \/>\n<meta name=\"twitter:card\" content=\"summary_large_image\" \/>\n<script type=\"application\/ld+json\" class=\"yoast-schema-graph\">{\"@context\":\"https:\\\/\\\/schema.org\",\"@graph\":[{\"@type\":\"WebPage\",\"@id\":\"https:\\\/\\\/ranoja.ee\\\/toode\\\/nuga-murtava-teraga-cutix-18mm-tera-teratoega-knipex\\\/\",\"url\":\"https:\\\/\\\/ranoja.ee\\\/toode\\\/nuga-murtava-teraga-cutix-18mm-tera-teratoega-knipex\\\/\",\"name\":\"Nuga murtava teraga Cutix, 18mm tera, teratoega, Knipex - Ranoja\",\"isPartOf\":{\"@id\":\"https:\\\/\\\/ranoja.ee\\\/#website\"},\"primaryImageOfPage\":{\"@id\":\"https:\\\/\\\/ranoja.ee\\\/toode\\\/nuga-murtava-teraga-cutix-18mm-tera-teratoega-knipex\\\/#primaryimage\"},\"image\":{\"@id\":\"https:\\\/\\\/ranoja.ee\\\/toode\\\/nuga-murtava-teraga-cutix-18mm-tera-teratoega-knipex\\\/#primaryimage\"},\"thumbnailUrl\":\"https:\\\/\\\/ranoja.ee\\\/wp-content\\\/uploads\\\/2026\\\/03\\\/220375712.jpg\",\"datePublished\":\"2026-03-16T23:12:19+00:00\",\"dateModified\":\"2026-03-17T12:40:38+00:00\",\"breadcrumb\":{\"@id\":\"https:\\\/\\\/ranoja.ee\\\/toode\\\/nuga-murtava-teraga-cutix-18mm-tera-teratoega-knipex\\\/#breadcrumb\"},\"inLanguage\":\"en-US\",\"potentialAction\":[{\"@type\":\"ReadAction\",\"target\":[\"https:\\\/\\\/ranoja.ee\\\/toode\\\/nuga-murtava-teraga-cutix-18mm-tera-teratoega-knipex\\\/\"]}]},{\"@type\":\"ImageObject\",\"inLanguage\":\"en-US\",\"@id\":\"https:\\\/\\\/ranoja.ee\\\/toode\\\/nuga-murtava-teraga-cutix-18mm-tera-teratoega-knipex\\\/#primaryimage\",\"url\":\"https:\\\/\\\/ranoja.ee\\\/wp-content\\\/uploads\\\/2026\\\/03\\\/220375712.jpg\",\"contentUrl\":\"https:\\\/\\\/ranoja.ee\\\/wp-content\\\/uploads\\\/2026\\\/03\\\/220375712.jpg\",\"width\":886,\"height\":221},{\"@type\":\"BreadcrumbList\",\"@id\":\"https:\\\/\\\/ranoja.ee\\\/toode\\\/nuga-murtava-teraga-cutix-18mm-tera-teratoega-knipex\\\/#breadcrumb\",\"itemListElement\":[{\"@type\":\"ListItem\",\"position\":1,\"name\":\"Home\",\"item\":\"https:\\\/\\\/ranoja.ee\\\/\"},{\"@type\":\"ListItem\",\"position\":2,\"name\":\"Shop\",\"item\":\"https:\\\/\\\/ranoja.ee\\\/en\\\/shop\\\/\"},{\"@type\":\"ListItem\",\"position\":3,\"name\":\"Nuga murtava teraga Cutix, 18mm tera, teratoega, Knipex\"}]},{\"@type\":\"WebSite\",\"@id\":\"https:\\\/\\\/ranoja.ee\\\/#website\",\"url\":\"https:\\\/\\\/ranoja.ee\\\/\",\"name\":\"Ranoja\",\"description\":\"Equipment Shop WooCommerce WordPress Theme for Machine &amp; Tools\",\"publisher\":{\"@id\":\"https:\\\/\\\/ranoja.ee\\\/#organization\"},\"potentialAction\":[{\"@type\":\"SearchAction\",\"target\":{\"@type\":\"EntryPoint\",\"urlTemplate\":\"https:\\\/\\\/ranoja.ee\\\/?s={search_term_string}\"},\"query-input\":{\"@type\":\"PropertyValueSpecification\",\"valueRequired\":true,\"valueName\":\"search_term_string\"}}],\"inLanguage\":\"en-US\"},{\"@type\":\"Organization\",\"@id\":\"https:\\\/\\\/ranoja.ee\\\/#organization\",\"name\":\"Ranoja O\u00dc\",\"url\":\"https:\\\/\\\/ranoja.ee\\\/\",\"logo\":{\"@type\":\"ImageObject\",\"inLanguage\":\"en-US\",\"@id\":\"https:\\\/\\\/ranoja.ee\\\/#\\\/schema\\\/logo\\\/image\\\/\",\"url\":\"https:\\\/\\\/ranoja.ee\\\/wp-content\\\/uploads\\\/2023\\\/11\\\/ranoja-Logo.png\",\"contentUrl\":\"https:\\\/\\\/ranoja.ee\\\/wp-content\\\/uploads\\\/2023\\\/11\\\/ranoja-Logo.png\",\"width\":207,\"height\":58,\"caption\":\"Ranoja O\u00dc\"},\"image\":{\"@id\":\"https:\\\/\\\/ranoja.ee\\\/#\\\/schema\\\/logo\\\/image\\\/\"},\"sameAs\":[\"https:\\\/\\\/www.facebook.com\\\/ranoja.ee\",\"https:\\\/\\\/www.instagram.com\\\/ranoja__\\\/\"]}]}<\/script>\n<!-- \/ Yoast SEO plugin. -->","yoast_head_json":{"title":"Nuga murtava teraga Cutix, 18mm tera, teratoega, Knipex - Ranoja","robots":{"index":"index","follow":"follow","max-snippet":"max-snippet:-1","max-image-preview":"max-image-preview:large","max-video-preview":"max-video-preview:-1"},"canonical":"https:\/\/ranoja.ee\/toode\/nuga-murtava-teraga-cutix-18mm-tera-teratoega-knipex\/","og_locale":"en_US","og_type":"article","og_title":"Nuga murtava teraga Cutix, 18mm tera, teratoega, Knipex - Ranoja","og_description":"Universaalne 18mm murtavate teradega nuga, millel on reguleeritav teratugi, mis ei lase teral painduda ja murduda. Sobib k\u00f5ikidele 18mm murtavatele teradele. Magneesiumist korpus, mis teeb noa \u00e4\u00e4rmiselt vastupidavaks ning samas kergeks. Ergonoomiline k\u00e4epide mugavaks l\u00f5ikamiseks. Teratugi on reguleeritav vastavalt t\u00f6\u00f6 iseloomule. Usaldusv\u00e4\u00e4rne ning lihsalt kasutatav teralukusti, mis ei lase teral l\u00f5ikamise ajal liikuda. \u00c4\u00e4rmiselt lihtne tera vahetus. Kaasas 2 varutera. Kaal 111g Pikkus 165mm Lisa teratoed: 9010165E01&KNI","og_url":"https:\/\/ranoja.ee\/toode\/nuga-murtava-teraga-cutix-18mm-tera-teratoega-knipex\/","og_site_name":"Ranoja","article_publisher":"https:\/\/www.facebook.com\/ranoja.ee","article_modified_time":"2026-03-17T12:40:38+00:00","og_image":[{"width":886,"height":221,"url":"https:\/\/ranoja.ee\/wp-content\/uploads\/2026\/03\/220375712.jpg","type":"image\/jpeg"}],"twitter_card":"summary_large_image","schema":{"@context":"https:\/\/schema.org","@graph":[{"@type":"WebPage","@id":"https:\/\/ranoja.ee\/toode\/nuga-murtava-teraga-cutix-18mm-tera-teratoega-knipex\/","url":"https:\/\/ranoja.ee\/toode\/nuga-murtava-teraga-cutix-18mm-tera-teratoega-knipex\/","name":"Nuga murtava teraga Cutix, 18mm tera, teratoega, Knipex - Ranoja","isPartOf":{"@id":"https:\/\/ranoja.ee\/#website"},"primaryImageOfPage":{"@id":"https:\/\/ranoja.ee\/toode\/nuga-murtava-teraga-cutix-18mm-tera-teratoega-knipex\/#primaryimage"},"image":{"@id":"https:\/\/ranoja.ee\/toode\/nuga-murtava-teraga-cutix-18mm-tera-teratoega-knipex\/#primaryimage"},"thumbnailUrl":"https:\/\/ranoja.ee\/wp-content\/uploads\/2026\/03\/220375712.jpg","datePublished":"2026-03-16T23:12:19+00:00","dateModified":"2026-03-17T12:40:38+00:00","breadcrumb":{"@id":"https:\/\/ranoja.ee\/toode\/nuga-murtava-teraga-cutix-18mm-tera-teratoega-knipex\/#breadcrumb"},"inLanguage":"en-US","potentialAction":[{"@type":"ReadAction","target":["https:\/\/ranoja.ee\/toode\/nuga-murtava-teraga-cutix-18mm-tera-teratoega-knipex\/"]}]},{"@type":"ImageObject","inLanguage":"en-US","@id":"https:\/\/ranoja.ee\/toode\/nuga-murtava-teraga-cutix-18mm-tera-teratoega-knipex\/#primaryimage","url":"https:\/\/ranoja.ee\/wp-content\/uploads\/2026\/03\/220375712.jpg","contentUrl":"https:\/\/ranoja.ee\/wp-content\/uploads\/2026\/03\/220375712.jpg","width":886,"height":221},{"@type":"BreadcrumbList","@id":"https:\/\/ranoja.ee\/toode\/nuga-murtava-teraga-cutix-18mm-tera-teratoega-knipex\/#breadcrumb","itemListElement":[{"@type":"ListItem","position":1,"name":"Home","item":"https:\/\/ranoja.ee\/"},{"@type":"ListItem","position":2,"name":"Shop","item":"https:\/\/ranoja.ee\/en\/shop\/"},{"@type":"ListItem","position":3,"name":"Nuga murtava teraga Cutix, 18mm tera, teratoega, Knipex"}]},{"@type":"WebSite","@id":"https:\/\/ranoja.ee\/#website","url":"https:\/\/ranoja.ee\/","name":"Ranoja","description":"Equipment Shop WooCommerce WordPress Theme for Machine &amp; Tools","publisher":{"@id":"https:\/\/ranoja.ee\/#organization"},"potentialAction":[{"@type":"SearchAction","target":{"@type":"EntryPoint","urlTemplate":"https:\/\/ranoja.ee\/?s={search_term_string}"},"query-input":{"@type":"PropertyValueSpecification","valueRequired":true,"valueName":"search_term_string"}}],"inLanguage":"en-US"},{"@type":"Organization","@id":"https:\/\/ranoja.ee\/#organization","name":"Ranoja O\u00dc","url":"https:\/\/ranoja.ee\/","logo":{"@type":"ImageObject","inLanguage":"en-US","@id":"https:\/\/ranoja.ee\/#\/schema\/logo\/image\/","url":"https:\/\/ranoja.ee\/wp-content\/uploads\/2023\/11\/ranoja-Logo.png","contentUrl":"https:\/\/ranoja.ee\/wp-content\/uploads\/2023\/11\/ranoja-Logo.png","width":207,"height":58,"caption":"Ranoja O\u00dc"},"image":{"@id":"https:\/\/ranoja.ee\/#\/schema\/logo\/image\/"},"sameAs":["https:\/\/www.facebook.com\/ranoja.ee","https:\/\/www.instagram.com\/ranoja__\/"]}]}},"_links":{"self":[{"href":"https:\/\/ranoja.ee\/en\/wp-json\/wp\/v2\/product\/59644","targetHints":{"allow":["GET"]}}],"collection":[{"href":"https:\/\/ranoja.ee\/en\/wp-json\/wp\/v2\/product"}],"about":[{"href":"https:\/\/ranoja.ee\/en\/wp-json\/wp\/v2\/types\/product"}],"wp:featuredmedia":[{"embeddable":true,"href":"https:\/\/ranoja.ee\/en\/wp-json\/wp\/v2\/media\/59645"}],"wp:attachment":[{"href":"https:\/\/ranoja.ee\/en\/wp-json\/wp\/v2\/media?parent=59644"}],"wp:term":[{"taxonomy":"product_cat","embeddable":true,"href":"https:\/\/ranoja.ee\/en\/wp-json\/wp\/v2\/product_cat?post=59644"},{"taxonomy":"product_tag","embeddable":true,"href":"https:\/\/ranoja.ee\/en\/wp-json\/wp\/v2\/product_tag?post=59644"}],"curies":[{"name":"wp","href":"https:\/\/api.w.org\/{rel}","templated":true}]}}