{"id":59640,"date":"2026-03-17T02:11:54","date_gmt":"2026-03-16T23:11:54","guid":{"rendered":"https:\/\/ranoja.ee\/toode\/jahutusvedelik-oem-advanced-48-valmissegu-20l-valvoline\/"},"modified":"2026-03-17T15:40:39","modified_gmt":"2026-03-17T12:40:39","slug":"jahutusvedelik-oem-advanced-48-valmissegu-20l-valvoline","status":"publish","type":"product","link":"https:\/\/ranoja.ee\/en\/toode\/jahutusvedelik-oem-advanced-48-valmissegu-20l-valvoline\/","title":{"rendered":"Jahutusvedelik OEM Advanced 48 valmissegu 20L, Valvoline"},"content":{"rendered":"","protected":false},"excerpt":{"rendered":"<p>Valvoline OEM Advanced 48 RTU on esmaklassiline jahutusvedelik, mis sobib nii s\u00f5iduautodele kui ka kerge- ja raskeveokitele.<br \/>\nKoostis on et\u00fcleengl\u00fckoolil p\u00f5hinev ja m\u00f5eldud igat t\u00fc\u00fcpi mootoritele.<br \/>\nSee on madala silikaadisisaldusega, madala pH-tasemega, fosfaadivabal tehnoloogial p\u00f5hinev jahutusvedelik, mis kaitseb k\u00f5iki jahutuss\u00fcsteemi metallosi, sealhulgas ka alumiiniumi, korrosiooni eest.<br \/>\nValvoline OEM Advanced 48 RTU kaitseb mootori komponente talvise k\u00fclmumise ja suvise keemise eest.<\/p>\n<p>Valvoline OEM Advanced 48 RTU on kasutusvalmis ja seda ei tohi segada (demineraliseeritud) veega.<\/p>\n<p>Ametlikud heakskiidud:<br \/>\nBMW LC-87<br \/>\nDeutz DQC CA-14<br \/>\nMAN 324 Type NF<br \/>\nMB-Approval 325.0<br \/>\nMB-Approval 326.0<br \/>\nMTU MTL 5048<br \/>\nT\u00e4idab ja \u00fcletab j\u00e4rgmised kvaliteedin\u00f5uded:<br \/>\nDetroit Diesel 7SE298<br \/>\nTL 774-C: VW \/ Audi \/ Seat \/ Skoda<br \/>\nFederal Specification A-A-870A<br \/>\nJaguar<br \/>\nJenbacher TA-Nr. 1000-0201<br \/>\nLiebherr Minimum LH-00-COL3A<br \/>\nMAN Diesel &#038; Turbo Liste 3.3.7<br \/>\nMaybach\/Smart MB 325.0\/326.0 (until 2014)<br \/>\nMB Passenger cars (until April 2014)<br \/>\nMB Trucks (kuni September 2011)<br \/>\nOpel\/Vauxhall (kuni 2000) B 040 0240<br \/>\nPorsche (kuni 1995)<br \/>\nRolls-Royce (alates 1998)<br \/>\nSaab 690 1599<br \/>\nTesla (alates 2013)<br \/>\nTMC of ATA RP-302B<br \/>\nVan Hool<br \/>\nVolvo 2015 (s\u00f5iduautod) ja vanemad<br \/>\nVolvo veoautod  (kuni 2005)<br \/>\nZastava<br \/>\nASTM D3306 \/ D4985<br \/>\nGM1899M \/ 1825M<br \/>\nSAE J814 \/ J1034 \/ J1941<\/p>\n","protected":false},"featured_media":59641,"template":"","meta":{"inline_featured_image":false},"product_cat":[5160,5121,5009],"product_tag":[],"class_list":{"0":"post-59640","1":"product","2":"type-product","3":"status-publish","4":"has-post-thumbnail","6":"product_brand-valvoline","7":"product_cat-jahutusvedelikud","8":"product_cat-klaasipesu-ja-jahutusvedelikud","9":"product_cat-toostus-ja-autokeemia","11":"first","12":"instock","13":"purchasable","14":"product-type-simple"},"yoast_head":"<!-- This site is optimized with the Yoast SEO plugin v27.4 - https:\/\/yoast.com\/product\/yoast-seo-wordpress\/ -->\n<title>Jahutusvedelik OEM Advanced 48 valmissegu 20L, Valvoline - Ranoja<\/title>\n<meta name=\"robots\" content=\"index, follow, max-snippet:-1, max-image-preview:large, max-video-preview:-1\" \/>\n<link rel=\"canonical\" href=\"https:\/\/ranoja.ee\/toode\/jahutusvedelik-oem-advanced-48-valmissegu-20l-valvoline\/\" \/>\n<meta property=\"og:locale\" content=\"en_US\" \/>\n<meta property=\"og:type\" content=\"article\" \/>\n<meta property=\"og:title\" content=\"Jahutusvedelik OEM Advanced 48 valmissegu 20L, Valvoline - Ranoja\" \/>\n<meta property=\"og:description\" content=\"Valvoline OEM Advanced 48 RTU on esmaklassiline jahutusvedelik, mis sobib nii s\u00f5iduautodele kui ka kerge- ja raskeveokitele. Koostis on et\u00fcleengl\u00fckoolil p\u00f5hinev ja m\u00f5eldud igat t\u00fc\u00fcpi mootoritele. See on madala silikaadisisaldusega, madala pH-tasemega, fosfaadivabal tehnoloogial p\u00f5hinev jahutusvedelik, mis kaitseb k\u00f5iki jahutuss\u00fcsteemi metallosi, sealhulgas ka alumiiniumi, korrosiooni eest. Valvoline OEM Advanced 48 RTU kaitseb mootori komponente talvise k\u00fclmumise ja suvise keemise eest. Valvoline OEM Advanced 48 RTU on kasutusvalmis ja seda ei tohi segada (demineraliseeritud) veega. Ametlikud heakskiidud: BMW LC-87 Deutz DQC CA-14 MAN 324 Type NF MB-Approval 325.0 MB-Approval 326.0 MTU MTL 5048 T\u00e4idab ja \u00fcletab j\u00e4rgmised kvaliteedin\u00f5uded: Detroit Diesel 7SE298 TL 774-C: VW \/ Audi \/ Seat \/ Skoda Federal Specification A-A-870A Jaguar Jenbacher TA-Nr. 1000-0201 Liebherr Minimum LH-00-COL3A MAN Diesel &amp; Turbo Liste 3.3.7 Maybach\/Smart MB 325.0\/326.0 (until 2014) MB Passenger cars (until April 2014) MB Trucks (kuni September 2011) Opel\/Vauxhall (kuni 2000) B 040 0240 Porsche (kuni 1995) Rolls-Royce (alates 1998) Saab 690 1599 Tesla (alates 2013) TMC of ATA RP-302B Van Hool Volvo 2015 (s\u00f5iduautod) ja vanemad Volvo veoautod (kuni 2005) Zastava ASTM D3306 \/ D4985 GM1899M \/ 1825M SAE J814 \/ J1034 \/ J1941\" \/>\n<meta property=\"og:url\" content=\"https:\/\/ranoja.ee\/toode\/jahutusvedelik-oem-advanced-48-valmissegu-20l-valvoline\/\" \/>\n<meta property=\"og:site_name\" content=\"Ranoja\" \/>\n<meta property=\"article:publisher\" content=\"https:\/\/www.facebook.com\/ranoja.ee\" \/>\n<meta property=\"article:modified_time\" content=\"2026-03-17T12:40:39+00:00\" \/>\n<meta property=\"og:image\" content=\"https:\/\/ranoja.ee\/wp-content\/uploads\/2026\/03\/211213950.png\" \/>\n\t<meta property=\"og:image:width\" content=\"760\" \/>\n\t<meta property=\"og:image:height\" content=\"768\" \/>\n\t<meta property=\"og:image:type\" content=\"image\/jpeg\" \/>\n<meta name=\"twitter:card\" content=\"summary_large_image\" \/>\n<script type=\"application\/ld+json\" class=\"yoast-schema-graph\">{\"@context\":\"https:\\\/\\\/schema.org\",\"@graph\":[{\"@type\":\"WebPage\",\"@id\":\"https:\\\/\\\/ranoja.ee\\\/toode\\\/jahutusvedelik-oem-advanced-48-valmissegu-20l-valvoline\\\/\",\"url\":\"https:\\\/\\\/ranoja.ee\\\/toode\\\/jahutusvedelik-oem-advanced-48-valmissegu-20l-valvoline\\\/\",\"name\":\"Jahutusvedelik OEM Advanced 48 valmissegu 20L, Valvoline - Ranoja\",\"isPartOf\":{\"@id\":\"https:\\\/\\\/ranoja.ee\\\/#website\"},\"primaryImageOfPage\":{\"@id\":\"https:\\\/\\\/ranoja.ee\\\/toode\\\/jahutusvedelik-oem-advanced-48-valmissegu-20l-valvoline\\\/#primaryimage\"},\"image\":{\"@id\":\"https:\\\/\\\/ranoja.ee\\\/toode\\\/jahutusvedelik-oem-advanced-48-valmissegu-20l-valvoline\\\/#primaryimage\"},\"thumbnailUrl\":\"https:\\\/\\\/ranoja.ee\\\/wp-content\\\/uploads\\\/2026\\\/03\\\/211213950.png\",\"datePublished\":\"2026-03-16T23:11:54+00:00\",\"dateModified\":\"2026-03-17T12:40:39+00:00\",\"breadcrumb\":{\"@id\":\"https:\\\/\\\/ranoja.ee\\\/toode\\\/jahutusvedelik-oem-advanced-48-valmissegu-20l-valvoline\\\/#breadcrumb\"},\"inLanguage\":\"en-US\",\"potentialAction\":[{\"@type\":\"ReadAction\",\"target\":[\"https:\\\/\\\/ranoja.ee\\\/toode\\\/jahutusvedelik-oem-advanced-48-valmissegu-20l-valvoline\\\/\"]}]},{\"@type\":\"ImageObject\",\"inLanguage\":\"en-US\",\"@id\":\"https:\\\/\\\/ranoja.ee\\\/toode\\\/jahutusvedelik-oem-advanced-48-valmissegu-20l-valvoline\\\/#primaryimage\",\"url\":\"https:\\\/\\\/ranoja.ee\\\/wp-content\\\/uploads\\\/2026\\\/03\\\/211213950.png\",\"contentUrl\":\"https:\\\/\\\/ranoja.ee\\\/wp-content\\\/uploads\\\/2026\\\/03\\\/211213950.png\",\"width\":760,\"height\":768},{\"@type\":\"BreadcrumbList\",\"@id\":\"https:\\\/\\\/ranoja.ee\\\/toode\\\/jahutusvedelik-oem-advanced-48-valmissegu-20l-valvoline\\\/#breadcrumb\",\"itemListElement\":[{\"@type\":\"ListItem\",\"position\":1,\"name\":\"Home\",\"item\":\"https:\\\/\\\/ranoja.ee\\\/\"},{\"@type\":\"ListItem\",\"position\":2,\"name\":\"Shop\",\"item\":\"https:\\\/\\\/ranoja.ee\\\/en\\\/shop\\\/\"},{\"@type\":\"ListItem\",\"position\":3,\"name\":\"Jahutusvedelik OEM Advanced 48 valmissegu 20L, Valvoline\"}]},{\"@type\":\"WebSite\",\"@id\":\"https:\\\/\\\/ranoja.ee\\\/#website\",\"url\":\"https:\\\/\\\/ranoja.ee\\\/\",\"name\":\"Ranoja\",\"description\":\"Equipment Shop WooCommerce WordPress Theme for Machine &amp; Tools\",\"publisher\":{\"@id\":\"https:\\\/\\\/ranoja.ee\\\/#organization\"},\"potentialAction\":[{\"@type\":\"SearchAction\",\"target\":{\"@type\":\"EntryPoint\",\"urlTemplate\":\"https:\\\/\\\/ranoja.ee\\\/?s={search_term_string}\"},\"query-input\":{\"@type\":\"PropertyValueSpecification\",\"valueRequired\":true,\"valueName\":\"search_term_string\"}}],\"inLanguage\":\"en-US\"},{\"@type\":\"Organization\",\"@id\":\"https:\\\/\\\/ranoja.ee\\\/#organization\",\"name\":\"Ranoja O\u00dc\",\"url\":\"https:\\\/\\\/ranoja.ee\\\/\",\"logo\":{\"@type\":\"ImageObject\",\"inLanguage\":\"en-US\",\"@id\":\"https:\\\/\\\/ranoja.ee\\\/#\\\/schema\\\/logo\\\/image\\\/\",\"url\":\"https:\\\/\\\/ranoja.ee\\\/wp-content\\\/uploads\\\/2023\\\/11\\\/ranoja-Logo.png\",\"contentUrl\":\"https:\\\/\\\/ranoja.ee\\\/wp-content\\\/uploads\\\/2023\\\/11\\\/ranoja-Logo.png\",\"width\":207,\"height\":58,\"caption\":\"Ranoja O\u00dc\"},\"image\":{\"@id\":\"https:\\\/\\\/ranoja.ee\\\/#\\\/schema\\\/logo\\\/image\\\/\"},\"sameAs\":[\"https:\\\/\\\/www.facebook.com\\\/ranoja.ee\",\"https:\\\/\\\/www.instagram.com\\\/ranoja__\\\/\"]}]}<\/script>\n<!-- \/ Yoast SEO plugin. -->","yoast_head_json":{"title":"Jahutusvedelik OEM Advanced 48 valmissegu 20L, Valvoline - Ranoja","robots":{"index":"index","follow":"follow","max-snippet":"max-snippet:-1","max-image-preview":"max-image-preview:large","max-video-preview":"max-video-preview:-1"},"canonical":"https:\/\/ranoja.ee\/toode\/jahutusvedelik-oem-advanced-48-valmissegu-20l-valvoline\/","og_locale":"en_US","og_type":"article","og_title":"Jahutusvedelik OEM Advanced 48 valmissegu 20L, Valvoline - Ranoja","og_description":"Valvoline OEM Advanced 48 RTU on esmaklassiline jahutusvedelik, mis sobib nii s\u00f5iduautodele kui ka kerge- ja raskeveokitele. Koostis on et\u00fcleengl\u00fckoolil p\u00f5hinev ja m\u00f5eldud igat t\u00fc\u00fcpi mootoritele. See on madala silikaadisisaldusega, madala pH-tasemega, fosfaadivabal tehnoloogial p\u00f5hinev jahutusvedelik, mis kaitseb k\u00f5iki jahutuss\u00fcsteemi metallosi, sealhulgas ka alumiiniumi, korrosiooni eest. Valvoline OEM Advanced 48 RTU kaitseb mootori komponente talvise k\u00fclmumise ja suvise keemise eest. Valvoline OEM Advanced 48 RTU on kasutusvalmis ja seda ei tohi segada (demineraliseeritud) veega. Ametlikud heakskiidud: BMW LC-87 Deutz DQC CA-14 MAN 324 Type NF MB-Approval 325.0 MB-Approval 326.0 MTU MTL 5048 T\u00e4idab ja \u00fcletab j\u00e4rgmised kvaliteedin\u00f5uded: Detroit Diesel 7SE298 TL 774-C: VW \/ Audi \/ Seat \/ Skoda Federal Specification A-A-870A Jaguar Jenbacher TA-Nr. 1000-0201 Liebherr Minimum LH-00-COL3A MAN Diesel & Turbo Liste 3.3.7 Maybach\/Smart MB 325.0\/326.0 (until 2014) MB Passenger cars (until April 2014) MB Trucks (kuni September 2011) Opel\/Vauxhall (kuni 2000) B 040 0240 Porsche (kuni 1995) Rolls-Royce (alates 1998) Saab 690 1599 Tesla (alates 2013) TMC of ATA RP-302B Van Hool Volvo 2015 (s\u00f5iduautod) ja vanemad Volvo veoautod (kuni 2005) Zastava ASTM D3306 \/ D4985 GM1899M \/ 1825M SAE J814 \/ J1034 \/ J1941","og_url":"https:\/\/ranoja.ee\/toode\/jahutusvedelik-oem-advanced-48-valmissegu-20l-valvoline\/","og_site_name":"Ranoja","article_publisher":"https:\/\/www.facebook.com\/ranoja.ee","article_modified_time":"2026-03-17T12:40:39+00:00","og_image":[{"width":760,"height":768,"url":"https:\/\/ranoja.ee\/wp-content\/uploads\/2026\/03\/211213950.png","type":"image\/jpeg"}],"twitter_card":"summary_large_image","schema":{"@context":"https:\/\/schema.org","@graph":[{"@type":"WebPage","@id":"https:\/\/ranoja.ee\/toode\/jahutusvedelik-oem-advanced-48-valmissegu-20l-valvoline\/","url":"https:\/\/ranoja.ee\/toode\/jahutusvedelik-oem-advanced-48-valmissegu-20l-valvoline\/","name":"Jahutusvedelik OEM Advanced 48 valmissegu 20L, Valvoline - Ranoja","isPartOf":{"@id":"https:\/\/ranoja.ee\/#website"},"primaryImageOfPage":{"@id":"https:\/\/ranoja.ee\/toode\/jahutusvedelik-oem-advanced-48-valmissegu-20l-valvoline\/#primaryimage"},"image":{"@id":"https:\/\/ranoja.ee\/toode\/jahutusvedelik-oem-advanced-48-valmissegu-20l-valvoline\/#primaryimage"},"thumbnailUrl":"https:\/\/ranoja.ee\/wp-content\/uploads\/2026\/03\/211213950.png","datePublished":"2026-03-16T23:11:54+00:00","dateModified":"2026-03-17T12:40:39+00:00","breadcrumb":{"@id":"https:\/\/ranoja.ee\/toode\/jahutusvedelik-oem-advanced-48-valmissegu-20l-valvoline\/#breadcrumb"},"inLanguage":"en-US","potentialAction":[{"@type":"ReadAction","target":["https:\/\/ranoja.ee\/toode\/jahutusvedelik-oem-advanced-48-valmissegu-20l-valvoline\/"]}]},{"@type":"ImageObject","inLanguage":"en-US","@id":"https:\/\/ranoja.ee\/toode\/jahutusvedelik-oem-advanced-48-valmissegu-20l-valvoline\/#primaryimage","url":"https:\/\/ranoja.ee\/wp-content\/uploads\/2026\/03\/211213950.png","contentUrl":"https:\/\/ranoja.ee\/wp-content\/uploads\/2026\/03\/211213950.png","width":760,"height":768},{"@type":"BreadcrumbList","@id":"https:\/\/ranoja.ee\/toode\/jahutusvedelik-oem-advanced-48-valmissegu-20l-valvoline\/#breadcrumb","itemListElement":[{"@type":"ListItem","position":1,"name":"Home","item":"https:\/\/ranoja.ee\/"},{"@type":"ListItem","position":2,"name":"Shop","item":"https:\/\/ranoja.ee\/en\/shop\/"},{"@type":"ListItem","position":3,"name":"Jahutusvedelik OEM Advanced 48 valmissegu 20L, Valvoline"}]},{"@type":"WebSite","@id":"https:\/\/ranoja.ee\/#website","url":"https:\/\/ranoja.ee\/","name":"Ranoja","description":"Equipment Shop WooCommerce WordPress Theme for Machine &amp; Tools","publisher":{"@id":"https:\/\/ranoja.ee\/#organization"},"potentialAction":[{"@type":"SearchAction","target":{"@type":"EntryPoint","urlTemplate":"https:\/\/ranoja.ee\/?s={search_term_string}"},"query-input":{"@type":"PropertyValueSpecification","valueRequired":true,"valueName":"search_term_string"}}],"inLanguage":"en-US"},{"@type":"Organization","@id":"https:\/\/ranoja.ee\/#organization","name":"Ranoja O\u00dc","url":"https:\/\/ranoja.ee\/","logo":{"@type":"ImageObject","inLanguage":"en-US","@id":"https:\/\/ranoja.ee\/#\/schema\/logo\/image\/","url":"https:\/\/ranoja.ee\/wp-content\/uploads\/2023\/11\/ranoja-Logo.png","contentUrl":"https:\/\/ranoja.ee\/wp-content\/uploads\/2023\/11\/ranoja-Logo.png","width":207,"height":58,"caption":"Ranoja O\u00dc"},"image":{"@id":"https:\/\/ranoja.ee\/#\/schema\/logo\/image\/"},"sameAs":["https:\/\/www.facebook.com\/ranoja.ee","https:\/\/www.instagram.com\/ranoja__\/"]}]}},"_links":{"self":[{"href":"https:\/\/ranoja.ee\/en\/wp-json\/wp\/v2\/product\/59640","targetHints":{"allow":["GET"]}}],"collection":[{"href":"https:\/\/ranoja.ee\/en\/wp-json\/wp\/v2\/product"}],"about":[{"href":"https:\/\/ranoja.ee\/en\/wp-json\/wp\/v2\/types\/product"}],"wp:featuredmedia":[{"embeddable":true,"href":"https:\/\/ranoja.ee\/en\/wp-json\/wp\/v2\/media\/59641"}],"wp:attachment":[{"href":"https:\/\/ranoja.ee\/en\/wp-json\/wp\/v2\/media?parent=59640"}],"wp:term":[{"taxonomy":"product_cat","embeddable":true,"href":"https:\/\/ranoja.ee\/en\/wp-json\/wp\/v2\/product_cat?post=59640"},{"taxonomy":"product_tag","embeddable":true,"href":"https:\/\/ranoja.ee\/en\/wp-json\/wp\/v2\/product_tag?post=59640"}],"curies":[{"name":"wp","href":"https:\/\/api.w.org\/{rel}","templated":true}]}}