{"id":59622,"date":"2026-03-17T02:11:54","date_gmt":"2026-03-16T23:11:54","guid":{"rendered":"https:\/\/ranoja.ee\/toode\/oksapurustaja-gs60-scheppach\/"},"modified":"2026-03-17T17:24:05","modified_gmt":"2026-03-17T14:24:05","slug":"oksapurustaja-gs60-scheppach","status":"publish","type":"product","link":"https:\/\/ranoja.ee\/en\/toode\/oksapurustaja-gs60-scheppach\/","title":{"rendered":"Oksapurustaja GS60, Scheppach"},"content":{"rendered":"","protected":false},"excerpt":{"rendered":"<p>L\u00f5iketerade arv: 8<br \/>\nTerade materjal: teras<br \/>\nMax. oksa l\u00e4bim\u00f5\u00f5t: 45mm<br \/>\nMax. mootori kiirus: 60rpm<br \/>\nBrutokaal: 20,8 kg<br \/>\nNetokaal: 22.5 kg<br \/>\nSisendv\u00f5imsus P1: 2800 W<br \/>\nPinge: 230 V<br \/>\nSagedus: 50 Hz<\/p>\n<p>Vaikne ja puhas oksapurustaja. Vaiksem, kui teised samalaadsed.<br \/>\nMaksimaalne oksa paksus \u00d8 45 mm<br \/>\nKomplekti kuulub 60L sisseehitatud kogumiskast<br \/>\nSuured rattad tagavad mugava liigutamise<\/p>\n<p>Tee aias olevatest okstest orgaaniline mult\u0161. Oksapurustaja teeb komposti okstest ja lehtedest.<\/p>\n<p>Komplektis oksak\u00e4\u00e4rid ja kindad<\/p>\n","protected":false},"featured_media":59623,"template":"","meta":{"inline_featured_image":false},"product_cat":[1087,5328],"product_tag":[],"class_list":{"0":"post-59622","1":"product","2":"type-product","3":"status-publish","4":"has-post-thumbnail","6":"product_brand-scheppach","7":"product_cat-metsatehnika","8":"product_cat-oksapurustid","10":"first","11":"instock","12":"purchasable","13":"product-type-simple"},"yoast_head":"<!-- This site is optimized with the Yoast SEO plugin v27.4 - https:\/\/yoast.com\/product\/yoast-seo-wordpress\/ -->\n<title>Oksapurustaja GS60, Scheppach - Ranoja<\/title>\n<meta name=\"robots\" content=\"index, follow, max-snippet:-1, max-image-preview:large, max-video-preview:-1\" \/>\n<link rel=\"canonical\" href=\"https:\/\/ranoja.ee\/toode\/oksapurustaja-gs60-scheppach\/\" \/>\n<meta property=\"og:locale\" content=\"en_US\" \/>\n<meta property=\"og:type\" content=\"article\" \/>\n<meta property=\"og:title\" content=\"Oksapurustaja GS60, Scheppach - Ranoja\" \/>\n<meta property=\"og:description\" content=\"L\u00f5iketerade arv: 8 Terade materjal: teras Max. oksa l\u00e4bim\u00f5\u00f5t: 45mm Max. mootori kiirus: 60rpm Brutokaal: 20,8 kg Netokaal: 22.5 kg Sisendv\u00f5imsus P1: 2800 W Pinge: 230 V Sagedus: 50 Hz  Vaikne ja puhas oksapurustaja. Vaiksem, kui teised samalaadsed. Maksimaalne oksa paksus \u00d8 45 mm Komplekti kuulub 60L sisseehitatud kogumiskast Suured rattad tagavad mugava liigutamise  Tee aias olevatest okstest orgaaniline mult\u0161. Oksapurustaja teeb komposti okstest ja lehtedest.  Komplektis oksak\u00e4\u00e4rid ja kindad\" \/>\n<meta property=\"og:url\" content=\"https:\/\/ranoja.ee\/toode\/oksapurustaja-gs60-scheppach\/\" \/>\n<meta property=\"og:site_name\" content=\"Ranoja\" \/>\n<meta property=\"article:publisher\" content=\"https:\/\/www.facebook.com\/ranoja.ee\" \/>\n<meta property=\"article:modified_time\" content=\"2026-03-17T14:24:05+00:00\" \/>\n<meta property=\"og:image\" content=\"https:\/\/ranoja.ee\/wp-content\/uploads\/2026\/03\/5638726537.jpg\" \/>\n\t<meta property=\"og:image:width\" content=\"900\" \/>\n\t<meta property=\"og:image:height\" content=\"900\" \/>\n\t<meta property=\"og:image:type\" content=\"image\/jpeg\" \/>\n<meta name=\"twitter:card\" content=\"summary_large_image\" \/>\n<meta name=\"twitter:label1\" content=\"Est. reading time\" \/>\n\t<meta name=\"twitter:data1\" content=\"1 minute\" \/>\n<script type=\"application\/ld+json\" class=\"yoast-schema-graph\">{\"@context\":\"https:\\\/\\\/schema.org\",\"@graph\":[{\"@type\":\"WebPage\",\"@id\":\"https:\\\/\\\/ranoja.ee\\\/toode\\\/oksapurustaja-gs60-scheppach\\\/\",\"url\":\"https:\\\/\\\/ranoja.ee\\\/toode\\\/oksapurustaja-gs60-scheppach\\\/\",\"name\":\"Oksapurustaja GS60, Scheppach - Ranoja\",\"isPartOf\":{\"@id\":\"https:\\\/\\\/ranoja.ee\\\/#website\"},\"primaryImageOfPage\":{\"@id\":\"https:\\\/\\\/ranoja.ee\\\/toode\\\/oksapurustaja-gs60-scheppach\\\/#primaryimage\"},\"image\":{\"@id\":\"https:\\\/\\\/ranoja.ee\\\/toode\\\/oksapurustaja-gs60-scheppach\\\/#primaryimage\"},\"thumbnailUrl\":\"https:\\\/\\\/ranoja.ee\\\/wp-content\\\/uploads\\\/2026\\\/03\\\/5638726537.jpg\",\"datePublished\":\"2026-03-16T23:11:54+00:00\",\"dateModified\":\"2026-03-17T14:24:05+00:00\",\"breadcrumb\":{\"@id\":\"https:\\\/\\\/ranoja.ee\\\/toode\\\/oksapurustaja-gs60-scheppach\\\/#breadcrumb\"},\"inLanguage\":\"en-US\",\"potentialAction\":[{\"@type\":\"ReadAction\",\"target\":[\"https:\\\/\\\/ranoja.ee\\\/toode\\\/oksapurustaja-gs60-scheppach\\\/\"]}]},{\"@type\":\"ImageObject\",\"inLanguage\":\"en-US\",\"@id\":\"https:\\\/\\\/ranoja.ee\\\/toode\\\/oksapurustaja-gs60-scheppach\\\/#primaryimage\",\"url\":\"https:\\\/\\\/ranoja.ee\\\/wp-content\\\/uploads\\\/2026\\\/03\\\/5638726537.jpg\",\"contentUrl\":\"https:\\\/\\\/ranoja.ee\\\/wp-content\\\/uploads\\\/2026\\\/03\\\/5638726537.jpg\",\"width\":900,\"height\":900},{\"@type\":\"BreadcrumbList\",\"@id\":\"https:\\\/\\\/ranoja.ee\\\/toode\\\/oksapurustaja-gs60-scheppach\\\/#breadcrumb\",\"itemListElement\":[{\"@type\":\"ListItem\",\"position\":1,\"name\":\"Home\",\"item\":\"https:\\\/\\\/ranoja.ee\\\/\"},{\"@type\":\"ListItem\",\"position\":2,\"name\":\"Shop\",\"item\":\"https:\\\/\\\/ranoja.ee\\\/en\\\/shop\\\/\"},{\"@type\":\"ListItem\",\"position\":3,\"name\":\"Oksapurustaja GS60, Scheppach\"}]},{\"@type\":\"WebSite\",\"@id\":\"https:\\\/\\\/ranoja.ee\\\/#website\",\"url\":\"https:\\\/\\\/ranoja.ee\\\/\",\"name\":\"Ranoja\",\"description\":\"Equipment Shop WooCommerce WordPress Theme for Machine &amp; Tools\",\"publisher\":{\"@id\":\"https:\\\/\\\/ranoja.ee\\\/#organization\"},\"potentialAction\":[{\"@type\":\"SearchAction\",\"target\":{\"@type\":\"EntryPoint\",\"urlTemplate\":\"https:\\\/\\\/ranoja.ee\\\/?s={search_term_string}\"},\"query-input\":{\"@type\":\"PropertyValueSpecification\",\"valueRequired\":true,\"valueName\":\"search_term_string\"}}],\"inLanguage\":\"en-US\"},{\"@type\":\"Organization\",\"@id\":\"https:\\\/\\\/ranoja.ee\\\/#organization\",\"name\":\"Ranoja O\u00dc\",\"url\":\"https:\\\/\\\/ranoja.ee\\\/\",\"logo\":{\"@type\":\"ImageObject\",\"inLanguage\":\"en-US\",\"@id\":\"https:\\\/\\\/ranoja.ee\\\/#\\\/schema\\\/logo\\\/image\\\/\",\"url\":\"https:\\\/\\\/ranoja.ee\\\/wp-content\\\/uploads\\\/2023\\\/11\\\/ranoja-Logo.png\",\"contentUrl\":\"https:\\\/\\\/ranoja.ee\\\/wp-content\\\/uploads\\\/2023\\\/11\\\/ranoja-Logo.png\",\"width\":207,\"height\":58,\"caption\":\"Ranoja O\u00dc\"},\"image\":{\"@id\":\"https:\\\/\\\/ranoja.ee\\\/#\\\/schema\\\/logo\\\/image\\\/\"},\"sameAs\":[\"https:\\\/\\\/www.facebook.com\\\/ranoja.ee\",\"https:\\\/\\\/www.instagram.com\\\/ranoja__\\\/\"]}]}<\/script>\n<!-- \/ Yoast SEO plugin. -->","yoast_head_json":{"title":"Oksapurustaja GS60, Scheppach - Ranoja","robots":{"index":"index","follow":"follow","max-snippet":"max-snippet:-1","max-image-preview":"max-image-preview:large","max-video-preview":"max-video-preview:-1"},"canonical":"https:\/\/ranoja.ee\/toode\/oksapurustaja-gs60-scheppach\/","og_locale":"en_US","og_type":"article","og_title":"Oksapurustaja GS60, Scheppach - Ranoja","og_description":"L\u00f5iketerade arv: 8 Terade materjal: teras Max. oksa l\u00e4bim\u00f5\u00f5t: 45mm Max. mootori kiirus: 60rpm Brutokaal: 20,8 kg Netokaal: 22.5 kg Sisendv\u00f5imsus P1: 2800 W Pinge: 230 V Sagedus: 50 Hz  Vaikne ja puhas oksapurustaja. Vaiksem, kui teised samalaadsed. Maksimaalne oksa paksus \u00d8 45 mm Komplekti kuulub 60L sisseehitatud kogumiskast Suured rattad tagavad mugava liigutamise  Tee aias olevatest okstest orgaaniline mult\u0161. Oksapurustaja teeb komposti okstest ja lehtedest.  Komplektis oksak\u00e4\u00e4rid ja kindad","og_url":"https:\/\/ranoja.ee\/toode\/oksapurustaja-gs60-scheppach\/","og_site_name":"Ranoja","article_publisher":"https:\/\/www.facebook.com\/ranoja.ee","article_modified_time":"2026-03-17T14:24:05+00:00","og_image":[{"width":900,"height":900,"url":"https:\/\/ranoja.ee\/wp-content\/uploads\/2026\/03\/5638726537.jpg","type":"image\/jpeg"}],"twitter_card":"summary_large_image","twitter_misc":{"Est. reading time":"1 minute"},"schema":{"@context":"https:\/\/schema.org","@graph":[{"@type":"WebPage","@id":"https:\/\/ranoja.ee\/toode\/oksapurustaja-gs60-scheppach\/","url":"https:\/\/ranoja.ee\/toode\/oksapurustaja-gs60-scheppach\/","name":"Oksapurustaja GS60, Scheppach - Ranoja","isPartOf":{"@id":"https:\/\/ranoja.ee\/#website"},"primaryImageOfPage":{"@id":"https:\/\/ranoja.ee\/toode\/oksapurustaja-gs60-scheppach\/#primaryimage"},"image":{"@id":"https:\/\/ranoja.ee\/toode\/oksapurustaja-gs60-scheppach\/#primaryimage"},"thumbnailUrl":"https:\/\/ranoja.ee\/wp-content\/uploads\/2026\/03\/5638726537.jpg","datePublished":"2026-03-16T23:11:54+00:00","dateModified":"2026-03-17T14:24:05+00:00","breadcrumb":{"@id":"https:\/\/ranoja.ee\/toode\/oksapurustaja-gs60-scheppach\/#breadcrumb"},"inLanguage":"en-US","potentialAction":[{"@type":"ReadAction","target":["https:\/\/ranoja.ee\/toode\/oksapurustaja-gs60-scheppach\/"]}]},{"@type":"ImageObject","inLanguage":"en-US","@id":"https:\/\/ranoja.ee\/toode\/oksapurustaja-gs60-scheppach\/#primaryimage","url":"https:\/\/ranoja.ee\/wp-content\/uploads\/2026\/03\/5638726537.jpg","contentUrl":"https:\/\/ranoja.ee\/wp-content\/uploads\/2026\/03\/5638726537.jpg","width":900,"height":900},{"@type":"BreadcrumbList","@id":"https:\/\/ranoja.ee\/toode\/oksapurustaja-gs60-scheppach\/#breadcrumb","itemListElement":[{"@type":"ListItem","position":1,"name":"Home","item":"https:\/\/ranoja.ee\/"},{"@type":"ListItem","position":2,"name":"Shop","item":"https:\/\/ranoja.ee\/en\/shop\/"},{"@type":"ListItem","position":3,"name":"Oksapurustaja GS60, Scheppach"}]},{"@type":"WebSite","@id":"https:\/\/ranoja.ee\/#website","url":"https:\/\/ranoja.ee\/","name":"Ranoja","description":"Equipment Shop WooCommerce WordPress Theme for Machine &amp; Tools","publisher":{"@id":"https:\/\/ranoja.ee\/#organization"},"potentialAction":[{"@type":"SearchAction","target":{"@type":"EntryPoint","urlTemplate":"https:\/\/ranoja.ee\/?s={search_term_string}"},"query-input":{"@type":"PropertyValueSpecification","valueRequired":true,"valueName":"search_term_string"}}],"inLanguage":"en-US"},{"@type":"Organization","@id":"https:\/\/ranoja.ee\/#organization","name":"Ranoja O\u00dc","url":"https:\/\/ranoja.ee\/","logo":{"@type":"ImageObject","inLanguage":"en-US","@id":"https:\/\/ranoja.ee\/#\/schema\/logo\/image\/","url":"https:\/\/ranoja.ee\/wp-content\/uploads\/2023\/11\/ranoja-Logo.png","contentUrl":"https:\/\/ranoja.ee\/wp-content\/uploads\/2023\/11\/ranoja-Logo.png","width":207,"height":58,"caption":"Ranoja O\u00dc"},"image":{"@id":"https:\/\/ranoja.ee\/#\/schema\/logo\/image\/"},"sameAs":["https:\/\/www.facebook.com\/ranoja.ee","https:\/\/www.instagram.com\/ranoja__\/"]}]}},"_links":{"self":[{"href":"https:\/\/ranoja.ee\/en\/wp-json\/wp\/v2\/product\/59622","targetHints":{"allow":["GET"]}}],"collection":[{"href":"https:\/\/ranoja.ee\/en\/wp-json\/wp\/v2\/product"}],"about":[{"href":"https:\/\/ranoja.ee\/en\/wp-json\/wp\/v2\/types\/product"}],"wp:featuredmedia":[{"embeddable":true,"href":"https:\/\/ranoja.ee\/en\/wp-json\/wp\/v2\/media\/59623"}],"wp:attachment":[{"href":"https:\/\/ranoja.ee\/en\/wp-json\/wp\/v2\/media?parent=59622"}],"wp:term":[{"taxonomy":"product_cat","embeddable":true,"href":"https:\/\/ranoja.ee\/en\/wp-json\/wp\/v2\/product_cat?post=59622"},{"taxonomy":"product_tag","embeddable":true,"href":"https:\/\/ranoja.ee\/en\/wp-json\/wp\/v2\/product_tag?post=59622"}],"curies":[{"name":"wp","href":"https:\/\/api.w.org\/{rel}","templated":true}]}}