{"id":59602,"date":"2026-03-17T02:11:54","date_gmt":"2026-03-16T23:11:54","guid":{"rendered":"https:\/\/ranoja.ee\/toode\/lauapuurpink-dp60-2-kaiku-scheppach\/"},"modified":"2026-03-17T15:40:39","modified_gmt":"2026-03-17T12:40:39","slug":"lauapuurpink-dp60-2-kaiku-scheppach","status":"publish","type":"product","link":"https:\/\/ranoja.ee\/en\/toode\/lauapuurpink-dp60-2-kaiku-scheppach\/","title":{"rendered":"Lauapuurpink DP60, 2 k\u00e4iku, Scheppach"},"content":{"rendered":"","protected":false},"excerpt":{"rendered":"<p>M\u00f5\u00f5dud PxLxK 350x300x650 mm<br \/>\nAlus PxLxK 350x300x30 mm<br \/>\nKiirus 170 \u2013 880 \/ 490 \u2013 2600 min-1<br \/>\nPadrun 1.5 \u2013 13 mm<br \/>\nPuuri t\u00f6\u00f6ulatus 100 mm<br \/>\nPuurimise max-\u00d8 puidus 40 mm<br \/>\nPuurimise max-\u00d8 terases 13 mm<br \/>\n2 k\u00e4iku<br \/>\nPadruni ja aluse vahemaa max. 280 mm<br \/>\nMootor 220 \u2013 240 V~ \/ 50 \u2013 60 Hz<br \/>\nSisendv\u00f5imsus 710 W<\/p>\n<p>T\u00e4pse puurimiss\u00fcgavuse lihtne kuvamine<br \/>\n2-k\u00e4iguline k\u00e4igukast: 1. k\u00e4ik: suur v\u00f5imsus &#8211; 2. k\u00e4ik: suur kiirus<br \/>\nV\u00f5tmevaba padrun<br \/>\nSisseehitatud laser t\u00e4pseks puurimiseks<br \/>\nSisseehitatud LED t\u00f6\u00f6ala korralikuks valgustamiseks<br \/>\nKiirkinniti t\u00f6\u00f6deldavate esemete kiireks kinnitamiseks, t\u00f6\u00f6tab ka \u00fcmarate toorikutega<\/p>\n","protected":false},"featured_media":59603,"template":"","meta":{"inline_featured_image":false},"product_cat":[5224,5090],"product_tag":[],"class_list":{"0":"post-59602","1":"product","2":"type-product","3":"status-publish","4":"has-post-thumbnail","6":"product_brand-scheppach","7":"product_cat-puur-ja-freespingid","8":"product_cat-teisaldatavad-toopingid","10":"first","11":"outofstock","12":"purchasable","13":"product-type-simple"},"yoast_head":"<!-- This site is optimized with the Yoast SEO plugin v27.4 - https:\/\/yoast.com\/product\/yoast-seo-wordpress\/ -->\n<title>Lauapuurpink DP60, 2 k\u00e4iku, Scheppach - Ranoja<\/title>\n<meta name=\"robots\" content=\"index, follow, max-snippet:-1, max-image-preview:large, max-video-preview:-1\" \/>\n<link rel=\"canonical\" href=\"https:\/\/ranoja.ee\/toode\/lauapuurpink-dp60-2-kaiku-scheppach\/\" \/>\n<meta property=\"og:locale\" content=\"en_US\" \/>\n<meta property=\"og:type\" content=\"article\" \/>\n<meta property=\"og:title\" content=\"Lauapuurpink DP60, 2 k\u00e4iku, Scheppach - Ranoja\" \/>\n<meta property=\"og:description\" content=\"M\u00f5\u00f5dud PxLxK 350x300x650 mm Alus PxLxK 350x300x30 mm Kiirus 170 \u2013 880 \/ 490 \u2013 2600 min-1 Padrun 1.5 \u2013 13 mm Puuri t\u00f6\u00f6ulatus 100 mm Puurimise max-\u00d8 puidus 40 mm Puurimise max-\u00d8 terases 13 mm 2 k\u00e4iku Padruni ja aluse vahemaa max. 280 mm Mootor 220 \u2013 240 V~ \/ 50 \u2013 60 Hz Sisendv\u00f5imsus 710 W T\u00e4pse puurimiss\u00fcgavuse lihtne kuvamine 2-k\u00e4iguline k\u00e4igukast: 1. k\u00e4ik: suur v\u00f5imsus - 2. k\u00e4ik: suur kiirus V\u00f5tmevaba padrun Sisseehitatud laser t\u00e4pseks puurimiseks Sisseehitatud LED t\u00f6\u00f6ala korralikuks valgustamiseks Kiirkinniti t\u00f6\u00f6deldavate esemete kiireks kinnitamiseks, t\u00f6\u00f6tab ka \u00fcmarate toorikutega\" \/>\n<meta property=\"og:url\" content=\"https:\/\/ranoja.ee\/toode\/lauapuurpink-dp60-2-kaiku-scheppach\/\" \/>\n<meta property=\"og:site_name\" content=\"Ranoja\" \/>\n<meta property=\"article:publisher\" content=\"https:\/\/www.facebook.com\/ranoja.ee\" \/>\n<meta property=\"article:modified_time\" content=\"2026-03-17T12:40:39+00:00\" \/>\n<meta property=\"og:image\" content=\"https:\/\/ranoja.ee\/wp-content\/uploads\/2026\/03\/232430144.jpg\" \/>\n\t<meta property=\"og:image:width\" content=\"402\" \/>\n\t<meta property=\"og:image:height\" content=\"768\" \/>\n\t<meta property=\"og:image:type\" content=\"image\/jpeg\" \/>\n<meta name=\"twitter:card\" content=\"summary_large_image\" \/>\n<script type=\"application\/ld+json\" class=\"yoast-schema-graph\">{\"@context\":\"https:\\\/\\\/schema.org\",\"@graph\":[{\"@type\":\"WebPage\",\"@id\":\"https:\\\/\\\/ranoja.ee\\\/toode\\\/lauapuurpink-dp60-2-kaiku-scheppach\\\/\",\"url\":\"https:\\\/\\\/ranoja.ee\\\/toode\\\/lauapuurpink-dp60-2-kaiku-scheppach\\\/\",\"name\":\"Lauapuurpink DP60, 2 k\u00e4iku, Scheppach - Ranoja\",\"isPartOf\":{\"@id\":\"https:\\\/\\\/ranoja.ee\\\/#website\"},\"primaryImageOfPage\":{\"@id\":\"https:\\\/\\\/ranoja.ee\\\/toode\\\/lauapuurpink-dp60-2-kaiku-scheppach\\\/#primaryimage\"},\"image\":{\"@id\":\"https:\\\/\\\/ranoja.ee\\\/toode\\\/lauapuurpink-dp60-2-kaiku-scheppach\\\/#primaryimage\"},\"thumbnailUrl\":\"https:\\\/\\\/ranoja.ee\\\/wp-content\\\/uploads\\\/2026\\\/03\\\/232430144.jpg\",\"datePublished\":\"2026-03-16T23:11:54+00:00\",\"dateModified\":\"2026-03-17T12:40:39+00:00\",\"breadcrumb\":{\"@id\":\"https:\\\/\\\/ranoja.ee\\\/toode\\\/lauapuurpink-dp60-2-kaiku-scheppach\\\/#breadcrumb\"},\"inLanguage\":\"en-US\",\"potentialAction\":[{\"@type\":\"ReadAction\",\"target\":[\"https:\\\/\\\/ranoja.ee\\\/toode\\\/lauapuurpink-dp60-2-kaiku-scheppach\\\/\"]}]},{\"@type\":\"ImageObject\",\"inLanguage\":\"en-US\",\"@id\":\"https:\\\/\\\/ranoja.ee\\\/toode\\\/lauapuurpink-dp60-2-kaiku-scheppach\\\/#primaryimage\",\"url\":\"https:\\\/\\\/ranoja.ee\\\/wp-content\\\/uploads\\\/2026\\\/03\\\/232430144.jpg\",\"contentUrl\":\"https:\\\/\\\/ranoja.ee\\\/wp-content\\\/uploads\\\/2026\\\/03\\\/232430144.jpg\",\"width\":402,\"height\":768},{\"@type\":\"BreadcrumbList\",\"@id\":\"https:\\\/\\\/ranoja.ee\\\/toode\\\/lauapuurpink-dp60-2-kaiku-scheppach\\\/#breadcrumb\",\"itemListElement\":[{\"@type\":\"ListItem\",\"position\":1,\"name\":\"Home\",\"item\":\"https:\\\/\\\/ranoja.ee\\\/\"},{\"@type\":\"ListItem\",\"position\":2,\"name\":\"Shop\",\"item\":\"https:\\\/\\\/ranoja.ee\\\/en\\\/shop\\\/\"},{\"@type\":\"ListItem\",\"position\":3,\"name\":\"Lauapuurpink DP60, 2 k\u00e4iku, Scheppach\"}]},{\"@type\":\"WebSite\",\"@id\":\"https:\\\/\\\/ranoja.ee\\\/#website\",\"url\":\"https:\\\/\\\/ranoja.ee\\\/\",\"name\":\"Ranoja\",\"description\":\"Equipment Shop WooCommerce WordPress Theme for Machine &amp; Tools\",\"publisher\":{\"@id\":\"https:\\\/\\\/ranoja.ee\\\/#organization\"},\"potentialAction\":[{\"@type\":\"SearchAction\",\"target\":{\"@type\":\"EntryPoint\",\"urlTemplate\":\"https:\\\/\\\/ranoja.ee\\\/?s={search_term_string}\"},\"query-input\":{\"@type\":\"PropertyValueSpecification\",\"valueRequired\":true,\"valueName\":\"search_term_string\"}}],\"inLanguage\":\"en-US\"},{\"@type\":\"Organization\",\"@id\":\"https:\\\/\\\/ranoja.ee\\\/#organization\",\"name\":\"Ranoja O\u00dc\",\"url\":\"https:\\\/\\\/ranoja.ee\\\/\",\"logo\":{\"@type\":\"ImageObject\",\"inLanguage\":\"en-US\",\"@id\":\"https:\\\/\\\/ranoja.ee\\\/#\\\/schema\\\/logo\\\/image\\\/\",\"url\":\"https:\\\/\\\/ranoja.ee\\\/wp-content\\\/uploads\\\/2023\\\/11\\\/ranoja-Logo.png\",\"contentUrl\":\"https:\\\/\\\/ranoja.ee\\\/wp-content\\\/uploads\\\/2023\\\/11\\\/ranoja-Logo.png\",\"width\":207,\"height\":58,\"caption\":\"Ranoja O\u00dc\"},\"image\":{\"@id\":\"https:\\\/\\\/ranoja.ee\\\/#\\\/schema\\\/logo\\\/image\\\/\"},\"sameAs\":[\"https:\\\/\\\/www.facebook.com\\\/ranoja.ee\",\"https:\\\/\\\/www.instagram.com\\\/ranoja__\\\/\"]}]}<\/script>\n<!-- \/ Yoast SEO plugin. -->","yoast_head_json":{"title":"Lauapuurpink DP60, 2 k\u00e4iku, Scheppach - Ranoja","robots":{"index":"index","follow":"follow","max-snippet":"max-snippet:-1","max-image-preview":"max-image-preview:large","max-video-preview":"max-video-preview:-1"},"canonical":"https:\/\/ranoja.ee\/toode\/lauapuurpink-dp60-2-kaiku-scheppach\/","og_locale":"en_US","og_type":"article","og_title":"Lauapuurpink DP60, 2 k\u00e4iku, Scheppach - Ranoja","og_description":"M\u00f5\u00f5dud PxLxK 350x300x650 mm Alus PxLxK 350x300x30 mm Kiirus 170 \u2013 880 \/ 490 \u2013 2600 min-1 Padrun 1.5 \u2013 13 mm Puuri t\u00f6\u00f6ulatus 100 mm Puurimise max-\u00d8 puidus 40 mm Puurimise max-\u00d8 terases 13 mm 2 k\u00e4iku Padruni ja aluse vahemaa max. 280 mm Mootor 220 \u2013 240 V~ \/ 50 \u2013 60 Hz Sisendv\u00f5imsus 710 W T\u00e4pse puurimiss\u00fcgavuse lihtne kuvamine 2-k\u00e4iguline k\u00e4igukast: 1. k\u00e4ik: suur v\u00f5imsus - 2. k\u00e4ik: suur kiirus V\u00f5tmevaba padrun Sisseehitatud laser t\u00e4pseks puurimiseks Sisseehitatud LED t\u00f6\u00f6ala korralikuks valgustamiseks Kiirkinniti t\u00f6\u00f6deldavate esemete kiireks kinnitamiseks, t\u00f6\u00f6tab ka \u00fcmarate toorikutega","og_url":"https:\/\/ranoja.ee\/toode\/lauapuurpink-dp60-2-kaiku-scheppach\/","og_site_name":"Ranoja","article_publisher":"https:\/\/www.facebook.com\/ranoja.ee","article_modified_time":"2026-03-17T12:40:39+00:00","og_image":[{"width":402,"height":768,"url":"https:\/\/ranoja.ee\/wp-content\/uploads\/2026\/03\/232430144.jpg","type":"image\/jpeg"}],"twitter_card":"summary_large_image","schema":{"@context":"https:\/\/schema.org","@graph":[{"@type":"WebPage","@id":"https:\/\/ranoja.ee\/toode\/lauapuurpink-dp60-2-kaiku-scheppach\/","url":"https:\/\/ranoja.ee\/toode\/lauapuurpink-dp60-2-kaiku-scheppach\/","name":"Lauapuurpink DP60, 2 k\u00e4iku, Scheppach - Ranoja","isPartOf":{"@id":"https:\/\/ranoja.ee\/#website"},"primaryImageOfPage":{"@id":"https:\/\/ranoja.ee\/toode\/lauapuurpink-dp60-2-kaiku-scheppach\/#primaryimage"},"image":{"@id":"https:\/\/ranoja.ee\/toode\/lauapuurpink-dp60-2-kaiku-scheppach\/#primaryimage"},"thumbnailUrl":"https:\/\/ranoja.ee\/wp-content\/uploads\/2026\/03\/232430144.jpg","datePublished":"2026-03-16T23:11:54+00:00","dateModified":"2026-03-17T12:40:39+00:00","breadcrumb":{"@id":"https:\/\/ranoja.ee\/toode\/lauapuurpink-dp60-2-kaiku-scheppach\/#breadcrumb"},"inLanguage":"en-US","potentialAction":[{"@type":"ReadAction","target":["https:\/\/ranoja.ee\/toode\/lauapuurpink-dp60-2-kaiku-scheppach\/"]}]},{"@type":"ImageObject","inLanguage":"en-US","@id":"https:\/\/ranoja.ee\/toode\/lauapuurpink-dp60-2-kaiku-scheppach\/#primaryimage","url":"https:\/\/ranoja.ee\/wp-content\/uploads\/2026\/03\/232430144.jpg","contentUrl":"https:\/\/ranoja.ee\/wp-content\/uploads\/2026\/03\/232430144.jpg","width":402,"height":768},{"@type":"BreadcrumbList","@id":"https:\/\/ranoja.ee\/toode\/lauapuurpink-dp60-2-kaiku-scheppach\/#breadcrumb","itemListElement":[{"@type":"ListItem","position":1,"name":"Home","item":"https:\/\/ranoja.ee\/"},{"@type":"ListItem","position":2,"name":"Shop","item":"https:\/\/ranoja.ee\/en\/shop\/"},{"@type":"ListItem","position":3,"name":"Lauapuurpink DP60, 2 k\u00e4iku, Scheppach"}]},{"@type":"WebSite","@id":"https:\/\/ranoja.ee\/#website","url":"https:\/\/ranoja.ee\/","name":"Ranoja","description":"Equipment Shop WooCommerce WordPress Theme for Machine &amp; Tools","publisher":{"@id":"https:\/\/ranoja.ee\/#organization"},"potentialAction":[{"@type":"SearchAction","target":{"@type":"EntryPoint","urlTemplate":"https:\/\/ranoja.ee\/?s={search_term_string}"},"query-input":{"@type":"PropertyValueSpecification","valueRequired":true,"valueName":"search_term_string"}}],"inLanguage":"en-US"},{"@type":"Organization","@id":"https:\/\/ranoja.ee\/#organization","name":"Ranoja O\u00dc","url":"https:\/\/ranoja.ee\/","logo":{"@type":"ImageObject","inLanguage":"en-US","@id":"https:\/\/ranoja.ee\/#\/schema\/logo\/image\/","url":"https:\/\/ranoja.ee\/wp-content\/uploads\/2023\/11\/ranoja-Logo.png","contentUrl":"https:\/\/ranoja.ee\/wp-content\/uploads\/2023\/11\/ranoja-Logo.png","width":207,"height":58,"caption":"Ranoja O\u00dc"},"image":{"@id":"https:\/\/ranoja.ee\/#\/schema\/logo\/image\/"},"sameAs":["https:\/\/www.facebook.com\/ranoja.ee","https:\/\/www.instagram.com\/ranoja__\/"]}]}},"_links":{"self":[{"href":"https:\/\/ranoja.ee\/en\/wp-json\/wp\/v2\/product\/59602","targetHints":{"allow":["GET"]}}],"collection":[{"href":"https:\/\/ranoja.ee\/en\/wp-json\/wp\/v2\/product"}],"about":[{"href":"https:\/\/ranoja.ee\/en\/wp-json\/wp\/v2\/types\/product"}],"wp:featuredmedia":[{"embeddable":true,"href":"https:\/\/ranoja.ee\/en\/wp-json\/wp\/v2\/media\/59603"}],"wp:attachment":[{"href":"https:\/\/ranoja.ee\/en\/wp-json\/wp\/v2\/media?parent=59602"}],"wp:term":[{"taxonomy":"product_cat","embeddable":true,"href":"https:\/\/ranoja.ee\/en\/wp-json\/wp\/v2\/product_cat?post=59602"},{"taxonomy":"product_tag","embeddable":true,"href":"https:\/\/ranoja.ee\/en\/wp-json\/wp\/v2\/product_tag?post=59602"}],"curies":[{"name":"wp","href":"https:\/\/api.w.org\/{rel}","templated":true}]}}