{"id":59586,"date":"2026-03-17T02:11:27","date_gmt":"2026-03-16T23:11:27","guid":{"rendered":"https:\/\/ranoja.ee\/toode\/saepink-hs105-scheppach\/"},"modified":"2026-03-17T15:40:39","modified_gmt":"2026-03-17T12:40:39","slug":"saepink-hs105-scheppach","status":"publish","type":"product","link":"https:\/\/ranoja.ee\/en\/toode\/saepink-hs105-scheppach\/","title":{"rendered":"Saepink HS105, Scheppach"},"content":{"rendered":"","protected":false},"excerpt":{"rendered":"<p>Scheppachi jalgadel saepink HS 105 sobib nii koju, kui ka v\u00e4iksemasse t\u00f6\u00f6kotta. <\/p>\n<p>M\u00f5\u00f5tmed P\/L\/K: 920 x 720 x 1080 mm<br \/>\nSaeketas: 255 mm<br \/>\nLaua suurus: 640 x 920 mm<br \/>\nL\u00f5ikes\u00fcgavus 90\u00b0juures: 75 mm<br \/>\nL\u00f5ikes\u00fcgavus 45\u00b0juures: 50 mm<br \/>\nMootor: 230 V<br \/>\nSisendv\u00f5imsus: 2,0 kW<\/p>\n<p>Vastupidav pulberv\u00e4rviga kaetud lehtterasest konstruktsioon<br \/>\nPuruimeja liitmik koos imivoolikuga<br \/>\nSaeketta k\u00f5rguse pidev reguleerimine k\u00e4siratta abil<br \/>\nVastupidav alumiiniumist paralleeljuhik<\/p>\n","protected":false},"featured_media":59587,"template":"","meta":{"inline_featured_image":false},"product_cat":[5149,5091,5090],"product_tag":[],"class_list":{"0":"post-59586","1":"product","2":"type-product","3":"status-publish","4":"has-post-thumbnail","6":"product_brand-scheppach","7":"product_cat-platesaed","8":"product_cat-saepingid","9":"product_cat-teisaldatavad-toopingid","11":"first","12":"instock","13":"purchasable","14":"product-type-simple"},"yoast_head":"<!-- This site is optimized with the Yoast SEO plugin v27.4 - https:\/\/yoast.com\/product\/yoast-seo-wordpress\/ -->\n<title>Saepink HS105, Scheppach - Ranoja<\/title>\n<meta name=\"robots\" content=\"index, follow, max-snippet:-1, max-image-preview:large, max-video-preview:-1\" \/>\n<link rel=\"canonical\" href=\"https:\/\/ranoja.ee\/toode\/saepink-hs105-scheppach\/\" \/>\n<meta property=\"og:locale\" content=\"en_US\" \/>\n<meta property=\"og:type\" content=\"article\" \/>\n<meta property=\"og:title\" content=\"Saepink HS105, Scheppach - Ranoja\" \/>\n<meta property=\"og:description\" content=\"Scheppachi jalgadel saepink HS 105 sobib nii koju, kui ka v\u00e4iksemasse t\u00f6\u00f6kotta.  M\u00f5\u00f5tmed P\/L\/K: 920 x 720 x 1080 mm Saeketas: 255 mm Laua suurus: 640 x 920 mm L\u00f5ikes\u00fcgavus 90\u00b0juures: 75 mm L\u00f5ikes\u00fcgavus 45\u00b0juures: 50 mm Mootor: 230 V Sisendv\u00f5imsus: 2,0 kW Vastupidav pulberv\u00e4rviga kaetud lehtterasest konstruktsioon Puruimeja liitmik koos imivoolikuga Saeketta k\u00f5rguse pidev reguleerimine k\u00e4siratta abil Vastupidav alumiiniumist paralleeljuhik\" \/>\n<meta property=\"og:url\" content=\"https:\/\/ranoja.ee\/toode\/saepink-hs105-scheppach\/\" \/>\n<meta property=\"og:site_name\" content=\"Ranoja\" \/>\n<meta property=\"article:publisher\" content=\"https:\/\/www.facebook.com\/ranoja.ee\" \/>\n<meta property=\"article:modified_time\" content=\"2026-03-17T12:40:39+00:00\" \/>\n<meta property=\"og:image\" content=\"https:\/\/ranoja.ee\/wp-content\/uploads\/2026\/03\/232429306.jpg\" \/>\n\t<meta property=\"og:image:width\" content=\"705\" \/>\n\t<meta property=\"og:image:height\" content=\"768\" \/>\n\t<meta property=\"og:image:type\" content=\"image\/jpeg\" \/>\n<meta name=\"twitter:card\" content=\"summary_large_image\" \/>\n<script type=\"application\/ld+json\" class=\"yoast-schema-graph\">{\"@context\":\"https:\\\/\\\/schema.org\",\"@graph\":[{\"@type\":\"WebPage\",\"@id\":\"https:\\\/\\\/ranoja.ee\\\/toode\\\/saepink-hs105-scheppach\\\/\",\"url\":\"https:\\\/\\\/ranoja.ee\\\/toode\\\/saepink-hs105-scheppach\\\/\",\"name\":\"Saepink HS105, Scheppach - Ranoja\",\"isPartOf\":{\"@id\":\"https:\\\/\\\/ranoja.ee\\\/#website\"},\"primaryImageOfPage\":{\"@id\":\"https:\\\/\\\/ranoja.ee\\\/toode\\\/saepink-hs105-scheppach\\\/#primaryimage\"},\"image\":{\"@id\":\"https:\\\/\\\/ranoja.ee\\\/toode\\\/saepink-hs105-scheppach\\\/#primaryimage\"},\"thumbnailUrl\":\"https:\\\/\\\/ranoja.ee\\\/wp-content\\\/uploads\\\/2026\\\/03\\\/232429306.jpg\",\"datePublished\":\"2026-03-16T23:11:27+00:00\",\"dateModified\":\"2026-03-17T12:40:39+00:00\",\"breadcrumb\":{\"@id\":\"https:\\\/\\\/ranoja.ee\\\/toode\\\/saepink-hs105-scheppach\\\/#breadcrumb\"},\"inLanguage\":\"en-US\",\"potentialAction\":[{\"@type\":\"ReadAction\",\"target\":[\"https:\\\/\\\/ranoja.ee\\\/toode\\\/saepink-hs105-scheppach\\\/\"]}]},{\"@type\":\"ImageObject\",\"inLanguage\":\"en-US\",\"@id\":\"https:\\\/\\\/ranoja.ee\\\/toode\\\/saepink-hs105-scheppach\\\/#primaryimage\",\"url\":\"https:\\\/\\\/ranoja.ee\\\/wp-content\\\/uploads\\\/2026\\\/03\\\/232429306.jpg\",\"contentUrl\":\"https:\\\/\\\/ranoja.ee\\\/wp-content\\\/uploads\\\/2026\\\/03\\\/232429306.jpg\",\"width\":705,\"height\":768},{\"@type\":\"BreadcrumbList\",\"@id\":\"https:\\\/\\\/ranoja.ee\\\/toode\\\/saepink-hs105-scheppach\\\/#breadcrumb\",\"itemListElement\":[{\"@type\":\"ListItem\",\"position\":1,\"name\":\"Home\",\"item\":\"https:\\\/\\\/ranoja.ee\\\/\"},{\"@type\":\"ListItem\",\"position\":2,\"name\":\"Shop\",\"item\":\"https:\\\/\\\/ranoja.ee\\\/en\\\/shop\\\/\"},{\"@type\":\"ListItem\",\"position\":3,\"name\":\"Saepink HS105, Scheppach\"}]},{\"@type\":\"WebSite\",\"@id\":\"https:\\\/\\\/ranoja.ee\\\/#website\",\"url\":\"https:\\\/\\\/ranoja.ee\\\/\",\"name\":\"Ranoja\",\"description\":\"Equipment Shop WooCommerce WordPress Theme for Machine &amp; Tools\",\"publisher\":{\"@id\":\"https:\\\/\\\/ranoja.ee\\\/#organization\"},\"potentialAction\":[{\"@type\":\"SearchAction\",\"target\":{\"@type\":\"EntryPoint\",\"urlTemplate\":\"https:\\\/\\\/ranoja.ee\\\/?s={search_term_string}\"},\"query-input\":{\"@type\":\"PropertyValueSpecification\",\"valueRequired\":true,\"valueName\":\"search_term_string\"}}],\"inLanguage\":\"en-US\"},{\"@type\":\"Organization\",\"@id\":\"https:\\\/\\\/ranoja.ee\\\/#organization\",\"name\":\"Ranoja O\u00dc\",\"url\":\"https:\\\/\\\/ranoja.ee\\\/\",\"logo\":{\"@type\":\"ImageObject\",\"inLanguage\":\"en-US\",\"@id\":\"https:\\\/\\\/ranoja.ee\\\/#\\\/schema\\\/logo\\\/image\\\/\",\"url\":\"https:\\\/\\\/ranoja.ee\\\/wp-content\\\/uploads\\\/2023\\\/11\\\/ranoja-Logo.png\",\"contentUrl\":\"https:\\\/\\\/ranoja.ee\\\/wp-content\\\/uploads\\\/2023\\\/11\\\/ranoja-Logo.png\",\"width\":207,\"height\":58,\"caption\":\"Ranoja O\u00dc\"},\"image\":{\"@id\":\"https:\\\/\\\/ranoja.ee\\\/#\\\/schema\\\/logo\\\/image\\\/\"},\"sameAs\":[\"https:\\\/\\\/www.facebook.com\\\/ranoja.ee\",\"https:\\\/\\\/www.instagram.com\\\/ranoja__\\\/\"]}]}<\/script>\n<!-- \/ Yoast SEO plugin. -->","yoast_head_json":{"title":"Saepink HS105, Scheppach - Ranoja","robots":{"index":"index","follow":"follow","max-snippet":"max-snippet:-1","max-image-preview":"max-image-preview:large","max-video-preview":"max-video-preview:-1"},"canonical":"https:\/\/ranoja.ee\/toode\/saepink-hs105-scheppach\/","og_locale":"en_US","og_type":"article","og_title":"Saepink HS105, Scheppach - Ranoja","og_description":"Scheppachi jalgadel saepink HS 105 sobib nii koju, kui ka v\u00e4iksemasse t\u00f6\u00f6kotta.  M\u00f5\u00f5tmed P\/L\/K: 920 x 720 x 1080 mm Saeketas: 255 mm Laua suurus: 640 x 920 mm L\u00f5ikes\u00fcgavus 90\u00b0juures: 75 mm L\u00f5ikes\u00fcgavus 45\u00b0juures: 50 mm Mootor: 230 V Sisendv\u00f5imsus: 2,0 kW Vastupidav pulberv\u00e4rviga kaetud lehtterasest konstruktsioon Puruimeja liitmik koos imivoolikuga Saeketta k\u00f5rguse pidev reguleerimine k\u00e4siratta abil Vastupidav alumiiniumist paralleeljuhik","og_url":"https:\/\/ranoja.ee\/toode\/saepink-hs105-scheppach\/","og_site_name":"Ranoja","article_publisher":"https:\/\/www.facebook.com\/ranoja.ee","article_modified_time":"2026-03-17T12:40:39+00:00","og_image":[{"width":705,"height":768,"url":"https:\/\/ranoja.ee\/wp-content\/uploads\/2026\/03\/232429306.jpg","type":"image\/jpeg"}],"twitter_card":"summary_large_image","schema":{"@context":"https:\/\/schema.org","@graph":[{"@type":"WebPage","@id":"https:\/\/ranoja.ee\/toode\/saepink-hs105-scheppach\/","url":"https:\/\/ranoja.ee\/toode\/saepink-hs105-scheppach\/","name":"Saepink HS105, Scheppach - Ranoja","isPartOf":{"@id":"https:\/\/ranoja.ee\/#website"},"primaryImageOfPage":{"@id":"https:\/\/ranoja.ee\/toode\/saepink-hs105-scheppach\/#primaryimage"},"image":{"@id":"https:\/\/ranoja.ee\/toode\/saepink-hs105-scheppach\/#primaryimage"},"thumbnailUrl":"https:\/\/ranoja.ee\/wp-content\/uploads\/2026\/03\/232429306.jpg","datePublished":"2026-03-16T23:11:27+00:00","dateModified":"2026-03-17T12:40:39+00:00","breadcrumb":{"@id":"https:\/\/ranoja.ee\/toode\/saepink-hs105-scheppach\/#breadcrumb"},"inLanguage":"en-US","potentialAction":[{"@type":"ReadAction","target":["https:\/\/ranoja.ee\/toode\/saepink-hs105-scheppach\/"]}]},{"@type":"ImageObject","inLanguage":"en-US","@id":"https:\/\/ranoja.ee\/toode\/saepink-hs105-scheppach\/#primaryimage","url":"https:\/\/ranoja.ee\/wp-content\/uploads\/2026\/03\/232429306.jpg","contentUrl":"https:\/\/ranoja.ee\/wp-content\/uploads\/2026\/03\/232429306.jpg","width":705,"height":768},{"@type":"BreadcrumbList","@id":"https:\/\/ranoja.ee\/toode\/saepink-hs105-scheppach\/#breadcrumb","itemListElement":[{"@type":"ListItem","position":1,"name":"Home","item":"https:\/\/ranoja.ee\/"},{"@type":"ListItem","position":2,"name":"Shop","item":"https:\/\/ranoja.ee\/en\/shop\/"},{"@type":"ListItem","position":3,"name":"Saepink HS105, Scheppach"}]},{"@type":"WebSite","@id":"https:\/\/ranoja.ee\/#website","url":"https:\/\/ranoja.ee\/","name":"Ranoja","description":"Equipment Shop WooCommerce WordPress Theme for Machine &amp; Tools","publisher":{"@id":"https:\/\/ranoja.ee\/#organization"},"potentialAction":[{"@type":"SearchAction","target":{"@type":"EntryPoint","urlTemplate":"https:\/\/ranoja.ee\/?s={search_term_string}"},"query-input":{"@type":"PropertyValueSpecification","valueRequired":true,"valueName":"search_term_string"}}],"inLanguage":"en-US"},{"@type":"Organization","@id":"https:\/\/ranoja.ee\/#organization","name":"Ranoja O\u00dc","url":"https:\/\/ranoja.ee\/","logo":{"@type":"ImageObject","inLanguage":"en-US","@id":"https:\/\/ranoja.ee\/#\/schema\/logo\/image\/","url":"https:\/\/ranoja.ee\/wp-content\/uploads\/2023\/11\/ranoja-Logo.png","contentUrl":"https:\/\/ranoja.ee\/wp-content\/uploads\/2023\/11\/ranoja-Logo.png","width":207,"height":58,"caption":"Ranoja O\u00dc"},"image":{"@id":"https:\/\/ranoja.ee\/#\/schema\/logo\/image\/"},"sameAs":["https:\/\/www.facebook.com\/ranoja.ee","https:\/\/www.instagram.com\/ranoja__\/"]}]}},"_links":{"self":[{"href":"https:\/\/ranoja.ee\/en\/wp-json\/wp\/v2\/product\/59586","targetHints":{"allow":["GET"]}}],"collection":[{"href":"https:\/\/ranoja.ee\/en\/wp-json\/wp\/v2\/product"}],"about":[{"href":"https:\/\/ranoja.ee\/en\/wp-json\/wp\/v2\/types\/product"}],"wp:featuredmedia":[{"embeddable":true,"href":"https:\/\/ranoja.ee\/en\/wp-json\/wp\/v2\/media\/59587"}],"wp:attachment":[{"href":"https:\/\/ranoja.ee\/en\/wp-json\/wp\/v2\/media?parent=59586"}],"wp:term":[{"taxonomy":"product_cat","embeddable":true,"href":"https:\/\/ranoja.ee\/en\/wp-json\/wp\/v2\/product_cat?post=59586"},{"taxonomy":"product_tag","embeddable":true,"href":"https:\/\/ranoja.ee\/en\/wp-json\/wp\/v2\/product_tag?post=59586"}],"curies":[{"name":"wp","href":"https:\/\/api.w.org\/{rel}","templated":true}]}}