{"id":59544,"date":"2026-03-17T02:11:05","date_gmt":"2026-03-16T23:11:05","guid":{"rendered":"https:\/\/ranoja.ee\/toode\/tooriistakomplekt-tb150-kohvris-101-osaline-scheppach\/"},"modified":"2026-03-17T15:40:40","modified_gmt":"2026-03-17T12:40:40","slug":"tooriistakomplekt-tb150-kohvris-101-osaline-scheppach","status":"publish","type":"product","link":"https:\/\/ranoja.ee\/en\/toode\/tooriistakomplekt-tb150-kohvris-101-osaline-scheppach\/","title":{"rendered":"T\u00f6\u00f6riistakomplekt TB150 kohvris, 101 osaline, Scheppach"},"content":{"rendered":"","protected":false},"excerpt":{"rendered":"<p>T\u00f6\u00f6riistakomplekt TB150 on parim valik k\u00f5igile DIY entusiastidele, kes otsivad universaalset ja sisuka valikuga t\u00f6\u00f6tiistakomplekti. Komplekt koosneb kohvrist ja 101 osalisest t\u00f6\u00f6riistakomplektist, kuhu kuuluvad k\u00f5ik kodumajapidamises vajalikud t\u00f6\u00f6riistad alustades haamrist ja l\u00f5petades tangidega.<\/p>\n<p>Komplekti kuulub: <br \/>\nTugev ja kompaktne metallist t\u00f6\u00f6riistakohver m\u00f5\u00f5tudega 46 x 15 x 32 cm<br \/>\n101 osaline t\u00f6\u00f6riistakomplekt kodumajapidamisse:<br \/>\nveepumbatangid, narre, k\u00fclgl\u00f5iketangid,<br \/>\nn\u00e4pitstangid, 2 liigendadapterit,<br \/>\n2 otsakuadapterit, 1 padruniadapter,<br \/>\n17 spadrunit, 5 otsakuadapterit,<br \/>\n3 liigendadapterit + 1 koos libisev T- adapter<br \/>\n5 m m\u00f5\u00f5dulint, haamer, nuga, saag, 7 kuuskantv\u00f5tit, otsakukomplekt 27 osa, 8 lehtsilmusv\u00f5tit, 6 kruvikeerajat, 2 t\u00e4ppis kruvikeerajat, pingetester. <\/p>\n<p>M\u00f5\u00f5dud: 460 x 151 x 320 mm<br \/>\nT\u00f6\u00f6riistad on valmistatud kroomvanaadiumist<br \/>\nKasutamiseks nii toas, kui \u00f5ues<\/p>\n","protected":false},"featured_media":59545,"template":"","meta":{"inline_featured_image":false},"product_cat":[1596,1116,5168,5169],"product_tag":[],"class_list":{"0":"post-59544","1":"product","2":"type-product","3":"status-publish","4":"has-post-thumbnail","6":"product_brand-scheppach","7":"product_cat-kasitooriistad","8":"product_cat-lisaseadmed-ehitusseadmed-led-lisatuled-cb-raadiod-lallar","9":"product_cat-tooriista-komplektid","10":"product_cat-universaalsed-tooriistakomplektid","12":"first","13":"instock","14":"purchasable","15":"product-type-simple"},"yoast_head":"<!-- This site is optimized with the Yoast SEO plugin v27.4 - https:\/\/yoast.com\/product\/yoast-seo-wordpress\/ -->\n<title>T\u00f6\u00f6riistakomplekt TB150 kohvris, 101 osaline, Scheppach - Ranoja<\/title>\n<meta name=\"robots\" content=\"index, follow, max-snippet:-1, max-image-preview:large, max-video-preview:-1\" \/>\n<link rel=\"canonical\" href=\"https:\/\/ranoja.ee\/toode\/tooriistakomplekt-tb150-kohvris-101-osaline-scheppach\/\" \/>\n<meta property=\"og:locale\" content=\"en_US\" \/>\n<meta property=\"og:type\" content=\"article\" \/>\n<meta property=\"og:title\" content=\"T\u00f6\u00f6riistakomplekt TB150 kohvris, 101 osaline, Scheppach - Ranoja\" \/>\n<meta property=\"og:description\" content=\"T\u00f6\u00f6riistakomplekt TB150 on parim valik k\u00f5igile DIY entusiastidele, kes otsivad universaalset ja sisuka valikuga t\u00f6\u00f6tiistakomplekti. Komplekt koosneb kohvrist ja 101 osalisest t\u00f6\u00f6riistakomplektist, kuhu kuuluvad k\u00f5ik kodumajapidamises vajalikud t\u00f6\u00f6riistad alustades haamrist ja l\u00f5petades tangidega. Komplekti kuulub: Tugev ja kompaktne metallist t\u00f6\u00f6riistakohver m\u00f5\u00f5tudega 46 x 15 x 32 cm 101 osaline t\u00f6\u00f6riistakomplekt kodumajapidamisse: veepumbatangid, narre, k\u00fclgl\u00f5iketangid, n\u00e4pitstangid, 2 liigendadapterit, 2 otsakuadapterit, 1 padruniadapter, 17 spadrunit, 5 otsakuadapterit, 3 liigendadapterit + 1 koos libisev T- adapter 5 m m\u00f5\u00f5dulint, haamer, nuga, saag, 7 kuuskantv\u00f5tit, otsakukomplekt 27 osa, 8 lehtsilmusv\u00f5tit, 6 kruvikeerajat, 2 t\u00e4ppis kruvikeerajat, pingetester.  M\u00f5\u00f5dud: 460 x 151 x 320 mm T\u00f6\u00f6riistad on valmistatud kroomvanaadiumist Kasutamiseks nii toas, kui \u00f5ues\" \/>\n<meta property=\"og:url\" content=\"https:\/\/ranoja.ee\/toode\/tooriistakomplekt-tb150-kohvris-101-osaline-scheppach\/\" \/>\n<meta property=\"og:site_name\" content=\"Ranoja\" \/>\n<meta property=\"article:publisher\" content=\"https:\/\/www.facebook.com\/ranoja.ee\" \/>\n<meta property=\"article:modified_time\" content=\"2026-03-17T12:40:40+00:00\" \/>\n<meta property=\"og:image\" content=\"https:\/\/ranoja.ee\/wp-content\/uploads\/2026\/03\/232066614.jpg\" \/>\n\t<meta property=\"og:image:width\" content=\"690\" \/>\n\t<meta property=\"og:image:height\" content=\"768\" \/>\n\t<meta property=\"og:image:type\" content=\"image\/jpeg\" \/>\n<meta name=\"twitter:card\" content=\"summary_large_image\" \/>\n<script type=\"application\/ld+json\" class=\"yoast-schema-graph\">{\"@context\":\"https:\\\/\\\/schema.org\",\"@graph\":[{\"@type\":\"WebPage\",\"@id\":\"https:\\\/\\\/ranoja.ee\\\/toode\\\/tooriistakomplekt-tb150-kohvris-101-osaline-scheppach\\\/\",\"url\":\"https:\\\/\\\/ranoja.ee\\\/toode\\\/tooriistakomplekt-tb150-kohvris-101-osaline-scheppach\\\/\",\"name\":\"T\u00f6\u00f6riistakomplekt TB150 kohvris, 101 osaline, Scheppach - Ranoja\",\"isPartOf\":{\"@id\":\"https:\\\/\\\/ranoja.ee\\\/#website\"},\"primaryImageOfPage\":{\"@id\":\"https:\\\/\\\/ranoja.ee\\\/toode\\\/tooriistakomplekt-tb150-kohvris-101-osaline-scheppach\\\/#primaryimage\"},\"image\":{\"@id\":\"https:\\\/\\\/ranoja.ee\\\/toode\\\/tooriistakomplekt-tb150-kohvris-101-osaline-scheppach\\\/#primaryimage\"},\"thumbnailUrl\":\"https:\\\/\\\/ranoja.ee\\\/wp-content\\\/uploads\\\/2026\\\/03\\\/232066614.jpg\",\"datePublished\":\"2026-03-16T23:11:05+00:00\",\"dateModified\":\"2026-03-17T12:40:40+00:00\",\"breadcrumb\":{\"@id\":\"https:\\\/\\\/ranoja.ee\\\/toode\\\/tooriistakomplekt-tb150-kohvris-101-osaline-scheppach\\\/#breadcrumb\"},\"inLanguage\":\"en-US\",\"potentialAction\":[{\"@type\":\"ReadAction\",\"target\":[\"https:\\\/\\\/ranoja.ee\\\/toode\\\/tooriistakomplekt-tb150-kohvris-101-osaline-scheppach\\\/\"]}]},{\"@type\":\"ImageObject\",\"inLanguage\":\"en-US\",\"@id\":\"https:\\\/\\\/ranoja.ee\\\/toode\\\/tooriistakomplekt-tb150-kohvris-101-osaline-scheppach\\\/#primaryimage\",\"url\":\"https:\\\/\\\/ranoja.ee\\\/wp-content\\\/uploads\\\/2026\\\/03\\\/232066614.jpg\",\"contentUrl\":\"https:\\\/\\\/ranoja.ee\\\/wp-content\\\/uploads\\\/2026\\\/03\\\/232066614.jpg\",\"width\":690,\"height\":768},{\"@type\":\"BreadcrumbList\",\"@id\":\"https:\\\/\\\/ranoja.ee\\\/toode\\\/tooriistakomplekt-tb150-kohvris-101-osaline-scheppach\\\/#breadcrumb\",\"itemListElement\":[{\"@type\":\"ListItem\",\"position\":1,\"name\":\"Home\",\"item\":\"https:\\\/\\\/ranoja.ee\\\/\"},{\"@type\":\"ListItem\",\"position\":2,\"name\":\"Shop\",\"item\":\"https:\\\/\\\/ranoja.ee\\\/en\\\/shop\\\/\"},{\"@type\":\"ListItem\",\"position\":3,\"name\":\"T\u00f6\u00f6riistakomplekt TB150 kohvris, 101 osaline, Scheppach\"}]},{\"@type\":\"WebSite\",\"@id\":\"https:\\\/\\\/ranoja.ee\\\/#website\",\"url\":\"https:\\\/\\\/ranoja.ee\\\/\",\"name\":\"Ranoja\",\"description\":\"Equipment Shop WooCommerce WordPress Theme for Machine &amp; Tools\",\"publisher\":{\"@id\":\"https:\\\/\\\/ranoja.ee\\\/#organization\"},\"potentialAction\":[{\"@type\":\"SearchAction\",\"target\":{\"@type\":\"EntryPoint\",\"urlTemplate\":\"https:\\\/\\\/ranoja.ee\\\/?s={search_term_string}\"},\"query-input\":{\"@type\":\"PropertyValueSpecification\",\"valueRequired\":true,\"valueName\":\"search_term_string\"}}],\"inLanguage\":\"en-US\"},{\"@type\":\"Organization\",\"@id\":\"https:\\\/\\\/ranoja.ee\\\/#organization\",\"name\":\"Ranoja O\u00dc\",\"url\":\"https:\\\/\\\/ranoja.ee\\\/\",\"logo\":{\"@type\":\"ImageObject\",\"inLanguage\":\"en-US\",\"@id\":\"https:\\\/\\\/ranoja.ee\\\/#\\\/schema\\\/logo\\\/image\\\/\",\"url\":\"https:\\\/\\\/ranoja.ee\\\/wp-content\\\/uploads\\\/2023\\\/11\\\/ranoja-Logo.png\",\"contentUrl\":\"https:\\\/\\\/ranoja.ee\\\/wp-content\\\/uploads\\\/2023\\\/11\\\/ranoja-Logo.png\",\"width\":207,\"height\":58,\"caption\":\"Ranoja O\u00dc\"},\"image\":{\"@id\":\"https:\\\/\\\/ranoja.ee\\\/#\\\/schema\\\/logo\\\/image\\\/\"},\"sameAs\":[\"https:\\\/\\\/www.facebook.com\\\/ranoja.ee\",\"https:\\\/\\\/www.instagram.com\\\/ranoja__\\\/\"]}]}<\/script>\n<!-- \/ Yoast SEO plugin. -->","yoast_head_json":{"title":"T\u00f6\u00f6riistakomplekt TB150 kohvris, 101 osaline, Scheppach - Ranoja","robots":{"index":"index","follow":"follow","max-snippet":"max-snippet:-1","max-image-preview":"max-image-preview:large","max-video-preview":"max-video-preview:-1"},"canonical":"https:\/\/ranoja.ee\/toode\/tooriistakomplekt-tb150-kohvris-101-osaline-scheppach\/","og_locale":"en_US","og_type":"article","og_title":"T\u00f6\u00f6riistakomplekt TB150 kohvris, 101 osaline, Scheppach - Ranoja","og_description":"T\u00f6\u00f6riistakomplekt TB150 on parim valik k\u00f5igile DIY entusiastidele, kes otsivad universaalset ja sisuka valikuga t\u00f6\u00f6tiistakomplekti. Komplekt koosneb kohvrist ja 101 osalisest t\u00f6\u00f6riistakomplektist, kuhu kuuluvad k\u00f5ik kodumajapidamises vajalikud t\u00f6\u00f6riistad alustades haamrist ja l\u00f5petades tangidega. Komplekti kuulub: Tugev ja kompaktne metallist t\u00f6\u00f6riistakohver m\u00f5\u00f5tudega 46 x 15 x 32 cm 101 osaline t\u00f6\u00f6riistakomplekt kodumajapidamisse: veepumbatangid, narre, k\u00fclgl\u00f5iketangid, n\u00e4pitstangid, 2 liigendadapterit, 2 otsakuadapterit, 1 padruniadapter, 17 spadrunit, 5 otsakuadapterit, 3 liigendadapterit + 1 koos libisev T- adapter 5 m m\u00f5\u00f5dulint, haamer, nuga, saag, 7 kuuskantv\u00f5tit, otsakukomplekt 27 osa, 8 lehtsilmusv\u00f5tit, 6 kruvikeerajat, 2 t\u00e4ppis kruvikeerajat, pingetester.  M\u00f5\u00f5dud: 460 x 151 x 320 mm T\u00f6\u00f6riistad on valmistatud kroomvanaadiumist Kasutamiseks nii toas, kui \u00f5ues","og_url":"https:\/\/ranoja.ee\/toode\/tooriistakomplekt-tb150-kohvris-101-osaline-scheppach\/","og_site_name":"Ranoja","article_publisher":"https:\/\/www.facebook.com\/ranoja.ee","article_modified_time":"2026-03-17T12:40:40+00:00","og_image":[{"width":690,"height":768,"url":"https:\/\/ranoja.ee\/wp-content\/uploads\/2026\/03\/232066614.jpg","type":"image\/jpeg"}],"twitter_card":"summary_large_image","schema":{"@context":"https:\/\/schema.org","@graph":[{"@type":"WebPage","@id":"https:\/\/ranoja.ee\/toode\/tooriistakomplekt-tb150-kohvris-101-osaline-scheppach\/","url":"https:\/\/ranoja.ee\/toode\/tooriistakomplekt-tb150-kohvris-101-osaline-scheppach\/","name":"T\u00f6\u00f6riistakomplekt TB150 kohvris, 101 osaline, Scheppach - Ranoja","isPartOf":{"@id":"https:\/\/ranoja.ee\/#website"},"primaryImageOfPage":{"@id":"https:\/\/ranoja.ee\/toode\/tooriistakomplekt-tb150-kohvris-101-osaline-scheppach\/#primaryimage"},"image":{"@id":"https:\/\/ranoja.ee\/toode\/tooriistakomplekt-tb150-kohvris-101-osaline-scheppach\/#primaryimage"},"thumbnailUrl":"https:\/\/ranoja.ee\/wp-content\/uploads\/2026\/03\/232066614.jpg","datePublished":"2026-03-16T23:11:05+00:00","dateModified":"2026-03-17T12:40:40+00:00","breadcrumb":{"@id":"https:\/\/ranoja.ee\/toode\/tooriistakomplekt-tb150-kohvris-101-osaline-scheppach\/#breadcrumb"},"inLanguage":"en-US","potentialAction":[{"@type":"ReadAction","target":["https:\/\/ranoja.ee\/toode\/tooriistakomplekt-tb150-kohvris-101-osaline-scheppach\/"]}]},{"@type":"ImageObject","inLanguage":"en-US","@id":"https:\/\/ranoja.ee\/toode\/tooriistakomplekt-tb150-kohvris-101-osaline-scheppach\/#primaryimage","url":"https:\/\/ranoja.ee\/wp-content\/uploads\/2026\/03\/232066614.jpg","contentUrl":"https:\/\/ranoja.ee\/wp-content\/uploads\/2026\/03\/232066614.jpg","width":690,"height":768},{"@type":"BreadcrumbList","@id":"https:\/\/ranoja.ee\/toode\/tooriistakomplekt-tb150-kohvris-101-osaline-scheppach\/#breadcrumb","itemListElement":[{"@type":"ListItem","position":1,"name":"Home","item":"https:\/\/ranoja.ee\/"},{"@type":"ListItem","position":2,"name":"Shop","item":"https:\/\/ranoja.ee\/en\/shop\/"},{"@type":"ListItem","position":3,"name":"T\u00f6\u00f6riistakomplekt TB150 kohvris, 101 osaline, Scheppach"}]},{"@type":"WebSite","@id":"https:\/\/ranoja.ee\/#website","url":"https:\/\/ranoja.ee\/","name":"Ranoja","description":"Equipment Shop WooCommerce WordPress Theme for Machine &amp; Tools","publisher":{"@id":"https:\/\/ranoja.ee\/#organization"},"potentialAction":[{"@type":"SearchAction","target":{"@type":"EntryPoint","urlTemplate":"https:\/\/ranoja.ee\/?s={search_term_string}"},"query-input":{"@type":"PropertyValueSpecification","valueRequired":true,"valueName":"search_term_string"}}],"inLanguage":"en-US"},{"@type":"Organization","@id":"https:\/\/ranoja.ee\/#organization","name":"Ranoja O\u00dc","url":"https:\/\/ranoja.ee\/","logo":{"@type":"ImageObject","inLanguage":"en-US","@id":"https:\/\/ranoja.ee\/#\/schema\/logo\/image\/","url":"https:\/\/ranoja.ee\/wp-content\/uploads\/2023\/11\/ranoja-Logo.png","contentUrl":"https:\/\/ranoja.ee\/wp-content\/uploads\/2023\/11\/ranoja-Logo.png","width":207,"height":58,"caption":"Ranoja O\u00dc"},"image":{"@id":"https:\/\/ranoja.ee\/#\/schema\/logo\/image\/"},"sameAs":["https:\/\/www.facebook.com\/ranoja.ee","https:\/\/www.instagram.com\/ranoja__\/"]}]}},"_links":{"self":[{"href":"https:\/\/ranoja.ee\/en\/wp-json\/wp\/v2\/product\/59544","targetHints":{"allow":["GET"]}}],"collection":[{"href":"https:\/\/ranoja.ee\/en\/wp-json\/wp\/v2\/product"}],"about":[{"href":"https:\/\/ranoja.ee\/en\/wp-json\/wp\/v2\/types\/product"}],"wp:featuredmedia":[{"embeddable":true,"href":"https:\/\/ranoja.ee\/en\/wp-json\/wp\/v2\/media\/59545"}],"wp:attachment":[{"href":"https:\/\/ranoja.ee\/en\/wp-json\/wp\/v2\/media?parent=59544"}],"wp:term":[{"taxonomy":"product_cat","embeddable":true,"href":"https:\/\/ranoja.ee\/en\/wp-json\/wp\/v2\/product_cat?post=59544"},{"taxonomy":"product_tag","embeddable":true,"href":"https:\/\/ranoja.ee\/en\/wp-json\/wp\/v2\/product_tag?post=59544"}],"curies":[{"name":"wp","href":"https:\/\/api.w.org\/{rel}","templated":true}]}}