{"id":59530,"date":"2026-03-17T02:11:05","date_gmt":"2026-03-16T23:11:05","guid":{"rendered":"https:\/\/ranoja.ee\/toode\/veekindel-universaalmaare-ls-multipurpose-lical-2-3-400g-valvoline\/"},"modified":"2026-03-17T15:40:40","modified_gmt":"2026-03-17T12:40:40","slug":"veekindel-universaalmaare-ls-multipurpose-lical-2-3-400g-valvoline","status":"publish","type":"product","link":"https:\/\/ranoja.ee\/en\/toode\/veekindel-universaalmaare-ls-multipurpose-lical-2-3-400g-valvoline\/","title":{"rendered":"Veekindel universaalm\u00e4\u00e4re LS Multipurpose Lical 2\/3 400g, Valvoline"},"content":{"rendered":"","protected":false},"excerpt":{"rendered":"<p>LS &#8211; Lubeshuttle tuubis.<br \/>\nMineraal\u00f5li baasiline liitium\/kaltsium tahkestil valmistatud mitmeotstarbeline m\u00e4\u00e4re. K\u00f5rgkoormus lisandid ning esmaklassiline kleepuvus ja veekindlusp\u00fcsivus teevad selle m\u00e4\u00e4rde ideaalseks kasutamiseks seadmetel ja masinatel mis t\u00f6\u00f6tavad rasketes ja niisketes tingimustes.<br \/>\nKasutuskohad: Metsandus-, p\u00f5llumajandus- ja ehitusmasinad ja seadmed mis t\u00f6\u00f6tavad niisketes oludes v\u00f5i vee keskkonnas roomikrullidele, avatud hammas \u00fclekannetele, liugpindadele, kettidele ja trossidele, liigentitele  jms. Laevanduses tekimasinate \u00fclekannete m\u00e4\u00e4rimiseks, vintsidel ja trossidel. T\u00f6\u00f6stusseadmete m\u00e4\u00e4rimiseks mis t\u00f6\u00f6tavad pidevalt niisketes tingimustes nagu paberimasinad jms.<br \/>\nBaas\u00f5li: Mineraalne<br \/>\nTahkesti: Liitium\/kaltsium<br \/>\nBaas\u00f5li viskoossus: 240<br \/>\nKasutus tepmeratuurivahemik:<br \/>\nV\u00e4rvus: Tumepruun<br \/>\nKonsistentsusklass: NLGI:2\/3<br \/>\nJ\u00f5udlustasemed: DIN 51502: KP2K &#8211; 20<\/p>\n","protected":false},"featured_media":59531,"template":"","meta":{"inline_featured_image":false},"product_cat":[5041,5013,5012],"product_tag":[],"class_list":{"0":"post-59530","1":"product","2":"type-product","3":"status-publish","4":"has-post-thumbnail","6":"product_brand-valvoline","7":"product_cat-liitium-kaltsiummaarded","8":"product_cat-maarded","9":"product_cat-olid-ja-maardeained","11":"first","12":"instock","13":"purchasable","14":"product-type-simple"},"yoast_head":"<!-- This site is optimized with the Yoast SEO plugin v27.4 - https:\/\/yoast.com\/product\/yoast-seo-wordpress\/ -->\n<title>Veekindel universaalm\u00e4\u00e4re LS Multipurpose Lical 2\/3 400g, Valvoline - Ranoja<\/title>\n<meta name=\"robots\" content=\"index, follow, max-snippet:-1, max-image-preview:large, max-video-preview:-1\" \/>\n<link rel=\"canonical\" href=\"https:\/\/ranoja.ee\/toode\/veekindel-universaalmaare-ls-multipurpose-lical-2-3-400g-valvoline\/\" \/>\n<meta property=\"og:locale\" content=\"en_US\" \/>\n<meta property=\"og:type\" content=\"article\" \/>\n<meta property=\"og:title\" content=\"Veekindel universaalm\u00e4\u00e4re LS Multipurpose Lical 2\/3 400g, Valvoline - Ranoja\" \/>\n<meta property=\"og:description\" content=\"LS - Lubeshuttle tuubis. Mineraal\u00f5li baasiline liitium\/kaltsium tahkestil valmistatud mitmeotstarbeline m\u00e4\u00e4re. K\u00f5rgkoormus lisandid ning esmaklassiline kleepuvus ja veekindlusp\u00fcsivus teevad selle m\u00e4\u00e4rde ideaalseks kasutamiseks seadmetel ja masinatel mis t\u00f6\u00f6tavad rasketes ja niisketes tingimustes. Kasutuskohad: Metsandus-, p\u00f5llumajandus- ja ehitusmasinad ja seadmed mis t\u00f6\u00f6tavad niisketes oludes v\u00f5i vee keskkonnas roomikrullidele, avatud hammas \u00fclekannetele, liugpindadele, kettidele ja trossidele, liigentitele jms. Laevanduses tekimasinate \u00fclekannete m\u00e4\u00e4rimiseks, vintsidel ja trossidel. T\u00f6\u00f6stusseadmete m\u00e4\u00e4rimiseks mis t\u00f6\u00f6tavad pidevalt niisketes tingimustes nagu paberimasinad jms. Baas\u00f5li: Mineraalne Tahkesti: Liitium\/kaltsium Baas\u00f5li viskoossus: 240 Kasutus tepmeratuurivahemik: V\u00e4rvus: Tumepruun Konsistentsusklass: NLGI:2\/3 J\u00f5udlustasemed: DIN 51502: KP2K - 20\" \/>\n<meta property=\"og:url\" content=\"https:\/\/ranoja.ee\/toode\/veekindel-universaalmaare-ls-multipurpose-lical-2-3-400g-valvoline\/\" \/>\n<meta property=\"og:site_name\" content=\"Ranoja\" \/>\n<meta property=\"article:publisher\" content=\"https:\/\/www.facebook.com\/ranoja.ee\" \/>\n<meta property=\"article:modified_time\" content=\"2026-03-17T12:40:40+00:00\" \/>\n<meta property=\"og:image\" content=\"https:\/\/ranoja.ee\/wp-content\/uploads\/2026\/03\/214807294.jpg\" \/>\n\t<meta property=\"og:image:width\" content=\"228\" \/>\n\t<meta property=\"og:image:height\" content=\"768\" \/>\n\t<meta property=\"og:image:type\" content=\"image\/jpeg\" \/>\n<meta name=\"twitter:card\" content=\"summary_large_image\" \/>\n<script type=\"application\/ld+json\" class=\"yoast-schema-graph\">{\"@context\":\"https:\\\/\\\/schema.org\",\"@graph\":[{\"@type\":\"WebPage\",\"@id\":\"https:\\\/\\\/ranoja.ee\\\/toode\\\/veekindel-universaalmaare-ls-multipurpose-lical-2-3-400g-valvoline\\\/\",\"url\":\"https:\\\/\\\/ranoja.ee\\\/toode\\\/veekindel-universaalmaare-ls-multipurpose-lical-2-3-400g-valvoline\\\/\",\"name\":\"Veekindel universaalm\u00e4\u00e4re LS Multipurpose Lical 2\\\/3 400g, Valvoline - Ranoja\",\"isPartOf\":{\"@id\":\"https:\\\/\\\/ranoja.ee\\\/#website\"},\"primaryImageOfPage\":{\"@id\":\"https:\\\/\\\/ranoja.ee\\\/toode\\\/veekindel-universaalmaare-ls-multipurpose-lical-2-3-400g-valvoline\\\/#primaryimage\"},\"image\":{\"@id\":\"https:\\\/\\\/ranoja.ee\\\/toode\\\/veekindel-universaalmaare-ls-multipurpose-lical-2-3-400g-valvoline\\\/#primaryimage\"},\"thumbnailUrl\":\"https:\\\/\\\/ranoja.ee\\\/wp-content\\\/uploads\\\/2026\\\/03\\\/214807294.jpg\",\"datePublished\":\"2026-03-16T23:11:05+00:00\",\"dateModified\":\"2026-03-17T12:40:40+00:00\",\"breadcrumb\":{\"@id\":\"https:\\\/\\\/ranoja.ee\\\/toode\\\/veekindel-universaalmaare-ls-multipurpose-lical-2-3-400g-valvoline\\\/#breadcrumb\"},\"inLanguage\":\"en-US\",\"potentialAction\":[{\"@type\":\"ReadAction\",\"target\":[\"https:\\\/\\\/ranoja.ee\\\/toode\\\/veekindel-universaalmaare-ls-multipurpose-lical-2-3-400g-valvoline\\\/\"]}]},{\"@type\":\"ImageObject\",\"inLanguage\":\"en-US\",\"@id\":\"https:\\\/\\\/ranoja.ee\\\/toode\\\/veekindel-universaalmaare-ls-multipurpose-lical-2-3-400g-valvoline\\\/#primaryimage\",\"url\":\"https:\\\/\\\/ranoja.ee\\\/wp-content\\\/uploads\\\/2026\\\/03\\\/214807294.jpg\",\"contentUrl\":\"https:\\\/\\\/ranoja.ee\\\/wp-content\\\/uploads\\\/2026\\\/03\\\/214807294.jpg\",\"width\":228,\"height\":768},{\"@type\":\"BreadcrumbList\",\"@id\":\"https:\\\/\\\/ranoja.ee\\\/toode\\\/veekindel-universaalmaare-ls-multipurpose-lical-2-3-400g-valvoline\\\/#breadcrumb\",\"itemListElement\":[{\"@type\":\"ListItem\",\"position\":1,\"name\":\"Home\",\"item\":\"https:\\\/\\\/ranoja.ee\\\/\"},{\"@type\":\"ListItem\",\"position\":2,\"name\":\"Shop\",\"item\":\"https:\\\/\\\/ranoja.ee\\\/en\\\/shop\\\/\"},{\"@type\":\"ListItem\",\"position\":3,\"name\":\"Veekindel universaalm\u00e4\u00e4re LS Multipurpose Lical 2\\\/3 400g, Valvoline\"}]},{\"@type\":\"WebSite\",\"@id\":\"https:\\\/\\\/ranoja.ee\\\/#website\",\"url\":\"https:\\\/\\\/ranoja.ee\\\/\",\"name\":\"Ranoja\",\"description\":\"Equipment Shop WooCommerce WordPress Theme for Machine &amp; Tools\",\"publisher\":{\"@id\":\"https:\\\/\\\/ranoja.ee\\\/#organization\"},\"potentialAction\":[{\"@type\":\"SearchAction\",\"target\":{\"@type\":\"EntryPoint\",\"urlTemplate\":\"https:\\\/\\\/ranoja.ee\\\/?s={search_term_string}\"},\"query-input\":{\"@type\":\"PropertyValueSpecification\",\"valueRequired\":true,\"valueName\":\"search_term_string\"}}],\"inLanguage\":\"en-US\"},{\"@type\":\"Organization\",\"@id\":\"https:\\\/\\\/ranoja.ee\\\/#organization\",\"name\":\"Ranoja O\u00dc\",\"url\":\"https:\\\/\\\/ranoja.ee\\\/\",\"logo\":{\"@type\":\"ImageObject\",\"inLanguage\":\"en-US\",\"@id\":\"https:\\\/\\\/ranoja.ee\\\/#\\\/schema\\\/logo\\\/image\\\/\",\"url\":\"https:\\\/\\\/ranoja.ee\\\/wp-content\\\/uploads\\\/2023\\\/11\\\/ranoja-Logo.png\",\"contentUrl\":\"https:\\\/\\\/ranoja.ee\\\/wp-content\\\/uploads\\\/2023\\\/11\\\/ranoja-Logo.png\",\"width\":207,\"height\":58,\"caption\":\"Ranoja O\u00dc\"},\"image\":{\"@id\":\"https:\\\/\\\/ranoja.ee\\\/#\\\/schema\\\/logo\\\/image\\\/\"},\"sameAs\":[\"https:\\\/\\\/www.facebook.com\\\/ranoja.ee\",\"https:\\\/\\\/www.instagram.com\\\/ranoja__\\\/\"]}]}<\/script>\n<!-- \/ Yoast SEO plugin. -->","yoast_head_json":{"title":"Veekindel universaalm\u00e4\u00e4re LS Multipurpose Lical 2\/3 400g, Valvoline - Ranoja","robots":{"index":"index","follow":"follow","max-snippet":"max-snippet:-1","max-image-preview":"max-image-preview:large","max-video-preview":"max-video-preview:-1"},"canonical":"https:\/\/ranoja.ee\/toode\/veekindel-universaalmaare-ls-multipurpose-lical-2-3-400g-valvoline\/","og_locale":"en_US","og_type":"article","og_title":"Veekindel universaalm\u00e4\u00e4re LS Multipurpose Lical 2\/3 400g, Valvoline - Ranoja","og_description":"LS - Lubeshuttle tuubis. Mineraal\u00f5li baasiline liitium\/kaltsium tahkestil valmistatud mitmeotstarbeline m\u00e4\u00e4re. K\u00f5rgkoormus lisandid ning esmaklassiline kleepuvus ja veekindlusp\u00fcsivus teevad selle m\u00e4\u00e4rde ideaalseks kasutamiseks seadmetel ja masinatel mis t\u00f6\u00f6tavad rasketes ja niisketes tingimustes. Kasutuskohad: Metsandus-, p\u00f5llumajandus- ja ehitusmasinad ja seadmed mis t\u00f6\u00f6tavad niisketes oludes v\u00f5i vee keskkonnas roomikrullidele, avatud hammas \u00fclekannetele, liugpindadele, kettidele ja trossidele, liigentitele jms. Laevanduses tekimasinate \u00fclekannete m\u00e4\u00e4rimiseks, vintsidel ja trossidel. T\u00f6\u00f6stusseadmete m\u00e4\u00e4rimiseks mis t\u00f6\u00f6tavad pidevalt niisketes tingimustes nagu paberimasinad jms. Baas\u00f5li: Mineraalne Tahkesti: Liitium\/kaltsium Baas\u00f5li viskoossus: 240 Kasutus tepmeratuurivahemik: V\u00e4rvus: Tumepruun Konsistentsusklass: NLGI:2\/3 J\u00f5udlustasemed: DIN 51502: KP2K - 20","og_url":"https:\/\/ranoja.ee\/toode\/veekindel-universaalmaare-ls-multipurpose-lical-2-3-400g-valvoline\/","og_site_name":"Ranoja","article_publisher":"https:\/\/www.facebook.com\/ranoja.ee","article_modified_time":"2026-03-17T12:40:40+00:00","og_image":[{"width":228,"height":768,"url":"https:\/\/ranoja.ee\/wp-content\/uploads\/2026\/03\/214807294.jpg","type":"image\/jpeg"}],"twitter_card":"summary_large_image","schema":{"@context":"https:\/\/schema.org","@graph":[{"@type":"WebPage","@id":"https:\/\/ranoja.ee\/toode\/veekindel-universaalmaare-ls-multipurpose-lical-2-3-400g-valvoline\/","url":"https:\/\/ranoja.ee\/toode\/veekindel-universaalmaare-ls-multipurpose-lical-2-3-400g-valvoline\/","name":"Veekindel universaalm\u00e4\u00e4re LS Multipurpose Lical 2\/3 400g, Valvoline - Ranoja","isPartOf":{"@id":"https:\/\/ranoja.ee\/#website"},"primaryImageOfPage":{"@id":"https:\/\/ranoja.ee\/toode\/veekindel-universaalmaare-ls-multipurpose-lical-2-3-400g-valvoline\/#primaryimage"},"image":{"@id":"https:\/\/ranoja.ee\/toode\/veekindel-universaalmaare-ls-multipurpose-lical-2-3-400g-valvoline\/#primaryimage"},"thumbnailUrl":"https:\/\/ranoja.ee\/wp-content\/uploads\/2026\/03\/214807294.jpg","datePublished":"2026-03-16T23:11:05+00:00","dateModified":"2026-03-17T12:40:40+00:00","breadcrumb":{"@id":"https:\/\/ranoja.ee\/toode\/veekindel-universaalmaare-ls-multipurpose-lical-2-3-400g-valvoline\/#breadcrumb"},"inLanguage":"en-US","potentialAction":[{"@type":"ReadAction","target":["https:\/\/ranoja.ee\/toode\/veekindel-universaalmaare-ls-multipurpose-lical-2-3-400g-valvoline\/"]}]},{"@type":"ImageObject","inLanguage":"en-US","@id":"https:\/\/ranoja.ee\/toode\/veekindel-universaalmaare-ls-multipurpose-lical-2-3-400g-valvoline\/#primaryimage","url":"https:\/\/ranoja.ee\/wp-content\/uploads\/2026\/03\/214807294.jpg","contentUrl":"https:\/\/ranoja.ee\/wp-content\/uploads\/2026\/03\/214807294.jpg","width":228,"height":768},{"@type":"BreadcrumbList","@id":"https:\/\/ranoja.ee\/toode\/veekindel-universaalmaare-ls-multipurpose-lical-2-3-400g-valvoline\/#breadcrumb","itemListElement":[{"@type":"ListItem","position":1,"name":"Home","item":"https:\/\/ranoja.ee\/"},{"@type":"ListItem","position":2,"name":"Shop","item":"https:\/\/ranoja.ee\/en\/shop\/"},{"@type":"ListItem","position":3,"name":"Veekindel universaalm\u00e4\u00e4re LS Multipurpose Lical 2\/3 400g, Valvoline"}]},{"@type":"WebSite","@id":"https:\/\/ranoja.ee\/#website","url":"https:\/\/ranoja.ee\/","name":"Ranoja","description":"Equipment Shop WooCommerce WordPress Theme for Machine &amp; Tools","publisher":{"@id":"https:\/\/ranoja.ee\/#organization"},"potentialAction":[{"@type":"SearchAction","target":{"@type":"EntryPoint","urlTemplate":"https:\/\/ranoja.ee\/?s={search_term_string}"},"query-input":{"@type":"PropertyValueSpecification","valueRequired":true,"valueName":"search_term_string"}}],"inLanguage":"en-US"},{"@type":"Organization","@id":"https:\/\/ranoja.ee\/#organization","name":"Ranoja O\u00dc","url":"https:\/\/ranoja.ee\/","logo":{"@type":"ImageObject","inLanguage":"en-US","@id":"https:\/\/ranoja.ee\/#\/schema\/logo\/image\/","url":"https:\/\/ranoja.ee\/wp-content\/uploads\/2023\/11\/ranoja-Logo.png","contentUrl":"https:\/\/ranoja.ee\/wp-content\/uploads\/2023\/11\/ranoja-Logo.png","width":207,"height":58,"caption":"Ranoja O\u00dc"},"image":{"@id":"https:\/\/ranoja.ee\/#\/schema\/logo\/image\/"},"sameAs":["https:\/\/www.facebook.com\/ranoja.ee","https:\/\/www.instagram.com\/ranoja__\/"]}]}},"_links":{"self":[{"href":"https:\/\/ranoja.ee\/en\/wp-json\/wp\/v2\/product\/59530","targetHints":{"allow":["GET"]}}],"collection":[{"href":"https:\/\/ranoja.ee\/en\/wp-json\/wp\/v2\/product"}],"about":[{"href":"https:\/\/ranoja.ee\/en\/wp-json\/wp\/v2\/types\/product"}],"wp:featuredmedia":[{"embeddable":true,"href":"https:\/\/ranoja.ee\/en\/wp-json\/wp\/v2\/media\/59531"}],"wp:attachment":[{"href":"https:\/\/ranoja.ee\/en\/wp-json\/wp\/v2\/media?parent=59530"}],"wp:term":[{"taxonomy":"product_cat","embeddable":true,"href":"https:\/\/ranoja.ee\/en\/wp-json\/wp\/v2\/product_cat?post=59530"},{"taxonomy":"product_tag","embeddable":true,"href":"https:\/\/ranoja.ee\/en\/wp-json\/wp\/v2\/product_tag?post=59530"}],"curies":[{"name":"wp","href":"https:\/\/api.w.org\/{rel}","templated":true}]}}