{"id":59522,"date":"2026-03-17T02:11:05","date_gmt":"2026-03-16T23:11:05","guid":{"rendered":"https:\/\/ranoja.ee\/toode\/teflonmaare-kuiv-ptfe-dry-500ml-valvoline\/"},"modified":"2026-03-17T15:40:40","modified_gmt":"2026-03-17T12:40:40","slug":"teflonmaare-kuiv-ptfe-dry-500ml-valvoline","status":"publish","type":"product","link":"https:\/\/ranoja.ee\/en\/toode\/teflonmaare-kuiv-ptfe-dry-500ml-valvoline\/","title":{"rendered":"Teflonm\u00e4\u00e4re kuiv PTFE Dry 500ml, Valvoline"},"content":{"rendered":"","protected":false},"excerpt":{"rendered":"<p>Madala h\u00f5\u00f5rdeteguriga kuivm\u00e4\u00e4re, mis ei sisalda rasvu ega \u00f5lisid. P\u00e4rast lahustite aurustumist j\u00e4tab pinnale \u00fcli\u00f5huke teflonpulbri kihi mis muudab pinnad k\u00fcll libedaks, kuid need j\u00e4\u00e4vad kuivaks ja pole \u00f5lised ning ei m\u00e4\u00e4ri. Samas on m\u00e4\u00e4re v\u00e4ga p\u00fcsiv ja talub suurt mehhaanilist survet ning temperatuurik\u00f5ikumisi -50`C kuni +250`C.<\/p>\n<p>KASUTUSVALDKOND:<br \/>\nM\u00f5eldud kasutamiseks nii koduses majapidamises kui t\u00f6\u00f6stustes kus tavalisest madalam koormus, tolmune keskkond ja lai temperatuurivahemik. Sobib igasuguste plastist ja metallist detailide ja liidete m\u00e4\u00e4rimiseks nagu katuseluugid, liugpinnad, ukselukud, riidelukud, istmete juhtsiinid, ohurihmad jms<br \/>\nSobib ka vormim\u00e4\u00e4rdeks, kui ei soovita, et valatav detail puutuks \u00f5liga kokku.<\/p>\n<p>TEHNILINE INFO:<br \/>\nBaasained: pol\u00fctetrafluoroet\u00fcleen<br \/>\nV\u00e4rvus: l\u00e4bipaistev valge<br \/>\nKulu: 1,74g\/sec<br \/>\nKuivamisaeg: ca 5min.s\u00f5ltuvalt v\u00e4listemperatuurist ja kihi paksusest<br \/>\nTemperatuuritaluvus -50C  kuni +250C<\/p>\n<p>KASUTAMINE:<br \/>\nEnnem kasutamist hoiustada toodet toatemperatuuril ja loksutada<br \/>\nSoovitav kasutamistemperatuur +5\u00b0 kuni +30\u00b0C<br \/>\nPihusta vahendit \u00f5hukeste kihtidena k\u00f5igile m\u00e4\u00e4rimist vajavatele pindadele.<br \/>\nKuiv PTFE kiht tekib alles peale lahusti aurustumist (ca. 1min)<br \/>\naerosoolis m\u00e4\u00e4rdeainetel.<\/p>\n","protected":false},"featured_media":59523,"template":"","meta":{"inline_featured_image":false},"product_cat":[5010,5039,5009],"product_tag":[],"class_list":{"0":"post-59522","1":"product","2":"type-product","3":"status-publish","4":"has-post-thumbnail","6":"product_brand-valvoline","7":"product_cat-tehnilised-aerosoolid","8":"product_cat-tehnilised-maarded","9":"product_cat-toostus-ja-autokeemia","11":"first","12":"instock","13":"purchasable","14":"product-type-simple"},"yoast_head":"<!-- This site is optimized with the Yoast SEO plugin v27.4 - https:\/\/yoast.com\/product\/yoast-seo-wordpress\/ -->\n<title>Teflonm\u00e4\u00e4re kuiv PTFE Dry 500ml, Valvoline - Ranoja<\/title>\n<meta name=\"robots\" content=\"index, follow, max-snippet:-1, max-image-preview:large, max-video-preview:-1\" \/>\n<link rel=\"canonical\" href=\"https:\/\/ranoja.ee\/toode\/teflonmaare-kuiv-ptfe-dry-500ml-valvoline\/\" \/>\n<meta property=\"og:locale\" content=\"en_US\" \/>\n<meta property=\"og:type\" content=\"article\" \/>\n<meta property=\"og:title\" content=\"Teflonm\u00e4\u00e4re kuiv PTFE Dry 500ml, Valvoline - Ranoja\" \/>\n<meta property=\"og:description\" content=\"Madala h\u00f5\u00f5rdeteguriga kuivm\u00e4\u00e4re, mis ei sisalda rasvu ega \u00f5lisid. P\u00e4rast lahustite aurustumist j\u00e4tab pinnale \u00fcli\u00f5huke teflonpulbri kihi mis muudab pinnad k\u00fcll libedaks, kuid need j\u00e4\u00e4vad kuivaks ja pole \u00f5lised ning ei m\u00e4\u00e4ri. Samas on m\u00e4\u00e4re v\u00e4ga p\u00fcsiv ja talub suurt mehhaanilist survet ning temperatuurik\u00f5ikumisi -50`C kuni +250`C. KASUTUSVALDKOND: M\u00f5eldud kasutamiseks nii koduses majapidamises kui t\u00f6\u00f6stustes kus tavalisest madalam koormus, tolmune keskkond ja lai temperatuurivahemik. Sobib igasuguste plastist ja metallist detailide ja liidete m\u00e4\u00e4rimiseks nagu katuseluugid, liugpinnad, ukselukud, riidelukud, istmete juhtsiinid, ohurihmad jms Sobib ka vormim\u00e4\u00e4rdeks, kui ei soovita, et valatav detail puutuks \u00f5liga kokku. TEHNILINE INFO: Baasained: pol\u00fctetrafluoroet\u00fcleen V\u00e4rvus: l\u00e4bipaistev valge Kulu: 1,74g\/sec Kuivamisaeg: ca 5min.s\u00f5ltuvalt v\u00e4listemperatuurist ja kihi paksusest Temperatuuritaluvus -50C kuni +250C KASUTAMINE: Ennem kasutamist hoiustada toodet toatemperatuuril ja loksutada Soovitav kasutamistemperatuur +5\u00b0 kuni +30\u00b0C Pihusta vahendit \u00f5hukeste kihtidena k\u00f5igile m\u00e4\u00e4rimist vajavatele pindadele. Kuiv PTFE kiht tekib alles peale lahusti aurustumist (ca. 1min) aerosoolis m\u00e4\u00e4rdeainetel.\" \/>\n<meta property=\"og:url\" content=\"https:\/\/ranoja.ee\/toode\/teflonmaare-kuiv-ptfe-dry-500ml-valvoline\/\" \/>\n<meta property=\"og:site_name\" content=\"Ranoja\" \/>\n<meta property=\"article:publisher\" content=\"https:\/\/www.facebook.com\/ranoja.ee\" \/>\n<meta property=\"article:modified_time\" content=\"2026-03-17T12:40:40+00:00\" \/>\n<meta property=\"og:image\" content=\"https:\/\/ranoja.ee\/wp-content\/uploads\/2026\/03\/179964704.png\" \/>\n\t<meta property=\"og:image:width\" content=\"768\" \/>\n\t<meta property=\"og:image:height\" content=\"768\" \/>\n\t<meta property=\"og:image:type\" content=\"image\/jpeg\" \/>\n<meta name=\"twitter:card\" content=\"summary_large_image\" \/>\n<script type=\"application\/ld+json\" class=\"yoast-schema-graph\">{\"@context\":\"https:\\\/\\\/schema.org\",\"@graph\":[{\"@type\":\"WebPage\",\"@id\":\"https:\\\/\\\/ranoja.ee\\\/toode\\\/teflonmaare-kuiv-ptfe-dry-500ml-valvoline\\\/\",\"url\":\"https:\\\/\\\/ranoja.ee\\\/toode\\\/teflonmaare-kuiv-ptfe-dry-500ml-valvoline\\\/\",\"name\":\"Teflonm\u00e4\u00e4re kuiv PTFE Dry 500ml, Valvoline - Ranoja\",\"isPartOf\":{\"@id\":\"https:\\\/\\\/ranoja.ee\\\/#website\"},\"primaryImageOfPage\":{\"@id\":\"https:\\\/\\\/ranoja.ee\\\/toode\\\/teflonmaare-kuiv-ptfe-dry-500ml-valvoline\\\/#primaryimage\"},\"image\":{\"@id\":\"https:\\\/\\\/ranoja.ee\\\/toode\\\/teflonmaare-kuiv-ptfe-dry-500ml-valvoline\\\/#primaryimage\"},\"thumbnailUrl\":\"https:\\\/\\\/ranoja.ee\\\/wp-content\\\/uploads\\\/2026\\\/03\\\/179964704.png\",\"datePublished\":\"2026-03-16T23:11:05+00:00\",\"dateModified\":\"2026-03-17T12:40:40+00:00\",\"breadcrumb\":{\"@id\":\"https:\\\/\\\/ranoja.ee\\\/toode\\\/teflonmaare-kuiv-ptfe-dry-500ml-valvoline\\\/#breadcrumb\"},\"inLanguage\":\"en-US\",\"potentialAction\":[{\"@type\":\"ReadAction\",\"target\":[\"https:\\\/\\\/ranoja.ee\\\/toode\\\/teflonmaare-kuiv-ptfe-dry-500ml-valvoline\\\/\"]}]},{\"@type\":\"ImageObject\",\"inLanguage\":\"en-US\",\"@id\":\"https:\\\/\\\/ranoja.ee\\\/toode\\\/teflonmaare-kuiv-ptfe-dry-500ml-valvoline\\\/#primaryimage\",\"url\":\"https:\\\/\\\/ranoja.ee\\\/wp-content\\\/uploads\\\/2026\\\/03\\\/179964704.png\",\"contentUrl\":\"https:\\\/\\\/ranoja.ee\\\/wp-content\\\/uploads\\\/2026\\\/03\\\/179964704.png\",\"width\":768,\"height\":768},{\"@type\":\"BreadcrumbList\",\"@id\":\"https:\\\/\\\/ranoja.ee\\\/toode\\\/teflonmaare-kuiv-ptfe-dry-500ml-valvoline\\\/#breadcrumb\",\"itemListElement\":[{\"@type\":\"ListItem\",\"position\":1,\"name\":\"Home\",\"item\":\"https:\\\/\\\/ranoja.ee\\\/\"},{\"@type\":\"ListItem\",\"position\":2,\"name\":\"Shop\",\"item\":\"https:\\\/\\\/ranoja.ee\\\/en\\\/shop\\\/\"},{\"@type\":\"ListItem\",\"position\":3,\"name\":\"Teflonm\u00e4\u00e4re kuiv PTFE Dry 500ml, Valvoline\"}]},{\"@type\":\"WebSite\",\"@id\":\"https:\\\/\\\/ranoja.ee\\\/#website\",\"url\":\"https:\\\/\\\/ranoja.ee\\\/\",\"name\":\"Ranoja\",\"description\":\"Equipment Shop WooCommerce WordPress Theme for Machine &amp; Tools\",\"publisher\":{\"@id\":\"https:\\\/\\\/ranoja.ee\\\/#organization\"},\"potentialAction\":[{\"@type\":\"SearchAction\",\"target\":{\"@type\":\"EntryPoint\",\"urlTemplate\":\"https:\\\/\\\/ranoja.ee\\\/?s={search_term_string}\"},\"query-input\":{\"@type\":\"PropertyValueSpecification\",\"valueRequired\":true,\"valueName\":\"search_term_string\"}}],\"inLanguage\":\"en-US\"},{\"@type\":\"Organization\",\"@id\":\"https:\\\/\\\/ranoja.ee\\\/#organization\",\"name\":\"Ranoja O\u00dc\",\"url\":\"https:\\\/\\\/ranoja.ee\\\/\",\"logo\":{\"@type\":\"ImageObject\",\"inLanguage\":\"en-US\",\"@id\":\"https:\\\/\\\/ranoja.ee\\\/#\\\/schema\\\/logo\\\/image\\\/\",\"url\":\"https:\\\/\\\/ranoja.ee\\\/wp-content\\\/uploads\\\/2023\\\/11\\\/ranoja-Logo.png\",\"contentUrl\":\"https:\\\/\\\/ranoja.ee\\\/wp-content\\\/uploads\\\/2023\\\/11\\\/ranoja-Logo.png\",\"width\":207,\"height\":58,\"caption\":\"Ranoja O\u00dc\"},\"image\":{\"@id\":\"https:\\\/\\\/ranoja.ee\\\/#\\\/schema\\\/logo\\\/image\\\/\"},\"sameAs\":[\"https:\\\/\\\/www.facebook.com\\\/ranoja.ee\",\"https:\\\/\\\/www.instagram.com\\\/ranoja__\\\/\"]}]}<\/script>\n<!-- \/ Yoast SEO plugin. -->","yoast_head_json":{"title":"Teflonm\u00e4\u00e4re kuiv PTFE Dry 500ml, Valvoline - Ranoja","robots":{"index":"index","follow":"follow","max-snippet":"max-snippet:-1","max-image-preview":"max-image-preview:large","max-video-preview":"max-video-preview:-1"},"canonical":"https:\/\/ranoja.ee\/toode\/teflonmaare-kuiv-ptfe-dry-500ml-valvoline\/","og_locale":"en_US","og_type":"article","og_title":"Teflonm\u00e4\u00e4re kuiv PTFE Dry 500ml, Valvoline - Ranoja","og_description":"Madala h\u00f5\u00f5rdeteguriga kuivm\u00e4\u00e4re, mis ei sisalda rasvu ega \u00f5lisid. P\u00e4rast lahustite aurustumist j\u00e4tab pinnale \u00fcli\u00f5huke teflonpulbri kihi mis muudab pinnad k\u00fcll libedaks, kuid need j\u00e4\u00e4vad kuivaks ja pole \u00f5lised ning ei m\u00e4\u00e4ri. Samas on m\u00e4\u00e4re v\u00e4ga p\u00fcsiv ja talub suurt mehhaanilist survet ning temperatuurik\u00f5ikumisi -50`C kuni +250`C. KASUTUSVALDKOND: M\u00f5eldud kasutamiseks nii koduses majapidamises kui t\u00f6\u00f6stustes kus tavalisest madalam koormus, tolmune keskkond ja lai temperatuurivahemik. Sobib igasuguste plastist ja metallist detailide ja liidete m\u00e4\u00e4rimiseks nagu katuseluugid, liugpinnad, ukselukud, riidelukud, istmete juhtsiinid, ohurihmad jms Sobib ka vormim\u00e4\u00e4rdeks, kui ei soovita, et valatav detail puutuks \u00f5liga kokku. TEHNILINE INFO: Baasained: pol\u00fctetrafluoroet\u00fcleen V\u00e4rvus: l\u00e4bipaistev valge Kulu: 1,74g\/sec Kuivamisaeg: ca 5min.s\u00f5ltuvalt v\u00e4listemperatuurist ja kihi paksusest Temperatuuritaluvus -50C kuni +250C KASUTAMINE: Ennem kasutamist hoiustada toodet toatemperatuuril ja loksutada Soovitav kasutamistemperatuur +5\u00b0 kuni +30\u00b0C Pihusta vahendit \u00f5hukeste kihtidena k\u00f5igile m\u00e4\u00e4rimist vajavatele pindadele. Kuiv PTFE kiht tekib alles peale lahusti aurustumist (ca. 1min) aerosoolis m\u00e4\u00e4rdeainetel.","og_url":"https:\/\/ranoja.ee\/toode\/teflonmaare-kuiv-ptfe-dry-500ml-valvoline\/","og_site_name":"Ranoja","article_publisher":"https:\/\/www.facebook.com\/ranoja.ee","article_modified_time":"2026-03-17T12:40:40+00:00","og_image":[{"width":768,"height":768,"url":"https:\/\/ranoja.ee\/wp-content\/uploads\/2026\/03\/179964704.png","type":"image\/jpeg"}],"twitter_card":"summary_large_image","schema":{"@context":"https:\/\/schema.org","@graph":[{"@type":"WebPage","@id":"https:\/\/ranoja.ee\/toode\/teflonmaare-kuiv-ptfe-dry-500ml-valvoline\/","url":"https:\/\/ranoja.ee\/toode\/teflonmaare-kuiv-ptfe-dry-500ml-valvoline\/","name":"Teflonm\u00e4\u00e4re kuiv PTFE Dry 500ml, Valvoline - Ranoja","isPartOf":{"@id":"https:\/\/ranoja.ee\/#website"},"primaryImageOfPage":{"@id":"https:\/\/ranoja.ee\/toode\/teflonmaare-kuiv-ptfe-dry-500ml-valvoline\/#primaryimage"},"image":{"@id":"https:\/\/ranoja.ee\/toode\/teflonmaare-kuiv-ptfe-dry-500ml-valvoline\/#primaryimage"},"thumbnailUrl":"https:\/\/ranoja.ee\/wp-content\/uploads\/2026\/03\/179964704.png","datePublished":"2026-03-16T23:11:05+00:00","dateModified":"2026-03-17T12:40:40+00:00","breadcrumb":{"@id":"https:\/\/ranoja.ee\/toode\/teflonmaare-kuiv-ptfe-dry-500ml-valvoline\/#breadcrumb"},"inLanguage":"en-US","potentialAction":[{"@type":"ReadAction","target":["https:\/\/ranoja.ee\/toode\/teflonmaare-kuiv-ptfe-dry-500ml-valvoline\/"]}]},{"@type":"ImageObject","inLanguage":"en-US","@id":"https:\/\/ranoja.ee\/toode\/teflonmaare-kuiv-ptfe-dry-500ml-valvoline\/#primaryimage","url":"https:\/\/ranoja.ee\/wp-content\/uploads\/2026\/03\/179964704.png","contentUrl":"https:\/\/ranoja.ee\/wp-content\/uploads\/2026\/03\/179964704.png","width":768,"height":768},{"@type":"BreadcrumbList","@id":"https:\/\/ranoja.ee\/toode\/teflonmaare-kuiv-ptfe-dry-500ml-valvoline\/#breadcrumb","itemListElement":[{"@type":"ListItem","position":1,"name":"Home","item":"https:\/\/ranoja.ee\/"},{"@type":"ListItem","position":2,"name":"Shop","item":"https:\/\/ranoja.ee\/en\/shop\/"},{"@type":"ListItem","position":3,"name":"Teflonm\u00e4\u00e4re kuiv PTFE Dry 500ml, Valvoline"}]},{"@type":"WebSite","@id":"https:\/\/ranoja.ee\/#website","url":"https:\/\/ranoja.ee\/","name":"Ranoja","description":"Equipment Shop WooCommerce WordPress Theme for Machine &amp; Tools","publisher":{"@id":"https:\/\/ranoja.ee\/#organization"},"potentialAction":[{"@type":"SearchAction","target":{"@type":"EntryPoint","urlTemplate":"https:\/\/ranoja.ee\/?s={search_term_string}"},"query-input":{"@type":"PropertyValueSpecification","valueRequired":true,"valueName":"search_term_string"}}],"inLanguage":"en-US"},{"@type":"Organization","@id":"https:\/\/ranoja.ee\/#organization","name":"Ranoja O\u00dc","url":"https:\/\/ranoja.ee\/","logo":{"@type":"ImageObject","inLanguage":"en-US","@id":"https:\/\/ranoja.ee\/#\/schema\/logo\/image\/","url":"https:\/\/ranoja.ee\/wp-content\/uploads\/2023\/11\/ranoja-Logo.png","contentUrl":"https:\/\/ranoja.ee\/wp-content\/uploads\/2023\/11\/ranoja-Logo.png","width":207,"height":58,"caption":"Ranoja O\u00dc"},"image":{"@id":"https:\/\/ranoja.ee\/#\/schema\/logo\/image\/"},"sameAs":["https:\/\/www.facebook.com\/ranoja.ee","https:\/\/www.instagram.com\/ranoja__\/"]}]}},"_links":{"self":[{"href":"https:\/\/ranoja.ee\/en\/wp-json\/wp\/v2\/product\/59522","targetHints":{"allow":["GET"]}}],"collection":[{"href":"https:\/\/ranoja.ee\/en\/wp-json\/wp\/v2\/product"}],"about":[{"href":"https:\/\/ranoja.ee\/en\/wp-json\/wp\/v2\/types\/product"}],"wp:featuredmedia":[{"embeddable":true,"href":"https:\/\/ranoja.ee\/en\/wp-json\/wp\/v2\/media\/59523"}],"wp:attachment":[{"href":"https:\/\/ranoja.ee\/en\/wp-json\/wp\/v2\/media?parent=59522"}],"wp:term":[{"taxonomy":"product_cat","embeddable":true,"href":"https:\/\/ranoja.ee\/en\/wp-json\/wp\/v2\/product_cat?post=59522"},{"taxonomy":"product_tag","embeddable":true,"href":"https:\/\/ranoja.ee\/en\/wp-json\/wp\/v2\/product_tag?post=59522"}],"curies":[{"name":"wp","href":"https:\/\/api.w.org\/{rel}","templated":true}]}}