{"id":59482,"date":"2026-03-17T02:10:41","date_gmt":"2026-03-16T23:10:41","guid":{"rendered":"https:\/\/ranoja.ee\/toode\/maare-lt-4-s2-17kg-orlen-oil\/"},"modified":"2026-03-17T15:40:41","modified_gmt":"2026-03-17T12:40:41","slug":"maare-lt-4-s2-17kg-orlen-oil","status":"publish","type":"product","link":"https:\/\/ranoja.ee\/en\/toode\/maare-lt-4-s2-17kg-orlen-oil\/","title":{"rendered":"M\u00e4\u00e4re LT-4 S2 17kg, Orlen Oil"},"content":{"rendered":"","protected":false},"excerpt":{"rendered":"<p>GREASEN \u0141T4S m\u00e4\u00e4rded on valmistatud liitiumh\u00fcdroks\u00fcstearaadiga tahkesti ja mineraal\u00f5li baasil. Need m\u00e4\u00e4rded sisaldavad tugevdavaid lisaaineid, eelk\u00f5ige korrosioonivastaseid ja antioks\u00fcdatiivseid lisandeid ning m\u00e4\u00e4rdeomadusi parandavaid lisandeid. GREASEN \u0141T4S m\u00e4\u00e4rded on veekindlad.<br \/>\nM\u00e4\u00e4rde kasutus temperatuurivahemik on: -30\u00f7120C<br \/>\n\u2022 autode veerelaagrid,<br \/>\n\u2022 rist\u00fchendused nende paigaldamise ajal,<br \/>\n\u2022 masinate t\u00f5mbevardad ja juhikud ning muud masinaelemendid,<br \/>\n\u2022 liuglaagrid, mis t\u00f6\u00f6tavad m\u00e4\u00e4rdega vastuv\u00f5etavas temperatuurivahemikus.<br \/>\nTehnilised andmed:<br \/>\nDIN 51 502: KP2K\u00ad30<br \/>\nISO 6743\u00ad9: CCEA\u00ad2<\/p>\n","protected":false},"featured_media":59483,"template":"","meta":{"inline_featured_image":false},"product_cat":[5052,5013,5012],"product_tag":[],"class_list":{"0":"post-59482","1":"product","2":"type-product","3":"status-publish","4":"has-post-thumbnail","6":"product_brand-orlen-oil","7":"product_cat-kaltsiummaarded","8":"product_cat-maarded","9":"product_cat-olid-ja-maardeained","11":"first","12":"instock","13":"purchasable","14":"product-type-simple"},"yoast_head":"<!-- This site is optimized with the Yoast SEO plugin v27.4 - https:\/\/yoast.com\/product\/yoast-seo-wordpress\/ -->\n<title>M\u00e4\u00e4re LT-4 S2 17kg, Orlen Oil - Ranoja<\/title>\n<meta name=\"robots\" content=\"index, follow, max-snippet:-1, max-image-preview:large, max-video-preview:-1\" \/>\n<link rel=\"canonical\" href=\"https:\/\/ranoja.ee\/toode\/maare-lt-4-s2-17kg-orlen-oil\/\" \/>\n<meta property=\"og:locale\" content=\"en_US\" \/>\n<meta property=\"og:type\" content=\"article\" \/>\n<meta property=\"og:title\" content=\"M\u00e4\u00e4re LT-4 S2 17kg, Orlen Oil - Ranoja\" \/>\n<meta property=\"og:description\" content=\"GREASEN \u0141T4S m\u00e4\u00e4rded on valmistatud liitiumh\u00fcdroks\u00fcstearaadiga tahkesti ja mineraal\u00f5li baasil. Need m\u00e4\u00e4rded sisaldavad tugevdavaid lisaaineid, eelk\u00f5ige korrosioonivastaseid ja antioks\u00fcdatiivseid lisandeid ning m\u00e4\u00e4rdeomadusi parandavaid lisandeid. GREASEN \u0141T4S m\u00e4\u00e4rded on veekindlad. M\u00e4\u00e4rde kasutus temperatuurivahemik on: -30\u00f7120C \u2022 autode veerelaagrid, \u2022 rist\u00fchendused nende paigaldamise ajal, \u2022 masinate t\u00f5mbevardad ja juhikud ning muud masinaelemendid, \u2022 liuglaagrid, mis t\u00f6\u00f6tavad m\u00e4\u00e4rdega vastuv\u00f5etavas temperatuurivahemikus. Tehnilised andmed: DIN 51 502: KP2K\u00ad30 ISO 6743\u00ad9: CCEA\u00ad2\" \/>\n<meta property=\"og:url\" content=\"https:\/\/ranoja.ee\/toode\/maare-lt-4-s2-17kg-orlen-oil\/\" \/>\n<meta property=\"og:site_name\" content=\"Ranoja\" \/>\n<meta property=\"article:publisher\" content=\"https:\/\/www.facebook.com\/ranoja.ee\" \/>\n<meta property=\"article:modified_time\" content=\"2026-03-17T12:40:41+00:00\" \/>\n<meta property=\"og:image\" content=\"https:\/\/ranoja.ee\/wp-content\/uploads\/2026\/03\/5637746557.jpg\" \/>\n\t<meta property=\"og:image:width\" content=\"367\" \/>\n\t<meta property=\"og:image:height\" content=\"550\" \/>\n\t<meta property=\"og:image:type\" content=\"image\/jpeg\" \/>\n<meta name=\"twitter:card\" content=\"summary_large_image\" \/>\n<script type=\"application\/ld+json\" class=\"yoast-schema-graph\">{\"@context\":\"https:\\\/\\\/schema.org\",\"@graph\":[{\"@type\":\"WebPage\",\"@id\":\"https:\\\/\\\/ranoja.ee\\\/toode\\\/maare-lt-4-s2-17kg-orlen-oil\\\/\",\"url\":\"https:\\\/\\\/ranoja.ee\\\/toode\\\/maare-lt-4-s2-17kg-orlen-oil\\\/\",\"name\":\"M\u00e4\u00e4re LT-4 S2 17kg, Orlen Oil - Ranoja\",\"isPartOf\":{\"@id\":\"https:\\\/\\\/ranoja.ee\\\/#website\"},\"primaryImageOfPage\":{\"@id\":\"https:\\\/\\\/ranoja.ee\\\/toode\\\/maare-lt-4-s2-17kg-orlen-oil\\\/#primaryimage\"},\"image\":{\"@id\":\"https:\\\/\\\/ranoja.ee\\\/toode\\\/maare-lt-4-s2-17kg-orlen-oil\\\/#primaryimage\"},\"thumbnailUrl\":\"https:\\\/\\\/ranoja.ee\\\/wp-content\\\/uploads\\\/2026\\\/03\\\/5637746557.jpg\",\"datePublished\":\"2026-03-16T23:10:41+00:00\",\"dateModified\":\"2026-03-17T12:40:41+00:00\",\"breadcrumb\":{\"@id\":\"https:\\\/\\\/ranoja.ee\\\/toode\\\/maare-lt-4-s2-17kg-orlen-oil\\\/#breadcrumb\"},\"inLanguage\":\"en-US\",\"potentialAction\":[{\"@type\":\"ReadAction\",\"target\":[\"https:\\\/\\\/ranoja.ee\\\/toode\\\/maare-lt-4-s2-17kg-orlen-oil\\\/\"]}]},{\"@type\":\"ImageObject\",\"inLanguage\":\"en-US\",\"@id\":\"https:\\\/\\\/ranoja.ee\\\/toode\\\/maare-lt-4-s2-17kg-orlen-oil\\\/#primaryimage\",\"url\":\"https:\\\/\\\/ranoja.ee\\\/wp-content\\\/uploads\\\/2026\\\/03\\\/5637746557.jpg\",\"contentUrl\":\"https:\\\/\\\/ranoja.ee\\\/wp-content\\\/uploads\\\/2026\\\/03\\\/5637746557.jpg\",\"width\":367,\"height\":550},{\"@type\":\"BreadcrumbList\",\"@id\":\"https:\\\/\\\/ranoja.ee\\\/toode\\\/maare-lt-4-s2-17kg-orlen-oil\\\/#breadcrumb\",\"itemListElement\":[{\"@type\":\"ListItem\",\"position\":1,\"name\":\"Home\",\"item\":\"https:\\\/\\\/ranoja.ee\\\/\"},{\"@type\":\"ListItem\",\"position\":2,\"name\":\"Shop\",\"item\":\"https:\\\/\\\/ranoja.ee\\\/en\\\/shop\\\/\"},{\"@type\":\"ListItem\",\"position\":3,\"name\":\"M\u00e4\u00e4re LT-4 S2 17kg, Orlen Oil\"}]},{\"@type\":\"WebSite\",\"@id\":\"https:\\\/\\\/ranoja.ee\\\/#website\",\"url\":\"https:\\\/\\\/ranoja.ee\\\/\",\"name\":\"Ranoja\",\"description\":\"Equipment Shop WooCommerce WordPress Theme for Machine &amp; Tools\",\"publisher\":{\"@id\":\"https:\\\/\\\/ranoja.ee\\\/#organization\"},\"potentialAction\":[{\"@type\":\"SearchAction\",\"target\":{\"@type\":\"EntryPoint\",\"urlTemplate\":\"https:\\\/\\\/ranoja.ee\\\/?s={search_term_string}\"},\"query-input\":{\"@type\":\"PropertyValueSpecification\",\"valueRequired\":true,\"valueName\":\"search_term_string\"}}],\"inLanguage\":\"en-US\"},{\"@type\":\"Organization\",\"@id\":\"https:\\\/\\\/ranoja.ee\\\/#organization\",\"name\":\"Ranoja O\u00dc\",\"url\":\"https:\\\/\\\/ranoja.ee\\\/\",\"logo\":{\"@type\":\"ImageObject\",\"inLanguage\":\"en-US\",\"@id\":\"https:\\\/\\\/ranoja.ee\\\/#\\\/schema\\\/logo\\\/image\\\/\",\"url\":\"https:\\\/\\\/ranoja.ee\\\/wp-content\\\/uploads\\\/2023\\\/11\\\/ranoja-Logo.png\",\"contentUrl\":\"https:\\\/\\\/ranoja.ee\\\/wp-content\\\/uploads\\\/2023\\\/11\\\/ranoja-Logo.png\",\"width\":207,\"height\":58,\"caption\":\"Ranoja O\u00dc\"},\"image\":{\"@id\":\"https:\\\/\\\/ranoja.ee\\\/#\\\/schema\\\/logo\\\/image\\\/\"},\"sameAs\":[\"https:\\\/\\\/www.facebook.com\\\/ranoja.ee\",\"https:\\\/\\\/www.instagram.com\\\/ranoja__\\\/\"]}]}<\/script>\n<!-- \/ Yoast SEO plugin. -->","yoast_head_json":{"title":"M\u00e4\u00e4re LT-4 S2 17kg, Orlen Oil - Ranoja","robots":{"index":"index","follow":"follow","max-snippet":"max-snippet:-1","max-image-preview":"max-image-preview:large","max-video-preview":"max-video-preview:-1"},"canonical":"https:\/\/ranoja.ee\/toode\/maare-lt-4-s2-17kg-orlen-oil\/","og_locale":"en_US","og_type":"article","og_title":"M\u00e4\u00e4re LT-4 S2 17kg, Orlen Oil - Ranoja","og_description":"GREASEN \u0141T4S m\u00e4\u00e4rded on valmistatud liitiumh\u00fcdroks\u00fcstearaadiga tahkesti ja mineraal\u00f5li baasil. Need m\u00e4\u00e4rded sisaldavad tugevdavaid lisaaineid, eelk\u00f5ige korrosioonivastaseid ja antioks\u00fcdatiivseid lisandeid ning m\u00e4\u00e4rdeomadusi parandavaid lisandeid. GREASEN \u0141T4S m\u00e4\u00e4rded on veekindlad. M\u00e4\u00e4rde kasutus temperatuurivahemik on: -30\u00f7120C \u2022 autode veerelaagrid, \u2022 rist\u00fchendused nende paigaldamise ajal, \u2022 masinate t\u00f5mbevardad ja juhikud ning muud masinaelemendid, \u2022 liuglaagrid, mis t\u00f6\u00f6tavad m\u00e4\u00e4rdega vastuv\u00f5etavas temperatuurivahemikus. Tehnilised andmed: DIN 51 502: KP2K\u00ad30 ISO 6743\u00ad9: CCEA\u00ad2","og_url":"https:\/\/ranoja.ee\/toode\/maare-lt-4-s2-17kg-orlen-oil\/","og_site_name":"Ranoja","article_publisher":"https:\/\/www.facebook.com\/ranoja.ee","article_modified_time":"2026-03-17T12:40:41+00:00","og_image":[{"width":367,"height":550,"url":"https:\/\/ranoja.ee\/wp-content\/uploads\/2026\/03\/5637746557.jpg","type":"image\/jpeg"}],"twitter_card":"summary_large_image","schema":{"@context":"https:\/\/schema.org","@graph":[{"@type":"WebPage","@id":"https:\/\/ranoja.ee\/toode\/maare-lt-4-s2-17kg-orlen-oil\/","url":"https:\/\/ranoja.ee\/toode\/maare-lt-4-s2-17kg-orlen-oil\/","name":"M\u00e4\u00e4re LT-4 S2 17kg, Orlen Oil - Ranoja","isPartOf":{"@id":"https:\/\/ranoja.ee\/#website"},"primaryImageOfPage":{"@id":"https:\/\/ranoja.ee\/toode\/maare-lt-4-s2-17kg-orlen-oil\/#primaryimage"},"image":{"@id":"https:\/\/ranoja.ee\/toode\/maare-lt-4-s2-17kg-orlen-oil\/#primaryimage"},"thumbnailUrl":"https:\/\/ranoja.ee\/wp-content\/uploads\/2026\/03\/5637746557.jpg","datePublished":"2026-03-16T23:10:41+00:00","dateModified":"2026-03-17T12:40:41+00:00","breadcrumb":{"@id":"https:\/\/ranoja.ee\/toode\/maare-lt-4-s2-17kg-orlen-oil\/#breadcrumb"},"inLanguage":"en-US","potentialAction":[{"@type":"ReadAction","target":["https:\/\/ranoja.ee\/toode\/maare-lt-4-s2-17kg-orlen-oil\/"]}]},{"@type":"ImageObject","inLanguage":"en-US","@id":"https:\/\/ranoja.ee\/toode\/maare-lt-4-s2-17kg-orlen-oil\/#primaryimage","url":"https:\/\/ranoja.ee\/wp-content\/uploads\/2026\/03\/5637746557.jpg","contentUrl":"https:\/\/ranoja.ee\/wp-content\/uploads\/2026\/03\/5637746557.jpg","width":367,"height":550},{"@type":"BreadcrumbList","@id":"https:\/\/ranoja.ee\/toode\/maare-lt-4-s2-17kg-orlen-oil\/#breadcrumb","itemListElement":[{"@type":"ListItem","position":1,"name":"Home","item":"https:\/\/ranoja.ee\/"},{"@type":"ListItem","position":2,"name":"Shop","item":"https:\/\/ranoja.ee\/en\/shop\/"},{"@type":"ListItem","position":3,"name":"M\u00e4\u00e4re LT-4 S2 17kg, Orlen Oil"}]},{"@type":"WebSite","@id":"https:\/\/ranoja.ee\/#website","url":"https:\/\/ranoja.ee\/","name":"Ranoja","description":"Equipment Shop WooCommerce WordPress Theme for Machine &amp; Tools","publisher":{"@id":"https:\/\/ranoja.ee\/#organization"},"potentialAction":[{"@type":"SearchAction","target":{"@type":"EntryPoint","urlTemplate":"https:\/\/ranoja.ee\/?s={search_term_string}"},"query-input":{"@type":"PropertyValueSpecification","valueRequired":true,"valueName":"search_term_string"}}],"inLanguage":"en-US"},{"@type":"Organization","@id":"https:\/\/ranoja.ee\/#organization","name":"Ranoja O\u00dc","url":"https:\/\/ranoja.ee\/","logo":{"@type":"ImageObject","inLanguage":"en-US","@id":"https:\/\/ranoja.ee\/#\/schema\/logo\/image\/","url":"https:\/\/ranoja.ee\/wp-content\/uploads\/2023\/11\/ranoja-Logo.png","contentUrl":"https:\/\/ranoja.ee\/wp-content\/uploads\/2023\/11\/ranoja-Logo.png","width":207,"height":58,"caption":"Ranoja O\u00dc"},"image":{"@id":"https:\/\/ranoja.ee\/#\/schema\/logo\/image\/"},"sameAs":["https:\/\/www.facebook.com\/ranoja.ee","https:\/\/www.instagram.com\/ranoja__\/"]}]}},"_links":{"self":[{"href":"https:\/\/ranoja.ee\/en\/wp-json\/wp\/v2\/product\/59482","targetHints":{"allow":["GET"]}}],"collection":[{"href":"https:\/\/ranoja.ee\/en\/wp-json\/wp\/v2\/product"}],"about":[{"href":"https:\/\/ranoja.ee\/en\/wp-json\/wp\/v2\/types\/product"}],"wp:featuredmedia":[{"embeddable":true,"href":"https:\/\/ranoja.ee\/en\/wp-json\/wp\/v2\/media\/59483"}],"wp:attachment":[{"href":"https:\/\/ranoja.ee\/en\/wp-json\/wp\/v2\/media?parent=59482"}],"wp:term":[{"taxonomy":"product_cat","embeddable":true,"href":"https:\/\/ranoja.ee\/en\/wp-json\/wp\/v2\/product_cat?post=59482"},{"taxonomy":"product_tag","embeddable":true,"href":"https:\/\/ranoja.ee\/en\/wp-json\/wp\/v2\/product_tag?post=59482"}],"curies":[{"name":"wp","href":"https:\/\/api.w.org\/{rel}","templated":true}]}}