{"id":59444,"date":"2026-03-17T02:10:18","date_gmt":"2026-03-16T23:10:18","guid":{"rendered":"https:\/\/ranoja.ee\/toode\/seguoli-2t-snowmobile-4l-valvoline\/"},"modified":"2026-03-17T15:40:42","modified_gmt":"2026-03-17T12:40:42","slug":"seguoli-2t-snowmobile-4l-valvoline","status":"publish","type":"product","link":"https:\/\/ranoja.ee\/en\/toode\/seguoli-2t-snowmobile-4l-valvoline\/","title":{"rendered":"Segu\u00f5li 2T SNOWMOBILE 4L, Valvoline"},"content":{"rendered":"","protected":false},"excerpt":{"rendered":"<p>Semis\u00fcnteetiline madala suitsutasemega mootori\u00f5li<br \/>\nSpetsiaalsed lisandid kaitsmaks mootori p\u00f5hiosasid.<br \/>\nHoiab mootori puhtana ning v\u00e4hendab tahma ja sadestiste teket.<br \/>\nPakub kaitset rasketes s\u00f5idutingmustes.<br \/>\nParemaks segunemiseks k\u00fctusega on eelsegatud.<br \/>\nSobib eelsegustus ja \u00f5li sissepritse s\u00fcsteemidesse.<br \/>\nSobib k\u00f5ikidele 2-taktilistele mootorkelgu mootoritele.<br \/>\nSegusuhe kuni 1:100 j\u00e4lgida mootorivalmistaja n\u00f5udeid.<br \/>\nKvaliteediklassid\/ Heakskiidud<br \/>\nAPI TC<br \/>\nJASO FD<br \/>\nISO L-EGD<\/p>\n","protected":false},"featured_media":59445,"template":"","meta":{"inline_featured_image":false},"product_cat":[5015,5028,5012],"product_tag":[],"class_list":{"0":"post-59444","1":"product","2":"type-product","3":"status-publish","4":"has-post-thumbnail","6":"product_brand-valvoline","7":"product_cat-2t-ja-4t-vaikemootorite-olid","8":"product_cat-2t-ja-4t-vaikemootorite-sunteetilised-olid","9":"product_cat-olid-ja-maardeained","11":"first","12":"instock","13":"purchasable","14":"product-type-simple"},"yoast_head":"<!-- This site is optimized with the Yoast SEO plugin v27.4 - https:\/\/yoast.com\/product\/yoast-seo-wordpress\/ -->\n<title>Segu\u00f5li 2T SNOWMOBILE 4L, Valvoline - Ranoja<\/title>\n<meta name=\"robots\" content=\"index, follow, max-snippet:-1, max-image-preview:large, max-video-preview:-1\" \/>\n<link rel=\"canonical\" href=\"https:\/\/ranoja.ee\/toode\/seguoli-2t-snowmobile-4l-valvoline\/\" \/>\n<meta property=\"og:locale\" content=\"en_US\" \/>\n<meta property=\"og:type\" content=\"article\" \/>\n<meta property=\"og:title\" content=\"Segu\u00f5li 2T SNOWMOBILE 4L, Valvoline - Ranoja\" \/>\n<meta property=\"og:description\" content=\"Semis\u00fcnteetiline madala suitsutasemega mootori\u00f5li Spetsiaalsed lisandid kaitsmaks mootori p\u00f5hiosasid. Hoiab mootori puhtana ning v\u00e4hendab tahma ja sadestiste teket. Pakub kaitset rasketes s\u00f5idutingmustes. Paremaks segunemiseks k\u00fctusega on eelsegatud. Sobib eelsegustus ja \u00f5li sissepritse s\u00fcsteemidesse. Sobib k\u00f5ikidele 2-taktilistele mootorkelgu mootoritele. Segusuhe kuni 1:100 j\u00e4lgida mootorivalmistaja n\u00f5udeid. Kvaliteediklassid\/ Heakskiidud API TC JASO FD ISO L-EGD\" \/>\n<meta property=\"og:url\" content=\"https:\/\/ranoja.ee\/toode\/seguoli-2t-snowmobile-4l-valvoline\/\" \/>\n<meta property=\"og:site_name\" content=\"Ranoja\" \/>\n<meta property=\"article:publisher\" content=\"https:\/\/www.facebook.com\/ranoja.ee\" \/>\n<meta property=\"article:modified_time\" content=\"2026-03-17T12:40:42+00:00\" \/>\n<meta property=\"og:image\" content=\"https:\/\/ranoja.ee\/wp-content\/uploads\/2026\/03\/135668873.jpg\" \/>\n\t<meta property=\"og:image:width\" content=\"476\" \/>\n\t<meta property=\"og:image:height\" content=\"768\" \/>\n\t<meta property=\"og:image:type\" content=\"image\/jpeg\" \/>\n<meta name=\"twitter:card\" content=\"summary_large_image\" \/>\n<script type=\"application\/ld+json\" class=\"yoast-schema-graph\">{\"@context\":\"https:\\\/\\\/schema.org\",\"@graph\":[{\"@type\":\"WebPage\",\"@id\":\"https:\\\/\\\/ranoja.ee\\\/toode\\\/seguoli-2t-snowmobile-4l-valvoline\\\/\",\"url\":\"https:\\\/\\\/ranoja.ee\\\/toode\\\/seguoli-2t-snowmobile-4l-valvoline\\\/\",\"name\":\"Segu\u00f5li 2T SNOWMOBILE 4L, Valvoline - Ranoja\",\"isPartOf\":{\"@id\":\"https:\\\/\\\/ranoja.ee\\\/#website\"},\"primaryImageOfPage\":{\"@id\":\"https:\\\/\\\/ranoja.ee\\\/toode\\\/seguoli-2t-snowmobile-4l-valvoline\\\/#primaryimage\"},\"image\":{\"@id\":\"https:\\\/\\\/ranoja.ee\\\/toode\\\/seguoli-2t-snowmobile-4l-valvoline\\\/#primaryimage\"},\"thumbnailUrl\":\"https:\\\/\\\/ranoja.ee\\\/wp-content\\\/uploads\\\/2026\\\/03\\\/135668873.jpg\",\"datePublished\":\"2026-03-16T23:10:18+00:00\",\"dateModified\":\"2026-03-17T12:40:42+00:00\",\"breadcrumb\":{\"@id\":\"https:\\\/\\\/ranoja.ee\\\/toode\\\/seguoli-2t-snowmobile-4l-valvoline\\\/#breadcrumb\"},\"inLanguage\":\"en-US\",\"potentialAction\":[{\"@type\":\"ReadAction\",\"target\":[\"https:\\\/\\\/ranoja.ee\\\/toode\\\/seguoli-2t-snowmobile-4l-valvoline\\\/\"]}]},{\"@type\":\"ImageObject\",\"inLanguage\":\"en-US\",\"@id\":\"https:\\\/\\\/ranoja.ee\\\/toode\\\/seguoli-2t-snowmobile-4l-valvoline\\\/#primaryimage\",\"url\":\"https:\\\/\\\/ranoja.ee\\\/wp-content\\\/uploads\\\/2026\\\/03\\\/135668873.jpg\",\"contentUrl\":\"https:\\\/\\\/ranoja.ee\\\/wp-content\\\/uploads\\\/2026\\\/03\\\/135668873.jpg\",\"width\":476,\"height\":768},{\"@type\":\"BreadcrumbList\",\"@id\":\"https:\\\/\\\/ranoja.ee\\\/toode\\\/seguoli-2t-snowmobile-4l-valvoline\\\/#breadcrumb\",\"itemListElement\":[{\"@type\":\"ListItem\",\"position\":1,\"name\":\"Home\",\"item\":\"https:\\\/\\\/ranoja.ee\\\/\"},{\"@type\":\"ListItem\",\"position\":2,\"name\":\"Shop\",\"item\":\"https:\\\/\\\/ranoja.ee\\\/en\\\/shop\\\/\"},{\"@type\":\"ListItem\",\"position\":3,\"name\":\"Segu\u00f5li 2T SNOWMOBILE 4L, Valvoline\"}]},{\"@type\":\"WebSite\",\"@id\":\"https:\\\/\\\/ranoja.ee\\\/#website\",\"url\":\"https:\\\/\\\/ranoja.ee\\\/\",\"name\":\"Ranoja\",\"description\":\"Equipment Shop WooCommerce WordPress Theme for Machine &amp; Tools\",\"publisher\":{\"@id\":\"https:\\\/\\\/ranoja.ee\\\/#organization\"},\"potentialAction\":[{\"@type\":\"SearchAction\",\"target\":{\"@type\":\"EntryPoint\",\"urlTemplate\":\"https:\\\/\\\/ranoja.ee\\\/?s={search_term_string}\"},\"query-input\":{\"@type\":\"PropertyValueSpecification\",\"valueRequired\":true,\"valueName\":\"search_term_string\"}}],\"inLanguage\":\"en-US\"},{\"@type\":\"Organization\",\"@id\":\"https:\\\/\\\/ranoja.ee\\\/#organization\",\"name\":\"Ranoja O\u00dc\",\"url\":\"https:\\\/\\\/ranoja.ee\\\/\",\"logo\":{\"@type\":\"ImageObject\",\"inLanguage\":\"en-US\",\"@id\":\"https:\\\/\\\/ranoja.ee\\\/#\\\/schema\\\/logo\\\/image\\\/\",\"url\":\"https:\\\/\\\/ranoja.ee\\\/wp-content\\\/uploads\\\/2023\\\/11\\\/ranoja-Logo.png\",\"contentUrl\":\"https:\\\/\\\/ranoja.ee\\\/wp-content\\\/uploads\\\/2023\\\/11\\\/ranoja-Logo.png\",\"width\":207,\"height\":58,\"caption\":\"Ranoja O\u00dc\"},\"image\":{\"@id\":\"https:\\\/\\\/ranoja.ee\\\/#\\\/schema\\\/logo\\\/image\\\/\"},\"sameAs\":[\"https:\\\/\\\/www.facebook.com\\\/ranoja.ee\",\"https:\\\/\\\/www.instagram.com\\\/ranoja__\\\/\"]}]}<\/script>\n<!-- \/ Yoast SEO plugin. -->","yoast_head_json":{"title":"Segu\u00f5li 2T SNOWMOBILE 4L, Valvoline - Ranoja","robots":{"index":"index","follow":"follow","max-snippet":"max-snippet:-1","max-image-preview":"max-image-preview:large","max-video-preview":"max-video-preview:-1"},"canonical":"https:\/\/ranoja.ee\/toode\/seguoli-2t-snowmobile-4l-valvoline\/","og_locale":"en_US","og_type":"article","og_title":"Segu\u00f5li 2T SNOWMOBILE 4L, Valvoline - Ranoja","og_description":"Semis\u00fcnteetiline madala suitsutasemega mootori\u00f5li Spetsiaalsed lisandid kaitsmaks mootori p\u00f5hiosasid. Hoiab mootori puhtana ning v\u00e4hendab tahma ja sadestiste teket. Pakub kaitset rasketes s\u00f5idutingmustes. Paremaks segunemiseks k\u00fctusega on eelsegatud. Sobib eelsegustus ja \u00f5li sissepritse s\u00fcsteemidesse. Sobib k\u00f5ikidele 2-taktilistele mootorkelgu mootoritele. Segusuhe kuni 1:100 j\u00e4lgida mootorivalmistaja n\u00f5udeid. Kvaliteediklassid\/ Heakskiidud API TC JASO FD ISO L-EGD","og_url":"https:\/\/ranoja.ee\/toode\/seguoli-2t-snowmobile-4l-valvoline\/","og_site_name":"Ranoja","article_publisher":"https:\/\/www.facebook.com\/ranoja.ee","article_modified_time":"2026-03-17T12:40:42+00:00","og_image":[{"width":476,"height":768,"url":"https:\/\/ranoja.ee\/wp-content\/uploads\/2026\/03\/135668873.jpg","type":"image\/jpeg"}],"twitter_card":"summary_large_image","schema":{"@context":"https:\/\/schema.org","@graph":[{"@type":"WebPage","@id":"https:\/\/ranoja.ee\/toode\/seguoli-2t-snowmobile-4l-valvoline\/","url":"https:\/\/ranoja.ee\/toode\/seguoli-2t-snowmobile-4l-valvoline\/","name":"Segu\u00f5li 2T SNOWMOBILE 4L, Valvoline - Ranoja","isPartOf":{"@id":"https:\/\/ranoja.ee\/#website"},"primaryImageOfPage":{"@id":"https:\/\/ranoja.ee\/toode\/seguoli-2t-snowmobile-4l-valvoline\/#primaryimage"},"image":{"@id":"https:\/\/ranoja.ee\/toode\/seguoli-2t-snowmobile-4l-valvoline\/#primaryimage"},"thumbnailUrl":"https:\/\/ranoja.ee\/wp-content\/uploads\/2026\/03\/135668873.jpg","datePublished":"2026-03-16T23:10:18+00:00","dateModified":"2026-03-17T12:40:42+00:00","breadcrumb":{"@id":"https:\/\/ranoja.ee\/toode\/seguoli-2t-snowmobile-4l-valvoline\/#breadcrumb"},"inLanguage":"en-US","potentialAction":[{"@type":"ReadAction","target":["https:\/\/ranoja.ee\/toode\/seguoli-2t-snowmobile-4l-valvoline\/"]}]},{"@type":"ImageObject","inLanguage":"en-US","@id":"https:\/\/ranoja.ee\/toode\/seguoli-2t-snowmobile-4l-valvoline\/#primaryimage","url":"https:\/\/ranoja.ee\/wp-content\/uploads\/2026\/03\/135668873.jpg","contentUrl":"https:\/\/ranoja.ee\/wp-content\/uploads\/2026\/03\/135668873.jpg","width":476,"height":768},{"@type":"BreadcrumbList","@id":"https:\/\/ranoja.ee\/toode\/seguoli-2t-snowmobile-4l-valvoline\/#breadcrumb","itemListElement":[{"@type":"ListItem","position":1,"name":"Home","item":"https:\/\/ranoja.ee\/"},{"@type":"ListItem","position":2,"name":"Shop","item":"https:\/\/ranoja.ee\/en\/shop\/"},{"@type":"ListItem","position":3,"name":"Segu\u00f5li 2T SNOWMOBILE 4L, Valvoline"}]},{"@type":"WebSite","@id":"https:\/\/ranoja.ee\/#website","url":"https:\/\/ranoja.ee\/","name":"Ranoja","description":"Equipment Shop WooCommerce WordPress Theme for Machine &amp; Tools","publisher":{"@id":"https:\/\/ranoja.ee\/#organization"},"potentialAction":[{"@type":"SearchAction","target":{"@type":"EntryPoint","urlTemplate":"https:\/\/ranoja.ee\/?s={search_term_string}"},"query-input":{"@type":"PropertyValueSpecification","valueRequired":true,"valueName":"search_term_string"}}],"inLanguage":"en-US"},{"@type":"Organization","@id":"https:\/\/ranoja.ee\/#organization","name":"Ranoja O\u00dc","url":"https:\/\/ranoja.ee\/","logo":{"@type":"ImageObject","inLanguage":"en-US","@id":"https:\/\/ranoja.ee\/#\/schema\/logo\/image\/","url":"https:\/\/ranoja.ee\/wp-content\/uploads\/2023\/11\/ranoja-Logo.png","contentUrl":"https:\/\/ranoja.ee\/wp-content\/uploads\/2023\/11\/ranoja-Logo.png","width":207,"height":58,"caption":"Ranoja O\u00dc"},"image":{"@id":"https:\/\/ranoja.ee\/#\/schema\/logo\/image\/"},"sameAs":["https:\/\/www.facebook.com\/ranoja.ee","https:\/\/www.instagram.com\/ranoja__\/"]}]}},"_links":{"self":[{"href":"https:\/\/ranoja.ee\/en\/wp-json\/wp\/v2\/product\/59444","targetHints":{"allow":["GET"]}}],"collection":[{"href":"https:\/\/ranoja.ee\/en\/wp-json\/wp\/v2\/product"}],"about":[{"href":"https:\/\/ranoja.ee\/en\/wp-json\/wp\/v2\/types\/product"}],"wp:featuredmedia":[{"embeddable":true,"href":"https:\/\/ranoja.ee\/en\/wp-json\/wp\/v2\/media\/59445"}],"wp:attachment":[{"href":"https:\/\/ranoja.ee\/en\/wp-json\/wp\/v2\/media?parent=59444"}],"wp:term":[{"taxonomy":"product_cat","embeddable":true,"href":"https:\/\/ranoja.ee\/en\/wp-json\/wp\/v2\/product_cat?post=59444"},{"taxonomy":"product_tag","embeddable":true,"href":"https:\/\/ranoja.ee\/en\/wp-json\/wp\/v2\/product_tag?post=59444"}],"curies":[{"name":"wp","href":"https:\/\/api.w.org\/{rel}","templated":true}]}}