{"id":59424,"date":"2026-03-17T02:09:57","date_gmt":"2026-03-16T23:09:57","guid":{"rendered":"https:\/\/ranoja.ee\/toode\/laserkaugusmoodik-ld-250-bt-02-50m-stabila\/"},"modified":"2026-03-17T15:40:42","modified_gmt":"2026-03-17T12:40:42","slug":"laserkaugusmoodik-ld-250-bt-02-50m-stabila","status":"publish","type":"product","link":"https:\/\/ranoja.ee\/en\/toode\/laserkaugusmoodik-ld-250-bt-02-50m-stabila\/","title":{"rendered":"Laserkaugusm\u00f5\u00f5dik LD 250 BT 0,2 &#8211; 50m, Stabila"},"content":{"rendered":"","protected":false},"excerpt":{"rendered":"<p>t\u00e4psus +\/- 2mm, t\u00f6\u00f6ulatus kuni 50 meetrit, 4 funktsiooni kaugus, pindala, ruumala ja j\u00e4riestikku m\u00f5\u00f5tmine <\/p>\n<p>Kiire m\u00f5\u00f5tmine- h\u00f5lpsasti k\u00e4sitsetavad m\u00f5\u00f5tefunktsioonid<\/p>\n<p>Hea loetavus t\u00e4nu suurtele numbritele ja valgustatud ekraanile T\u00e4nu Bluetooth\u00ae Smart 4.0 tehnoloogiale on v\u00f5imalik andmeid kanda nutitelefoni v\u00f5i  tahvelarvutisse (Stabila App on tasuta) L\u00f6\u00f6gikindel korpus koos p\u00f5rkeid summutava softgrip \u00fcmbrisega.<\/p>\n<p> LD 220 vastab uuele rahvusvahelisele standardile ISO 16331-1. Selle ulatust ja t\u00e4psust puudutavaid andmeid v\u00f5ib kindlalt usaldada.<\/p>\n","protected":false},"featured_media":59425,"template":"","meta":{"inline_featured_image":false},"product_cat":[5099,5316,5317],"product_tag":[],"class_list":{"0":"post-59424","1":"product","2":"type-product","3":"status-publish","4":"has-post-thumbnail","6":"product_brand-stabila","7":"product_cat-marke-ja-mooteriistad","8":"product_cat-mooteseadmed","9":"product_cat-muud-mooteseadmed","11":"first","12":"instock","13":"purchasable","14":"product-type-simple"},"yoast_head":"<!-- This site is optimized with the Yoast SEO plugin v27.4 - https:\/\/yoast.com\/product\/yoast-seo-wordpress\/ -->\n<title>Laserkaugusm\u00f5\u00f5dik LD 250 BT 0,2 - 50m, Stabila - Ranoja<\/title>\n<meta name=\"robots\" content=\"index, follow, max-snippet:-1, max-image-preview:large, max-video-preview:-1\" \/>\n<link rel=\"canonical\" href=\"https:\/\/ranoja.ee\/toode\/laserkaugusmoodik-ld-250-bt-02-50m-stabila\/\" \/>\n<meta property=\"og:locale\" content=\"en_US\" \/>\n<meta property=\"og:type\" content=\"article\" \/>\n<meta property=\"og:title\" content=\"Laserkaugusm\u00f5\u00f5dik LD 250 BT 0,2 - 50m, Stabila - Ranoja\" \/>\n<meta property=\"og:description\" content=\"t\u00e4psus +\/- 2mm, t\u00f6\u00f6ulatus kuni 50 meetrit, 4 funktsiooni kaugus, pindala, ruumala ja j\u00e4riestikku m\u00f5\u00f5tmine  Kiire m\u00f5\u00f5tmine- h\u00f5lpsasti k\u00e4sitsetavad m\u00f5\u00f5tefunktsioonid Hea loetavus t\u00e4nu suurtele numbritele ja valgustatud ekraanile T\u00e4nu Bluetooth\u00ae Smart 4.0 tehnoloogiale on v\u00f5imalik andmeid kanda nutitelefoni v\u00f5i tahvelarvutisse (Stabila App on tasuta) L\u00f6\u00f6gikindel korpus koos p\u00f5rkeid summutava softgrip \u00fcmbrisega.  LD 220 vastab uuele rahvusvahelisele standardile ISO 16331-1. Selle ulatust ja t\u00e4psust puudutavaid andmeid v\u00f5ib kindlalt usaldada.\" \/>\n<meta property=\"og:url\" content=\"https:\/\/ranoja.ee\/toode\/laserkaugusmoodik-ld-250-bt-02-50m-stabila\/\" \/>\n<meta property=\"og:site_name\" content=\"Ranoja\" \/>\n<meta property=\"article:publisher\" content=\"https:\/\/www.facebook.com\/ranoja.ee\" \/>\n<meta property=\"article:modified_time\" content=\"2026-03-17T12:40:42+00:00\" \/>\n<meta property=\"og:image\" content=\"https:\/\/ranoja.ee\/wp-content\/uploads\/2026\/03\/123740294.jpg\" \/>\n\t<meta property=\"og:image:width\" content=\"180\" \/>\n\t<meta property=\"og:image:height\" content=\"153\" \/>\n\t<meta property=\"og:image:type\" content=\"image\/jpeg\" \/>\n<meta name=\"twitter:card\" content=\"summary_large_image\" \/>\n<script type=\"application\/ld+json\" class=\"yoast-schema-graph\">{\"@context\":\"https:\\\/\\\/schema.org\",\"@graph\":[{\"@type\":\"WebPage\",\"@id\":\"https:\\\/\\\/ranoja.ee\\\/toode\\\/laserkaugusmoodik-ld-250-bt-02-50m-stabila\\\/\",\"url\":\"https:\\\/\\\/ranoja.ee\\\/toode\\\/laserkaugusmoodik-ld-250-bt-02-50m-stabila\\\/\",\"name\":\"Laserkaugusm\u00f5\u00f5dik LD 250 BT 0,2 - 50m, Stabila - Ranoja\",\"isPartOf\":{\"@id\":\"https:\\\/\\\/ranoja.ee\\\/#website\"},\"primaryImageOfPage\":{\"@id\":\"https:\\\/\\\/ranoja.ee\\\/toode\\\/laserkaugusmoodik-ld-250-bt-02-50m-stabila\\\/#primaryimage\"},\"image\":{\"@id\":\"https:\\\/\\\/ranoja.ee\\\/toode\\\/laserkaugusmoodik-ld-250-bt-02-50m-stabila\\\/#primaryimage\"},\"thumbnailUrl\":\"https:\\\/\\\/ranoja.ee\\\/wp-content\\\/uploads\\\/2026\\\/03\\\/123740294.jpg\",\"datePublished\":\"2026-03-16T23:09:57+00:00\",\"dateModified\":\"2026-03-17T12:40:42+00:00\",\"breadcrumb\":{\"@id\":\"https:\\\/\\\/ranoja.ee\\\/toode\\\/laserkaugusmoodik-ld-250-bt-02-50m-stabila\\\/#breadcrumb\"},\"inLanguage\":\"en-US\",\"potentialAction\":[{\"@type\":\"ReadAction\",\"target\":[\"https:\\\/\\\/ranoja.ee\\\/toode\\\/laserkaugusmoodik-ld-250-bt-02-50m-stabila\\\/\"]}]},{\"@type\":\"ImageObject\",\"inLanguage\":\"en-US\",\"@id\":\"https:\\\/\\\/ranoja.ee\\\/toode\\\/laserkaugusmoodik-ld-250-bt-02-50m-stabila\\\/#primaryimage\",\"url\":\"https:\\\/\\\/ranoja.ee\\\/wp-content\\\/uploads\\\/2026\\\/03\\\/123740294.jpg\",\"contentUrl\":\"https:\\\/\\\/ranoja.ee\\\/wp-content\\\/uploads\\\/2026\\\/03\\\/123740294.jpg\",\"width\":180,\"height\":153},{\"@type\":\"BreadcrumbList\",\"@id\":\"https:\\\/\\\/ranoja.ee\\\/toode\\\/laserkaugusmoodik-ld-250-bt-02-50m-stabila\\\/#breadcrumb\",\"itemListElement\":[{\"@type\":\"ListItem\",\"position\":1,\"name\":\"Home\",\"item\":\"https:\\\/\\\/ranoja.ee\\\/\"},{\"@type\":\"ListItem\",\"position\":2,\"name\":\"Shop\",\"item\":\"https:\\\/\\\/ranoja.ee\\\/en\\\/shop\\\/\"},{\"@type\":\"ListItem\",\"position\":3,\"name\":\"Laserkaugusm\u00f5\u00f5dik LD 250 BT 0,2 &#8211; 50m, Stabila\"}]},{\"@type\":\"WebSite\",\"@id\":\"https:\\\/\\\/ranoja.ee\\\/#website\",\"url\":\"https:\\\/\\\/ranoja.ee\\\/\",\"name\":\"Ranoja\",\"description\":\"Equipment Shop WooCommerce WordPress Theme for Machine &amp; Tools\",\"publisher\":{\"@id\":\"https:\\\/\\\/ranoja.ee\\\/#organization\"},\"potentialAction\":[{\"@type\":\"SearchAction\",\"target\":{\"@type\":\"EntryPoint\",\"urlTemplate\":\"https:\\\/\\\/ranoja.ee\\\/?s={search_term_string}\"},\"query-input\":{\"@type\":\"PropertyValueSpecification\",\"valueRequired\":true,\"valueName\":\"search_term_string\"}}],\"inLanguage\":\"en-US\"},{\"@type\":\"Organization\",\"@id\":\"https:\\\/\\\/ranoja.ee\\\/#organization\",\"name\":\"Ranoja O\u00dc\",\"url\":\"https:\\\/\\\/ranoja.ee\\\/\",\"logo\":{\"@type\":\"ImageObject\",\"inLanguage\":\"en-US\",\"@id\":\"https:\\\/\\\/ranoja.ee\\\/#\\\/schema\\\/logo\\\/image\\\/\",\"url\":\"https:\\\/\\\/ranoja.ee\\\/wp-content\\\/uploads\\\/2023\\\/11\\\/ranoja-Logo.png\",\"contentUrl\":\"https:\\\/\\\/ranoja.ee\\\/wp-content\\\/uploads\\\/2023\\\/11\\\/ranoja-Logo.png\",\"width\":207,\"height\":58,\"caption\":\"Ranoja O\u00dc\"},\"image\":{\"@id\":\"https:\\\/\\\/ranoja.ee\\\/#\\\/schema\\\/logo\\\/image\\\/\"},\"sameAs\":[\"https:\\\/\\\/www.facebook.com\\\/ranoja.ee\",\"https:\\\/\\\/www.instagram.com\\\/ranoja__\\\/\"]}]}<\/script>\n<!-- \/ Yoast SEO plugin. -->","yoast_head_json":{"title":"Laserkaugusm\u00f5\u00f5dik LD 250 BT 0,2 - 50m, Stabila - Ranoja","robots":{"index":"index","follow":"follow","max-snippet":"max-snippet:-1","max-image-preview":"max-image-preview:large","max-video-preview":"max-video-preview:-1"},"canonical":"https:\/\/ranoja.ee\/toode\/laserkaugusmoodik-ld-250-bt-02-50m-stabila\/","og_locale":"en_US","og_type":"article","og_title":"Laserkaugusm\u00f5\u00f5dik LD 250 BT 0,2 - 50m, Stabila - Ranoja","og_description":"t\u00e4psus +\/- 2mm, t\u00f6\u00f6ulatus kuni 50 meetrit, 4 funktsiooni kaugus, pindala, ruumala ja j\u00e4riestikku m\u00f5\u00f5tmine  Kiire m\u00f5\u00f5tmine- h\u00f5lpsasti k\u00e4sitsetavad m\u00f5\u00f5tefunktsioonid Hea loetavus t\u00e4nu suurtele numbritele ja valgustatud ekraanile T\u00e4nu Bluetooth\u00ae Smart 4.0 tehnoloogiale on v\u00f5imalik andmeid kanda nutitelefoni v\u00f5i tahvelarvutisse (Stabila App on tasuta) L\u00f6\u00f6gikindel korpus koos p\u00f5rkeid summutava softgrip \u00fcmbrisega.  LD 220 vastab uuele rahvusvahelisele standardile ISO 16331-1. Selle ulatust ja t\u00e4psust puudutavaid andmeid v\u00f5ib kindlalt usaldada.","og_url":"https:\/\/ranoja.ee\/toode\/laserkaugusmoodik-ld-250-bt-02-50m-stabila\/","og_site_name":"Ranoja","article_publisher":"https:\/\/www.facebook.com\/ranoja.ee","article_modified_time":"2026-03-17T12:40:42+00:00","og_image":[{"width":180,"height":153,"url":"https:\/\/ranoja.ee\/wp-content\/uploads\/2026\/03\/123740294.jpg","type":"image\/jpeg"}],"twitter_card":"summary_large_image","schema":{"@context":"https:\/\/schema.org","@graph":[{"@type":"WebPage","@id":"https:\/\/ranoja.ee\/toode\/laserkaugusmoodik-ld-250-bt-02-50m-stabila\/","url":"https:\/\/ranoja.ee\/toode\/laserkaugusmoodik-ld-250-bt-02-50m-stabila\/","name":"Laserkaugusm\u00f5\u00f5dik LD 250 BT 0,2 - 50m, Stabila - Ranoja","isPartOf":{"@id":"https:\/\/ranoja.ee\/#website"},"primaryImageOfPage":{"@id":"https:\/\/ranoja.ee\/toode\/laserkaugusmoodik-ld-250-bt-02-50m-stabila\/#primaryimage"},"image":{"@id":"https:\/\/ranoja.ee\/toode\/laserkaugusmoodik-ld-250-bt-02-50m-stabila\/#primaryimage"},"thumbnailUrl":"https:\/\/ranoja.ee\/wp-content\/uploads\/2026\/03\/123740294.jpg","datePublished":"2026-03-16T23:09:57+00:00","dateModified":"2026-03-17T12:40:42+00:00","breadcrumb":{"@id":"https:\/\/ranoja.ee\/toode\/laserkaugusmoodik-ld-250-bt-02-50m-stabila\/#breadcrumb"},"inLanguage":"en-US","potentialAction":[{"@type":"ReadAction","target":["https:\/\/ranoja.ee\/toode\/laserkaugusmoodik-ld-250-bt-02-50m-stabila\/"]}]},{"@type":"ImageObject","inLanguage":"en-US","@id":"https:\/\/ranoja.ee\/toode\/laserkaugusmoodik-ld-250-bt-02-50m-stabila\/#primaryimage","url":"https:\/\/ranoja.ee\/wp-content\/uploads\/2026\/03\/123740294.jpg","contentUrl":"https:\/\/ranoja.ee\/wp-content\/uploads\/2026\/03\/123740294.jpg","width":180,"height":153},{"@type":"BreadcrumbList","@id":"https:\/\/ranoja.ee\/toode\/laserkaugusmoodik-ld-250-bt-02-50m-stabila\/#breadcrumb","itemListElement":[{"@type":"ListItem","position":1,"name":"Home","item":"https:\/\/ranoja.ee\/"},{"@type":"ListItem","position":2,"name":"Shop","item":"https:\/\/ranoja.ee\/en\/shop\/"},{"@type":"ListItem","position":3,"name":"Laserkaugusm\u00f5\u00f5dik LD 250 BT 0,2 &#8211; 50m, Stabila"}]},{"@type":"WebSite","@id":"https:\/\/ranoja.ee\/#website","url":"https:\/\/ranoja.ee\/","name":"Ranoja","description":"Equipment Shop WooCommerce WordPress Theme for Machine &amp; Tools","publisher":{"@id":"https:\/\/ranoja.ee\/#organization"},"potentialAction":[{"@type":"SearchAction","target":{"@type":"EntryPoint","urlTemplate":"https:\/\/ranoja.ee\/?s={search_term_string}"},"query-input":{"@type":"PropertyValueSpecification","valueRequired":true,"valueName":"search_term_string"}}],"inLanguage":"en-US"},{"@type":"Organization","@id":"https:\/\/ranoja.ee\/#organization","name":"Ranoja O\u00dc","url":"https:\/\/ranoja.ee\/","logo":{"@type":"ImageObject","inLanguage":"en-US","@id":"https:\/\/ranoja.ee\/#\/schema\/logo\/image\/","url":"https:\/\/ranoja.ee\/wp-content\/uploads\/2023\/11\/ranoja-Logo.png","contentUrl":"https:\/\/ranoja.ee\/wp-content\/uploads\/2023\/11\/ranoja-Logo.png","width":207,"height":58,"caption":"Ranoja O\u00dc"},"image":{"@id":"https:\/\/ranoja.ee\/#\/schema\/logo\/image\/"},"sameAs":["https:\/\/www.facebook.com\/ranoja.ee","https:\/\/www.instagram.com\/ranoja__\/"]}]}},"_links":{"self":[{"href":"https:\/\/ranoja.ee\/en\/wp-json\/wp\/v2\/product\/59424","targetHints":{"allow":["GET"]}}],"collection":[{"href":"https:\/\/ranoja.ee\/en\/wp-json\/wp\/v2\/product"}],"about":[{"href":"https:\/\/ranoja.ee\/en\/wp-json\/wp\/v2\/types\/product"}],"wp:featuredmedia":[{"embeddable":true,"href":"https:\/\/ranoja.ee\/en\/wp-json\/wp\/v2\/media\/59425"}],"wp:attachment":[{"href":"https:\/\/ranoja.ee\/en\/wp-json\/wp\/v2\/media?parent=59424"}],"wp:term":[{"taxonomy":"product_cat","embeddable":true,"href":"https:\/\/ranoja.ee\/en\/wp-json\/wp\/v2\/product_cat?post=59424"},{"taxonomy":"product_tag","embeddable":true,"href":"https:\/\/ranoja.ee\/en\/wp-json\/wp\/v2\/product_tag?post=59424"}],"curies":[{"name":"wp","href":"https:\/\/api.w.org\/{rel}","templated":true}]}}