{"id":59422,"date":"2026-03-17T02:09:57","date_gmt":"2026-03-16T23:09:57","guid":{"rendered":"https:\/\/ranoja.ee\/toode\/akuga-kasikompressor-hc-ac20-x-karkass-scheppach\/"},"modified":"2026-03-17T15:40:42","modified_gmt":"2026-03-17T12:40:42","slug":"akuga-kasikompressor-hc-ac20-x-karkass-scheppach","status":"publish","type":"product","link":"https:\/\/ranoja.ee\/en\/toode\/akuga-kasikompressor-hc-ac20-x-karkass-scheppach\/","title":{"rendered":"Akuga k\u00e4sikompressor HC-AC20-X, karkass, Scheppach"},"content":{"rendered":"","protected":false},"excerpt":{"rendered":"<p>Mootor: harjadega<br \/>\nMax t\u00f6\u00f6r\u00f5hk: 7 baari<br \/>\nTootlikkus 0 baari juures: 10 l\/m<br \/>\nTootlikkus 4 baari juures: 8 l\/m<br \/>\nTootlikkus 7 baari juures 6 l\/m<\/p>\n<p>Kergesti loetav digitaalne m\u00f5\u00f5tur tagab t\u00e4psuse<br \/>\nK\u00f5rgsurve r\u00f5hk 0 kuni 7 baari rehvide ja v\u00e4ikeste t\u00e4ispuhutavate esemete jaoks<br \/>\nJuhtmeta mugavus peaaegu k\u00f5ikjal kasutamiseks<br \/>\nSuure l\u00e4bim\u00f5\u00f5duga kolb v\u00f5imaldab kiiret t\u00e4itmist<br \/>\nKomplektis painduv voolik ergonoomiliseks t\u00f6\u00f6ks<br \/>\nIdeaalne suure \u00f5huhulga jaoks, n\u00e4iteks \u00f5hkmadratsite, kummipaatide v\u00f5i t\u00e4ispuhutavate rannatarvete jaoks<br \/>\nR\u00f5hu eelseadistus koos automaatse v\u00e4ljal\u00fclitusega<br \/>\nLCD-ekraan r\u00f5hu n\u00e4iduga baarides v\u00f5i PSI-s<br \/>\nErgonoomiline, kompaktne ja kerge disain pehme k\u00e4epidemega, mis tagab kasutaja mugavuse<br \/>\nLED t\u00f6\u00f6valgusti<\/p>\n<p>Komplekti kuulub<br \/>\n1tk voolik klapiadapteriga<br \/>\n2tk sisekummi otsikut<br \/>\n1 tk pallin\u00f5el<br \/>\n2tk plastikust adapterit<\/p>\n","protected":false},"featured_media":59423,"template":"","meta":{"inline_featured_image":false},"product_cat":[5118,5117,1094],"product_tag":[],"class_list":{"0":"post-59422","1":"product","2":"type-product","3":"status-publish","4":"has-post-thumbnail","6":"product_brand-scheppach","7":"product_cat-akuga-kompressorid","8":"product_cat-akuga-muud-tooriistad","9":"product_cat-akutooriistad","11":"first","12":"instock","13":"purchasable","14":"product-type-simple"},"yoast_head":"<!-- This site is optimized with the Yoast SEO plugin v27.4 - https:\/\/yoast.com\/product\/yoast-seo-wordpress\/ -->\n<title>Akuga k\u00e4sikompressor HC-AC20-X, karkass, Scheppach - Ranoja<\/title>\n<meta name=\"robots\" content=\"index, follow, max-snippet:-1, max-image-preview:large, max-video-preview:-1\" \/>\n<link rel=\"canonical\" href=\"https:\/\/ranoja.ee\/toode\/akuga-kasikompressor-hc-ac20-x-karkass-scheppach\/\" \/>\n<meta property=\"og:locale\" content=\"en_US\" \/>\n<meta property=\"og:type\" content=\"article\" \/>\n<meta property=\"og:title\" content=\"Akuga k\u00e4sikompressor HC-AC20-X, karkass, Scheppach - Ranoja\" \/>\n<meta property=\"og:description\" content=\"Mootor: harjadega Max t\u00f6\u00f6r\u00f5hk: 7 baari Tootlikkus 0 baari juures: 10 l\/m Tootlikkus 4 baari juures: 8 l\/m Tootlikkus 7 baari juures 6 l\/m Kergesti loetav digitaalne m\u00f5\u00f5tur tagab t\u00e4psuse K\u00f5rgsurve r\u00f5hk 0 kuni 7 baari rehvide ja v\u00e4ikeste t\u00e4ispuhutavate esemete jaoks Juhtmeta mugavus peaaegu k\u00f5ikjal kasutamiseks Suure l\u00e4bim\u00f5\u00f5duga kolb v\u00f5imaldab kiiret t\u00e4itmist Komplektis painduv voolik ergonoomiliseks t\u00f6\u00f6ks Ideaalne suure \u00f5huhulga jaoks, n\u00e4iteks \u00f5hkmadratsite, kummipaatide v\u00f5i t\u00e4ispuhutavate rannatarvete jaoks R\u00f5hu eelseadistus koos automaatse v\u00e4ljal\u00fclitusega LCD-ekraan r\u00f5hu n\u00e4iduga baarides v\u00f5i PSI-s Ergonoomiline, kompaktne ja kerge disain pehme k\u00e4epidemega, mis tagab kasutaja mugavuse LED t\u00f6\u00f6valgusti Komplekti kuulub 1tk voolik klapiadapteriga 2tk sisekummi otsikut 1 tk pallin\u00f5el 2tk plastikust adapterit\" \/>\n<meta property=\"og:url\" content=\"https:\/\/ranoja.ee\/toode\/akuga-kasikompressor-hc-ac20-x-karkass-scheppach\/\" \/>\n<meta property=\"og:site_name\" content=\"Ranoja\" \/>\n<meta property=\"article:publisher\" content=\"https:\/\/www.facebook.com\/ranoja.ee\" \/>\n<meta property=\"article:modified_time\" content=\"2026-03-17T12:40:42+00:00\" \/>\n<meta property=\"og:image\" content=\"https:\/\/ranoja.ee\/wp-content\/uploads\/2026\/03\/5638770624.jpg\" \/>\n\t<meta property=\"og:image:width\" content=\"900\" \/>\n\t<meta property=\"og:image:height\" content=\"900\" \/>\n\t<meta property=\"og:image:type\" content=\"image\/jpeg\" \/>\n<meta name=\"twitter:card\" content=\"summary_large_image\" \/>\n<script type=\"application\/ld+json\" class=\"yoast-schema-graph\">{\"@context\":\"https:\\\/\\\/schema.org\",\"@graph\":[{\"@type\":\"WebPage\",\"@id\":\"https:\\\/\\\/ranoja.ee\\\/toode\\\/akuga-kasikompressor-hc-ac20-x-karkass-scheppach\\\/\",\"url\":\"https:\\\/\\\/ranoja.ee\\\/toode\\\/akuga-kasikompressor-hc-ac20-x-karkass-scheppach\\\/\",\"name\":\"Akuga k\u00e4sikompressor HC-AC20-X, karkass, Scheppach - Ranoja\",\"isPartOf\":{\"@id\":\"https:\\\/\\\/ranoja.ee\\\/#website\"},\"primaryImageOfPage\":{\"@id\":\"https:\\\/\\\/ranoja.ee\\\/toode\\\/akuga-kasikompressor-hc-ac20-x-karkass-scheppach\\\/#primaryimage\"},\"image\":{\"@id\":\"https:\\\/\\\/ranoja.ee\\\/toode\\\/akuga-kasikompressor-hc-ac20-x-karkass-scheppach\\\/#primaryimage\"},\"thumbnailUrl\":\"https:\\\/\\\/ranoja.ee\\\/wp-content\\\/uploads\\\/2026\\\/03\\\/5638770624.jpg\",\"datePublished\":\"2026-03-16T23:09:57+00:00\",\"dateModified\":\"2026-03-17T12:40:42+00:00\",\"breadcrumb\":{\"@id\":\"https:\\\/\\\/ranoja.ee\\\/toode\\\/akuga-kasikompressor-hc-ac20-x-karkass-scheppach\\\/#breadcrumb\"},\"inLanguage\":\"en-US\",\"potentialAction\":[{\"@type\":\"ReadAction\",\"target\":[\"https:\\\/\\\/ranoja.ee\\\/toode\\\/akuga-kasikompressor-hc-ac20-x-karkass-scheppach\\\/\"]}]},{\"@type\":\"ImageObject\",\"inLanguage\":\"en-US\",\"@id\":\"https:\\\/\\\/ranoja.ee\\\/toode\\\/akuga-kasikompressor-hc-ac20-x-karkass-scheppach\\\/#primaryimage\",\"url\":\"https:\\\/\\\/ranoja.ee\\\/wp-content\\\/uploads\\\/2026\\\/03\\\/5638770624.jpg\",\"contentUrl\":\"https:\\\/\\\/ranoja.ee\\\/wp-content\\\/uploads\\\/2026\\\/03\\\/5638770624.jpg\",\"width\":900,\"height\":900},{\"@type\":\"BreadcrumbList\",\"@id\":\"https:\\\/\\\/ranoja.ee\\\/toode\\\/akuga-kasikompressor-hc-ac20-x-karkass-scheppach\\\/#breadcrumb\",\"itemListElement\":[{\"@type\":\"ListItem\",\"position\":1,\"name\":\"Home\",\"item\":\"https:\\\/\\\/ranoja.ee\\\/\"},{\"@type\":\"ListItem\",\"position\":2,\"name\":\"Shop\",\"item\":\"https:\\\/\\\/ranoja.ee\\\/en\\\/shop\\\/\"},{\"@type\":\"ListItem\",\"position\":3,\"name\":\"Akuga k\u00e4sikompressor HC-AC20-X, karkass, Scheppach\"}]},{\"@type\":\"WebSite\",\"@id\":\"https:\\\/\\\/ranoja.ee\\\/#website\",\"url\":\"https:\\\/\\\/ranoja.ee\\\/\",\"name\":\"Ranoja\",\"description\":\"Equipment Shop WooCommerce WordPress Theme for Machine &amp; Tools\",\"publisher\":{\"@id\":\"https:\\\/\\\/ranoja.ee\\\/#organization\"},\"potentialAction\":[{\"@type\":\"SearchAction\",\"target\":{\"@type\":\"EntryPoint\",\"urlTemplate\":\"https:\\\/\\\/ranoja.ee\\\/?s={search_term_string}\"},\"query-input\":{\"@type\":\"PropertyValueSpecification\",\"valueRequired\":true,\"valueName\":\"search_term_string\"}}],\"inLanguage\":\"en-US\"},{\"@type\":\"Organization\",\"@id\":\"https:\\\/\\\/ranoja.ee\\\/#organization\",\"name\":\"Ranoja O\u00dc\",\"url\":\"https:\\\/\\\/ranoja.ee\\\/\",\"logo\":{\"@type\":\"ImageObject\",\"inLanguage\":\"en-US\",\"@id\":\"https:\\\/\\\/ranoja.ee\\\/#\\\/schema\\\/logo\\\/image\\\/\",\"url\":\"https:\\\/\\\/ranoja.ee\\\/wp-content\\\/uploads\\\/2023\\\/11\\\/ranoja-Logo.png\",\"contentUrl\":\"https:\\\/\\\/ranoja.ee\\\/wp-content\\\/uploads\\\/2023\\\/11\\\/ranoja-Logo.png\",\"width\":207,\"height\":58,\"caption\":\"Ranoja O\u00dc\"},\"image\":{\"@id\":\"https:\\\/\\\/ranoja.ee\\\/#\\\/schema\\\/logo\\\/image\\\/\"},\"sameAs\":[\"https:\\\/\\\/www.facebook.com\\\/ranoja.ee\",\"https:\\\/\\\/www.instagram.com\\\/ranoja__\\\/\"]}]}<\/script>\n<!-- \/ Yoast SEO plugin. -->","yoast_head_json":{"title":"Akuga k\u00e4sikompressor HC-AC20-X, karkass, Scheppach - Ranoja","robots":{"index":"index","follow":"follow","max-snippet":"max-snippet:-1","max-image-preview":"max-image-preview:large","max-video-preview":"max-video-preview:-1"},"canonical":"https:\/\/ranoja.ee\/toode\/akuga-kasikompressor-hc-ac20-x-karkass-scheppach\/","og_locale":"en_US","og_type":"article","og_title":"Akuga k\u00e4sikompressor HC-AC20-X, karkass, Scheppach - Ranoja","og_description":"Mootor: harjadega Max t\u00f6\u00f6r\u00f5hk: 7 baari Tootlikkus 0 baari juures: 10 l\/m Tootlikkus 4 baari juures: 8 l\/m Tootlikkus 7 baari juures 6 l\/m Kergesti loetav digitaalne m\u00f5\u00f5tur tagab t\u00e4psuse K\u00f5rgsurve r\u00f5hk 0 kuni 7 baari rehvide ja v\u00e4ikeste t\u00e4ispuhutavate esemete jaoks Juhtmeta mugavus peaaegu k\u00f5ikjal kasutamiseks Suure l\u00e4bim\u00f5\u00f5duga kolb v\u00f5imaldab kiiret t\u00e4itmist Komplektis painduv voolik ergonoomiliseks t\u00f6\u00f6ks Ideaalne suure \u00f5huhulga jaoks, n\u00e4iteks \u00f5hkmadratsite, kummipaatide v\u00f5i t\u00e4ispuhutavate rannatarvete jaoks R\u00f5hu eelseadistus koos automaatse v\u00e4ljal\u00fclitusega LCD-ekraan r\u00f5hu n\u00e4iduga baarides v\u00f5i PSI-s Ergonoomiline, kompaktne ja kerge disain pehme k\u00e4epidemega, mis tagab kasutaja mugavuse LED t\u00f6\u00f6valgusti Komplekti kuulub 1tk voolik klapiadapteriga 2tk sisekummi otsikut 1 tk pallin\u00f5el 2tk plastikust adapterit","og_url":"https:\/\/ranoja.ee\/toode\/akuga-kasikompressor-hc-ac20-x-karkass-scheppach\/","og_site_name":"Ranoja","article_publisher":"https:\/\/www.facebook.com\/ranoja.ee","article_modified_time":"2026-03-17T12:40:42+00:00","og_image":[{"width":900,"height":900,"url":"https:\/\/ranoja.ee\/wp-content\/uploads\/2026\/03\/5638770624.jpg","type":"image\/jpeg"}],"twitter_card":"summary_large_image","schema":{"@context":"https:\/\/schema.org","@graph":[{"@type":"WebPage","@id":"https:\/\/ranoja.ee\/toode\/akuga-kasikompressor-hc-ac20-x-karkass-scheppach\/","url":"https:\/\/ranoja.ee\/toode\/akuga-kasikompressor-hc-ac20-x-karkass-scheppach\/","name":"Akuga k\u00e4sikompressor HC-AC20-X, karkass, Scheppach - Ranoja","isPartOf":{"@id":"https:\/\/ranoja.ee\/#website"},"primaryImageOfPage":{"@id":"https:\/\/ranoja.ee\/toode\/akuga-kasikompressor-hc-ac20-x-karkass-scheppach\/#primaryimage"},"image":{"@id":"https:\/\/ranoja.ee\/toode\/akuga-kasikompressor-hc-ac20-x-karkass-scheppach\/#primaryimage"},"thumbnailUrl":"https:\/\/ranoja.ee\/wp-content\/uploads\/2026\/03\/5638770624.jpg","datePublished":"2026-03-16T23:09:57+00:00","dateModified":"2026-03-17T12:40:42+00:00","breadcrumb":{"@id":"https:\/\/ranoja.ee\/toode\/akuga-kasikompressor-hc-ac20-x-karkass-scheppach\/#breadcrumb"},"inLanguage":"en-US","potentialAction":[{"@type":"ReadAction","target":["https:\/\/ranoja.ee\/toode\/akuga-kasikompressor-hc-ac20-x-karkass-scheppach\/"]}]},{"@type":"ImageObject","inLanguage":"en-US","@id":"https:\/\/ranoja.ee\/toode\/akuga-kasikompressor-hc-ac20-x-karkass-scheppach\/#primaryimage","url":"https:\/\/ranoja.ee\/wp-content\/uploads\/2026\/03\/5638770624.jpg","contentUrl":"https:\/\/ranoja.ee\/wp-content\/uploads\/2026\/03\/5638770624.jpg","width":900,"height":900},{"@type":"BreadcrumbList","@id":"https:\/\/ranoja.ee\/toode\/akuga-kasikompressor-hc-ac20-x-karkass-scheppach\/#breadcrumb","itemListElement":[{"@type":"ListItem","position":1,"name":"Home","item":"https:\/\/ranoja.ee\/"},{"@type":"ListItem","position":2,"name":"Shop","item":"https:\/\/ranoja.ee\/en\/shop\/"},{"@type":"ListItem","position":3,"name":"Akuga k\u00e4sikompressor HC-AC20-X, karkass, Scheppach"}]},{"@type":"WebSite","@id":"https:\/\/ranoja.ee\/#website","url":"https:\/\/ranoja.ee\/","name":"Ranoja","description":"Equipment Shop WooCommerce WordPress Theme for Machine &amp; Tools","publisher":{"@id":"https:\/\/ranoja.ee\/#organization"},"potentialAction":[{"@type":"SearchAction","target":{"@type":"EntryPoint","urlTemplate":"https:\/\/ranoja.ee\/?s={search_term_string}"},"query-input":{"@type":"PropertyValueSpecification","valueRequired":true,"valueName":"search_term_string"}}],"inLanguage":"en-US"},{"@type":"Organization","@id":"https:\/\/ranoja.ee\/#organization","name":"Ranoja O\u00dc","url":"https:\/\/ranoja.ee\/","logo":{"@type":"ImageObject","inLanguage":"en-US","@id":"https:\/\/ranoja.ee\/#\/schema\/logo\/image\/","url":"https:\/\/ranoja.ee\/wp-content\/uploads\/2023\/11\/ranoja-Logo.png","contentUrl":"https:\/\/ranoja.ee\/wp-content\/uploads\/2023\/11\/ranoja-Logo.png","width":207,"height":58,"caption":"Ranoja O\u00dc"},"image":{"@id":"https:\/\/ranoja.ee\/#\/schema\/logo\/image\/"},"sameAs":["https:\/\/www.facebook.com\/ranoja.ee","https:\/\/www.instagram.com\/ranoja__\/"]}]}},"_links":{"self":[{"href":"https:\/\/ranoja.ee\/en\/wp-json\/wp\/v2\/product\/59422","targetHints":{"allow":["GET"]}}],"collection":[{"href":"https:\/\/ranoja.ee\/en\/wp-json\/wp\/v2\/product"}],"about":[{"href":"https:\/\/ranoja.ee\/en\/wp-json\/wp\/v2\/types\/product"}],"wp:featuredmedia":[{"embeddable":true,"href":"https:\/\/ranoja.ee\/en\/wp-json\/wp\/v2\/media\/59423"}],"wp:attachment":[{"href":"https:\/\/ranoja.ee\/en\/wp-json\/wp\/v2\/media?parent=59422"}],"wp:term":[{"taxonomy":"product_cat","embeddable":true,"href":"https:\/\/ranoja.ee\/en\/wp-json\/wp\/v2\/product_cat?post=59422"},{"taxonomy":"product_tag","embeddable":true,"href":"https:\/\/ranoja.ee\/en\/wp-json\/wp\/v2\/product_tag?post=59422"}],"curies":[{"name":"wp","href":"https:\/\/api.w.org\/{rel}","templated":true}]}}