{"id":59376,"date":"2026-03-17T02:09:27","date_gmt":"2026-03-16T23:09:27","guid":{"rendered":"https:\/\/ranoja.ee\/toode\/kaitseprillid-piton-polukarbonaat-delta-plus\/"},"modified":"2026-03-17T15:40:44","modified_gmt":"2026-03-17T12:40:44","slug":"kaitseprillid-piton-polukarbonaat-delta-plus","status":"publish","type":"product","link":"https:\/\/ranoja.ee\/en\/toode\/kaitseprillid-piton-polukarbonaat-delta-plus\/","title":{"rendered":"Kaitseprillid Piton, pol\u00fckarbonaat, Delta Plus"},"content":{"rendered":"","protected":false},"excerpt":{"rendered":"<p>Selge l\u00e4\u00e4tsedega \u00fches t\u00fckis kaitseprillid k\u00fclgkaitsetega sportlikus disainis \u2013 ideaalsed l\u00fchiajalisteks kasutusteks.<br \/>\nEriti lamedad sangad tagavad optimaalse mugavuse koos k\u00f5rvaklappidega.<br \/>\nSelge l\u00e4\u00e4tsede hoidik v\u00f5imaldab kasutada retseptiga kaitsel\u00e4\u00e4tsi.<br \/>\nVormitud ninasild tagab \u00f6konoomse lahenduse.<br \/>\nSobib kergesti enamiku keskmise suurusega prillide peale \u2013 turvaline ja t\u00e4pne n\u00e4gemine ilma kompromissideta.<br \/>\nRohke kaudne ventilatsioon l\u00e4\u00e4tsede \u00fcla- ja alaosas v\u00e4hendab niiskuse kogunemist ja udu tekkimist.<br \/>\nLai raam tagab parema sobivuse laiemale n\u00e4okujule.<br \/>\n\u00dcmberp\u00f6\u00f6ratud (wraparound) l\u00e4\u00e4ts pakub eriti laia ja takistusteta vaatev\u00e4lja.<\/p>\n<p>L\u00e4\u00e4ts: pol\u00fckarbonaat \u2013 monoblokk, k\u00f5verus 4<br \/>\nRaam: sangad \u2013 pol\u00fckarbonaat, k\u00fclgkaitse<br \/>\nKaal: 44 g<\/p>\n<p>Standardid:<br \/>\nEN166 &#8211; 1 FT \/ FT<br \/>\nEN170 &#8211; UV 2C &#8211; 1.2<br \/>\nCSA Z94.3-20<br \/>\nANSI Z87.1-2003 &#8211; Z87+ U6<\/p>\n","protected":false},"featured_media":59377,"template":"","meta":{"inline_featured_image":false},"product_cat":[5022,5031,5030],"product_tag":[],"class_list":{"0":"post-59376","1":"product","2":"type-product","3":"status-publish","4":"has-post-thumbnail","6":"product_brand-delta-plus","7":"product_cat-isikukaitsevahendid","8":"product_cat-kaitseprillid","9":"product_cat-kaitseprillid-ja-naokaitsed","11":"first","12":"instock","13":"purchasable","14":"product-type-simple"},"yoast_head":"<!-- This site is optimized with the Yoast SEO plugin v27.4 - https:\/\/yoast.com\/product\/yoast-seo-wordpress\/ -->\n<title>Kaitseprillid Piton, pol\u00fckarbonaat, Delta Plus - Ranoja<\/title>\n<meta name=\"robots\" content=\"index, follow, max-snippet:-1, max-image-preview:large, max-video-preview:-1\" \/>\n<link rel=\"canonical\" href=\"https:\/\/ranoja.ee\/toode\/kaitseprillid-piton-polukarbonaat-delta-plus\/\" \/>\n<meta property=\"og:locale\" content=\"en_US\" \/>\n<meta property=\"og:type\" content=\"article\" \/>\n<meta property=\"og:title\" content=\"Kaitseprillid Piton, pol\u00fckarbonaat, Delta Plus - Ranoja\" \/>\n<meta property=\"og:description\" content=\"Selge l\u00e4\u00e4tsedega \u00fches t\u00fckis kaitseprillid k\u00fclgkaitsetega sportlikus disainis \u2013 ideaalsed l\u00fchiajalisteks kasutusteks. Eriti lamedad sangad tagavad optimaalse mugavuse koos k\u00f5rvaklappidega. Selge l\u00e4\u00e4tsede hoidik v\u00f5imaldab kasutada retseptiga kaitsel\u00e4\u00e4tsi. Vormitud ninasild tagab \u00f6konoomse lahenduse. Sobib kergesti enamiku keskmise suurusega prillide peale \u2013 turvaline ja t\u00e4pne n\u00e4gemine ilma kompromissideta. Rohke kaudne ventilatsioon l\u00e4\u00e4tsede \u00fcla- ja alaosas v\u00e4hendab niiskuse kogunemist ja udu tekkimist. Lai raam tagab parema sobivuse laiemale n\u00e4okujule. \u00dcmberp\u00f6\u00f6ratud (wraparound) l\u00e4\u00e4ts pakub eriti laia ja takistusteta vaatev\u00e4lja. L\u00e4\u00e4ts: pol\u00fckarbonaat \u2013 monoblokk, k\u00f5verus 4 Raam: sangad \u2013 pol\u00fckarbonaat, k\u00fclgkaitse Kaal: 44 g Standardid: EN166 - 1 FT \/ FT EN170 - UV 2C - 1.2 CSA Z94.3-20 ANSI Z87.1-2003 - Z87+ U6\" \/>\n<meta property=\"og:url\" content=\"https:\/\/ranoja.ee\/toode\/kaitseprillid-piton-polukarbonaat-delta-plus\/\" \/>\n<meta property=\"og:site_name\" content=\"Ranoja\" \/>\n<meta property=\"article:publisher\" content=\"https:\/\/www.facebook.com\/ranoja.ee\" \/>\n<meta property=\"article:modified_time\" content=\"2026-03-17T12:40:44+00:00\" \/>\n<meta property=\"og:image\" content=\"https:\/\/ranoja.ee\/wp-content\/uploads\/2026\/03\/5638501757.png\" \/>\n\t<meta property=\"og:image:width\" content=\"900\" \/>\n\t<meta property=\"og:image:height\" content=\"401\" \/>\n\t<meta property=\"og:image:type\" content=\"image\/png\" \/>\n<meta name=\"twitter:card\" content=\"summary_large_image\" \/>\n<script type=\"application\/ld+json\" class=\"yoast-schema-graph\">{\"@context\":\"https:\\\/\\\/schema.org\",\"@graph\":[{\"@type\":\"WebPage\",\"@id\":\"https:\\\/\\\/ranoja.ee\\\/toode\\\/kaitseprillid-piton-polukarbonaat-delta-plus\\\/\",\"url\":\"https:\\\/\\\/ranoja.ee\\\/toode\\\/kaitseprillid-piton-polukarbonaat-delta-plus\\\/\",\"name\":\"Kaitseprillid Piton, pol\u00fckarbonaat, Delta Plus - Ranoja\",\"isPartOf\":{\"@id\":\"https:\\\/\\\/ranoja.ee\\\/#website\"},\"primaryImageOfPage\":{\"@id\":\"https:\\\/\\\/ranoja.ee\\\/toode\\\/kaitseprillid-piton-polukarbonaat-delta-plus\\\/#primaryimage\"},\"image\":{\"@id\":\"https:\\\/\\\/ranoja.ee\\\/toode\\\/kaitseprillid-piton-polukarbonaat-delta-plus\\\/#primaryimage\"},\"thumbnailUrl\":\"https:\\\/\\\/ranoja.ee\\\/wp-content\\\/uploads\\\/2026\\\/03\\\/5638501757.png\",\"datePublished\":\"2026-03-16T23:09:27+00:00\",\"dateModified\":\"2026-03-17T12:40:44+00:00\",\"breadcrumb\":{\"@id\":\"https:\\\/\\\/ranoja.ee\\\/toode\\\/kaitseprillid-piton-polukarbonaat-delta-plus\\\/#breadcrumb\"},\"inLanguage\":\"en-US\",\"potentialAction\":[{\"@type\":\"ReadAction\",\"target\":[\"https:\\\/\\\/ranoja.ee\\\/toode\\\/kaitseprillid-piton-polukarbonaat-delta-plus\\\/\"]}]},{\"@type\":\"ImageObject\",\"inLanguage\":\"en-US\",\"@id\":\"https:\\\/\\\/ranoja.ee\\\/toode\\\/kaitseprillid-piton-polukarbonaat-delta-plus\\\/#primaryimage\",\"url\":\"https:\\\/\\\/ranoja.ee\\\/wp-content\\\/uploads\\\/2026\\\/03\\\/5638501757.png\",\"contentUrl\":\"https:\\\/\\\/ranoja.ee\\\/wp-content\\\/uploads\\\/2026\\\/03\\\/5638501757.png\",\"width\":900,\"height\":401},{\"@type\":\"BreadcrumbList\",\"@id\":\"https:\\\/\\\/ranoja.ee\\\/toode\\\/kaitseprillid-piton-polukarbonaat-delta-plus\\\/#breadcrumb\",\"itemListElement\":[{\"@type\":\"ListItem\",\"position\":1,\"name\":\"Home\",\"item\":\"https:\\\/\\\/ranoja.ee\\\/\"},{\"@type\":\"ListItem\",\"position\":2,\"name\":\"Shop\",\"item\":\"https:\\\/\\\/ranoja.ee\\\/en\\\/shop\\\/\"},{\"@type\":\"ListItem\",\"position\":3,\"name\":\"Kaitseprillid Piton, pol\u00fckarbonaat, Delta Plus\"}]},{\"@type\":\"WebSite\",\"@id\":\"https:\\\/\\\/ranoja.ee\\\/#website\",\"url\":\"https:\\\/\\\/ranoja.ee\\\/\",\"name\":\"Ranoja\",\"description\":\"Equipment Shop WooCommerce WordPress Theme for Machine &amp; Tools\",\"publisher\":{\"@id\":\"https:\\\/\\\/ranoja.ee\\\/#organization\"},\"potentialAction\":[{\"@type\":\"SearchAction\",\"target\":{\"@type\":\"EntryPoint\",\"urlTemplate\":\"https:\\\/\\\/ranoja.ee\\\/?s={search_term_string}\"},\"query-input\":{\"@type\":\"PropertyValueSpecification\",\"valueRequired\":true,\"valueName\":\"search_term_string\"}}],\"inLanguage\":\"en-US\"},{\"@type\":\"Organization\",\"@id\":\"https:\\\/\\\/ranoja.ee\\\/#organization\",\"name\":\"Ranoja O\u00dc\",\"url\":\"https:\\\/\\\/ranoja.ee\\\/\",\"logo\":{\"@type\":\"ImageObject\",\"inLanguage\":\"en-US\",\"@id\":\"https:\\\/\\\/ranoja.ee\\\/#\\\/schema\\\/logo\\\/image\\\/\",\"url\":\"https:\\\/\\\/ranoja.ee\\\/wp-content\\\/uploads\\\/2023\\\/11\\\/ranoja-Logo.png\",\"contentUrl\":\"https:\\\/\\\/ranoja.ee\\\/wp-content\\\/uploads\\\/2023\\\/11\\\/ranoja-Logo.png\",\"width\":207,\"height\":58,\"caption\":\"Ranoja O\u00dc\"},\"image\":{\"@id\":\"https:\\\/\\\/ranoja.ee\\\/#\\\/schema\\\/logo\\\/image\\\/\"},\"sameAs\":[\"https:\\\/\\\/www.facebook.com\\\/ranoja.ee\",\"https:\\\/\\\/www.instagram.com\\\/ranoja__\\\/\"]}]}<\/script>\n<!-- \/ Yoast SEO plugin. -->","yoast_head_json":{"title":"Kaitseprillid Piton, pol\u00fckarbonaat, Delta Plus - Ranoja","robots":{"index":"index","follow":"follow","max-snippet":"max-snippet:-1","max-image-preview":"max-image-preview:large","max-video-preview":"max-video-preview:-1"},"canonical":"https:\/\/ranoja.ee\/toode\/kaitseprillid-piton-polukarbonaat-delta-plus\/","og_locale":"en_US","og_type":"article","og_title":"Kaitseprillid Piton, pol\u00fckarbonaat, Delta Plus - Ranoja","og_description":"Selge l\u00e4\u00e4tsedega \u00fches t\u00fckis kaitseprillid k\u00fclgkaitsetega sportlikus disainis \u2013 ideaalsed l\u00fchiajalisteks kasutusteks. Eriti lamedad sangad tagavad optimaalse mugavuse koos k\u00f5rvaklappidega. Selge l\u00e4\u00e4tsede hoidik v\u00f5imaldab kasutada retseptiga kaitsel\u00e4\u00e4tsi. Vormitud ninasild tagab \u00f6konoomse lahenduse. Sobib kergesti enamiku keskmise suurusega prillide peale \u2013 turvaline ja t\u00e4pne n\u00e4gemine ilma kompromissideta. Rohke kaudne ventilatsioon l\u00e4\u00e4tsede \u00fcla- ja alaosas v\u00e4hendab niiskuse kogunemist ja udu tekkimist. Lai raam tagab parema sobivuse laiemale n\u00e4okujule. \u00dcmberp\u00f6\u00f6ratud (wraparound) l\u00e4\u00e4ts pakub eriti laia ja takistusteta vaatev\u00e4lja. L\u00e4\u00e4ts: pol\u00fckarbonaat \u2013 monoblokk, k\u00f5verus 4 Raam: sangad \u2013 pol\u00fckarbonaat, k\u00fclgkaitse Kaal: 44 g Standardid: EN166 - 1 FT \/ FT EN170 - UV 2C - 1.2 CSA Z94.3-20 ANSI Z87.1-2003 - Z87+ U6","og_url":"https:\/\/ranoja.ee\/toode\/kaitseprillid-piton-polukarbonaat-delta-plus\/","og_site_name":"Ranoja","article_publisher":"https:\/\/www.facebook.com\/ranoja.ee","article_modified_time":"2026-03-17T12:40:44+00:00","og_image":[{"width":900,"height":401,"url":"https:\/\/ranoja.ee\/wp-content\/uploads\/2026\/03\/5638501757.png","type":"image\/png"}],"twitter_card":"summary_large_image","schema":{"@context":"https:\/\/schema.org","@graph":[{"@type":"WebPage","@id":"https:\/\/ranoja.ee\/toode\/kaitseprillid-piton-polukarbonaat-delta-plus\/","url":"https:\/\/ranoja.ee\/toode\/kaitseprillid-piton-polukarbonaat-delta-plus\/","name":"Kaitseprillid Piton, pol\u00fckarbonaat, Delta Plus - Ranoja","isPartOf":{"@id":"https:\/\/ranoja.ee\/#website"},"primaryImageOfPage":{"@id":"https:\/\/ranoja.ee\/toode\/kaitseprillid-piton-polukarbonaat-delta-plus\/#primaryimage"},"image":{"@id":"https:\/\/ranoja.ee\/toode\/kaitseprillid-piton-polukarbonaat-delta-plus\/#primaryimage"},"thumbnailUrl":"https:\/\/ranoja.ee\/wp-content\/uploads\/2026\/03\/5638501757.png","datePublished":"2026-03-16T23:09:27+00:00","dateModified":"2026-03-17T12:40:44+00:00","breadcrumb":{"@id":"https:\/\/ranoja.ee\/toode\/kaitseprillid-piton-polukarbonaat-delta-plus\/#breadcrumb"},"inLanguage":"en-US","potentialAction":[{"@type":"ReadAction","target":["https:\/\/ranoja.ee\/toode\/kaitseprillid-piton-polukarbonaat-delta-plus\/"]}]},{"@type":"ImageObject","inLanguage":"en-US","@id":"https:\/\/ranoja.ee\/toode\/kaitseprillid-piton-polukarbonaat-delta-plus\/#primaryimage","url":"https:\/\/ranoja.ee\/wp-content\/uploads\/2026\/03\/5638501757.png","contentUrl":"https:\/\/ranoja.ee\/wp-content\/uploads\/2026\/03\/5638501757.png","width":900,"height":401},{"@type":"BreadcrumbList","@id":"https:\/\/ranoja.ee\/toode\/kaitseprillid-piton-polukarbonaat-delta-plus\/#breadcrumb","itemListElement":[{"@type":"ListItem","position":1,"name":"Home","item":"https:\/\/ranoja.ee\/"},{"@type":"ListItem","position":2,"name":"Shop","item":"https:\/\/ranoja.ee\/en\/shop\/"},{"@type":"ListItem","position":3,"name":"Kaitseprillid Piton, pol\u00fckarbonaat, Delta Plus"}]},{"@type":"WebSite","@id":"https:\/\/ranoja.ee\/#website","url":"https:\/\/ranoja.ee\/","name":"Ranoja","description":"Equipment Shop WooCommerce WordPress Theme for Machine &amp; Tools","publisher":{"@id":"https:\/\/ranoja.ee\/#organization"},"potentialAction":[{"@type":"SearchAction","target":{"@type":"EntryPoint","urlTemplate":"https:\/\/ranoja.ee\/?s={search_term_string}"},"query-input":{"@type":"PropertyValueSpecification","valueRequired":true,"valueName":"search_term_string"}}],"inLanguage":"en-US"},{"@type":"Organization","@id":"https:\/\/ranoja.ee\/#organization","name":"Ranoja O\u00dc","url":"https:\/\/ranoja.ee\/","logo":{"@type":"ImageObject","inLanguage":"en-US","@id":"https:\/\/ranoja.ee\/#\/schema\/logo\/image\/","url":"https:\/\/ranoja.ee\/wp-content\/uploads\/2023\/11\/ranoja-Logo.png","contentUrl":"https:\/\/ranoja.ee\/wp-content\/uploads\/2023\/11\/ranoja-Logo.png","width":207,"height":58,"caption":"Ranoja O\u00dc"},"image":{"@id":"https:\/\/ranoja.ee\/#\/schema\/logo\/image\/"},"sameAs":["https:\/\/www.facebook.com\/ranoja.ee","https:\/\/www.instagram.com\/ranoja__\/"]}]}},"_links":{"self":[{"href":"https:\/\/ranoja.ee\/en\/wp-json\/wp\/v2\/product\/59376","targetHints":{"allow":["GET"]}}],"collection":[{"href":"https:\/\/ranoja.ee\/en\/wp-json\/wp\/v2\/product"}],"about":[{"href":"https:\/\/ranoja.ee\/en\/wp-json\/wp\/v2\/types\/product"}],"wp:featuredmedia":[{"embeddable":true,"href":"https:\/\/ranoja.ee\/en\/wp-json\/wp\/v2\/media\/59377"}],"wp:attachment":[{"href":"https:\/\/ranoja.ee\/en\/wp-json\/wp\/v2\/media?parent=59376"}],"wp:term":[{"taxonomy":"product_cat","embeddable":true,"href":"https:\/\/ranoja.ee\/en\/wp-json\/wp\/v2\/product_cat?post=59376"},{"taxonomy":"product_tag","embeddable":true,"href":"https:\/\/ranoja.ee\/en\/wp-json\/wp\/v2\/product_tag?post=59376"}],"curies":[{"name":"wp","href":"https:\/\/api.w.org\/{rel}","templated":true}]}}