{"id":59340,"date":"2026-03-17T02:09:01","date_gmt":"2026-03-16T23:09:01","guid":{"rendered":"https:\/\/ranoja.ee\/toode\/metallilintsaag-mbs1200xt-scheppach\/"},"modified":"2026-03-17T15:40:44","modified_gmt":"2026-03-17T12:40:44","slug":"metallilintsaag-mbs1200xt-scheppach","status":"publish","type":"product","link":"https:\/\/ranoja.ee\/en\/toode\/metallilintsaag-mbs1200xt-scheppach\/","title":{"rendered":"Metallilintsaag MBS1200xt, Scheppach"},"content":{"rendered":"","protected":false},"excerpt":{"rendered":"<p>Scheppach MBS1200xt metallilintsaag \u2013 v\u00f5imas ja mitmek\u00fclgne t\u00f6\u00f6riist torude, profiilide ja muude metallosade t\u00e4pseks l\u00f5ikamiseks. Seadet saab kasutada nii k\u00e4sitsi kui ka kindlalt alusele kinnitatuna, mis muudab selle sobivaks nii t\u00f6\u00f6kojas kui ka ehitusplatsil.<\/p>\n<p>1100 W mootor stabiilse j\u00f5udlusega ka pikema t\u00f6\u00f6 korral<br \/>\nL\u00f5ikab erinevaid materjale \u2013 PVC-st roostevabani, kuni 127 \u00d7 127 mm<br \/>\nReguleeritav l\u00f5ikenurk 0\u00b0\u201345\u00b0 v\u00f5imaldab teha t\u00e4pseid kaldeid<br \/>\nKaks mugavat, isoleeritud k\u00e4epidet, eesmine on reguleeritav<br \/>\nMuudetav l\u00f5ikekiirus 0\u20132,4 m\/s erinevateks t\u00f6\u00f6deks<br \/>\nKerge, kuid stabiilne konstruktsioon, sobib nii statsionaarseks kui ka mobiilseks kasutuseks<\/p>\n","protected":false},"featured_media":59341,"template":"","meta":{"inline_featured_image":false},"product_cat":[5365,5091,5090],"product_tag":[],"class_list":{"0":"post-59340","1":"product","2":"type-product","3":"status-publish","4":"has-post-thumbnail","6":"product_brand-scheppach","7":"product_cat-lintsaed","8":"product_cat-saepingid","9":"product_cat-teisaldatavad-toopingid","11":"first","12":"instock","13":"purchasable","14":"product-type-simple"},"yoast_head":"<!-- This site is optimized with the Yoast SEO plugin v27.4 - https:\/\/yoast.com\/product\/yoast-seo-wordpress\/ -->\n<title>Metallilintsaag MBS1200xt, Scheppach - Ranoja<\/title>\n<meta name=\"robots\" content=\"index, follow, max-snippet:-1, max-image-preview:large, max-video-preview:-1\" \/>\n<link rel=\"canonical\" href=\"https:\/\/ranoja.ee\/toode\/metallilintsaag-mbs1200xt-scheppach\/\" \/>\n<meta property=\"og:locale\" content=\"en_US\" \/>\n<meta property=\"og:type\" content=\"article\" \/>\n<meta property=\"og:title\" content=\"Metallilintsaag MBS1200xt, Scheppach - Ranoja\" \/>\n<meta property=\"og:description\" content=\"Scheppach MBS1200xt metallilintsaag \u2013 v\u00f5imas ja mitmek\u00fclgne t\u00f6\u00f6riist torude, profiilide ja muude metallosade t\u00e4pseks l\u00f5ikamiseks. Seadet saab kasutada nii k\u00e4sitsi kui ka kindlalt alusele kinnitatuna, mis muudab selle sobivaks nii t\u00f6\u00f6kojas kui ka ehitusplatsil. 1100 W mootor stabiilse j\u00f5udlusega ka pikema t\u00f6\u00f6 korral L\u00f5ikab erinevaid materjale \u2013 PVC-st roostevabani, kuni 127 \u00d7 127 mm Reguleeritav l\u00f5ikenurk 0\u00b0\u201345\u00b0 v\u00f5imaldab teha t\u00e4pseid kaldeid Kaks mugavat, isoleeritud k\u00e4epidet, eesmine on reguleeritav Muudetav l\u00f5ikekiirus 0\u20132,4 m\/s erinevateks t\u00f6\u00f6deks Kerge, kuid stabiilne konstruktsioon, sobib nii statsionaarseks kui ka mobiilseks kasutuseks\" \/>\n<meta property=\"og:url\" content=\"https:\/\/ranoja.ee\/toode\/metallilintsaag-mbs1200xt-scheppach\/\" \/>\n<meta property=\"og:site_name\" content=\"Ranoja\" \/>\n<meta property=\"article:publisher\" content=\"https:\/\/www.facebook.com\/ranoja.ee\" \/>\n<meta property=\"article:modified_time\" content=\"2026-03-17T12:40:44+00:00\" \/>\n<meta property=\"og:image\" content=\"https:\/\/ranoja.ee\/wp-content\/uploads\/2026\/03\/5638368079.jpg\" \/>\n\t<meta property=\"og:image:width\" content=\"900\" \/>\n\t<meta property=\"og:image:height\" content=\"863\" \/>\n\t<meta property=\"og:image:type\" content=\"image\/jpeg\" \/>\n<meta name=\"twitter:card\" content=\"summary_large_image\" \/>\n<script type=\"application\/ld+json\" class=\"yoast-schema-graph\">{\"@context\":\"https:\\\/\\\/schema.org\",\"@graph\":[{\"@type\":\"WebPage\",\"@id\":\"https:\\\/\\\/ranoja.ee\\\/toode\\\/metallilintsaag-mbs1200xt-scheppach\\\/\",\"url\":\"https:\\\/\\\/ranoja.ee\\\/toode\\\/metallilintsaag-mbs1200xt-scheppach\\\/\",\"name\":\"Metallilintsaag MBS1200xt, Scheppach - Ranoja\",\"isPartOf\":{\"@id\":\"https:\\\/\\\/ranoja.ee\\\/#website\"},\"primaryImageOfPage\":{\"@id\":\"https:\\\/\\\/ranoja.ee\\\/toode\\\/metallilintsaag-mbs1200xt-scheppach\\\/#primaryimage\"},\"image\":{\"@id\":\"https:\\\/\\\/ranoja.ee\\\/toode\\\/metallilintsaag-mbs1200xt-scheppach\\\/#primaryimage\"},\"thumbnailUrl\":\"https:\\\/\\\/ranoja.ee\\\/wp-content\\\/uploads\\\/2026\\\/03\\\/5638368079.jpg\",\"datePublished\":\"2026-03-16T23:09:01+00:00\",\"dateModified\":\"2026-03-17T12:40:44+00:00\",\"breadcrumb\":{\"@id\":\"https:\\\/\\\/ranoja.ee\\\/toode\\\/metallilintsaag-mbs1200xt-scheppach\\\/#breadcrumb\"},\"inLanguage\":\"en-US\",\"potentialAction\":[{\"@type\":\"ReadAction\",\"target\":[\"https:\\\/\\\/ranoja.ee\\\/toode\\\/metallilintsaag-mbs1200xt-scheppach\\\/\"]}]},{\"@type\":\"ImageObject\",\"inLanguage\":\"en-US\",\"@id\":\"https:\\\/\\\/ranoja.ee\\\/toode\\\/metallilintsaag-mbs1200xt-scheppach\\\/#primaryimage\",\"url\":\"https:\\\/\\\/ranoja.ee\\\/wp-content\\\/uploads\\\/2026\\\/03\\\/5638368079.jpg\",\"contentUrl\":\"https:\\\/\\\/ranoja.ee\\\/wp-content\\\/uploads\\\/2026\\\/03\\\/5638368079.jpg\",\"width\":900,\"height\":863},{\"@type\":\"BreadcrumbList\",\"@id\":\"https:\\\/\\\/ranoja.ee\\\/toode\\\/metallilintsaag-mbs1200xt-scheppach\\\/#breadcrumb\",\"itemListElement\":[{\"@type\":\"ListItem\",\"position\":1,\"name\":\"Home\",\"item\":\"https:\\\/\\\/ranoja.ee\\\/\"},{\"@type\":\"ListItem\",\"position\":2,\"name\":\"Shop\",\"item\":\"https:\\\/\\\/ranoja.ee\\\/en\\\/shop\\\/\"},{\"@type\":\"ListItem\",\"position\":3,\"name\":\"Metallilintsaag MBS1200xt, Scheppach\"}]},{\"@type\":\"WebSite\",\"@id\":\"https:\\\/\\\/ranoja.ee\\\/#website\",\"url\":\"https:\\\/\\\/ranoja.ee\\\/\",\"name\":\"Ranoja\",\"description\":\"Equipment Shop WooCommerce WordPress Theme for Machine &amp; Tools\",\"publisher\":{\"@id\":\"https:\\\/\\\/ranoja.ee\\\/#organization\"},\"potentialAction\":[{\"@type\":\"SearchAction\",\"target\":{\"@type\":\"EntryPoint\",\"urlTemplate\":\"https:\\\/\\\/ranoja.ee\\\/?s={search_term_string}\"},\"query-input\":{\"@type\":\"PropertyValueSpecification\",\"valueRequired\":true,\"valueName\":\"search_term_string\"}}],\"inLanguage\":\"en-US\"},{\"@type\":\"Organization\",\"@id\":\"https:\\\/\\\/ranoja.ee\\\/#organization\",\"name\":\"Ranoja O\u00dc\",\"url\":\"https:\\\/\\\/ranoja.ee\\\/\",\"logo\":{\"@type\":\"ImageObject\",\"inLanguage\":\"en-US\",\"@id\":\"https:\\\/\\\/ranoja.ee\\\/#\\\/schema\\\/logo\\\/image\\\/\",\"url\":\"https:\\\/\\\/ranoja.ee\\\/wp-content\\\/uploads\\\/2023\\\/11\\\/ranoja-Logo.png\",\"contentUrl\":\"https:\\\/\\\/ranoja.ee\\\/wp-content\\\/uploads\\\/2023\\\/11\\\/ranoja-Logo.png\",\"width\":207,\"height\":58,\"caption\":\"Ranoja O\u00dc\"},\"image\":{\"@id\":\"https:\\\/\\\/ranoja.ee\\\/#\\\/schema\\\/logo\\\/image\\\/\"},\"sameAs\":[\"https:\\\/\\\/www.facebook.com\\\/ranoja.ee\",\"https:\\\/\\\/www.instagram.com\\\/ranoja__\\\/\"]}]}<\/script>\n<!-- \/ Yoast SEO plugin. -->","yoast_head_json":{"title":"Metallilintsaag MBS1200xt, Scheppach - Ranoja","robots":{"index":"index","follow":"follow","max-snippet":"max-snippet:-1","max-image-preview":"max-image-preview:large","max-video-preview":"max-video-preview:-1"},"canonical":"https:\/\/ranoja.ee\/toode\/metallilintsaag-mbs1200xt-scheppach\/","og_locale":"en_US","og_type":"article","og_title":"Metallilintsaag MBS1200xt, Scheppach - Ranoja","og_description":"Scheppach MBS1200xt metallilintsaag \u2013 v\u00f5imas ja mitmek\u00fclgne t\u00f6\u00f6riist torude, profiilide ja muude metallosade t\u00e4pseks l\u00f5ikamiseks. Seadet saab kasutada nii k\u00e4sitsi kui ka kindlalt alusele kinnitatuna, mis muudab selle sobivaks nii t\u00f6\u00f6kojas kui ka ehitusplatsil. 1100 W mootor stabiilse j\u00f5udlusega ka pikema t\u00f6\u00f6 korral L\u00f5ikab erinevaid materjale \u2013 PVC-st roostevabani, kuni 127 \u00d7 127 mm Reguleeritav l\u00f5ikenurk 0\u00b0\u201345\u00b0 v\u00f5imaldab teha t\u00e4pseid kaldeid Kaks mugavat, isoleeritud k\u00e4epidet, eesmine on reguleeritav Muudetav l\u00f5ikekiirus 0\u20132,4 m\/s erinevateks t\u00f6\u00f6deks Kerge, kuid stabiilne konstruktsioon, sobib nii statsionaarseks kui ka mobiilseks kasutuseks","og_url":"https:\/\/ranoja.ee\/toode\/metallilintsaag-mbs1200xt-scheppach\/","og_site_name":"Ranoja","article_publisher":"https:\/\/www.facebook.com\/ranoja.ee","article_modified_time":"2026-03-17T12:40:44+00:00","og_image":[{"width":900,"height":863,"url":"https:\/\/ranoja.ee\/wp-content\/uploads\/2026\/03\/5638368079.jpg","type":"image\/jpeg"}],"twitter_card":"summary_large_image","schema":{"@context":"https:\/\/schema.org","@graph":[{"@type":"WebPage","@id":"https:\/\/ranoja.ee\/toode\/metallilintsaag-mbs1200xt-scheppach\/","url":"https:\/\/ranoja.ee\/toode\/metallilintsaag-mbs1200xt-scheppach\/","name":"Metallilintsaag MBS1200xt, Scheppach - Ranoja","isPartOf":{"@id":"https:\/\/ranoja.ee\/#website"},"primaryImageOfPage":{"@id":"https:\/\/ranoja.ee\/toode\/metallilintsaag-mbs1200xt-scheppach\/#primaryimage"},"image":{"@id":"https:\/\/ranoja.ee\/toode\/metallilintsaag-mbs1200xt-scheppach\/#primaryimage"},"thumbnailUrl":"https:\/\/ranoja.ee\/wp-content\/uploads\/2026\/03\/5638368079.jpg","datePublished":"2026-03-16T23:09:01+00:00","dateModified":"2026-03-17T12:40:44+00:00","breadcrumb":{"@id":"https:\/\/ranoja.ee\/toode\/metallilintsaag-mbs1200xt-scheppach\/#breadcrumb"},"inLanguage":"en-US","potentialAction":[{"@type":"ReadAction","target":["https:\/\/ranoja.ee\/toode\/metallilintsaag-mbs1200xt-scheppach\/"]}]},{"@type":"ImageObject","inLanguage":"en-US","@id":"https:\/\/ranoja.ee\/toode\/metallilintsaag-mbs1200xt-scheppach\/#primaryimage","url":"https:\/\/ranoja.ee\/wp-content\/uploads\/2026\/03\/5638368079.jpg","contentUrl":"https:\/\/ranoja.ee\/wp-content\/uploads\/2026\/03\/5638368079.jpg","width":900,"height":863},{"@type":"BreadcrumbList","@id":"https:\/\/ranoja.ee\/toode\/metallilintsaag-mbs1200xt-scheppach\/#breadcrumb","itemListElement":[{"@type":"ListItem","position":1,"name":"Home","item":"https:\/\/ranoja.ee\/"},{"@type":"ListItem","position":2,"name":"Shop","item":"https:\/\/ranoja.ee\/en\/shop\/"},{"@type":"ListItem","position":3,"name":"Metallilintsaag MBS1200xt, Scheppach"}]},{"@type":"WebSite","@id":"https:\/\/ranoja.ee\/#website","url":"https:\/\/ranoja.ee\/","name":"Ranoja","description":"Equipment Shop WooCommerce WordPress Theme for Machine &amp; Tools","publisher":{"@id":"https:\/\/ranoja.ee\/#organization"},"potentialAction":[{"@type":"SearchAction","target":{"@type":"EntryPoint","urlTemplate":"https:\/\/ranoja.ee\/?s={search_term_string}"},"query-input":{"@type":"PropertyValueSpecification","valueRequired":true,"valueName":"search_term_string"}}],"inLanguage":"en-US"},{"@type":"Organization","@id":"https:\/\/ranoja.ee\/#organization","name":"Ranoja O\u00dc","url":"https:\/\/ranoja.ee\/","logo":{"@type":"ImageObject","inLanguage":"en-US","@id":"https:\/\/ranoja.ee\/#\/schema\/logo\/image\/","url":"https:\/\/ranoja.ee\/wp-content\/uploads\/2023\/11\/ranoja-Logo.png","contentUrl":"https:\/\/ranoja.ee\/wp-content\/uploads\/2023\/11\/ranoja-Logo.png","width":207,"height":58,"caption":"Ranoja O\u00dc"},"image":{"@id":"https:\/\/ranoja.ee\/#\/schema\/logo\/image\/"},"sameAs":["https:\/\/www.facebook.com\/ranoja.ee","https:\/\/www.instagram.com\/ranoja__\/"]}]}},"_links":{"self":[{"href":"https:\/\/ranoja.ee\/en\/wp-json\/wp\/v2\/product\/59340","targetHints":{"allow":["GET"]}}],"collection":[{"href":"https:\/\/ranoja.ee\/en\/wp-json\/wp\/v2\/product"}],"about":[{"href":"https:\/\/ranoja.ee\/en\/wp-json\/wp\/v2\/types\/product"}],"wp:featuredmedia":[{"embeddable":true,"href":"https:\/\/ranoja.ee\/en\/wp-json\/wp\/v2\/media\/59341"}],"wp:attachment":[{"href":"https:\/\/ranoja.ee\/en\/wp-json\/wp\/v2\/media?parent=59340"}],"wp:term":[{"taxonomy":"product_cat","embeddable":true,"href":"https:\/\/ranoja.ee\/en\/wp-json\/wp\/v2\/product_cat?post=59340"},{"taxonomy":"product_tag","embeddable":true,"href":"https:\/\/ranoja.ee\/en\/wp-json\/wp\/v2\/product_tag?post=59340"}],"curies":[{"name":"wp","href":"https:\/\/api.w.org\/{rel}","templated":true}]}}