{"id":59312,"date":"2026-03-17T02:08:34","date_gmt":"2026-03-16T23:08:34","guid":{"rendered":"https:\/\/ranoja.ee\/toode\/mootorsaag-pcs53-scheppach\/"},"modified":"2026-03-17T15:40:44","modified_gmt":"2026-03-17T12:40:44","slug":"mootorsaag-pcs53-scheppach","status":"publish","type":"product","link":"https:\/\/ranoja.ee\/en\/toode\/mootorsaag-pcs53-scheppach\/","title":{"rendered":"Mootorsaag PCS53, Scheppach"},"content":{"rendered":"","protected":false},"excerpt":{"rendered":"<p>Scheppach PCS53 mootorsaag on ideaalne t\u00f6\u00f6riist k\u00f5ikideks kodusteks saagimist\u00f6\u00f6deks. Sellel on suur l\u00f5ikej\u00f5udlus ja v\u00f5imas mootor. Saag on varustatud Scheppach ProCut keti ja latiga.<\/p>\n<p>TEHNILISED ANDMED<br \/>\n53 cc 2-taktiline mootor<br \/>\nV\u00f5imsus 2,0 kW \/ 2,7 hj<br \/>\nK\u00fctusesegu vahekord 40:1<br \/>\nLati pikkus 51 cm<br \/>\nMax. l\u00f5igatava materjali m\u00f5\u00f5t  \u00d8 47 cm<br \/>\n\u00d5lipaagi maht 0,26L<br \/>\nK\u00fctusepaagi maht 0,55L<br \/>\nM\u00f5\u00f5dud P x L x K: 375 x 185 x 190 mm<br \/>\nKaal 6,9 \/ 8,25 kg (neto\/bruto)<\/p>\n<p>\u2022 53 cc \u2013 2-taktiline mootor pakub silmapaistvat j\u00f5udlust<br \/>\n\u2022 20\u201c ProCut kvaliteetne latt ja kett parimate l\u00f5iketulemuste saavutamiseks<br \/>\n\u2022 Efektiivne \u00f5hufilter mootori pikema t\u00f6\u00f6ea tagamiseks<br \/>\n\u2022 Vibratsioonivastane s\u00fcsteem pehmendab vibratsiooni ja v\u00e4hendab kasutaja v\u00e4simust<br \/>\n\u2022 Suured metallist tugihambad<br \/>\n\u2022 Keti automaatne \u00f5litus<br \/>\n\u2022 Ketipidur peatab keti tagasil\u00f6\u00f6gi korral m\u00f5ne millisekundi jooksul<\/p>\n","protected":false},"featured_media":59313,"template":"","meta":{"inline_featured_image":false},"product_cat":[5195,1087,5133],"product_tag":[],"class_list":{"0":"post-59312","1":"product","2":"type-product","3":"status-publish","4":"has-post-thumbnail","6":"product_brand-scheppach","7":"product_cat-bensiinimootoriga-kettsaed","8":"product_cat-metsatehnika","9":"product_cat-mootorsaed","11":"first","12":"instock","13":"purchasable","14":"product-type-simple"},"yoast_head":"<!-- This site is optimized with the Yoast SEO plugin v27.4 - https:\/\/yoast.com\/product\/yoast-seo-wordpress\/ -->\n<title>Mootorsaag PCS53, Scheppach - Ranoja<\/title>\n<meta name=\"robots\" content=\"index, follow, max-snippet:-1, max-image-preview:large, max-video-preview:-1\" \/>\n<link rel=\"canonical\" href=\"https:\/\/ranoja.ee\/toode\/mootorsaag-pcs53-scheppach\/\" \/>\n<meta property=\"og:locale\" content=\"en_US\" \/>\n<meta property=\"og:type\" content=\"article\" \/>\n<meta property=\"og:title\" content=\"Mootorsaag PCS53, Scheppach - Ranoja\" \/>\n<meta property=\"og:description\" content=\"Scheppach PCS53 mootorsaag on ideaalne t\u00f6\u00f6riist k\u00f5ikideks kodusteks saagimist\u00f6\u00f6deks. Sellel on suur l\u00f5ikej\u00f5udlus ja v\u00f5imas mootor. Saag on varustatud Scheppach ProCut keti ja latiga. TEHNILISED ANDMED 53 cc 2-taktiline mootor V\u00f5imsus 2,0 kW \/ 2,7 hj K\u00fctusesegu vahekord 40:1 Lati pikkus 51 cm Max. l\u00f5igatava materjali m\u00f5\u00f5t \u00d8 47 cm \u00d5lipaagi maht 0,26L K\u00fctusepaagi maht 0,55L M\u00f5\u00f5dud P x L x K: 375 x 185 x 190 mm Kaal 6,9 \/ 8,25 kg (neto\/bruto) \u2022 53 cc \u2013 2-taktiline mootor pakub silmapaistvat j\u00f5udlust \u2022 20\u201c ProCut kvaliteetne latt ja kett parimate l\u00f5iketulemuste saavutamiseks \u2022 Efektiivne \u00f5hufilter mootori pikema t\u00f6\u00f6ea tagamiseks \u2022 Vibratsioonivastane s\u00fcsteem pehmendab vibratsiooni ja v\u00e4hendab kasutaja v\u00e4simust \u2022 Suured metallist tugihambad \u2022 Keti automaatne \u00f5litus \u2022 Ketipidur peatab keti tagasil\u00f6\u00f6gi korral m\u00f5ne millisekundi jooksul\" \/>\n<meta property=\"og:url\" content=\"https:\/\/ranoja.ee\/toode\/mootorsaag-pcs53-scheppach\/\" \/>\n<meta property=\"og:site_name\" content=\"Ranoja\" \/>\n<meta property=\"article:publisher\" content=\"https:\/\/www.facebook.com\/ranoja.ee\" \/>\n<meta property=\"article:modified_time\" content=\"2026-03-17T12:40:44+00:00\" \/>\n<meta property=\"og:image\" content=\"https:\/\/ranoja.ee\/wp-content\/uploads\/2026\/03\/5638089253.jpg\" \/>\n\t<meta property=\"og:image:width\" content=\"900\" \/>\n\t<meta property=\"og:image:height\" content=\"900\" \/>\n\t<meta property=\"og:image:type\" content=\"image\/jpeg\" \/>\n<meta name=\"twitter:card\" content=\"summary_large_image\" \/>\n<script type=\"application\/ld+json\" class=\"yoast-schema-graph\">{\"@context\":\"https:\\\/\\\/schema.org\",\"@graph\":[{\"@type\":\"WebPage\",\"@id\":\"https:\\\/\\\/ranoja.ee\\\/toode\\\/mootorsaag-pcs53-scheppach\\\/\",\"url\":\"https:\\\/\\\/ranoja.ee\\\/toode\\\/mootorsaag-pcs53-scheppach\\\/\",\"name\":\"Mootorsaag PCS53, Scheppach - Ranoja\",\"isPartOf\":{\"@id\":\"https:\\\/\\\/ranoja.ee\\\/#website\"},\"primaryImageOfPage\":{\"@id\":\"https:\\\/\\\/ranoja.ee\\\/toode\\\/mootorsaag-pcs53-scheppach\\\/#primaryimage\"},\"image\":{\"@id\":\"https:\\\/\\\/ranoja.ee\\\/toode\\\/mootorsaag-pcs53-scheppach\\\/#primaryimage\"},\"thumbnailUrl\":\"https:\\\/\\\/ranoja.ee\\\/wp-content\\\/uploads\\\/2026\\\/03\\\/5638089253.jpg\",\"datePublished\":\"2026-03-16T23:08:34+00:00\",\"dateModified\":\"2026-03-17T12:40:44+00:00\",\"breadcrumb\":{\"@id\":\"https:\\\/\\\/ranoja.ee\\\/toode\\\/mootorsaag-pcs53-scheppach\\\/#breadcrumb\"},\"inLanguage\":\"en-US\",\"potentialAction\":[{\"@type\":\"ReadAction\",\"target\":[\"https:\\\/\\\/ranoja.ee\\\/toode\\\/mootorsaag-pcs53-scheppach\\\/\"]}]},{\"@type\":\"ImageObject\",\"inLanguage\":\"en-US\",\"@id\":\"https:\\\/\\\/ranoja.ee\\\/toode\\\/mootorsaag-pcs53-scheppach\\\/#primaryimage\",\"url\":\"https:\\\/\\\/ranoja.ee\\\/wp-content\\\/uploads\\\/2026\\\/03\\\/5638089253.jpg\",\"contentUrl\":\"https:\\\/\\\/ranoja.ee\\\/wp-content\\\/uploads\\\/2026\\\/03\\\/5638089253.jpg\",\"width\":900,\"height\":900},{\"@type\":\"BreadcrumbList\",\"@id\":\"https:\\\/\\\/ranoja.ee\\\/toode\\\/mootorsaag-pcs53-scheppach\\\/#breadcrumb\",\"itemListElement\":[{\"@type\":\"ListItem\",\"position\":1,\"name\":\"Home\",\"item\":\"https:\\\/\\\/ranoja.ee\\\/\"},{\"@type\":\"ListItem\",\"position\":2,\"name\":\"Shop\",\"item\":\"https:\\\/\\\/ranoja.ee\\\/en\\\/shop\\\/\"},{\"@type\":\"ListItem\",\"position\":3,\"name\":\"Mootorsaag PCS53, Scheppach\"}]},{\"@type\":\"WebSite\",\"@id\":\"https:\\\/\\\/ranoja.ee\\\/#website\",\"url\":\"https:\\\/\\\/ranoja.ee\\\/\",\"name\":\"Ranoja\",\"description\":\"Equipment Shop WooCommerce WordPress Theme for Machine &amp; Tools\",\"publisher\":{\"@id\":\"https:\\\/\\\/ranoja.ee\\\/#organization\"},\"potentialAction\":[{\"@type\":\"SearchAction\",\"target\":{\"@type\":\"EntryPoint\",\"urlTemplate\":\"https:\\\/\\\/ranoja.ee\\\/?s={search_term_string}\"},\"query-input\":{\"@type\":\"PropertyValueSpecification\",\"valueRequired\":true,\"valueName\":\"search_term_string\"}}],\"inLanguage\":\"en-US\"},{\"@type\":\"Organization\",\"@id\":\"https:\\\/\\\/ranoja.ee\\\/#organization\",\"name\":\"Ranoja O\u00dc\",\"url\":\"https:\\\/\\\/ranoja.ee\\\/\",\"logo\":{\"@type\":\"ImageObject\",\"inLanguage\":\"en-US\",\"@id\":\"https:\\\/\\\/ranoja.ee\\\/#\\\/schema\\\/logo\\\/image\\\/\",\"url\":\"https:\\\/\\\/ranoja.ee\\\/wp-content\\\/uploads\\\/2023\\\/11\\\/ranoja-Logo.png\",\"contentUrl\":\"https:\\\/\\\/ranoja.ee\\\/wp-content\\\/uploads\\\/2023\\\/11\\\/ranoja-Logo.png\",\"width\":207,\"height\":58,\"caption\":\"Ranoja O\u00dc\"},\"image\":{\"@id\":\"https:\\\/\\\/ranoja.ee\\\/#\\\/schema\\\/logo\\\/image\\\/\"},\"sameAs\":[\"https:\\\/\\\/www.facebook.com\\\/ranoja.ee\",\"https:\\\/\\\/www.instagram.com\\\/ranoja__\\\/\"]}]}<\/script>\n<!-- \/ Yoast SEO plugin. -->","yoast_head_json":{"title":"Mootorsaag PCS53, Scheppach - Ranoja","robots":{"index":"index","follow":"follow","max-snippet":"max-snippet:-1","max-image-preview":"max-image-preview:large","max-video-preview":"max-video-preview:-1"},"canonical":"https:\/\/ranoja.ee\/toode\/mootorsaag-pcs53-scheppach\/","og_locale":"en_US","og_type":"article","og_title":"Mootorsaag PCS53, Scheppach - Ranoja","og_description":"Scheppach PCS53 mootorsaag on ideaalne t\u00f6\u00f6riist k\u00f5ikideks kodusteks saagimist\u00f6\u00f6deks. Sellel on suur l\u00f5ikej\u00f5udlus ja v\u00f5imas mootor. Saag on varustatud Scheppach ProCut keti ja latiga. TEHNILISED ANDMED 53 cc 2-taktiline mootor V\u00f5imsus 2,0 kW \/ 2,7 hj K\u00fctusesegu vahekord 40:1 Lati pikkus 51 cm Max. l\u00f5igatava materjali m\u00f5\u00f5t \u00d8 47 cm \u00d5lipaagi maht 0,26L K\u00fctusepaagi maht 0,55L M\u00f5\u00f5dud P x L x K: 375 x 185 x 190 mm Kaal 6,9 \/ 8,25 kg (neto\/bruto) \u2022 53 cc \u2013 2-taktiline mootor pakub silmapaistvat j\u00f5udlust \u2022 20\u201c ProCut kvaliteetne latt ja kett parimate l\u00f5iketulemuste saavutamiseks \u2022 Efektiivne \u00f5hufilter mootori pikema t\u00f6\u00f6ea tagamiseks \u2022 Vibratsioonivastane s\u00fcsteem pehmendab vibratsiooni ja v\u00e4hendab kasutaja v\u00e4simust \u2022 Suured metallist tugihambad \u2022 Keti automaatne \u00f5litus \u2022 Ketipidur peatab keti tagasil\u00f6\u00f6gi korral m\u00f5ne millisekundi jooksul","og_url":"https:\/\/ranoja.ee\/toode\/mootorsaag-pcs53-scheppach\/","og_site_name":"Ranoja","article_publisher":"https:\/\/www.facebook.com\/ranoja.ee","article_modified_time":"2026-03-17T12:40:44+00:00","og_image":[{"width":900,"height":900,"url":"https:\/\/ranoja.ee\/wp-content\/uploads\/2026\/03\/5638089253.jpg","type":"image\/jpeg"}],"twitter_card":"summary_large_image","schema":{"@context":"https:\/\/schema.org","@graph":[{"@type":"WebPage","@id":"https:\/\/ranoja.ee\/toode\/mootorsaag-pcs53-scheppach\/","url":"https:\/\/ranoja.ee\/toode\/mootorsaag-pcs53-scheppach\/","name":"Mootorsaag PCS53, Scheppach - Ranoja","isPartOf":{"@id":"https:\/\/ranoja.ee\/#website"},"primaryImageOfPage":{"@id":"https:\/\/ranoja.ee\/toode\/mootorsaag-pcs53-scheppach\/#primaryimage"},"image":{"@id":"https:\/\/ranoja.ee\/toode\/mootorsaag-pcs53-scheppach\/#primaryimage"},"thumbnailUrl":"https:\/\/ranoja.ee\/wp-content\/uploads\/2026\/03\/5638089253.jpg","datePublished":"2026-03-16T23:08:34+00:00","dateModified":"2026-03-17T12:40:44+00:00","breadcrumb":{"@id":"https:\/\/ranoja.ee\/toode\/mootorsaag-pcs53-scheppach\/#breadcrumb"},"inLanguage":"en-US","potentialAction":[{"@type":"ReadAction","target":["https:\/\/ranoja.ee\/toode\/mootorsaag-pcs53-scheppach\/"]}]},{"@type":"ImageObject","inLanguage":"en-US","@id":"https:\/\/ranoja.ee\/toode\/mootorsaag-pcs53-scheppach\/#primaryimage","url":"https:\/\/ranoja.ee\/wp-content\/uploads\/2026\/03\/5638089253.jpg","contentUrl":"https:\/\/ranoja.ee\/wp-content\/uploads\/2026\/03\/5638089253.jpg","width":900,"height":900},{"@type":"BreadcrumbList","@id":"https:\/\/ranoja.ee\/toode\/mootorsaag-pcs53-scheppach\/#breadcrumb","itemListElement":[{"@type":"ListItem","position":1,"name":"Home","item":"https:\/\/ranoja.ee\/"},{"@type":"ListItem","position":2,"name":"Shop","item":"https:\/\/ranoja.ee\/en\/shop\/"},{"@type":"ListItem","position":3,"name":"Mootorsaag PCS53, Scheppach"}]},{"@type":"WebSite","@id":"https:\/\/ranoja.ee\/#website","url":"https:\/\/ranoja.ee\/","name":"Ranoja","description":"Equipment Shop WooCommerce WordPress Theme for Machine &amp; Tools","publisher":{"@id":"https:\/\/ranoja.ee\/#organization"},"potentialAction":[{"@type":"SearchAction","target":{"@type":"EntryPoint","urlTemplate":"https:\/\/ranoja.ee\/?s={search_term_string}"},"query-input":{"@type":"PropertyValueSpecification","valueRequired":true,"valueName":"search_term_string"}}],"inLanguage":"en-US"},{"@type":"Organization","@id":"https:\/\/ranoja.ee\/#organization","name":"Ranoja O\u00dc","url":"https:\/\/ranoja.ee\/","logo":{"@type":"ImageObject","inLanguage":"en-US","@id":"https:\/\/ranoja.ee\/#\/schema\/logo\/image\/","url":"https:\/\/ranoja.ee\/wp-content\/uploads\/2023\/11\/ranoja-Logo.png","contentUrl":"https:\/\/ranoja.ee\/wp-content\/uploads\/2023\/11\/ranoja-Logo.png","width":207,"height":58,"caption":"Ranoja O\u00dc"},"image":{"@id":"https:\/\/ranoja.ee\/#\/schema\/logo\/image\/"},"sameAs":["https:\/\/www.facebook.com\/ranoja.ee","https:\/\/www.instagram.com\/ranoja__\/"]}]}},"_links":{"self":[{"href":"https:\/\/ranoja.ee\/en\/wp-json\/wp\/v2\/product\/59312","targetHints":{"allow":["GET"]}}],"collection":[{"href":"https:\/\/ranoja.ee\/en\/wp-json\/wp\/v2\/product"}],"about":[{"href":"https:\/\/ranoja.ee\/en\/wp-json\/wp\/v2\/types\/product"}],"wp:featuredmedia":[{"embeddable":true,"href":"https:\/\/ranoja.ee\/en\/wp-json\/wp\/v2\/media\/59313"}],"wp:attachment":[{"href":"https:\/\/ranoja.ee\/en\/wp-json\/wp\/v2\/media?parent=59312"}],"wp:term":[{"taxonomy":"product_cat","embeddable":true,"href":"https:\/\/ranoja.ee\/en\/wp-json\/wp\/v2\/product_cat?post=59312"},{"taxonomy":"product_tag","embeddable":true,"href":"https:\/\/ranoja.ee\/en\/wp-json\/wp\/v2\/product_tag?post=59312"}],"curies":[{"name":"wp","href":"https:\/\/api.w.org\/{rel}","templated":true}]}}