{"id":59290,"date":"2026-03-17T02:08:34","date_gmt":"2026-03-16T23:08:34","guid":{"rendered":"https:\/\/ranoja.ee\/toode\/akunurklihvija-c-ag125-x-set-l-scheppach\/"},"modified":"2026-03-17T15:40:44","modified_gmt":"2026-03-17T12:40:44","slug":"akunurklihvija-c-ag125-x-set-l-scheppach","status":"publish","type":"product","link":"https:\/\/ranoja.ee\/en\/toode\/akunurklihvija-c-ag125-x-set-l-scheppach\/","title":{"rendered":"Akunurklihvija C-AG125-X Set L, Scheppach"},"content":{"rendered":"","protected":false},"excerpt":{"rendered":"<p>Aku pinge: 20 V<br \/>\nP\u00f5\u00f5rded t\u00fchik\u00e4igul: 2500 \u2012 10000 1\/min<br \/>\nKetta m\u00f5\u00f5t: \u00d8 125 mm<br \/>\nTarviku kinnitusr: M14<br \/>\nMootori t\u00fc\u00fcp: harimootor<br \/>\nM\u00f5\u00f5dud: P x L x K 395 x 240 x 115 mm<br \/>\nKomplektis: \u00fcks 4,0 Ah aku, 2,4 A laadija, 125 mm l\u00f5ikeketas, kettav\u00f5ti ja lisak\u00e4epide<\/p>\n<p>V\u00f5imas akutoitega nurklihvija l\u00f5ikamiseks, faasimiseks v\u00f5i poleerimiseks<br \/>\nJuhtmevaba t\u00f6\u00f6 Scheppach IXES 20 V sarjaga \u2013 k\u00f5ik selle s\u00fcsteemi akud ja laadijad sobivad nurklihvijaga<br \/>\nKitsas korpus pehme k\u00e4epidemega ja alumiiniumist esiosaga v\u00f5imaldab t\u00f6\u00f6tada kitsastes kohtades<br \/>\nPehme k\u00e4ivitus ja \u00fclekoormuskaitse tagavad pika t\u00f6\u00f6ea<br \/>\nL\u00f6\u00f6gikindel kaitsekate on reguleeritav ilma t\u00f6\u00f6riistadeta<br \/>\nKiiruse reguleerimine 2500\u201310 000 p\/min 6 astmes seadistusratta abil \u2013 sobib materjali ja t\u00f6\u00f6 iseloomu j\u00e4rgi<br \/>\nKolmeasendiline lisa\u00e4epide koos t\u00f6\u00f6riistav\u00f5tme panipaiga ja libisemiskindla kattega tagab suurema mugavuse ja ohutuse<br \/>\nLihtne t\u00f6\u00f6riistavahetus t\u00e4nu spindlilukule<br \/>\nM14 tarvikukinnitus ja 125 mm ketta l\u00e4bim\u00f5\u00f5t<\/p>\n","protected":false},"featured_media":59291,"template":"","meta":{"inline_featured_image":false},"product_cat":[5156,5157,1094],"product_tag":[],"class_list":{"0":"post-59290","1":"product","2":"type-product","3":"status-publish","4":"has-post-thumbnail","6":"product_brand-scheppach","7":"product_cat-akuga-nurk-ja-otslihvijad","8":"product_cat-akuga-nurklihvijad-o-76-150-mm","9":"product_cat-akutooriistad","11":"first","12":"instock","13":"purchasable","14":"product-type-simple"},"yoast_head":"<!-- This site is optimized with the Yoast SEO plugin v27.4 - https:\/\/yoast.com\/product\/yoast-seo-wordpress\/ -->\n<title>Akunurklihvija C-AG125-X Set L, Scheppach - Ranoja<\/title>\n<meta name=\"robots\" content=\"index, follow, max-snippet:-1, max-image-preview:large, max-video-preview:-1\" \/>\n<link rel=\"canonical\" href=\"https:\/\/ranoja.ee\/toode\/akunurklihvija-c-ag125-x-set-l-scheppach\/\" \/>\n<meta property=\"og:locale\" content=\"en_US\" \/>\n<meta property=\"og:type\" content=\"article\" \/>\n<meta property=\"og:title\" content=\"Akunurklihvija C-AG125-X Set L, Scheppach - Ranoja\" \/>\n<meta property=\"og:description\" content=\"Aku pinge: 20 V P\u00f5\u00f5rded t\u00fchik\u00e4igul: 2500 \u2012 10000 1\/min Ketta m\u00f5\u00f5t: \u00d8 125 mm Tarviku kinnitusr: M14 Mootori t\u00fc\u00fcp: harimootor M\u00f5\u00f5dud: P x L x K 395 x 240 x 115 mm Komplektis: \u00fcks 4,0 Ah aku, 2,4 A laadija, 125 mm l\u00f5ikeketas, kettav\u00f5ti ja lisak\u00e4epide V\u00f5imas akutoitega nurklihvija l\u00f5ikamiseks, faasimiseks v\u00f5i poleerimiseks Juhtmevaba t\u00f6\u00f6 Scheppach IXES 20 V sarjaga \u2013 k\u00f5ik selle s\u00fcsteemi akud ja laadijad sobivad nurklihvijaga Kitsas korpus pehme k\u00e4epidemega ja alumiiniumist esiosaga v\u00f5imaldab t\u00f6\u00f6tada kitsastes kohtades Pehme k\u00e4ivitus ja \u00fclekoormuskaitse tagavad pika t\u00f6\u00f6ea L\u00f6\u00f6gikindel kaitsekate on reguleeritav ilma t\u00f6\u00f6riistadeta Kiiruse reguleerimine 2500\u201310 000 p\/min 6 astmes seadistusratta abil \u2013 sobib materjali ja t\u00f6\u00f6 iseloomu j\u00e4rgi Kolmeasendiline lisa\u00e4epide koos t\u00f6\u00f6riistav\u00f5tme panipaiga ja libisemiskindla kattega tagab suurema mugavuse ja ohutuse Lihtne t\u00f6\u00f6riistavahetus t\u00e4nu spindlilukule M14 tarvikukinnitus ja 125 mm ketta l\u00e4bim\u00f5\u00f5t\" \/>\n<meta property=\"og:url\" content=\"https:\/\/ranoja.ee\/toode\/akunurklihvija-c-ag125-x-set-l-scheppach\/\" \/>\n<meta property=\"og:site_name\" content=\"Ranoja\" \/>\n<meta property=\"article:publisher\" content=\"https:\/\/www.facebook.com\/ranoja.ee\" \/>\n<meta property=\"article:modified_time\" content=\"2026-03-17T12:40:44+00:00\" \/>\n<meta property=\"og:image\" content=\"https:\/\/ranoja.ee\/wp-content\/uploads\/2026\/03\/5638361065.jpg\" \/>\n\t<meta property=\"og:image:width\" content=\"900\" \/>\n\t<meta property=\"og:image:height\" content=\"900\" \/>\n\t<meta property=\"og:image:type\" content=\"image\/jpeg\" \/>\n<meta name=\"twitter:card\" content=\"summary_large_image\" \/>\n<script type=\"application\/ld+json\" class=\"yoast-schema-graph\">{\"@context\":\"https:\\\/\\\/schema.org\",\"@graph\":[{\"@type\":\"WebPage\",\"@id\":\"https:\\\/\\\/ranoja.ee\\\/toode\\\/akunurklihvija-c-ag125-x-set-l-scheppach\\\/\",\"url\":\"https:\\\/\\\/ranoja.ee\\\/toode\\\/akunurklihvija-c-ag125-x-set-l-scheppach\\\/\",\"name\":\"Akunurklihvija C-AG125-X Set L, Scheppach - Ranoja\",\"isPartOf\":{\"@id\":\"https:\\\/\\\/ranoja.ee\\\/#website\"},\"primaryImageOfPage\":{\"@id\":\"https:\\\/\\\/ranoja.ee\\\/toode\\\/akunurklihvija-c-ag125-x-set-l-scheppach\\\/#primaryimage\"},\"image\":{\"@id\":\"https:\\\/\\\/ranoja.ee\\\/toode\\\/akunurklihvija-c-ag125-x-set-l-scheppach\\\/#primaryimage\"},\"thumbnailUrl\":\"https:\\\/\\\/ranoja.ee\\\/wp-content\\\/uploads\\\/2026\\\/03\\\/5638361065.jpg\",\"datePublished\":\"2026-03-16T23:08:34+00:00\",\"dateModified\":\"2026-03-17T12:40:44+00:00\",\"breadcrumb\":{\"@id\":\"https:\\\/\\\/ranoja.ee\\\/toode\\\/akunurklihvija-c-ag125-x-set-l-scheppach\\\/#breadcrumb\"},\"inLanguage\":\"en-US\",\"potentialAction\":[{\"@type\":\"ReadAction\",\"target\":[\"https:\\\/\\\/ranoja.ee\\\/toode\\\/akunurklihvija-c-ag125-x-set-l-scheppach\\\/\"]}]},{\"@type\":\"ImageObject\",\"inLanguage\":\"en-US\",\"@id\":\"https:\\\/\\\/ranoja.ee\\\/toode\\\/akunurklihvija-c-ag125-x-set-l-scheppach\\\/#primaryimage\",\"url\":\"https:\\\/\\\/ranoja.ee\\\/wp-content\\\/uploads\\\/2026\\\/03\\\/5638361065.jpg\",\"contentUrl\":\"https:\\\/\\\/ranoja.ee\\\/wp-content\\\/uploads\\\/2026\\\/03\\\/5638361065.jpg\",\"width\":900,\"height\":900},{\"@type\":\"BreadcrumbList\",\"@id\":\"https:\\\/\\\/ranoja.ee\\\/toode\\\/akunurklihvija-c-ag125-x-set-l-scheppach\\\/#breadcrumb\",\"itemListElement\":[{\"@type\":\"ListItem\",\"position\":1,\"name\":\"Home\",\"item\":\"https:\\\/\\\/ranoja.ee\\\/\"},{\"@type\":\"ListItem\",\"position\":2,\"name\":\"Shop\",\"item\":\"https:\\\/\\\/ranoja.ee\\\/en\\\/shop\\\/\"},{\"@type\":\"ListItem\",\"position\":3,\"name\":\"Akunurklihvija C-AG125-X Set L, Scheppach\"}]},{\"@type\":\"WebSite\",\"@id\":\"https:\\\/\\\/ranoja.ee\\\/#website\",\"url\":\"https:\\\/\\\/ranoja.ee\\\/\",\"name\":\"Ranoja\",\"description\":\"Equipment Shop WooCommerce WordPress Theme for Machine &amp; Tools\",\"publisher\":{\"@id\":\"https:\\\/\\\/ranoja.ee\\\/#organization\"},\"potentialAction\":[{\"@type\":\"SearchAction\",\"target\":{\"@type\":\"EntryPoint\",\"urlTemplate\":\"https:\\\/\\\/ranoja.ee\\\/?s={search_term_string}\"},\"query-input\":{\"@type\":\"PropertyValueSpecification\",\"valueRequired\":true,\"valueName\":\"search_term_string\"}}],\"inLanguage\":\"en-US\"},{\"@type\":\"Organization\",\"@id\":\"https:\\\/\\\/ranoja.ee\\\/#organization\",\"name\":\"Ranoja O\u00dc\",\"url\":\"https:\\\/\\\/ranoja.ee\\\/\",\"logo\":{\"@type\":\"ImageObject\",\"inLanguage\":\"en-US\",\"@id\":\"https:\\\/\\\/ranoja.ee\\\/#\\\/schema\\\/logo\\\/image\\\/\",\"url\":\"https:\\\/\\\/ranoja.ee\\\/wp-content\\\/uploads\\\/2023\\\/11\\\/ranoja-Logo.png\",\"contentUrl\":\"https:\\\/\\\/ranoja.ee\\\/wp-content\\\/uploads\\\/2023\\\/11\\\/ranoja-Logo.png\",\"width\":207,\"height\":58,\"caption\":\"Ranoja O\u00dc\"},\"image\":{\"@id\":\"https:\\\/\\\/ranoja.ee\\\/#\\\/schema\\\/logo\\\/image\\\/\"},\"sameAs\":[\"https:\\\/\\\/www.facebook.com\\\/ranoja.ee\",\"https:\\\/\\\/www.instagram.com\\\/ranoja__\\\/\"]}]}<\/script>\n<!-- \/ Yoast SEO plugin. -->","yoast_head_json":{"title":"Akunurklihvija C-AG125-X Set L, Scheppach - Ranoja","robots":{"index":"index","follow":"follow","max-snippet":"max-snippet:-1","max-image-preview":"max-image-preview:large","max-video-preview":"max-video-preview:-1"},"canonical":"https:\/\/ranoja.ee\/toode\/akunurklihvija-c-ag125-x-set-l-scheppach\/","og_locale":"en_US","og_type":"article","og_title":"Akunurklihvija C-AG125-X Set L, Scheppach - Ranoja","og_description":"Aku pinge: 20 V P\u00f5\u00f5rded t\u00fchik\u00e4igul: 2500 \u2012 10000 1\/min Ketta m\u00f5\u00f5t: \u00d8 125 mm Tarviku kinnitusr: M14 Mootori t\u00fc\u00fcp: harimootor M\u00f5\u00f5dud: P x L x K 395 x 240 x 115 mm Komplektis: \u00fcks 4,0 Ah aku, 2,4 A laadija, 125 mm l\u00f5ikeketas, kettav\u00f5ti ja lisak\u00e4epide V\u00f5imas akutoitega nurklihvija l\u00f5ikamiseks, faasimiseks v\u00f5i poleerimiseks Juhtmevaba t\u00f6\u00f6 Scheppach IXES 20 V sarjaga \u2013 k\u00f5ik selle s\u00fcsteemi akud ja laadijad sobivad nurklihvijaga Kitsas korpus pehme k\u00e4epidemega ja alumiiniumist esiosaga v\u00f5imaldab t\u00f6\u00f6tada kitsastes kohtades Pehme k\u00e4ivitus ja \u00fclekoormuskaitse tagavad pika t\u00f6\u00f6ea L\u00f6\u00f6gikindel kaitsekate on reguleeritav ilma t\u00f6\u00f6riistadeta Kiiruse reguleerimine 2500\u201310 000 p\/min 6 astmes seadistusratta abil \u2013 sobib materjali ja t\u00f6\u00f6 iseloomu j\u00e4rgi Kolmeasendiline lisa\u00e4epide koos t\u00f6\u00f6riistav\u00f5tme panipaiga ja libisemiskindla kattega tagab suurema mugavuse ja ohutuse Lihtne t\u00f6\u00f6riistavahetus t\u00e4nu spindlilukule M14 tarvikukinnitus ja 125 mm ketta l\u00e4bim\u00f5\u00f5t","og_url":"https:\/\/ranoja.ee\/toode\/akunurklihvija-c-ag125-x-set-l-scheppach\/","og_site_name":"Ranoja","article_publisher":"https:\/\/www.facebook.com\/ranoja.ee","article_modified_time":"2026-03-17T12:40:44+00:00","og_image":[{"width":900,"height":900,"url":"https:\/\/ranoja.ee\/wp-content\/uploads\/2026\/03\/5638361065.jpg","type":"image\/jpeg"}],"twitter_card":"summary_large_image","schema":{"@context":"https:\/\/schema.org","@graph":[{"@type":"WebPage","@id":"https:\/\/ranoja.ee\/toode\/akunurklihvija-c-ag125-x-set-l-scheppach\/","url":"https:\/\/ranoja.ee\/toode\/akunurklihvija-c-ag125-x-set-l-scheppach\/","name":"Akunurklihvija C-AG125-X Set L, Scheppach - Ranoja","isPartOf":{"@id":"https:\/\/ranoja.ee\/#website"},"primaryImageOfPage":{"@id":"https:\/\/ranoja.ee\/toode\/akunurklihvija-c-ag125-x-set-l-scheppach\/#primaryimage"},"image":{"@id":"https:\/\/ranoja.ee\/toode\/akunurklihvija-c-ag125-x-set-l-scheppach\/#primaryimage"},"thumbnailUrl":"https:\/\/ranoja.ee\/wp-content\/uploads\/2026\/03\/5638361065.jpg","datePublished":"2026-03-16T23:08:34+00:00","dateModified":"2026-03-17T12:40:44+00:00","breadcrumb":{"@id":"https:\/\/ranoja.ee\/toode\/akunurklihvija-c-ag125-x-set-l-scheppach\/#breadcrumb"},"inLanguage":"en-US","potentialAction":[{"@type":"ReadAction","target":["https:\/\/ranoja.ee\/toode\/akunurklihvija-c-ag125-x-set-l-scheppach\/"]}]},{"@type":"ImageObject","inLanguage":"en-US","@id":"https:\/\/ranoja.ee\/toode\/akunurklihvija-c-ag125-x-set-l-scheppach\/#primaryimage","url":"https:\/\/ranoja.ee\/wp-content\/uploads\/2026\/03\/5638361065.jpg","contentUrl":"https:\/\/ranoja.ee\/wp-content\/uploads\/2026\/03\/5638361065.jpg","width":900,"height":900},{"@type":"BreadcrumbList","@id":"https:\/\/ranoja.ee\/toode\/akunurklihvija-c-ag125-x-set-l-scheppach\/#breadcrumb","itemListElement":[{"@type":"ListItem","position":1,"name":"Home","item":"https:\/\/ranoja.ee\/"},{"@type":"ListItem","position":2,"name":"Shop","item":"https:\/\/ranoja.ee\/en\/shop\/"},{"@type":"ListItem","position":3,"name":"Akunurklihvija C-AG125-X Set L, Scheppach"}]},{"@type":"WebSite","@id":"https:\/\/ranoja.ee\/#website","url":"https:\/\/ranoja.ee\/","name":"Ranoja","description":"Equipment Shop WooCommerce WordPress Theme for Machine &amp; Tools","publisher":{"@id":"https:\/\/ranoja.ee\/#organization"},"potentialAction":[{"@type":"SearchAction","target":{"@type":"EntryPoint","urlTemplate":"https:\/\/ranoja.ee\/?s={search_term_string}"},"query-input":{"@type":"PropertyValueSpecification","valueRequired":true,"valueName":"search_term_string"}}],"inLanguage":"en-US"},{"@type":"Organization","@id":"https:\/\/ranoja.ee\/#organization","name":"Ranoja O\u00dc","url":"https:\/\/ranoja.ee\/","logo":{"@type":"ImageObject","inLanguage":"en-US","@id":"https:\/\/ranoja.ee\/#\/schema\/logo\/image\/","url":"https:\/\/ranoja.ee\/wp-content\/uploads\/2023\/11\/ranoja-Logo.png","contentUrl":"https:\/\/ranoja.ee\/wp-content\/uploads\/2023\/11\/ranoja-Logo.png","width":207,"height":58,"caption":"Ranoja O\u00dc"},"image":{"@id":"https:\/\/ranoja.ee\/#\/schema\/logo\/image\/"},"sameAs":["https:\/\/www.facebook.com\/ranoja.ee","https:\/\/www.instagram.com\/ranoja__\/"]}]}},"_links":{"self":[{"href":"https:\/\/ranoja.ee\/en\/wp-json\/wp\/v2\/product\/59290","targetHints":{"allow":["GET"]}}],"collection":[{"href":"https:\/\/ranoja.ee\/en\/wp-json\/wp\/v2\/product"}],"about":[{"href":"https:\/\/ranoja.ee\/en\/wp-json\/wp\/v2\/types\/product"}],"wp:featuredmedia":[{"embeddable":true,"href":"https:\/\/ranoja.ee\/en\/wp-json\/wp\/v2\/media\/59291"}],"wp:attachment":[{"href":"https:\/\/ranoja.ee\/en\/wp-json\/wp\/v2\/media?parent=59290"}],"wp:term":[{"taxonomy":"product_cat","embeddable":true,"href":"https:\/\/ranoja.ee\/en\/wp-json\/wp\/v2\/product_cat?post=59290"},{"taxonomy":"product_tag","embeddable":true,"href":"https:\/\/ranoja.ee\/en\/wp-json\/wp\/v2\/product_tag?post=59290"}],"curies":[{"name":"wp","href":"https:\/\/api.w.org\/{rel}","templated":true}]}}