{"id":59282,"date":"2026-03-17T02:08:34","date_gmt":"2026-03-16T23:08:34","guid":{"rendered":"https:\/\/ranoja.ee\/toode\/lumefrees-me-61-mtd\/"},"modified":"2026-03-17T15:40:44","modified_gmt":"2026-03-17T12:40:44","slug":"lumefrees-me-61-mtd","status":"publish","type":"product","link":"https:\/\/ranoja.ee\/en\/toode\/lumefrees-me-61-mtd\/","title":{"rendered":"Lumefrees  ME 61, MTD"},"content":{"rendered":"","protected":false},"excerpt":{"rendered":"<p>MTD kaheastmelised lumefreesid sobivad suurep\u00e4raselt keskmiste ja suuremate alade puhastamiseks.<br \/>\nTerasest freesiteod koguvad esimese astmena lume kokku ning heidavad teise astmena l\u00e4bi v\u00e4ljavisketoru v\u00e4lja.<\/p>\n<p>Mootor MTD SnowThorX 70 OHV, 208cc<br \/>\nMax. v\u00f5imsus 4 kW\/3600rpm<br \/>\nT\u00f5mbestarter, elektristart 230V<br \/>\nK\u00fctusepaak 2l<br \/>\nK\u00e4igud edasi\/tagasi 6 \/ 2<br \/>\nRattad 15&#8221; x 5&#8221;<br \/>\nKaheastmeline lumefrees<br \/>\nT\u00f6\u00f6laius 61 cm<br \/>\nT\u00f6\u00f6s\u00fcgavus 53 cm<br \/>\nRootor X-treme<br \/>\nVedavad rattad<br \/>\nV\u00e4ljaviskesuunaja p\u00f6\u00f6ratav 180\u00b0<br \/>\nV\u00e4ljaviskesuunaja regulatsioon v\u00e4ndaga distantsilt reguleeritav<\/p>\n","protected":false},"featured_media":59283,"template":"","meta":{"inline_featured_image":false},"product_cat":[5085,5132,5131],"product_tag":[],"class_list":{"0":"post-59282","1":"product","2":"type-product","3":"status-publish","4":"has-post-thumbnail","6":"product_brand-mtd","7":"product_cat-aiatehnika-ja-tooriistad","8":"product_cat-bensiinimootoriga-lumefreesid","9":"product_cat-lumefreesid","11":"first","12":"instock","13":"purchasable","14":"product-type-simple"},"yoast_head":"<!-- This site is optimized with the Yoast SEO plugin v27.4 - https:\/\/yoast.com\/product\/yoast-seo-wordpress\/ -->\n<title>Lumefrees ME 61, MTD - Ranoja<\/title>\n<meta name=\"robots\" content=\"index, follow, max-snippet:-1, max-image-preview:large, max-video-preview:-1\" \/>\n<link rel=\"canonical\" href=\"https:\/\/ranoja.ee\/toode\/lumefrees-me-61-mtd\/\" \/>\n<meta property=\"og:locale\" content=\"en_US\" \/>\n<meta property=\"og:type\" content=\"article\" \/>\n<meta property=\"og:title\" content=\"Lumefrees ME 61, MTD - Ranoja\" \/>\n<meta property=\"og:description\" content=\"MTD kaheastmelised lumefreesid sobivad suurep\u00e4raselt keskmiste ja suuremate alade puhastamiseks. Terasest freesiteod koguvad esimese astmena lume kokku ning heidavad teise astmena l\u00e4bi v\u00e4ljavisketoru v\u00e4lja. Mootor MTD SnowThorX 70 OHV, 208cc Max. v\u00f5imsus 4 kW\/3600rpm T\u00f5mbestarter, elektristart 230V K\u00fctusepaak 2l K\u00e4igud edasi\/tagasi 6 \/ 2 Rattad 15&#039;&#039; x 5&#039;&#039; Kaheastmeline lumefrees T\u00f6\u00f6laius 61 cm T\u00f6\u00f6s\u00fcgavus 53 cm Rootor X-treme Vedavad rattad V\u00e4ljaviskesuunaja p\u00f6\u00f6ratav 180\u00b0 V\u00e4ljaviskesuunaja regulatsioon v\u00e4ndaga distantsilt reguleeritav\" \/>\n<meta property=\"og:url\" content=\"https:\/\/ranoja.ee\/toode\/lumefrees-me-61-mtd\/\" \/>\n<meta property=\"og:site_name\" content=\"Ranoja\" \/>\n<meta property=\"article:publisher\" content=\"https:\/\/www.facebook.com\/ranoja.ee\" \/>\n<meta property=\"article:modified_time\" content=\"2026-03-17T12:40:44+00:00\" \/>\n<meta property=\"og:image\" content=\"https:\/\/ranoja.ee\/wp-content\/uploads\/2026\/03\/205995002.jpg\" \/>\n\t<meta property=\"og:image:width\" content=\"900\" \/>\n\t<meta property=\"og:image:height\" content=\"900\" \/>\n\t<meta property=\"og:image:type\" content=\"image\/jpeg\" \/>\n<meta name=\"twitter:card\" content=\"summary_large_image\" \/>\n<script type=\"application\/ld+json\" class=\"yoast-schema-graph\">{\"@context\":\"https:\\\/\\\/schema.org\",\"@graph\":[{\"@type\":\"WebPage\",\"@id\":\"https:\\\/\\\/ranoja.ee\\\/toode\\\/lumefrees-me-61-mtd\\\/\",\"url\":\"https:\\\/\\\/ranoja.ee\\\/toode\\\/lumefrees-me-61-mtd\\\/\",\"name\":\"Lumefrees ME 61, MTD - Ranoja\",\"isPartOf\":{\"@id\":\"https:\\\/\\\/ranoja.ee\\\/#website\"},\"primaryImageOfPage\":{\"@id\":\"https:\\\/\\\/ranoja.ee\\\/toode\\\/lumefrees-me-61-mtd\\\/#primaryimage\"},\"image\":{\"@id\":\"https:\\\/\\\/ranoja.ee\\\/toode\\\/lumefrees-me-61-mtd\\\/#primaryimage\"},\"thumbnailUrl\":\"https:\\\/\\\/ranoja.ee\\\/wp-content\\\/uploads\\\/2026\\\/03\\\/205995002.jpg\",\"datePublished\":\"2026-03-16T23:08:34+00:00\",\"dateModified\":\"2026-03-17T12:40:44+00:00\",\"breadcrumb\":{\"@id\":\"https:\\\/\\\/ranoja.ee\\\/toode\\\/lumefrees-me-61-mtd\\\/#breadcrumb\"},\"inLanguage\":\"en-US\",\"potentialAction\":[{\"@type\":\"ReadAction\",\"target\":[\"https:\\\/\\\/ranoja.ee\\\/toode\\\/lumefrees-me-61-mtd\\\/\"]}]},{\"@type\":\"ImageObject\",\"inLanguage\":\"en-US\",\"@id\":\"https:\\\/\\\/ranoja.ee\\\/toode\\\/lumefrees-me-61-mtd\\\/#primaryimage\",\"url\":\"https:\\\/\\\/ranoja.ee\\\/wp-content\\\/uploads\\\/2026\\\/03\\\/205995002.jpg\",\"contentUrl\":\"https:\\\/\\\/ranoja.ee\\\/wp-content\\\/uploads\\\/2026\\\/03\\\/205995002.jpg\",\"width\":900,\"height\":900},{\"@type\":\"BreadcrumbList\",\"@id\":\"https:\\\/\\\/ranoja.ee\\\/toode\\\/lumefrees-me-61-mtd\\\/#breadcrumb\",\"itemListElement\":[{\"@type\":\"ListItem\",\"position\":1,\"name\":\"Home\",\"item\":\"https:\\\/\\\/ranoja.ee\\\/\"},{\"@type\":\"ListItem\",\"position\":2,\"name\":\"Shop\",\"item\":\"https:\\\/\\\/ranoja.ee\\\/en\\\/shop\\\/\"},{\"@type\":\"ListItem\",\"position\":3,\"name\":\"Lumefrees ME 61, MTD\"}]},{\"@type\":\"WebSite\",\"@id\":\"https:\\\/\\\/ranoja.ee\\\/#website\",\"url\":\"https:\\\/\\\/ranoja.ee\\\/\",\"name\":\"Ranoja\",\"description\":\"Equipment Shop WooCommerce WordPress Theme for Machine &amp; Tools\",\"publisher\":{\"@id\":\"https:\\\/\\\/ranoja.ee\\\/#organization\"},\"potentialAction\":[{\"@type\":\"SearchAction\",\"target\":{\"@type\":\"EntryPoint\",\"urlTemplate\":\"https:\\\/\\\/ranoja.ee\\\/?s={search_term_string}\"},\"query-input\":{\"@type\":\"PropertyValueSpecification\",\"valueRequired\":true,\"valueName\":\"search_term_string\"}}],\"inLanguage\":\"en-US\"},{\"@type\":\"Organization\",\"@id\":\"https:\\\/\\\/ranoja.ee\\\/#organization\",\"name\":\"Ranoja O\u00dc\",\"url\":\"https:\\\/\\\/ranoja.ee\\\/\",\"logo\":{\"@type\":\"ImageObject\",\"inLanguage\":\"en-US\",\"@id\":\"https:\\\/\\\/ranoja.ee\\\/#\\\/schema\\\/logo\\\/image\\\/\",\"url\":\"https:\\\/\\\/ranoja.ee\\\/wp-content\\\/uploads\\\/2023\\\/11\\\/ranoja-Logo.png\",\"contentUrl\":\"https:\\\/\\\/ranoja.ee\\\/wp-content\\\/uploads\\\/2023\\\/11\\\/ranoja-Logo.png\",\"width\":207,\"height\":58,\"caption\":\"Ranoja O\u00dc\"},\"image\":{\"@id\":\"https:\\\/\\\/ranoja.ee\\\/#\\\/schema\\\/logo\\\/image\\\/\"},\"sameAs\":[\"https:\\\/\\\/www.facebook.com\\\/ranoja.ee\",\"https:\\\/\\\/www.instagram.com\\\/ranoja__\\\/\"]}]}<\/script>\n<!-- \/ Yoast SEO plugin. -->","yoast_head_json":{"title":"Lumefrees ME 61, MTD - Ranoja","robots":{"index":"index","follow":"follow","max-snippet":"max-snippet:-1","max-image-preview":"max-image-preview:large","max-video-preview":"max-video-preview:-1"},"canonical":"https:\/\/ranoja.ee\/toode\/lumefrees-me-61-mtd\/","og_locale":"en_US","og_type":"article","og_title":"Lumefrees ME 61, MTD - Ranoja","og_description":"MTD kaheastmelised lumefreesid sobivad suurep\u00e4raselt keskmiste ja suuremate alade puhastamiseks. Terasest freesiteod koguvad esimese astmena lume kokku ning heidavad teise astmena l\u00e4bi v\u00e4ljavisketoru v\u00e4lja. Mootor MTD SnowThorX 70 OHV, 208cc Max. v\u00f5imsus 4 kW\/3600rpm T\u00f5mbestarter, elektristart 230V K\u00fctusepaak 2l K\u00e4igud edasi\/tagasi 6 \/ 2 Rattad 15'' x 5'' Kaheastmeline lumefrees T\u00f6\u00f6laius 61 cm T\u00f6\u00f6s\u00fcgavus 53 cm Rootor X-treme Vedavad rattad V\u00e4ljaviskesuunaja p\u00f6\u00f6ratav 180\u00b0 V\u00e4ljaviskesuunaja regulatsioon v\u00e4ndaga distantsilt reguleeritav","og_url":"https:\/\/ranoja.ee\/toode\/lumefrees-me-61-mtd\/","og_site_name":"Ranoja","article_publisher":"https:\/\/www.facebook.com\/ranoja.ee","article_modified_time":"2026-03-17T12:40:44+00:00","og_image":[{"width":900,"height":900,"url":"https:\/\/ranoja.ee\/wp-content\/uploads\/2026\/03\/205995002.jpg","type":"image\/jpeg"}],"twitter_card":"summary_large_image","schema":{"@context":"https:\/\/schema.org","@graph":[{"@type":"WebPage","@id":"https:\/\/ranoja.ee\/toode\/lumefrees-me-61-mtd\/","url":"https:\/\/ranoja.ee\/toode\/lumefrees-me-61-mtd\/","name":"Lumefrees ME 61, MTD - Ranoja","isPartOf":{"@id":"https:\/\/ranoja.ee\/#website"},"primaryImageOfPage":{"@id":"https:\/\/ranoja.ee\/toode\/lumefrees-me-61-mtd\/#primaryimage"},"image":{"@id":"https:\/\/ranoja.ee\/toode\/lumefrees-me-61-mtd\/#primaryimage"},"thumbnailUrl":"https:\/\/ranoja.ee\/wp-content\/uploads\/2026\/03\/205995002.jpg","datePublished":"2026-03-16T23:08:34+00:00","dateModified":"2026-03-17T12:40:44+00:00","breadcrumb":{"@id":"https:\/\/ranoja.ee\/toode\/lumefrees-me-61-mtd\/#breadcrumb"},"inLanguage":"en-US","potentialAction":[{"@type":"ReadAction","target":["https:\/\/ranoja.ee\/toode\/lumefrees-me-61-mtd\/"]}]},{"@type":"ImageObject","inLanguage":"en-US","@id":"https:\/\/ranoja.ee\/toode\/lumefrees-me-61-mtd\/#primaryimage","url":"https:\/\/ranoja.ee\/wp-content\/uploads\/2026\/03\/205995002.jpg","contentUrl":"https:\/\/ranoja.ee\/wp-content\/uploads\/2026\/03\/205995002.jpg","width":900,"height":900},{"@type":"BreadcrumbList","@id":"https:\/\/ranoja.ee\/toode\/lumefrees-me-61-mtd\/#breadcrumb","itemListElement":[{"@type":"ListItem","position":1,"name":"Home","item":"https:\/\/ranoja.ee\/"},{"@type":"ListItem","position":2,"name":"Shop","item":"https:\/\/ranoja.ee\/en\/shop\/"},{"@type":"ListItem","position":3,"name":"Lumefrees ME 61, MTD"}]},{"@type":"WebSite","@id":"https:\/\/ranoja.ee\/#website","url":"https:\/\/ranoja.ee\/","name":"Ranoja","description":"Equipment Shop WooCommerce WordPress Theme for Machine &amp; Tools","publisher":{"@id":"https:\/\/ranoja.ee\/#organization"},"potentialAction":[{"@type":"SearchAction","target":{"@type":"EntryPoint","urlTemplate":"https:\/\/ranoja.ee\/?s={search_term_string}"},"query-input":{"@type":"PropertyValueSpecification","valueRequired":true,"valueName":"search_term_string"}}],"inLanguage":"en-US"},{"@type":"Organization","@id":"https:\/\/ranoja.ee\/#organization","name":"Ranoja O\u00dc","url":"https:\/\/ranoja.ee\/","logo":{"@type":"ImageObject","inLanguage":"en-US","@id":"https:\/\/ranoja.ee\/#\/schema\/logo\/image\/","url":"https:\/\/ranoja.ee\/wp-content\/uploads\/2023\/11\/ranoja-Logo.png","contentUrl":"https:\/\/ranoja.ee\/wp-content\/uploads\/2023\/11\/ranoja-Logo.png","width":207,"height":58,"caption":"Ranoja O\u00dc"},"image":{"@id":"https:\/\/ranoja.ee\/#\/schema\/logo\/image\/"},"sameAs":["https:\/\/www.facebook.com\/ranoja.ee","https:\/\/www.instagram.com\/ranoja__\/"]}]}},"_links":{"self":[{"href":"https:\/\/ranoja.ee\/en\/wp-json\/wp\/v2\/product\/59282","targetHints":{"allow":["GET"]}}],"collection":[{"href":"https:\/\/ranoja.ee\/en\/wp-json\/wp\/v2\/product"}],"about":[{"href":"https:\/\/ranoja.ee\/en\/wp-json\/wp\/v2\/types\/product"}],"wp:featuredmedia":[{"embeddable":true,"href":"https:\/\/ranoja.ee\/en\/wp-json\/wp\/v2\/media\/59283"}],"wp:attachment":[{"href":"https:\/\/ranoja.ee\/en\/wp-json\/wp\/v2\/media?parent=59282"}],"wp:term":[{"taxonomy":"product_cat","embeddable":true,"href":"https:\/\/ranoja.ee\/en\/wp-json\/wp\/v2\/product_cat?post=59282"},{"taxonomy":"product_tag","embeddable":true,"href":"https:\/\/ranoja.ee\/en\/wp-json\/wp\/v2\/product_tag?post=59282"}],"curies":[{"name":"wp","href":"https:\/\/api.w.org\/{rel}","templated":true}]}}