{"id":59256,"date":"2026-03-17T02:08:11","date_gmt":"2026-03-16T23:08:11","guid":{"rendered":"https:\/\/ranoja.ee\/toode\/tooriistakaru-7-sahtlit-komplekt-473-osa-brilliant-tools\/"},"modified":"2026-03-17T15:40:45","modified_gmt":"2026-03-17T12:40:45","slug":"tooriistakaru-7-sahtlit-komplekt-473-osa-brilliant-tools","status":"publish","type":"product","link":"https:\/\/ranoja.ee\/en\/toode\/tooriistakaru-7-sahtlit-komplekt-473-osa-brilliant-tools\/","title":{"rendered":"T\u00f6\u00f6riistak\u00e4ru, 7 sahtlit +komplekt 473-osa, Brilliant Tools"},"content":{"rendered":"","protected":false},"excerpt":{"rendered":"<p>7 kuullaagritega sahtlit, 100% v\u00e4ljat\u00f5mmatavad, iga\u00fche kandev\u00f5ime 35 kg,<br \/>\nerakordne kallutamiskindlus k\u00f5igi sahtlite \u00fchise lukustuse t\u00f5ttu.<br \/>\n400 kg kogukandev\u00f5ime<br \/>\nT\u00e4ism\u00f5\u00f5tmed: B 77 x H 97,5 x T 47 cm<br \/>\nSahtli sisem\u00f5\u00f5dud: <br \/>\n5x 52,8 cm x 39,8 cm x 55 mm<br \/>\n2x 52,8 x 39,8 x 13,5 cm<br \/>\nKogukandev\u00f5ime: 400 kg<br \/>\nSahtli koormustaluvus: 35 kg<br \/>\nKesklukustatav: k\u00fcljel, 2 v\u00f5tit<br \/>\nNurgakaitsed: plast<br \/>\nRattad: 2 p\u00f6\u00f6rdratast, 2 rullikratast<\/p>\n<p>Vahtplastist sahtlijagajad \u00fcksikasjalikult:<\/p>\n<p>Sahtel 1<\/p>\n<p>Padrunv\u00f5tmed, 170-osaline:<br \/>\n6,3 mm (1\/4&#8243;) ajamiga:<br \/>\n&#8211; 1 kuuskantpadrun suurustes 4, 4.5, 5, 5.5, 6, 7, 8, 9, 10, 11, 12, 13, 14 mm<br \/>\n&#8211; 1 kuuskantpadrun, eriti pikk, suurustes 4, 5, 6, 7, 8, 9, 10 mm<br \/>\n&#8211; 1 Torx-E-padrun suurustes E4, E5, E6, E7, E8<br \/>\n&#8211; 1 padrunotsak, T-profiil, suurustes T8, T9, T10, T15, T20, T25, T27, T30<br \/>\n&#8211; 1 padrunotsak, tsentriauguga T-profiil, suurustes TB8, TB9, TB10, TB15, TB20, TB25, TB27, TB30<br \/>\n&#8211; 1 padrunotsak, Pozidriv, suurustes PZ0, PZ1, PZ2<br \/>\n&#8211; 1 padrunotsak, kuuskant suurustes 3, 4, 5, 6 mm<br \/>\n&#8211; 1 padrunotsak, soonega, suurustes 4, 5.5, 6.5, 7 mm<br \/>\n&#8211; 1 padrunotsak, ristpea, suurustes PH0, PH1, PH2<br \/>\n&#8211; 1 pikendus pikkustes 50 ja 10 cm<br \/>\n&#8211; 1 kardaanliigend<br \/>\n&#8211; 1 p\u00f6\u00f6rdk\u00e4epide, 15 cm<br \/>\n&#8211; 1 1\/4&#8243; kahesuunaline narre, 14,5 cm, 72 hambaga peenhammastusega<br \/>\n&#8211; 1 liuguriga k\u00e4epide, 11 cm<br \/>\n10 mm (3\/8&#8243;) ajamiga:<br \/>\n&#8211; 1 kuuskantpadrun suurustes 10, 11, 12, 13, 14, 15, 16, 17, 18, 19 mm<br \/>\n&#8211; 1 kuuskantpadrun, eriti pikk, suurustes 10, 11, 12, 13, 14, 15 mm<br \/>\n&#8211; 1 Torx-E-padrun suurustes E10, E11, E12, E14, E16, E18<br \/>\n&#8211; 1 v\u00f5tmepikendus 12,5 cm<br \/>\n&#8211; 1 3\/8&#8243; kahesuunaline narre, 20,5 cm, 72 hambaga peenhammastusega<br \/>\n&#8211; 1 s\u00fc\u00fctek\u00fc\u00fcnlapadrun, 18 mm<br \/>\n&#8211; 1 adapter 8 mm otsakutele<br \/>\n&#8211; 1 kardaanliigend<br \/>\n12,5 mm (1\/2&#8243;) ajamiga:<br \/>\n&#8211; 1 kuuskantpadrun suurustes 10, 11, 12, 13, 14, 15, 16, 17, 18, 19, 20, 21, 22, 24, 27, 30, 32 mm<br \/>\n&#8211; 1 kuuskantpadrun, eriti pikk, suurustes 16, 17, 18, 19, 22 mm<br \/>\n&#8211; 1 Torx-E-padrun suurustes E20, E24<br \/>\n&#8211; 1 s\u00fc\u00fctek\u00fc\u00fcnlapadrun suurustes 16, 21 mm<br \/>\n&#8211; 1 p\u00f6\u00f6rdk\u00e4epide, 25 cm<br \/>\n&#8211; 1 v\u00f5tmepikendus 12,5 cm<br \/>\n&#8211; 1 1\/2&#8243; kahesuunaline narre, 25 cm, 72 hambaga peenhammastusega<br \/>\n&#8211; 1 kardaanliigend<br \/>\n&#8211; 1 adapter 8 mm otsakutele<br \/>\n&#8211; otsakud 8 mm ajamis x 30 mm pikkus:<br \/>\n&#8211; 1 otsak, Torx tsentriauguga suurustes TB40, TB45, TB50, TB55, TB60, TB70<br \/>\n&#8211; 1 otsak, Torx suurustes T40, T45, T50, T55, T60, T70<br \/>\n&#8211; 1 otsak, sisekuuskant suurustes 7, 8, 10, 12, 14 mm<br \/>\n&#8211; 1 otsak, ristpea suurustes PH3, PH4<br \/>\n&#8211; 1 otsak, soonega suurustes 8, 10, 12 mm<br \/>\n&#8211; 1 otsak, Pozidriv suurustes PZ3, PZ4<br \/>\n&#8211; 1 sisekuuskantv\u00f5ti suurustes 1.27, 1.5, 2, 2.5, 3, 4, 5 mm<br \/>\n&#8211; otsakud 6,3 mm (1\/4&#8243;) ajamis x 25 mm pikkus:<br \/>\n&#8211; 1 otsak, VXZN suurustes M5, M6, M8<br \/>\n&#8211; 1 otsak, T-profiil suurustes T5, T6, T7<br \/>\n&#8211; 1 otsak, RIBE-profiil suurustes M5, M6, M7, M8, M9<br \/>\n&#8211; 1 otsak, t\u00e4htotsakud suurustes TS10, 15, 20, 25, 27, 30, 40, 45<br \/>\n&#8211; 1 otsak, T-profiil tsentriauguga TB7<\/p>\n<p>Sahtel 2<\/p>\n<p>Mutriv\u00f5tmed, 24 osa:<br \/>\n-16 lehtsilmusv\u00f5tit: 6, 7, 8, 9, 10, 11, 12, 13, 14, 15, 16, 17, 18, 19, 21, 22 mm<br \/>\n-8 silmusv\u00f5tit, painutatud varrega: 6&#215;7, 8&#215;9, 10&#215;11, 12&#215;13, 14&#215;15, 16&#215;17, 18&#215;19, 20&#215;22 mm<\/p>\n<p>Sahtel 3<\/p>\n<p>Kruvikeerajad, 21 osa:<br \/>\n-8 l\u00f6\u00f6gipeaga kruvikeerajat mm, ristpea PH2x38 mm, PH1x75 mm, PH2x10 cm, PH3x15 cm, soonpea 6&#215;38 mm, 5&#215;75 mm, 6&#215;10 cm, 8&#215;15 cm<br \/>\n-1 peenmehaaniku kruvikeeraja PH0x10 cm<br \/>\n-1 peenmehaaniku kruvikeeraja soonega 3 mmx10 cm<br \/>\n-11 Torx-kruvikeerajat, T6x75 mm, T7x75 mm, T8x75 mm, T9x75 mm, T10x75 mm, T15x10 cm, T20x10 cm, T25x10 cm, T27x10 cm, T30x10 cm, T40x15 cm<\/p>\n<p>Sahtel 4<\/p>\n<p>L-tihvtv\u00f5tmed, 18 osa:<br \/>\n-9 sisekuuskant-L-tihvtv\u00f5tit, 2&#215;10 cm, 2,5&#215;10 cm, 3&#215;10 cm, 4&#215;15 cm, 5&#215;15 cm, 6&#215;15 cm, 7&#215;15 cm, 8&#215;20 cm, 10&#215;20 cm<br \/>\n-9 Torx-L-tihvtv\u00f5titl, T10x75, T15x100, T20x100, T25x150, T27x150, T30x150, T40x150, T45x200, T50x200 mm<\/p>\n<p>Sahtel 5<\/p>\n<p>Silmusnarred, 15 osa:<br \/>\n-15 silmusnarret 8, 9, 10, 11, 12, 13, 14, 15, 17, 19, 21, 22, 24, 27, 30 mm<\/p>\n<p>Sahtel 6<\/p>\n<p>Tangid, haamrid, meislid, 16-osa:<br \/>\n&#8211; 1 300 g haamer<br \/>\n&#8211; 1 terava otsaga tangid, sirged<br \/>\n&#8211; 1 terava otsaga tangid, painutatud<br \/>\n&#8211; 1 lukustusr\u00f5ngatangid sisemistele lukustusr\u00f5ngastele, sirged<br \/>\n&#8211; 1 lukustusr\u00f5ngatangid sisemistele lukustusr\u00f5ngastele, painutatud<br \/>\n&#8211; 1 lukustusr\u00f5ngatangid v\u00e4limistele lukustusr\u00f5ngastele, sirged<br \/>\n&#8211; 1 lukustusr\u00f5ngatangid v\u00e4limistele lukustusr\u00f5ngastele, painutatud<br \/>\n&#8211; 1 kombitangid<br \/>\n&#8211; 1 k\u00fclgl\u00f5ikur<br \/>\n&#8211; 6 splinditorni, 1,5, 3, 4, 5, 6, 8 mm<\/p>\n<p>Kaasas ka otsakute komplekt: BT053208&#038;BT<\/p>\n","protected":false},"featured_media":59257,"template":"","meta":{"inline_featured_image":false},"product_cat":[1596,1116,5234,5267],"product_tag":[],"class_list":{"0":"post-59256","1":"product","2":"type-product","3":"status-publish","4":"has-post-thumbnail","6":"product_brand-brilliant-tools","7":"product_cat-kasitooriistad","8":"product_cat-lisaseadmed-ehitusseadmed-led-lisatuled-cb-raadiod-lallar","9":"product_cat-tooriistakastid-ja-karud","10":"product_cat-tooriistakomplektidega-tooriistakarud","12":"first","13":"outofstock","14":"purchasable","15":"product-type-simple"},"yoast_head":"<!-- This site is optimized with the Yoast SEO plugin v27.4 - https:\/\/yoast.com\/product\/yoast-seo-wordpress\/ -->\n<title>T\u00f6\u00f6riistak\u00e4ru, 7 sahtlit +komplekt 473-osa, Brilliant Tools - Ranoja<\/title>\n<meta name=\"robots\" content=\"index, follow, max-snippet:-1, max-image-preview:large, max-video-preview:-1\" \/>\n<link rel=\"canonical\" href=\"https:\/\/ranoja.ee\/toode\/tooriistakaru-7-sahtlit-komplekt-473-osa-brilliant-tools\/\" \/>\n<meta property=\"og:locale\" content=\"en_US\" \/>\n<meta property=\"og:type\" content=\"article\" \/>\n<meta property=\"og:title\" content=\"T\u00f6\u00f6riistak\u00e4ru, 7 sahtlit +komplekt 473-osa, Brilliant Tools - Ranoja\" \/>\n<meta property=\"og:description\" content=\"7 kuullaagritega sahtlit, 100% v\u00e4ljat\u00f5mmatavad, iga\u00fche kandev\u00f5ime 35 kg, erakordne kallutamiskindlus k\u00f5igi sahtlite \u00fchise lukustuse t\u00f5ttu. 400 kg kogukandev\u00f5ime T\u00e4ism\u00f5\u00f5tmed: B 77 x H 97,5 x T 47 cm Sahtli sisem\u00f5\u00f5dud: 5x 52,8 cm x 39,8 cm x 55 mm 2x 52,8 x 39,8 x 13,5 cm Kogukandev\u00f5ime: 400 kg Sahtli koormustaluvus: 35 kg Kesklukustatav: k\u00fcljel, 2 v\u00f5tit Nurgakaitsed: plast Rattad: 2 p\u00f6\u00f6rdratast, 2 rullikratast Vahtplastist sahtlijagajad \u00fcksikasjalikult: Sahtel 1 Padrunv\u00f5tmed, 170-osaline: 6,3 mm (1\/4&quot;) ajamiga: - 1 kuuskantpadrun suurustes 4, 4.5, 5, 5.5, 6, 7, 8, 9, 10, 11, 12, 13, 14 mm - 1 kuuskantpadrun, eriti pikk, suurustes 4, 5, 6, 7, 8, 9, 10 mm - 1 Torx-E-padrun suurustes E4, E5, E6, E7, E8 - 1 padrunotsak, T-profiil, suurustes T8, T9, T10, T15, T20, T25, T27, T30 - 1 padrunotsak, tsentriauguga T-profiil, suurustes TB8, TB9, TB10, TB15, TB20, TB25, TB27, TB30 - 1 padrunotsak, Pozidriv, suurustes PZ0, PZ1, PZ2 - 1 padrunotsak, kuuskant suurustes 3, 4, 5, 6 mm - 1 padrunotsak, soonega, suurustes 4, 5.5, 6.5, 7 mm - 1 padrunotsak, ristpea, suurustes PH0, PH1, PH2 - 1 pikendus pikkustes 50 ja 10 cm - 1 kardaanliigend - 1 p\u00f6\u00f6rdk\u00e4epide, 15 cm - 1 1\/4&quot; kahesuunaline narre, 14,5 cm, 72 hambaga peenhammastusega - 1 liuguriga k\u00e4epide, 11 cm 10 mm (3\/8&quot;) ajamiga: - 1 kuuskantpadrun suurustes 10, 11, 12, 13, 14, 15, 16, 17, 18, 19 mm - 1 kuuskantpadrun, eriti pikk, suurustes 10, 11, 12, 13, 14, 15 mm - 1 Torx-E-padrun suurustes E10, E11, E12, E14, E16, E18 - 1 v\u00f5tmepikendus 12,5 cm - 1 3\/8&quot; kahesuunaline narre, 20,5 cm, 72 hambaga peenhammastusega - 1 s\u00fc\u00fctek\u00fc\u00fcnlapadrun, 18 mm - 1 adapter 8 mm otsakutele - 1 kardaanliigend 12,5 mm (1\/2&quot;) ajamiga: - 1 kuuskantpadrun suurustes 10, 11, 12, 13, 14, 15, 16, 17, 18, 19, 20, 21, 22, 24, 27, 30, 32 mm - 1 kuuskantpadrun, eriti pikk, suurustes 16, 17, 18, 19, 22 mm - 1 Torx-E-padrun suurustes E20, E24 - 1 s\u00fc\u00fctek\u00fc\u00fcnlapadrun suurustes 16, 21 mm - 1 p\u00f6\u00f6rdk\u00e4epide, 25 cm - 1 v\u00f5tmepikendus 12,5 cm - 1 1\/2&quot; kahesuunaline narre, 25 cm, 72 hambaga peenhammastusega - 1 kardaanliigend - 1 adapter 8 mm otsakutele - otsakud 8 mm ajamis x 30 mm pikkus: - 1 otsak, Torx tsentriauguga suurustes TB40, TB45, TB50, TB55, TB60, TB70 - 1 otsak, Torx suurustes T40, T45, T50, T55, T60, T70 - 1 otsak, sisekuuskant suurustes 7, 8, 10, 12, 14 mm - 1 otsak, ristpea suurustes PH3, PH4 - 1 otsak, soonega suurustes 8, 10, 12 mm - 1 otsak, Pozidriv suurustes PZ3, PZ4 - 1 sisekuuskantv\u00f5ti suurustes 1.27, 1.5, 2, 2.5, 3, 4, 5 mm - otsakud 6,3 mm (1\/4&quot;) ajamis x 25 mm pikkus: - 1 otsak, VXZN suurustes M5, M6, M8 - 1 otsak, T-profiil suurustes T5, T6, T7 - 1 otsak, RIBE-profiil suurustes M5, M6, M7, M8, M9 - 1 otsak, t\u00e4htotsakud suurustes TS10, 15, 20, 25, 27, 30, 40, 45 - 1 otsak, T-profiil tsentriauguga TB7 Sahtel 2 Mutriv\u00f5tmed, 24 osa: -16 lehtsilmusv\u00f5tit: 6, 7, 8, 9, 10, 11, 12, 13, 14, 15, 16, 17, 18, 19, 21, 22 mm -8 silmusv\u00f5tit, painutatud varrega: 6x7, 8x9, 10x11, 12x13, 14x15, 16x17, 18x19, 20x22 mm Sahtel 3 Kruvikeerajad, 21 osa: -8 l\u00f6\u00f6gipeaga kruvikeerajat mm, ristpea PH2x38 mm, PH1x75 mm, PH2x10 cm, PH3x15 cm, soonpea 6x38 mm, 5x75 mm, 6x10 cm, 8x15 cm -1 peenmehaaniku kruvikeeraja PH0x10 cm -1 peenmehaaniku kruvikeeraja soonega 3 mmx10 cm -11 Torx-kruvikeerajat, T6x75 mm, T7x75 mm, T8x75 mm, T9x75 mm, T10x75 mm, T15x10 cm, T20x10 cm, T25x10 cm, T27x10 cm, T30x10 cm, T40x15 cm Sahtel 4 L-tihvtv\u00f5tmed, 18 osa: -9 sisekuuskant-L-tihvtv\u00f5tit, 2x10 cm, 2,5x10 cm, 3x10 cm, 4x15 cm, 5x15 cm, 6x15 cm, 7x15 cm, 8x20 cm, 10x20 cm -9 Torx-L-tihvtv\u00f5titl, T10x75, T15x100, T20x100, T25x150, T27x150, T30x150, T40x150, T45x200, T50x200 mm Sahtel 5 Silmusnarred, 15 osa: -15 silmusnarret 8, 9, 10, 11, 12, 13, 14, 15, 17, 19, 21, 22, 24, 27, 30 mm Sahtel 6 Tangid, haamrid, meislid, 16-osa: - 1 300 g haamer - 1 terava otsaga tangid, sirged - 1 terava otsaga tangid, painutatud - 1 lukustusr\u00f5ngatangid sisemistele lukustusr\u00f5ngastele, sirged - 1 lukustusr\u00f5ngatangid sisemistele lukustusr\u00f5ngastele, painutatud - 1 lukustusr\u00f5ngatangid v\u00e4limistele lukustusr\u00f5ngastele, sirged - 1 lukustusr\u00f5ngatangid v\u00e4limistele lukustusr\u00f5ngastele, painutatud - 1 kombitangid - 1 k\u00fclgl\u00f5ikur - 6 splinditorni, 1,5, 3, 4, 5, 6, 8 mm Kaasas ka otsakute komplekt: BT053208&amp;BT\" \/>\n<meta property=\"og:url\" content=\"https:\/\/ranoja.ee\/toode\/tooriistakaru-7-sahtlit-komplekt-473-osa-brilliant-tools\/\" \/>\n<meta property=\"og:site_name\" content=\"Ranoja\" \/>\n<meta property=\"article:publisher\" content=\"https:\/\/www.facebook.com\/ranoja.ee\" \/>\n<meta property=\"article:modified_time\" content=\"2026-03-17T12:40:45+00:00\" \/>\n<meta property=\"og:image\" content=\"https:\/\/ranoja.ee\/wp-content\/uploads\/2026\/03\/229846967.jpg\" \/>\n\t<meta property=\"og:image:width\" content=\"768\" \/>\n\t<meta property=\"og:image:height\" content=\"768\" \/>\n\t<meta property=\"og:image:type\" content=\"image\/jpeg\" \/>\n<meta name=\"twitter:card\" content=\"summary_large_image\" \/>\n<script type=\"application\/ld+json\" class=\"yoast-schema-graph\">{\"@context\":\"https:\\\/\\\/schema.org\",\"@graph\":[{\"@type\":\"WebPage\",\"@id\":\"https:\\\/\\\/ranoja.ee\\\/toode\\\/tooriistakaru-7-sahtlit-komplekt-473-osa-brilliant-tools\\\/\",\"url\":\"https:\\\/\\\/ranoja.ee\\\/toode\\\/tooriistakaru-7-sahtlit-komplekt-473-osa-brilliant-tools\\\/\",\"name\":\"T\u00f6\u00f6riistak\u00e4ru, 7 sahtlit +komplekt 473-osa, Brilliant Tools - Ranoja\",\"isPartOf\":{\"@id\":\"https:\\\/\\\/ranoja.ee\\\/#website\"},\"primaryImageOfPage\":{\"@id\":\"https:\\\/\\\/ranoja.ee\\\/toode\\\/tooriistakaru-7-sahtlit-komplekt-473-osa-brilliant-tools\\\/#primaryimage\"},\"image\":{\"@id\":\"https:\\\/\\\/ranoja.ee\\\/toode\\\/tooriistakaru-7-sahtlit-komplekt-473-osa-brilliant-tools\\\/#primaryimage\"},\"thumbnailUrl\":\"https:\\\/\\\/ranoja.ee\\\/wp-content\\\/uploads\\\/2026\\\/03\\\/229846967.jpg\",\"datePublished\":\"2026-03-16T23:08:11+00:00\",\"dateModified\":\"2026-03-17T12:40:45+00:00\",\"breadcrumb\":{\"@id\":\"https:\\\/\\\/ranoja.ee\\\/toode\\\/tooriistakaru-7-sahtlit-komplekt-473-osa-brilliant-tools\\\/#breadcrumb\"},\"inLanguage\":\"en-US\",\"potentialAction\":[{\"@type\":\"ReadAction\",\"target\":[\"https:\\\/\\\/ranoja.ee\\\/toode\\\/tooriistakaru-7-sahtlit-komplekt-473-osa-brilliant-tools\\\/\"]}]},{\"@type\":\"ImageObject\",\"inLanguage\":\"en-US\",\"@id\":\"https:\\\/\\\/ranoja.ee\\\/toode\\\/tooriistakaru-7-sahtlit-komplekt-473-osa-brilliant-tools\\\/#primaryimage\",\"url\":\"https:\\\/\\\/ranoja.ee\\\/wp-content\\\/uploads\\\/2026\\\/03\\\/229846967.jpg\",\"contentUrl\":\"https:\\\/\\\/ranoja.ee\\\/wp-content\\\/uploads\\\/2026\\\/03\\\/229846967.jpg\",\"width\":768,\"height\":768},{\"@type\":\"BreadcrumbList\",\"@id\":\"https:\\\/\\\/ranoja.ee\\\/toode\\\/tooriistakaru-7-sahtlit-komplekt-473-osa-brilliant-tools\\\/#breadcrumb\",\"itemListElement\":[{\"@type\":\"ListItem\",\"position\":1,\"name\":\"Home\",\"item\":\"https:\\\/\\\/ranoja.ee\\\/\"},{\"@type\":\"ListItem\",\"position\":2,\"name\":\"Shop\",\"item\":\"https:\\\/\\\/ranoja.ee\\\/en\\\/shop\\\/\"},{\"@type\":\"ListItem\",\"position\":3,\"name\":\"T\u00f6\u00f6riistak\u00e4ru, 7 sahtlit +komplekt 473-osa, Brilliant Tools\"}]},{\"@type\":\"WebSite\",\"@id\":\"https:\\\/\\\/ranoja.ee\\\/#website\",\"url\":\"https:\\\/\\\/ranoja.ee\\\/\",\"name\":\"Ranoja\",\"description\":\"Equipment Shop WooCommerce WordPress Theme for Machine &amp; Tools\",\"publisher\":{\"@id\":\"https:\\\/\\\/ranoja.ee\\\/#organization\"},\"potentialAction\":[{\"@type\":\"SearchAction\",\"target\":{\"@type\":\"EntryPoint\",\"urlTemplate\":\"https:\\\/\\\/ranoja.ee\\\/?s={search_term_string}\"},\"query-input\":{\"@type\":\"PropertyValueSpecification\",\"valueRequired\":true,\"valueName\":\"search_term_string\"}}],\"inLanguage\":\"en-US\"},{\"@type\":\"Organization\",\"@id\":\"https:\\\/\\\/ranoja.ee\\\/#organization\",\"name\":\"Ranoja O\u00dc\",\"url\":\"https:\\\/\\\/ranoja.ee\\\/\",\"logo\":{\"@type\":\"ImageObject\",\"inLanguage\":\"en-US\",\"@id\":\"https:\\\/\\\/ranoja.ee\\\/#\\\/schema\\\/logo\\\/image\\\/\",\"url\":\"https:\\\/\\\/ranoja.ee\\\/wp-content\\\/uploads\\\/2023\\\/11\\\/ranoja-Logo.png\",\"contentUrl\":\"https:\\\/\\\/ranoja.ee\\\/wp-content\\\/uploads\\\/2023\\\/11\\\/ranoja-Logo.png\",\"width\":207,\"height\":58,\"caption\":\"Ranoja O\u00dc\"},\"image\":{\"@id\":\"https:\\\/\\\/ranoja.ee\\\/#\\\/schema\\\/logo\\\/image\\\/\"},\"sameAs\":[\"https:\\\/\\\/www.facebook.com\\\/ranoja.ee\",\"https:\\\/\\\/www.instagram.com\\\/ranoja__\\\/\"]}]}<\/script>\n<!-- \/ Yoast SEO plugin. -->","yoast_head_json":{"title":"T\u00f6\u00f6riistak\u00e4ru, 7 sahtlit +komplekt 473-osa, Brilliant Tools - Ranoja","robots":{"index":"index","follow":"follow","max-snippet":"max-snippet:-1","max-image-preview":"max-image-preview:large","max-video-preview":"max-video-preview:-1"},"canonical":"https:\/\/ranoja.ee\/toode\/tooriistakaru-7-sahtlit-komplekt-473-osa-brilliant-tools\/","og_locale":"en_US","og_type":"article","og_title":"T\u00f6\u00f6riistak\u00e4ru, 7 sahtlit +komplekt 473-osa, Brilliant Tools - Ranoja","og_description":"7 kuullaagritega sahtlit, 100% v\u00e4ljat\u00f5mmatavad, iga\u00fche kandev\u00f5ime 35 kg, erakordne kallutamiskindlus k\u00f5igi sahtlite \u00fchise lukustuse t\u00f5ttu. 400 kg kogukandev\u00f5ime T\u00e4ism\u00f5\u00f5tmed: B 77 x H 97,5 x T 47 cm Sahtli sisem\u00f5\u00f5dud: 5x 52,8 cm x 39,8 cm x 55 mm 2x 52,8 x 39,8 x 13,5 cm Kogukandev\u00f5ime: 400 kg Sahtli koormustaluvus: 35 kg Kesklukustatav: k\u00fcljel, 2 v\u00f5tit Nurgakaitsed: plast Rattad: 2 p\u00f6\u00f6rdratast, 2 rullikratast Vahtplastist sahtlijagajad \u00fcksikasjalikult: Sahtel 1 Padrunv\u00f5tmed, 170-osaline: 6,3 mm (1\/4\") ajamiga: - 1 kuuskantpadrun suurustes 4, 4.5, 5, 5.5, 6, 7, 8, 9, 10, 11, 12, 13, 14 mm - 1 kuuskantpadrun, eriti pikk, suurustes 4, 5, 6, 7, 8, 9, 10 mm - 1 Torx-E-padrun suurustes E4, E5, E6, E7, E8 - 1 padrunotsak, T-profiil, suurustes T8, T9, T10, T15, T20, T25, T27, T30 - 1 padrunotsak, tsentriauguga T-profiil, suurustes TB8, TB9, TB10, TB15, TB20, TB25, TB27, TB30 - 1 padrunotsak, Pozidriv, suurustes PZ0, PZ1, PZ2 - 1 padrunotsak, kuuskant suurustes 3, 4, 5, 6 mm - 1 padrunotsak, soonega, suurustes 4, 5.5, 6.5, 7 mm - 1 padrunotsak, ristpea, suurustes PH0, PH1, PH2 - 1 pikendus pikkustes 50 ja 10 cm - 1 kardaanliigend - 1 p\u00f6\u00f6rdk\u00e4epide, 15 cm - 1 1\/4\" kahesuunaline narre, 14,5 cm, 72 hambaga peenhammastusega - 1 liuguriga k\u00e4epide, 11 cm 10 mm (3\/8\") ajamiga: - 1 kuuskantpadrun suurustes 10, 11, 12, 13, 14, 15, 16, 17, 18, 19 mm - 1 kuuskantpadrun, eriti pikk, suurustes 10, 11, 12, 13, 14, 15 mm - 1 Torx-E-padrun suurustes E10, E11, E12, E14, E16, E18 - 1 v\u00f5tmepikendus 12,5 cm - 1 3\/8\" kahesuunaline narre, 20,5 cm, 72 hambaga peenhammastusega - 1 s\u00fc\u00fctek\u00fc\u00fcnlapadrun, 18 mm - 1 adapter 8 mm otsakutele - 1 kardaanliigend 12,5 mm (1\/2\") ajamiga: - 1 kuuskantpadrun suurustes 10, 11, 12, 13, 14, 15, 16, 17, 18, 19, 20, 21, 22, 24, 27, 30, 32 mm - 1 kuuskantpadrun, eriti pikk, suurustes 16, 17, 18, 19, 22 mm - 1 Torx-E-padrun suurustes E20, E24 - 1 s\u00fc\u00fctek\u00fc\u00fcnlapadrun suurustes 16, 21 mm - 1 p\u00f6\u00f6rdk\u00e4epide, 25 cm - 1 v\u00f5tmepikendus 12,5 cm - 1 1\/2\" kahesuunaline narre, 25 cm, 72 hambaga peenhammastusega - 1 kardaanliigend - 1 adapter 8 mm otsakutele - otsakud 8 mm ajamis x 30 mm pikkus: - 1 otsak, Torx tsentriauguga suurustes TB40, TB45, TB50, TB55, TB60, TB70 - 1 otsak, Torx suurustes T40, T45, T50, T55, T60, T70 - 1 otsak, sisekuuskant suurustes 7, 8, 10, 12, 14 mm - 1 otsak, ristpea suurustes PH3, PH4 - 1 otsak, soonega suurustes 8, 10, 12 mm - 1 otsak, Pozidriv suurustes PZ3, PZ4 - 1 sisekuuskantv\u00f5ti suurustes 1.27, 1.5, 2, 2.5, 3, 4, 5 mm - otsakud 6,3 mm (1\/4\") ajamis x 25 mm pikkus: - 1 otsak, VXZN suurustes M5, M6, M8 - 1 otsak, T-profiil suurustes T5, T6, T7 - 1 otsak, RIBE-profiil suurustes M5, M6, M7, M8, M9 - 1 otsak, t\u00e4htotsakud suurustes TS10, 15, 20, 25, 27, 30, 40, 45 - 1 otsak, T-profiil tsentriauguga TB7 Sahtel 2 Mutriv\u00f5tmed, 24 osa: -16 lehtsilmusv\u00f5tit: 6, 7, 8, 9, 10, 11, 12, 13, 14, 15, 16, 17, 18, 19, 21, 22 mm -8 silmusv\u00f5tit, painutatud varrega: 6x7, 8x9, 10x11, 12x13, 14x15, 16x17, 18x19, 20x22 mm Sahtel 3 Kruvikeerajad, 21 osa: -8 l\u00f6\u00f6gipeaga kruvikeerajat mm, ristpea PH2x38 mm, PH1x75 mm, PH2x10 cm, PH3x15 cm, soonpea 6x38 mm, 5x75 mm, 6x10 cm, 8x15 cm -1 peenmehaaniku kruvikeeraja PH0x10 cm -1 peenmehaaniku kruvikeeraja soonega 3 mmx10 cm -11 Torx-kruvikeerajat, T6x75 mm, T7x75 mm, T8x75 mm, T9x75 mm, T10x75 mm, T15x10 cm, T20x10 cm, T25x10 cm, T27x10 cm, T30x10 cm, T40x15 cm Sahtel 4 L-tihvtv\u00f5tmed, 18 osa: -9 sisekuuskant-L-tihvtv\u00f5tit, 2x10 cm, 2,5x10 cm, 3x10 cm, 4x15 cm, 5x15 cm, 6x15 cm, 7x15 cm, 8x20 cm, 10x20 cm -9 Torx-L-tihvtv\u00f5titl, T10x75, T15x100, T20x100, T25x150, T27x150, T30x150, T40x150, T45x200, T50x200 mm Sahtel 5 Silmusnarred, 15 osa: -15 silmusnarret 8, 9, 10, 11, 12, 13, 14, 15, 17, 19, 21, 22, 24, 27, 30 mm Sahtel 6 Tangid, haamrid, meislid, 16-osa: - 1 300 g haamer - 1 terava otsaga tangid, sirged - 1 terava otsaga tangid, painutatud - 1 lukustusr\u00f5ngatangid sisemistele lukustusr\u00f5ngastele, sirged - 1 lukustusr\u00f5ngatangid sisemistele lukustusr\u00f5ngastele, painutatud - 1 lukustusr\u00f5ngatangid v\u00e4limistele lukustusr\u00f5ngastele, sirged - 1 lukustusr\u00f5ngatangid v\u00e4limistele lukustusr\u00f5ngastele, painutatud - 1 kombitangid - 1 k\u00fclgl\u00f5ikur - 6 splinditorni, 1,5, 3, 4, 5, 6, 8 mm Kaasas ka otsakute komplekt: BT053208&BT","og_url":"https:\/\/ranoja.ee\/toode\/tooriistakaru-7-sahtlit-komplekt-473-osa-brilliant-tools\/","og_site_name":"Ranoja","article_publisher":"https:\/\/www.facebook.com\/ranoja.ee","article_modified_time":"2026-03-17T12:40:45+00:00","og_image":[{"width":768,"height":768,"url":"https:\/\/ranoja.ee\/wp-content\/uploads\/2026\/03\/229846967.jpg","type":"image\/jpeg"}],"twitter_card":"summary_large_image","schema":{"@context":"https:\/\/schema.org","@graph":[{"@type":"WebPage","@id":"https:\/\/ranoja.ee\/toode\/tooriistakaru-7-sahtlit-komplekt-473-osa-brilliant-tools\/","url":"https:\/\/ranoja.ee\/toode\/tooriistakaru-7-sahtlit-komplekt-473-osa-brilliant-tools\/","name":"T\u00f6\u00f6riistak\u00e4ru, 7 sahtlit +komplekt 473-osa, Brilliant Tools - Ranoja","isPartOf":{"@id":"https:\/\/ranoja.ee\/#website"},"primaryImageOfPage":{"@id":"https:\/\/ranoja.ee\/toode\/tooriistakaru-7-sahtlit-komplekt-473-osa-brilliant-tools\/#primaryimage"},"image":{"@id":"https:\/\/ranoja.ee\/toode\/tooriistakaru-7-sahtlit-komplekt-473-osa-brilliant-tools\/#primaryimage"},"thumbnailUrl":"https:\/\/ranoja.ee\/wp-content\/uploads\/2026\/03\/229846967.jpg","datePublished":"2026-03-16T23:08:11+00:00","dateModified":"2026-03-17T12:40:45+00:00","breadcrumb":{"@id":"https:\/\/ranoja.ee\/toode\/tooriistakaru-7-sahtlit-komplekt-473-osa-brilliant-tools\/#breadcrumb"},"inLanguage":"en-US","potentialAction":[{"@type":"ReadAction","target":["https:\/\/ranoja.ee\/toode\/tooriistakaru-7-sahtlit-komplekt-473-osa-brilliant-tools\/"]}]},{"@type":"ImageObject","inLanguage":"en-US","@id":"https:\/\/ranoja.ee\/toode\/tooriistakaru-7-sahtlit-komplekt-473-osa-brilliant-tools\/#primaryimage","url":"https:\/\/ranoja.ee\/wp-content\/uploads\/2026\/03\/229846967.jpg","contentUrl":"https:\/\/ranoja.ee\/wp-content\/uploads\/2026\/03\/229846967.jpg","width":768,"height":768},{"@type":"BreadcrumbList","@id":"https:\/\/ranoja.ee\/toode\/tooriistakaru-7-sahtlit-komplekt-473-osa-brilliant-tools\/#breadcrumb","itemListElement":[{"@type":"ListItem","position":1,"name":"Home","item":"https:\/\/ranoja.ee\/"},{"@type":"ListItem","position":2,"name":"Shop","item":"https:\/\/ranoja.ee\/en\/shop\/"},{"@type":"ListItem","position":3,"name":"T\u00f6\u00f6riistak\u00e4ru, 7 sahtlit +komplekt 473-osa, Brilliant Tools"}]},{"@type":"WebSite","@id":"https:\/\/ranoja.ee\/#website","url":"https:\/\/ranoja.ee\/","name":"Ranoja","description":"Equipment Shop WooCommerce WordPress Theme for Machine &amp; Tools","publisher":{"@id":"https:\/\/ranoja.ee\/#organization"},"potentialAction":[{"@type":"SearchAction","target":{"@type":"EntryPoint","urlTemplate":"https:\/\/ranoja.ee\/?s={search_term_string}"},"query-input":{"@type":"PropertyValueSpecification","valueRequired":true,"valueName":"search_term_string"}}],"inLanguage":"en-US"},{"@type":"Organization","@id":"https:\/\/ranoja.ee\/#organization","name":"Ranoja O\u00dc","url":"https:\/\/ranoja.ee\/","logo":{"@type":"ImageObject","inLanguage":"en-US","@id":"https:\/\/ranoja.ee\/#\/schema\/logo\/image\/","url":"https:\/\/ranoja.ee\/wp-content\/uploads\/2023\/11\/ranoja-Logo.png","contentUrl":"https:\/\/ranoja.ee\/wp-content\/uploads\/2023\/11\/ranoja-Logo.png","width":207,"height":58,"caption":"Ranoja O\u00dc"},"image":{"@id":"https:\/\/ranoja.ee\/#\/schema\/logo\/image\/"},"sameAs":["https:\/\/www.facebook.com\/ranoja.ee","https:\/\/www.instagram.com\/ranoja__\/"]}]}},"_links":{"self":[{"href":"https:\/\/ranoja.ee\/en\/wp-json\/wp\/v2\/product\/59256","targetHints":{"allow":["GET"]}}],"collection":[{"href":"https:\/\/ranoja.ee\/en\/wp-json\/wp\/v2\/product"}],"about":[{"href":"https:\/\/ranoja.ee\/en\/wp-json\/wp\/v2\/types\/product"}],"wp:featuredmedia":[{"embeddable":true,"href":"https:\/\/ranoja.ee\/en\/wp-json\/wp\/v2\/media\/59257"}],"wp:attachment":[{"href":"https:\/\/ranoja.ee\/en\/wp-json\/wp\/v2\/media?parent=59256"}],"wp:term":[{"taxonomy":"product_cat","embeddable":true,"href":"https:\/\/ranoja.ee\/en\/wp-json\/wp\/v2\/product_cat?post=59256"},{"taxonomy":"product_tag","embeddable":true,"href":"https:\/\/ranoja.ee\/en\/wp-json\/wp\/v2\/product_tag?post=59256"}],"curies":[{"name":"wp","href":"https:\/\/api.w.org\/{rel}","templated":true}]}}