{"id":59254,"date":"2026-03-17T02:08:11","date_gmt":"2026-03-16T23:08:11","guid":{"rendered":"https:\/\/ranoja.ee\/toode\/amordioli-synpower-fork-oil-10w-1l-valvoline\/"},"modified":"2026-03-17T15:40:45","modified_gmt":"2026-03-17T12:40:45","slug":"amordioli-synpower-fork-oil-10w-1l-valvoline","status":"publish","type":"product","link":"https:\/\/ranoja.ee\/en\/toode\/amordioli-synpower-fork-oil-10w-1l-valvoline\/","title":{"rendered":"Amordi\u00f5li Synpower Fork Oil 10W 1L, Valvoline"},"content":{"rendered":"","protected":false},"excerpt":{"rendered":"<p>Spetsiaalne koostis tagab suurep\u00e4rased t\u00f6\u00f6omadused mootorratta esiamortides.<br \/>\nKasutatakse nii t\u00e4navas\u00f5iduks kui v\u00f5istlustingimustes nii asfaldil kui krossirajal.<br \/>\nPakub esmaklassilise kaitse t\u00f6\u00f6pindade oks\u00fcdeerimise vastu.<br \/>\nEsmaklassiliselt stabiilsed omadused vahutamise vastu.<br \/>\nSpetsiaalne koostis hoiab tihendeid elastsena v\u00e4ltimaks lekkeid.<br \/>\nT\u00e4iustatud omadused tagavad kaitse korrosiooni ja kulumise vastu.<br \/>\nISO VG 32<\/p>\n","protected":false},"featured_media":59255,"template":"","meta":{"inline_featured_image":false},"product_cat":[5015,5080,5012],"product_tag":[],"class_list":{"0":"post-59254","1":"product","2":"type-product","3":"status-publish","4":"has-post-thumbnail","6":"product_brand-valvoline","7":"product_cat-2t-ja-4t-vaikemootorite-olid","8":"product_cat-2t-ja-4t-vaikemootorite-taissunteetilised-olid","9":"product_cat-olid-ja-maardeained","11":"first","12":"instock","13":"purchasable","14":"product-type-simple"},"yoast_head":"<!-- This site is optimized with the Yoast SEO plugin v27.4 - https:\/\/yoast.com\/product\/yoast-seo-wordpress\/ -->\n<title>Amordi\u00f5li Synpower Fork Oil 10W 1L, Valvoline - Ranoja<\/title>\n<meta name=\"robots\" content=\"index, follow, max-snippet:-1, max-image-preview:large, max-video-preview:-1\" \/>\n<link rel=\"canonical\" href=\"https:\/\/ranoja.ee\/toode\/amordioli-synpower-fork-oil-10w-1l-valvoline\/\" \/>\n<meta property=\"og:locale\" content=\"en_US\" \/>\n<meta property=\"og:type\" content=\"article\" \/>\n<meta property=\"og:title\" content=\"Amordi\u00f5li Synpower Fork Oil 10W 1L, Valvoline - Ranoja\" \/>\n<meta property=\"og:description\" content=\"Spetsiaalne koostis tagab suurep\u00e4rased t\u00f6\u00f6omadused mootorratta esiamortides. Kasutatakse nii t\u00e4navas\u00f5iduks kui v\u00f5istlustingimustes nii asfaldil kui krossirajal. Pakub esmaklassilise kaitse t\u00f6\u00f6pindade oks\u00fcdeerimise vastu. Esmaklassiliselt stabiilsed omadused vahutamise vastu. Spetsiaalne koostis hoiab tihendeid elastsena v\u00e4ltimaks lekkeid. T\u00e4iustatud omadused tagavad kaitse korrosiooni ja kulumise vastu. ISO VG 32\" \/>\n<meta property=\"og:url\" content=\"https:\/\/ranoja.ee\/toode\/amordioli-synpower-fork-oil-10w-1l-valvoline\/\" \/>\n<meta property=\"og:site_name\" content=\"Ranoja\" \/>\n<meta property=\"article:publisher\" content=\"https:\/\/www.facebook.com\/ranoja.ee\" \/>\n<meta property=\"article:modified_time\" content=\"2026-03-17T12:40:45+00:00\" \/>\n<meta property=\"og:image\" content=\"https:\/\/ranoja.ee\/wp-content\/uploads\/2026\/03\/195592601.jpeg\" \/>\n\t<meta property=\"og:image:width\" content=\"335\" \/>\n\t<meta property=\"og:image:height\" content=\"768\" \/>\n\t<meta property=\"og:image:type\" content=\"image\/jpeg\" \/>\n<meta name=\"twitter:card\" content=\"summary_large_image\" \/>\n<script type=\"application\/ld+json\" class=\"yoast-schema-graph\">{\"@context\":\"https:\\\/\\\/schema.org\",\"@graph\":[{\"@type\":\"WebPage\",\"@id\":\"https:\\\/\\\/ranoja.ee\\\/toode\\\/amordioli-synpower-fork-oil-10w-1l-valvoline\\\/\",\"url\":\"https:\\\/\\\/ranoja.ee\\\/toode\\\/amordioli-synpower-fork-oil-10w-1l-valvoline\\\/\",\"name\":\"Amordi\u00f5li Synpower Fork Oil 10W 1L, Valvoline - Ranoja\",\"isPartOf\":{\"@id\":\"https:\\\/\\\/ranoja.ee\\\/#website\"},\"primaryImageOfPage\":{\"@id\":\"https:\\\/\\\/ranoja.ee\\\/toode\\\/amordioli-synpower-fork-oil-10w-1l-valvoline\\\/#primaryimage\"},\"image\":{\"@id\":\"https:\\\/\\\/ranoja.ee\\\/toode\\\/amordioli-synpower-fork-oil-10w-1l-valvoline\\\/#primaryimage\"},\"thumbnailUrl\":\"https:\\\/\\\/ranoja.ee\\\/wp-content\\\/uploads\\\/2026\\\/03\\\/195592601.jpeg\",\"datePublished\":\"2026-03-16T23:08:11+00:00\",\"dateModified\":\"2026-03-17T12:40:45+00:00\",\"breadcrumb\":{\"@id\":\"https:\\\/\\\/ranoja.ee\\\/toode\\\/amordioli-synpower-fork-oil-10w-1l-valvoline\\\/#breadcrumb\"},\"inLanguage\":\"en-US\",\"potentialAction\":[{\"@type\":\"ReadAction\",\"target\":[\"https:\\\/\\\/ranoja.ee\\\/toode\\\/amordioli-synpower-fork-oil-10w-1l-valvoline\\\/\"]}]},{\"@type\":\"ImageObject\",\"inLanguage\":\"en-US\",\"@id\":\"https:\\\/\\\/ranoja.ee\\\/toode\\\/amordioli-synpower-fork-oil-10w-1l-valvoline\\\/#primaryimage\",\"url\":\"https:\\\/\\\/ranoja.ee\\\/wp-content\\\/uploads\\\/2026\\\/03\\\/195592601.jpeg\",\"contentUrl\":\"https:\\\/\\\/ranoja.ee\\\/wp-content\\\/uploads\\\/2026\\\/03\\\/195592601.jpeg\",\"width\":335,\"height\":768},{\"@type\":\"BreadcrumbList\",\"@id\":\"https:\\\/\\\/ranoja.ee\\\/toode\\\/amordioli-synpower-fork-oil-10w-1l-valvoline\\\/#breadcrumb\",\"itemListElement\":[{\"@type\":\"ListItem\",\"position\":1,\"name\":\"Home\",\"item\":\"https:\\\/\\\/ranoja.ee\\\/\"},{\"@type\":\"ListItem\",\"position\":2,\"name\":\"Shop\",\"item\":\"https:\\\/\\\/ranoja.ee\\\/en\\\/shop\\\/\"},{\"@type\":\"ListItem\",\"position\":3,\"name\":\"Amordi\u00f5li Synpower Fork Oil 10W 1L, Valvoline\"}]},{\"@type\":\"WebSite\",\"@id\":\"https:\\\/\\\/ranoja.ee\\\/#website\",\"url\":\"https:\\\/\\\/ranoja.ee\\\/\",\"name\":\"Ranoja\",\"description\":\"Equipment Shop WooCommerce WordPress Theme for Machine &amp; Tools\",\"publisher\":{\"@id\":\"https:\\\/\\\/ranoja.ee\\\/#organization\"},\"potentialAction\":[{\"@type\":\"SearchAction\",\"target\":{\"@type\":\"EntryPoint\",\"urlTemplate\":\"https:\\\/\\\/ranoja.ee\\\/?s={search_term_string}\"},\"query-input\":{\"@type\":\"PropertyValueSpecification\",\"valueRequired\":true,\"valueName\":\"search_term_string\"}}],\"inLanguage\":\"en-US\"},{\"@type\":\"Organization\",\"@id\":\"https:\\\/\\\/ranoja.ee\\\/#organization\",\"name\":\"Ranoja O\u00dc\",\"url\":\"https:\\\/\\\/ranoja.ee\\\/\",\"logo\":{\"@type\":\"ImageObject\",\"inLanguage\":\"en-US\",\"@id\":\"https:\\\/\\\/ranoja.ee\\\/#\\\/schema\\\/logo\\\/image\\\/\",\"url\":\"https:\\\/\\\/ranoja.ee\\\/wp-content\\\/uploads\\\/2023\\\/11\\\/ranoja-Logo.png\",\"contentUrl\":\"https:\\\/\\\/ranoja.ee\\\/wp-content\\\/uploads\\\/2023\\\/11\\\/ranoja-Logo.png\",\"width\":207,\"height\":58,\"caption\":\"Ranoja O\u00dc\"},\"image\":{\"@id\":\"https:\\\/\\\/ranoja.ee\\\/#\\\/schema\\\/logo\\\/image\\\/\"},\"sameAs\":[\"https:\\\/\\\/www.facebook.com\\\/ranoja.ee\",\"https:\\\/\\\/www.instagram.com\\\/ranoja__\\\/\"]}]}<\/script>\n<!-- \/ Yoast SEO plugin. -->","yoast_head_json":{"title":"Amordi\u00f5li Synpower Fork Oil 10W 1L, Valvoline - Ranoja","robots":{"index":"index","follow":"follow","max-snippet":"max-snippet:-1","max-image-preview":"max-image-preview:large","max-video-preview":"max-video-preview:-1"},"canonical":"https:\/\/ranoja.ee\/toode\/amordioli-synpower-fork-oil-10w-1l-valvoline\/","og_locale":"en_US","og_type":"article","og_title":"Amordi\u00f5li Synpower Fork Oil 10W 1L, Valvoline - Ranoja","og_description":"Spetsiaalne koostis tagab suurep\u00e4rased t\u00f6\u00f6omadused mootorratta esiamortides. Kasutatakse nii t\u00e4navas\u00f5iduks kui v\u00f5istlustingimustes nii asfaldil kui krossirajal. Pakub esmaklassilise kaitse t\u00f6\u00f6pindade oks\u00fcdeerimise vastu. Esmaklassiliselt stabiilsed omadused vahutamise vastu. Spetsiaalne koostis hoiab tihendeid elastsena v\u00e4ltimaks lekkeid. T\u00e4iustatud omadused tagavad kaitse korrosiooni ja kulumise vastu. ISO VG 32","og_url":"https:\/\/ranoja.ee\/toode\/amordioli-synpower-fork-oil-10w-1l-valvoline\/","og_site_name":"Ranoja","article_publisher":"https:\/\/www.facebook.com\/ranoja.ee","article_modified_time":"2026-03-17T12:40:45+00:00","og_image":[{"width":335,"height":768,"url":"https:\/\/ranoja.ee\/wp-content\/uploads\/2026\/03\/195592601.jpeg","type":"image\/jpeg"}],"twitter_card":"summary_large_image","schema":{"@context":"https:\/\/schema.org","@graph":[{"@type":"WebPage","@id":"https:\/\/ranoja.ee\/toode\/amordioli-synpower-fork-oil-10w-1l-valvoline\/","url":"https:\/\/ranoja.ee\/toode\/amordioli-synpower-fork-oil-10w-1l-valvoline\/","name":"Amordi\u00f5li Synpower Fork Oil 10W 1L, Valvoline - Ranoja","isPartOf":{"@id":"https:\/\/ranoja.ee\/#website"},"primaryImageOfPage":{"@id":"https:\/\/ranoja.ee\/toode\/amordioli-synpower-fork-oil-10w-1l-valvoline\/#primaryimage"},"image":{"@id":"https:\/\/ranoja.ee\/toode\/amordioli-synpower-fork-oil-10w-1l-valvoline\/#primaryimage"},"thumbnailUrl":"https:\/\/ranoja.ee\/wp-content\/uploads\/2026\/03\/195592601.jpeg","datePublished":"2026-03-16T23:08:11+00:00","dateModified":"2026-03-17T12:40:45+00:00","breadcrumb":{"@id":"https:\/\/ranoja.ee\/toode\/amordioli-synpower-fork-oil-10w-1l-valvoline\/#breadcrumb"},"inLanguage":"en-US","potentialAction":[{"@type":"ReadAction","target":["https:\/\/ranoja.ee\/toode\/amordioli-synpower-fork-oil-10w-1l-valvoline\/"]}]},{"@type":"ImageObject","inLanguage":"en-US","@id":"https:\/\/ranoja.ee\/toode\/amordioli-synpower-fork-oil-10w-1l-valvoline\/#primaryimage","url":"https:\/\/ranoja.ee\/wp-content\/uploads\/2026\/03\/195592601.jpeg","contentUrl":"https:\/\/ranoja.ee\/wp-content\/uploads\/2026\/03\/195592601.jpeg","width":335,"height":768},{"@type":"BreadcrumbList","@id":"https:\/\/ranoja.ee\/toode\/amordioli-synpower-fork-oil-10w-1l-valvoline\/#breadcrumb","itemListElement":[{"@type":"ListItem","position":1,"name":"Home","item":"https:\/\/ranoja.ee\/"},{"@type":"ListItem","position":2,"name":"Shop","item":"https:\/\/ranoja.ee\/en\/shop\/"},{"@type":"ListItem","position":3,"name":"Amordi\u00f5li Synpower Fork Oil 10W 1L, Valvoline"}]},{"@type":"WebSite","@id":"https:\/\/ranoja.ee\/#website","url":"https:\/\/ranoja.ee\/","name":"Ranoja","description":"Equipment Shop WooCommerce WordPress Theme for Machine &amp; Tools","publisher":{"@id":"https:\/\/ranoja.ee\/#organization"},"potentialAction":[{"@type":"SearchAction","target":{"@type":"EntryPoint","urlTemplate":"https:\/\/ranoja.ee\/?s={search_term_string}"},"query-input":{"@type":"PropertyValueSpecification","valueRequired":true,"valueName":"search_term_string"}}],"inLanguage":"en-US"},{"@type":"Organization","@id":"https:\/\/ranoja.ee\/#organization","name":"Ranoja O\u00dc","url":"https:\/\/ranoja.ee\/","logo":{"@type":"ImageObject","inLanguage":"en-US","@id":"https:\/\/ranoja.ee\/#\/schema\/logo\/image\/","url":"https:\/\/ranoja.ee\/wp-content\/uploads\/2023\/11\/ranoja-Logo.png","contentUrl":"https:\/\/ranoja.ee\/wp-content\/uploads\/2023\/11\/ranoja-Logo.png","width":207,"height":58,"caption":"Ranoja O\u00dc"},"image":{"@id":"https:\/\/ranoja.ee\/#\/schema\/logo\/image\/"},"sameAs":["https:\/\/www.facebook.com\/ranoja.ee","https:\/\/www.instagram.com\/ranoja__\/"]}]}},"_links":{"self":[{"href":"https:\/\/ranoja.ee\/en\/wp-json\/wp\/v2\/product\/59254","targetHints":{"allow":["GET"]}}],"collection":[{"href":"https:\/\/ranoja.ee\/en\/wp-json\/wp\/v2\/product"}],"about":[{"href":"https:\/\/ranoja.ee\/en\/wp-json\/wp\/v2\/types\/product"}],"wp:featuredmedia":[{"embeddable":true,"href":"https:\/\/ranoja.ee\/en\/wp-json\/wp\/v2\/media\/59255"}],"wp:attachment":[{"href":"https:\/\/ranoja.ee\/en\/wp-json\/wp\/v2\/media?parent=59254"}],"wp:term":[{"taxonomy":"product_cat","embeddable":true,"href":"https:\/\/ranoja.ee\/en\/wp-json\/wp\/v2\/product_cat?post=59254"},{"taxonomy":"product_tag","embeddable":true,"href":"https:\/\/ranoja.ee\/en\/wp-json\/wp\/v2\/product_tag?post=59254"}],"curies":[{"name":"wp","href":"https:\/\/api.w.org\/{rel}","templated":true}]}}