{"id":59238,"date":"2026-03-17T02:07:44","date_gmt":"2026-03-16T23:07:44","guid":{"rendered":"https:\/\/ranoja.ee\/toode\/l-kuuskantvotmete-komplekt-pikk-palliga-15-10mm-10-osa-ks-tools\/"},"modified":"2026-03-17T15:40:46","modified_gmt":"2026-03-17T12:40:46","slug":"l-kuuskantvotmete-komplekt-pikk-palliga-15-10mm-10-osa-ks-tools","status":"publish","type":"product","link":"https:\/\/ranoja.ee\/en\/toode\/l-kuuskantvotmete-komplekt-pikk-palliga-15-10mm-10-osa-ks-tools\/","title":{"rendered":"L-Kuuskantv\u00f5tmete komplekt, pikk, palliga 1,5-10mm, 10 osa, KS Tools"},"content":{"rendered":"","protected":false},"excerpt":{"rendered":"<p>KIRJELDUS<br \/>\nPikk mudel<br \/>\nDIN ISO 2936<br \/>\nPIkas otsas kuulpea<br \/>\nSobib ideaalselt raskesti ligip\u00e4\u00e4setavatele kruvidele<br \/>\n\u00dcleni karastatud<br \/>\nMatt kroomitud<br \/>\nSpetsiaalne t\u00f6\u00f6riistateras<br \/>\nStabiilses klapphoidikus<\/p>\n<p>OMADUSED<br \/>\nProfiil2: meeterm\u00f5\u00f5dustikus<br \/>\nMaterjal1:kvaliteetne kroomvanaadiumteras, mati l\u00e4ikega, kroomitud<br \/>\nNorm: DIN ISO 2936<br \/>\nProfiil1: sisekuuskant kuulpeaga<br \/>\nPakend: plastikust klappkinnitus<br \/>\nPakendisisu: 1<br \/>\nOsasid komplektis: 10<br \/>\nFunktsiooniatribuudid 1: \u00fcleni karastatud<br \/>\nFunktsiooniatribuudid 2: raskesti ligip\u00e4\u00e4setavatele kruvidele<br \/>\nKaal g: 397<br \/>\nPakendi k\u00f5rgus mm: 30<br \/>\nPakendi laius mm: 116<br \/>\nPakendi pikkus mm: 249<\/p>\n","protected":false},"featured_media":59239,"template":"","meta":{"inline_featured_image":false},"product_cat":[1596,1116,5275,5144],"product_tag":[],"class_list":{"0":"post-59238","1":"product","2":"type-product","3":"status-publish","4":"has-post-thumbnail","6":"product_brand-ks-tools","7":"product_cat-kasitooriistad","8":"product_cat-lisaseadmed-ehitusseadmed-led-lisatuled-cb-raadiod-lallar","9":"product_cat-muud-votmed","10":"product_cat-votmed","12":"first","13":"instock","14":"purchasable","15":"product-type-simple"},"yoast_head":"<!-- This site is optimized with the Yoast SEO plugin v27.4 - https:\/\/yoast.com\/product\/yoast-seo-wordpress\/ -->\n<title>L-Kuuskantv\u00f5tmete komplekt, pikk, palliga 1,5-10mm, 10 osa, KS Tools - Ranoja<\/title>\n<meta name=\"robots\" content=\"index, follow, max-snippet:-1, max-image-preview:large, max-video-preview:-1\" \/>\n<link rel=\"canonical\" href=\"https:\/\/ranoja.ee\/toode\/l-kuuskantvotmete-komplekt-pikk-palliga-15-10mm-10-osa-ks-tools\/\" \/>\n<meta property=\"og:locale\" content=\"en_US\" \/>\n<meta property=\"og:type\" content=\"article\" \/>\n<meta property=\"og:title\" content=\"L-Kuuskantv\u00f5tmete komplekt, pikk, palliga 1,5-10mm, 10 osa, KS Tools - Ranoja\" \/>\n<meta property=\"og:description\" content=\"KIRJELDUS Pikk mudel DIN ISO 2936 PIkas otsas kuulpea Sobib ideaalselt raskesti ligip\u00e4\u00e4setavatele kruvidele \u00dcleni karastatud Matt kroomitud Spetsiaalne t\u00f6\u00f6riistateras Stabiilses klapphoidikus OMADUSED Profiil2: meeterm\u00f5\u00f5dustikus Materjal1:kvaliteetne kroomvanaadiumteras, mati l\u00e4ikega, kroomitud Norm: DIN ISO 2936 Profiil1: sisekuuskant kuulpeaga Pakend: plastikust klappkinnitus Pakendisisu: 1 Osasid komplektis: 10 Funktsiooniatribuudid 1: \u00fcleni karastatud Funktsiooniatribuudid 2: raskesti ligip\u00e4\u00e4setavatele kruvidele Kaal g: 397 Pakendi k\u00f5rgus mm: 30 Pakendi laius mm: 116 Pakendi pikkus mm: 249\" \/>\n<meta property=\"og:url\" content=\"https:\/\/ranoja.ee\/toode\/l-kuuskantvotmete-komplekt-pikk-palliga-15-10mm-10-osa-ks-tools\/\" \/>\n<meta property=\"og:site_name\" content=\"Ranoja\" \/>\n<meta property=\"article:publisher\" content=\"https:\/\/www.facebook.com\/ranoja.ee\" \/>\n<meta property=\"article:modified_time\" content=\"2026-03-17T12:40:46+00:00\" \/>\n<meta property=\"og:image\" content=\"https:\/\/ranoja.ee\/wp-content\/uploads\/2026\/03\/260375316.jpg\" \/>\n\t<meta property=\"og:image:width\" content=\"768\" \/>\n\t<meta property=\"og:image:height\" content=\"768\" \/>\n\t<meta property=\"og:image:type\" content=\"image\/jpeg\" \/>\n<meta name=\"twitter:card\" content=\"summary_large_image\" \/>\n<script type=\"application\/ld+json\" class=\"yoast-schema-graph\">{\"@context\":\"https:\\\/\\\/schema.org\",\"@graph\":[{\"@type\":\"WebPage\",\"@id\":\"https:\\\/\\\/ranoja.ee\\\/toode\\\/l-kuuskantvotmete-komplekt-pikk-palliga-15-10mm-10-osa-ks-tools\\\/\",\"url\":\"https:\\\/\\\/ranoja.ee\\\/toode\\\/l-kuuskantvotmete-komplekt-pikk-palliga-15-10mm-10-osa-ks-tools\\\/\",\"name\":\"L-Kuuskantv\u00f5tmete komplekt, pikk, palliga 1,5-10mm, 10 osa, KS Tools - Ranoja\",\"isPartOf\":{\"@id\":\"https:\\\/\\\/ranoja.ee\\\/#website\"},\"primaryImageOfPage\":{\"@id\":\"https:\\\/\\\/ranoja.ee\\\/toode\\\/l-kuuskantvotmete-komplekt-pikk-palliga-15-10mm-10-osa-ks-tools\\\/#primaryimage\"},\"image\":{\"@id\":\"https:\\\/\\\/ranoja.ee\\\/toode\\\/l-kuuskantvotmete-komplekt-pikk-palliga-15-10mm-10-osa-ks-tools\\\/#primaryimage\"},\"thumbnailUrl\":\"https:\\\/\\\/ranoja.ee\\\/wp-content\\\/uploads\\\/2026\\\/03\\\/260375316.jpg\",\"datePublished\":\"2026-03-16T23:07:44+00:00\",\"dateModified\":\"2026-03-17T12:40:46+00:00\",\"breadcrumb\":{\"@id\":\"https:\\\/\\\/ranoja.ee\\\/toode\\\/l-kuuskantvotmete-komplekt-pikk-palliga-15-10mm-10-osa-ks-tools\\\/#breadcrumb\"},\"inLanguage\":\"en-US\",\"potentialAction\":[{\"@type\":\"ReadAction\",\"target\":[\"https:\\\/\\\/ranoja.ee\\\/toode\\\/l-kuuskantvotmete-komplekt-pikk-palliga-15-10mm-10-osa-ks-tools\\\/\"]}]},{\"@type\":\"ImageObject\",\"inLanguage\":\"en-US\",\"@id\":\"https:\\\/\\\/ranoja.ee\\\/toode\\\/l-kuuskantvotmete-komplekt-pikk-palliga-15-10mm-10-osa-ks-tools\\\/#primaryimage\",\"url\":\"https:\\\/\\\/ranoja.ee\\\/wp-content\\\/uploads\\\/2026\\\/03\\\/260375316.jpg\",\"contentUrl\":\"https:\\\/\\\/ranoja.ee\\\/wp-content\\\/uploads\\\/2026\\\/03\\\/260375316.jpg\",\"width\":768,\"height\":768},{\"@type\":\"BreadcrumbList\",\"@id\":\"https:\\\/\\\/ranoja.ee\\\/toode\\\/l-kuuskantvotmete-komplekt-pikk-palliga-15-10mm-10-osa-ks-tools\\\/#breadcrumb\",\"itemListElement\":[{\"@type\":\"ListItem\",\"position\":1,\"name\":\"Home\",\"item\":\"https:\\\/\\\/ranoja.ee\\\/\"},{\"@type\":\"ListItem\",\"position\":2,\"name\":\"Shop\",\"item\":\"https:\\\/\\\/ranoja.ee\\\/en\\\/shop\\\/\"},{\"@type\":\"ListItem\",\"position\":3,\"name\":\"L-Kuuskantv\u00f5tmete komplekt, pikk, palliga 1,5-10mm, 10 osa, KS Tools\"}]},{\"@type\":\"WebSite\",\"@id\":\"https:\\\/\\\/ranoja.ee\\\/#website\",\"url\":\"https:\\\/\\\/ranoja.ee\\\/\",\"name\":\"Ranoja\",\"description\":\"Equipment Shop WooCommerce WordPress Theme for Machine &amp; Tools\",\"publisher\":{\"@id\":\"https:\\\/\\\/ranoja.ee\\\/#organization\"},\"potentialAction\":[{\"@type\":\"SearchAction\",\"target\":{\"@type\":\"EntryPoint\",\"urlTemplate\":\"https:\\\/\\\/ranoja.ee\\\/?s={search_term_string}\"},\"query-input\":{\"@type\":\"PropertyValueSpecification\",\"valueRequired\":true,\"valueName\":\"search_term_string\"}}],\"inLanguage\":\"en-US\"},{\"@type\":\"Organization\",\"@id\":\"https:\\\/\\\/ranoja.ee\\\/#organization\",\"name\":\"Ranoja O\u00dc\",\"url\":\"https:\\\/\\\/ranoja.ee\\\/\",\"logo\":{\"@type\":\"ImageObject\",\"inLanguage\":\"en-US\",\"@id\":\"https:\\\/\\\/ranoja.ee\\\/#\\\/schema\\\/logo\\\/image\\\/\",\"url\":\"https:\\\/\\\/ranoja.ee\\\/wp-content\\\/uploads\\\/2023\\\/11\\\/ranoja-Logo.png\",\"contentUrl\":\"https:\\\/\\\/ranoja.ee\\\/wp-content\\\/uploads\\\/2023\\\/11\\\/ranoja-Logo.png\",\"width\":207,\"height\":58,\"caption\":\"Ranoja O\u00dc\"},\"image\":{\"@id\":\"https:\\\/\\\/ranoja.ee\\\/#\\\/schema\\\/logo\\\/image\\\/\"},\"sameAs\":[\"https:\\\/\\\/www.facebook.com\\\/ranoja.ee\",\"https:\\\/\\\/www.instagram.com\\\/ranoja__\\\/\"]}]}<\/script>\n<!-- \/ Yoast SEO plugin. -->","yoast_head_json":{"title":"L-Kuuskantv\u00f5tmete komplekt, pikk, palliga 1,5-10mm, 10 osa, KS Tools - Ranoja","robots":{"index":"index","follow":"follow","max-snippet":"max-snippet:-1","max-image-preview":"max-image-preview:large","max-video-preview":"max-video-preview:-1"},"canonical":"https:\/\/ranoja.ee\/toode\/l-kuuskantvotmete-komplekt-pikk-palliga-15-10mm-10-osa-ks-tools\/","og_locale":"en_US","og_type":"article","og_title":"L-Kuuskantv\u00f5tmete komplekt, pikk, palliga 1,5-10mm, 10 osa, KS Tools - Ranoja","og_description":"KIRJELDUS Pikk mudel DIN ISO 2936 PIkas otsas kuulpea Sobib ideaalselt raskesti ligip\u00e4\u00e4setavatele kruvidele \u00dcleni karastatud Matt kroomitud Spetsiaalne t\u00f6\u00f6riistateras Stabiilses klapphoidikus OMADUSED Profiil2: meeterm\u00f5\u00f5dustikus Materjal1:kvaliteetne kroomvanaadiumteras, mati l\u00e4ikega, kroomitud Norm: DIN ISO 2936 Profiil1: sisekuuskant kuulpeaga Pakend: plastikust klappkinnitus Pakendisisu: 1 Osasid komplektis: 10 Funktsiooniatribuudid 1: \u00fcleni karastatud Funktsiooniatribuudid 2: raskesti ligip\u00e4\u00e4setavatele kruvidele Kaal g: 397 Pakendi k\u00f5rgus mm: 30 Pakendi laius mm: 116 Pakendi pikkus mm: 249","og_url":"https:\/\/ranoja.ee\/toode\/l-kuuskantvotmete-komplekt-pikk-palliga-15-10mm-10-osa-ks-tools\/","og_site_name":"Ranoja","article_publisher":"https:\/\/www.facebook.com\/ranoja.ee","article_modified_time":"2026-03-17T12:40:46+00:00","og_image":[{"width":768,"height":768,"url":"https:\/\/ranoja.ee\/wp-content\/uploads\/2026\/03\/260375316.jpg","type":"image\/jpeg"}],"twitter_card":"summary_large_image","schema":{"@context":"https:\/\/schema.org","@graph":[{"@type":"WebPage","@id":"https:\/\/ranoja.ee\/toode\/l-kuuskantvotmete-komplekt-pikk-palliga-15-10mm-10-osa-ks-tools\/","url":"https:\/\/ranoja.ee\/toode\/l-kuuskantvotmete-komplekt-pikk-palliga-15-10mm-10-osa-ks-tools\/","name":"L-Kuuskantv\u00f5tmete komplekt, pikk, palliga 1,5-10mm, 10 osa, KS Tools - Ranoja","isPartOf":{"@id":"https:\/\/ranoja.ee\/#website"},"primaryImageOfPage":{"@id":"https:\/\/ranoja.ee\/toode\/l-kuuskantvotmete-komplekt-pikk-palliga-15-10mm-10-osa-ks-tools\/#primaryimage"},"image":{"@id":"https:\/\/ranoja.ee\/toode\/l-kuuskantvotmete-komplekt-pikk-palliga-15-10mm-10-osa-ks-tools\/#primaryimage"},"thumbnailUrl":"https:\/\/ranoja.ee\/wp-content\/uploads\/2026\/03\/260375316.jpg","datePublished":"2026-03-16T23:07:44+00:00","dateModified":"2026-03-17T12:40:46+00:00","breadcrumb":{"@id":"https:\/\/ranoja.ee\/toode\/l-kuuskantvotmete-komplekt-pikk-palliga-15-10mm-10-osa-ks-tools\/#breadcrumb"},"inLanguage":"en-US","potentialAction":[{"@type":"ReadAction","target":["https:\/\/ranoja.ee\/toode\/l-kuuskantvotmete-komplekt-pikk-palliga-15-10mm-10-osa-ks-tools\/"]}]},{"@type":"ImageObject","inLanguage":"en-US","@id":"https:\/\/ranoja.ee\/toode\/l-kuuskantvotmete-komplekt-pikk-palliga-15-10mm-10-osa-ks-tools\/#primaryimage","url":"https:\/\/ranoja.ee\/wp-content\/uploads\/2026\/03\/260375316.jpg","contentUrl":"https:\/\/ranoja.ee\/wp-content\/uploads\/2026\/03\/260375316.jpg","width":768,"height":768},{"@type":"BreadcrumbList","@id":"https:\/\/ranoja.ee\/toode\/l-kuuskantvotmete-komplekt-pikk-palliga-15-10mm-10-osa-ks-tools\/#breadcrumb","itemListElement":[{"@type":"ListItem","position":1,"name":"Home","item":"https:\/\/ranoja.ee\/"},{"@type":"ListItem","position":2,"name":"Shop","item":"https:\/\/ranoja.ee\/en\/shop\/"},{"@type":"ListItem","position":3,"name":"L-Kuuskantv\u00f5tmete komplekt, pikk, palliga 1,5-10mm, 10 osa, KS Tools"}]},{"@type":"WebSite","@id":"https:\/\/ranoja.ee\/#website","url":"https:\/\/ranoja.ee\/","name":"Ranoja","description":"Equipment Shop WooCommerce WordPress Theme for Machine &amp; Tools","publisher":{"@id":"https:\/\/ranoja.ee\/#organization"},"potentialAction":[{"@type":"SearchAction","target":{"@type":"EntryPoint","urlTemplate":"https:\/\/ranoja.ee\/?s={search_term_string}"},"query-input":{"@type":"PropertyValueSpecification","valueRequired":true,"valueName":"search_term_string"}}],"inLanguage":"en-US"},{"@type":"Organization","@id":"https:\/\/ranoja.ee\/#organization","name":"Ranoja O\u00dc","url":"https:\/\/ranoja.ee\/","logo":{"@type":"ImageObject","inLanguage":"en-US","@id":"https:\/\/ranoja.ee\/#\/schema\/logo\/image\/","url":"https:\/\/ranoja.ee\/wp-content\/uploads\/2023\/11\/ranoja-Logo.png","contentUrl":"https:\/\/ranoja.ee\/wp-content\/uploads\/2023\/11\/ranoja-Logo.png","width":207,"height":58,"caption":"Ranoja O\u00dc"},"image":{"@id":"https:\/\/ranoja.ee\/#\/schema\/logo\/image\/"},"sameAs":["https:\/\/www.facebook.com\/ranoja.ee","https:\/\/www.instagram.com\/ranoja__\/"]}]}},"_links":{"self":[{"href":"https:\/\/ranoja.ee\/en\/wp-json\/wp\/v2\/product\/59238","targetHints":{"allow":["GET"]}}],"collection":[{"href":"https:\/\/ranoja.ee\/en\/wp-json\/wp\/v2\/product"}],"about":[{"href":"https:\/\/ranoja.ee\/en\/wp-json\/wp\/v2\/types\/product"}],"wp:featuredmedia":[{"embeddable":true,"href":"https:\/\/ranoja.ee\/en\/wp-json\/wp\/v2\/media\/59239"}],"wp:attachment":[{"href":"https:\/\/ranoja.ee\/en\/wp-json\/wp\/v2\/media?parent=59238"}],"wp:term":[{"taxonomy":"product_cat","embeddable":true,"href":"https:\/\/ranoja.ee\/en\/wp-json\/wp\/v2\/product_cat?post=59238"},{"taxonomy":"product_tag","embeddable":true,"href":"https:\/\/ranoja.ee\/en\/wp-json\/wp\/v2\/product_tag?post=59238"}],"curies":[{"name":"wp","href":"https:\/\/api.w.org\/{rel}","templated":true}]}}