{"id":59196,"date":"2026-03-17T02:07:20","date_gmt":"2026-03-16T23:07:20","guid":{"rendered":"https:\/\/ranoja.ee\/toode\/mootorioli-all-climate-20w50-5l-valvoline\/"},"modified":"2026-03-17T15:40:46","modified_gmt":"2026-03-17T12:40:46","slug":"mootorioli-all-climate-20w50-5l-valvoline","status":"publish","type":"product","link":"https:\/\/ranoja.ee\/en\/toode\/mootorioli-all-climate-20w50-5l-valvoline\/","title":{"rendered":"Mootori\u00f5li All Climate 20W50 5L, Valvoline"},"content":{"rendered":"","protected":false},"excerpt":{"rendered":"<p>Kvaliteetne tavap\u00e4rane mootori\u00f5li. Loodud aastaringseks toimimiseks. T\u00f5estatud ja usaldusv\u00e4\u00e4rne tehnoloogia laiale valikule diisel-, bensiini- ja LPG-mootoritele.<\/p>\n<p>Sobib kasutada s\u00f5iduautodes, kergveokites, v\u00e4ikestes paadimootorites ja mootorratastes ilma m\u00e4rgsidurita.<br \/>\nSobib ka t\u00f6\u00f6stusseadmetele, n\u00e4iteks teleskooplaaduritele v\u00f5i kahvelt\u00f5stukitele.<br \/>\nAitab oma k\u00f5rge viskoossuse t\u00f5ttu v\u00e4hendada \u00f5likulu vanemates mootorites. Hea valik ka \u00f5hkjahutusega mootoritele.<br \/>\nToimivustasemed:<br \/>\nAPI: SL\/CF<br \/>\nACEA: A3\/B4<br \/>\nVW 505.00 ; 501.01<br \/>\nMB 229.1<br \/>\nFiat 9.55535.D2 ja G2<\/p>\n","protected":false},"featured_media":59197,"template":"","meta":{"inline_featured_image":false},"product_cat":[5012,5239,5032],"product_tag":[],"class_list":{"0":"post-59196","1":"product","2":"type-product","3":"status-publish","4":"has-post-thumbnail","6":"product_brand-valvoline","7":"product_cat-olid-ja-maardeained","8":"product_cat-soiduautode-ja-tarbesoidukite-mineraalsed-mootoriolid","9":"product_cat-soiduautode-mootoriolid","11":"first","12":"outofstock","13":"purchasable","14":"product-type-simple"},"yoast_head":"<!-- This site is optimized with the Yoast SEO plugin v27.4 - https:\/\/yoast.com\/product\/yoast-seo-wordpress\/ -->\n<title>Mootori\u00f5li All Climate 20W50 5L, Valvoline - Ranoja<\/title>\n<meta name=\"robots\" content=\"index, follow, max-snippet:-1, max-image-preview:large, max-video-preview:-1\" \/>\n<link rel=\"canonical\" href=\"https:\/\/ranoja.ee\/toode\/mootorioli-all-climate-20w50-5l-valvoline\/\" \/>\n<meta property=\"og:locale\" content=\"en_US\" \/>\n<meta property=\"og:type\" content=\"article\" \/>\n<meta property=\"og:title\" content=\"Mootori\u00f5li All Climate 20W50 5L, Valvoline - Ranoja\" \/>\n<meta property=\"og:description\" content=\"Kvaliteetne tavap\u00e4rane mootori\u00f5li. Loodud aastaringseks toimimiseks. T\u00f5estatud ja usaldusv\u00e4\u00e4rne tehnoloogia laiale valikule diisel-, bensiini- ja LPG-mootoritele. Sobib kasutada s\u00f5iduautodes, kergveokites, v\u00e4ikestes paadimootorites ja mootorratastes ilma m\u00e4rgsidurita. Sobib ka t\u00f6\u00f6stusseadmetele, n\u00e4iteks teleskooplaaduritele v\u00f5i kahvelt\u00f5stukitele. Aitab oma k\u00f5rge viskoossuse t\u00f5ttu v\u00e4hendada \u00f5likulu vanemates mootorites. Hea valik ka \u00f5hkjahutusega mootoritele. Toimivustasemed: API: SL\/CF ACEA: A3\/B4 VW 505.00 ; 501.01 MB 229.1 Fiat 9.55535.D2 ja G2\" \/>\n<meta property=\"og:url\" content=\"https:\/\/ranoja.ee\/toode\/mootorioli-all-climate-20w50-5l-valvoline\/\" \/>\n<meta property=\"og:site_name\" content=\"Ranoja\" \/>\n<meta property=\"article:publisher\" content=\"https:\/\/www.facebook.com\/ranoja.ee\" \/>\n<meta property=\"article:modified_time\" content=\"2026-03-17T12:40:46+00:00\" \/>\n<meta property=\"og:image\" content=\"https:\/\/ranoja.ee\/wp-content\/uploads\/2026\/03\/130807896.jpg\" \/>\n\t<meta property=\"og:image:width\" content=\"443\" \/>\n\t<meta property=\"og:image:height\" content=\"768\" \/>\n\t<meta property=\"og:image:type\" content=\"image\/jpeg\" \/>\n<meta name=\"twitter:card\" content=\"summary_large_image\" \/>\n<script type=\"application\/ld+json\" class=\"yoast-schema-graph\">{\"@context\":\"https:\\\/\\\/schema.org\",\"@graph\":[{\"@type\":\"WebPage\",\"@id\":\"https:\\\/\\\/ranoja.ee\\\/toode\\\/mootorioli-all-climate-20w50-5l-valvoline\\\/\",\"url\":\"https:\\\/\\\/ranoja.ee\\\/toode\\\/mootorioli-all-climate-20w50-5l-valvoline\\\/\",\"name\":\"Mootori\u00f5li All Climate 20W50 5L, Valvoline - Ranoja\",\"isPartOf\":{\"@id\":\"https:\\\/\\\/ranoja.ee\\\/#website\"},\"primaryImageOfPage\":{\"@id\":\"https:\\\/\\\/ranoja.ee\\\/toode\\\/mootorioli-all-climate-20w50-5l-valvoline\\\/#primaryimage\"},\"image\":{\"@id\":\"https:\\\/\\\/ranoja.ee\\\/toode\\\/mootorioli-all-climate-20w50-5l-valvoline\\\/#primaryimage\"},\"thumbnailUrl\":\"https:\\\/\\\/ranoja.ee\\\/wp-content\\\/uploads\\\/2026\\\/03\\\/130807896.jpg\",\"datePublished\":\"2026-03-16T23:07:20+00:00\",\"dateModified\":\"2026-03-17T12:40:46+00:00\",\"breadcrumb\":{\"@id\":\"https:\\\/\\\/ranoja.ee\\\/toode\\\/mootorioli-all-climate-20w50-5l-valvoline\\\/#breadcrumb\"},\"inLanguage\":\"en-US\",\"potentialAction\":[{\"@type\":\"ReadAction\",\"target\":[\"https:\\\/\\\/ranoja.ee\\\/toode\\\/mootorioli-all-climate-20w50-5l-valvoline\\\/\"]}]},{\"@type\":\"ImageObject\",\"inLanguage\":\"en-US\",\"@id\":\"https:\\\/\\\/ranoja.ee\\\/toode\\\/mootorioli-all-climate-20w50-5l-valvoline\\\/#primaryimage\",\"url\":\"https:\\\/\\\/ranoja.ee\\\/wp-content\\\/uploads\\\/2026\\\/03\\\/130807896.jpg\",\"contentUrl\":\"https:\\\/\\\/ranoja.ee\\\/wp-content\\\/uploads\\\/2026\\\/03\\\/130807896.jpg\",\"width\":443,\"height\":768},{\"@type\":\"BreadcrumbList\",\"@id\":\"https:\\\/\\\/ranoja.ee\\\/toode\\\/mootorioli-all-climate-20w50-5l-valvoline\\\/#breadcrumb\",\"itemListElement\":[{\"@type\":\"ListItem\",\"position\":1,\"name\":\"Home\",\"item\":\"https:\\\/\\\/ranoja.ee\\\/\"},{\"@type\":\"ListItem\",\"position\":2,\"name\":\"Shop\",\"item\":\"https:\\\/\\\/ranoja.ee\\\/en\\\/shop\\\/\"},{\"@type\":\"ListItem\",\"position\":3,\"name\":\"Mootori\u00f5li All Climate 20W50 5L, Valvoline\"}]},{\"@type\":\"WebSite\",\"@id\":\"https:\\\/\\\/ranoja.ee\\\/#website\",\"url\":\"https:\\\/\\\/ranoja.ee\\\/\",\"name\":\"Ranoja\",\"description\":\"Equipment Shop WooCommerce WordPress Theme for Machine &amp; Tools\",\"publisher\":{\"@id\":\"https:\\\/\\\/ranoja.ee\\\/#organization\"},\"potentialAction\":[{\"@type\":\"SearchAction\",\"target\":{\"@type\":\"EntryPoint\",\"urlTemplate\":\"https:\\\/\\\/ranoja.ee\\\/?s={search_term_string}\"},\"query-input\":{\"@type\":\"PropertyValueSpecification\",\"valueRequired\":true,\"valueName\":\"search_term_string\"}}],\"inLanguage\":\"en-US\"},{\"@type\":\"Organization\",\"@id\":\"https:\\\/\\\/ranoja.ee\\\/#organization\",\"name\":\"Ranoja O\u00dc\",\"url\":\"https:\\\/\\\/ranoja.ee\\\/\",\"logo\":{\"@type\":\"ImageObject\",\"inLanguage\":\"en-US\",\"@id\":\"https:\\\/\\\/ranoja.ee\\\/#\\\/schema\\\/logo\\\/image\\\/\",\"url\":\"https:\\\/\\\/ranoja.ee\\\/wp-content\\\/uploads\\\/2023\\\/11\\\/ranoja-Logo.png\",\"contentUrl\":\"https:\\\/\\\/ranoja.ee\\\/wp-content\\\/uploads\\\/2023\\\/11\\\/ranoja-Logo.png\",\"width\":207,\"height\":58,\"caption\":\"Ranoja O\u00dc\"},\"image\":{\"@id\":\"https:\\\/\\\/ranoja.ee\\\/#\\\/schema\\\/logo\\\/image\\\/\"},\"sameAs\":[\"https:\\\/\\\/www.facebook.com\\\/ranoja.ee\",\"https:\\\/\\\/www.instagram.com\\\/ranoja__\\\/\"]}]}<\/script>\n<!-- \/ Yoast SEO plugin. -->","yoast_head_json":{"title":"Mootori\u00f5li All Climate 20W50 5L, Valvoline - Ranoja","robots":{"index":"index","follow":"follow","max-snippet":"max-snippet:-1","max-image-preview":"max-image-preview:large","max-video-preview":"max-video-preview:-1"},"canonical":"https:\/\/ranoja.ee\/toode\/mootorioli-all-climate-20w50-5l-valvoline\/","og_locale":"en_US","og_type":"article","og_title":"Mootori\u00f5li All Climate 20W50 5L, Valvoline - Ranoja","og_description":"Kvaliteetne tavap\u00e4rane mootori\u00f5li. Loodud aastaringseks toimimiseks. T\u00f5estatud ja usaldusv\u00e4\u00e4rne tehnoloogia laiale valikule diisel-, bensiini- ja LPG-mootoritele. Sobib kasutada s\u00f5iduautodes, kergveokites, v\u00e4ikestes paadimootorites ja mootorratastes ilma m\u00e4rgsidurita. Sobib ka t\u00f6\u00f6stusseadmetele, n\u00e4iteks teleskooplaaduritele v\u00f5i kahvelt\u00f5stukitele. Aitab oma k\u00f5rge viskoossuse t\u00f5ttu v\u00e4hendada \u00f5likulu vanemates mootorites. Hea valik ka \u00f5hkjahutusega mootoritele. Toimivustasemed: API: SL\/CF ACEA: A3\/B4 VW 505.00 ; 501.01 MB 229.1 Fiat 9.55535.D2 ja G2","og_url":"https:\/\/ranoja.ee\/toode\/mootorioli-all-climate-20w50-5l-valvoline\/","og_site_name":"Ranoja","article_publisher":"https:\/\/www.facebook.com\/ranoja.ee","article_modified_time":"2026-03-17T12:40:46+00:00","og_image":[{"width":443,"height":768,"url":"https:\/\/ranoja.ee\/wp-content\/uploads\/2026\/03\/130807896.jpg","type":"image\/jpeg"}],"twitter_card":"summary_large_image","schema":{"@context":"https:\/\/schema.org","@graph":[{"@type":"WebPage","@id":"https:\/\/ranoja.ee\/toode\/mootorioli-all-climate-20w50-5l-valvoline\/","url":"https:\/\/ranoja.ee\/toode\/mootorioli-all-climate-20w50-5l-valvoline\/","name":"Mootori\u00f5li All Climate 20W50 5L, Valvoline - Ranoja","isPartOf":{"@id":"https:\/\/ranoja.ee\/#website"},"primaryImageOfPage":{"@id":"https:\/\/ranoja.ee\/toode\/mootorioli-all-climate-20w50-5l-valvoline\/#primaryimage"},"image":{"@id":"https:\/\/ranoja.ee\/toode\/mootorioli-all-climate-20w50-5l-valvoline\/#primaryimage"},"thumbnailUrl":"https:\/\/ranoja.ee\/wp-content\/uploads\/2026\/03\/130807896.jpg","datePublished":"2026-03-16T23:07:20+00:00","dateModified":"2026-03-17T12:40:46+00:00","breadcrumb":{"@id":"https:\/\/ranoja.ee\/toode\/mootorioli-all-climate-20w50-5l-valvoline\/#breadcrumb"},"inLanguage":"en-US","potentialAction":[{"@type":"ReadAction","target":["https:\/\/ranoja.ee\/toode\/mootorioli-all-climate-20w50-5l-valvoline\/"]}]},{"@type":"ImageObject","inLanguage":"en-US","@id":"https:\/\/ranoja.ee\/toode\/mootorioli-all-climate-20w50-5l-valvoline\/#primaryimage","url":"https:\/\/ranoja.ee\/wp-content\/uploads\/2026\/03\/130807896.jpg","contentUrl":"https:\/\/ranoja.ee\/wp-content\/uploads\/2026\/03\/130807896.jpg","width":443,"height":768},{"@type":"BreadcrumbList","@id":"https:\/\/ranoja.ee\/toode\/mootorioli-all-climate-20w50-5l-valvoline\/#breadcrumb","itemListElement":[{"@type":"ListItem","position":1,"name":"Home","item":"https:\/\/ranoja.ee\/"},{"@type":"ListItem","position":2,"name":"Shop","item":"https:\/\/ranoja.ee\/en\/shop\/"},{"@type":"ListItem","position":3,"name":"Mootori\u00f5li All Climate 20W50 5L, Valvoline"}]},{"@type":"WebSite","@id":"https:\/\/ranoja.ee\/#website","url":"https:\/\/ranoja.ee\/","name":"Ranoja","description":"Equipment Shop WooCommerce WordPress Theme for Machine &amp; Tools","publisher":{"@id":"https:\/\/ranoja.ee\/#organization"},"potentialAction":[{"@type":"SearchAction","target":{"@type":"EntryPoint","urlTemplate":"https:\/\/ranoja.ee\/?s={search_term_string}"},"query-input":{"@type":"PropertyValueSpecification","valueRequired":true,"valueName":"search_term_string"}}],"inLanguage":"en-US"},{"@type":"Organization","@id":"https:\/\/ranoja.ee\/#organization","name":"Ranoja O\u00dc","url":"https:\/\/ranoja.ee\/","logo":{"@type":"ImageObject","inLanguage":"en-US","@id":"https:\/\/ranoja.ee\/#\/schema\/logo\/image\/","url":"https:\/\/ranoja.ee\/wp-content\/uploads\/2023\/11\/ranoja-Logo.png","contentUrl":"https:\/\/ranoja.ee\/wp-content\/uploads\/2023\/11\/ranoja-Logo.png","width":207,"height":58,"caption":"Ranoja O\u00dc"},"image":{"@id":"https:\/\/ranoja.ee\/#\/schema\/logo\/image\/"},"sameAs":["https:\/\/www.facebook.com\/ranoja.ee","https:\/\/www.instagram.com\/ranoja__\/"]}]}},"_links":{"self":[{"href":"https:\/\/ranoja.ee\/en\/wp-json\/wp\/v2\/product\/59196","targetHints":{"allow":["GET"]}}],"collection":[{"href":"https:\/\/ranoja.ee\/en\/wp-json\/wp\/v2\/product"}],"about":[{"href":"https:\/\/ranoja.ee\/en\/wp-json\/wp\/v2\/types\/product"}],"wp:featuredmedia":[{"embeddable":true,"href":"https:\/\/ranoja.ee\/en\/wp-json\/wp\/v2\/media\/59197"}],"wp:attachment":[{"href":"https:\/\/ranoja.ee\/en\/wp-json\/wp\/v2\/media?parent=59196"}],"wp:term":[{"taxonomy":"product_cat","embeddable":true,"href":"https:\/\/ranoja.ee\/en\/wp-json\/wp\/v2\/product_cat?post=59196"},{"taxonomy":"product_tag","embeddable":true,"href":"https:\/\/ranoja.ee\/en\/wp-json\/wp\/v2\/product_tag?post=59196"}],"curies":[{"name":"wp","href":"https:\/\/api.w.org\/{rel}","templated":true}]}}