{"id":59172,"date":"2026-03-17T02:07:20","date_gmt":"2026-03-16T23:07:20","guid":{"rendered":"https:\/\/ranoja.ee\/toode\/akukombivasar-bc-rhd230-x-karkass-scheppach\/"},"modified":"2026-03-17T15:42:05","modified_gmt":"2026-03-17T12:42:05","slug":"akukombivasar-bc-rhd230-x-karkass-scheppach","status":"publish","type":"product","link":"https:\/\/ranoja.ee\/en\/toode\/akukombivasar-bc-rhd230-x-karkass-scheppach\/","title":{"rendered":"Akukombivasar BC-RHD230-X, karkass, Scheppach"},"content":{"rendered":"","protected":false},"excerpt":{"rendered":"<p>Karkass ilma aku ja laadijata, pappkarbis<\/p>\n<p>Mootori t\u00fc\u00fcp: harjavaba<br \/>\nPuuri max. l\u00e4bim\u00f5\u00f5t:<br \/>\n&#8211; betoonis 24 mm<br \/>\n&#8211; terases 13 mm<br \/>\n&#8211; pehmes puidus: 27 mm<br \/>\nP\u00f6\u00f6rete arv t\u00fchik\u00e4igul: 0 &#8211; 1800 \/min<br \/>\nMaksimaalne l\u00f6\u00f6gikiirus: 5500 \/min<br \/>\nMaksimaalne \u00fche l\u00f6\u00f6gi energia: 2,2 J<\/p>\n<p>Uuenduslik suure energiat\u00f5hususega harjavaba mootor<br \/>\n\u2022 Kuni 200% suurem l\u00f6\u00f6gij\u00f5ud<br \/>\n\u2022 Kuni 100% pikem t\u00f6\u00f6aeg<br \/>\n\u2022 Kuni 30% kiirem t\u00f6\u00f6 edenemine<br \/>\n\u2022 Kuni 10 korda pikem mootori t\u00f6\u00f6iga<br \/>\nHarjavaba hooldusvaba mootoritehnoloogia<br \/>\nKeskne valikul\u00fcliti k\u00f5igi 4 funktsiooni jaoks:<br \/>\nPuurimine &#8211; ilma l\u00f6\u00f6gita<br \/>\nL\u00f6\u00f6kpuurimine &#8211; aktiveeritud l\u00f6\u00f6kmehhanismiga<br \/>\nMeiseldamine &#8211; aktiveeritud l\u00f6\u00f6kmehhanismi ja p\u00f6\u00f6rlemise seiskamisega<br \/>\nMeisli suuna reguleerimine (astmeteta)<br \/>\nSDS Plus padrun kiireks puurimiseks ja h\u00f5lpsaks otsiku vahetamiseks<br \/>\nIntegreeritud LED t\u00f6\u00f6valgusti<br \/>\nErgonoomiline, kompaktne ja kerge t\u00f6\u00f6riist pehme k\u00e4epidemega, mis tagab kasutusmugavuse<br \/>\nLisak\u00e4epide p\u00f6\u00f6ratav 360\u00b0<\/p>\n<p>Komplekti kuulub: 1x metallist s\u00fcgavuspiiraja, 1x lisak\u00e4epide<\/p>\n<p>Sobivad akud ja laadijad: <br \/>\n7909201719&#038;SCHEP Komplekt SBSK2.0 Starterkit 1: 2,0 Ah  aku + 2,4 A laadija<br \/>\n7909201720&#038;SCHEP Komplekt SBSK4.0 Starterkit 2: 4,0Ah aku + 2,4 A laadija<br \/>\n7909201708&#038;SCHEP Aku SBP2.0,  20 V \/ 2,0 Ah, Li-ioon<br \/>\n7909201709&#038;SCHEP Aku SBP4.0, 20 V \/ 4,0 Ah, Li-ioon<br \/>\n7909201711&#038;SCHEP Kiirlaadija SBC4.5A<\/p>\n<p>Scheppachi elektrilised k\u00e4sit\u00f6\u00f6riistad on m\u00f5eldud n\u00f5udlikule hobikasutajale<\/p>\n","protected":false},"featured_media":59173,"template":"","meta":{"inline_featured_image":false},"product_cat":[5357,1094,5127],"product_tag":[],"class_list":{"0":"post-59172","1":"product","2":"type-product","3":"status-publish","4":"has-post-thumbnail","6":"product_brand-scheppach","7":"product_cat-akupuurvasarad","8":"product_cat-akutooriistad","9":"product_cat-akutrellid-kruvikeerajad","11":"first","12":"instock","13":"purchasable","14":"product-type-simple"},"yoast_head":"<!-- This site is optimized with the Yoast SEO plugin v27.4 - https:\/\/yoast.com\/product\/yoast-seo-wordpress\/ -->\n<title>Akukombivasar BC-RHD230-X, karkass, Scheppach - Ranoja<\/title>\n<meta name=\"robots\" content=\"index, follow, max-snippet:-1, max-image-preview:large, max-video-preview:-1\" \/>\n<link rel=\"canonical\" href=\"https:\/\/ranoja.ee\/toode\/akukombivasar-bc-rhd230-x-karkass-scheppach\/\" \/>\n<meta property=\"og:locale\" content=\"en_US\" \/>\n<meta property=\"og:type\" content=\"article\" \/>\n<meta property=\"og:title\" content=\"Akukombivasar BC-RHD230-X, karkass, Scheppach - Ranoja\" \/>\n<meta property=\"og:description\" content=\"Karkass ilma aku ja laadijata, pappkarbis Mootori t\u00fc\u00fcp: harjavaba Puuri max. l\u00e4bim\u00f5\u00f5t: - betoonis 24 mm - terases 13 mm - pehmes puidus: 27 mm P\u00f6\u00f6rete arv t\u00fchik\u00e4igul: 0 - 1800 \/min Maksimaalne l\u00f6\u00f6gikiirus: 5500 \/min Maksimaalne \u00fche l\u00f6\u00f6gi energia: 2,2 J Uuenduslik suure energiat\u00f5hususega harjavaba mootor \u2022 Kuni 200% suurem l\u00f6\u00f6gij\u00f5ud \u2022 Kuni 100% pikem t\u00f6\u00f6aeg \u2022 Kuni 30% kiirem t\u00f6\u00f6 edenemine \u2022 Kuni 10 korda pikem mootori t\u00f6\u00f6iga Harjavaba hooldusvaba mootoritehnoloogia Keskne valikul\u00fcliti k\u00f5igi 4 funktsiooni jaoks: Puurimine - ilma l\u00f6\u00f6gita L\u00f6\u00f6kpuurimine - aktiveeritud l\u00f6\u00f6kmehhanismiga Meiseldamine - aktiveeritud l\u00f6\u00f6kmehhanismi ja p\u00f6\u00f6rlemise seiskamisega Meisli suuna reguleerimine (astmeteta) SDS Plus padrun kiireks puurimiseks ja h\u00f5lpsaks otsiku vahetamiseks Integreeritud LED t\u00f6\u00f6valgusti Ergonoomiline, kompaktne ja kerge t\u00f6\u00f6riist pehme k\u00e4epidemega, mis tagab kasutusmugavuse Lisak\u00e4epide p\u00f6\u00f6ratav 360\u00b0 Komplekti kuulub: 1x metallist s\u00fcgavuspiiraja, 1x lisak\u00e4epide Sobivad akud ja laadijad: 7909201719&amp;SCHEP Komplekt SBSK2.0 Starterkit 1: 2,0 Ah aku + 2,4 A laadija 7909201720&amp;SCHEP Komplekt SBSK4.0 Starterkit 2: 4,0Ah aku + 2,4 A laadija 7909201708&amp;SCHEP Aku SBP2.0, 20 V \/ 2,0 Ah, Li-ioon 7909201709&amp;SCHEP Aku SBP4.0, 20 V \/ 4,0 Ah, Li-ioon 7909201711&amp;SCHEP Kiirlaadija SBC4.5A Scheppachi elektrilised k\u00e4sit\u00f6\u00f6riistad on m\u00f5eldud n\u00f5udlikule hobikasutajale\" \/>\n<meta property=\"og:url\" content=\"https:\/\/ranoja.ee\/toode\/akukombivasar-bc-rhd230-x-karkass-scheppach\/\" \/>\n<meta property=\"og:site_name\" content=\"Ranoja\" \/>\n<meta property=\"article:publisher\" content=\"https:\/\/www.facebook.com\/ranoja.ee\" \/>\n<meta property=\"article:modified_time\" content=\"2026-03-17T12:42:05+00:00\" \/>\n<meta property=\"og:image\" content=\"https:\/\/ranoja.ee\/wp-content\/uploads\/2026\/03\/5638770615.jpg\" \/>\n\t<meta property=\"og:image:width\" content=\"900\" \/>\n\t<meta property=\"og:image:height\" content=\"900\" \/>\n\t<meta property=\"og:image:type\" content=\"image\/jpeg\" \/>\n<meta name=\"twitter:card\" content=\"summary_large_image\" \/>\n<script type=\"application\/ld+json\" class=\"yoast-schema-graph\">{\"@context\":\"https:\\\/\\\/schema.org\",\"@graph\":[{\"@type\":\"WebPage\",\"@id\":\"https:\\\/\\\/ranoja.ee\\\/toode\\\/akukombivasar-bc-rhd230-x-karkass-scheppach\\\/\",\"url\":\"https:\\\/\\\/ranoja.ee\\\/toode\\\/akukombivasar-bc-rhd230-x-karkass-scheppach\\\/\",\"name\":\"Akukombivasar BC-RHD230-X, karkass, Scheppach - Ranoja\",\"isPartOf\":{\"@id\":\"https:\\\/\\\/ranoja.ee\\\/#website\"},\"primaryImageOfPage\":{\"@id\":\"https:\\\/\\\/ranoja.ee\\\/toode\\\/akukombivasar-bc-rhd230-x-karkass-scheppach\\\/#primaryimage\"},\"image\":{\"@id\":\"https:\\\/\\\/ranoja.ee\\\/toode\\\/akukombivasar-bc-rhd230-x-karkass-scheppach\\\/#primaryimage\"},\"thumbnailUrl\":\"https:\\\/\\\/ranoja.ee\\\/wp-content\\\/uploads\\\/2026\\\/03\\\/5638770615.jpg\",\"datePublished\":\"2026-03-16T23:07:20+00:00\",\"dateModified\":\"2026-03-17T12:42:05+00:00\",\"breadcrumb\":{\"@id\":\"https:\\\/\\\/ranoja.ee\\\/toode\\\/akukombivasar-bc-rhd230-x-karkass-scheppach\\\/#breadcrumb\"},\"inLanguage\":\"en-US\",\"potentialAction\":[{\"@type\":\"ReadAction\",\"target\":[\"https:\\\/\\\/ranoja.ee\\\/toode\\\/akukombivasar-bc-rhd230-x-karkass-scheppach\\\/\"]}]},{\"@type\":\"ImageObject\",\"inLanguage\":\"en-US\",\"@id\":\"https:\\\/\\\/ranoja.ee\\\/toode\\\/akukombivasar-bc-rhd230-x-karkass-scheppach\\\/#primaryimage\",\"url\":\"https:\\\/\\\/ranoja.ee\\\/wp-content\\\/uploads\\\/2026\\\/03\\\/5638770615.jpg\",\"contentUrl\":\"https:\\\/\\\/ranoja.ee\\\/wp-content\\\/uploads\\\/2026\\\/03\\\/5638770615.jpg\",\"width\":900,\"height\":900},{\"@type\":\"BreadcrumbList\",\"@id\":\"https:\\\/\\\/ranoja.ee\\\/toode\\\/akukombivasar-bc-rhd230-x-karkass-scheppach\\\/#breadcrumb\",\"itemListElement\":[{\"@type\":\"ListItem\",\"position\":1,\"name\":\"Home\",\"item\":\"https:\\\/\\\/ranoja.ee\\\/\"},{\"@type\":\"ListItem\",\"position\":2,\"name\":\"Shop\",\"item\":\"https:\\\/\\\/ranoja.ee\\\/en\\\/shop\\\/\"},{\"@type\":\"ListItem\",\"position\":3,\"name\":\"Akukombivasar BC-RHD230-X, karkass, Scheppach\"}]},{\"@type\":\"WebSite\",\"@id\":\"https:\\\/\\\/ranoja.ee\\\/#website\",\"url\":\"https:\\\/\\\/ranoja.ee\\\/\",\"name\":\"Ranoja\",\"description\":\"Equipment Shop WooCommerce WordPress Theme for Machine &amp; Tools\",\"publisher\":{\"@id\":\"https:\\\/\\\/ranoja.ee\\\/#organization\"},\"potentialAction\":[{\"@type\":\"SearchAction\",\"target\":{\"@type\":\"EntryPoint\",\"urlTemplate\":\"https:\\\/\\\/ranoja.ee\\\/?s={search_term_string}\"},\"query-input\":{\"@type\":\"PropertyValueSpecification\",\"valueRequired\":true,\"valueName\":\"search_term_string\"}}],\"inLanguage\":\"en-US\"},{\"@type\":\"Organization\",\"@id\":\"https:\\\/\\\/ranoja.ee\\\/#organization\",\"name\":\"Ranoja O\u00dc\",\"url\":\"https:\\\/\\\/ranoja.ee\\\/\",\"logo\":{\"@type\":\"ImageObject\",\"inLanguage\":\"en-US\",\"@id\":\"https:\\\/\\\/ranoja.ee\\\/#\\\/schema\\\/logo\\\/image\\\/\",\"url\":\"https:\\\/\\\/ranoja.ee\\\/wp-content\\\/uploads\\\/2023\\\/11\\\/ranoja-Logo.png\",\"contentUrl\":\"https:\\\/\\\/ranoja.ee\\\/wp-content\\\/uploads\\\/2023\\\/11\\\/ranoja-Logo.png\",\"width\":207,\"height\":58,\"caption\":\"Ranoja O\u00dc\"},\"image\":{\"@id\":\"https:\\\/\\\/ranoja.ee\\\/#\\\/schema\\\/logo\\\/image\\\/\"},\"sameAs\":[\"https:\\\/\\\/www.facebook.com\\\/ranoja.ee\",\"https:\\\/\\\/www.instagram.com\\\/ranoja__\\\/\"]}]}<\/script>\n<!-- \/ Yoast SEO plugin. -->","yoast_head_json":{"title":"Akukombivasar BC-RHD230-X, karkass, Scheppach - Ranoja","robots":{"index":"index","follow":"follow","max-snippet":"max-snippet:-1","max-image-preview":"max-image-preview:large","max-video-preview":"max-video-preview:-1"},"canonical":"https:\/\/ranoja.ee\/toode\/akukombivasar-bc-rhd230-x-karkass-scheppach\/","og_locale":"en_US","og_type":"article","og_title":"Akukombivasar BC-RHD230-X, karkass, Scheppach - Ranoja","og_description":"Karkass ilma aku ja laadijata, pappkarbis Mootori t\u00fc\u00fcp: harjavaba Puuri max. l\u00e4bim\u00f5\u00f5t: - betoonis 24 mm - terases 13 mm - pehmes puidus: 27 mm P\u00f6\u00f6rete arv t\u00fchik\u00e4igul: 0 - 1800 \/min Maksimaalne l\u00f6\u00f6gikiirus: 5500 \/min Maksimaalne \u00fche l\u00f6\u00f6gi energia: 2,2 J Uuenduslik suure energiat\u00f5hususega harjavaba mootor \u2022 Kuni 200% suurem l\u00f6\u00f6gij\u00f5ud \u2022 Kuni 100% pikem t\u00f6\u00f6aeg \u2022 Kuni 30% kiirem t\u00f6\u00f6 edenemine \u2022 Kuni 10 korda pikem mootori t\u00f6\u00f6iga Harjavaba hooldusvaba mootoritehnoloogia Keskne valikul\u00fcliti k\u00f5igi 4 funktsiooni jaoks: Puurimine - ilma l\u00f6\u00f6gita L\u00f6\u00f6kpuurimine - aktiveeritud l\u00f6\u00f6kmehhanismiga Meiseldamine - aktiveeritud l\u00f6\u00f6kmehhanismi ja p\u00f6\u00f6rlemise seiskamisega Meisli suuna reguleerimine (astmeteta) SDS Plus padrun kiireks puurimiseks ja h\u00f5lpsaks otsiku vahetamiseks Integreeritud LED t\u00f6\u00f6valgusti Ergonoomiline, kompaktne ja kerge t\u00f6\u00f6riist pehme k\u00e4epidemega, mis tagab kasutusmugavuse Lisak\u00e4epide p\u00f6\u00f6ratav 360\u00b0 Komplekti kuulub: 1x metallist s\u00fcgavuspiiraja, 1x lisak\u00e4epide Sobivad akud ja laadijad: 7909201719&SCHEP Komplekt SBSK2.0 Starterkit 1: 2,0 Ah aku + 2,4 A laadija 7909201720&SCHEP Komplekt SBSK4.0 Starterkit 2: 4,0Ah aku + 2,4 A laadija 7909201708&SCHEP Aku SBP2.0, 20 V \/ 2,0 Ah, Li-ioon 7909201709&SCHEP Aku SBP4.0, 20 V \/ 4,0 Ah, Li-ioon 7909201711&SCHEP Kiirlaadija SBC4.5A Scheppachi elektrilised k\u00e4sit\u00f6\u00f6riistad on m\u00f5eldud n\u00f5udlikule hobikasutajale","og_url":"https:\/\/ranoja.ee\/toode\/akukombivasar-bc-rhd230-x-karkass-scheppach\/","og_site_name":"Ranoja","article_publisher":"https:\/\/www.facebook.com\/ranoja.ee","article_modified_time":"2026-03-17T12:42:05+00:00","og_image":[{"width":900,"height":900,"url":"https:\/\/ranoja.ee\/wp-content\/uploads\/2026\/03\/5638770615.jpg","type":"image\/jpeg"}],"twitter_card":"summary_large_image","schema":{"@context":"https:\/\/schema.org","@graph":[{"@type":"WebPage","@id":"https:\/\/ranoja.ee\/toode\/akukombivasar-bc-rhd230-x-karkass-scheppach\/","url":"https:\/\/ranoja.ee\/toode\/akukombivasar-bc-rhd230-x-karkass-scheppach\/","name":"Akukombivasar BC-RHD230-X, karkass, Scheppach - Ranoja","isPartOf":{"@id":"https:\/\/ranoja.ee\/#website"},"primaryImageOfPage":{"@id":"https:\/\/ranoja.ee\/toode\/akukombivasar-bc-rhd230-x-karkass-scheppach\/#primaryimage"},"image":{"@id":"https:\/\/ranoja.ee\/toode\/akukombivasar-bc-rhd230-x-karkass-scheppach\/#primaryimage"},"thumbnailUrl":"https:\/\/ranoja.ee\/wp-content\/uploads\/2026\/03\/5638770615.jpg","datePublished":"2026-03-16T23:07:20+00:00","dateModified":"2026-03-17T12:42:05+00:00","breadcrumb":{"@id":"https:\/\/ranoja.ee\/toode\/akukombivasar-bc-rhd230-x-karkass-scheppach\/#breadcrumb"},"inLanguage":"en-US","potentialAction":[{"@type":"ReadAction","target":["https:\/\/ranoja.ee\/toode\/akukombivasar-bc-rhd230-x-karkass-scheppach\/"]}]},{"@type":"ImageObject","inLanguage":"en-US","@id":"https:\/\/ranoja.ee\/toode\/akukombivasar-bc-rhd230-x-karkass-scheppach\/#primaryimage","url":"https:\/\/ranoja.ee\/wp-content\/uploads\/2026\/03\/5638770615.jpg","contentUrl":"https:\/\/ranoja.ee\/wp-content\/uploads\/2026\/03\/5638770615.jpg","width":900,"height":900},{"@type":"BreadcrumbList","@id":"https:\/\/ranoja.ee\/toode\/akukombivasar-bc-rhd230-x-karkass-scheppach\/#breadcrumb","itemListElement":[{"@type":"ListItem","position":1,"name":"Home","item":"https:\/\/ranoja.ee\/"},{"@type":"ListItem","position":2,"name":"Shop","item":"https:\/\/ranoja.ee\/en\/shop\/"},{"@type":"ListItem","position":3,"name":"Akukombivasar BC-RHD230-X, karkass, Scheppach"}]},{"@type":"WebSite","@id":"https:\/\/ranoja.ee\/#website","url":"https:\/\/ranoja.ee\/","name":"Ranoja","description":"Equipment Shop WooCommerce WordPress Theme for Machine &amp; Tools","publisher":{"@id":"https:\/\/ranoja.ee\/#organization"},"potentialAction":[{"@type":"SearchAction","target":{"@type":"EntryPoint","urlTemplate":"https:\/\/ranoja.ee\/?s={search_term_string}"},"query-input":{"@type":"PropertyValueSpecification","valueRequired":true,"valueName":"search_term_string"}}],"inLanguage":"en-US"},{"@type":"Organization","@id":"https:\/\/ranoja.ee\/#organization","name":"Ranoja O\u00dc","url":"https:\/\/ranoja.ee\/","logo":{"@type":"ImageObject","inLanguage":"en-US","@id":"https:\/\/ranoja.ee\/#\/schema\/logo\/image\/","url":"https:\/\/ranoja.ee\/wp-content\/uploads\/2023\/11\/ranoja-Logo.png","contentUrl":"https:\/\/ranoja.ee\/wp-content\/uploads\/2023\/11\/ranoja-Logo.png","width":207,"height":58,"caption":"Ranoja O\u00dc"},"image":{"@id":"https:\/\/ranoja.ee\/#\/schema\/logo\/image\/"},"sameAs":["https:\/\/www.facebook.com\/ranoja.ee","https:\/\/www.instagram.com\/ranoja__\/"]}]}},"_links":{"self":[{"href":"https:\/\/ranoja.ee\/en\/wp-json\/wp\/v2\/product\/59172","targetHints":{"allow":["GET"]}}],"collection":[{"href":"https:\/\/ranoja.ee\/en\/wp-json\/wp\/v2\/product"}],"about":[{"href":"https:\/\/ranoja.ee\/en\/wp-json\/wp\/v2\/types\/product"}],"wp:featuredmedia":[{"embeddable":true,"href":"https:\/\/ranoja.ee\/en\/wp-json\/wp\/v2\/media\/59173"}],"wp:attachment":[{"href":"https:\/\/ranoja.ee\/en\/wp-json\/wp\/v2\/media?parent=59172"}],"wp:term":[{"taxonomy":"product_cat","embeddable":true,"href":"https:\/\/ranoja.ee\/en\/wp-json\/wp\/v2\/product_cat?post=59172"},{"taxonomy":"product_tag","embeddable":true,"href":"https:\/\/ranoja.ee\/en\/wp-json\/wp\/v2\/product_tag?post=59172"}],"curies":[{"name":"wp","href":"https:\/\/api.w.org\/{rel}","templated":true}]}}