{"id":59168,"date":"2026-03-17T02:07:20","date_gmt":"2026-03-16T23:07:20","guid":{"rendered":"https:\/\/ranoja.ee\/toode\/varvieemaldi-lfr720-scheppach\/"},"modified":"2026-03-17T15:42:05","modified_gmt":"2026-03-17T12:42:05","slug":"varvieemaldi-lfr720-scheppach","status":"publish","type":"product","link":"https:\/\/ranoja.ee\/en\/toode\/varvieemaldi-lfr720-scheppach\/","title":{"rendered":"V\u00e4rvieemaldi LFR720, Scheppach"},"content":{"rendered":"","protected":false},"excerpt":{"rendered":"<p>Scheppach LFR720 on v\u00f5imas 720 W v\u00e4rvieemaldi, mis eemaldab kiirelt ja keskkonnas\u00f5bralikult v\u00e4rvi ja lakki tasastelt puidupindadelt, nagu uksed, trepid, aknad ja m\u00f6\u00f6bel. L\u00f5ikes\u00fcgavust saab reguleerida vahemikus 0\u20130,3 mm. Tugevad p\u00f6\u00f6ratavad k\u00f5vasulamist terad ja pehme k\u00e4epidemega ergonoomiline disain tagavad mugava kasutamise. Integreeritud tolmueemaldus\u00fchendus v\u00f5imaldab t\u00f6\u00f6d teha puhtalt ja v\u00e4hese tolmuga, muutes t\u00f6\u00f6 renoveerimisel kiireks ja t\u00f5husaks.<\/p>\n<p>Tehnilised andmed:<br \/>\nM\u00f5\u00f5tmed (P x L x K): 330 x 130 x 88 mm<br \/>\nEemalduslaius: 80 mm<br \/>\nKiirus: 10 000 p\/min<br \/>\nSivuk\u00f5rgus: 27 mm<br \/>\nMootor: 230 V~ \/ 50 Hz<br \/>\nV\u00f5imsus: 720 W<\/p>\n","protected":false},"featured_media":59169,"template":"","meta":{"inline_featured_image":false},"product_cat":[5111,5356,5222],"product_tag":[],"class_list":{"0":"post-59168","1":"product","2":"type-product","3":"status-publish","4":"has-post-thumbnail","6":"product_brand-scheppach","7":"product_cat-elektrilised-kasitooriistad","8":"product_cat-hoovlid-ja-varvieemaldajad","9":"product_cat-saed-ja-hoovlid","11":"first","12":"instock","13":"purchasable","14":"product-type-simple"},"yoast_head":"<!-- This site is optimized with the Yoast SEO plugin v27.4 - https:\/\/yoast.com\/product\/yoast-seo-wordpress\/ -->\n<title>V\u00e4rvieemaldi LFR720, Scheppach - Ranoja<\/title>\n<meta name=\"robots\" content=\"index, follow, max-snippet:-1, max-image-preview:large, max-video-preview:-1\" \/>\n<link rel=\"canonical\" href=\"https:\/\/ranoja.ee\/toode\/varvieemaldi-lfr720-scheppach\/\" \/>\n<meta property=\"og:locale\" content=\"en_US\" \/>\n<meta property=\"og:type\" content=\"article\" \/>\n<meta property=\"og:title\" content=\"V\u00e4rvieemaldi LFR720, Scheppach - Ranoja\" \/>\n<meta property=\"og:description\" content=\"Scheppach LFR720 on v\u00f5imas 720 W v\u00e4rvieemaldi, mis eemaldab kiirelt ja keskkonnas\u00f5bralikult v\u00e4rvi ja lakki tasastelt puidupindadelt, nagu uksed, trepid, aknad ja m\u00f6\u00f6bel. L\u00f5ikes\u00fcgavust saab reguleerida vahemikus 0\u20130,3 mm. Tugevad p\u00f6\u00f6ratavad k\u00f5vasulamist terad ja pehme k\u00e4epidemega ergonoomiline disain tagavad mugava kasutamise. Integreeritud tolmueemaldus\u00fchendus v\u00f5imaldab t\u00f6\u00f6d teha puhtalt ja v\u00e4hese tolmuga, muutes t\u00f6\u00f6 renoveerimisel kiireks ja t\u00f5husaks. Tehnilised andmed: M\u00f5\u00f5tmed (P x L x K): 330 x 130 x 88 mm Eemalduslaius: 80 mm Kiirus: 10 000 p\/min Sivuk\u00f5rgus: 27 mm Mootor: 230 V~ \/ 50 Hz V\u00f5imsus: 720 W\" \/>\n<meta property=\"og:url\" content=\"https:\/\/ranoja.ee\/toode\/varvieemaldi-lfr720-scheppach\/\" \/>\n<meta property=\"og:site_name\" content=\"Ranoja\" \/>\n<meta property=\"article:publisher\" content=\"https:\/\/www.facebook.com\/ranoja.ee\" \/>\n<meta property=\"article:modified_time\" content=\"2026-03-17T12:42:05+00:00\" \/>\n<meta property=\"og:image\" content=\"https:\/\/ranoja.ee\/wp-content\/uploads\/2026\/03\/5638548443.jpg\" \/>\n\t<meta property=\"og:image:width\" content=\"900\" \/>\n\t<meta property=\"og:image:height\" content=\"900\" \/>\n\t<meta property=\"og:image:type\" content=\"image\/jpeg\" \/>\n<meta name=\"twitter:card\" content=\"summary_large_image\" \/>\n<script type=\"application\/ld+json\" class=\"yoast-schema-graph\">{\"@context\":\"https:\\\/\\\/schema.org\",\"@graph\":[{\"@type\":\"WebPage\",\"@id\":\"https:\\\/\\\/ranoja.ee\\\/toode\\\/varvieemaldi-lfr720-scheppach\\\/\",\"url\":\"https:\\\/\\\/ranoja.ee\\\/toode\\\/varvieemaldi-lfr720-scheppach\\\/\",\"name\":\"V\u00e4rvieemaldi LFR720, Scheppach - Ranoja\",\"isPartOf\":{\"@id\":\"https:\\\/\\\/ranoja.ee\\\/#website\"},\"primaryImageOfPage\":{\"@id\":\"https:\\\/\\\/ranoja.ee\\\/toode\\\/varvieemaldi-lfr720-scheppach\\\/#primaryimage\"},\"image\":{\"@id\":\"https:\\\/\\\/ranoja.ee\\\/toode\\\/varvieemaldi-lfr720-scheppach\\\/#primaryimage\"},\"thumbnailUrl\":\"https:\\\/\\\/ranoja.ee\\\/wp-content\\\/uploads\\\/2026\\\/03\\\/5638548443.jpg\",\"datePublished\":\"2026-03-16T23:07:20+00:00\",\"dateModified\":\"2026-03-17T12:42:05+00:00\",\"breadcrumb\":{\"@id\":\"https:\\\/\\\/ranoja.ee\\\/toode\\\/varvieemaldi-lfr720-scheppach\\\/#breadcrumb\"},\"inLanguage\":\"en-US\",\"potentialAction\":[{\"@type\":\"ReadAction\",\"target\":[\"https:\\\/\\\/ranoja.ee\\\/toode\\\/varvieemaldi-lfr720-scheppach\\\/\"]}]},{\"@type\":\"ImageObject\",\"inLanguage\":\"en-US\",\"@id\":\"https:\\\/\\\/ranoja.ee\\\/toode\\\/varvieemaldi-lfr720-scheppach\\\/#primaryimage\",\"url\":\"https:\\\/\\\/ranoja.ee\\\/wp-content\\\/uploads\\\/2026\\\/03\\\/5638548443.jpg\",\"contentUrl\":\"https:\\\/\\\/ranoja.ee\\\/wp-content\\\/uploads\\\/2026\\\/03\\\/5638548443.jpg\",\"width\":900,\"height\":900},{\"@type\":\"BreadcrumbList\",\"@id\":\"https:\\\/\\\/ranoja.ee\\\/toode\\\/varvieemaldi-lfr720-scheppach\\\/#breadcrumb\",\"itemListElement\":[{\"@type\":\"ListItem\",\"position\":1,\"name\":\"Home\",\"item\":\"https:\\\/\\\/ranoja.ee\\\/\"},{\"@type\":\"ListItem\",\"position\":2,\"name\":\"Shop\",\"item\":\"https:\\\/\\\/ranoja.ee\\\/en\\\/shop\\\/\"},{\"@type\":\"ListItem\",\"position\":3,\"name\":\"V\u00e4rvieemaldi LFR720, Scheppach\"}]},{\"@type\":\"WebSite\",\"@id\":\"https:\\\/\\\/ranoja.ee\\\/#website\",\"url\":\"https:\\\/\\\/ranoja.ee\\\/\",\"name\":\"Ranoja\",\"description\":\"Equipment Shop WooCommerce WordPress Theme for Machine &amp; Tools\",\"publisher\":{\"@id\":\"https:\\\/\\\/ranoja.ee\\\/#organization\"},\"potentialAction\":[{\"@type\":\"SearchAction\",\"target\":{\"@type\":\"EntryPoint\",\"urlTemplate\":\"https:\\\/\\\/ranoja.ee\\\/?s={search_term_string}\"},\"query-input\":{\"@type\":\"PropertyValueSpecification\",\"valueRequired\":true,\"valueName\":\"search_term_string\"}}],\"inLanguage\":\"en-US\"},{\"@type\":\"Organization\",\"@id\":\"https:\\\/\\\/ranoja.ee\\\/#organization\",\"name\":\"Ranoja O\u00dc\",\"url\":\"https:\\\/\\\/ranoja.ee\\\/\",\"logo\":{\"@type\":\"ImageObject\",\"inLanguage\":\"en-US\",\"@id\":\"https:\\\/\\\/ranoja.ee\\\/#\\\/schema\\\/logo\\\/image\\\/\",\"url\":\"https:\\\/\\\/ranoja.ee\\\/wp-content\\\/uploads\\\/2023\\\/11\\\/ranoja-Logo.png\",\"contentUrl\":\"https:\\\/\\\/ranoja.ee\\\/wp-content\\\/uploads\\\/2023\\\/11\\\/ranoja-Logo.png\",\"width\":207,\"height\":58,\"caption\":\"Ranoja O\u00dc\"},\"image\":{\"@id\":\"https:\\\/\\\/ranoja.ee\\\/#\\\/schema\\\/logo\\\/image\\\/\"},\"sameAs\":[\"https:\\\/\\\/www.facebook.com\\\/ranoja.ee\",\"https:\\\/\\\/www.instagram.com\\\/ranoja__\\\/\"]}]}<\/script>\n<!-- \/ Yoast SEO plugin. -->","yoast_head_json":{"title":"V\u00e4rvieemaldi LFR720, Scheppach - Ranoja","robots":{"index":"index","follow":"follow","max-snippet":"max-snippet:-1","max-image-preview":"max-image-preview:large","max-video-preview":"max-video-preview:-1"},"canonical":"https:\/\/ranoja.ee\/toode\/varvieemaldi-lfr720-scheppach\/","og_locale":"en_US","og_type":"article","og_title":"V\u00e4rvieemaldi LFR720, Scheppach - Ranoja","og_description":"Scheppach LFR720 on v\u00f5imas 720 W v\u00e4rvieemaldi, mis eemaldab kiirelt ja keskkonnas\u00f5bralikult v\u00e4rvi ja lakki tasastelt puidupindadelt, nagu uksed, trepid, aknad ja m\u00f6\u00f6bel. L\u00f5ikes\u00fcgavust saab reguleerida vahemikus 0\u20130,3 mm. Tugevad p\u00f6\u00f6ratavad k\u00f5vasulamist terad ja pehme k\u00e4epidemega ergonoomiline disain tagavad mugava kasutamise. Integreeritud tolmueemaldus\u00fchendus v\u00f5imaldab t\u00f6\u00f6d teha puhtalt ja v\u00e4hese tolmuga, muutes t\u00f6\u00f6 renoveerimisel kiireks ja t\u00f5husaks. Tehnilised andmed: M\u00f5\u00f5tmed (P x L x K): 330 x 130 x 88 mm Eemalduslaius: 80 mm Kiirus: 10 000 p\/min Sivuk\u00f5rgus: 27 mm Mootor: 230 V~ \/ 50 Hz V\u00f5imsus: 720 W","og_url":"https:\/\/ranoja.ee\/toode\/varvieemaldi-lfr720-scheppach\/","og_site_name":"Ranoja","article_publisher":"https:\/\/www.facebook.com\/ranoja.ee","article_modified_time":"2026-03-17T12:42:05+00:00","og_image":[{"width":900,"height":900,"url":"https:\/\/ranoja.ee\/wp-content\/uploads\/2026\/03\/5638548443.jpg","type":"image\/jpeg"}],"twitter_card":"summary_large_image","schema":{"@context":"https:\/\/schema.org","@graph":[{"@type":"WebPage","@id":"https:\/\/ranoja.ee\/toode\/varvieemaldi-lfr720-scheppach\/","url":"https:\/\/ranoja.ee\/toode\/varvieemaldi-lfr720-scheppach\/","name":"V\u00e4rvieemaldi LFR720, Scheppach - Ranoja","isPartOf":{"@id":"https:\/\/ranoja.ee\/#website"},"primaryImageOfPage":{"@id":"https:\/\/ranoja.ee\/toode\/varvieemaldi-lfr720-scheppach\/#primaryimage"},"image":{"@id":"https:\/\/ranoja.ee\/toode\/varvieemaldi-lfr720-scheppach\/#primaryimage"},"thumbnailUrl":"https:\/\/ranoja.ee\/wp-content\/uploads\/2026\/03\/5638548443.jpg","datePublished":"2026-03-16T23:07:20+00:00","dateModified":"2026-03-17T12:42:05+00:00","breadcrumb":{"@id":"https:\/\/ranoja.ee\/toode\/varvieemaldi-lfr720-scheppach\/#breadcrumb"},"inLanguage":"en-US","potentialAction":[{"@type":"ReadAction","target":["https:\/\/ranoja.ee\/toode\/varvieemaldi-lfr720-scheppach\/"]}]},{"@type":"ImageObject","inLanguage":"en-US","@id":"https:\/\/ranoja.ee\/toode\/varvieemaldi-lfr720-scheppach\/#primaryimage","url":"https:\/\/ranoja.ee\/wp-content\/uploads\/2026\/03\/5638548443.jpg","contentUrl":"https:\/\/ranoja.ee\/wp-content\/uploads\/2026\/03\/5638548443.jpg","width":900,"height":900},{"@type":"BreadcrumbList","@id":"https:\/\/ranoja.ee\/toode\/varvieemaldi-lfr720-scheppach\/#breadcrumb","itemListElement":[{"@type":"ListItem","position":1,"name":"Home","item":"https:\/\/ranoja.ee\/"},{"@type":"ListItem","position":2,"name":"Shop","item":"https:\/\/ranoja.ee\/en\/shop\/"},{"@type":"ListItem","position":3,"name":"V\u00e4rvieemaldi LFR720, Scheppach"}]},{"@type":"WebSite","@id":"https:\/\/ranoja.ee\/#website","url":"https:\/\/ranoja.ee\/","name":"Ranoja","description":"Equipment Shop WooCommerce WordPress Theme for Machine &amp; Tools","publisher":{"@id":"https:\/\/ranoja.ee\/#organization"},"potentialAction":[{"@type":"SearchAction","target":{"@type":"EntryPoint","urlTemplate":"https:\/\/ranoja.ee\/?s={search_term_string}"},"query-input":{"@type":"PropertyValueSpecification","valueRequired":true,"valueName":"search_term_string"}}],"inLanguage":"en-US"},{"@type":"Organization","@id":"https:\/\/ranoja.ee\/#organization","name":"Ranoja O\u00dc","url":"https:\/\/ranoja.ee\/","logo":{"@type":"ImageObject","inLanguage":"en-US","@id":"https:\/\/ranoja.ee\/#\/schema\/logo\/image\/","url":"https:\/\/ranoja.ee\/wp-content\/uploads\/2023\/11\/ranoja-Logo.png","contentUrl":"https:\/\/ranoja.ee\/wp-content\/uploads\/2023\/11\/ranoja-Logo.png","width":207,"height":58,"caption":"Ranoja O\u00dc"},"image":{"@id":"https:\/\/ranoja.ee\/#\/schema\/logo\/image\/"},"sameAs":["https:\/\/www.facebook.com\/ranoja.ee","https:\/\/www.instagram.com\/ranoja__\/"]}]}},"_links":{"self":[{"href":"https:\/\/ranoja.ee\/en\/wp-json\/wp\/v2\/product\/59168","targetHints":{"allow":["GET"]}}],"collection":[{"href":"https:\/\/ranoja.ee\/en\/wp-json\/wp\/v2\/product"}],"about":[{"href":"https:\/\/ranoja.ee\/en\/wp-json\/wp\/v2\/types\/product"}],"wp:featuredmedia":[{"embeddable":true,"href":"https:\/\/ranoja.ee\/en\/wp-json\/wp\/v2\/media\/59169"}],"wp:attachment":[{"href":"https:\/\/ranoja.ee\/en\/wp-json\/wp\/v2\/media?parent=59168"}],"wp:term":[{"taxonomy":"product_cat","embeddable":true,"href":"https:\/\/ranoja.ee\/en\/wp-json\/wp\/v2\/product_cat?post=59168"},{"taxonomy":"product_tag","embeddable":true,"href":"https:\/\/ranoja.ee\/en\/wp-json\/wp\/v2\/product_tag?post=59168"}],"curies":[{"name":"wp","href":"https:\/\/api.w.org\/{rel}","templated":true}]}}