{"id":59155,"date":"2026-03-17T02:06:56","date_gmt":"2026-03-16T23:06:56","guid":{"rendered":"https:\/\/ranoja.ee\/toode\/invertergeneraator-sg3500i-scheppach\/"},"modified":"2026-03-17T15:42:05","modified_gmt":"2026-03-17T12:42:05","slug":"invertergeneraator-sg3500i-scheppach","status":"publish","type":"product","link":"https:\/\/ranoja.ee\/en\/toode\/invertergeneraator-sg3500i-scheppach\/","title":{"rendered":"Invertergeneraator SG3500i, Scheppach"},"content":{"rendered":"","protected":false},"excerpt":{"rendered":"<p>Scheppach SG 3500i kujutab endast v\u00e4ga usaldusv\u00e4\u00e4rset kaasaskantavat elektritoiteallikat asjaarmastajatele ja kommertskasutajatele! Invertergeneraator sobib ka tundlike elektroonikaseadmete kasutamiseks. Ideaalne t\u00f6\u00f6riist kodukasutajatele. K\u00e4epide muudavab masina kergesti transporditavaks. Kaal vaid 25 kg.<\/p>\n<p>K\u00e4epide<\/p>\n<p>Tehniline info (Mootor)<br \/>\nMootori t\u00fc\u00fcp \u00dchesilindriline, 4-taktiline bensiinimootor                 <br \/>\nMax. v\u00e4ljundv\u00f5imsus (hj): 5,1<br \/>\nMootorimaht: 140 cm\u00b3<br \/>\nStarter: K\u00e4sistarter<br \/>\nK\u00fctusepaagi maht: 6,3 l<br \/>\nK\u00fctusekulu t\u00e4iskoormusel t\u00f6\u00f6tades: 1,8 l\/h<br \/>\nT\u00f6\u00f6aeg @ 50% koormusega: u 6 h<\/p>\n<p>Tehniline info (Generaator)<br \/>\nPingekontroll: Inverter<br \/>\nMax. v\u00e4ljund- \/ nimiv\u00f5imsus: 3500 W \/ 3000 W <br \/>\nEl. pesa: 2 x 230 V<br \/>\nAC sagedus: 50 Hz<br \/>\n\u00dclekoormuskaitse: Jah              <br \/>\n\u00d5lipuuduse kaitseseade: Jah          <br \/>\nM\u00fcratase: 60dB (m\u00f5\u00f5detud 7m kauguselt)<br \/>\nM\u00f5\u00f5dud: L x W x H: 542 x 325 x 490 mm<\/p>\n","protected":false},"featured_media":59156,"template":"","meta":{"inline_featured_image":false},"product_cat":[5351,5352],"product_tag":[],"class_list":{"0":"post-59155","1":"product","2":"type-product","3":"status-publish","4":"has-post-thumbnail","6":"product_brand-scheppach","7":"product_cat-generaatorid","8":"product_cat-kerged-uhefaasilised-generaatorid","10":"first","11":"outofstock","12":"purchasable","13":"product-type-simple"},"yoast_head":"<!-- This site is optimized with the Yoast SEO plugin v27.4 - https:\/\/yoast.com\/product\/yoast-seo-wordpress\/ -->\n<title>Invertergeneraator SG3500i, Scheppach - Ranoja<\/title>\n<meta name=\"robots\" content=\"index, follow, max-snippet:-1, max-image-preview:large, max-video-preview:-1\" \/>\n<link rel=\"canonical\" href=\"https:\/\/ranoja.ee\/toode\/invertergeneraator-sg3500i-scheppach\/\" \/>\n<meta property=\"og:locale\" content=\"en_US\" \/>\n<meta property=\"og:type\" content=\"article\" \/>\n<meta property=\"og:title\" content=\"Invertergeneraator SG3500i, Scheppach - Ranoja\" \/>\n<meta property=\"og:description\" content=\"Scheppach SG 3500i kujutab endast v\u00e4ga usaldusv\u00e4\u00e4rset kaasaskantavat elektritoiteallikat asjaarmastajatele ja kommertskasutajatele! Invertergeneraator sobib ka tundlike elektroonikaseadmete kasutamiseks. Ideaalne t\u00f6\u00f6riist kodukasutajatele. K\u00e4epide muudavab masina kergesti transporditavaks. Kaal vaid 25 kg. K\u00e4epide Tehniline info (Mootor) Mootori t\u00fc\u00fcp \u00dchesilindriline, 4-taktiline bensiinimootor         Max. v\u00e4ljundv\u00f5imsus (hj): 5,1 Mootorimaht: 140 cm\u00b3 Starter: K\u00e4sistarter K\u00fctusepaagi maht: 6,3 l K\u00fctusekulu t\u00e4iskoormusel t\u00f6\u00f6tades: 1,8 l\/h T\u00f6\u00f6aeg @ 50% koormusega: u 6 h Tehniline info (Generaator) Pingekontroll: Inverter Max. v\u00e4ljund- \/ nimiv\u00f5imsus: 3500 W \/ 3000 W El. pesa: 2 x 230 V AC sagedus: 50 Hz \u00dclekoormuskaitse: Jah        \u00d5lipuuduse kaitseseade: Jah      M\u00fcratase: 60dB (m\u00f5\u00f5detud 7m kauguselt) M\u00f5\u00f5dud: L x W x H: 542 x 325 x 490 mm\" \/>\n<meta property=\"og:url\" content=\"https:\/\/ranoja.ee\/toode\/invertergeneraator-sg3500i-scheppach\/\" \/>\n<meta property=\"og:site_name\" content=\"Ranoja\" \/>\n<meta property=\"article:publisher\" content=\"https:\/\/www.facebook.com\/ranoja.ee\" \/>\n<meta property=\"article:modified_time\" content=\"2026-03-17T12:42:05+00:00\" \/>\n<meta property=\"og:image\" content=\"https:\/\/ranoja.ee\/wp-content\/uploads\/2026\/03\/242614757.jpg\" \/>\n\t<meta property=\"og:image:width\" content=\"730\" \/>\n\t<meta property=\"og:image:height\" content=\"768\" \/>\n\t<meta property=\"og:image:type\" content=\"image\/jpeg\" \/>\n<meta name=\"twitter:card\" content=\"summary_large_image\" \/>\n<script type=\"application\/ld+json\" class=\"yoast-schema-graph\">{\"@context\":\"https:\\\/\\\/schema.org\",\"@graph\":[{\"@type\":\"WebPage\",\"@id\":\"https:\\\/\\\/ranoja.ee\\\/toode\\\/invertergeneraator-sg3500i-scheppach\\\/\",\"url\":\"https:\\\/\\\/ranoja.ee\\\/toode\\\/invertergeneraator-sg3500i-scheppach\\\/\",\"name\":\"Invertergeneraator SG3500i, Scheppach - Ranoja\",\"isPartOf\":{\"@id\":\"https:\\\/\\\/ranoja.ee\\\/#website\"},\"primaryImageOfPage\":{\"@id\":\"https:\\\/\\\/ranoja.ee\\\/toode\\\/invertergeneraator-sg3500i-scheppach\\\/#primaryimage\"},\"image\":{\"@id\":\"https:\\\/\\\/ranoja.ee\\\/toode\\\/invertergeneraator-sg3500i-scheppach\\\/#primaryimage\"},\"thumbnailUrl\":\"https:\\\/\\\/ranoja.ee\\\/wp-content\\\/uploads\\\/2026\\\/03\\\/242614757.jpg\",\"datePublished\":\"2026-03-16T23:06:56+00:00\",\"dateModified\":\"2026-03-17T12:42:05+00:00\",\"breadcrumb\":{\"@id\":\"https:\\\/\\\/ranoja.ee\\\/toode\\\/invertergeneraator-sg3500i-scheppach\\\/#breadcrumb\"},\"inLanguage\":\"en-US\",\"potentialAction\":[{\"@type\":\"ReadAction\",\"target\":[\"https:\\\/\\\/ranoja.ee\\\/toode\\\/invertergeneraator-sg3500i-scheppach\\\/\"]}]},{\"@type\":\"ImageObject\",\"inLanguage\":\"en-US\",\"@id\":\"https:\\\/\\\/ranoja.ee\\\/toode\\\/invertergeneraator-sg3500i-scheppach\\\/#primaryimage\",\"url\":\"https:\\\/\\\/ranoja.ee\\\/wp-content\\\/uploads\\\/2026\\\/03\\\/242614757.jpg\",\"contentUrl\":\"https:\\\/\\\/ranoja.ee\\\/wp-content\\\/uploads\\\/2026\\\/03\\\/242614757.jpg\",\"width\":730,\"height\":768},{\"@type\":\"BreadcrumbList\",\"@id\":\"https:\\\/\\\/ranoja.ee\\\/toode\\\/invertergeneraator-sg3500i-scheppach\\\/#breadcrumb\",\"itemListElement\":[{\"@type\":\"ListItem\",\"position\":1,\"name\":\"Home\",\"item\":\"https:\\\/\\\/ranoja.ee\\\/\"},{\"@type\":\"ListItem\",\"position\":2,\"name\":\"Shop\",\"item\":\"https:\\\/\\\/ranoja.ee\\\/en\\\/shop\\\/\"},{\"@type\":\"ListItem\",\"position\":3,\"name\":\"Invertergeneraator SG3500i, Scheppach\"}]},{\"@type\":\"WebSite\",\"@id\":\"https:\\\/\\\/ranoja.ee\\\/#website\",\"url\":\"https:\\\/\\\/ranoja.ee\\\/\",\"name\":\"Ranoja\",\"description\":\"Equipment Shop WooCommerce WordPress Theme for Machine &amp; Tools\",\"publisher\":{\"@id\":\"https:\\\/\\\/ranoja.ee\\\/#organization\"},\"potentialAction\":[{\"@type\":\"SearchAction\",\"target\":{\"@type\":\"EntryPoint\",\"urlTemplate\":\"https:\\\/\\\/ranoja.ee\\\/?s={search_term_string}\"},\"query-input\":{\"@type\":\"PropertyValueSpecification\",\"valueRequired\":true,\"valueName\":\"search_term_string\"}}],\"inLanguage\":\"en-US\"},{\"@type\":\"Organization\",\"@id\":\"https:\\\/\\\/ranoja.ee\\\/#organization\",\"name\":\"Ranoja O\u00dc\",\"url\":\"https:\\\/\\\/ranoja.ee\\\/\",\"logo\":{\"@type\":\"ImageObject\",\"inLanguage\":\"en-US\",\"@id\":\"https:\\\/\\\/ranoja.ee\\\/#\\\/schema\\\/logo\\\/image\\\/\",\"url\":\"https:\\\/\\\/ranoja.ee\\\/wp-content\\\/uploads\\\/2023\\\/11\\\/ranoja-Logo.png\",\"contentUrl\":\"https:\\\/\\\/ranoja.ee\\\/wp-content\\\/uploads\\\/2023\\\/11\\\/ranoja-Logo.png\",\"width\":207,\"height\":58,\"caption\":\"Ranoja O\u00dc\"},\"image\":{\"@id\":\"https:\\\/\\\/ranoja.ee\\\/#\\\/schema\\\/logo\\\/image\\\/\"},\"sameAs\":[\"https:\\\/\\\/www.facebook.com\\\/ranoja.ee\",\"https:\\\/\\\/www.instagram.com\\\/ranoja__\\\/\"]}]}<\/script>\n<!-- \/ Yoast SEO plugin. -->","yoast_head_json":{"title":"Invertergeneraator SG3500i, Scheppach - Ranoja","robots":{"index":"index","follow":"follow","max-snippet":"max-snippet:-1","max-image-preview":"max-image-preview:large","max-video-preview":"max-video-preview:-1"},"canonical":"https:\/\/ranoja.ee\/toode\/invertergeneraator-sg3500i-scheppach\/","og_locale":"en_US","og_type":"article","og_title":"Invertergeneraator SG3500i, Scheppach - Ranoja","og_description":"Scheppach SG 3500i kujutab endast v\u00e4ga usaldusv\u00e4\u00e4rset kaasaskantavat elektritoiteallikat asjaarmastajatele ja kommertskasutajatele! Invertergeneraator sobib ka tundlike elektroonikaseadmete kasutamiseks. Ideaalne t\u00f6\u00f6riist kodukasutajatele. K\u00e4epide muudavab masina kergesti transporditavaks. Kaal vaid 25 kg. K\u00e4epide Tehniline info (Mootor) Mootori t\u00fc\u00fcp \u00dchesilindriline, 4-taktiline bensiinimootor         Max. v\u00e4ljundv\u00f5imsus (hj): 5,1 Mootorimaht: 140 cm\u00b3 Starter: K\u00e4sistarter K\u00fctusepaagi maht: 6,3 l K\u00fctusekulu t\u00e4iskoormusel t\u00f6\u00f6tades: 1,8 l\/h T\u00f6\u00f6aeg @ 50% koormusega: u 6 h Tehniline info (Generaator) Pingekontroll: Inverter Max. v\u00e4ljund- \/ nimiv\u00f5imsus: 3500 W \/ 3000 W El. pesa: 2 x 230 V AC sagedus: 50 Hz \u00dclekoormuskaitse: Jah        \u00d5lipuuduse kaitseseade: Jah      M\u00fcratase: 60dB (m\u00f5\u00f5detud 7m kauguselt) M\u00f5\u00f5dud: L x W x H: 542 x 325 x 490 mm","og_url":"https:\/\/ranoja.ee\/toode\/invertergeneraator-sg3500i-scheppach\/","og_site_name":"Ranoja","article_publisher":"https:\/\/www.facebook.com\/ranoja.ee","article_modified_time":"2026-03-17T12:42:05+00:00","og_image":[{"width":730,"height":768,"url":"https:\/\/ranoja.ee\/wp-content\/uploads\/2026\/03\/242614757.jpg","type":"image\/jpeg"}],"twitter_card":"summary_large_image","schema":{"@context":"https:\/\/schema.org","@graph":[{"@type":"WebPage","@id":"https:\/\/ranoja.ee\/toode\/invertergeneraator-sg3500i-scheppach\/","url":"https:\/\/ranoja.ee\/toode\/invertergeneraator-sg3500i-scheppach\/","name":"Invertergeneraator SG3500i, Scheppach - Ranoja","isPartOf":{"@id":"https:\/\/ranoja.ee\/#website"},"primaryImageOfPage":{"@id":"https:\/\/ranoja.ee\/toode\/invertergeneraator-sg3500i-scheppach\/#primaryimage"},"image":{"@id":"https:\/\/ranoja.ee\/toode\/invertergeneraator-sg3500i-scheppach\/#primaryimage"},"thumbnailUrl":"https:\/\/ranoja.ee\/wp-content\/uploads\/2026\/03\/242614757.jpg","datePublished":"2026-03-16T23:06:56+00:00","dateModified":"2026-03-17T12:42:05+00:00","breadcrumb":{"@id":"https:\/\/ranoja.ee\/toode\/invertergeneraator-sg3500i-scheppach\/#breadcrumb"},"inLanguage":"en-US","potentialAction":[{"@type":"ReadAction","target":["https:\/\/ranoja.ee\/toode\/invertergeneraator-sg3500i-scheppach\/"]}]},{"@type":"ImageObject","inLanguage":"en-US","@id":"https:\/\/ranoja.ee\/toode\/invertergeneraator-sg3500i-scheppach\/#primaryimage","url":"https:\/\/ranoja.ee\/wp-content\/uploads\/2026\/03\/242614757.jpg","contentUrl":"https:\/\/ranoja.ee\/wp-content\/uploads\/2026\/03\/242614757.jpg","width":730,"height":768},{"@type":"BreadcrumbList","@id":"https:\/\/ranoja.ee\/toode\/invertergeneraator-sg3500i-scheppach\/#breadcrumb","itemListElement":[{"@type":"ListItem","position":1,"name":"Home","item":"https:\/\/ranoja.ee\/"},{"@type":"ListItem","position":2,"name":"Shop","item":"https:\/\/ranoja.ee\/en\/shop\/"},{"@type":"ListItem","position":3,"name":"Invertergeneraator SG3500i, Scheppach"}]},{"@type":"WebSite","@id":"https:\/\/ranoja.ee\/#website","url":"https:\/\/ranoja.ee\/","name":"Ranoja","description":"Equipment Shop WooCommerce WordPress Theme for Machine &amp; Tools","publisher":{"@id":"https:\/\/ranoja.ee\/#organization"},"potentialAction":[{"@type":"SearchAction","target":{"@type":"EntryPoint","urlTemplate":"https:\/\/ranoja.ee\/?s={search_term_string}"},"query-input":{"@type":"PropertyValueSpecification","valueRequired":true,"valueName":"search_term_string"}}],"inLanguage":"en-US"},{"@type":"Organization","@id":"https:\/\/ranoja.ee\/#organization","name":"Ranoja O\u00dc","url":"https:\/\/ranoja.ee\/","logo":{"@type":"ImageObject","inLanguage":"en-US","@id":"https:\/\/ranoja.ee\/#\/schema\/logo\/image\/","url":"https:\/\/ranoja.ee\/wp-content\/uploads\/2023\/11\/ranoja-Logo.png","contentUrl":"https:\/\/ranoja.ee\/wp-content\/uploads\/2023\/11\/ranoja-Logo.png","width":207,"height":58,"caption":"Ranoja O\u00dc"},"image":{"@id":"https:\/\/ranoja.ee\/#\/schema\/logo\/image\/"},"sameAs":["https:\/\/www.facebook.com\/ranoja.ee","https:\/\/www.instagram.com\/ranoja__\/"]}]}},"_links":{"self":[{"href":"https:\/\/ranoja.ee\/en\/wp-json\/wp\/v2\/product\/59155","targetHints":{"allow":["GET"]}}],"collection":[{"href":"https:\/\/ranoja.ee\/en\/wp-json\/wp\/v2\/product"}],"about":[{"href":"https:\/\/ranoja.ee\/en\/wp-json\/wp\/v2\/types\/product"}],"wp:featuredmedia":[{"embeddable":true,"href":"https:\/\/ranoja.ee\/en\/wp-json\/wp\/v2\/media\/59156"}],"wp:attachment":[{"href":"https:\/\/ranoja.ee\/en\/wp-json\/wp\/v2\/media?parent=59155"}],"wp:term":[{"taxonomy":"product_cat","embeddable":true,"href":"https:\/\/ranoja.ee\/en\/wp-json\/wp\/v2\/product_cat?post=59155"},{"taxonomy":"product_tag","embeddable":true,"href":"https:\/\/ranoja.ee\/en\/wp-json\/wp\/v2\/product_tag?post=59155"}],"curies":[{"name":"wp","href":"https:\/\/api.w.org\/{rel}","templated":true}]}}