{"id":59137,"date":"2026-03-17T02:06:56","date_gmt":"2026-03-16T23:06:56","guid":{"rendered":"https:\/\/ranoja.ee\/toode\/segumasin-mix125l-scheppach\/"},"modified":"2026-03-17T15:42:05","modified_gmt":"2026-03-17T12:42:05","slug":"segumasin-mix125l-scheppach","status":"publish","type":"product","link":"https:\/\/ranoja.ee\/en\/toode\/segumasin-mix125l-scheppach\/","title":{"rendered":"Segumasin MIX125L, Scheppach"},"content":{"rendered":"","protected":false},"excerpt":{"rendered":"<p>See vastupidav segumasin pakub ehitusmasina j\u00f5udlust DIY hinnaga. See kvaliteetne, mobiilne segumasin on v\u00e4ga sobilik v\u00e4iksemate ja keskmiste ehitusprojektide jaoks. <\/p>\n<p>Tehnilised andmed:<br \/>\nM\u00f5\u00f5dud P\/L\/K: 1200 x 710 x 1400 mm<br \/>\nTrumli maht: 125 l<br \/>\nTaask\u00e4ivitumise kaitse: jah<br \/>\nSuurim p\u00f6\u00f6rlemiskiirus: 26,6 p\/min<br \/>\nIsolatsiooniklass: IP 44D<br \/>\nMootor: 550 W \/ 230 V<\/p>\n<p>Keevitatud alumine trummel<br \/>\nTopeltisoleeritud mootor<br \/>\nKummikattega rattad tagavad stabiilsuse<br \/>\nSuur p\u00f6\u00f6rdratas mugavaks t\u00fchjendamiseks<br \/>\nKompaktne<br \/>\nTopelttiivik tagab parema jahutuse<br \/>\nMootorikate on lab\u00fcrintkonstruktsiooniga tagamaks kaitset vee eest<\/p>\n<p>Scheppachi ehitusseadmed on m\u00f5eldud n\u00f5udlikule hobikasutajale.<\/p>\n","protected":false},"featured_media":59138,"template":"","meta":{"inline_featured_image":false},"product_cat":[5184,1090,1091],"product_tag":[],"class_list":{"0":"post-59137","1":"product","2":"type-product","3":"status-publish","4":"has-post-thumbnail","6":"product_brand-scheppach","7":"product_cat-ehitusseadmed","8":"product_cat-ehitustehnika","9":"product_cat-segumasinad","11":"first","12":"instock","13":"purchasable","14":"product-type-simple"},"yoast_head":"<!-- This site is optimized with the Yoast SEO plugin v27.4 - https:\/\/yoast.com\/product\/yoast-seo-wordpress\/ -->\n<title>Segumasin MIX125L, Scheppach - Ranoja<\/title>\n<meta name=\"robots\" content=\"index, follow, max-snippet:-1, max-image-preview:large, max-video-preview:-1\" \/>\n<link rel=\"canonical\" href=\"https:\/\/ranoja.ee\/toode\/segumasin-mix125l-scheppach\/\" \/>\n<meta property=\"og:locale\" content=\"en_US\" \/>\n<meta property=\"og:type\" content=\"article\" \/>\n<meta property=\"og:title\" content=\"Segumasin MIX125L, Scheppach - Ranoja\" \/>\n<meta property=\"og:description\" content=\"See vastupidav segumasin pakub ehitusmasina j\u00f5udlust DIY hinnaga. See kvaliteetne, mobiilne segumasin on v\u00e4ga sobilik v\u00e4iksemate ja keskmiste ehitusprojektide jaoks.  Tehnilised andmed: M\u00f5\u00f5dud P\/L\/K: 1200 x 710 x 1400 mm Trumli maht: 125 l Taask\u00e4ivitumise kaitse: jah Suurim p\u00f6\u00f6rlemiskiirus: 26,6 p\/min Isolatsiooniklass: IP 44D Mootor: 550 W \/ 230 V Keevitatud alumine trummel Topeltisoleeritud mootor Kummikattega rattad tagavad stabiilsuse Suur p\u00f6\u00f6rdratas mugavaks t\u00fchjendamiseks Kompaktne Topelttiivik tagab parema jahutuse Mootorikate on lab\u00fcrintkonstruktsiooniga tagamaks kaitset vee eest Scheppachi ehitusseadmed on m\u00f5eldud n\u00f5udlikule hobikasutajale.\" \/>\n<meta property=\"og:url\" content=\"https:\/\/ranoja.ee\/toode\/segumasin-mix125l-scheppach\/\" \/>\n<meta property=\"og:site_name\" content=\"Ranoja\" \/>\n<meta property=\"article:publisher\" content=\"https:\/\/www.facebook.com\/ranoja.ee\" \/>\n<meta property=\"article:modified_time\" content=\"2026-03-17T12:42:05+00:00\" \/>\n<meta property=\"og:image\" content=\"https:\/\/ranoja.ee\/wp-content\/uploads\/2026\/03\/232054538.jpg\" \/>\n\t<meta property=\"og:image:width\" content=\"678\" \/>\n\t<meta property=\"og:image:height\" content=\"768\" \/>\n\t<meta property=\"og:image:type\" content=\"image\/jpeg\" \/>\n<meta name=\"twitter:card\" content=\"summary_large_image\" \/>\n<script type=\"application\/ld+json\" class=\"yoast-schema-graph\">{\"@context\":\"https:\\\/\\\/schema.org\",\"@graph\":[{\"@type\":\"WebPage\",\"@id\":\"https:\\\/\\\/ranoja.ee\\\/toode\\\/segumasin-mix125l-scheppach\\\/\",\"url\":\"https:\\\/\\\/ranoja.ee\\\/toode\\\/segumasin-mix125l-scheppach\\\/\",\"name\":\"Segumasin MIX125L, Scheppach - Ranoja\",\"isPartOf\":{\"@id\":\"https:\\\/\\\/ranoja.ee\\\/#website\"},\"primaryImageOfPage\":{\"@id\":\"https:\\\/\\\/ranoja.ee\\\/toode\\\/segumasin-mix125l-scheppach\\\/#primaryimage\"},\"image\":{\"@id\":\"https:\\\/\\\/ranoja.ee\\\/toode\\\/segumasin-mix125l-scheppach\\\/#primaryimage\"},\"thumbnailUrl\":\"https:\\\/\\\/ranoja.ee\\\/wp-content\\\/uploads\\\/2026\\\/03\\\/232054538.jpg\",\"datePublished\":\"2026-03-16T23:06:56+00:00\",\"dateModified\":\"2026-03-17T12:42:05+00:00\",\"breadcrumb\":{\"@id\":\"https:\\\/\\\/ranoja.ee\\\/toode\\\/segumasin-mix125l-scheppach\\\/#breadcrumb\"},\"inLanguage\":\"en-US\",\"potentialAction\":[{\"@type\":\"ReadAction\",\"target\":[\"https:\\\/\\\/ranoja.ee\\\/toode\\\/segumasin-mix125l-scheppach\\\/\"]}]},{\"@type\":\"ImageObject\",\"inLanguage\":\"en-US\",\"@id\":\"https:\\\/\\\/ranoja.ee\\\/toode\\\/segumasin-mix125l-scheppach\\\/#primaryimage\",\"url\":\"https:\\\/\\\/ranoja.ee\\\/wp-content\\\/uploads\\\/2026\\\/03\\\/232054538.jpg\",\"contentUrl\":\"https:\\\/\\\/ranoja.ee\\\/wp-content\\\/uploads\\\/2026\\\/03\\\/232054538.jpg\",\"width\":678,\"height\":768},{\"@type\":\"BreadcrumbList\",\"@id\":\"https:\\\/\\\/ranoja.ee\\\/toode\\\/segumasin-mix125l-scheppach\\\/#breadcrumb\",\"itemListElement\":[{\"@type\":\"ListItem\",\"position\":1,\"name\":\"Home\",\"item\":\"https:\\\/\\\/ranoja.ee\\\/\"},{\"@type\":\"ListItem\",\"position\":2,\"name\":\"Shop\",\"item\":\"https:\\\/\\\/ranoja.ee\\\/en\\\/shop\\\/\"},{\"@type\":\"ListItem\",\"position\":3,\"name\":\"Segumasin MIX125L, Scheppach\"}]},{\"@type\":\"WebSite\",\"@id\":\"https:\\\/\\\/ranoja.ee\\\/#website\",\"url\":\"https:\\\/\\\/ranoja.ee\\\/\",\"name\":\"Ranoja\",\"description\":\"Equipment Shop WooCommerce WordPress Theme for Machine &amp; Tools\",\"publisher\":{\"@id\":\"https:\\\/\\\/ranoja.ee\\\/#organization\"},\"potentialAction\":[{\"@type\":\"SearchAction\",\"target\":{\"@type\":\"EntryPoint\",\"urlTemplate\":\"https:\\\/\\\/ranoja.ee\\\/?s={search_term_string}\"},\"query-input\":{\"@type\":\"PropertyValueSpecification\",\"valueRequired\":true,\"valueName\":\"search_term_string\"}}],\"inLanguage\":\"en-US\"},{\"@type\":\"Organization\",\"@id\":\"https:\\\/\\\/ranoja.ee\\\/#organization\",\"name\":\"Ranoja O\u00dc\",\"url\":\"https:\\\/\\\/ranoja.ee\\\/\",\"logo\":{\"@type\":\"ImageObject\",\"inLanguage\":\"en-US\",\"@id\":\"https:\\\/\\\/ranoja.ee\\\/#\\\/schema\\\/logo\\\/image\\\/\",\"url\":\"https:\\\/\\\/ranoja.ee\\\/wp-content\\\/uploads\\\/2023\\\/11\\\/ranoja-Logo.png\",\"contentUrl\":\"https:\\\/\\\/ranoja.ee\\\/wp-content\\\/uploads\\\/2023\\\/11\\\/ranoja-Logo.png\",\"width\":207,\"height\":58,\"caption\":\"Ranoja O\u00dc\"},\"image\":{\"@id\":\"https:\\\/\\\/ranoja.ee\\\/#\\\/schema\\\/logo\\\/image\\\/\"},\"sameAs\":[\"https:\\\/\\\/www.facebook.com\\\/ranoja.ee\",\"https:\\\/\\\/www.instagram.com\\\/ranoja__\\\/\"]}]}<\/script>\n<!-- \/ Yoast SEO plugin. -->","yoast_head_json":{"title":"Segumasin MIX125L, Scheppach - Ranoja","robots":{"index":"index","follow":"follow","max-snippet":"max-snippet:-1","max-image-preview":"max-image-preview:large","max-video-preview":"max-video-preview:-1"},"canonical":"https:\/\/ranoja.ee\/toode\/segumasin-mix125l-scheppach\/","og_locale":"en_US","og_type":"article","og_title":"Segumasin MIX125L, Scheppach - Ranoja","og_description":"See vastupidav segumasin pakub ehitusmasina j\u00f5udlust DIY hinnaga. See kvaliteetne, mobiilne segumasin on v\u00e4ga sobilik v\u00e4iksemate ja keskmiste ehitusprojektide jaoks.  Tehnilised andmed: M\u00f5\u00f5dud P\/L\/K: 1200 x 710 x 1400 mm Trumli maht: 125 l Taask\u00e4ivitumise kaitse: jah Suurim p\u00f6\u00f6rlemiskiirus: 26,6 p\/min Isolatsiooniklass: IP 44D Mootor: 550 W \/ 230 V Keevitatud alumine trummel Topeltisoleeritud mootor Kummikattega rattad tagavad stabiilsuse Suur p\u00f6\u00f6rdratas mugavaks t\u00fchjendamiseks Kompaktne Topelttiivik tagab parema jahutuse Mootorikate on lab\u00fcrintkonstruktsiooniga tagamaks kaitset vee eest Scheppachi ehitusseadmed on m\u00f5eldud n\u00f5udlikule hobikasutajale.","og_url":"https:\/\/ranoja.ee\/toode\/segumasin-mix125l-scheppach\/","og_site_name":"Ranoja","article_publisher":"https:\/\/www.facebook.com\/ranoja.ee","article_modified_time":"2026-03-17T12:42:05+00:00","og_image":[{"width":678,"height":768,"url":"https:\/\/ranoja.ee\/wp-content\/uploads\/2026\/03\/232054538.jpg","type":"image\/jpeg"}],"twitter_card":"summary_large_image","schema":{"@context":"https:\/\/schema.org","@graph":[{"@type":"WebPage","@id":"https:\/\/ranoja.ee\/toode\/segumasin-mix125l-scheppach\/","url":"https:\/\/ranoja.ee\/toode\/segumasin-mix125l-scheppach\/","name":"Segumasin MIX125L, Scheppach - Ranoja","isPartOf":{"@id":"https:\/\/ranoja.ee\/#website"},"primaryImageOfPage":{"@id":"https:\/\/ranoja.ee\/toode\/segumasin-mix125l-scheppach\/#primaryimage"},"image":{"@id":"https:\/\/ranoja.ee\/toode\/segumasin-mix125l-scheppach\/#primaryimage"},"thumbnailUrl":"https:\/\/ranoja.ee\/wp-content\/uploads\/2026\/03\/232054538.jpg","datePublished":"2026-03-16T23:06:56+00:00","dateModified":"2026-03-17T12:42:05+00:00","breadcrumb":{"@id":"https:\/\/ranoja.ee\/toode\/segumasin-mix125l-scheppach\/#breadcrumb"},"inLanguage":"en-US","potentialAction":[{"@type":"ReadAction","target":["https:\/\/ranoja.ee\/toode\/segumasin-mix125l-scheppach\/"]}]},{"@type":"ImageObject","inLanguage":"en-US","@id":"https:\/\/ranoja.ee\/toode\/segumasin-mix125l-scheppach\/#primaryimage","url":"https:\/\/ranoja.ee\/wp-content\/uploads\/2026\/03\/232054538.jpg","contentUrl":"https:\/\/ranoja.ee\/wp-content\/uploads\/2026\/03\/232054538.jpg","width":678,"height":768},{"@type":"BreadcrumbList","@id":"https:\/\/ranoja.ee\/toode\/segumasin-mix125l-scheppach\/#breadcrumb","itemListElement":[{"@type":"ListItem","position":1,"name":"Home","item":"https:\/\/ranoja.ee\/"},{"@type":"ListItem","position":2,"name":"Shop","item":"https:\/\/ranoja.ee\/en\/shop\/"},{"@type":"ListItem","position":3,"name":"Segumasin MIX125L, Scheppach"}]},{"@type":"WebSite","@id":"https:\/\/ranoja.ee\/#website","url":"https:\/\/ranoja.ee\/","name":"Ranoja","description":"Equipment Shop WooCommerce WordPress Theme for Machine &amp; Tools","publisher":{"@id":"https:\/\/ranoja.ee\/#organization"},"potentialAction":[{"@type":"SearchAction","target":{"@type":"EntryPoint","urlTemplate":"https:\/\/ranoja.ee\/?s={search_term_string}"},"query-input":{"@type":"PropertyValueSpecification","valueRequired":true,"valueName":"search_term_string"}}],"inLanguage":"en-US"},{"@type":"Organization","@id":"https:\/\/ranoja.ee\/#organization","name":"Ranoja O\u00dc","url":"https:\/\/ranoja.ee\/","logo":{"@type":"ImageObject","inLanguage":"en-US","@id":"https:\/\/ranoja.ee\/#\/schema\/logo\/image\/","url":"https:\/\/ranoja.ee\/wp-content\/uploads\/2023\/11\/ranoja-Logo.png","contentUrl":"https:\/\/ranoja.ee\/wp-content\/uploads\/2023\/11\/ranoja-Logo.png","width":207,"height":58,"caption":"Ranoja O\u00dc"},"image":{"@id":"https:\/\/ranoja.ee\/#\/schema\/logo\/image\/"},"sameAs":["https:\/\/www.facebook.com\/ranoja.ee","https:\/\/www.instagram.com\/ranoja__\/"]}]}},"_links":{"self":[{"href":"https:\/\/ranoja.ee\/en\/wp-json\/wp\/v2\/product\/59137","targetHints":{"allow":["GET"]}}],"collection":[{"href":"https:\/\/ranoja.ee\/en\/wp-json\/wp\/v2\/product"}],"about":[{"href":"https:\/\/ranoja.ee\/en\/wp-json\/wp\/v2\/types\/product"}],"wp:featuredmedia":[{"embeddable":true,"href":"https:\/\/ranoja.ee\/en\/wp-json\/wp\/v2\/media\/59138"}],"wp:attachment":[{"href":"https:\/\/ranoja.ee\/en\/wp-json\/wp\/v2\/media?parent=59137"}],"wp:term":[{"taxonomy":"product_cat","embeddable":true,"href":"https:\/\/ranoja.ee\/en\/wp-json\/wp\/v2\/product_cat?post=59137"},{"taxonomy":"product_tag","embeddable":true,"href":"https:\/\/ranoja.ee\/en\/wp-json\/wp\/v2\/product_tag?post=59137"}],"curies":[{"name":"wp","href":"https:\/\/api.w.org\/{rel}","templated":true}]}}