{"id":59107,"date":"2026-03-17T02:06:31","date_gmt":"2026-03-16T23:06:31","guid":{"rendered":"https:\/\/ranoja.ee\/toode\/0-poorderaadiusega-murutraktor-zt-107-gudnord\/"},"modified":"2026-03-17T15:42:05","modified_gmt":"2026-03-17T12:42:05","slug":"0-poorderaadiusega-murutraktor-zt-107-gudnord","status":"publish","type":"product","link":"https:\/\/ranoja.ee\/en\/toode\/0-poorderaadiusega-murutraktor-zt-107-gudnord\/","title":{"rendered":"0-p\u00f6\u00f6rderaadiusega murutraktor ZT 107, Gudnord"},"content":{"rendered":"","protected":false},"excerpt":{"rendered":"<p>ZT107 v\u00f5imaldab igal eramajaomanikul niita nagu professionaal. P\u00f5hivarustuses on spetsiaalsed murukamarat s\u00e4\u00e4stva mustriga rehvid, HydroGear veo\u00fclekanded ja 546 cm\u00b3 Loncini mootor \u2013 ZT107 pakub kasutajale v\u00f5imekust ja t\u00e4psust igast asendist. 18\u201c k\u00f5rge seljatoega iste, elektriline terade k\u00e4iviti, t\u00e4pselt juhitavad k\u00e4epidemed ja pudelihoidjaga tagab see ka lisaks mugavat ja sujuvat kulgemist ka suuremate alade niitmisel. See traktor on k\u00f5igil niiduhooaegadel oma \u00fclesannete k\u00f5rgusel. <\/p>\n<p>Mootor: Loncin LC1P91F<br \/>\nKubatuur: 546 cm\u00b3<br \/>\nNimiv\u00f5imsus: 11 kW \/ 2700 min-1<br \/>\nSilindreid: 1<br \/>\nK\u00fctusepaagi maht: 11,4 l<br \/>\n\u00d5lituss\u00fcsteem: filtri ja t\u00e4issurve\u00f5litusega<br \/>\nJ\u00f5u\u00fclekanne: 2 HydroGear h\u00fcdrostaatilist \u00fclekannet<br \/>\nJuhtimine: Juhtkangidega<br \/>\nNiidetav ala: 10000 m\u00b2<br \/>\nL\u00f5ikelaius: 107 cm<br \/>\nL\u00f5ikek\u00f5rgus (min-max): 25-102 mm, 7 asendit<br \/>\nNiitmisv\u00f5imalused: 2-in-1 k\u00fclgv\u00e4ljavise ja mult\u0161<br \/>\nL\u00f5iketerade arv: 2<br \/>\nNiiduseadme siduri ajam: Elektromagnetiline<br \/>\nL\u00f5ikek\u00f5rguste arv: 7 asendit<br \/>\nNiiduseadme tugirattad: 2 <br \/>\nPesemisotsak\/Mult\u0161ikate: Standard\/Standard<br \/>\nKogumiskott: pole saadaval<br \/>\nRohusuunaja: Standard<br \/>\nEsisillatala: Teras<br \/>\nP\u00f6\u00f6rderaadius: 0 cm<br \/>\nRehvim\u00f5\u00f5t (ees\/taga): 11&#8243; x 6&#8243; \/ 20&#8243; x 8&#8243;<br \/>\nLiikumiskiirus 0-11,3 km\/h edasi ja 0-4,8 km\/h tagurpidi <br \/>\nAku: 12V\/ 19 Ah<br \/>\nT\u00f6\u00f6valgustus: pole saadaval<br \/>\nTunnilugeja ja hooldev\u00e4lba meenuti: pole saadaval<br \/>\nIstme t\u00fc\u00fcp: K\u00f5rge leeniga<br \/>\nIstme seadistus: Kruvidega<br \/>\nJuhthoovad: Seadistatavad, pehme kattega juhtkangid<br \/>\nHoiulaegas: Standard<br \/>\nTagurpidi niitmine: Standard<br \/>\nM\u00fcratase LpA\/LwA\/LwAg (dB): 88,5\/98,6\/100<br \/>\nVibratsiooniv\u00e4\u00e4rtus, k\u00e4si\/<br \/>\nk\u00e4sivars (K-factor): 3,65 \/ 1,5 m\/s\u00b2<br \/>\nM\u00f5\u00f5tmed (P\/L\/K): 196 cm \/ 137 cm \/ 109 cm<br \/>\nKaal: 234 kg<\/p>\n","protected":false},"featured_media":59108,"template":"","meta":{"inline_featured_image":false},"product_cat":[5345,1079,5085,1081],"product_tag":[],"class_list":{"0":"post-59107","1":"product","2":"type-product","3":"status-publish","4":"has-post-thumbnail","6":"product_brand-gudnord","7":"product_cat-0-poorderaadiusega-murutraktorid","8":"product_cat-aiatehnika-ja-niidutehnika","9":"product_cat-aiatehnika-ja-tooriistad","10":"product_cat-murutraktorid","12":"first","13":"instock","14":"purchasable","15":"product-type-simple"},"yoast_head":"<!-- This site is optimized with the Yoast SEO plugin v27.4 - https:\/\/yoast.com\/product\/yoast-seo-wordpress\/ -->\n<title>0-p\u00f6\u00f6rderaadiusega murutraktor ZT 107, Gudnord - Ranoja<\/title>\n<meta name=\"robots\" content=\"index, follow, max-snippet:-1, max-image-preview:large, max-video-preview:-1\" \/>\n<link rel=\"canonical\" href=\"https:\/\/ranoja.ee\/toode\/0-poorderaadiusega-murutraktor-zt-107-gudnord\/\" \/>\n<meta property=\"og:locale\" content=\"en_US\" \/>\n<meta property=\"og:type\" content=\"article\" \/>\n<meta property=\"og:title\" content=\"0-p\u00f6\u00f6rderaadiusega murutraktor ZT 107, Gudnord - Ranoja\" \/>\n<meta property=\"og:description\" content=\"ZT107 v\u00f5imaldab igal eramajaomanikul niita nagu professionaal. P\u00f5hivarustuses on spetsiaalsed murukamarat s\u00e4\u00e4stva mustriga rehvid, HydroGear veo\u00fclekanded ja 546 cm\u00b3 Loncini mootor \u2013 ZT107 pakub kasutajale v\u00f5imekust ja t\u00e4psust igast asendist. 18\u201c k\u00f5rge seljatoega iste, elektriline terade k\u00e4iviti, t\u00e4pselt juhitavad k\u00e4epidemed ja pudelihoidjaga tagab see ka lisaks mugavat ja sujuvat kulgemist ka suuremate alade niitmisel. See traktor on k\u00f5igil niiduhooaegadel oma \u00fclesannete k\u00f5rgusel.  Mootor: Loncin LC1P91F Kubatuur: 546 cm\u00b3 Nimiv\u00f5imsus: 11 kW \/ 2700 min-1 Silindreid: 1 K\u00fctusepaagi maht: 11,4 l \u00d5lituss\u00fcsteem: filtri ja t\u00e4issurve\u00f5litusega J\u00f5u\u00fclekanne: 2 HydroGear h\u00fcdrostaatilist \u00fclekannet Juhtimine: Juhtkangidega Niidetav ala: 10000 m\u00b2 L\u00f5ikelaius: 107 cm L\u00f5ikek\u00f5rgus (min-max): 25-102 mm, 7 asendit Niitmisv\u00f5imalused: 2-in-1 k\u00fclgv\u00e4ljavise ja mult\u0161 L\u00f5iketerade arv: 2 Niiduseadme siduri ajam: Elektromagnetiline L\u00f5ikek\u00f5rguste arv: 7 asendit Niiduseadme tugirattad: 2 Pesemisotsak\/Mult\u0161ikate: Standard\/Standard Kogumiskott: pole saadaval Rohusuunaja: Standard Esisillatala: Teras P\u00f6\u00f6rderaadius: 0 cm Rehvim\u00f5\u00f5t (ees\/taga): 11&quot; x 6&quot; \/ 20&quot; x 8&quot; Liikumiskiirus 0-11,3 km\/h edasi ja 0-4,8 km\/h tagurpidi Aku: 12V\/ 19 Ah T\u00f6\u00f6valgustus: pole saadaval Tunnilugeja ja hooldev\u00e4lba meenuti: pole saadaval Istme t\u00fc\u00fcp: K\u00f5rge leeniga Istme seadistus: Kruvidega Juhthoovad: Seadistatavad, pehme kattega juhtkangid Hoiulaegas: Standard Tagurpidi niitmine: Standard M\u00fcratase LpA\/LwA\/LwAg (dB): 88,5\/98,6\/100 Vibratsiooniv\u00e4\u00e4rtus, k\u00e4si\/ k\u00e4sivars (K-factor): 3,65 \/ 1,5 m\/s\u00b2 M\u00f5\u00f5tmed (P\/L\/K): 196 cm \/ 137 cm \/ 109 cm Kaal: 234 kg\" \/>\n<meta property=\"og:url\" content=\"https:\/\/ranoja.ee\/toode\/0-poorderaadiusega-murutraktor-zt-107-gudnord\/\" \/>\n<meta property=\"og:site_name\" content=\"Ranoja\" \/>\n<meta property=\"article:publisher\" content=\"https:\/\/www.facebook.com\/ranoja.ee\" \/>\n<meta property=\"article:modified_time\" content=\"2026-03-17T12:42:05+00:00\" \/>\n<meta property=\"og:image\" content=\"https:\/\/ranoja.ee\/wp-content\/uploads\/2026\/03\/5637974331.jpg\" \/>\n\t<meta property=\"og:image:width\" content=\"401\" \/>\n\t<meta property=\"og:image:height\" content=\"320\" \/>\n\t<meta property=\"og:image:type\" content=\"image\/jpeg\" \/>\n<meta name=\"twitter:card\" content=\"summary_large_image\" \/>\n<script type=\"application\/ld+json\" class=\"yoast-schema-graph\">{\"@context\":\"https:\\\/\\\/schema.org\",\"@graph\":[{\"@type\":\"WebPage\",\"@id\":\"https:\\\/\\\/ranoja.ee\\\/toode\\\/0-poorderaadiusega-murutraktor-zt-107-gudnord\\\/\",\"url\":\"https:\\\/\\\/ranoja.ee\\\/toode\\\/0-poorderaadiusega-murutraktor-zt-107-gudnord\\\/\",\"name\":\"0-p\u00f6\u00f6rderaadiusega murutraktor ZT 107, Gudnord - Ranoja\",\"isPartOf\":{\"@id\":\"https:\\\/\\\/ranoja.ee\\\/#website\"},\"primaryImageOfPage\":{\"@id\":\"https:\\\/\\\/ranoja.ee\\\/toode\\\/0-poorderaadiusega-murutraktor-zt-107-gudnord\\\/#primaryimage\"},\"image\":{\"@id\":\"https:\\\/\\\/ranoja.ee\\\/toode\\\/0-poorderaadiusega-murutraktor-zt-107-gudnord\\\/#primaryimage\"},\"thumbnailUrl\":\"https:\\\/\\\/ranoja.ee\\\/wp-content\\\/uploads\\\/2026\\\/03\\\/5637974331.jpg\",\"datePublished\":\"2026-03-16T23:06:31+00:00\",\"dateModified\":\"2026-03-17T12:42:05+00:00\",\"breadcrumb\":{\"@id\":\"https:\\\/\\\/ranoja.ee\\\/toode\\\/0-poorderaadiusega-murutraktor-zt-107-gudnord\\\/#breadcrumb\"},\"inLanguage\":\"en-US\",\"potentialAction\":[{\"@type\":\"ReadAction\",\"target\":[\"https:\\\/\\\/ranoja.ee\\\/toode\\\/0-poorderaadiusega-murutraktor-zt-107-gudnord\\\/\"]}]},{\"@type\":\"ImageObject\",\"inLanguage\":\"en-US\",\"@id\":\"https:\\\/\\\/ranoja.ee\\\/toode\\\/0-poorderaadiusega-murutraktor-zt-107-gudnord\\\/#primaryimage\",\"url\":\"https:\\\/\\\/ranoja.ee\\\/wp-content\\\/uploads\\\/2026\\\/03\\\/5637974331.jpg\",\"contentUrl\":\"https:\\\/\\\/ranoja.ee\\\/wp-content\\\/uploads\\\/2026\\\/03\\\/5637974331.jpg\",\"width\":401,\"height\":320},{\"@type\":\"BreadcrumbList\",\"@id\":\"https:\\\/\\\/ranoja.ee\\\/toode\\\/0-poorderaadiusega-murutraktor-zt-107-gudnord\\\/#breadcrumb\",\"itemListElement\":[{\"@type\":\"ListItem\",\"position\":1,\"name\":\"Home\",\"item\":\"https:\\\/\\\/ranoja.ee\\\/\"},{\"@type\":\"ListItem\",\"position\":2,\"name\":\"Shop\",\"item\":\"https:\\\/\\\/ranoja.ee\\\/en\\\/shop\\\/\"},{\"@type\":\"ListItem\",\"position\":3,\"name\":\"0-p\u00f6\u00f6rderaadiusega murutraktor ZT 107, Gudnord\"}]},{\"@type\":\"WebSite\",\"@id\":\"https:\\\/\\\/ranoja.ee\\\/#website\",\"url\":\"https:\\\/\\\/ranoja.ee\\\/\",\"name\":\"Ranoja\",\"description\":\"Equipment Shop WooCommerce WordPress Theme for Machine &amp; Tools\",\"publisher\":{\"@id\":\"https:\\\/\\\/ranoja.ee\\\/#organization\"},\"potentialAction\":[{\"@type\":\"SearchAction\",\"target\":{\"@type\":\"EntryPoint\",\"urlTemplate\":\"https:\\\/\\\/ranoja.ee\\\/?s={search_term_string}\"},\"query-input\":{\"@type\":\"PropertyValueSpecification\",\"valueRequired\":true,\"valueName\":\"search_term_string\"}}],\"inLanguage\":\"en-US\"},{\"@type\":\"Organization\",\"@id\":\"https:\\\/\\\/ranoja.ee\\\/#organization\",\"name\":\"Ranoja O\u00dc\",\"url\":\"https:\\\/\\\/ranoja.ee\\\/\",\"logo\":{\"@type\":\"ImageObject\",\"inLanguage\":\"en-US\",\"@id\":\"https:\\\/\\\/ranoja.ee\\\/#\\\/schema\\\/logo\\\/image\\\/\",\"url\":\"https:\\\/\\\/ranoja.ee\\\/wp-content\\\/uploads\\\/2023\\\/11\\\/ranoja-Logo.png\",\"contentUrl\":\"https:\\\/\\\/ranoja.ee\\\/wp-content\\\/uploads\\\/2023\\\/11\\\/ranoja-Logo.png\",\"width\":207,\"height\":58,\"caption\":\"Ranoja O\u00dc\"},\"image\":{\"@id\":\"https:\\\/\\\/ranoja.ee\\\/#\\\/schema\\\/logo\\\/image\\\/\"},\"sameAs\":[\"https:\\\/\\\/www.facebook.com\\\/ranoja.ee\",\"https:\\\/\\\/www.instagram.com\\\/ranoja__\\\/\"]}]}<\/script>\n<!-- \/ Yoast SEO plugin. -->","yoast_head_json":{"title":"0-p\u00f6\u00f6rderaadiusega murutraktor ZT 107, Gudnord - Ranoja","robots":{"index":"index","follow":"follow","max-snippet":"max-snippet:-1","max-image-preview":"max-image-preview:large","max-video-preview":"max-video-preview:-1"},"canonical":"https:\/\/ranoja.ee\/toode\/0-poorderaadiusega-murutraktor-zt-107-gudnord\/","og_locale":"en_US","og_type":"article","og_title":"0-p\u00f6\u00f6rderaadiusega murutraktor ZT 107, Gudnord - Ranoja","og_description":"ZT107 v\u00f5imaldab igal eramajaomanikul niita nagu professionaal. P\u00f5hivarustuses on spetsiaalsed murukamarat s\u00e4\u00e4stva mustriga rehvid, HydroGear veo\u00fclekanded ja 546 cm\u00b3 Loncini mootor \u2013 ZT107 pakub kasutajale v\u00f5imekust ja t\u00e4psust igast asendist. 18\u201c k\u00f5rge seljatoega iste, elektriline terade k\u00e4iviti, t\u00e4pselt juhitavad k\u00e4epidemed ja pudelihoidjaga tagab see ka lisaks mugavat ja sujuvat kulgemist ka suuremate alade niitmisel. See traktor on k\u00f5igil niiduhooaegadel oma \u00fclesannete k\u00f5rgusel.  Mootor: Loncin LC1P91F Kubatuur: 546 cm\u00b3 Nimiv\u00f5imsus: 11 kW \/ 2700 min-1 Silindreid: 1 K\u00fctusepaagi maht: 11,4 l \u00d5lituss\u00fcsteem: filtri ja t\u00e4issurve\u00f5litusega J\u00f5u\u00fclekanne: 2 HydroGear h\u00fcdrostaatilist \u00fclekannet Juhtimine: Juhtkangidega Niidetav ala: 10000 m\u00b2 L\u00f5ikelaius: 107 cm L\u00f5ikek\u00f5rgus (min-max): 25-102 mm, 7 asendit Niitmisv\u00f5imalused: 2-in-1 k\u00fclgv\u00e4ljavise ja mult\u0161 L\u00f5iketerade arv: 2 Niiduseadme siduri ajam: Elektromagnetiline L\u00f5ikek\u00f5rguste arv: 7 asendit Niiduseadme tugirattad: 2 Pesemisotsak\/Mult\u0161ikate: Standard\/Standard Kogumiskott: pole saadaval Rohusuunaja: Standard Esisillatala: Teras P\u00f6\u00f6rderaadius: 0 cm Rehvim\u00f5\u00f5t (ees\/taga): 11\" x 6\" \/ 20\" x 8\" Liikumiskiirus 0-11,3 km\/h edasi ja 0-4,8 km\/h tagurpidi Aku: 12V\/ 19 Ah T\u00f6\u00f6valgustus: pole saadaval Tunnilugeja ja hooldev\u00e4lba meenuti: pole saadaval Istme t\u00fc\u00fcp: K\u00f5rge leeniga Istme seadistus: Kruvidega Juhthoovad: Seadistatavad, pehme kattega juhtkangid Hoiulaegas: Standard Tagurpidi niitmine: Standard M\u00fcratase LpA\/LwA\/LwAg (dB): 88,5\/98,6\/100 Vibratsiooniv\u00e4\u00e4rtus, k\u00e4si\/ k\u00e4sivars (K-factor): 3,65 \/ 1,5 m\/s\u00b2 M\u00f5\u00f5tmed (P\/L\/K): 196 cm \/ 137 cm \/ 109 cm Kaal: 234 kg","og_url":"https:\/\/ranoja.ee\/toode\/0-poorderaadiusega-murutraktor-zt-107-gudnord\/","og_site_name":"Ranoja","article_publisher":"https:\/\/www.facebook.com\/ranoja.ee","article_modified_time":"2026-03-17T12:42:05+00:00","og_image":[{"width":401,"height":320,"url":"https:\/\/ranoja.ee\/wp-content\/uploads\/2026\/03\/5637974331.jpg","type":"image\/jpeg"}],"twitter_card":"summary_large_image","schema":{"@context":"https:\/\/schema.org","@graph":[{"@type":"WebPage","@id":"https:\/\/ranoja.ee\/toode\/0-poorderaadiusega-murutraktor-zt-107-gudnord\/","url":"https:\/\/ranoja.ee\/toode\/0-poorderaadiusega-murutraktor-zt-107-gudnord\/","name":"0-p\u00f6\u00f6rderaadiusega murutraktor ZT 107, Gudnord - Ranoja","isPartOf":{"@id":"https:\/\/ranoja.ee\/#website"},"primaryImageOfPage":{"@id":"https:\/\/ranoja.ee\/toode\/0-poorderaadiusega-murutraktor-zt-107-gudnord\/#primaryimage"},"image":{"@id":"https:\/\/ranoja.ee\/toode\/0-poorderaadiusega-murutraktor-zt-107-gudnord\/#primaryimage"},"thumbnailUrl":"https:\/\/ranoja.ee\/wp-content\/uploads\/2026\/03\/5637974331.jpg","datePublished":"2026-03-16T23:06:31+00:00","dateModified":"2026-03-17T12:42:05+00:00","breadcrumb":{"@id":"https:\/\/ranoja.ee\/toode\/0-poorderaadiusega-murutraktor-zt-107-gudnord\/#breadcrumb"},"inLanguage":"en-US","potentialAction":[{"@type":"ReadAction","target":["https:\/\/ranoja.ee\/toode\/0-poorderaadiusega-murutraktor-zt-107-gudnord\/"]}]},{"@type":"ImageObject","inLanguage":"en-US","@id":"https:\/\/ranoja.ee\/toode\/0-poorderaadiusega-murutraktor-zt-107-gudnord\/#primaryimage","url":"https:\/\/ranoja.ee\/wp-content\/uploads\/2026\/03\/5637974331.jpg","contentUrl":"https:\/\/ranoja.ee\/wp-content\/uploads\/2026\/03\/5637974331.jpg","width":401,"height":320},{"@type":"BreadcrumbList","@id":"https:\/\/ranoja.ee\/toode\/0-poorderaadiusega-murutraktor-zt-107-gudnord\/#breadcrumb","itemListElement":[{"@type":"ListItem","position":1,"name":"Home","item":"https:\/\/ranoja.ee\/"},{"@type":"ListItem","position":2,"name":"Shop","item":"https:\/\/ranoja.ee\/en\/shop\/"},{"@type":"ListItem","position":3,"name":"0-p\u00f6\u00f6rderaadiusega murutraktor ZT 107, Gudnord"}]},{"@type":"WebSite","@id":"https:\/\/ranoja.ee\/#website","url":"https:\/\/ranoja.ee\/","name":"Ranoja","description":"Equipment Shop WooCommerce WordPress Theme for Machine &amp; Tools","publisher":{"@id":"https:\/\/ranoja.ee\/#organization"},"potentialAction":[{"@type":"SearchAction","target":{"@type":"EntryPoint","urlTemplate":"https:\/\/ranoja.ee\/?s={search_term_string}"},"query-input":{"@type":"PropertyValueSpecification","valueRequired":true,"valueName":"search_term_string"}}],"inLanguage":"en-US"},{"@type":"Organization","@id":"https:\/\/ranoja.ee\/#organization","name":"Ranoja O\u00dc","url":"https:\/\/ranoja.ee\/","logo":{"@type":"ImageObject","inLanguage":"en-US","@id":"https:\/\/ranoja.ee\/#\/schema\/logo\/image\/","url":"https:\/\/ranoja.ee\/wp-content\/uploads\/2023\/11\/ranoja-Logo.png","contentUrl":"https:\/\/ranoja.ee\/wp-content\/uploads\/2023\/11\/ranoja-Logo.png","width":207,"height":58,"caption":"Ranoja O\u00dc"},"image":{"@id":"https:\/\/ranoja.ee\/#\/schema\/logo\/image\/"},"sameAs":["https:\/\/www.facebook.com\/ranoja.ee","https:\/\/www.instagram.com\/ranoja__\/"]}]}},"_links":{"self":[{"href":"https:\/\/ranoja.ee\/en\/wp-json\/wp\/v2\/product\/59107","targetHints":{"allow":["GET"]}}],"collection":[{"href":"https:\/\/ranoja.ee\/en\/wp-json\/wp\/v2\/product"}],"about":[{"href":"https:\/\/ranoja.ee\/en\/wp-json\/wp\/v2\/types\/product"}],"wp:featuredmedia":[{"embeddable":true,"href":"https:\/\/ranoja.ee\/en\/wp-json\/wp\/v2\/media\/59108"}],"wp:attachment":[{"href":"https:\/\/ranoja.ee\/en\/wp-json\/wp\/v2\/media?parent=59107"}],"wp:term":[{"taxonomy":"product_cat","embeddable":true,"href":"https:\/\/ranoja.ee\/en\/wp-json\/wp\/v2\/product_cat?post=59107"},{"taxonomy":"product_tag","embeddable":true,"href":"https:\/\/ranoja.ee\/en\/wp-json\/wp\/v2\/product_tag?post=59107"}],"curies":[{"name":"wp","href":"https:\/\/api.w.org\/{rel}","templated":true}]}}