{"id":59002,"date":"2026-03-17T02:05:12","date_gmt":"2026-03-16T23:05:12","guid":{"rendered":"https:\/\/ranoja.ee\/toode\/kuumaohufoon-r1600-rapid\/"},"modified":"2026-03-17T15:42:07","modified_gmt":"2026-03-17T12:42:07","slug":"kuumaohufoon-r1600-rapid","status":"publish","type":"product","link":"https:\/\/ranoja.ee\/en\/toode\/kuumaohufoon-r1600-rapid\/","title":{"rendered":"Kuuma\u00f5huf\u00f6\u00f6n R1600, Rapid"},"content":{"rendered":"","protected":false},"excerpt":{"rendered":"<p>Igasuguste kergemate isetegemise ja koduste t\u00f6\u00f6de jaoks, nagu s\u00fcgavk\u00fclmikute sulatamine, suuskade vahatamine, kleebiste eemaldamine ja palju muud, on meie R1600 kuuma\u00f5hup\u00fcstol suurep\u00e4rane ja soodsa hinnaga lahendus. Sellel on kaks \u00f5huvoolu taset temperatuurivahemikuga 400\u2013550 \u00b0C, \u00fclekuumenemiskaitse ja stabiilne t\u00f6\u00f6laua asend k\u00e4ed-vabad t\u00f6\u00f6tamiseks.<\/p>\n<p>Omadused<br \/>\nV\u00f5imsus: 1600 W<br \/>\nTemperatuuriseaded: 400\u2013550 \u00b0C<br \/>\n\u00d5huvool 300 l\/min<br \/>\n\u00dclekuumenemiskaitse<\/p>\n","protected":false},"featured_media":59003,"template":"","meta":{"inline_featured_image":false},"product_cat":[5111,5335,5245],"product_tag":[],"class_list":{"0":"post-59002","1":"product","2":"type-product","3":"status-publish","4":"has-post-thumbnail","6":"product_brand-rapid","7":"product_cat-elektrilised-kasitooriistad","8":"product_cat-kuumaohufoonid","9":"product_cat-muud-elektrilised-tooriistad","11":"first","12":"instock","13":"purchasable","14":"product-type-simple"},"yoast_head":"<!-- This site is optimized with the Yoast SEO plugin v27.4 - https:\/\/yoast.com\/product\/yoast-seo-wordpress\/ -->\n<title>Kuuma\u00f5huf\u00f6\u00f6n R1600, Rapid - Ranoja<\/title>\n<meta name=\"robots\" content=\"index, follow, max-snippet:-1, max-image-preview:large, max-video-preview:-1\" \/>\n<link rel=\"canonical\" href=\"https:\/\/ranoja.ee\/toode\/kuumaohufoon-r1600-rapid\/\" \/>\n<meta property=\"og:locale\" content=\"en_US\" \/>\n<meta property=\"og:type\" content=\"article\" \/>\n<meta property=\"og:title\" content=\"Kuuma\u00f5huf\u00f6\u00f6n R1600, Rapid - Ranoja\" \/>\n<meta property=\"og:description\" content=\"Igasuguste kergemate isetegemise ja koduste t\u00f6\u00f6de jaoks, nagu s\u00fcgavk\u00fclmikute sulatamine, suuskade vahatamine, kleebiste eemaldamine ja palju muud, on meie R1600 kuuma\u00f5hup\u00fcstol suurep\u00e4rane ja soodsa hinnaga lahendus. Sellel on kaks \u00f5huvoolu taset temperatuurivahemikuga 400\u2013550 \u00b0C, \u00fclekuumenemiskaitse ja stabiilne t\u00f6\u00f6laua asend k\u00e4ed-vabad t\u00f6\u00f6tamiseks. Omadused V\u00f5imsus: 1600 W Temperatuuriseaded: 400\u2013550 \u00b0C \u00d5huvool 300 l\/min \u00dclekuumenemiskaitse\" \/>\n<meta property=\"og:url\" content=\"https:\/\/ranoja.ee\/toode\/kuumaohufoon-r1600-rapid\/\" \/>\n<meta property=\"og:site_name\" content=\"Ranoja\" \/>\n<meta property=\"article:publisher\" content=\"https:\/\/www.facebook.com\/ranoja.ee\" \/>\n<meta property=\"article:modified_time\" content=\"2026-03-17T12:42:07+00:00\" \/>\n<meta property=\"og:image\" content=\"https:\/\/ranoja.ee\/wp-content\/uploads\/2026\/03\/241743234.jpg\" \/>\n\t<meta property=\"og:image:width\" content=\"600\" \/>\n\t<meta property=\"og:image:height\" content=\"600\" \/>\n\t<meta property=\"og:image:type\" content=\"image\/jpeg\" \/>\n<meta name=\"twitter:card\" content=\"summary_large_image\" \/>\n<script type=\"application\/ld+json\" class=\"yoast-schema-graph\">{\"@context\":\"https:\\\/\\\/schema.org\",\"@graph\":[{\"@type\":\"WebPage\",\"@id\":\"https:\\\/\\\/ranoja.ee\\\/toode\\\/kuumaohufoon-r1600-rapid\\\/\",\"url\":\"https:\\\/\\\/ranoja.ee\\\/toode\\\/kuumaohufoon-r1600-rapid\\\/\",\"name\":\"Kuuma\u00f5huf\u00f6\u00f6n R1600, Rapid - Ranoja\",\"isPartOf\":{\"@id\":\"https:\\\/\\\/ranoja.ee\\\/#website\"},\"primaryImageOfPage\":{\"@id\":\"https:\\\/\\\/ranoja.ee\\\/toode\\\/kuumaohufoon-r1600-rapid\\\/#primaryimage\"},\"image\":{\"@id\":\"https:\\\/\\\/ranoja.ee\\\/toode\\\/kuumaohufoon-r1600-rapid\\\/#primaryimage\"},\"thumbnailUrl\":\"https:\\\/\\\/ranoja.ee\\\/wp-content\\\/uploads\\\/2026\\\/03\\\/241743234.jpg\",\"datePublished\":\"2026-03-16T23:05:12+00:00\",\"dateModified\":\"2026-03-17T12:42:07+00:00\",\"breadcrumb\":{\"@id\":\"https:\\\/\\\/ranoja.ee\\\/toode\\\/kuumaohufoon-r1600-rapid\\\/#breadcrumb\"},\"inLanguage\":\"en-US\",\"potentialAction\":[{\"@type\":\"ReadAction\",\"target\":[\"https:\\\/\\\/ranoja.ee\\\/toode\\\/kuumaohufoon-r1600-rapid\\\/\"]}]},{\"@type\":\"ImageObject\",\"inLanguage\":\"en-US\",\"@id\":\"https:\\\/\\\/ranoja.ee\\\/toode\\\/kuumaohufoon-r1600-rapid\\\/#primaryimage\",\"url\":\"https:\\\/\\\/ranoja.ee\\\/wp-content\\\/uploads\\\/2026\\\/03\\\/241743234.jpg\",\"contentUrl\":\"https:\\\/\\\/ranoja.ee\\\/wp-content\\\/uploads\\\/2026\\\/03\\\/241743234.jpg\",\"width\":600,\"height\":600},{\"@type\":\"BreadcrumbList\",\"@id\":\"https:\\\/\\\/ranoja.ee\\\/toode\\\/kuumaohufoon-r1600-rapid\\\/#breadcrumb\",\"itemListElement\":[{\"@type\":\"ListItem\",\"position\":1,\"name\":\"Home\",\"item\":\"https:\\\/\\\/ranoja.ee\\\/\"},{\"@type\":\"ListItem\",\"position\":2,\"name\":\"Shop\",\"item\":\"https:\\\/\\\/ranoja.ee\\\/en\\\/shop\\\/\"},{\"@type\":\"ListItem\",\"position\":3,\"name\":\"Kuuma\u00f5huf\u00f6\u00f6n R1600, Rapid\"}]},{\"@type\":\"WebSite\",\"@id\":\"https:\\\/\\\/ranoja.ee\\\/#website\",\"url\":\"https:\\\/\\\/ranoja.ee\\\/\",\"name\":\"Ranoja\",\"description\":\"Equipment Shop WooCommerce WordPress Theme for Machine &amp; Tools\",\"publisher\":{\"@id\":\"https:\\\/\\\/ranoja.ee\\\/#organization\"},\"potentialAction\":[{\"@type\":\"SearchAction\",\"target\":{\"@type\":\"EntryPoint\",\"urlTemplate\":\"https:\\\/\\\/ranoja.ee\\\/?s={search_term_string}\"},\"query-input\":{\"@type\":\"PropertyValueSpecification\",\"valueRequired\":true,\"valueName\":\"search_term_string\"}}],\"inLanguage\":\"en-US\"},{\"@type\":\"Organization\",\"@id\":\"https:\\\/\\\/ranoja.ee\\\/#organization\",\"name\":\"Ranoja O\u00dc\",\"url\":\"https:\\\/\\\/ranoja.ee\\\/\",\"logo\":{\"@type\":\"ImageObject\",\"inLanguage\":\"en-US\",\"@id\":\"https:\\\/\\\/ranoja.ee\\\/#\\\/schema\\\/logo\\\/image\\\/\",\"url\":\"https:\\\/\\\/ranoja.ee\\\/wp-content\\\/uploads\\\/2023\\\/11\\\/ranoja-Logo.png\",\"contentUrl\":\"https:\\\/\\\/ranoja.ee\\\/wp-content\\\/uploads\\\/2023\\\/11\\\/ranoja-Logo.png\",\"width\":207,\"height\":58,\"caption\":\"Ranoja O\u00dc\"},\"image\":{\"@id\":\"https:\\\/\\\/ranoja.ee\\\/#\\\/schema\\\/logo\\\/image\\\/\"},\"sameAs\":[\"https:\\\/\\\/www.facebook.com\\\/ranoja.ee\",\"https:\\\/\\\/www.instagram.com\\\/ranoja__\\\/\"]}]}<\/script>\n<!-- \/ Yoast SEO plugin. -->","yoast_head_json":{"title":"Kuuma\u00f5huf\u00f6\u00f6n R1600, Rapid - Ranoja","robots":{"index":"index","follow":"follow","max-snippet":"max-snippet:-1","max-image-preview":"max-image-preview:large","max-video-preview":"max-video-preview:-1"},"canonical":"https:\/\/ranoja.ee\/toode\/kuumaohufoon-r1600-rapid\/","og_locale":"en_US","og_type":"article","og_title":"Kuuma\u00f5huf\u00f6\u00f6n R1600, Rapid - Ranoja","og_description":"Igasuguste kergemate isetegemise ja koduste t\u00f6\u00f6de jaoks, nagu s\u00fcgavk\u00fclmikute sulatamine, suuskade vahatamine, kleebiste eemaldamine ja palju muud, on meie R1600 kuuma\u00f5hup\u00fcstol suurep\u00e4rane ja soodsa hinnaga lahendus. Sellel on kaks \u00f5huvoolu taset temperatuurivahemikuga 400\u2013550 \u00b0C, \u00fclekuumenemiskaitse ja stabiilne t\u00f6\u00f6laua asend k\u00e4ed-vabad t\u00f6\u00f6tamiseks. Omadused V\u00f5imsus: 1600 W Temperatuuriseaded: 400\u2013550 \u00b0C \u00d5huvool 300 l\/min \u00dclekuumenemiskaitse","og_url":"https:\/\/ranoja.ee\/toode\/kuumaohufoon-r1600-rapid\/","og_site_name":"Ranoja","article_publisher":"https:\/\/www.facebook.com\/ranoja.ee","article_modified_time":"2026-03-17T12:42:07+00:00","og_image":[{"width":600,"height":600,"url":"https:\/\/ranoja.ee\/wp-content\/uploads\/2026\/03\/241743234.jpg","type":"image\/jpeg"}],"twitter_card":"summary_large_image","schema":{"@context":"https:\/\/schema.org","@graph":[{"@type":"WebPage","@id":"https:\/\/ranoja.ee\/toode\/kuumaohufoon-r1600-rapid\/","url":"https:\/\/ranoja.ee\/toode\/kuumaohufoon-r1600-rapid\/","name":"Kuuma\u00f5huf\u00f6\u00f6n R1600, Rapid - Ranoja","isPartOf":{"@id":"https:\/\/ranoja.ee\/#website"},"primaryImageOfPage":{"@id":"https:\/\/ranoja.ee\/toode\/kuumaohufoon-r1600-rapid\/#primaryimage"},"image":{"@id":"https:\/\/ranoja.ee\/toode\/kuumaohufoon-r1600-rapid\/#primaryimage"},"thumbnailUrl":"https:\/\/ranoja.ee\/wp-content\/uploads\/2026\/03\/241743234.jpg","datePublished":"2026-03-16T23:05:12+00:00","dateModified":"2026-03-17T12:42:07+00:00","breadcrumb":{"@id":"https:\/\/ranoja.ee\/toode\/kuumaohufoon-r1600-rapid\/#breadcrumb"},"inLanguage":"en-US","potentialAction":[{"@type":"ReadAction","target":["https:\/\/ranoja.ee\/toode\/kuumaohufoon-r1600-rapid\/"]}]},{"@type":"ImageObject","inLanguage":"en-US","@id":"https:\/\/ranoja.ee\/toode\/kuumaohufoon-r1600-rapid\/#primaryimage","url":"https:\/\/ranoja.ee\/wp-content\/uploads\/2026\/03\/241743234.jpg","contentUrl":"https:\/\/ranoja.ee\/wp-content\/uploads\/2026\/03\/241743234.jpg","width":600,"height":600},{"@type":"BreadcrumbList","@id":"https:\/\/ranoja.ee\/toode\/kuumaohufoon-r1600-rapid\/#breadcrumb","itemListElement":[{"@type":"ListItem","position":1,"name":"Home","item":"https:\/\/ranoja.ee\/"},{"@type":"ListItem","position":2,"name":"Shop","item":"https:\/\/ranoja.ee\/en\/shop\/"},{"@type":"ListItem","position":3,"name":"Kuuma\u00f5huf\u00f6\u00f6n R1600, Rapid"}]},{"@type":"WebSite","@id":"https:\/\/ranoja.ee\/#website","url":"https:\/\/ranoja.ee\/","name":"Ranoja","description":"Equipment Shop WooCommerce WordPress Theme for Machine &amp; Tools","publisher":{"@id":"https:\/\/ranoja.ee\/#organization"},"potentialAction":[{"@type":"SearchAction","target":{"@type":"EntryPoint","urlTemplate":"https:\/\/ranoja.ee\/?s={search_term_string}"},"query-input":{"@type":"PropertyValueSpecification","valueRequired":true,"valueName":"search_term_string"}}],"inLanguage":"en-US"},{"@type":"Organization","@id":"https:\/\/ranoja.ee\/#organization","name":"Ranoja O\u00dc","url":"https:\/\/ranoja.ee\/","logo":{"@type":"ImageObject","inLanguage":"en-US","@id":"https:\/\/ranoja.ee\/#\/schema\/logo\/image\/","url":"https:\/\/ranoja.ee\/wp-content\/uploads\/2023\/11\/ranoja-Logo.png","contentUrl":"https:\/\/ranoja.ee\/wp-content\/uploads\/2023\/11\/ranoja-Logo.png","width":207,"height":58,"caption":"Ranoja O\u00dc"},"image":{"@id":"https:\/\/ranoja.ee\/#\/schema\/logo\/image\/"},"sameAs":["https:\/\/www.facebook.com\/ranoja.ee","https:\/\/www.instagram.com\/ranoja__\/"]}]}},"_links":{"self":[{"href":"https:\/\/ranoja.ee\/en\/wp-json\/wp\/v2\/product\/59002","targetHints":{"allow":["GET"]}}],"collection":[{"href":"https:\/\/ranoja.ee\/en\/wp-json\/wp\/v2\/product"}],"about":[{"href":"https:\/\/ranoja.ee\/en\/wp-json\/wp\/v2\/types\/product"}],"wp:featuredmedia":[{"embeddable":true,"href":"https:\/\/ranoja.ee\/en\/wp-json\/wp\/v2\/media\/59003"}],"wp:attachment":[{"href":"https:\/\/ranoja.ee\/en\/wp-json\/wp\/v2\/media?parent=59002"}],"wp:term":[{"taxonomy":"product_cat","embeddable":true,"href":"https:\/\/ranoja.ee\/en\/wp-json\/wp\/v2\/product_cat?post=59002"},{"taxonomy":"product_tag","embeddable":true,"href":"https:\/\/ranoja.ee\/en\/wp-json\/wp\/v2\/product_tag?post=59002"}],"curies":[{"name":"wp","href":"https:\/\/api.w.org\/{rel}","templated":true}]}}