{"id":58980,"date":"2026-03-17T02:05:12","date_gmt":"2026-03-16T23:05:12","guid":{"rendered":"https:\/\/ranoja.ee\/toode\/ehitussaepink-ts310-koos-liugkelgu-kahe-lisalaua-ja-lisaket-scheppach\/"},"modified":"2026-03-17T15:42:09","modified_gmt":"2026-03-17T12:42:09","slug":"ehitussaepink-ts310-koos-liugkelgu-kahe-lisalaua-ja-lisaket-scheppach","status":"publish","type":"product","link":"https:\/\/ranoja.ee\/en\/toode\/ehitussaepink-ts310-koos-liugkelgu-kahe-lisalaua-ja-lisaket-scheppach\/","title":{"rendered":"Ehitussaepink TS310 koos liugkelgu, kahe lisalaua ja lisaket, Scheppach"},"content":{"rendered":"","protected":false},"excerpt":{"rendered":"<p>Mootor: 400 V. Ideaalne t\u00f6\u00f6pink massiivse saematerjali, plaatide ja muu puidutaolise materjali saagimiseks t\u00f6\u00f6kojas ja ehitusplatsil. V\u00e4ga hea hinna\/kvaliteedi suhtega. <\/p>\n<p>M\u00f5\u00f5tmed P\/L\/K: 1110 x 600 x 1050 mm<br \/>\nSaeketas: 315 mm<br \/>\nLaua suurus: 800 x 550 mm<br \/>\nLaua k\u00f5rgus: 800 mm<br \/>\nL\u00f5ikes\u00fcgavus 90\u00b0juures: 83 mm<br \/>\nL\u00f5ikes\u00fcgavus 45\u00b0juures: 49 mm<br \/>\nLiikuva kelgu reguleerimine: 0-45\u00b0<br \/>\nLiikuva kelgu  juhtrelss: 960 mm<br \/>\nMootor: 400 V<br \/>\nSisendv\u00f5imsus 2,8 kW<br \/>\nMootori kiirus: 2800 p\/min<\/p>\n<p>V\u00f5imas 2800 W induktsioonmootor<br \/>\nVastupidav pulberv\u00e4rviga kaetud lehtterasest konstruktsioon ja tsingitud t\u00f6\u00f6laud<br \/>\nPuruimeja liitmik koos imivoolikuga<br \/>\nSaeketta k\u00f5rguse pidev reguleerimine k\u00e4siratta abil<br \/>\n2 k\u00e4epidet ja rattad tagavad h\u00f5lpsa transporditavuse<br \/>\nVastupidav paralleeljuhik<\/p>\n<p>Komplektis k\u00fclgmine ja tagumine t\u00f6\u00f6laud ning lisaketas<\/p>\n","protected":false},"featured_media":58981,"template":"","meta":{"inline_featured_image":false},"product_cat":[5149,5091,5090],"product_tag":[],"class_list":{"0":"post-58980","1":"product","2":"type-product","3":"status-publish","4":"has-post-thumbnail","6":"product_brand-scheppach","7":"product_cat-platesaed","8":"product_cat-saepingid","9":"product_cat-teisaldatavad-toopingid","11":"first","12":"instock","13":"purchasable","14":"product-type-simple"},"yoast_head":"<!-- This site is optimized with the Yoast SEO plugin v27.4 - https:\/\/yoast.com\/product\/yoast-seo-wordpress\/ -->\n<title>Ehitussaepink TS310 koos liugkelgu, kahe lisalaua ja lisaket, Scheppach - Ranoja<\/title>\n<meta name=\"robots\" content=\"index, follow, max-snippet:-1, max-image-preview:large, max-video-preview:-1\" \/>\n<link rel=\"canonical\" href=\"https:\/\/ranoja.ee\/toode\/ehitussaepink-ts310-koos-liugkelgu-kahe-lisalaua-ja-lisaket-scheppach\/\" \/>\n<meta property=\"og:locale\" content=\"en_US\" \/>\n<meta property=\"og:type\" content=\"article\" \/>\n<meta property=\"og:title\" content=\"Ehitussaepink TS310 koos liugkelgu, kahe lisalaua ja lisaket, Scheppach - Ranoja\" \/>\n<meta property=\"og:description\" content=\"Mootor: 400 V. Ideaalne t\u00f6\u00f6pink massiivse saematerjali, plaatide ja muu puidutaolise materjali saagimiseks t\u00f6\u00f6kojas ja ehitusplatsil. V\u00e4ga hea hinna\/kvaliteedi suhtega.  M\u00f5\u00f5tmed P\/L\/K: 1110 x 600 x 1050 mm Saeketas: 315 mm Laua suurus: 800 x 550 mm Laua k\u00f5rgus: 800 mm L\u00f5ikes\u00fcgavus 90\u00b0juures: 83 mm L\u00f5ikes\u00fcgavus 45\u00b0juures: 49 mm Liikuva kelgu reguleerimine: 0-45\u00b0 Liikuva kelgu juhtrelss: 960 mm Mootor: 400 V Sisendv\u00f5imsus 2,8 kW Mootori kiirus: 2800 p\/min V\u00f5imas 2800 W induktsioonmootor Vastupidav pulberv\u00e4rviga kaetud lehtterasest konstruktsioon ja tsingitud t\u00f6\u00f6laud Puruimeja liitmik koos imivoolikuga Saeketta k\u00f5rguse pidev reguleerimine k\u00e4siratta abil 2 k\u00e4epidet ja rattad tagavad h\u00f5lpsa transporditavuse Vastupidav paralleeljuhik Komplektis k\u00fclgmine ja tagumine t\u00f6\u00f6laud ning lisaketas\" \/>\n<meta property=\"og:url\" content=\"https:\/\/ranoja.ee\/toode\/ehitussaepink-ts310-koos-liugkelgu-kahe-lisalaua-ja-lisaket-scheppach\/\" \/>\n<meta property=\"og:site_name\" content=\"Ranoja\" \/>\n<meta property=\"article:publisher\" content=\"https:\/\/www.facebook.com\/ranoja.ee\" \/>\n<meta property=\"article:modified_time\" content=\"2026-03-17T12:42:09+00:00\" \/>\n<meta property=\"og:image\" content=\"https:\/\/ranoja.ee\/wp-content\/uploads\/2026\/03\/232428774.jpg\" \/>\n\t<meta property=\"og:image:width\" content=\"900\" \/>\n\t<meta property=\"og:image:height\" content=\"649\" \/>\n\t<meta property=\"og:image:type\" content=\"image\/jpeg\" \/>\n<meta name=\"twitter:card\" content=\"summary_large_image\" \/>\n<script type=\"application\/ld+json\" class=\"yoast-schema-graph\">{\"@context\":\"https:\\\/\\\/schema.org\",\"@graph\":[{\"@type\":\"WebPage\",\"@id\":\"https:\\\/\\\/ranoja.ee\\\/toode\\\/ehitussaepink-ts310-koos-liugkelgu-kahe-lisalaua-ja-lisaket-scheppach\\\/\",\"url\":\"https:\\\/\\\/ranoja.ee\\\/toode\\\/ehitussaepink-ts310-koos-liugkelgu-kahe-lisalaua-ja-lisaket-scheppach\\\/\",\"name\":\"Ehitussaepink TS310 koos liugkelgu, kahe lisalaua ja lisaket, Scheppach - Ranoja\",\"isPartOf\":{\"@id\":\"https:\\\/\\\/ranoja.ee\\\/#website\"},\"primaryImageOfPage\":{\"@id\":\"https:\\\/\\\/ranoja.ee\\\/toode\\\/ehitussaepink-ts310-koos-liugkelgu-kahe-lisalaua-ja-lisaket-scheppach\\\/#primaryimage\"},\"image\":{\"@id\":\"https:\\\/\\\/ranoja.ee\\\/toode\\\/ehitussaepink-ts310-koos-liugkelgu-kahe-lisalaua-ja-lisaket-scheppach\\\/#primaryimage\"},\"thumbnailUrl\":\"https:\\\/\\\/ranoja.ee\\\/wp-content\\\/uploads\\\/2026\\\/03\\\/232428774.jpg\",\"datePublished\":\"2026-03-16T23:05:12+00:00\",\"dateModified\":\"2026-03-17T12:42:09+00:00\",\"breadcrumb\":{\"@id\":\"https:\\\/\\\/ranoja.ee\\\/toode\\\/ehitussaepink-ts310-koos-liugkelgu-kahe-lisalaua-ja-lisaket-scheppach\\\/#breadcrumb\"},\"inLanguage\":\"en-US\",\"potentialAction\":[{\"@type\":\"ReadAction\",\"target\":[\"https:\\\/\\\/ranoja.ee\\\/toode\\\/ehitussaepink-ts310-koos-liugkelgu-kahe-lisalaua-ja-lisaket-scheppach\\\/\"]}]},{\"@type\":\"ImageObject\",\"inLanguage\":\"en-US\",\"@id\":\"https:\\\/\\\/ranoja.ee\\\/toode\\\/ehitussaepink-ts310-koos-liugkelgu-kahe-lisalaua-ja-lisaket-scheppach\\\/#primaryimage\",\"url\":\"https:\\\/\\\/ranoja.ee\\\/wp-content\\\/uploads\\\/2026\\\/03\\\/232428774.jpg\",\"contentUrl\":\"https:\\\/\\\/ranoja.ee\\\/wp-content\\\/uploads\\\/2026\\\/03\\\/232428774.jpg\",\"width\":900,\"height\":649},{\"@type\":\"BreadcrumbList\",\"@id\":\"https:\\\/\\\/ranoja.ee\\\/toode\\\/ehitussaepink-ts310-koos-liugkelgu-kahe-lisalaua-ja-lisaket-scheppach\\\/#breadcrumb\",\"itemListElement\":[{\"@type\":\"ListItem\",\"position\":1,\"name\":\"Home\",\"item\":\"https:\\\/\\\/ranoja.ee\\\/\"},{\"@type\":\"ListItem\",\"position\":2,\"name\":\"Shop\",\"item\":\"https:\\\/\\\/ranoja.ee\\\/en\\\/shop\\\/\"},{\"@type\":\"ListItem\",\"position\":3,\"name\":\"Ehitussaepink TS310 koos liugkelgu, kahe lisalaua ja lisaket, Scheppach\"}]},{\"@type\":\"WebSite\",\"@id\":\"https:\\\/\\\/ranoja.ee\\\/#website\",\"url\":\"https:\\\/\\\/ranoja.ee\\\/\",\"name\":\"Ranoja\",\"description\":\"Equipment Shop WooCommerce WordPress Theme for Machine &amp; Tools\",\"publisher\":{\"@id\":\"https:\\\/\\\/ranoja.ee\\\/#organization\"},\"potentialAction\":[{\"@type\":\"SearchAction\",\"target\":{\"@type\":\"EntryPoint\",\"urlTemplate\":\"https:\\\/\\\/ranoja.ee\\\/?s={search_term_string}\"},\"query-input\":{\"@type\":\"PropertyValueSpecification\",\"valueRequired\":true,\"valueName\":\"search_term_string\"}}],\"inLanguage\":\"en-US\"},{\"@type\":\"Organization\",\"@id\":\"https:\\\/\\\/ranoja.ee\\\/#organization\",\"name\":\"Ranoja O\u00dc\",\"url\":\"https:\\\/\\\/ranoja.ee\\\/\",\"logo\":{\"@type\":\"ImageObject\",\"inLanguage\":\"en-US\",\"@id\":\"https:\\\/\\\/ranoja.ee\\\/#\\\/schema\\\/logo\\\/image\\\/\",\"url\":\"https:\\\/\\\/ranoja.ee\\\/wp-content\\\/uploads\\\/2023\\\/11\\\/ranoja-Logo.png\",\"contentUrl\":\"https:\\\/\\\/ranoja.ee\\\/wp-content\\\/uploads\\\/2023\\\/11\\\/ranoja-Logo.png\",\"width\":207,\"height\":58,\"caption\":\"Ranoja O\u00dc\"},\"image\":{\"@id\":\"https:\\\/\\\/ranoja.ee\\\/#\\\/schema\\\/logo\\\/image\\\/\"},\"sameAs\":[\"https:\\\/\\\/www.facebook.com\\\/ranoja.ee\",\"https:\\\/\\\/www.instagram.com\\\/ranoja__\\\/\"]}]}<\/script>\n<!-- \/ Yoast SEO plugin. -->","yoast_head_json":{"title":"Ehitussaepink TS310 koos liugkelgu, kahe lisalaua ja lisaket, Scheppach - Ranoja","robots":{"index":"index","follow":"follow","max-snippet":"max-snippet:-1","max-image-preview":"max-image-preview:large","max-video-preview":"max-video-preview:-1"},"canonical":"https:\/\/ranoja.ee\/toode\/ehitussaepink-ts310-koos-liugkelgu-kahe-lisalaua-ja-lisaket-scheppach\/","og_locale":"en_US","og_type":"article","og_title":"Ehitussaepink TS310 koos liugkelgu, kahe lisalaua ja lisaket, Scheppach - Ranoja","og_description":"Mootor: 400 V. Ideaalne t\u00f6\u00f6pink massiivse saematerjali, plaatide ja muu puidutaolise materjali saagimiseks t\u00f6\u00f6kojas ja ehitusplatsil. V\u00e4ga hea hinna\/kvaliteedi suhtega.  M\u00f5\u00f5tmed P\/L\/K: 1110 x 600 x 1050 mm Saeketas: 315 mm Laua suurus: 800 x 550 mm Laua k\u00f5rgus: 800 mm L\u00f5ikes\u00fcgavus 90\u00b0juures: 83 mm L\u00f5ikes\u00fcgavus 45\u00b0juures: 49 mm Liikuva kelgu reguleerimine: 0-45\u00b0 Liikuva kelgu juhtrelss: 960 mm Mootor: 400 V Sisendv\u00f5imsus 2,8 kW Mootori kiirus: 2800 p\/min V\u00f5imas 2800 W induktsioonmootor Vastupidav pulberv\u00e4rviga kaetud lehtterasest konstruktsioon ja tsingitud t\u00f6\u00f6laud Puruimeja liitmik koos imivoolikuga Saeketta k\u00f5rguse pidev reguleerimine k\u00e4siratta abil 2 k\u00e4epidet ja rattad tagavad h\u00f5lpsa transporditavuse Vastupidav paralleeljuhik Komplektis k\u00fclgmine ja tagumine t\u00f6\u00f6laud ning lisaketas","og_url":"https:\/\/ranoja.ee\/toode\/ehitussaepink-ts310-koos-liugkelgu-kahe-lisalaua-ja-lisaket-scheppach\/","og_site_name":"Ranoja","article_publisher":"https:\/\/www.facebook.com\/ranoja.ee","article_modified_time":"2026-03-17T12:42:09+00:00","og_image":[{"width":900,"height":649,"url":"https:\/\/ranoja.ee\/wp-content\/uploads\/2026\/03\/232428774.jpg","type":"image\/jpeg"}],"twitter_card":"summary_large_image","schema":{"@context":"https:\/\/schema.org","@graph":[{"@type":"WebPage","@id":"https:\/\/ranoja.ee\/toode\/ehitussaepink-ts310-koos-liugkelgu-kahe-lisalaua-ja-lisaket-scheppach\/","url":"https:\/\/ranoja.ee\/toode\/ehitussaepink-ts310-koos-liugkelgu-kahe-lisalaua-ja-lisaket-scheppach\/","name":"Ehitussaepink TS310 koos liugkelgu, kahe lisalaua ja lisaket, Scheppach - Ranoja","isPartOf":{"@id":"https:\/\/ranoja.ee\/#website"},"primaryImageOfPage":{"@id":"https:\/\/ranoja.ee\/toode\/ehitussaepink-ts310-koos-liugkelgu-kahe-lisalaua-ja-lisaket-scheppach\/#primaryimage"},"image":{"@id":"https:\/\/ranoja.ee\/toode\/ehitussaepink-ts310-koos-liugkelgu-kahe-lisalaua-ja-lisaket-scheppach\/#primaryimage"},"thumbnailUrl":"https:\/\/ranoja.ee\/wp-content\/uploads\/2026\/03\/232428774.jpg","datePublished":"2026-03-16T23:05:12+00:00","dateModified":"2026-03-17T12:42:09+00:00","breadcrumb":{"@id":"https:\/\/ranoja.ee\/toode\/ehitussaepink-ts310-koos-liugkelgu-kahe-lisalaua-ja-lisaket-scheppach\/#breadcrumb"},"inLanguage":"en-US","potentialAction":[{"@type":"ReadAction","target":["https:\/\/ranoja.ee\/toode\/ehitussaepink-ts310-koos-liugkelgu-kahe-lisalaua-ja-lisaket-scheppach\/"]}]},{"@type":"ImageObject","inLanguage":"en-US","@id":"https:\/\/ranoja.ee\/toode\/ehitussaepink-ts310-koos-liugkelgu-kahe-lisalaua-ja-lisaket-scheppach\/#primaryimage","url":"https:\/\/ranoja.ee\/wp-content\/uploads\/2026\/03\/232428774.jpg","contentUrl":"https:\/\/ranoja.ee\/wp-content\/uploads\/2026\/03\/232428774.jpg","width":900,"height":649},{"@type":"BreadcrumbList","@id":"https:\/\/ranoja.ee\/toode\/ehitussaepink-ts310-koos-liugkelgu-kahe-lisalaua-ja-lisaket-scheppach\/#breadcrumb","itemListElement":[{"@type":"ListItem","position":1,"name":"Home","item":"https:\/\/ranoja.ee\/"},{"@type":"ListItem","position":2,"name":"Shop","item":"https:\/\/ranoja.ee\/en\/shop\/"},{"@type":"ListItem","position":3,"name":"Ehitussaepink TS310 koos liugkelgu, kahe lisalaua ja lisaket, Scheppach"}]},{"@type":"WebSite","@id":"https:\/\/ranoja.ee\/#website","url":"https:\/\/ranoja.ee\/","name":"Ranoja","description":"Equipment Shop WooCommerce WordPress Theme for Machine &amp; Tools","publisher":{"@id":"https:\/\/ranoja.ee\/#organization"},"potentialAction":[{"@type":"SearchAction","target":{"@type":"EntryPoint","urlTemplate":"https:\/\/ranoja.ee\/?s={search_term_string}"},"query-input":{"@type":"PropertyValueSpecification","valueRequired":true,"valueName":"search_term_string"}}],"inLanguage":"en-US"},{"@type":"Organization","@id":"https:\/\/ranoja.ee\/#organization","name":"Ranoja O\u00dc","url":"https:\/\/ranoja.ee\/","logo":{"@type":"ImageObject","inLanguage":"en-US","@id":"https:\/\/ranoja.ee\/#\/schema\/logo\/image\/","url":"https:\/\/ranoja.ee\/wp-content\/uploads\/2023\/11\/ranoja-Logo.png","contentUrl":"https:\/\/ranoja.ee\/wp-content\/uploads\/2023\/11\/ranoja-Logo.png","width":207,"height":58,"caption":"Ranoja O\u00dc"},"image":{"@id":"https:\/\/ranoja.ee\/#\/schema\/logo\/image\/"},"sameAs":["https:\/\/www.facebook.com\/ranoja.ee","https:\/\/www.instagram.com\/ranoja__\/"]}]}},"_links":{"self":[{"href":"https:\/\/ranoja.ee\/en\/wp-json\/wp\/v2\/product\/58980","targetHints":{"allow":["GET"]}}],"collection":[{"href":"https:\/\/ranoja.ee\/en\/wp-json\/wp\/v2\/product"}],"about":[{"href":"https:\/\/ranoja.ee\/en\/wp-json\/wp\/v2\/types\/product"}],"wp:featuredmedia":[{"embeddable":true,"href":"https:\/\/ranoja.ee\/en\/wp-json\/wp\/v2\/media\/58981"}],"wp:attachment":[{"href":"https:\/\/ranoja.ee\/en\/wp-json\/wp\/v2\/media?parent=58980"}],"wp:term":[{"taxonomy":"product_cat","embeddable":true,"href":"https:\/\/ranoja.ee\/en\/wp-json\/wp\/v2\/product_cat?post=58980"},{"taxonomy":"product_tag","embeddable":true,"href":"https:\/\/ranoja.ee\/en\/wp-json\/wp\/v2\/product_tag?post=58980"}],"curies":[{"name":"wp","href":"https:\/\/api.w.org\/{rel}","templated":true}]}}