{"id":58972,"date":"2026-03-17T02:05:12","date_gmt":"2026-03-16T23:05:12","guid":{"rendered":"https:\/\/ranoja.ee\/toode\/poletushaava-plaastrid-sinine-10-pcs-cederroth\/"},"modified":"2026-03-17T15:42:09","modified_gmt":"2026-03-17T12:42:09","slug":"poletushaava-plaastrid-sinine-10-pcs-cederroth","status":"publish","type":"product","link":"https:\/\/ranoja.ee\/en\/toode\/poletushaava-plaastrid-sinine-10-pcs-cederroth\/","title":{"rendered":"P\u00f5letushaava plaastrid, sinine, 10 pcs, Cederroth"},"content":{"rendered":"","protected":false},"excerpt":{"rendered":"<p>H\u00fcdrogeeliga plaastrid, mis kaitsevad ja leevendavad v\u00e4iksemaid p\u00f5letushaavu. <br \/>\nPlaastreid v\u00f5ib kasutada ka v\u00e4iksematel\u00f5ikehaavade ja marrastuste puhul.<br \/>\nPlaastrid on sinist v\u00e4rvi ja sobivad kasutamiseks toiduainetet\u00f6\u00f6stuses.<br \/>\nH\u00fcdrogeel ei kleepu haava k\u00fclge, plaaster on veekindel ja steriilne.<br \/>\nEnne plaastri kasutamist jahuta p\u00f5letust 20 minutit Cederroth p\u00f5letushaava geeliga v\u00f5i leige veega. <\/p>\n<p>Pakendis:<br \/>\n10 plaastrit (74 x 45 mm).<\/p>\n","protected":false},"featured_media":58973,"template":"","meta":{"inline_featured_image":false},"product_cat":[5071,5022],"product_tag":[],"class_list":{"0":"post-58972","1":"product","2":"type-product","3":"status-publish","4":"has-post-thumbnail","6":"product_brand-cederroth","7":"product_cat-esmaabivahendid","8":"product_cat-isikukaitsevahendid","10":"first","11":"outofstock","12":"purchasable","13":"product-type-simple"},"yoast_head":"<!-- This site is optimized with the Yoast SEO plugin v27.4 - https:\/\/yoast.com\/product\/yoast-seo-wordpress\/ -->\n<title>P\u00f5letushaava plaastrid, sinine, 10 pcs, Cederroth - Ranoja<\/title>\n<meta name=\"robots\" content=\"index, follow, max-snippet:-1, max-image-preview:large, max-video-preview:-1\" \/>\n<link rel=\"canonical\" href=\"https:\/\/ranoja.ee\/toode\/poletushaava-plaastrid-sinine-10-pcs-cederroth\/\" \/>\n<meta property=\"og:locale\" content=\"en_US\" \/>\n<meta property=\"og:type\" content=\"article\" \/>\n<meta property=\"og:title\" content=\"P\u00f5letushaava plaastrid, sinine, 10 pcs, Cederroth - Ranoja\" \/>\n<meta property=\"og:description\" content=\"H\u00fcdrogeeliga plaastrid, mis kaitsevad ja leevendavad v\u00e4iksemaid p\u00f5letushaavu. Plaastreid v\u00f5ib kasutada ka v\u00e4iksematel\u00f5ikehaavade ja marrastuste puhul. Plaastrid on sinist v\u00e4rvi ja sobivad kasutamiseks toiduainetet\u00f6\u00f6stuses. H\u00fcdrogeel ei kleepu haava k\u00fclge, plaaster on veekindel ja steriilne. Enne plaastri kasutamist jahuta p\u00f5letust 20 minutit Cederroth p\u00f5letushaava geeliga v\u00f5i leige veega.  Pakendis: 10 plaastrit (74 x 45 mm).\" \/>\n<meta property=\"og:url\" content=\"https:\/\/ranoja.ee\/toode\/poletushaava-plaastrid-sinine-10-pcs-cederroth\/\" \/>\n<meta property=\"og:site_name\" content=\"Ranoja\" \/>\n<meta property=\"article:publisher\" content=\"https:\/\/www.facebook.com\/ranoja.ee\" \/>\n<meta property=\"article:modified_time\" content=\"2026-03-17T12:42:09+00:00\" \/>\n<meta property=\"og:image\" content=\"https:\/\/ranoja.ee\/wp-content\/uploads\/2026\/03\/5637760394.jpg\" \/>\n\t<meta property=\"og:image:width\" content=\"900\" \/>\n\t<meta property=\"og:image:height\" content=\"713\" \/>\n\t<meta property=\"og:image:type\" content=\"image\/jpeg\" \/>\n<meta name=\"twitter:card\" content=\"summary_large_image\" \/>\n<script type=\"application\/ld+json\" class=\"yoast-schema-graph\">{\"@context\":\"https:\\\/\\\/schema.org\",\"@graph\":[{\"@type\":\"WebPage\",\"@id\":\"https:\\\/\\\/ranoja.ee\\\/toode\\\/poletushaava-plaastrid-sinine-10-pcs-cederroth\\\/\",\"url\":\"https:\\\/\\\/ranoja.ee\\\/toode\\\/poletushaava-plaastrid-sinine-10-pcs-cederroth\\\/\",\"name\":\"P\u00f5letushaava plaastrid, sinine, 10 pcs, Cederroth - Ranoja\",\"isPartOf\":{\"@id\":\"https:\\\/\\\/ranoja.ee\\\/#website\"},\"primaryImageOfPage\":{\"@id\":\"https:\\\/\\\/ranoja.ee\\\/toode\\\/poletushaava-plaastrid-sinine-10-pcs-cederroth\\\/#primaryimage\"},\"image\":{\"@id\":\"https:\\\/\\\/ranoja.ee\\\/toode\\\/poletushaava-plaastrid-sinine-10-pcs-cederroth\\\/#primaryimage\"},\"thumbnailUrl\":\"https:\\\/\\\/ranoja.ee\\\/wp-content\\\/uploads\\\/2026\\\/03\\\/5637760394.jpg\",\"datePublished\":\"2026-03-16T23:05:12+00:00\",\"dateModified\":\"2026-03-17T12:42:09+00:00\",\"breadcrumb\":{\"@id\":\"https:\\\/\\\/ranoja.ee\\\/toode\\\/poletushaava-plaastrid-sinine-10-pcs-cederroth\\\/#breadcrumb\"},\"inLanguage\":\"en-US\",\"potentialAction\":[{\"@type\":\"ReadAction\",\"target\":[\"https:\\\/\\\/ranoja.ee\\\/toode\\\/poletushaava-plaastrid-sinine-10-pcs-cederroth\\\/\"]}]},{\"@type\":\"ImageObject\",\"inLanguage\":\"en-US\",\"@id\":\"https:\\\/\\\/ranoja.ee\\\/toode\\\/poletushaava-plaastrid-sinine-10-pcs-cederroth\\\/#primaryimage\",\"url\":\"https:\\\/\\\/ranoja.ee\\\/wp-content\\\/uploads\\\/2026\\\/03\\\/5637760394.jpg\",\"contentUrl\":\"https:\\\/\\\/ranoja.ee\\\/wp-content\\\/uploads\\\/2026\\\/03\\\/5637760394.jpg\",\"width\":900,\"height\":713},{\"@type\":\"BreadcrumbList\",\"@id\":\"https:\\\/\\\/ranoja.ee\\\/toode\\\/poletushaava-plaastrid-sinine-10-pcs-cederroth\\\/#breadcrumb\",\"itemListElement\":[{\"@type\":\"ListItem\",\"position\":1,\"name\":\"Home\",\"item\":\"https:\\\/\\\/ranoja.ee\\\/\"},{\"@type\":\"ListItem\",\"position\":2,\"name\":\"Shop\",\"item\":\"https:\\\/\\\/ranoja.ee\\\/en\\\/shop\\\/\"},{\"@type\":\"ListItem\",\"position\":3,\"name\":\"P\u00f5letushaava plaastrid, sinine, 10 pcs, Cederroth\"}]},{\"@type\":\"WebSite\",\"@id\":\"https:\\\/\\\/ranoja.ee\\\/#website\",\"url\":\"https:\\\/\\\/ranoja.ee\\\/\",\"name\":\"Ranoja\",\"description\":\"Equipment Shop WooCommerce WordPress Theme for Machine &amp; Tools\",\"publisher\":{\"@id\":\"https:\\\/\\\/ranoja.ee\\\/#organization\"},\"potentialAction\":[{\"@type\":\"SearchAction\",\"target\":{\"@type\":\"EntryPoint\",\"urlTemplate\":\"https:\\\/\\\/ranoja.ee\\\/?s={search_term_string}\"},\"query-input\":{\"@type\":\"PropertyValueSpecification\",\"valueRequired\":true,\"valueName\":\"search_term_string\"}}],\"inLanguage\":\"en-US\"},{\"@type\":\"Organization\",\"@id\":\"https:\\\/\\\/ranoja.ee\\\/#organization\",\"name\":\"Ranoja O\u00dc\",\"url\":\"https:\\\/\\\/ranoja.ee\\\/\",\"logo\":{\"@type\":\"ImageObject\",\"inLanguage\":\"en-US\",\"@id\":\"https:\\\/\\\/ranoja.ee\\\/#\\\/schema\\\/logo\\\/image\\\/\",\"url\":\"https:\\\/\\\/ranoja.ee\\\/wp-content\\\/uploads\\\/2023\\\/11\\\/ranoja-Logo.png\",\"contentUrl\":\"https:\\\/\\\/ranoja.ee\\\/wp-content\\\/uploads\\\/2023\\\/11\\\/ranoja-Logo.png\",\"width\":207,\"height\":58,\"caption\":\"Ranoja O\u00dc\"},\"image\":{\"@id\":\"https:\\\/\\\/ranoja.ee\\\/#\\\/schema\\\/logo\\\/image\\\/\"},\"sameAs\":[\"https:\\\/\\\/www.facebook.com\\\/ranoja.ee\",\"https:\\\/\\\/www.instagram.com\\\/ranoja__\\\/\"]}]}<\/script>\n<!-- \/ Yoast SEO plugin. -->","yoast_head_json":{"title":"P\u00f5letushaava plaastrid, sinine, 10 pcs, Cederroth - Ranoja","robots":{"index":"index","follow":"follow","max-snippet":"max-snippet:-1","max-image-preview":"max-image-preview:large","max-video-preview":"max-video-preview:-1"},"canonical":"https:\/\/ranoja.ee\/toode\/poletushaava-plaastrid-sinine-10-pcs-cederroth\/","og_locale":"en_US","og_type":"article","og_title":"P\u00f5letushaava plaastrid, sinine, 10 pcs, Cederroth - Ranoja","og_description":"H\u00fcdrogeeliga plaastrid, mis kaitsevad ja leevendavad v\u00e4iksemaid p\u00f5letushaavu. Plaastreid v\u00f5ib kasutada ka v\u00e4iksematel\u00f5ikehaavade ja marrastuste puhul. Plaastrid on sinist v\u00e4rvi ja sobivad kasutamiseks toiduainetet\u00f6\u00f6stuses. H\u00fcdrogeel ei kleepu haava k\u00fclge, plaaster on veekindel ja steriilne. Enne plaastri kasutamist jahuta p\u00f5letust 20 minutit Cederroth p\u00f5letushaava geeliga v\u00f5i leige veega.  Pakendis: 10 plaastrit (74 x 45 mm).","og_url":"https:\/\/ranoja.ee\/toode\/poletushaava-plaastrid-sinine-10-pcs-cederroth\/","og_site_name":"Ranoja","article_publisher":"https:\/\/www.facebook.com\/ranoja.ee","article_modified_time":"2026-03-17T12:42:09+00:00","og_image":[{"width":900,"height":713,"url":"https:\/\/ranoja.ee\/wp-content\/uploads\/2026\/03\/5637760394.jpg","type":"image\/jpeg"}],"twitter_card":"summary_large_image","schema":{"@context":"https:\/\/schema.org","@graph":[{"@type":"WebPage","@id":"https:\/\/ranoja.ee\/toode\/poletushaava-plaastrid-sinine-10-pcs-cederroth\/","url":"https:\/\/ranoja.ee\/toode\/poletushaava-plaastrid-sinine-10-pcs-cederroth\/","name":"P\u00f5letushaava plaastrid, sinine, 10 pcs, Cederroth - Ranoja","isPartOf":{"@id":"https:\/\/ranoja.ee\/#website"},"primaryImageOfPage":{"@id":"https:\/\/ranoja.ee\/toode\/poletushaava-plaastrid-sinine-10-pcs-cederroth\/#primaryimage"},"image":{"@id":"https:\/\/ranoja.ee\/toode\/poletushaava-plaastrid-sinine-10-pcs-cederroth\/#primaryimage"},"thumbnailUrl":"https:\/\/ranoja.ee\/wp-content\/uploads\/2026\/03\/5637760394.jpg","datePublished":"2026-03-16T23:05:12+00:00","dateModified":"2026-03-17T12:42:09+00:00","breadcrumb":{"@id":"https:\/\/ranoja.ee\/toode\/poletushaava-plaastrid-sinine-10-pcs-cederroth\/#breadcrumb"},"inLanguage":"en-US","potentialAction":[{"@type":"ReadAction","target":["https:\/\/ranoja.ee\/toode\/poletushaava-plaastrid-sinine-10-pcs-cederroth\/"]}]},{"@type":"ImageObject","inLanguage":"en-US","@id":"https:\/\/ranoja.ee\/toode\/poletushaava-plaastrid-sinine-10-pcs-cederroth\/#primaryimage","url":"https:\/\/ranoja.ee\/wp-content\/uploads\/2026\/03\/5637760394.jpg","contentUrl":"https:\/\/ranoja.ee\/wp-content\/uploads\/2026\/03\/5637760394.jpg","width":900,"height":713},{"@type":"BreadcrumbList","@id":"https:\/\/ranoja.ee\/toode\/poletushaava-plaastrid-sinine-10-pcs-cederroth\/#breadcrumb","itemListElement":[{"@type":"ListItem","position":1,"name":"Home","item":"https:\/\/ranoja.ee\/"},{"@type":"ListItem","position":2,"name":"Shop","item":"https:\/\/ranoja.ee\/en\/shop\/"},{"@type":"ListItem","position":3,"name":"P\u00f5letushaava plaastrid, sinine, 10 pcs, Cederroth"}]},{"@type":"WebSite","@id":"https:\/\/ranoja.ee\/#website","url":"https:\/\/ranoja.ee\/","name":"Ranoja","description":"Equipment Shop WooCommerce WordPress Theme for Machine &amp; Tools","publisher":{"@id":"https:\/\/ranoja.ee\/#organization"},"potentialAction":[{"@type":"SearchAction","target":{"@type":"EntryPoint","urlTemplate":"https:\/\/ranoja.ee\/?s={search_term_string}"},"query-input":{"@type":"PropertyValueSpecification","valueRequired":true,"valueName":"search_term_string"}}],"inLanguage":"en-US"},{"@type":"Organization","@id":"https:\/\/ranoja.ee\/#organization","name":"Ranoja O\u00dc","url":"https:\/\/ranoja.ee\/","logo":{"@type":"ImageObject","inLanguage":"en-US","@id":"https:\/\/ranoja.ee\/#\/schema\/logo\/image\/","url":"https:\/\/ranoja.ee\/wp-content\/uploads\/2023\/11\/ranoja-Logo.png","contentUrl":"https:\/\/ranoja.ee\/wp-content\/uploads\/2023\/11\/ranoja-Logo.png","width":207,"height":58,"caption":"Ranoja O\u00dc"},"image":{"@id":"https:\/\/ranoja.ee\/#\/schema\/logo\/image\/"},"sameAs":["https:\/\/www.facebook.com\/ranoja.ee","https:\/\/www.instagram.com\/ranoja__\/"]}]}},"_links":{"self":[{"href":"https:\/\/ranoja.ee\/en\/wp-json\/wp\/v2\/product\/58972","targetHints":{"allow":["GET"]}}],"collection":[{"href":"https:\/\/ranoja.ee\/en\/wp-json\/wp\/v2\/product"}],"about":[{"href":"https:\/\/ranoja.ee\/en\/wp-json\/wp\/v2\/types\/product"}],"wp:featuredmedia":[{"embeddable":true,"href":"https:\/\/ranoja.ee\/en\/wp-json\/wp\/v2\/media\/58973"}],"wp:attachment":[{"href":"https:\/\/ranoja.ee\/en\/wp-json\/wp\/v2\/media?parent=58972"}],"wp:term":[{"taxonomy":"product_cat","embeddable":true,"href":"https:\/\/ranoja.ee\/en\/wp-json\/wp\/v2\/product_cat?post=58972"},{"taxonomy":"product_tag","embeddable":true,"href":"https:\/\/ranoja.ee\/en\/wp-json\/wp\/v2\/product_tag?post=58972"}],"curies":[{"name":"wp","href":"https:\/\/api.w.org\/{rel}","templated":true}]}}