{"id":58960,"date":"2026-03-17T02:04:48","date_gmt":"2026-03-16T23:04:48","guid":{"rendered":"https:\/\/ranoja.ee\/toode\/akuhekiloikuri-ja-sae-komplekt-c-phts410-x-karkass-scheppach\/"},"modified":"2026-03-17T15:42:09","modified_gmt":"2026-03-17T12:42:09","slug":"akuhekiloikuri-ja-sae-komplekt-c-phts410-x-karkass-scheppach","status":"publish","type":"product","link":"https:\/\/ranoja.ee\/en\/toode\/akuhekiloikuri-ja-sae-komplekt-c-phts410-x-karkass-scheppach\/","title":{"rendered":"Akuhekil\u00f5ikuri ja sae komplekt C-PHTS410-X, karkass, Scheppach"},"content":{"rendered":"","protected":false},"excerpt":{"rendered":"<p>20V harimootor<br \/>\nK\u00f5rgl\u00f5ikur:<br \/>\nKett ja latt 203mm Scheppach ProCut, l\u00f5ikepikkus 175 mm<br \/>\nJuhtsoon 1,3 mm<br \/>\nKeti kiirus 4,5 m\/sek<br \/>\n\u00d5lipaagi maht 100ml<br \/>\nKogupikkus 2,35m<\/p>\n<p>Hekip\u00fcgaja:<br \/>\nLati pikkus: 410 mm<br \/>\nKogupikkus: 2,6 m<\/p>\n<p>Hekil\u00f5ikurit on lukustatav 11 erinevasse asendisse, et tagada erinevate operatsioonide mugav teostamine<br \/>\nK\u00f5rgl\u00f5ikur on lukustatav 4 erinevasse asendisse, et tagada erinevate operatsioonide mugav teostamine<br \/>\nAlumiiniumist pikendusvarras v\u00f5imaldab kiiret ja lihtsat reguleerimist ulatumaks raskesti ligip\u00e4\u00e4setavatesse kohtadesse, kuhu tavaliselt p\u00e4\u00e4seb ainult redeliga<br \/>\nReguleeritav kiirlukuga abik\u00e4epide<br \/>\nMetallist reduktor tagab pika ressursi<br \/>\nAutomaatne keti \u00f5litus<br \/>\nT\u00f6\u00f6riistavaba keti pingutus<br \/>\n\u00d5larihm mugavaks t\u00f6\u00f6ks<br \/>\nLaseril\u00f5igatud hekil\u00f5ikuri terad<\/p>\n<p>Sobivad akud ja laadijad: <br \/>\n7909201720&#038;SCHEP Komplekt SBSK2.0 Starterkit 1: 2,0 Ah  aku + 2,4 A laadija<br \/>\n7909201721&#038;SCHEP Komplekt SBSK4.0 Starterkit 2: 4,0Ah aku + 2,4 A laadija<br \/>\n7909201708&#038;SCHEP Aku SBP2.0,  20 V \/ 2,0 Ah, Li-ioon<br \/>\n7909201709&#038;SCHEP Aku SBP4.0, 20 V \/ 4,0 Ah, Li-ioon<br \/>\n7909201711&#038;SCHEP Kiirlaadija SBC4.5A<\/p>\n<p>Scheppachi elektrilised k\u00e4sit\u00f6\u00f6riistad on m\u00f5eldud n\u00f5udlikule hobikasutajale<\/p>\n<p>Pildid on illustreeriva t\u00e4hendusega.<\/p>\n","protected":false},"featured_media":58961,"template":"","meta":{"inline_featured_image":false},"product_cat":[5085,5191,1094,1106],"product_tag":[],"class_list":{"0":"post-58960","1":"product","2":"type-product","3":"status-publish","4":"has-post-thumbnail","6":"product_brand-scheppach","7":"product_cat-aiatehnika-ja-tooriistad","8":"product_cat-akuga-hekiloikurid","9":"product_cat-akutooriistad","10":"product_cat-hekiloikurid","12":"first","13":"instock","14":"purchasable","15":"product-type-simple"},"yoast_head":"<!-- This site is optimized with the Yoast SEO plugin v27.4 - https:\/\/yoast.com\/product\/yoast-seo-wordpress\/ -->\n<title>Akuhekil\u00f5ikuri ja sae komplekt C-PHTS410-X, karkass, Scheppach - Ranoja<\/title>\n<meta name=\"robots\" content=\"index, follow, max-snippet:-1, max-image-preview:large, max-video-preview:-1\" \/>\n<link rel=\"canonical\" href=\"https:\/\/ranoja.ee\/toode\/akuhekiloikuri-ja-sae-komplekt-c-phts410-x-karkass-scheppach\/\" \/>\n<meta property=\"og:locale\" content=\"en_US\" \/>\n<meta property=\"og:type\" content=\"article\" \/>\n<meta property=\"og:title\" content=\"Akuhekil\u00f5ikuri ja sae komplekt C-PHTS410-X, karkass, Scheppach - Ranoja\" \/>\n<meta property=\"og:description\" content=\"20V harimootor K\u00f5rgl\u00f5ikur: Kett ja latt 203mm Scheppach ProCut, l\u00f5ikepikkus 175 mm Juhtsoon 1,3 mm Keti kiirus 4,5 m\/sek \u00d5lipaagi maht 100ml Kogupikkus 2,35m Hekip\u00fcgaja: Lati pikkus: 410 mm Kogupikkus: 2,6 m Hekil\u00f5ikurit on lukustatav 11 erinevasse asendisse, et tagada erinevate operatsioonide mugav teostamine K\u00f5rgl\u00f5ikur on lukustatav 4 erinevasse asendisse, et tagada erinevate operatsioonide mugav teostamine Alumiiniumist pikendusvarras v\u00f5imaldab kiiret ja lihtsat reguleerimist ulatumaks raskesti ligip\u00e4\u00e4setavatesse kohtadesse, kuhu tavaliselt p\u00e4\u00e4seb ainult redeliga Reguleeritav kiirlukuga abik\u00e4epide Metallist reduktor tagab pika ressursi Automaatne keti \u00f5litus T\u00f6\u00f6riistavaba keti pingutus \u00d5larihm mugavaks t\u00f6\u00f6ks Laseril\u00f5igatud hekil\u00f5ikuri terad Sobivad akud ja laadijad: 7909201720&amp;SCHEP Komplekt SBSK2.0 Starterkit 1: 2,0 Ah aku + 2,4 A laadija 7909201721&amp;SCHEP Komplekt SBSK4.0 Starterkit 2: 4,0Ah aku + 2,4 A laadija 7909201708&amp;SCHEP Aku SBP2.0, 20 V \/ 2,0 Ah, Li-ioon 7909201709&amp;SCHEP Aku SBP4.0, 20 V \/ 4,0 Ah, Li-ioon 7909201711&amp;SCHEP Kiirlaadija SBC4.5A Scheppachi elektrilised k\u00e4sit\u00f6\u00f6riistad on m\u00f5eldud n\u00f5udlikule hobikasutajale Pildid on illustreeriva t\u00e4hendusega.\" \/>\n<meta property=\"og:url\" content=\"https:\/\/ranoja.ee\/toode\/akuhekiloikuri-ja-sae-komplekt-c-phts410-x-karkass-scheppach\/\" \/>\n<meta property=\"og:site_name\" content=\"Ranoja\" \/>\n<meta property=\"article:publisher\" content=\"https:\/\/www.facebook.com\/ranoja.ee\" \/>\n<meta property=\"article:modified_time\" content=\"2026-03-17T12:42:09+00:00\" \/>\n<meta property=\"og:image\" content=\"https:\/\/ranoja.ee\/wp-content\/uploads\/2026\/03\/262212719.jpg\" \/>\n\t<meta property=\"og:image:width\" content=\"900\" \/>\n\t<meta property=\"og:image:height\" content=\"602\" \/>\n\t<meta property=\"og:image:type\" content=\"image\/jpeg\" \/>\n<meta name=\"twitter:card\" content=\"summary_large_image\" \/>\n<script type=\"application\/ld+json\" class=\"yoast-schema-graph\">{\"@context\":\"https:\\\/\\\/schema.org\",\"@graph\":[{\"@type\":\"WebPage\",\"@id\":\"https:\\\/\\\/ranoja.ee\\\/toode\\\/akuhekiloikuri-ja-sae-komplekt-c-phts410-x-karkass-scheppach\\\/\",\"url\":\"https:\\\/\\\/ranoja.ee\\\/toode\\\/akuhekiloikuri-ja-sae-komplekt-c-phts410-x-karkass-scheppach\\\/\",\"name\":\"Akuhekil\u00f5ikuri ja sae komplekt C-PHTS410-X, karkass, Scheppach - Ranoja\",\"isPartOf\":{\"@id\":\"https:\\\/\\\/ranoja.ee\\\/#website\"},\"primaryImageOfPage\":{\"@id\":\"https:\\\/\\\/ranoja.ee\\\/toode\\\/akuhekiloikuri-ja-sae-komplekt-c-phts410-x-karkass-scheppach\\\/#primaryimage\"},\"image\":{\"@id\":\"https:\\\/\\\/ranoja.ee\\\/toode\\\/akuhekiloikuri-ja-sae-komplekt-c-phts410-x-karkass-scheppach\\\/#primaryimage\"},\"thumbnailUrl\":\"https:\\\/\\\/ranoja.ee\\\/wp-content\\\/uploads\\\/2026\\\/03\\\/262212719.jpg\",\"datePublished\":\"2026-03-16T23:04:48+00:00\",\"dateModified\":\"2026-03-17T12:42:09+00:00\",\"breadcrumb\":{\"@id\":\"https:\\\/\\\/ranoja.ee\\\/toode\\\/akuhekiloikuri-ja-sae-komplekt-c-phts410-x-karkass-scheppach\\\/#breadcrumb\"},\"inLanguage\":\"en-US\",\"potentialAction\":[{\"@type\":\"ReadAction\",\"target\":[\"https:\\\/\\\/ranoja.ee\\\/toode\\\/akuhekiloikuri-ja-sae-komplekt-c-phts410-x-karkass-scheppach\\\/\"]}]},{\"@type\":\"ImageObject\",\"inLanguage\":\"en-US\",\"@id\":\"https:\\\/\\\/ranoja.ee\\\/toode\\\/akuhekiloikuri-ja-sae-komplekt-c-phts410-x-karkass-scheppach\\\/#primaryimage\",\"url\":\"https:\\\/\\\/ranoja.ee\\\/wp-content\\\/uploads\\\/2026\\\/03\\\/262212719.jpg\",\"contentUrl\":\"https:\\\/\\\/ranoja.ee\\\/wp-content\\\/uploads\\\/2026\\\/03\\\/262212719.jpg\",\"width\":900,\"height\":602},{\"@type\":\"BreadcrumbList\",\"@id\":\"https:\\\/\\\/ranoja.ee\\\/toode\\\/akuhekiloikuri-ja-sae-komplekt-c-phts410-x-karkass-scheppach\\\/#breadcrumb\",\"itemListElement\":[{\"@type\":\"ListItem\",\"position\":1,\"name\":\"Home\",\"item\":\"https:\\\/\\\/ranoja.ee\\\/\"},{\"@type\":\"ListItem\",\"position\":2,\"name\":\"Shop\",\"item\":\"https:\\\/\\\/ranoja.ee\\\/en\\\/shop\\\/\"},{\"@type\":\"ListItem\",\"position\":3,\"name\":\"Akuhekil\u00f5ikuri ja sae komplekt C-PHTS410-X, karkass, Scheppach\"}]},{\"@type\":\"WebSite\",\"@id\":\"https:\\\/\\\/ranoja.ee\\\/#website\",\"url\":\"https:\\\/\\\/ranoja.ee\\\/\",\"name\":\"Ranoja\",\"description\":\"Equipment Shop WooCommerce WordPress Theme for Machine &amp; Tools\",\"publisher\":{\"@id\":\"https:\\\/\\\/ranoja.ee\\\/#organization\"},\"potentialAction\":[{\"@type\":\"SearchAction\",\"target\":{\"@type\":\"EntryPoint\",\"urlTemplate\":\"https:\\\/\\\/ranoja.ee\\\/?s={search_term_string}\"},\"query-input\":{\"@type\":\"PropertyValueSpecification\",\"valueRequired\":true,\"valueName\":\"search_term_string\"}}],\"inLanguage\":\"en-US\"},{\"@type\":\"Organization\",\"@id\":\"https:\\\/\\\/ranoja.ee\\\/#organization\",\"name\":\"Ranoja O\u00dc\",\"url\":\"https:\\\/\\\/ranoja.ee\\\/\",\"logo\":{\"@type\":\"ImageObject\",\"inLanguage\":\"en-US\",\"@id\":\"https:\\\/\\\/ranoja.ee\\\/#\\\/schema\\\/logo\\\/image\\\/\",\"url\":\"https:\\\/\\\/ranoja.ee\\\/wp-content\\\/uploads\\\/2023\\\/11\\\/ranoja-Logo.png\",\"contentUrl\":\"https:\\\/\\\/ranoja.ee\\\/wp-content\\\/uploads\\\/2023\\\/11\\\/ranoja-Logo.png\",\"width\":207,\"height\":58,\"caption\":\"Ranoja O\u00dc\"},\"image\":{\"@id\":\"https:\\\/\\\/ranoja.ee\\\/#\\\/schema\\\/logo\\\/image\\\/\"},\"sameAs\":[\"https:\\\/\\\/www.facebook.com\\\/ranoja.ee\",\"https:\\\/\\\/www.instagram.com\\\/ranoja__\\\/\"]}]}<\/script>\n<!-- \/ Yoast SEO plugin. -->","yoast_head_json":{"title":"Akuhekil\u00f5ikuri ja sae komplekt C-PHTS410-X, karkass, Scheppach - Ranoja","robots":{"index":"index","follow":"follow","max-snippet":"max-snippet:-1","max-image-preview":"max-image-preview:large","max-video-preview":"max-video-preview:-1"},"canonical":"https:\/\/ranoja.ee\/toode\/akuhekiloikuri-ja-sae-komplekt-c-phts410-x-karkass-scheppach\/","og_locale":"en_US","og_type":"article","og_title":"Akuhekil\u00f5ikuri ja sae komplekt C-PHTS410-X, karkass, Scheppach - Ranoja","og_description":"20V harimootor K\u00f5rgl\u00f5ikur: Kett ja latt 203mm Scheppach ProCut, l\u00f5ikepikkus 175 mm Juhtsoon 1,3 mm Keti kiirus 4,5 m\/sek \u00d5lipaagi maht 100ml Kogupikkus 2,35m Hekip\u00fcgaja: Lati pikkus: 410 mm Kogupikkus: 2,6 m Hekil\u00f5ikurit on lukustatav 11 erinevasse asendisse, et tagada erinevate operatsioonide mugav teostamine K\u00f5rgl\u00f5ikur on lukustatav 4 erinevasse asendisse, et tagada erinevate operatsioonide mugav teostamine Alumiiniumist pikendusvarras v\u00f5imaldab kiiret ja lihtsat reguleerimist ulatumaks raskesti ligip\u00e4\u00e4setavatesse kohtadesse, kuhu tavaliselt p\u00e4\u00e4seb ainult redeliga Reguleeritav kiirlukuga abik\u00e4epide Metallist reduktor tagab pika ressursi Automaatne keti \u00f5litus T\u00f6\u00f6riistavaba keti pingutus \u00d5larihm mugavaks t\u00f6\u00f6ks Laseril\u00f5igatud hekil\u00f5ikuri terad Sobivad akud ja laadijad: 7909201720&SCHEP Komplekt SBSK2.0 Starterkit 1: 2,0 Ah aku + 2,4 A laadija 7909201721&SCHEP Komplekt SBSK4.0 Starterkit 2: 4,0Ah aku + 2,4 A laadija 7909201708&SCHEP Aku SBP2.0, 20 V \/ 2,0 Ah, Li-ioon 7909201709&SCHEP Aku SBP4.0, 20 V \/ 4,0 Ah, Li-ioon 7909201711&SCHEP Kiirlaadija SBC4.5A Scheppachi elektrilised k\u00e4sit\u00f6\u00f6riistad on m\u00f5eldud n\u00f5udlikule hobikasutajale Pildid on illustreeriva t\u00e4hendusega.","og_url":"https:\/\/ranoja.ee\/toode\/akuhekiloikuri-ja-sae-komplekt-c-phts410-x-karkass-scheppach\/","og_site_name":"Ranoja","article_publisher":"https:\/\/www.facebook.com\/ranoja.ee","article_modified_time":"2026-03-17T12:42:09+00:00","og_image":[{"width":900,"height":602,"url":"https:\/\/ranoja.ee\/wp-content\/uploads\/2026\/03\/262212719.jpg","type":"image\/jpeg"}],"twitter_card":"summary_large_image","schema":{"@context":"https:\/\/schema.org","@graph":[{"@type":"WebPage","@id":"https:\/\/ranoja.ee\/toode\/akuhekiloikuri-ja-sae-komplekt-c-phts410-x-karkass-scheppach\/","url":"https:\/\/ranoja.ee\/toode\/akuhekiloikuri-ja-sae-komplekt-c-phts410-x-karkass-scheppach\/","name":"Akuhekil\u00f5ikuri ja sae komplekt C-PHTS410-X, karkass, Scheppach - Ranoja","isPartOf":{"@id":"https:\/\/ranoja.ee\/#website"},"primaryImageOfPage":{"@id":"https:\/\/ranoja.ee\/toode\/akuhekiloikuri-ja-sae-komplekt-c-phts410-x-karkass-scheppach\/#primaryimage"},"image":{"@id":"https:\/\/ranoja.ee\/toode\/akuhekiloikuri-ja-sae-komplekt-c-phts410-x-karkass-scheppach\/#primaryimage"},"thumbnailUrl":"https:\/\/ranoja.ee\/wp-content\/uploads\/2026\/03\/262212719.jpg","datePublished":"2026-03-16T23:04:48+00:00","dateModified":"2026-03-17T12:42:09+00:00","breadcrumb":{"@id":"https:\/\/ranoja.ee\/toode\/akuhekiloikuri-ja-sae-komplekt-c-phts410-x-karkass-scheppach\/#breadcrumb"},"inLanguage":"en-US","potentialAction":[{"@type":"ReadAction","target":["https:\/\/ranoja.ee\/toode\/akuhekiloikuri-ja-sae-komplekt-c-phts410-x-karkass-scheppach\/"]}]},{"@type":"ImageObject","inLanguage":"en-US","@id":"https:\/\/ranoja.ee\/toode\/akuhekiloikuri-ja-sae-komplekt-c-phts410-x-karkass-scheppach\/#primaryimage","url":"https:\/\/ranoja.ee\/wp-content\/uploads\/2026\/03\/262212719.jpg","contentUrl":"https:\/\/ranoja.ee\/wp-content\/uploads\/2026\/03\/262212719.jpg","width":900,"height":602},{"@type":"BreadcrumbList","@id":"https:\/\/ranoja.ee\/toode\/akuhekiloikuri-ja-sae-komplekt-c-phts410-x-karkass-scheppach\/#breadcrumb","itemListElement":[{"@type":"ListItem","position":1,"name":"Home","item":"https:\/\/ranoja.ee\/"},{"@type":"ListItem","position":2,"name":"Shop","item":"https:\/\/ranoja.ee\/en\/shop\/"},{"@type":"ListItem","position":3,"name":"Akuhekil\u00f5ikuri ja sae komplekt C-PHTS410-X, karkass, Scheppach"}]},{"@type":"WebSite","@id":"https:\/\/ranoja.ee\/#website","url":"https:\/\/ranoja.ee\/","name":"Ranoja","description":"Equipment Shop WooCommerce WordPress Theme for Machine &amp; Tools","publisher":{"@id":"https:\/\/ranoja.ee\/#organization"},"potentialAction":[{"@type":"SearchAction","target":{"@type":"EntryPoint","urlTemplate":"https:\/\/ranoja.ee\/?s={search_term_string}"},"query-input":{"@type":"PropertyValueSpecification","valueRequired":true,"valueName":"search_term_string"}}],"inLanguage":"en-US"},{"@type":"Organization","@id":"https:\/\/ranoja.ee\/#organization","name":"Ranoja O\u00dc","url":"https:\/\/ranoja.ee\/","logo":{"@type":"ImageObject","inLanguage":"en-US","@id":"https:\/\/ranoja.ee\/#\/schema\/logo\/image\/","url":"https:\/\/ranoja.ee\/wp-content\/uploads\/2023\/11\/ranoja-Logo.png","contentUrl":"https:\/\/ranoja.ee\/wp-content\/uploads\/2023\/11\/ranoja-Logo.png","width":207,"height":58,"caption":"Ranoja O\u00dc"},"image":{"@id":"https:\/\/ranoja.ee\/#\/schema\/logo\/image\/"},"sameAs":["https:\/\/www.facebook.com\/ranoja.ee","https:\/\/www.instagram.com\/ranoja__\/"]}]}},"_links":{"self":[{"href":"https:\/\/ranoja.ee\/en\/wp-json\/wp\/v2\/product\/58960","targetHints":{"allow":["GET"]}}],"collection":[{"href":"https:\/\/ranoja.ee\/en\/wp-json\/wp\/v2\/product"}],"about":[{"href":"https:\/\/ranoja.ee\/en\/wp-json\/wp\/v2\/types\/product"}],"wp:featuredmedia":[{"embeddable":true,"href":"https:\/\/ranoja.ee\/en\/wp-json\/wp\/v2\/media\/58961"}],"wp:attachment":[{"href":"https:\/\/ranoja.ee\/en\/wp-json\/wp\/v2\/media?parent=58960"}],"wp:term":[{"taxonomy":"product_cat","embeddable":true,"href":"https:\/\/ranoja.ee\/en\/wp-json\/wp\/v2\/product_cat?post=58960"},{"taxonomy":"product_tag","embeddable":true,"href":"https:\/\/ranoja.ee\/en\/wp-json\/wp\/v2\/product_tag?post=58960"}],"curies":[{"name":"wp","href":"https:\/\/api.w.org\/{rel}","templated":true}]}}