{"id":58958,"date":"2026-03-17T02:04:48","date_gmt":"2026-03-16T23:04:48","guid":{"rendered":"https:\/\/ranoja.ee\/toode\/gaasipoleti-roflame-4-piezo-c200-gaasile-rothenberger\/"},"modified":"2026-03-17T15:42:09","modified_gmt":"2026-03-17T12:42:09","slug":"gaasipoleti-roflame-4-piezo-c200-gaasile-rothenberger","status":"publish","type":"product","link":"https:\/\/ranoja.ee\/en\/toode\/gaasipoleti-roflame-4-piezo-c200-gaasile-rothenberger\/","title":{"rendered":"Gaasip\u00f5leti ROFLAME 4 PIEZO C200 gaasile, Rothenberger"},"content":{"rendered":"","protected":false},"excerpt":{"rendered":"<p>Roflame 4 piezo sobib pehmejoodisjootmiseks ja muudeks kuumt\u00f6\u00f6deks. Seadmel piezo s\u00fc\u00fctaja, peenreguleeritav leegiventiil ning kummikattega mugav k\u00e4epide. Eelsoojendusega roostevaba p\u00f5leti garanteerib t\u00f6\u00f6 igas asendis ning toimib 360 kraadi, isegi alaspidi kasutades. Seadmes kasutatakse C 200 gaasiballooni (ei ole kaasas).<\/p>\n","protected":false},"featured_media":58959,"template":"","meta":{"inline_featured_image":false},"product_cat":[5256,5044,5043],"product_tag":[],"class_list":{"0":"post-58958","1":"product","2":"type-product","3":"status-publish","4":"has-post-thumbnail","6":"product_brand-rothenberger","7":"product_cat-gaasipoletid","8":"product_cat-jootetooriistad-ja-tarvikud","9":"product_cat-torutooriistad","11":"first","12":"instock","13":"purchasable","14":"product-type-simple"},"yoast_head":"<!-- This site is optimized with the Yoast SEO plugin v27.4 - https:\/\/yoast.com\/product\/yoast-seo-wordpress\/ -->\n<title>Gaasip\u00f5leti ROFLAME 4 PIEZO C200 gaasile, Rothenberger - Ranoja<\/title>\n<meta name=\"robots\" content=\"index, follow, max-snippet:-1, max-image-preview:large, max-video-preview:-1\" \/>\n<link rel=\"canonical\" href=\"https:\/\/ranoja.ee\/toode\/gaasipoleti-roflame-4-piezo-c200-gaasile-rothenberger\/\" \/>\n<meta property=\"og:locale\" content=\"en_US\" \/>\n<meta property=\"og:type\" content=\"article\" \/>\n<meta property=\"og:title\" content=\"Gaasip\u00f5leti ROFLAME 4 PIEZO C200 gaasile, Rothenberger - Ranoja\" \/>\n<meta property=\"og:description\" content=\"Roflame 4 piezo sobib pehmejoodisjootmiseks ja muudeks kuumt\u00f6\u00f6deks. Seadmel piezo s\u00fc\u00fctaja, peenreguleeritav leegiventiil ning kummikattega mugav k\u00e4epide. Eelsoojendusega roostevaba p\u00f5leti garanteerib t\u00f6\u00f6 igas asendis ning toimib 360 kraadi, isegi alaspidi kasutades. Seadmes kasutatakse C 200 gaasiballooni (ei ole kaasas).\" \/>\n<meta property=\"og:url\" content=\"https:\/\/ranoja.ee\/toode\/gaasipoleti-roflame-4-piezo-c200-gaasile-rothenberger\/\" \/>\n<meta property=\"og:site_name\" content=\"Ranoja\" \/>\n<meta property=\"article:publisher\" content=\"https:\/\/www.facebook.com\/ranoja.ee\" \/>\n<meta property=\"article:modified_time\" content=\"2026-03-17T12:42:09+00:00\" \/>\n<meta property=\"og:image\" content=\"https:\/\/ranoja.ee\/wp-content\/uploads\/2026\/03\/166287268.jpg\" \/>\n\t<meta property=\"og:image:width\" content=\"900\" \/>\n\t<meta property=\"og:image:height\" content=\"600\" \/>\n\t<meta property=\"og:image:type\" content=\"image\/jpeg\" \/>\n<meta name=\"twitter:card\" content=\"summary_large_image\" \/>\n<script type=\"application\/ld+json\" class=\"yoast-schema-graph\">{\"@context\":\"https:\\\/\\\/schema.org\",\"@graph\":[{\"@type\":\"WebPage\",\"@id\":\"https:\\\/\\\/ranoja.ee\\\/toode\\\/gaasipoleti-roflame-4-piezo-c200-gaasile-rothenberger\\\/\",\"url\":\"https:\\\/\\\/ranoja.ee\\\/toode\\\/gaasipoleti-roflame-4-piezo-c200-gaasile-rothenberger\\\/\",\"name\":\"Gaasip\u00f5leti ROFLAME 4 PIEZO C200 gaasile, Rothenberger - Ranoja\",\"isPartOf\":{\"@id\":\"https:\\\/\\\/ranoja.ee\\\/#website\"},\"primaryImageOfPage\":{\"@id\":\"https:\\\/\\\/ranoja.ee\\\/toode\\\/gaasipoleti-roflame-4-piezo-c200-gaasile-rothenberger\\\/#primaryimage\"},\"image\":{\"@id\":\"https:\\\/\\\/ranoja.ee\\\/toode\\\/gaasipoleti-roflame-4-piezo-c200-gaasile-rothenberger\\\/#primaryimage\"},\"thumbnailUrl\":\"https:\\\/\\\/ranoja.ee\\\/wp-content\\\/uploads\\\/2026\\\/03\\\/166287268.jpg\",\"datePublished\":\"2026-03-16T23:04:48+00:00\",\"dateModified\":\"2026-03-17T12:42:09+00:00\",\"breadcrumb\":{\"@id\":\"https:\\\/\\\/ranoja.ee\\\/toode\\\/gaasipoleti-roflame-4-piezo-c200-gaasile-rothenberger\\\/#breadcrumb\"},\"inLanguage\":\"en-US\",\"potentialAction\":[{\"@type\":\"ReadAction\",\"target\":[\"https:\\\/\\\/ranoja.ee\\\/toode\\\/gaasipoleti-roflame-4-piezo-c200-gaasile-rothenberger\\\/\"]}]},{\"@type\":\"ImageObject\",\"inLanguage\":\"en-US\",\"@id\":\"https:\\\/\\\/ranoja.ee\\\/toode\\\/gaasipoleti-roflame-4-piezo-c200-gaasile-rothenberger\\\/#primaryimage\",\"url\":\"https:\\\/\\\/ranoja.ee\\\/wp-content\\\/uploads\\\/2026\\\/03\\\/166287268.jpg\",\"contentUrl\":\"https:\\\/\\\/ranoja.ee\\\/wp-content\\\/uploads\\\/2026\\\/03\\\/166287268.jpg\",\"width\":900,\"height\":600},{\"@type\":\"BreadcrumbList\",\"@id\":\"https:\\\/\\\/ranoja.ee\\\/toode\\\/gaasipoleti-roflame-4-piezo-c200-gaasile-rothenberger\\\/#breadcrumb\",\"itemListElement\":[{\"@type\":\"ListItem\",\"position\":1,\"name\":\"Home\",\"item\":\"https:\\\/\\\/ranoja.ee\\\/\"},{\"@type\":\"ListItem\",\"position\":2,\"name\":\"Shop\",\"item\":\"https:\\\/\\\/ranoja.ee\\\/en\\\/shop\\\/\"},{\"@type\":\"ListItem\",\"position\":3,\"name\":\"Gaasip\u00f5leti ROFLAME 4 PIEZO C200 gaasile, Rothenberger\"}]},{\"@type\":\"WebSite\",\"@id\":\"https:\\\/\\\/ranoja.ee\\\/#website\",\"url\":\"https:\\\/\\\/ranoja.ee\\\/\",\"name\":\"Ranoja\",\"description\":\"Equipment Shop WooCommerce WordPress Theme for Machine &amp; Tools\",\"publisher\":{\"@id\":\"https:\\\/\\\/ranoja.ee\\\/#organization\"},\"potentialAction\":[{\"@type\":\"SearchAction\",\"target\":{\"@type\":\"EntryPoint\",\"urlTemplate\":\"https:\\\/\\\/ranoja.ee\\\/?s={search_term_string}\"},\"query-input\":{\"@type\":\"PropertyValueSpecification\",\"valueRequired\":true,\"valueName\":\"search_term_string\"}}],\"inLanguage\":\"en-US\"},{\"@type\":\"Organization\",\"@id\":\"https:\\\/\\\/ranoja.ee\\\/#organization\",\"name\":\"Ranoja O\u00dc\",\"url\":\"https:\\\/\\\/ranoja.ee\\\/\",\"logo\":{\"@type\":\"ImageObject\",\"inLanguage\":\"en-US\",\"@id\":\"https:\\\/\\\/ranoja.ee\\\/#\\\/schema\\\/logo\\\/image\\\/\",\"url\":\"https:\\\/\\\/ranoja.ee\\\/wp-content\\\/uploads\\\/2023\\\/11\\\/ranoja-Logo.png\",\"contentUrl\":\"https:\\\/\\\/ranoja.ee\\\/wp-content\\\/uploads\\\/2023\\\/11\\\/ranoja-Logo.png\",\"width\":207,\"height\":58,\"caption\":\"Ranoja O\u00dc\"},\"image\":{\"@id\":\"https:\\\/\\\/ranoja.ee\\\/#\\\/schema\\\/logo\\\/image\\\/\"},\"sameAs\":[\"https:\\\/\\\/www.facebook.com\\\/ranoja.ee\",\"https:\\\/\\\/www.instagram.com\\\/ranoja__\\\/\"]}]}<\/script>\n<!-- \/ Yoast SEO plugin. -->","yoast_head_json":{"title":"Gaasip\u00f5leti ROFLAME 4 PIEZO C200 gaasile, Rothenberger - Ranoja","robots":{"index":"index","follow":"follow","max-snippet":"max-snippet:-1","max-image-preview":"max-image-preview:large","max-video-preview":"max-video-preview:-1"},"canonical":"https:\/\/ranoja.ee\/toode\/gaasipoleti-roflame-4-piezo-c200-gaasile-rothenberger\/","og_locale":"en_US","og_type":"article","og_title":"Gaasip\u00f5leti ROFLAME 4 PIEZO C200 gaasile, Rothenberger - Ranoja","og_description":"Roflame 4 piezo sobib pehmejoodisjootmiseks ja muudeks kuumt\u00f6\u00f6deks. Seadmel piezo s\u00fc\u00fctaja, peenreguleeritav leegiventiil ning kummikattega mugav k\u00e4epide. Eelsoojendusega roostevaba p\u00f5leti garanteerib t\u00f6\u00f6 igas asendis ning toimib 360 kraadi, isegi alaspidi kasutades. Seadmes kasutatakse C 200 gaasiballooni (ei ole kaasas).","og_url":"https:\/\/ranoja.ee\/toode\/gaasipoleti-roflame-4-piezo-c200-gaasile-rothenberger\/","og_site_name":"Ranoja","article_publisher":"https:\/\/www.facebook.com\/ranoja.ee","article_modified_time":"2026-03-17T12:42:09+00:00","og_image":[{"width":900,"height":600,"url":"https:\/\/ranoja.ee\/wp-content\/uploads\/2026\/03\/166287268.jpg","type":"image\/jpeg"}],"twitter_card":"summary_large_image","schema":{"@context":"https:\/\/schema.org","@graph":[{"@type":"WebPage","@id":"https:\/\/ranoja.ee\/toode\/gaasipoleti-roflame-4-piezo-c200-gaasile-rothenberger\/","url":"https:\/\/ranoja.ee\/toode\/gaasipoleti-roflame-4-piezo-c200-gaasile-rothenberger\/","name":"Gaasip\u00f5leti ROFLAME 4 PIEZO C200 gaasile, Rothenberger - Ranoja","isPartOf":{"@id":"https:\/\/ranoja.ee\/#website"},"primaryImageOfPage":{"@id":"https:\/\/ranoja.ee\/toode\/gaasipoleti-roflame-4-piezo-c200-gaasile-rothenberger\/#primaryimage"},"image":{"@id":"https:\/\/ranoja.ee\/toode\/gaasipoleti-roflame-4-piezo-c200-gaasile-rothenberger\/#primaryimage"},"thumbnailUrl":"https:\/\/ranoja.ee\/wp-content\/uploads\/2026\/03\/166287268.jpg","datePublished":"2026-03-16T23:04:48+00:00","dateModified":"2026-03-17T12:42:09+00:00","breadcrumb":{"@id":"https:\/\/ranoja.ee\/toode\/gaasipoleti-roflame-4-piezo-c200-gaasile-rothenberger\/#breadcrumb"},"inLanguage":"en-US","potentialAction":[{"@type":"ReadAction","target":["https:\/\/ranoja.ee\/toode\/gaasipoleti-roflame-4-piezo-c200-gaasile-rothenberger\/"]}]},{"@type":"ImageObject","inLanguage":"en-US","@id":"https:\/\/ranoja.ee\/toode\/gaasipoleti-roflame-4-piezo-c200-gaasile-rothenberger\/#primaryimage","url":"https:\/\/ranoja.ee\/wp-content\/uploads\/2026\/03\/166287268.jpg","contentUrl":"https:\/\/ranoja.ee\/wp-content\/uploads\/2026\/03\/166287268.jpg","width":900,"height":600},{"@type":"BreadcrumbList","@id":"https:\/\/ranoja.ee\/toode\/gaasipoleti-roflame-4-piezo-c200-gaasile-rothenberger\/#breadcrumb","itemListElement":[{"@type":"ListItem","position":1,"name":"Home","item":"https:\/\/ranoja.ee\/"},{"@type":"ListItem","position":2,"name":"Shop","item":"https:\/\/ranoja.ee\/en\/shop\/"},{"@type":"ListItem","position":3,"name":"Gaasip\u00f5leti ROFLAME 4 PIEZO C200 gaasile, Rothenberger"}]},{"@type":"WebSite","@id":"https:\/\/ranoja.ee\/#website","url":"https:\/\/ranoja.ee\/","name":"Ranoja","description":"Equipment Shop WooCommerce WordPress Theme for Machine &amp; Tools","publisher":{"@id":"https:\/\/ranoja.ee\/#organization"},"potentialAction":[{"@type":"SearchAction","target":{"@type":"EntryPoint","urlTemplate":"https:\/\/ranoja.ee\/?s={search_term_string}"},"query-input":{"@type":"PropertyValueSpecification","valueRequired":true,"valueName":"search_term_string"}}],"inLanguage":"en-US"},{"@type":"Organization","@id":"https:\/\/ranoja.ee\/#organization","name":"Ranoja O\u00dc","url":"https:\/\/ranoja.ee\/","logo":{"@type":"ImageObject","inLanguage":"en-US","@id":"https:\/\/ranoja.ee\/#\/schema\/logo\/image\/","url":"https:\/\/ranoja.ee\/wp-content\/uploads\/2023\/11\/ranoja-Logo.png","contentUrl":"https:\/\/ranoja.ee\/wp-content\/uploads\/2023\/11\/ranoja-Logo.png","width":207,"height":58,"caption":"Ranoja O\u00dc"},"image":{"@id":"https:\/\/ranoja.ee\/#\/schema\/logo\/image\/"},"sameAs":["https:\/\/www.facebook.com\/ranoja.ee","https:\/\/www.instagram.com\/ranoja__\/"]}]}},"_links":{"self":[{"href":"https:\/\/ranoja.ee\/en\/wp-json\/wp\/v2\/product\/58958","targetHints":{"allow":["GET"]}}],"collection":[{"href":"https:\/\/ranoja.ee\/en\/wp-json\/wp\/v2\/product"}],"about":[{"href":"https:\/\/ranoja.ee\/en\/wp-json\/wp\/v2\/types\/product"}],"wp:featuredmedia":[{"embeddable":true,"href":"https:\/\/ranoja.ee\/en\/wp-json\/wp\/v2\/media\/58959"}],"wp:attachment":[{"href":"https:\/\/ranoja.ee\/en\/wp-json\/wp\/v2\/media?parent=58958"}],"wp:term":[{"taxonomy":"product_cat","embeddable":true,"href":"https:\/\/ranoja.ee\/en\/wp-json\/wp\/v2\/product_cat?post=58958"},{"taxonomy":"product_tag","embeddable":true,"href":"https:\/\/ranoja.ee\/en\/wp-json\/wp\/v2\/product_tag?post=58958"}],"curies":[{"name":"wp","href":"https:\/\/api.w.org\/{rel}","templated":true}]}}