{"id":58954,"date":"2026-03-17T02:04:48","date_gmt":"2026-03-16T23:04:48","guid":{"rendered":"https:\/\/ranoja.ee\/toode\/kompressor-hc30ox-olivaba-scheppach\/"},"modified":"2026-03-17T15:42:09","modified_gmt":"2026-03-17T12:42:09","slug":"kompressor-hc30ox-olivaba-scheppach","status":"publish","type":"product","link":"https:\/\/ranoja.ee\/en\/toode\/kompressor-hc30ox-olivaba-scheppach\/","title":{"rendered":"Kompressor HC30ox \u00f5livaba, Scheppach"},"content":{"rendered":"","protected":false},"excerpt":{"rendered":"<p>Mootor 1,1kW (230V), paak 24 liitrit, t\u00f6\u00f6surve 8 bar, sisset\u00f5mme 200 l\/min, \u00f5livaba, m\u00fcratase 97 dB, paagil kondensaadi eraldmaiseks kraan.<\/p>\n<p>HC 30ox pakub fantastilist kombinatsiooni j\u00f5udlusest, turvalisusest ning rahalisest v\u00e4\u00e4rtusest. Ta on kompaktne ja mobiilne, kaal vaid 18,3 kg, mugav k\u00e4epide lihtsaks liigutamiseks, suured rattad.<br \/>\nKonstrueeritud asjaarmastajatele, hobi ja poolprofessionaalsetele kasutajatele ja sobib v\u00e4rvimiseks, rehvide pumpamiseks, suru\u00f5hup\u00fcstoliga puhastamiseks, klammerdamiseks jne.<\/p>\n<p>R\u00f5huregulaator manomeeteriga ja kiir\u00fchendusliide.<\/p>\n","protected":false},"featured_media":58955,"template":"","meta":{"inline_featured_image":false},"product_cat":[5254,5136],"product_tag":[],"class_list":{"0":"post-58954","1":"product","2":"type-product","3":"status-publish","4":"has-post-thumbnail","6":"product_brand-scheppach","7":"product_cat-kolbkompressorid","8":"product_cat-suruohutooriistad-ja-kompressorid","10":"first","11":"instock","12":"purchasable","13":"product-type-simple"},"yoast_head":"<!-- This site is optimized with the Yoast SEO plugin v27.4 - https:\/\/yoast.com\/product\/yoast-seo-wordpress\/ -->\n<title>Kompressor HC30ox \u00f5livaba, Scheppach - Ranoja<\/title>\n<meta name=\"robots\" content=\"index, follow, max-snippet:-1, max-image-preview:large, max-video-preview:-1\" \/>\n<link rel=\"canonical\" href=\"https:\/\/ranoja.ee\/toode\/kompressor-hc30ox-olivaba-scheppach\/\" \/>\n<meta property=\"og:locale\" content=\"en_US\" \/>\n<meta property=\"og:type\" content=\"article\" \/>\n<meta property=\"og:title\" content=\"Kompressor HC30ox \u00f5livaba, Scheppach - Ranoja\" \/>\n<meta property=\"og:description\" content=\"Mootor 1,1kW (230V), paak 24 liitrit, t\u00f6\u00f6surve 8 bar, sisset\u00f5mme 200 l\/min, \u00f5livaba, m\u00fcratase 97 dB, paagil kondensaadi eraldmaiseks kraan. HC 30ox pakub fantastilist kombinatsiooni j\u00f5udlusest, turvalisusest ning rahalisest v\u00e4\u00e4rtusest. Ta on kompaktne ja mobiilne, kaal vaid 18,3 kg, mugav k\u00e4epide lihtsaks liigutamiseks, suured rattad. Konstrueeritud asjaarmastajatele, hobi ja poolprofessionaalsetele kasutajatele ja sobib v\u00e4rvimiseks, rehvide pumpamiseks, suru\u00f5hup\u00fcstoliga puhastamiseks, klammerdamiseks jne. R\u00f5huregulaator manomeeteriga ja kiir\u00fchendusliide.\" \/>\n<meta property=\"og:url\" content=\"https:\/\/ranoja.ee\/toode\/kompressor-hc30ox-olivaba-scheppach\/\" \/>\n<meta property=\"og:site_name\" content=\"Ranoja\" \/>\n<meta property=\"article:publisher\" content=\"https:\/\/www.facebook.com\/ranoja.ee\" \/>\n<meta property=\"article:modified_time\" content=\"2026-03-17T12:42:09+00:00\" \/>\n<meta property=\"og:image\" content=\"https:\/\/ranoja.ee\/wp-content\/uploads\/2026\/03\/245253038.jpg\" \/>\n\t<meta property=\"og:image:width\" content=\"768\" \/>\n\t<meta property=\"og:image:height\" content=\"768\" \/>\n\t<meta property=\"og:image:type\" content=\"image\/jpeg\" \/>\n<meta name=\"twitter:card\" content=\"summary_large_image\" \/>\n<script type=\"application\/ld+json\" class=\"yoast-schema-graph\">{\"@context\":\"https:\\\/\\\/schema.org\",\"@graph\":[{\"@type\":\"WebPage\",\"@id\":\"https:\\\/\\\/ranoja.ee\\\/toode\\\/kompressor-hc30ox-olivaba-scheppach\\\/\",\"url\":\"https:\\\/\\\/ranoja.ee\\\/toode\\\/kompressor-hc30ox-olivaba-scheppach\\\/\",\"name\":\"Kompressor HC30ox \u00f5livaba, Scheppach - Ranoja\",\"isPartOf\":{\"@id\":\"https:\\\/\\\/ranoja.ee\\\/#website\"},\"primaryImageOfPage\":{\"@id\":\"https:\\\/\\\/ranoja.ee\\\/toode\\\/kompressor-hc30ox-olivaba-scheppach\\\/#primaryimage\"},\"image\":{\"@id\":\"https:\\\/\\\/ranoja.ee\\\/toode\\\/kompressor-hc30ox-olivaba-scheppach\\\/#primaryimage\"},\"thumbnailUrl\":\"https:\\\/\\\/ranoja.ee\\\/wp-content\\\/uploads\\\/2026\\\/03\\\/245253038.jpg\",\"datePublished\":\"2026-03-16T23:04:48+00:00\",\"dateModified\":\"2026-03-17T12:42:09+00:00\",\"breadcrumb\":{\"@id\":\"https:\\\/\\\/ranoja.ee\\\/toode\\\/kompressor-hc30ox-olivaba-scheppach\\\/#breadcrumb\"},\"inLanguage\":\"en-US\",\"potentialAction\":[{\"@type\":\"ReadAction\",\"target\":[\"https:\\\/\\\/ranoja.ee\\\/toode\\\/kompressor-hc30ox-olivaba-scheppach\\\/\"]}]},{\"@type\":\"ImageObject\",\"inLanguage\":\"en-US\",\"@id\":\"https:\\\/\\\/ranoja.ee\\\/toode\\\/kompressor-hc30ox-olivaba-scheppach\\\/#primaryimage\",\"url\":\"https:\\\/\\\/ranoja.ee\\\/wp-content\\\/uploads\\\/2026\\\/03\\\/245253038.jpg\",\"contentUrl\":\"https:\\\/\\\/ranoja.ee\\\/wp-content\\\/uploads\\\/2026\\\/03\\\/245253038.jpg\",\"width\":768,\"height\":768},{\"@type\":\"BreadcrumbList\",\"@id\":\"https:\\\/\\\/ranoja.ee\\\/toode\\\/kompressor-hc30ox-olivaba-scheppach\\\/#breadcrumb\",\"itemListElement\":[{\"@type\":\"ListItem\",\"position\":1,\"name\":\"Home\",\"item\":\"https:\\\/\\\/ranoja.ee\\\/\"},{\"@type\":\"ListItem\",\"position\":2,\"name\":\"Shop\",\"item\":\"https:\\\/\\\/ranoja.ee\\\/en\\\/shop\\\/\"},{\"@type\":\"ListItem\",\"position\":3,\"name\":\"Kompressor HC30ox \u00f5livaba, Scheppach\"}]},{\"@type\":\"WebSite\",\"@id\":\"https:\\\/\\\/ranoja.ee\\\/#website\",\"url\":\"https:\\\/\\\/ranoja.ee\\\/\",\"name\":\"Ranoja\",\"description\":\"Equipment Shop WooCommerce WordPress Theme for Machine &amp; Tools\",\"publisher\":{\"@id\":\"https:\\\/\\\/ranoja.ee\\\/#organization\"},\"potentialAction\":[{\"@type\":\"SearchAction\",\"target\":{\"@type\":\"EntryPoint\",\"urlTemplate\":\"https:\\\/\\\/ranoja.ee\\\/?s={search_term_string}\"},\"query-input\":{\"@type\":\"PropertyValueSpecification\",\"valueRequired\":true,\"valueName\":\"search_term_string\"}}],\"inLanguage\":\"en-US\"},{\"@type\":\"Organization\",\"@id\":\"https:\\\/\\\/ranoja.ee\\\/#organization\",\"name\":\"Ranoja O\u00dc\",\"url\":\"https:\\\/\\\/ranoja.ee\\\/\",\"logo\":{\"@type\":\"ImageObject\",\"inLanguage\":\"en-US\",\"@id\":\"https:\\\/\\\/ranoja.ee\\\/#\\\/schema\\\/logo\\\/image\\\/\",\"url\":\"https:\\\/\\\/ranoja.ee\\\/wp-content\\\/uploads\\\/2023\\\/11\\\/ranoja-Logo.png\",\"contentUrl\":\"https:\\\/\\\/ranoja.ee\\\/wp-content\\\/uploads\\\/2023\\\/11\\\/ranoja-Logo.png\",\"width\":207,\"height\":58,\"caption\":\"Ranoja O\u00dc\"},\"image\":{\"@id\":\"https:\\\/\\\/ranoja.ee\\\/#\\\/schema\\\/logo\\\/image\\\/\"},\"sameAs\":[\"https:\\\/\\\/www.facebook.com\\\/ranoja.ee\",\"https:\\\/\\\/www.instagram.com\\\/ranoja__\\\/\"]}]}<\/script>\n<!-- \/ Yoast SEO plugin. -->","yoast_head_json":{"title":"Kompressor HC30ox \u00f5livaba, Scheppach - Ranoja","robots":{"index":"index","follow":"follow","max-snippet":"max-snippet:-1","max-image-preview":"max-image-preview:large","max-video-preview":"max-video-preview:-1"},"canonical":"https:\/\/ranoja.ee\/toode\/kompressor-hc30ox-olivaba-scheppach\/","og_locale":"en_US","og_type":"article","og_title":"Kompressor HC30ox \u00f5livaba, Scheppach - Ranoja","og_description":"Mootor 1,1kW (230V), paak 24 liitrit, t\u00f6\u00f6surve 8 bar, sisset\u00f5mme 200 l\/min, \u00f5livaba, m\u00fcratase 97 dB, paagil kondensaadi eraldmaiseks kraan. HC 30ox pakub fantastilist kombinatsiooni j\u00f5udlusest, turvalisusest ning rahalisest v\u00e4\u00e4rtusest. Ta on kompaktne ja mobiilne, kaal vaid 18,3 kg, mugav k\u00e4epide lihtsaks liigutamiseks, suured rattad. Konstrueeritud asjaarmastajatele, hobi ja poolprofessionaalsetele kasutajatele ja sobib v\u00e4rvimiseks, rehvide pumpamiseks, suru\u00f5hup\u00fcstoliga puhastamiseks, klammerdamiseks jne. R\u00f5huregulaator manomeeteriga ja kiir\u00fchendusliide.","og_url":"https:\/\/ranoja.ee\/toode\/kompressor-hc30ox-olivaba-scheppach\/","og_site_name":"Ranoja","article_publisher":"https:\/\/www.facebook.com\/ranoja.ee","article_modified_time":"2026-03-17T12:42:09+00:00","og_image":[{"width":768,"height":768,"url":"https:\/\/ranoja.ee\/wp-content\/uploads\/2026\/03\/245253038.jpg","type":"image\/jpeg"}],"twitter_card":"summary_large_image","schema":{"@context":"https:\/\/schema.org","@graph":[{"@type":"WebPage","@id":"https:\/\/ranoja.ee\/toode\/kompressor-hc30ox-olivaba-scheppach\/","url":"https:\/\/ranoja.ee\/toode\/kompressor-hc30ox-olivaba-scheppach\/","name":"Kompressor HC30ox \u00f5livaba, Scheppach - Ranoja","isPartOf":{"@id":"https:\/\/ranoja.ee\/#website"},"primaryImageOfPage":{"@id":"https:\/\/ranoja.ee\/toode\/kompressor-hc30ox-olivaba-scheppach\/#primaryimage"},"image":{"@id":"https:\/\/ranoja.ee\/toode\/kompressor-hc30ox-olivaba-scheppach\/#primaryimage"},"thumbnailUrl":"https:\/\/ranoja.ee\/wp-content\/uploads\/2026\/03\/245253038.jpg","datePublished":"2026-03-16T23:04:48+00:00","dateModified":"2026-03-17T12:42:09+00:00","breadcrumb":{"@id":"https:\/\/ranoja.ee\/toode\/kompressor-hc30ox-olivaba-scheppach\/#breadcrumb"},"inLanguage":"en-US","potentialAction":[{"@type":"ReadAction","target":["https:\/\/ranoja.ee\/toode\/kompressor-hc30ox-olivaba-scheppach\/"]}]},{"@type":"ImageObject","inLanguage":"en-US","@id":"https:\/\/ranoja.ee\/toode\/kompressor-hc30ox-olivaba-scheppach\/#primaryimage","url":"https:\/\/ranoja.ee\/wp-content\/uploads\/2026\/03\/245253038.jpg","contentUrl":"https:\/\/ranoja.ee\/wp-content\/uploads\/2026\/03\/245253038.jpg","width":768,"height":768},{"@type":"BreadcrumbList","@id":"https:\/\/ranoja.ee\/toode\/kompressor-hc30ox-olivaba-scheppach\/#breadcrumb","itemListElement":[{"@type":"ListItem","position":1,"name":"Home","item":"https:\/\/ranoja.ee\/"},{"@type":"ListItem","position":2,"name":"Shop","item":"https:\/\/ranoja.ee\/en\/shop\/"},{"@type":"ListItem","position":3,"name":"Kompressor HC30ox \u00f5livaba, Scheppach"}]},{"@type":"WebSite","@id":"https:\/\/ranoja.ee\/#website","url":"https:\/\/ranoja.ee\/","name":"Ranoja","description":"Equipment Shop WooCommerce WordPress Theme for Machine &amp; Tools","publisher":{"@id":"https:\/\/ranoja.ee\/#organization"},"potentialAction":[{"@type":"SearchAction","target":{"@type":"EntryPoint","urlTemplate":"https:\/\/ranoja.ee\/?s={search_term_string}"},"query-input":{"@type":"PropertyValueSpecification","valueRequired":true,"valueName":"search_term_string"}}],"inLanguage":"en-US"},{"@type":"Organization","@id":"https:\/\/ranoja.ee\/#organization","name":"Ranoja O\u00dc","url":"https:\/\/ranoja.ee\/","logo":{"@type":"ImageObject","inLanguage":"en-US","@id":"https:\/\/ranoja.ee\/#\/schema\/logo\/image\/","url":"https:\/\/ranoja.ee\/wp-content\/uploads\/2023\/11\/ranoja-Logo.png","contentUrl":"https:\/\/ranoja.ee\/wp-content\/uploads\/2023\/11\/ranoja-Logo.png","width":207,"height":58,"caption":"Ranoja O\u00dc"},"image":{"@id":"https:\/\/ranoja.ee\/#\/schema\/logo\/image\/"},"sameAs":["https:\/\/www.facebook.com\/ranoja.ee","https:\/\/www.instagram.com\/ranoja__\/"]}]}},"_links":{"self":[{"href":"https:\/\/ranoja.ee\/en\/wp-json\/wp\/v2\/product\/58954","targetHints":{"allow":["GET"]}}],"collection":[{"href":"https:\/\/ranoja.ee\/en\/wp-json\/wp\/v2\/product"}],"about":[{"href":"https:\/\/ranoja.ee\/en\/wp-json\/wp\/v2\/types\/product"}],"wp:featuredmedia":[{"embeddable":true,"href":"https:\/\/ranoja.ee\/en\/wp-json\/wp\/v2\/media\/58955"}],"wp:attachment":[{"href":"https:\/\/ranoja.ee\/en\/wp-json\/wp\/v2\/media?parent=58954"}],"wp:term":[{"taxonomy":"product_cat","embeddable":true,"href":"https:\/\/ranoja.ee\/en\/wp-json\/wp\/v2\/product_cat?post=58954"},{"taxonomy":"product_tag","embeddable":true,"href":"https:\/\/ranoja.ee\/en\/wp-json\/wp\/v2\/product_tag?post=58954"}],"curies":[{"name":"wp","href":"https:\/\/api.w.org\/{rel}","templated":true}]}}