{"id":58928,"date":"2026-03-17T02:04:48","date_gmt":"2026-03-16T23:04:48","guid":{"rendered":"https:\/\/ranoja.ee\/toode\/saeketaste-kompl-3tk-hw-o210x26-30mm-z24-48-60-scheppach\/"},"modified":"2026-03-17T15:42:09","modified_gmt":"2026-03-17T12:42:09","slug":"saeketaste-kompl-3tk-hw-o210x26-30mm-z24-48-60-scheppach","status":"publish","type":"product","link":"https:\/\/ranoja.ee\/en\/toode\/saeketaste-kompl-3tk-hw-o210x26-30mm-z24-48-60-scheppach\/","title":{"rendered":"Saeketaste kompl (3tk) HW \u00d8210&#215;2,6\/30mm Z24\/48\/60, Scheppach"},"content":{"rendered":"","protected":false},"excerpt":{"rendered":"<p>HW saekettad<br \/>\n\u00d8 210 mm x 30 mm<br \/>\nHammaste arv: 24 \/ 48 \/ 60<br \/>\nHamba laius: 2,6 mm<br \/>\nSaeketta paksus: 1,6 mm<br \/>\nMaks. p\u00f6\u00f6rlemiskiirus: 6000 p\/min<br \/>\nKomplektis: v\u00f5lli \u00fcleminek 30 \u2192 25,4 mm<\/p>\n<p>Sobivad ideaalselt komposiitpuidu, melamiini ja laminaadi l\u00f5ikamiseks.<br \/>\nM\u00f5eldud intensiivseks kasutamiseks k\u00f5igi puiduliikide puhul.<br \/>\nUniversaalne saeketas t\u00e4ppisl\u00f5ikeks ja lehtpuu saagimiseks.<\/p>\n<p>Sobib tavap\u00e4rasteks t\u00f6\u00f6deks ja puidu, puitlaastplaadi, laminaadi ning PVC viimistlusl\u00f5ikeks.<br \/>\nSpetsiaalselt ette n\u00e4htud alumiiniumi ja v\u00e4rviliste metallide l\u00f5ikamiseks.<br \/>\nSobib \u00f5hukeseks puidu l\u00f5ikamiseks.<\/p>\n<p>Komplekt: 3 saeketta (24 \/ 48 \/ 60 hammast)<br \/>\nBrutokaal: 1,4 kg<br \/>\nNetokaal: 0,96 kg<br \/>\nSeadme grupp: saeketas<br \/>\nT\u00fc\u00fcp: HW saeketas<br \/>\nMaks. p\u00f6\u00f6rlemiskiirus: 6000 p\/min<\/p>\n<p>M\u00f5\u00f5dud<br \/>\nSaeketta l\u00e4bim\u00f5\u00f5t: 210 mm<br \/>\nKinnitusava l\u00e4bim\u00f5\u00f5t: 30 mm<br \/>\nSaeketta paksus: 1,6 mm<br \/>\nHamba laius: 2,6 mm<\/p>\n<p>Saeketas 1<br \/>\nHammaste arv: 24<br \/>\nL\u00e4bim\u00f5\u00f5t: 210 mm<br \/>\nKinnitusava: 30 mm<br \/>\nSaeketta paksus: 1,6 mm<br \/>\nHamba laius: 2,6 mm<br \/>\nT\u00fc\u00fcp: saeketas<br \/>\nMaterjal: HW<br \/>\nMaks. p\u00f6\u00f6rlemiskiirus: 6000 p\/min<\/p>\n<p>Saeketas 2<br \/>\nHammaste arv: 48<br \/>\nL\u00e4bim\u00f5\u00f5t: 210 mm<br \/>\nKinnitusava: 30 mm<br \/>\nSaeketta paksus: 1,6 mm<br \/>\nHamba laius: 2,6 mm<br \/>\nT\u00fc\u00fcp: saeketas<br \/>\nMaterjal: HW<br \/>\nMaks. p\u00f6\u00f6rlemiskiirus: 6000 p\/min<\/p>\n<p>Saeketas 3<br \/>\nHammaste arv: 60<br \/>\nL\u00e4bim\u00f5\u00f5t: 210 mm<br \/>\nKinnitusava: 30 mm<br \/>\nSaeketta paksus: 1,6 mm<br \/>\nHamba laius: 2,6 mm<br \/>\nT\u00fc\u00fcp: saeketas<br \/>\nMaterjal: HW<br \/>\nMaks. p\u00f6\u00f6rlemiskiirus: 6000 p\/min<\/p>\n<p>L\u00f5ike- ja lihvketta tarvikud<br \/>\nHamba laius: 2,6 mm<\/p>\n<p>V\u00f5lli \u00fcleminek on m\u00f5eldud 30 mm kinnitusavaga saeketaste paigaldamiseks seadmetele, mille v\u00f5lli l\u00e4bim\u00f5\u00f5t on 25,4 mm.<\/p>\n","protected":false},"featured_media":58929,"template":"","meta":{"inline_featured_image":false},"product_cat":[5197,5237,5238],"product_tag":[],"class_list":{"0":"post-58928","1":"product","2":"type-product","3":"status-publish","4":"has-post-thumbnail","6":"product_brand-scheppach","7":"product_cat-loikeinstrumendid","8":"product_cat-saekettad","9":"product_cat-saekettad-puidule","11":"first","12":"instock","13":"purchasable","14":"product-type-simple"},"yoast_head":"<!-- This site is optimized with the Yoast SEO plugin v27.4 - https:\/\/yoast.com\/product\/yoast-seo-wordpress\/ -->\n<title>Saeketaste kompl (3tk) HW \u00d8210x2,6\/30mm Z24\/48\/60, Scheppach - Ranoja<\/title>\n<meta name=\"robots\" content=\"index, follow, max-snippet:-1, max-image-preview:large, max-video-preview:-1\" \/>\n<link rel=\"canonical\" href=\"https:\/\/ranoja.ee\/toode\/saeketaste-kompl-3tk-hw-o210x26-30mm-z24-48-60-scheppach\/\" \/>\n<meta property=\"og:locale\" content=\"en_US\" \/>\n<meta property=\"og:type\" content=\"article\" \/>\n<meta property=\"og:title\" content=\"Saeketaste kompl (3tk) HW \u00d8210x2,6\/30mm Z24\/48\/60, Scheppach - Ranoja\" \/>\n<meta property=\"og:description\" content=\"HW saekettad \u00d8 210 mm x 30 mm Hammaste arv: 24 \/ 48 \/ 60 Hamba laius: 2,6 mm Saeketta paksus: 1,6 mm Maks. p\u00f6\u00f6rlemiskiirus: 6000 p\/min Komplektis: v\u00f5lli \u00fcleminek 30 \u2192 25,4 mm Sobivad ideaalselt komposiitpuidu, melamiini ja laminaadi l\u00f5ikamiseks. M\u00f5eldud intensiivseks kasutamiseks k\u00f5igi puiduliikide puhul. Universaalne saeketas t\u00e4ppisl\u00f5ikeks ja lehtpuu saagimiseks. Sobib tavap\u00e4rasteks t\u00f6\u00f6deks ja puidu, puitlaastplaadi, laminaadi ning PVC viimistlusl\u00f5ikeks. Spetsiaalselt ette n\u00e4htud alumiiniumi ja v\u00e4rviliste metallide l\u00f5ikamiseks. Sobib \u00f5hukeseks puidu l\u00f5ikamiseks. Komplekt: 3 saeketta (24 \/ 48 \/ 60 hammast) Brutokaal: 1,4 kg Netokaal: 0,96 kg Seadme grupp: saeketas T\u00fc\u00fcp: HW saeketas Maks. p\u00f6\u00f6rlemiskiirus: 6000 p\/min M\u00f5\u00f5dud Saeketta l\u00e4bim\u00f5\u00f5t: 210 mm Kinnitusava l\u00e4bim\u00f5\u00f5t: 30 mm Saeketta paksus: 1,6 mm Hamba laius: 2,6 mm Saeketas 1 Hammaste arv: 24 L\u00e4bim\u00f5\u00f5t: 210 mm Kinnitusava: 30 mm Saeketta paksus: 1,6 mm Hamba laius: 2,6 mm T\u00fc\u00fcp: saeketas Materjal: HW Maks. p\u00f6\u00f6rlemiskiirus: 6000 p\/min Saeketas 2 Hammaste arv: 48 L\u00e4bim\u00f5\u00f5t: 210 mm Kinnitusava: 30 mm Saeketta paksus: 1,6 mm Hamba laius: 2,6 mm T\u00fc\u00fcp: saeketas Materjal: HW Maks. p\u00f6\u00f6rlemiskiirus: 6000 p\/min Saeketas 3 Hammaste arv: 60 L\u00e4bim\u00f5\u00f5t: 210 mm Kinnitusava: 30 mm Saeketta paksus: 1,6 mm Hamba laius: 2,6 mm T\u00fc\u00fcp: saeketas Materjal: HW Maks. p\u00f6\u00f6rlemiskiirus: 6000 p\/min L\u00f5ike- ja lihvketta tarvikud Hamba laius: 2,6 mm V\u00f5lli \u00fcleminek on m\u00f5eldud 30 mm kinnitusavaga saeketaste paigaldamiseks seadmetele, mille v\u00f5lli l\u00e4bim\u00f5\u00f5t on 25,4 mm.\" \/>\n<meta property=\"og:url\" content=\"https:\/\/ranoja.ee\/toode\/saeketaste-kompl-3tk-hw-o210x26-30mm-z24-48-60-scheppach\/\" \/>\n<meta property=\"og:site_name\" content=\"Ranoja\" \/>\n<meta property=\"article:publisher\" content=\"https:\/\/www.facebook.com\/ranoja.ee\" \/>\n<meta property=\"article:modified_time\" content=\"2026-03-17T12:42:09+00:00\" \/>\n<meta property=\"og:image\" content=\"https:\/\/ranoja.ee\/wp-content\/uploads\/2026\/03\/227553146.jpg\" \/>\n\t<meta property=\"og:image:width\" content=\"777\" \/>\n\t<meta property=\"og:image:height\" content=\"768\" \/>\n\t<meta property=\"og:image:type\" content=\"image\/jpeg\" \/>\n<meta name=\"twitter:card\" content=\"summary_large_image\" \/>\n<script type=\"application\/ld+json\" class=\"yoast-schema-graph\">{\"@context\":\"https:\\\/\\\/schema.org\",\"@graph\":[{\"@type\":\"WebPage\",\"@id\":\"https:\\\/\\\/ranoja.ee\\\/toode\\\/saeketaste-kompl-3tk-hw-o210x26-30mm-z24-48-60-scheppach\\\/\",\"url\":\"https:\\\/\\\/ranoja.ee\\\/toode\\\/saeketaste-kompl-3tk-hw-o210x26-30mm-z24-48-60-scheppach\\\/\",\"name\":\"Saeketaste kompl (3tk) HW \u00d8210x2,6\\\/30mm Z24\\\/48\\\/60, Scheppach - Ranoja\",\"isPartOf\":{\"@id\":\"https:\\\/\\\/ranoja.ee\\\/#website\"},\"primaryImageOfPage\":{\"@id\":\"https:\\\/\\\/ranoja.ee\\\/toode\\\/saeketaste-kompl-3tk-hw-o210x26-30mm-z24-48-60-scheppach\\\/#primaryimage\"},\"image\":{\"@id\":\"https:\\\/\\\/ranoja.ee\\\/toode\\\/saeketaste-kompl-3tk-hw-o210x26-30mm-z24-48-60-scheppach\\\/#primaryimage\"},\"thumbnailUrl\":\"https:\\\/\\\/ranoja.ee\\\/wp-content\\\/uploads\\\/2026\\\/03\\\/227553146.jpg\",\"datePublished\":\"2026-03-16T23:04:48+00:00\",\"dateModified\":\"2026-03-17T12:42:09+00:00\",\"breadcrumb\":{\"@id\":\"https:\\\/\\\/ranoja.ee\\\/toode\\\/saeketaste-kompl-3tk-hw-o210x26-30mm-z24-48-60-scheppach\\\/#breadcrumb\"},\"inLanguage\":\"en-US\",\"potentialAction\":[{\"@type\":\"ReadAction\",\"target\":[\"https:\\\/\\\/ranoja.ee\\\/toode\\\/saeketaste-kompl-3tk-hw-o210x26-30mm-z24-48-60-scheppach\\\/\"]}]},{\"@type\":\"ImageObject\",\"inLanguage\":\"en-US\",\"@id\":\"https:\\\/\\\/ranoja.ee\\\/toode\\\/saeketaste-kompl-3tk-hw-o210x26-30mm-z24-48-60-scheppach\\\/#primaryimage\",\"url\":\"https:\\\/\\\/ranoja.ee\\\/wp-content\\\/uploads\\\/2026\\\/03\\\/227553146.jpg\",\"contentUrl\":\"https:\\\/\\\/ranoja.ee\\\/wp-content\\\/uploads\\\/2026\\\/03\\\/227553146.jpg\",\"width\":777,\"height\":768},{\"@type\":\"BreadcrumbList\",\"@id\":\"https:\\\/\\\/ranoja.ee\\\/toode\\\/saeketaste-kompl-3tk-hw-o210x26-30mm-z24-48-60-scheppach\\\/#breadcrumb\",\"itemListElement\":[{\"@type\":\"ListItem\",\"position\":1,\"name\":\"Home\",\"item\":\"https:\\\/\\\/ranoja.ee\\\/\"},{\"@type\":\"ListItem\",\"position\":2,\"name\":\"Shop\",\"item\":\"https:\\\/\\\/ranoja.ee\\\/en\\\/shop\\\/\"},{\"@type\":\"ListItem\",\"position\":3,\"name\":\"Saeketaste kompl (3tk) HW \u00d8210&#215;2,6\\\/30mm Z24\\\/48\\\/60, Scheppach\"}]},{\"@type\":\"WebSite\",\"@id\":\"https:\\\/\\\/ranoja.ee\\\/#website\",\"url\":\"https:\\\/\\\/ranoja.ee\\\/\",\"name\":\"Ranoja\",\"description\":\"Equipment Shop WooCommerce WordPress Theme for Machine &amp; Tools\",\"publisher\":{\"@id\":\"https:\\\/\\\/ranoja.ee\\\/#organization\"},\"potentialAction\":[{\"@type\":\"SearchAction\",\"target\":{\"@type\":\"EntryPoint\",\"urlTemplate\":\"https:\\\/\\\/ranoja.ee\\\/?s={search_term_string}\"},\"query-input\":{\"@type\":\"PropertyValueSpecification\",\"valueRequired\":true,\"valueName\":\"search_term_string\"}}],\"inLanguage\":\"en-US\"},{\"@type\":\"Organization\",\"@id\":\"https:\\\/\\\/ranoja.ee\\\/#organization\",\"name\":\"Ranoja O\u00dc\",\"url\":\"https:\\\/\\\/ranoja.ee\\\/\",\"logo\":{\"@type\":\"ImageObject\",\"inLanguage\":\"en-US\",\"@id\":\"https:\\\/\\\/ranoja.ee\\\/#\\\/schema\\\/logo\\\/image\\\/\",\"url\":\"https:\\\/\\\/ranoja.ee\\\/wp-content\\\/uploads\\\/2023\\\/11\\\/ranoja-Logo.png\",\"contentUrl\":\"https:\\\/\\\/ranoja.ee\\\/wp-content\\\/uploads\\\/2023\\\/11\\\/ranoja-Logo.png\",\"width\":207,\"height\":58,\"caption\":\"Ranoja O\u00dc\"},\"image\":{\"@id\":\"https:\\\/\\\/ranoja.ee\\\/#\\\/schema\\\/logo\\\/image\\\/\"},\"sameAs\":[\"https:\\\/\\\/www.facebook.com\\\/ranoja.ee\",\"https:\\\/\\\/www.instagram.com\\\/ranoja__\\\/\"]}]}<\/script>\n<!-- \/ Yoast SEO plugin. -->","yoast_head_json":{"title":"Saeketaste kompl (3tk) HW \u00d8210x2,6\/30mm Z24\/48\/60, Scheppach - Ranoja","robots":{"index":"index","follow":"follow","max-snippet":"max-snippet:-1","max-image-preview":"max-image-preview:large","max-video-preview":"max-video-preview:-1"},"canonical":"https:\/\/ranoja.ee\/toode\/saeketaste-kompl-3tk-hw-o210x26-30mm-z24-48-60-scheppach\/","og_locale":"en_US","og_type":"article","og_title":"Saeketaste kompl (3tk) HW \u00d8210x2,6\/30mm Z24\/48\/60, Scheppach - Ranoja","og_description":"HW saekettad \u00d8 210 mm x 30 mm Hammaste arv: 24 \/ 48 \/ 60 Hamba laius: 2,6 mm Saeketta paksus: 1,6 mm Maks. p\u00f6\u00f6rlemiskiirus: 6000 p\/min Komplektis: v\u00f5lli \u00fcleminek 30 \u2192 25,4 mm Sobivad ideaalselt komposiitpuidu, melamiini ja laminaadi l\u00f5ikamiseks. M\u00f5eldud intensiivseks kasutamiseks k\u00f5igi puiduliikide puhul. Universaalne saeketas t\u00e4ppisl\u00f5ikeks ja lehtpuu saagimiseks. Sobib tavap\u00e4rasteks t\u00f6\u00f6deks ja puidu, puitlaastplaadi, laminaadi ning PVC viimistlusl\u00f5ikeks. Spetsiaalselt ette n\u00e4htud alumiiniumi ja v\u00e4rviliste metallide l\u00f5ikamiseks. Sobib \u00f5hukeseks puidu l\u00f5ikamiseks. Komplekt: 3 saeketta (24 \/ 48 \/ 60 hammast) Brutokaal: 1,4 kg Netokaal: 0,96 kg Seadme grupp: saeketas T\u00fc\u00fcp: HW saeketas Maks. p\u00f6\u00f6rlemiskiirus: 6000 p\/min M\u00f5\u00f5dud Saeketta l\u00e4bim\u00f5\u00f5t: 210 mm Kinnitusava l\u00e4bim\u00f5\u00f5t: 30 mm Saeketta paksus: 1,6 mm Hamba laius: 2,6 mm Saeketas 1 Hammaste arv: 24 L\u00e4bim\u00f5\u00f5t: 210 mm Kinnitusava: 30 mm Saeketta paksus: 1,6 mm Hamba laius: 2,6 mm T\u00fc\u00fcp: saeketas Materjal: HW Maks. p\u00f6\u00f6rlemiskiirus: 6000 p\/min Saeketas 2 Hammaste arv: 48 L\u00e4bim\u00f5\u00f5t: 210 mm Kinnitusava: 30 mm Saeketta paksus: 1,6 mm Hamba laius: 2,6 mm T\u00fc\u00fcp: saeketas Materjal: HW Maks. p\u00f6\u00f6rlemiskiirus: 6000 p\/min Saeketas 3 Hammaste arv: 60 L\u00e4bim\u00f5\u00f5t: 210 mm Kinnitusava: 30 mm Saeketta paksus: 1,6 mm Hamba laius: 2,6 mm T\u00fc\u00fcp: saeketas Materjal: HW Maks. p\u00f6\u00f6rlemiskiirus: 6000 p\/min L\u00f5ike- ja lihvketta tarvikud Hamba laius: 2,6 mm V\u00f5lli \u00fcleminek on m\u00f5eldud 30 mm kinnitusavaga saeketaste paigaldamiseks seadmetele, mille v\u00f5lli l\u00e4bim\u00f5\u00f5t on 25,4 mm.","og_url":"https:\/\/ranoja.ee\/toode\/saeketaste-kompl-3tk-hw-o210x26-30mm-z24-48-60-scheppach\/","og_site_name":"Ranoja","article_publisher":"https:\/\/www.facebook.com\/ranoja.ee","article_modified_time":"2026-03-17T12:42:09+00:00","og_image":[{"width":777,"height":768,"url":"https:\/\/ranoja.ee\/wp-content\/uploads\/2026\/03\/227553146.jpg","type":"image\/jpeg"}],"twitter_card":"summary_large_image","schema":{"@context":"https:\/\/schema.org","@graph":[{"@type":"WebPage","@id":"https:\/\/ranoja.ee\/toode\/saeketaste-kompl-3tk-hw-o210x26-30mm-z24-48-60-scheppach\/","url":"https:\/\/ranoja.ee\/toode\/saeketaste-kompl-3tk-hw-o210x26-30mm-z24-48-60-scheppach\/","name":"Saeketaste kompl (3tk) HW \u00d8210x2,6\/30mm Z24\/48\/60, Scheppach - Ranoja","isPartOf":{"@id":"https:\/\/ranoja.ee\/#website"},"primaryImageOfPage":{"@id":"https:\/\/ranoja.ee\/toode\/saeketaste-kompl-3tk-hw-o210x26-30mm-z24-48-60-scheppach\/#primaryimage"},"image":{"@id":"https:\/\/ranoja.ee\/toode\/saeketaste-kompl-3tk-hw-o210x26-30mm-z24-48-60-scheppach\/#primaryimage"},"thumbnailUrl":"https:\/\/ranoja.ee\/wp-content\/uploads\/2026\/03\/227553146.jpg","datePublished":"2026-03-16T23:04:48+00:00","dateModified":"2026-03-17T12:42:09+00:00","breadcrumb":{"@id":"https:\/\/ranoja.ee\/toode\/saeketaste-kompl-3tk-hw-o210x26-30mm-z24-48-60-scheppach\/#breadcrumb"},"inLanguage":"en-US","potentialAction":[{"@type":"ReadAction","target":["https:\/\/ranoja.ee\/toode\/saeketaste-kompl-3tk-hw-o210x26-30mm-z24-48-60-scheppach\/"]}]},{"@type":"ImageObject","inLanguage":"en-US","@id":"https:\/\/ranoja.ee\/toode\/saeketaste-kompl-3tk-hw-o210x26-30mm-z24-48-60-scheppach\/#primaryimage","url":"https:\/\/ranoja.ee\/wp-content\/uploads\/2026\/03\/227553146.jpg","contentUrl":"https:\/\/ranoja.ee\/wp-content\/uploads\/2026\/03\/227553146.jpg","width":777,"height":768},{"@type":"BreadcrumbList","@id":"https:\/\/ranoja.ee\/toode\/saeketaste-kompl-3tk-hw-o210x26-30mm-z24-48-60-scheppach\/#breadcrumb","itemListElement":[{"@type":"ListItem","position":1,"name":"Home","item":"https:\/\/ranoja.ee\/"},{"@type":"ListItem","position":2,"name":"Shop","item":"https:\/\/ranoja.ee\/en\/shop\/"},{"@type":"ListItem","position":3,"name":"Saeketaste kompl (3tk) HW \u00d8210&#215;2,6\/30mm Z24\/48\/60, Scheppach"}]},{"@type":"WebSite","@id":"https:\/\/ranoja.ee\/#website","url":"https:\/\/ranoja.ee\/","name":"Ranoja","description":"Equipment Shop WooCommerce WordPress Theme for Machine &amp; Tools","publisher":{"@id":"https:\/\/ranoja.ee\/#organization"},"potentialAction":[{"@type":"SearchAction","target":{"@type":"EntryPoint","urlTemplate":"https:\/\/ranoja.ee\/?s={search_term_string}"},"query-input":{"@type":"PropertyValueSpecification","valueRequired":true,"valueName":"search_term_string"}}],"inLanguage":"en-US"},{"@type":"Organization","@id":"https:\/\/ranoja.ee\/#organization","name":"Ranoja O\u00dc","url":"https:\/\/ranoja.ee\/","logo":{"@type":"ImageObject","inLanguage":"en-US","@id":"https:\/\/ranoja.ee\/#\/schema\/logo\/image\/","url":"https:\/\/ranoja.ee\/wp-content\/uploads\/2023\/11\/ranoja-Logo.png","contentUrl":"https:\/\/ranoja.ee\/wp-content\/uploads\/2023\/11\/ranoja-Logo.png","width":207,"height":58,"caption":"Ranoja O\u00dc"},"image":{"@id":"https:\/\/ranoja.ee\/#\/schema\/logo\/image\/"},"sameAs":["https:\/\/www.facebook.com\/ranoja.ee","https:\/\/www.instagram.com\/ranoja__\/"]}]}},"_links":{"self":[{"href":"https:\/\/ranoja.ee\/en\/wp-json\/wp\/v2\/product\/58928","targetHints":{"allow":["GET"]}}],"collection":[{"href":"https:\/\/ranoja.ee\/en\/wp-json\/wp\/v2\/product"}],"about":[{"href":"https:\/\/ranoja.ee\/en\/wp-json\/wp\/v2\/types\/product"}],"wp:featuredmedia":[{"embeddable":true,"href":"https:\/\/ranoja.ee\/en\/wp-json\/wp\/v2\/media\/58929"}],"wp:attachment":[{"href":"https:\/\/ranoja.ee\/en\/wp-json\/wp\/v2\/media?parent=58928"}],"wp:term":[{"taxonomy":"product_cat","embeddable":true,"href":"https:\/\/ranoja.ee\/en\/wp-json\/wp\/v2\/product_cat?post=58928"},{"taxonomy":"product_tag","embeddable":true,"href":"https:\/\/ranoja.ee\/en\/wp-json\/wp\/v2\/product_tag?post=58928"}],"curies":[{"name":"wp","href":"https:\/\/api.w.org\/{rel}","templated":true}]}}