{"id":58917,"date":"2026-03-17T02:04:15","date_gmt":"2026-03-16T23:04:15","guid":{"rendered":"https:\/\/ranoja.ee\/toode\/bensiinimootoriga-veepump-pwp32-scheppach\/"},"modified":"2026-03-17T15:42:09","modified_gmt":"2026-03-17T12:42:09","slug":"bensiinimootoriga-veepump-pwp32-scheppach","status":"publish","type":"product","link":"https:\/\/ranoja.ee\/en\/toode\/bensiinimootoriga-veepump-pwp32-scheppach\/","title":{"rendered":"Bensiinimootoriga veepump PWP32, Scheppach"},"content":{"rendered":"","protected":false},"excerpt":{"rendered":"<p>Scheppach PWP32 bensiiniga veepump on t\u00f5hus lahendus suurte veekoguste pumpamiseks elektriv\u00f5rgust s\u00f5ltumatult. Sobib ideaalselt keldrite v\u00f5i ehituskaevude t\u00fchjendamiseks v\u00f5i tsisterne veega varustamiseks. Tugev neljataktiline mootor, suur veevooluhulk ja vastupidavad alumiinium\u00fchendused tagavad t\u00f6\u00f6kindluse ka n\u00f5udlikel t\u00f6\u00f6del.<\/p>\n<p>Tehnilised andmed:<br \/>\nM\u00f5\u00f5tmed (P x L x K): 450 x 230 x 280 mm<br \/>\nMaksimaalne veevool: 32 000 L\/h<br \/>\nMaksimaalne r\u00f5hk: 3 bar<br \/>\nMaksimaalne t\u00f5stek\u00f5rgus: 30 m<br \/>\nMaksimaalne imemisk\u00f5rgus: 7 m<br \/>\nMootorit\u00fc\u00fcp: 4-taktiline<br \/>\nV\u00f5imsus: 212 cm\u00b3 \/ 3,8 kW \/ 5,2 hj<br \/>\nSurve- ja imitoru \u00fchendus: 2&#8243; (50 mm)<br \/>\n\u00d5lipaagi maht: 0,6 L<br \/>\nK\u00fctusepaagi maht: 3,2 L<br \/>\nMaks. vee temperatuur: 35 \u00b0C<br \/>\nOsakeste maks. suurus: 1 mm<\/p>\n","protected":false},"featured_media":58918,"template":"","meta":{"inline_featured_image":false},"product_cat":[5184,5329],"product_tag":[],"class_list":{"0":"post-58917","1":"product","2":"type-product","3":"status-publish","4":"has-post-thumbnail","6":"product_brand-scheppach","7":"product_cat-ehitusseadmed","8":"product_cat-pumbad","10":"first","11":"instock","12":"purchasable","13":"product-type-simple"},"yoast_head":"<!-- This site is optimized with the Yoast SEO plugin v27.4 - https:\/\/yoast.com\/product\/yoast-seo-wordpress\/ -->\n<title>Bensiinimootoriga veepump PWP32, Scheppach - Ranoja<\/title>\n<meta name=\"robots\" content=\"index, follow, max-snippet:-1, max-image-preview:large, max-video-preview:-1\" \/>\n<link rel=\"canonical\" href=\"https:\/\/ranoja.ee\/toode\/bensiinimootoriga-veepump-pwp32-scheppach\/\" \/>\n<meta property=\"og:locale\" content=\"en_US\" \/>\n<meta property=\"og:type\" content=\"article\" \/>\n<meta property=\"og:title\" content=\"Bensiinimootoriga veepump PWP32, Scheppach - Ranoja\" \/>\n<meta property=\"og:description\" content=\"Scheppach PWP32 bensiiniga veepump on t\u00f5hus lahendus suurte veekoguste pumpamiseks elektriv\u00f5rgust s\u00f5ltumatult. Sobib ideaalselt keldrite v\u00f5i ehituskaevude t\u00fchjendamiseks v\u00f5i tsisterne veega varustamiseks. Tugev neljataktiline mootor, suur veevooluhulk ja vastupidavad alumiinium\u00fchendused tagavad t\u00f6\u00f6kindluse ka n\u00f5udlikel t\u00f6\u00f6del. Tehnilised andmed: M\u00f5\u00f5tmed (P x L x K): 450 x 230 x 280 mm Maksimaalne veevool: 32 000 L\/h Maksimaalne r\u00f5hk: 3 bar Maksimaalne t\u00f5stek\u00f5rgus: 30 m Maksimaalne imemisk\u00f5rgus: 7 m Mootorit\u00fc\u00fcp: 4-taktiline V\u00f5imsus: 212 cm\u00b3 \/ 3,8 kW \/ 5,2 hj Surve- ja imitoru \u00fchendus: 2&quot; (50 mm) \u00d5lipaagi maht: 0,6 L K\u00fctusepaagi maht: 3,2 L Maks. vee temperatuur: 35 \u00b0C Osakeste maks. suurus: 1 mm\" \/>\n<meta property=\"og:url\" content=\"https:\/\/ranoja.ee\/toode\/bensiinimootoriga-veepump-pwp32-scheppach\/\" \/>\n<meta property=\"og:site_name\" content=\"Ranoja\" \/>\n<meta property=\"article:publisher\" content=\"https:\/\/www.facebook.com\/ranoja.ee\" \/>\n<meta property=\"article:modified_time\" content=\"2026-03-17T12:42:09+00:00\" \/>\n<meta property=\"og:image\" content=\"https:\/\/ranoja.ee\/wp-content\/uploads\/2026\/03\/5638250001.jpg\" \/>\n\t<meta property=\"og:image:width\" content=\"900\" \/>\n\t<meta property=\"og:image:height\" content=\"900\" \/>\n\t<meta property=\"og:image:type\" content=\"image\/jpeg\" \/>\n<meta name=\"twitter:card\" content=\"summary_large_image\" \/>\n<script type=\"application\/ld+json\" class=\"yoast-schema-graph\">{\"@context\":\"https:\\\/\\\/schema.org\",\"@graph\":[{\"@type\":\"WebPage\",\"@id\":\"https:\\\/\\\/ranoja.ee\\\/toode\\\/bensiinimootoriga-veepump-pwp32-scheppach\\\/\",\"url\":\"https:\\\/\\\/ranoja.ee\\\/toode\\\/bensiinimootoriga-veepump-pwp32-scheppach\\\/\",\"name\":\"Bensiinimootoriga veepump PWP32, Scheppach - Ranoja\",\"isPartOf\":{\"@id\":\"https:\\\/\\\/ranoja.ee\\\/#website\"},\"primaryImageOfPage\":{\"@id\":\"https:\\\/\\\/ranoja.ee\\\/toode\\\/bensiinimootoriga-veepump-pwp32-scheppach\\\/#primaryimage\"},\"image\":{\"@id\":\"https:\\\/\\\/ranoja.ee\\\/toode\\\/bensiinimootoriga-veepump-pwp32-scheppach\\\/#primaryimage\"},\"thumbnailUrl\":\"https:\\\/\\\/ranoja.ee\\\/wp-content\\\/uploads\\\/2026\\\/03\\\/5638250001.jpg\",\"datePublished\":\"2026-03-16T23:04:15+00:00\",\"dateModified\":\"2026-03-17T12:42:09+00:00\",\"breadcrumb\":{\"@id\":\"https:\\\/\\\/ranoja.ee\\\/toode\\\/bensiinimootoriga-veepump-pwp32-scheppach\\\/#breadcrumb\"},\"inLanguage\":\"en-US\",\"potentialAction\":[{\"@type\":\"ReadAction\",\"target\":[\"https:\\\/\\\/ranoja.ee\\\/toode\\\/bensiinimootoriga-veepump-pwp32-scheppach\\\/\"]}]},{\"@type\":\"ImageObject\",\"inLanguage\":\"en-US\",\"@id\":\"https:\\\/\\\/ranoja.ee\\\/toode\\\/bensiinimootoriga-veepump-pwp32-scheppach\\\/#primaryimage\",\"url\":\"https:\\\/\\\/ranoja.ee\\\/wp-content\\\/uploads\\\/2026\\\/03\\\/5638250001.jpg\",\"contentUrl\":\"https:\\\/\\\/ranoja.ee\\\/wp-content\\\/uploads\\\/2026\\\/03\\\/5638250001.jpg\",\"width\":900,\"height\":900},{\"@type\":\"BreadcrumbList\",\"@id\":\"https:\\\/\\\/ranoja.ee\\\/toode\\\/bensiinimootoriga-veepump-pwp32-scheppach\\\/#breadcrumb\",\"itemListElement\":[{\"@type\":\"ListItem\",\"position\":1,\"name\":\"Home\",\"item\":\"https:\\\/\\\/ranoja.ee\\\/\"},{\"@type\":\"ListItem\",\"position\":2,\"name\":\"Shop\",\"item\":\"https:\\\/\\\/ranoja.ee\\\/en\\\/shop\\\/\"},{\"@type\":\"ListItem\",\"position\":3,\"name\":\"Bensiinimootoriga veepump PWP32, Scheppach\"}]},{\"@type\":\"WebSite\",\"@id\":\"https:\\\/\\\/ranoja.ee\\\/#website\",\"url\":\"https:\\\/\\\/ranoja.ee\\\/\",\"name\":\"Ranoja\",\"description\":\"Equipment Shop WooCommerce WordPress Theme for Machine &amp; Tools\",\"publisher\":{\"@id\":\"https:\\\/\\\/ranoja.ee\\\/#organization\"},\"potentialAction\":[{\"@type\":\"SearchAction\",\"target\":{\"@type\":\"EntryPoint\",\"urlTemplate\":\"https:\\\/\\\/ranoja.ee\\\/?s={search_term_string}\"},\"query-input\":{\"@type\":\"PropertyValueSpecification\",\"valueRequired\":true,\"valueName\":\"search_term_string\"}}],\"inLanguage\":\"en-US\"},{\"@type\":\"Organization\",\"@id\":\"https:\\\/\\\/ranoja.ee\\\/#organization\",\"name\":\"Ranoja O\u00dc\",\"url\":\"https:\\\/\\\/ranoja.ee\\\/\",\"logo\":{\"@type\":\"ImageObject\",\"inLanguage\":\"en-US\",\"@id\":\"https:\\\/\\\/ranoja.ee\\\/#\\\/schema\\\/logo\\\/image\\\/\",\"url\":\"https:\\\/\\\/ranoja.ee\\\/wp-content\\\/uploads\\\/2023\\\/11\\\/ranoja-Logo.png\",\"contentUrl\":\"https:\\\/\\\/ranoja.ee\\\/wp-content\\\/uploads\\\/2023\\\/11\\\/ranoja-Logo.png\",\"width\":207,\"height\":58,\"caption\":\"Ranoja O\u00dc\"},\"image\":{\"@id\":\"https:\\\/\\\/ranoja.ee\\\/#\\\/schema\\\/logo\\\/image\\\/\"},\"sameAs\":[\"https:\\\/\\\/www.facebook.com\\\/ranoja.ee\",\"https:\\\/\\\/www.instagram.com\\\/ranoja__\\\/\"]}]}<\/script>\n<!-- \/ Yoast SEO plugin. -->","yoast_head_json":{"title":"Bensiinimootoriga veepump PWP32, Scheppach - Ranoja","robots":{"index":"index","follow":"follow","max-snippet":"max-snippet:-1","max-image-preview":"max-image-preview:large","max-video-preview":"max-video-preview:-1"},"canonical":"https:\/\/ranoja.ee\/toode\/bensiinimootoriga-veepump-pwp32-scheppach\/","og_locale":"en_US","og_type":"article","og_title":"Bensiinimootoriga veepump PWP32, Scheppach - Ranoja","og_description":"Scheppach PWP32 bensiiniga veepump on t\u00f5hus lahendus suurte veekoguste pumpamiseks elektriv\u00f5rgust s\u00f5ltumatult. Sobib ideaalselt keldrite v\u00f5i ehituskaevude t\u00fchjendamiseks v\u00f5i tsisterne veega varustamiseks. Tugev neljataktiline mootor, suur veevooluhulk ja vastupidavad alumiinium\u00fchendused tagavad t\u00f6\u00f6kindluse ka n\u00f5udlikel t\u00f6\u00f6del. Tehnilised andmed: M\u00f5\u00f5tmed (P x L x K): 450 x 230 x 280 mm Maksimaalne veevool: 32 000 L\/h Maksimaalne r\u00f5hk: 3 bar Maksimaalne t\u00f5stek\u00f5rgus: 30 m Maksimaalne imemisk\u00f5rgus: 7 m Mootorit\u00fc\u00fcp: 4-taktiline V\u00f5imsus: 212 cm\u00b3 \/ 3,8 kW \/ 5,2 hj Surve- ja imitoru \u00fchendus: 2\" (50 mm) \u00d5lipaagi maht: 0,6 L K\u00fctusepaagi maht: 3,2 L Maks. vee temperatuur: 35 \u00b0C Osakeste maks. suurus: 1 mm","og_url":"https:\/\/ranoja.ee\/toode\/bensiinimootoriga-veepump-pwp32-scheppach\/","og_site_name":"Ranoja","article_publisher":"https:\/\/www.facebook.com\/ranoja.ee","article_modified_time":"2026-03-17T12:42:09+00:00","og_image":[{"width":900,"height":900,"url":"https:\/\/ranoja.ee\/wp-content\/uploads\/2026\/03\/5638250001.jpg","type":"image\/jpeg"}],"twitter_card":"summary_large_image","schema":{"@context":"https:\/\/schema.org","@graph":[{"@type":"WebPage","@id":"https:\/\/ranoja.ee\/toode\/bensiinimootoriga-veepump-pwp32-scheppach\/","url":"https:\/\/ranoja.ee\/toode\/bensiinimootoriga-veepump-pwp32-scheppach\/","name":"Bensiinimootoriga veepump PWP32, Scheppach - Ranoja","isPartOf":{"@id":"https:\/\/ranoja.ee\/#website"},"primaryImageOfPage":{"@id":"https:\/\/ranoja.ee\/toode\/bensiinimootoriga-veepump-pwp32-scheppach\/#primaryimage"},"image":{"@id":"https:\/\/ranoja.ee\/toode\/bensiinimootoriga-veepump-pwp32-scheppach\/#primaryimage"},"thumbnailUrl":"https:\/\/ranoja.ee\/wp-content\/uploads\/2026\/03\/5638250001.jpg","datePublished":"2026-03-16T23:04:15+00:00","dateModified":"2026-03-17T12:42:09+00:00","breadcrumb":{"@id":"https:\/\/ranoja.ee\/toode\/bensiinimootoriga-veepump-pwp32-scheppach\/#breadcrumb"},"inLanguage":"en-US","potentialAction":[{"@type":"ReadAction","target":["https:\/\/ranoja.ee\/toode\/bensiinimootoriga-veepump-pwp32-scheppach\/"]}]},{"@type":"ImageObject","inLanguage":"en-US","@id":"https:\/\/ranoja.ee\/toode\/bensiinimootoriga-veepump-pwp32-scheppach\/#primaryimage","url":"https:\/\/ranoja.ee\/wp-content\/uploads\/2026\/03\/5638250001.jpg","contentUrl":"https:\/\/ranoja.ee\/wp-content\/uploads\/2026\/03\/5638250001.jpg","width":900,"height":900},{"@type":"BreadcrumbList","@id":"https:\/\/ranoja.ee\/toode\/bensiinimootoriga-veepump-pwp32-scheppach\/#breadcrumb","itemListElement":[{"@type":"ListItem","position":1,"name":"Home","item":"https:\/\/ranoja.ee\/"},{"@type":"ListItem","position":2,"name":"Shop","item":"https:\/\/ranoja.ee\/en\/shop\/"},{"@type":"ListItem","position":3,"name":"Bensiinimootoriga veepump PWP32, Scheppach"}]},{"@type":"WebSite","@id":"https:\/\/ranoja.ee\/#website","url":"https:\/\/ranoja.ee\/","name":"Ranoja","description":"Equipment Shop WooCommerce WordPress Theme for Machine &amp; Tools","publisher":{"@id":"https:\/\/ranoja.ee\/#organization"},"potentialAction":[{"@type":"SearchAction","target":{"@type":"EntryPoint","urlTemplate":"https:\/\/ranoja.ee\/?s={search_term_string}"},"query-input":{"@type":"PropertyValueSpecification","valueRequired":true,"valueName":"search_term_string"}}],"inLanguage":"en-US"},{"@type":"Organization","@id":"https:\/\/ranoja.ee\/#organization","name":"Ranoja O\u00dc","url":"https:\/\/ranoja.ee\/","logo":{"@type":"ImageObject","inLanguage":"en-US","@id":"https:\/\/ranoja.ee\/#\/schema\/logo\/image\/","url":"https:\/\/ranoja.ee\/wp-content\/uploads\/2023\/11\/ranoja-Logo.png","contentUrl":"https:\/\/ranoja.ee\/wp-content\/uploads\/2023\/11\/ranoja-Logo.png","width":207,"height":58,"caption":"Ranoja O\u00dc"},"image":{"@id":"https:\/\/ranoja.ee\/#\/schema\/logo\/image\/"},"sameAs":["https:\/\/www.facebook.com\/ranoja.ee","https:\/\/www.instagram.com\/ranoja__\/"]}]}},"_links":{"self":[{"href":"https:\/\/ranoja.ee\/en\/wp-json\/wp\/v2\/product\/58917","targetHints":{"allow":["GET"]}}],"collection":[{"href":"https:\/\/ranoja.ee\/en\/wp-json\/wp\/v2\/product"}],"about":[{"href":"https:\/\/ranoja.ee\/en\/wp-json\/wp\/v2\/types\/product"}],"wp:featuredmedia":[{"embeddable":true,"href":"https:\/\/ranoja.ee\/en\/wp-json\/wp\/v2\/media\/58918"}],"wp:attachment":[{"href":"https:\/\/ranoja.ee\/en\/wp-json\/wp\/v2\/media?parent=58917"}],"wp:term":[{"taxonomy":"product_cat","embeddable":true,"href":"https:\/\/ranoja.ee\/en\/wp-json\/wp\/v2\/product_cat?post=58917"},{"taxonomy":"product_tag","embeddable":true,"href":"https:\/\/ranoja.ee\/en\/wp-json\/wp\/v2\/product_tag?post=58917"}],"curies":[{"name":"wp","href":"https:\/\/api.w.org\/{rel}","templated":true}]}}