{"id":58911,"date":"2026-03-17T02:04:15","date_gmt":"2026-03-16T23:04:15","guid":{"rendered":"https:\/\/ranoja.ee\/toode\/maare-industry-licom-2-400g-valvoline\/"},"modified":"2026-03-17T15:42:09","modified_gmt":"2026-03-17T12:42:09","slug":"maare-industry-licom-2-400g-valvoline","status":"publish","type":"product","link":"https:\/\/ranoja.ee\/en\/toode\/maare-industry-licom-2-400g-valvoline\/","title":{"rendered":"M\u00e4\u00e4re Industry Licom 2 400g, Valvoline"},"content":{"rendered":"","protected":false},"excerpt":{"rendered":"<p>K\u00f5rgkvaliteetne liitium kompleks m\u00e4\u00e4re mis on spetsiaalselt valmistatud statsionaarsetele t\u00f6\u00f6stusmasinatele mis t\u00f6\u00f6tavad k\u00f5rgtemepratuuri tingimustes.<br \/>\nValvoline Industry Licom 2 m\u00e4\u00e4rde liitium kompleks tahkesti ja k\u00f5rge viskoosusega mineraalne baas\u00f5li kombineerituna annavad erakodselt hea p\u00fcsivuse k\u00f5rgtemepratuuril t\u00f6\u00f6tamisel ilma liigse m\u00e4\u00e4rdestruktuuri pehmenemiseta. Tootel on esmaklassilised korrosioonikaitse ja kulumiskaitse ning see on h\u00f5lpsasti m\u00e4\u00e4ritav madalatel temperatuuridel.<br \/>\nKasutuskohad: Laial temepratuurivahemikul t\u00f6\u00f6tavad laagrid eesk\u00e4tt statsionaarsetel t\u00f6\u00f6stusmasinatel ja &#8211; seadmetel. Sobib kasutada t\u00f6\u00f6stuses, kaevanduses, ehituses ja p\u00f5llumajanduses kuumades ja tolmustes tingimustes.<br \/>\nBaas\u00f5li: Mineraalne<br \/>\nTahkesti: Liitium kompleks<br \/>\nBaas\u00f5li viskoossus: 460<br \/>\nKasutus tepmeratuurivahemik: -15 kuni + 180 C<br \/>\nV\u00e4rvus: Tumepruun<br \/>\nKonsistentsusklass: NLGI 2 <br \/>\nJ\u00f5udlustasemed: <br \/>\nDIN 51502: KP2P-15<br \/>\nISO 6743: L-XBEHB 2<\/p>\n","protected":false},"featured_media":58912,"template":"","meta":{"inline_featured_image":false},"product_cat":[5014,5013,5012],"product_tag":[],"class_list":{"0":"post-58911","1":"product","2":"type-product","3":"status-publish","4":"has-post-thumbnail","6":"product_brand-valvoline","7":"product_cat-liitiumkompleksmaarded","8":"product_cat-maarded","9":"product_cat-olid-ja-maardeained","11":"first","12":"outofstock","13":"purchasable","14":"product-type-simple"},"yoast_head":"<!-- This site is optimized with the Yoast SEO plugin v27.4 - https:\/\/yoast.com\/product\/yoast-seo-wordpress\/ -->\n<title>M\u00e4\u00e4re Industry Licom 2 400g, Valvoline - Ranoja<\/title>\n<meta name=\"robots\" content=\"index, follow, max-snippet:-1, max-image-preview:large, max-video-preview:-1\" \/>\n<link rel=\"canonical\" href=\"https:\/\/ranoja.ee\/toode\/maare-industry-licom-2-400g-valvoline\/\" \/>\n<meta property=\"og:locale\" content=\"en_US\" \/>\n<meta property=\"og:type\" content=\"article\" \/>\n<meta property=\"og:title\" content=\"M\u00e4\u00e4re Industry Licom 2 400g, Valvoline - Ranoja\" \/>\n<meta property=\"og:description\" content=\"K\u00f5rgkvaliteetne liitium kompleks m\u00e4\u00e4re mis on spetsiaalselt valmistatud statsionaarsetele t\u00f6\u00f6stusmasinatele mis t\u00f6\u00f6tavad k\u00f5rgtemepratuuri tingimustes. Valvoline Industry Licom 2 m\u00e4\u00e4rde liitium kompleks tahkesti ja k\u00f5rge viskoosusega mineraalne baas\u00f5li kombineerituna annavad erakodselt hea p\u00fcsivuse k\u00f5rgtemepratuuril t\u00f6\u00f6tamisel ilma liigse m\u00e4\u00e4rdestruktuuri pehmenemiseta. Tootel on esmaklassilised korrosioonikaitse ja kulumiskaitse ning see on h\u00f5lpsasti m\u00e4\u00e4ritav madalatel temperatuuridel. Kasutuskohad: Laial temepratuurivahemikul t\u00f6\u00f6tavad laagrid eesk\u00e4tt statsionaarsetel t\u00f6\u00f6stusmasinatel ja - seadmetel. Sobib kasutada t\u00f6\u00f6stuses, kaevanduses, ehituses ja p\u00f5llumajanduses kuumades ja tolmustes tingimustes. Baas\u00f5li: Mineraalne Tahkesti: Liitium kompleks Baas\u00f5li viskoossus: 460 Kasutus tepmeratuurivahemik: -15 kuni + 180 C V\u00e4rvus: Tumepruun Konsistentsusklass: NLGI 2 J\u00f5udlustasemed: DIN 51502: KP2P-15 ISO 6743: L-XBEHB 2\" \/>\n<meta property=\"og:url\" content=\"https:\/\/ranoja.ee\/toode\/maare-industry-licom-2-400g-valvoline\/\" \/>\n<meta property=\"og:site_name\" content=\"Ranoja\" \/>\n<meta property=\"article:publisher\" content=\"https:\/\/www.facebook.com\/ranoja.ee\" \/>\n<meta property=\"article:modified_time\" content=\"2026-03-17T12:42:09+00:00\" \/>\n<meta property=\"og:image\" content=\"https:\/\/ranoja.ee\/wp-content\/uploads\/2026\/03\/149306189.jpeg\" \/>\n\t<meta property=\"og:image:width\" content=\"467\" \/>\n\t<meta property=\"og:image:height\" content=\"768\" \/>\n\t<meta property=\"og:image:type\" content=\"image\/jpeg\" \/>\n<meta name=\"twitter:card\" content=\"summary_large_image\" \/>\n<script type=\"application\/ld+json\" class=\"yoast-schema-graph\">{\"@context\":\"https:\\\/\\\/schema.org\",\"@graph\":[{\"@type\":\"WebPage\",\"@id\":\"https:\\\/\\\/ranoja.ee\\\/toode\\\/maare-industry-licom-2-400g-valvoline\\\/\",\"url\":\"https:\\\/\\\/ranoja.ee\\\/toode\\\/maare-industry-licom-2-400g-valvoline\\\/\",\"name\":\"M\u00e4\u00e4re Industry Licom 2 400g, Valvoline - Ranoja\",\"isPartOf\":{\"@id\":\"https:\\\/\\\/ranoja.ee\\\/#website\"},\"primaryImageOfPage\":{\"@id\":\"https:\\\/\\\/ranoja.ee\\\/toode\\\/maare-industry-licom-2-400g-valvoline\\\/#primaryimage\"},\"image\":{\"@id\":\"https:\\\/\\\/ranoja.ee\\\/toode\\\/maare-industry-licom-2-400g-valvoline\\\/#primaryimage\"},\"thumbnailUrl\":\"https:\\\/\\\/ranoja.ee\\\/wp-content\\\/uploads\\\/2026\\\/03\\\/149306189.jpeg\",\"datePublished\":\"2026-03-16T23:04:15+00:00\",\"dateModified\":\"2026-03-17T12:42:09+00:00\",\"breadcrumb\":{\"@id\":\"https:\\\/\\\/ranoja.ee\\\/toode\\\/maare-industry-licom-2-400g-valvoline\\\/#breadcrumb\"},\"inLanguage\":\"en-US\",\"potentialAction\":[{\"@type\":\"ReadAction\",\"target\":[\"https:\\\/\\\/ranoja.ee\\\/toode\\\/maare-industry-licom-2-400g-valvoline\\\/\"]}]},{\"@type\":\"ImageObject\",\"inLanguage\":\"en-US\",\"@id\":\"https:\\\/\\\/ranoja.ee\\\/toode\\\/maare-industry-licom-2-400g-valvoline\\\/#primaryimage\",\"url\":\"https:\\\/\\\/ranoja.ee\\\/wp-content\\\/uploads\\\/2026\\\/03\\\/149306189.jpeg\",\"contentUrl\":\"https:\\\/\\\/ranoja.ee\\\/wp-content\\\/uploads\\\/2026\\\/03\\\/149306189.jpeg\",\"width\":467,\"height\":768},{\"@type\":\"BreadcrumbList\",\"@id\":\"https:\\\/\\\/ranoja.ee\\\/toode\\\/maare-industry-licom-2-400g-valvoline\\\/#breadcrumb\",\"itemListElement\":[{\"@type\":\"ListItem\",\"position\":1,\"name\":\"Home\",\"item\":\"https:\\\/\\\/ranoja.ee\\\/\"},{\"@type\":\"ListItem\",\"position\":2,\"name\":\"Shop\",\"item\":\"https:\\\/\\\/ranoja.ee\\\/en\\\/shop\\\/\"},{\"@type\":\"ListItem\",\"position\":3,\"name\":\"M\u00e4\u00e4re Industry Licom 2 400g, Valvoline\"}]},{\"@type\":\"WebSite\",\"@id\":\"https:\\\/\\\/ranoja.ee\\\/#website\",\"url\":\"https:\\\/\\\/ranoja.ee\\\/\",\"name\":\"Ranoja\",\"description\":\"Equipment Shop WooCommerce WordPress Theme for Machine &amp; Tools\",\"publisher\":{\"@id\":\"https:\\\/\\\/ranoja.ee\\\/#organization\"},\"potentialAction\":[{\"@type\":\"SearchAction\",\"target\":{\"@type\":\"EntryPoint\",\"urlTemplate\":\"https:\\\/\\\/ranoja.ee\\\/?s={search_term_string}\"},\"query-input\":{\"@type\":\"PropertyValueSpecification\",\"valueRequired\":true,\"valueName\":\"search_term_string\"}}],\"inLanguage\":\"en-US\"},{\"@type\":\"Organization\",\"@id\":\"https:\\\/\\\/ranoja.ee\\\/#organization\",\"name\":\"Ranoja O\u00dc\",\"url\":\"https:\\\/\\\/ranoja.ee\\\/\",\"logo\":{\"@type\":\"ImageObject\",\"inLanguage\":\"en-US\",\"@id\":\"https:\\\/\\\/ranoja.ee\\\/#\\\/schema\\\/logo\\\/image\\\/\",\"url\":\"https:\\\/\\\/ranoja.ee\\\/wp-content\\\/uploads\\\/2023\\\/11\\\/ranoja-Logo.png\",\"contentUrl\":\"https:\\\/\\\/ranoja.ee\\\/wp-content\\\/uploads\\\/2023\\\/11\\\/ranoja-Logo.png\",\"width\":207,\"height\":58,\"caption\":\"Ranoja O\u00dc\"},\"image\":{\"@id\":\"https:\\\/\\\/ranoja.ee\\\/#\\\/schema\\\/logo\\\/image\\\/\"},\"sameAs\":[\"https:\\\/\\\/www.facebook.com\\\/ranoja.ee\",\"https:\\\/\\\/www.instagram.com\\\/ranoja__\\\/\"]}]}<\/script>\n<!-- \/ Yoast SEO plugin. -->","yoast_head_json":{"title":"M\u00e4\u00e4re Industry Licom 2 400g, Valvoline - Ranoja","robots":{"index":"index","follow":"follow","max-snippet":"max-snippet:-1","max-image-preview":"max-image-preview:large","max-video-preview":"max-video-preview:-1"},"canonical":"https:\/\/ranoja.ee\/toode\/maare-industry-licom-2-400g-valvoline\/","og_locale":"en_US","og_type":"article","og_title":"M\u00e4\u00e4re Industry Licom 2 400g, Valvoline - Ranoja","og_description":"K\u00f5rgkvaliteetne liitium kompleks m\u00e4\u00e4re mis on spetsiaalselt valmistatud statsionaarsetele t\u00f6\u00f6stusmasinatele mis t\u00f6\u00f6tavad k\u00f5rgtemepratuuri tingimustes. Valvoline Industry Licom 2 m\u00e4\u00e4rde liitium kompleks tahkesti ja k\u00f5rge viskoosusega mineraalne baas\u00f5li kombineerituna annavad erakodselt hea p\u00fcsivuse k\u00f5rgtemepratuuril t\u00f6\u00f6tamisel ilma liigse m\u00e4\u00e4rdestruktuuri pehmenemiseta. Tootel on esmaklassilised korrosioonikaitse ja kulumiskaitse ning see on h\u00f5lpsasti m\u00e4\u00e4ritav madalatel temperatuuridel. Kasutuskohad: Laial temepratuurivahemikul t\u00f6\u00f6tavad laagrid eesk\u00e4tt statsionaarsetel t\u00f6\u00f6stusmasinatel ja - seadmetel. Sobib kasutada t\u00f6\u00f6stuses, kaevanduses, ehituses ja p\u00f5llumajanduses kuumades ja tolmustes tingimustes. Baas\u00f5li: Mineraalne Tahkesti: Liitium kompleks Baas\u00f5li viskoossus: 460 Kasutus tepmeratuurivahemik: -15 kuni + 180 C V\u00e4rvus: Tumepruun Konsistentsusklass: NLGI 2 J\u00f5udlustasemed: DIN 51502: KP2P-15 ISO 6743: L-XBEHB 2","og_url":"https:\/\/ranoja.ee\/toode\/maare-industry-licom-2-400g-valvoline\/","og_site_name":"Ranoja","article_publisher":"https:\/\/www.facebook.com\/ranoja.ee","article_modified_time":"2026-03-17T12:42:09+00:00","og_image":[{"width":467,"height":768,"url":"https:\/\/ranoja.ee\/wp-content\/uploads\/2026\/03\/149306189.jpeg","type":"image\/jpeg"}],"twitter_card":"summary_large_image","schema":{"@context":"https:\/\/schema.org","@graph":[{"@type":"WebPage","@id":"https:\/\/ranoja.ee\/toode\/maare-industry-licom-2-400g-valvoline\/","url":"https:\/\/ranoja.ee\/toode\/maare-industry-licom-2-400g-valvoline\/","name":"M\u00e4\u00e4re Industry Licom 2 400g, Valvoline - Ranoja","isPartOf":{"@id":"https:\/\/ranoja.ee\/#website"},"primaryImageOfPage":{"@id":"https:\/\/ranoja.ee\/toode\/maare-industry-licom-2-400g-valvoline\/#primaryimage"},"image":{"@id":"https:\/\/ranoja.ee\/toode\/maare-industry-licom-2-400g-valvoline\/#primaryimage"},"thumbnailUrl":"https:\/\/ranoja.ee\/wp-content\/uploads\/2026\/03\/149306189.jpeg","datePublished":"2026-03-16T23:04:15+00:00","dateModified":"2026-03-17T12:42:09+00:00","breadcrumb":{"@id":"https:\/\/ranoja.ee\/toode\/maare-industry-licom-2-400g-valvoline\/#breadcrumb"},"inLanguage":"en-US","potentialAction":[{"@type":"ReadAction","target":["https:\/\/ranoja.ee\/toode\/maare-industry-licom-2-400g-valvoline\/"]}]},{"@type":"ImageObject","inLanguage":"en-US","@id":"https:\/\/ranoja.ee\/toode\/maare-industry-licom-2-400g-valvoline\/#primaryimage","url":"https:\/\/ranoja.ee\/wp-content\/uploads\/2026\/03\/149306189.jpeg","contentUrl":"https:\/\/ranoja.ee\/wp-content\/uploads\/2026\/03\/149306189.jpeg","width":467,"height":768},{"@type":"BreadcrumbList","@id":"https:\/\/ranoja.ee\/toode\/maare-industry-licom-2-400g-valvoline\/#breadcrumb","itemListElement":[{"@type":"ListItem","position":1,"name":"Home","item":"https:\/\/ranoja.ee\/"},{"@type":"ListItem","position":2,"name":"Shop","item":"https:\/\/ranoja.ee\/en\/shop\/"},{"@type":"ListItem","position":3,"name":"M\u00e4\u00e4re Industry Licom 2 400g, Valvoline"}]},{"@type":"WebSite","@id":"https:\/\/ranoja.ee\/#website","url":"https:\/\/ranoja.ee\/","name":"Ranoja","description":"Equipment Shop WooCommerce WordPress Theme for Machine &amp; Tools","publisher":{"@id":"https:\/\/ranoja.ee\/#organization"},"potentialAction":[{"@type":"SearchAction","target":{"@type":"EntryPoint","urlTemplate":"https:\/\/ranoja.ee\/?s={search_term_string}"},"query-input":{"@type":"PropertyValueSpecification","valueRequired":true,"valueName":"search_term_string"}}],"inLanguage":"en-US"},{"@type":"Organization","@id":"https:\/\/ranoja.ee\/#organization","name":"Ranoja O\u00dc","url":"https:\/\/ranoja.ee\/","logo":{"@type":"ImageObject","inLanguage":"en-US","@id":"https:\/\/ranoja.ee\/#\/schema\/logo\/image\/","url":"https:\/\/ranoja.ee\/wp-content\/uploads\/2023\/11\/ranoja-Logo.png","contentUrl":"https:\/\/ranoja.ee\/wp-content\/uploads\/2023\/11\/ranoja-Logo.png","width":207,"height":58,"caption":"Ranoja O\u00dc"},"image":{"@id":"https:\/\/ranoja.ee\/#\/schema\/logo\/image\/"},"sameAs":["https:\/\/www.facebook.com\/ranoja.ee","https:\/\/www.instagram.com\/ranoja__\/"]}]}},"_links":{"self":[{"href":"https:\/\/ranoja.ee\/en\/wp-json\/wp\/v2\/product\/58911","targetHints":{"allow":["GET"]}}],"collection":[{"href":"https:\/\/ranoja.ee\/en\/wp-json\/wp\/v2\/product"}],"about":[{"href":"https:\/\/ranoja.ee\/en\/wp-json\/wp\/v2\/types\/product"}],"wp:featuredmedia":[{"embeddable":true,"href":"https:\/\/ranoja.ee\/en\/wp-json\/wp\/v2\/media\/58912"}],"wp:attachment":[{"href":"https:\/\/ranoja.ee\/en\/wp-json\/wp\/v2\/media?parent=58911"}],"wp:term":[{"taxonomy":"product_cat","embeddable":true,"href":"https:\/\/ranoja.ee\/en\/wp-json\/wp\/v2\/product_cat?post=58911"},{"taxonomy":"product_tag","embeddable":true,"href":"https:\/\/ranoja.ee\/en\/wp-json\/wp\/v2\/product_tag?post=58911"}],"curies":[{"name":"wp","href":"https:\/\/api.w.org\/{rel}","templated":true}]}}