{"id":58909,"date":"2026-03-17T02:04:15","date_gmt":"2026-03-16T23:04:15","guid":{"rendered":"https:\/\/ranoja.ee\/toode\/kuivkoristushari-s800-scheppach\/"},"modified":"2026-03-17T15:42:09","modified_gmt":"2026-03-17T12:42:09","slug":"kuivkoristushari-s800-scheppach","status":"publish","type":"product","link":"https:\/\/ranoja.ee\/en\/toode\/kuivkoristushari-s800-scheppach\/","title":{"rendered":"Kuivkoristushari S800, Scheppach"},"content":{"rendered":"","protected":false},"excerpt":{"rendered":"<p>Tehnilised andmed:<br \/>\nT\u00f6\u00f6laius koos k\u00fclgharjaga (mm)650<br \/>\nMaksimaalne puhastatav pind (m\u00b2\/h)2600<br \/>\nKorpus\/raamPlastmass\/Plastmass<br \/>\nPr\u00fcgikonteiner (l)20<br \/>\nKaal t\u00f6\u00f6valmis olekus (kg)9<br \/>\nM\u00f5\u00f5dud (pikkus x laius x k\u00f5rgus) (mm)593 x 650 x 1000 mm<\/p>\n<p>Varustus: <br \/>\nK\u00fclgharjade arv, 2 t\u00fckk<br \/>\nKeskmine p\u00f5hihari<br \/>\nTeisaldatav ning reguleeritav l\u00fckkesang<br \/>\nEemaldatav pr\u00fcgikonteiner<\/p>\n<p>Scheppach kuivp\u00fchkimismasin S800 tagab kiire ja lihtsa puhastamise<br \/>\nprotsessi. Tugevad ja vastupidavad k\u00fcljeharjad ning kahepoolne p\u00f5hihari puhastavad <br \/>\nsuured alad kiirelt ja usaldusv\u00e4\u00e4rselt. T\u00e4nu v\u00e4ikestele m\u00f5\u00f5tmetele ja reguleeritavale k\u00e4epidemele seadme on lihtne hoiustada.<\/p>\n","protected":false},"featured_media":58910,"template":"","meta":{"inline_featured_image":false},"product_cat":[5327,5326,5035],"product_tag":[],"class_list":{"0":"post-58909","1":"product","2":"type-product","3":"status-publish","4":"has-post-thumbnail","6":"product_brand-scheppach","7":"product_cat-kodukasutuse-kuivkoristusseadmed-ja-tarvikud","8":"product_cat-kuivkoristusseadmed","9":"product_cat-puhastustehnika-ja-tarvikud","11":"first","12":"instock","13":"purchasable","14":"product-type-simple"},"yoast_head":"<!-- This site is optimized with the Yoast SEO plugin v27.4 - https:\/\/yoast.com\/product\/yoast-seo-wordpress\/ -->\n<title>Kuivkoristushari S800, Scheppach - Ranoja<\/title>\n<meta name=\"robots\" content=\"index, follow, max-snippet:-1, max-image-preview:large, max-video-preview:-1\" \/>\n<link rel=\"canonical\" href=\"https:\/\/ranoja.ee\/toode\/kuivkoristushari-s800-scheppach\/\" \/>\n<meta property=\"og:locale\" content=\"en_US\" \/>\n<meta property=\"og:type\" content=\"article\" \/>\n<meta property=\"og:title\" content=\"Kuivkoristushari S800, Scheppach - Ranoja\" \/>\n<meta property=\"og:description\" content=\"Tehnilised andmed: T\u00f6\u00f6laius koos k\u00fclgharjaga (mm)650 Maksimaalne puhastatav pind (m\u00b2\/h)2600 Korpus\/raamPlastmass\/Plastmass Pr\u00fcgikonteiner (l)20 Kaal t\u00f6\u00f6valmis olekus (kg)9 M\u00f5\u00f5dud (pikkus x laius x k\u00f5rgus) (mm)593 x 650 x 1000 mm Varustus: K\u00fclgharjade arv, 2 t\u00fckk Keskmine p\u00f5hihari Teisaldatav ning reguleeritav l\u00fckkesang Eemaldatav pr\u00fcgikonteiner Scheppach kuivp\u00fchkimismasin S800 tagab kiire ja lihtsa puhastamise protsessi. Tugevad ja vastupidavad k\u00fcljeharjad ning kahepoolne p\u00f5hihari puhastavad suured alad kiirelt ja usaldusv\u00e4\u00e4rselt. T\u00e4nu v\u00e4ikestele m\u00f5\u00f5tmetele ja reguleeritavale k\u00e4epidemele seadme on lihtne hoiustada.\" \/>\n<meta property=\"og:url\" content=\"https:\/\/ranoja.ee\/toode\/kuivkoristushari-s800-scheppach\/\" \/>\n<meta property=\"og:site_name\" content=\"Ranoja\" \/>\n<meta property=\"article:publisher\" content=\"https:\/\/www.facebook.com\/ranoja.ee\" \/>\n<meta property=\"article:modified_time\" content=\"2026-03-17T12:42:09+00:00\" \/>\n<meta property=\"og:image\" content=\"https:\/\/ranoja.ee\/wp-content\/uploads\/2026\/03\/263516389.jpeg\" \/>\n\t<meta property=\"og:image:width\" content=\"597\" \/>\n\t<meta property=\"og:image:height\" content=\"768\" \/>\n\t<meta property=\"og:image:type\" content=\"image\/jpeg\" \/>\n<meta name=\"twitter:card\" content=\"summary_large_image\" \/>\n<script type=\"application\/ld+json\" class=\"yoast-schema-graph\">{\"@context\":\"https:\\\/\\\/schema.org\",\"@graph\":[{\"@type\":\"WebPage\",\"@id\":\"https:\\\/\\\/ranoja.ee\\\/toode\\\/kuivkoristushari-s800-scheppach\\\/\",\"url\":\"https:\\\/\\\/ranoja.ee\\\/toode\\\/kuivkoristushari-s800-scheppach\\\/\",\"name\":\"Kuivkoristushari S800, Scheppach - Ranoja\",\"isPartOf\":{\"@id\":\"https:\\\/\\\/ranoja.ee\\\/#website\"},\"primaryImageOfPage\":{\"@id\":\"https:\\\/\\\/ranoja.ee\\\/toode\\\/kuivkoristushari-s800-scheppach\\\/#primaryimage\"},\"image\":{\"@id\":\"https:\\\/\\\/ranoja.ee\\\/toode\\\/kuivkoristushari-s800-scheppach\\\/#primaryimage\"},\"thumbnailUrl\":\"https:\\\/\\\/ranoja.ee\\\/wp-content\\\/uploads\\\/2026\\\/03\\\/263516389.jpeg\",\"datePublished\":\"2026-03-16T23:04:15+00:00\",\"dateModified\":\"2026-03-17T12:42:09+00:00\",\"breadcrumb\":{\"@id\":\"https:\\\/\\\/ranoja.ee\\\/toode\\\/kuivkoristushari-s800-scheppach\\\/#breadcrumb\"},\"inLanguage\":\"en-US\",\"potentialAction\":[{\"@type\":\"ReadAction\",\"target\":[\"https:\\\/\\\/ranoja.ee\\\/toode\\\/kuivkoristushari-s800-scheppach\\\/\"]}]},{\"@type\":\"ImageObject\",\"inLanguage\":\"en-US\",\"@id\":\"https:\\\/\\\/ranoja.ee\\\/toode\\\/kuivkoristushari-s800-scheppach\\\/#primaryimage\",\"url\":\"https:\\\/\\\/ranoja.ee\\\/wp-content\\\/uploads\\\/2026\\\/03\\\/263516389.jpeg\",\"contentUrl\":\"https:\\\/\\\/ranoja.ee\\\/wp-content\\\/uploads\\\/2026\\\/03\\\/263516389.jpeg\",\"width\":597,\"height\":768},{\"@type\":\"BreadcrumbList\",\"@id\":\"https:\\\/\\\/ranoja.ee\\\/toode\\\/kuivkoristushari-s800-scheppach\\\/#breadcrumb\",\"itemListElement\":[{\"@type\":\"ListItem\",\"position\":1,\"name\":\"Home\",\"item\":\"https:\\\/\\\/ranoja.ee\\\/\"},{\"@type\":\"ListItem\",\"position\":2,\"name\":\"Shop\",\"item\":\"https:\\\/\\\/ranoja.ee\\\/en\\\/shop\\\/\"},{\"@type\":\"ListItem\",\"position\":3,\"name\":\"Kuivkoristushari S800, Scheppach\"}]},{\"@type\":\"WebSite\",\"@id\":\"https:\\\/\\\/ranoja.ee\\\/#website\",\"url\":\"https:\\\/\\\/ranoja.ee\\\/\",\"name\":\"Ranoja\",\"description\":\"Equipment Shop WooCommerce WordPress Theme for Machine &amp; Tools\",\"publisher\":{\"@id\":\"https:\\\/\\\/ranoja.ee\\\/#organization\"},\"potentialAction\":[{\"@type\":\"SearchAction\",\"target\":{\"@type\":\"EntryPoint\",\"urlTemplate\":\"https:\\\/\\\/ranoja.ee\\\/?s={search_term_string}\"},\"query-input\":{\"@type\":\"PropertyValueSpecification\",\"valueRequired\":true,\"valueName\":\"search_term_string\"}}],\"inLanguage\":\"en-US\"},{\"@type\":\"Organization\",\"@id\":\"https:\\\/\\\/ranoja.ee\\\/#organization\",\"name\":\"Ranoja O\u00dc\",\"url\":\"https:\\\/\\\/ranoja.ee\\\/\",\"logo\":{\"@type\":\"ImageObject\",\"inLanguage\":\"en-US\",\"@id\":\"https:\\\/\\\/ranoja.ee\\\/#\\\/schema\\\/logo\\\/image\\\/\",\"url\":\"https:\\\/\\\/ranoja.ee\\\/wp-content\\\/uploads\\\/2023\\\/11\\\/ranoja-Logo.png\",\"contentUrl\":\"https:\\\/\\\/ranoja.ee\\\/wp-content\\\/uploads\\\/2023\\\/11\\\/ranoja-Logo.png\",\"width\":207,\"height\":58,\"caption\":\"Ranoja O\u00dc\"},\"image\":{\"@id\":\"https:\\\/\\\/ranoja.ee\\\/#\\\/schema\\\/logo\\\/image\\\/\"},\"sameAs\":[\"https:\\\/\\\/www.facebook.com\\\/ranoja.ee\",\"https:\\\/\\\/www.instagram.com\\\/ranoja__\\\/\"]}]}<\/script>\n<!-- \/ Yoast SEO plugin. -->","yoast_head_json":{"title":"Kuivkoristushari S800, Scheppach - Ranoja","robots":{"index":"index","follow":"follow","max-snippet":"max-snippet:-1","max-image-preview":"max-image-preview:large","max-video-preview":"max-video-preview:-1"},"canonical":"https:\/\/ranoja.ee\/toode\/kuivkoristushari-s800-scheppach\/","og_locale":"en_US","og_type":"article","og_title":"Kuivkoristushari S800, Scheppach - Ranoja","og_description":"Tehnilised andmed: T\u00f6\u00f6laius koos k\u00fclgharjaga (mm)650 Maksimaalne puhastatav pind (m\u00b2\/h)2600 Korpus\/raamPlastmass\/Plastmass Pr\u00fcgikonteiner (l)20 Kaal t\u00f6\u00f6valmis olekus (kg)9 M\u00f5\u00f5dud (pikkus x laius x k\u00f5rgus) (mm)593 x 650 x 1000 mm Varustus: K\u00fclgharjade arv, 2 t\u00fckk Keskmine p\u00f5hihari Teisaldatav ning reguleeritav l\u00fckkesang Eemaldatav pr\u00fcgikonteiner Scheppach kuivp\u00fchkimismasin S800 tagab kiire ja lihtsa puhastamise protsessi. Tugevad ja vastupidavad k\u00fcljeharjad ning kahepoolne p\u00f5hihari puhastavad suured alad kiirelt ja usaldusv\u00e4\u00e4rselt. T\u00e4nu v\u00e4ikestele m\u00f5\u00f5tmetele ja reguleeritavale k\u00e4epidemele seadme on lihtne hoiustada.","og_url":"https:\/\/ranoja.ee\/toode\/kuivkoristushari-s800-scheppach\/","og_site_name":"Ranoja","article_publisher":"https:\/\/www.facebook.com\/ranoja.ee","article_modified_time":"2026-03-17T12:42:09+00:00","og_image":[{"width":597,"height":768,"url":"https:\/\/ranoja.ee\/wp-content\/uploads\/2026\/03\/263516389.jpeg","type":"image\/jpeg"}],"twitter_card":"summary_large_image","schema":{"@context":"https:\/\/schema.org","@graph":[{"@type":"WebPage","@id":"https:\/\/ranoja.ee\/toode\/kuivkoristushari-s800-scheppach\/","url":"https:\/\/ranoja.ee\/toode\/kuivkoristushari-s800-scheppach\/","name":"Kuivkoristushari S800, Scheppach - Ranoja","isPartOf":{"@id":"https:\/\/ranoja.ee\/#website"},"primaryImageOfPage":{"@id":"https:\/\/ranoja.ee\/toode\/kuivkoristushari-s800-scheppach\/#primaryimage"},"image":{"@id":"https:\/\/ranoja.ee\/toode\/kuivkoristushari-s800-scheppach\/#primaryimage"},"thumbnailUrl":"https:\/\/ranoja.ee\/wp-content\/uploads\/2026\/03\/263516389.jpeg","datePublished":"2026-03-16T23:04:15+00:00","dateModified":"2026-03-17T12:42:09+00:00","breadcrumb":{"@id":"https:\/\/ranoja.ee\/toode\/kuivkoristushari-s800-scheppach\/#breadcrumb"},"inLanguage":"en-US","potentialAction":[{"@type":"ReadAction","target":["https:\/\/ranoja.ee\/toode\/kuivkoristushari-s800-scheppach\/"]}]},{"@type":"ImageObject","inLanguage":"en-US","@id":"https:\/\/ranoja.ee\/toode\/kuivkoristushari-s800-scheppach\/#primaryimage","url":"https:\/\/ranoja.ee\/wp-content\/uploads\/2026\/03\/263516389.jpeg","contentUrl":"https:\/\/ranoja.ee\/wp-content\/uploads\/2026\/03\/263516389.jpeg","width":597,"height":768},{"@type":"BreadcrumbList","@id":"https:\/\/ranoja.ee\/toode\/kuivkoristushari-s800-scheppach\/#breadcrumb","itemListElement":[{"@type":"ListItem","position":1,"name":"Home","item":"https:\/\/ranoja.ee\/"},{"@type":"ListItem","position":2,"name":"Shop","item":"https:\/\/ranoja.ee\/en\/shop\/"},{"@type":"ListItem","position":3,"name":"Kuivkoristushari S800, Scheppach"}]},{"@type":"WebSite","@id":"https:\/\/ranoja.ee\/#website","url":"https:\/\/ranoja.ee\/","name":"Ranoja","description":"Equipment Shop WooCommerce WordPress Theme for Machine &amp; Tools","publisher":{"@id":"https:\/\/ranoja.ee\/#organization"},"potentialAction":[{"@type":"SearchAction","target":{"@type":"EntryPoint","urlTemplate":"https:\/\/ranoja.ee\/?s={search_term_string}"},"query-input":{"@type":"PropertyValueSpecification","valueRequired":true,"valueName":"search_term_string"}}],"inLanguage":"en-US"},{"@type":"Organization","@id":"https:\/\/ranoja.ee\/#organization","name":"Ranoja O\u00dc","url":"https:\/\/ranoja.ee\/","logo":{"@type":"ImageObject","inLanguage":"en-US","@id":"https:\/\/ranoja.ee\/#\/schema\/logo\/image\/","url":"https:\/\/ranoja.ee\/wp-content\/uploads\/2023\/11\/ranoja-Logo.png","contentUrl":"https:\/\/ranoja.ee\/wp-content\/uploads\/2023\/11\/ranoja-Logo.png","width":207,"height":58,"caption":"Ranoja O\u00dc"},"image":{"@id":"https:\/\/ranoja.ee\/#\/schema\/logo\/image\/"},"sameAs":["https:\/\/www.facebook.com\/ranoja.ee","https:\/\/www.instagram.com\/ranoja__\/"]}]}},"_links":{"self":[{"href":"https:\/\/ranoja.ee\/en\/wp-json\/wp\/v2\/product\/58909","targetHints":{"allow":["GET"]}}],"collection":[{"href":"https:\/\/ranoja.ee\/en\/wp-json\/wp\/v2\/product"}],"about":[{"href":"https:\/\/ranoja.ee\/en\/wp-json\/wp\/v2\/types\/product"}],"wp:featuredmedia":[{"embeddable":true,"href":"https:\/\/ranoja.ee\/en\/wp-json\/wp\/v2\/media\/58910"}],"wp:attachment":[{"href":"https:\/\/ranoja.ee\/en\/wp-json\/wp\/v2\/media?parent=58909"}],"wp:term":[{"taxonomy":"product_cat","embeddable":true,"href":"https:\/\/ranoja.ee\/en\/wp-json\/wp\/v2\/product_cat?post=58909"},{"taxonomy":"product_tag","embeddable":true,"href":"https:\/\/ranoja.ee\/en\/wp-json\/wp\/v2\/product_tag?post=58909"}],"curies":[{"name":"wp","href":"https:\/\/api.w.org\/{rel}","templated":true}]}}