{"id":58907,"date":"2026-03-17T02:04:15","date_gmt":"2026-03-16T23:04:15","guid":{"rendered":"https:\/\/ranoja.ee\/toode\/kaitsekiiver-reguleeritav-sissetommatava-visiiriga-elektri-onyx2-delta-plus\/"},"modified":"2026-03-17T15:42:09","modified_gmt":"2026-03-17T12:42:09","slug":"kaitsekiiver-reguleeritav-sissetommatava-visiiriga-elektri-onyx2-delta-plus","status":"publish","type":"product","link":"https:\/\/ranoja.ee\/en\/toode\/kaitsekiiver-reguleeritav-sissetommatava-visiiriga-elektri-onyx2-delta-plus\/","title":{"rendered":"Kaitsekiiver, reguleeritav, sisset\u00f5mmatava visiiriga elektri ONYX2, Delta Plus"},"content":{"rendered":"","protected":false},"excerpt":{"rendered":"<p>ABS kahekihiline turvakiiver koos PC-t\u00f5mmatava visiiriga. Sportlik ja d\u00fcnaamiline disain. 3 tekstiilrihma ja 6 kinnituspunkti. Rihm koosneb vahtketast ja tagak\u00fcljel olevast padjast, et tagada paremat mugavust kiivrit kandes. Vahtmaterjalist higipael. Reguleeritav: pea suurus 53 kuni 64 cm koos One-D Rotor kinnituss\u00fcsteemiga. 2 v\u00f5imalikku asendit peapaelale (k\u00f5rge\/madal), et tagada parem mugavus. Helkurkleebised. Elektriisolatsioon kuni 1 000 V.A.C. v\u00f5i 1 500 V.D.C, kaitse kaarefekti eest, klass 1 (GS-ET 29). Visiiril on antiudu N ja kriimustuskindel K t\u00f6\u00f6tlus ning kaitse elektrikaare, sulametalli ja kuumade vedelike pritsmete eest.<\/p>\n<p>EN397:2012 + A1:2012 Kaitsekiivrid t\u00f6\u00f6stusele<\/p>\n<p>MM Sulametalli pritsmed<br \/>\nLD K\u00fclgdeformatsioon<br \/>\n-20\u00b0C +50\u00b0C Kasutamine: V\u00e4ga madal temperatuur &#8211; -20\u00b0C \/ +50\u00b0C<br \/>\n440VAC Elektriisolatsioon<br \/>\nElektriliselt isoleerivad kiivrid madalpinge paigaldistes kasutamiseks<br \/>\nEN50365:2002 Elektriliselt isoleerivad kiivrid madalpinge paigaldistes kasutamiseks<\/p>\n<p>KLASS 0 Elektriliselt isoleerivad kiivrid &#8211; klass 0<br \/>\nEN166:2001 Isiklik silmakaitse &#8211; Spetsifikatsioonid<\/p>\n<p>1 AT 8-1-0 9 K Prillid<br \/>\n3 8-1 9 AT Raam<br \/>\nEN170:2002 Ultraviolettfiltrid<\/p>\n<p>2C-1.2 Taseme<br \/>\nT\u00e4iendavad n\u00f5uded elektrikaare kaitseks.<br \/>\nGS-ET 29:2011-05 T\u00e4iendavad n\u00f5uded elektrikaare kaitseks.<\/p>\n<p>8-1-0 Prillid<br \/>\nKLASS 1 Klass<br \/>\nKLASS 0 Valguse l\u00e4bilaskvuse klass = Klass 1: (50% = VLT(D65) < 75%) \/ Klass 0: (VLT(D65) = 75%).<br \/>\n8-1 Raam<\/p>\n","protected":false},"featured_media":58908,"template":"","meta":{"inline_featured_image":false},"product_cat":[5022,5097],"product_tag":[],"class_list":{"0":"post-58907","1":"product","2":"type-product","3":"status-publish","4":"has-post-thumbnail","6":"product_brand-delta-plus","7":"product_cat-isikukaitsevahendid","8":"product_cat-peakaitsed","10":"first","11":"instock","12":"purchasable","13":"product-type-simple"},"yoast_head":"<!-- This site is optimized with the Yoast SEO plugin v27.4 - https:\/\/yoast.com\/product\/yoast-seo-wordpress\/ -->\n<title>Kaitsekiiver, reguleeritav, sisset\u00f5mmatava visiiriga elektri ONYX2, Delta Plus - Ranoja<\/title>\n<meta name=\"robots\" content=\"index, follow, max-snippet:-1, max-image-preview:large, max-video-preview:-1\" \/>\n<link rel=\"canonical\" href=\"https:\/\/ranoja.ee\/toode\/kaitsekiiver-reguleeritav-sissetommatava-visiiriga-elektri-onyx2-delta-plus\/\" \/>\n<meta property=\"og:locale\" content=\"en_US\" \/>\n<meta property=\"og:type\" content=\"article\" \/>\n<meta property=\"og:title\" content=\"Kaitsekiiver, reguleeritav, sisset\u00f5mmatava visiiriga elektri ONYX2, Delta Plus - Ranoja\" \/>\n<meta property=\"og:description\" content=\"ABS kahekihiline turvakiiver koos PC-t\u00f5mmatava visiiriga. Sportlik ja d\u00fcnaamiline disain. 3 tekstiilrihma ja 6 kinnituspunkti. Rihm koosneb vahtketast ja tagak\u00fcljel olevast padjast, et tagada paremat mugavust kiivrit kandes. Vahtmaterjalist higipael. Reguleeritav: pea suurus 53 kuni 64 cm koos One-D Rotor kinnituss\u00fcsteemiga. 2 v\u00f5imalikku asendit peapaelale (k\u00f5rge\/madal), et tagada parem mugavus. Helkurkleebised. Elektriisolatsioon kuni 1 000 V.A.C. v\u00f5i 1 500 V.D.C, kaitse kaarefekti eest, klass 1 (GS-ET 29). Visiiril on antiudu N ja kriimustuskindel K t\u00f6\u00f6tlus ning kaitse elektrikaare, sulametalli ja kuumade vedelike pritsmete eest. EN397:2012 + A1:2012 Kaitsekiivrid t\u00f6\u00f6stusele MM Sulametalli pritsmed LD K\u00fclgdeformatsioon -20\u00b0C +50\u00b0C Kasutamine: V\u00e4ga madal temperatuur - -20\u00b0C \/ +50\u00b0C 440VAC Elektriisolatsioon Elektriliselt isoleerivad kiivrid madalpinge paigaldistes kasutamiseks EN50365:2002 Elektriliselt isoleerivad kiivrid madalpinge paigaldistes kasutamiseks KLASS 0 Elektriliselt isoleerivad kiivrid - klass 0 EN166:2001 Isiklik silmakaitse - Spetsifikatsioonid 1 AT 8-1-0 9 K Prillid 3 8-1 9 AT Raam EN170:2002 Ultraviolettfiltrid 2C-1.2 Taseme T\u00e4iendavad n\u00f5uded elektrikaare kaitseks. GS-ET 29:2011-05 T\u00e4iendavad n\u00f5uded elektrikaare kaitseks. 8-1-0 Prillid KLASS 1 Klass KLASS 0 Valguse l\u00e4bilaskvuse klass = Klass 1: (50% = VLT(D65) &lt; 75%) \/ Klass 0: (VLT(D65) = 75%). 8-1 Raam\" \/>\n<meta property=\"og:url\" content=\"https:\/\/ranoja.ee\/toode\/kaitsekiiver-reguleeritav-sissetommatava-visiiriga-elektri-onyx2-delta-plus\/\" \/>\n<meta property=\"og:site_name\" content=\"Ranoja\" \/>\n<meta property=\"article:publisher\" content=\"https:\/\/www.facebook.com\/ranoja.ee\" \/>\n<meta property=\"article:modified_time\" content=\"2026-03-17T12:42:09+00:00\" \/>\n<meta property=\"og:image\" content=\"https:\/\/ranoja.ee\/wp-content\/uploads\/2026\/03\/249248869.jpg\" \/>\n\t<meta property=\"og:image:width\" content=\"672\" \/>\n\t<meta property=\"og:image:height\" content=\"710\" \/>\n\t<meta property=\"og:image:type\" content=\"image\/jpeg\" \/>\n<meta name=\"twitter:card\" content=\"summary_large_image\" \/>\n<script type=\"application\/ld+json\" class=\"yoast-schema-graph\">{\"@context\":\"https:\\\/\\\/schema.org\",\"@graph\":[{\"@type\":\"WebPage\",\"@id\":\"https:\\\/\\\/ranoja.ee\\\/toode\\\/kaitsekiiver-reguleeritav-sissetommatava-visiiriga-elektri-onyx2-delta-plus\\\/\",\"url\":\"https:\\\/\\\/ranoja.ee\\\/toode\\\/kaitsekiiver-reguleeritav-sissetommatava-visiiriga-elektri-onyx2-delta-plus\\\/\",\"name\":\"Kaitsekiiver, reguleeritav, sisset\u00f5mmatava visiiriga elektri ONYX2, Delta Plus - Ranoja\",\"isPartOf\":{\"@id\":\"https:\\\/\\\/ranoja.ee\\\/#website\"},\"primaryImageOfPage\":{\"@id\":\"https:\\\/\\\/ranoja.ee\\\/toode\\\/kaitsekiiver-reguleeritav-sissetommatava-visiiriga-elektri-onyx2-delta-plus\\\/#primaryimage\"},\"image\":{\"@id\":\"https:\\\/\\\/ranoja.ee\\\/toode\\\/kaitsekiiver-reguleeritav-sissetommatava-visiiriga-elektri-onyx2-delta-plus\\\/#primaryimage\"},\"thumbnailUrl\":\"https:\\\/\\\/ranoja.ee\\\/wp-content\\\/uploads\\\/2026\\\/03\\\/249248869.jpg\",\"datePublished\":\"2026-03-16T23:04:15+00:00\",\"dateModified\":\"2026-03-17T12:42:09+00:00\",\"breadcrumb\":{\"@id\":\"https:\\\/\\\/ranoja.ee\\\/toode\\\/kaitsekiiver-reguleeritav-sissetommatava-visiiriga-elektri-onyx2-delta-plus\\\/#breadcrumb\"},\"inLanguage\":\"en-US\",\"potentialAction\":[{\"@type\":\"ReadAction\",\"target\":[\"https:\\\/\\\/ranoja.ee\\\/toode\\\/kaitsekiiver-reguleeritav-sissetommatava-visiiriga-elektri-onyx2-delta-plus\\\/\"]}]},{\"@type\":\"ImageObject\",\"inLanguage\":\"en-US\",\"@id\":\"https:\\\/\\\/ranoja.ee\\\/toode\\\/kaitsekiiver-reguleeritav-sissetommatava-visiiriga-elektri-onyx2-delta-plus\\\/#primaryimage\",\"url\":\"https:\\\/\\\/ranoja.ee\\\/wp-content\\\/uploads\\\/2026\\\/03\\\/249248869.jpg\",\"contentUrl\":\"https:\\\/\\\/ranoja.ee\\\/wp-content\\\/uploads\\\/2026\\\/03\\\/249248869.jpg\",\"width\":672,\"height\":710},{\"@type\":\"BreadcrumbList\",\"@id\":\"https:\\\/\\\/ranoja.ee\\\/toode\\\/kaitsekiiver-reguleeritav-sissetommatava-visiiriga-elektri-onyx2-delta-plus\\\/#breadcrumb\",\"itemListElement\":[{\"@type\":\"ListItem\",\"position\":1,\"name\":\"Home\",\"item\":\"https:\\\/\\\/ranoja.ee\\\/\"},{\"@type\":\"ListItem\",\"position\":2,\"name\":\"Shop\",\"item\":\"https:\\\/\\\/ranoja.ee\\\/en\\\/shop\\\/\"},{\"@type\":\"ListItem\",\"position\":3,\"name\":\"Kaitsekiiver, reguleeritav, sisset\u00f5mmatava visiiriga elektri ONYX2, Delta Plus\"}]},{\"@type\":\"WebSite\",\"@id\":\"https:\\\/\\\/ranoja.ee\\\/#website\",\"url\":\"https:\\\/\\\/ranoja.ee\\\/\",\"name\":\"Ranoja\",\"description\":\"Equipment Shop WooCommerce WordPress Theme for Machine &amp; Tools\",\"publisher\":{\"@id\":\"https:\\\/\\\/ranoja.ee\\\/#organization\"},\"potentialAction\":[{\"@type\":\"SearchAction\",\"target\":{\"@type\":\"EntryPoint\",\"urlTemplate\":\"https:\\\/\\\/ranoja.ee\\\/?s={search_term_string}\"},\"query-input\":{\"@type\":\"PropertyValueSpecification\",\"valueRequired\":true,\"valueName\":\"search_term_string\"}}],\"inLanguage\":\"en-US\"},{\"@type\":\"Organization\",\"@id\":\"https:\\\/\\\/ranoja.ee\\\/#organization\",\"name\":\"Ranoja O\u00dc\",\"url\":\"https:\\\/\\\/ranoja.ee\\\/\",\"logo\":{\"@type\":\"ImageObject\",\"inLanguage\":\"en-US\",\"@id\":\"https:\\\/\\\/ranoja.ee\\\/#\\\/schema\\\/logo\\\/image\\\/\",\"url\":\"https:\\\/\\\/ranoja.ee\\\/wp-content\\\/uploads\\\/2023\\\/11\\\/ranoja-Logo.png\",\"contentUrl\":\"https:\\\/\\\/ranoja.ee\\\/wp-content\\\/uploads\\\/2023\\\/11\\\/ranoja-Logo.png\",\"width\":207,\"height\":58,\"caption\":\"Ranoja O\u00dc\"},\"image\":{\"@id\":\"https:\\\/\\\/ranoja.ee\\\/#\\\/schema\\\/logo\\\/image\\\/\"},\"sameAs\":[\"https:\\\/\\\/www.facebook.com\\\/ranoja.ee\",\"https:\\\/\\\/www.instagram.com\\\/ranoja__\\\/\"]}]}<\/script>\n<!-- \/ Yoast SEO plugin. -->","yoast_head_json":{"title":"Kaitsekiiver, reguleeritav, sisset\u00f5mmatava visiiriga elektri ONYX2, Delta Plus - Ranoja","robots":{"index":"index","follow":"follow","max-snippet":"max-snippet:-1","max-image-preview":"max-image-preview:large","max-video-preview":"max-video-preview:-1"},"canonical":"https:\/\/ranoja.ee\/toode\/kaitsekiiver-reguleeritav-sissetommatava-visiiriga-elektri-onyx2-delta-plus\/","og_locale":"en_US","og_type":"article","og_title":"Kaitsekiiver, reguleeritav, sisset\u00f5mmatava visiiriga elektri ONYX2, Delta Plus - Ranoja","og_description":"ABS kahekihiline turvakiiver koos PC-t\u00f5mmatava visiiriga. Sportlik ja d\u00fcnaamiline disain. 3 tekstiilrihma ja 6 kinnituspunkti. Rihm koosneb vahtketast ja tagak\u00fcljel olevast padjast, et tagada paremat mugavust kiivrit kandes. Vahtmaterjalist higipael. Reguleeritav: pea suurus 53 kuni 64 cm koos One-D Rotor kinnituss\u00fcsteemiga. 2 v\u00f5imalikku asendit peapaelale (k\u00f5rge\/madal), et tagada parem mugavus. Helkurkleebised. Elektriisolatsioon kuni 1 000 V.A.C. v\u00f5i 1 500 V.D.C, kaitse kaarefekti eest, klass 1 (GS-ET 29). Visiiril on antiudu N ja kriimustuskindel K t\u00f6\u00f6tlus ning kaitse elektrikaare, sulametalli ja kuumade vedelike pritsmete eest. EN397:2012 + A1:2012 Kaitsekiivrid t\u00f6\u00f6stusele MM Sulametalli pritsmed LD K\u00fclgdeformatsioon -20\u00b0C +50\u00b0C Kasutamine: V\u00e4ga madal temperatuur - -20\u00b0C \/ +50\u00b0C 440VAC Elektriisolatsioon Elektriliselt isoleerivad kiivrid madalpinge paigaldistes kasutamiseks EN50365:2002 Elektriliselt isoleerivad kiivrid madalpinge paigaldistes kasutamiseks KLASS 0 Elektriliselt isoleerivad kiivrid - klass 0 EN166:2001 Isiklik silmakaitse - Spetsifikatsioonid 1 AT 8-1-0 9 K Prillid 3 8-1 9 AT Raam EN170:2002 Ultraviolettfiltrid 2C-1.2 Taseme T\u00e4iendavad n\u00f5uded elektrikaare kaitseks. GS-ET 29:2011-05 T\u00e4iendavad n\u00f5uded elektrikaare kaitseks. 8-1-0 Prillid KLASS 1 Klass KLASS 0 Valguse l\u00e4bilaskvuse klass = Klass 1: (50% = VLT(D65) < 75%) \/ Klass 0: (VLT(D65) = 75%). 8-1 Raam","og_url":"https:\/\/ranoja.ee\/toode\/kaitsekiiver-reguleeritav-sissetommatava-visiiriga-elektri-onyx2-delta-plus\/","og_site_name":"Ranoja","article_publisher":"https:\/\/www.facebook.com\/ranoja.ee","article_modified_time":"2026-03-17T12:42:09+00:00","og_image":[{"width":672,"height":710,"url":"https:\/\/ranoja.ee\/wp-content\/uploads\/2026\/03\/249248869.jpg","type":"image\/jpeg"}],"twitter_card":"summary_large_image","schema":{"@context":"https:\/\/schema.org","@graph":[{"@type":"WebPage","@id":"https:\/\/ranoja.ee\/toode\/kaitsekiiver-reguleeritav-sissetommatava-visiiriga-elektri-onyx2-delta-plus\/","url":"https:\/\/ranoja.ee\/toode\/kaitsekiiver-reguleeritav-sissetommatava-visiiriga-elektri-onyx2-delta-plus\/","name":"Kaitsekiiver, reguleeritav, sisset\u00f5mmatava visiiriga elektri ONYX2, Delta Plus - Ranoja","isPartOf":{"@id":"https:\/\/ranoja.ee\/#website"},"primaryImageOfPage":{"@id":"https:\/\/ranoja.ee\/toode\/kaitsekiiver-reguleeritav-sissetommatava-visiiriga-elektri-onyx2-delta-plus\/#primaryimage"},"image":{"@id":"https:\/\/ranoja.ee\/toode\/kaitsekiiver-reguleeritav-sissetommatava-visiiriga-elektri-onyx2-delta-plus\/#primaryimage"},"thumbnailUrl":"https:\/\/ranoja.ee\/wp-content\/uploads\/2026\/03\/249248869.jpg","datePublished":"2026-03-16T23:04:15+00:00","dateModified":"2026-03-17T12:42:09+00:00","breadcrumb":{"@id":"https:\/\/ranoja.ee\/toode\/kaitsekiiver-reguleeritav-sissetommatava-visiiriga-elektri-onyx2-delta-plus\/#breadcrumb"},"inLanguage":"en-US","potentialAction":[{"@type":"ReadAction","target":["https:\/\/ranoja.ee\/toode\/kaitsekiiver-reguleeritav-sissetommatava-visiiriga-elektri-onyx2-delta-plus\/"]}]},{"@type":"ImageObject","inLanguage":"en-US","@id":"https:\/\/ranoja.ee\/toode\/kaitsekiiver-reguleeritav-sissetommatava-visiiriga-elektri-onyx2-delta-plus\/#primaryimage","url":"https:\/\/ranoja.ee\/wp-content\/uploads\/2026\/03\/249248869.jpg","contentUrl":"https:\/\/ranoja.ee\/wp-content\/uploads\/2026\/03\/249248869.jpg","width":672,"height":710},{"@type":"BreadcrumbList","@id":"https:\/\/ranoja.ee\/toode\/kaitsekiiver-reguleeritav-sissetommatava-visiiriga-elektri-onyx2-delta-plus\/#breadcrumb","itemListElement":[{"@type":"ListItem","position":1,"name":"Home","item":"https:\/\/ranoja.ee\/"},{"@type":"ListItem","position":2,"name":"Shop","item":"https:\/\/ranoja.ee\/en\/shop\/"},{"@type":"ListItem","position":3,"name":"Kaitsekiiver, reguleeritav, sisset\u00f5mmatava visiiriga elektri ONYX2, Delta Plus"}]},{"@type":"WebSite","@id":"https:\/\/ranoja.ee\/#website","url":"https:\/\/ranoja.ee\/","name":"Ranoja","description":"Equipment Shop WooCommerce WordPress Theme for Machine &amp; Tools","publisher":{"@id":"https:\/\/ranoja.ee\/#organization"},"potentialAction":[{"@type":"SearchAction","target":{"@type":"EntryPoint","urlTemplate":"https:\/\/ranoja.ee\/?s={search_term_string}"},"query-input":{"@type":"PropertyValueSpecification","valueRequired":true,"valueName":"search_term_string"}}],"inLanguage":"en-US"},{"@type":"Organization","@id":"https:\/\/ranoja.ee\/#organization","name":"Ranoja O\u00dc","url":"https:\/\/ranoja.ee\/","logo":{"@type":"ImageObject","inLanguage":"en-US","@id":"https:\/\/ranoja.ee\/#\/schema\/logo\/image\/","url":"https:\/\/ranoja.ee\/wp-content\/uploads\/2023\/11\/ranoja-Logo.png","contentUrl":"https:\/\/ranoja.ee\/wp-content\/uploads\/2023\/11\/ranoja-Logo.png","width":207,"height":58,"caption":"Ranoja O\u00dc"},"image":{"@id":"https:\/\/ranoja.ee\/#\/schema\/logo\/image\/"},"sameAs":["https:\/\/www.facebook.com\/ranoja.ee","https:\/\/www.instagram.com\/ranoja__\/"]}]}},"_links":{"self":[{"href":"https:\/\/ranoja.ee\/en\/wp-json\/wp\/v2\/product\/58907","targetHints":{"allow":["GET"]}}],"collection":[{"href":"https:\/\/ranoja.ee\/en\/wp-json\/wp\/v2\/product"}],"about":[{"href":"https:\/\/ranoja.ee\/en\/wp-json\/wp\/v2\/types\/product"}],"wp:featuredmedia":[{"embeddable":true,"href":"https:\/\/ranoja.ee\/en\/wp-json\/wp\/v2\/media\/58908"}],"wp:attachment":[{"href":"https:\/\/ranoja.ee\/en\/wp-json\/wp\/v2\/media?parent=58907"}],"wp:term":[{"taxonomy":"product_cat","embeddable":true,"href":"https:\/\/ranoja.ee\/en\/wp-json\/wp\/v2\/product_cat?post=58907"},{"taxonomy":"product_tag","embeddable":true,"href":"https:\/\/ranoja.ee\/en\/wp-json\/wp\/v2\/product_tag?post=58907"}],"curies":[{"name":"wp","href":"https:\/\/api.w.org\/{rel}","templated":true}]}}