{"id":58903,"date":"2026-03-17T02:04:15","date_gmt":"2026-03-16T23:04:15","guid":{"rendered":"https:\/\/ranoja.ee\/toode\/klambrivasar-r311-6-12mm-rapid\/"},"modified":"2026-03-17T15:42:09","modified_gmt":"2026-03-17T12:42:09","slug":"klambrivasar-r311-6-12mm-rapid","status":"publish","type":"product","link":"https:\/\/ranoja.ee\/en\/toode\/klambrivasar-r311-6-12mm-rapid\/","title":{"rendered":"Klambrivasar R311 6-12mm, Rapid"},"content":{"rendered":"","protected":false},"excerpt":{"rendered":"<p>Lamedraatraatklambritele nr 140, 6\u201312 mm<br \/>\nAlt laaditav kiirlaadimismehhanism ilma lahtiste osadeta<br \/>\nP\u00f6\u00f6ratav klambriajami pikem t\u00f6\u00f6iga<br \/>\nSuur kaitseplaat kaitseb t\u00f6\u00f6deldavat materjali<br \/>\nH\u00e4sti tasakaalus, libisemiskindla ergonoomilise k\u00e4epidemega<br \/>\nTugev ja vastupidav t\u00e4isterasterasest konstruktsioon<br \/>\nValmistatud Rootsis<br \/>\nMaterjal: Teras<br \/>\nM\u00f5\u00f5dud (L x K x S mm): 60 x 336 x 28<br \/>\nKlambrite k\u00f5rgus: 6\u201312 mm<br \/>\nKlambrite t\u00fc\u00fcp: 140<br \/>\nTopeltajam: Jah<br \/>\nKaal: 1,06 kg<\/p>\n","protected":false},"featured_media":58904,"template":"","meta":{"inline_featured_image":false},"product_cat":[1596,5108,5047,1116],"product_tag":[],"class_list":{"0":"post-58903","1":"product","2":"type-product","3":"status-publish","4":"has-post-thumbnail","6":"product_brand-rapid","7":"product_cat-kasitooriistad","8":"product_cat-klambripustolid","9":"product_cat-klambripustolid-ja-klambrid","10":"product_cat-lisaseadmed-ehitusseadmed-led-lisatuled-cb-raadiod-lallar","12":"first","13":"instock","14":"purchasable","15":"product-type-simple"},"yoast_head":"<!-- This site is optimized with the Yoast SEO plugin v27.4 - https:\/\/yoast.com\/product\/yoast-seo-wordpress\/ -->\n<title>Klambrivasar R311 6-12mm, Rapid - Ranoja<\/title>\n<meta name=\"robots\" content=\"index, follow, max-snippet:-1, max-image-preview:large, max-video-preview:-1\" \/>\n<link rel=\"canonical\" href=\"https:\/\/ranoja.ee\/toode\/klambrivasar-r311-6-12mm-rapid\/\" \/>\n<meta property=\"og:locale\" content=\"en_US\" \/>\n<meta property=\"og:type\" content=\"article\" \/>\n<meta property=\"og:title\" content=\"Klambrivasar R311 6-12mm, Rapid - Ranoja\" \/>\n<meta property=\"og:description\" content=\"Lamedraatraatklambritele nr 140, 6\u201312 mm Alt laaditav kiirlaadimismehhanism ilma lahtiste osadeta P\u00f6\u00f6ratav klambriajami pikem t\u00f6\u00f6iga Suur kaitseplaat kaitseb t\u00f6\u00f6deldavat materjali H\u00e4sti tasakaalus, libisemiskindla ergonoomilise k\u00e4epidemega Tugev ja vastupidav t\u00e4isterasterasest konstruktsioon Valmistatud Rootsis Materjal: Teras M\u00f5\u00f5dud (L x K x S mm): 60 x 336 x 28 Klambrite k\u00f5rgus: 6\u201312 mm Klambrite t\u00fc\u00fcp: 140 Topeltajam: Jah Kaal: 1,06 kg\" \/>\n<meta property=\"og:url\" content=\"https:\/\/ranoja.ee\/toode\/klambrivasar-r311-6-12mm-rapid\/\" \/>\n<meta property=\"og:site_name\" content=\"Ranoja\" \/>\n<meta property=\"article:publisher\" content=\"https:\/\/www.facebook.com\/ranoja.ee\" \/>\n<meta property=\"article:modified_time\" content=\"2026-03-17T12:42:09+00:00\" \/>\n<meta property=\"og:image\" content=\"https:\/\/ranoja.ee\/wp-content\/uploads\/2026\/03\/241733085.jpg\" \/>\n\t<meta property=\"og:image:width\" content=\"600\" \/>\n\t<meta property=\"og:image:height\" content=\"600\" \/>\n\t<meta property=\"og:image:type\" content=\"image\/jpeg\" \/>\n<meta name=\"twitter:card\" content=\"summary_large_image\" \/>\n<script type=\"application\/ld+json\" class=\"yoast-schema-graph\">{\"@context\":\"https:\\\/\\\/schema.org\",\"@graph\":[{\"@type\":\"WebPage\",\"@id\":\"https:\\\/\\\/ranoja.ee\\\/toode\\\/klambrivasar-r311-6-12mm-rapid\\\/\",\"url\":\"https:\\\/\\\/ranoja.ee\\\/toode\\\/klambrivasar-r311-6-12mm-rapid\\\/\",\"name\":\"Klambrivasar R311 6-12mm, Rapid - Ranoja\",\"isPartOf\":{\"@id\":\"https:\\\/\\\/ranoja.ee\\\/#website\"},\"primaryImageOfPage\":{\"@id\":\"https:\\\/\\\/ranoja.ee\\\/toode\\\/klambrivasar-r311-6-12mm-rapid\\\/#primaryimage\"},\"image\":{\"@id\":\"https:\\\/\\\/ranoja.ee\\\/toode\\\/klambrivasar-r311-6-12mm-rapid\\\/#primaryimage\"},\"thumbnailUrl\":\"https:\\\/\\\/ranoja.ee\\\/wp-content\\\/uploads\\\/2026\\\/03\\\/241733085.jpg\",\"datePublished\":\"2026-03-16T23:04:15+00:00\",\"dateModified\":\"2026-03-17T12:42:09+00:00\",\"breadcrumb\":{\"@id\":\"https:\\\/\\\/ranoja.ee\\\/toode\\\/klambrivasar-r311-6-12mm-rapid\\\/#breadcrumb\"},\"inLanguage\":\"en-US\",\"potentialAction\":[{\"@type\":\"ReadAction\",\"target\":[\"https:\\\/\\\/ranoja.ee\\\/toode\\\/klambrivasar-r311-6-12mm-rapid\\\/\"]}]},{\"@type\":\"ImageObject\",\"inLanguage\":\"en-US\",\"@id\":\"https:\\\/\\\/ranoja.ee\\\/toode\\\/klambrivasar-r311-6-12mm-rapid\\\/#primaryimage\",\"url\":\"https:\\\/\\\/ranoja.ee\\\/wp-content\\\/uploads\\\/2026\\\/03\\\/241733085.jpg\",\"contentUrl\":\"https:\\\/\\\/ranoja.ee\\\/wp-content\\\/uploads\\\/2026\\\/03\\\/241733085.jpg\",\"width\":600,\"height\":600},{\"@type\":\"BreadcrumbList\",\"@id\":\"https:\\\/\\\/ranoja.ee\\\/toode\\\/klambrivasar-r311-6-12mm-rapid\\\/#breadcrumb\",\"itemListElement\":[{\"@type\":\"ListItem\",\"position\":1,\"name\":\"Home\",\"item\":\"https:\\\/\\\/ranoja.ee\\\/\"},{\"@type\":\"ListItem\",\"position\":2,\"name\":\"Shop\",\"item\":\"https:\\\/\\\/ranoja.ee\\\/en\\\/shop\\\/\"},{\"@type\":\"ListItem\",\"position\":3,\"name\":\"Klambrivasar R311 6-12mm, Rapid\"}]},{\"@type\":\"WebSite\",\"@id\":\"https:\\\/\\\/ranoja.ee\\\/#website\",\"url\":\"https:\\\/\\\/ranoja.ee\\\/\",\"name\":\"Ranoja\",\"description\":\"Equipment Shop WooCommerce WordPress Theme for Machine &amp; Tools\",\"publisher\":{\"@id\":\"https:\\\/\\\/ranoja.ee\\\/#organization\"},\"potentialAction\":[{\"@type\":\"SearchAction\",\"target\":{\"@type\":\"EntryPoint\",\"urlTemplate\":\"https:\\\/\\\/ranoja.ee\\\/?s={search_term_string}\"},\"query-input\":{\"@type\":\"PropertyValueSpecification\",\"valueRequired\":true,\"valueName\":\"search_term_string\"}}],\"inLanguage\":\"en-US\"},{\"@type\":\"Organization\",\"@id\":\"https:\\\/\\\/ranoja.ee\\\/#organization\",\"name\":\"Ranoja O\u00dc\",\"url\":\"https:\\\/\\\/ranoja.ee\\\/\",\"logo\":{\"@type\":\"ImageObject\",\"inLanguage\":\"en-US\",\"@id\":\"https:\\\/\\\/ranoja.ee\\\/#\\\/schema\\\/logo\\\/image\\\/\",\"url\":\"https:\\\/\\\/ranoja.ee\\\/wp-content\\\/uploads\\\/2023\\\/11\\\/ranoja-Logo.png\",\"contentUrl\":\"https:\\\/\\\/ranoja.ee\\\/wp-content\\\/uploads\\\/2023\\\/11\\\/ranoja-Logo.png\",\"width\":207,\"height\":58,\"caption\":\"Ranoja O\u00dc\"},\"image\":{\"@id\":\"https:\\\/\\\/ranoja.ee\\\/#\\\/schema\\\/logo\\\/image\\\/\"},\"sameAs\":[\"https:\\\/\\\/www.facebook.com\\\/ranoja.ee\",\"https:\\\/\\\/www.instagram.com\\\/ranoja__\\\/\"]}]}<\/script>\n<!-- \/ Yoast SEO plugin. -->","yoast_head_json":{"title":"Klambrivasar R311 6-12mm, Rapid - Ranoja","robots":{"index":"index","follow":"follow","max-snippet":"max-snippet:-1","max-image-preview":"max-image-preview:large","max-video-preview":"max-video-preview:-1"},"canonical":"https:\/\/ranoja.ee\/toode\/klambrivasar-r311-6-12mm-rapid\/","og_locale":"en_US","og_type":"article","og_title":"Klambrivasar R311 6-12mm, Rapid - Ranoja","og_description":"Lamedraatraatklambritele nr 140, 6\u201312 mm Alt laaditav kiirlaadimismehhanism ilma lahtiste osadeta P\u00f6\u00f6ratav klambriajami pikem t\u00f6\u00f6iga Suur kaitseplaat kaitseb t\u00f6\u00f6deldavat materjali H\u00e4sti tasakaalus, libisemiskindla ergonoomilise k\u00e4epidemega Tugev ja vastupidav t\u00e4isterasterasest konstruktsioon Valmistatud Rootsis Materjal: Teras M\u00f5\u00f5dud (L x K x S mm): 60 x 336 x 28 Klambrite k\u00f5rgus: 6\u201312 mm Klambrite t\u00fc\u00fcp: 140 Topeltajam: Jah Kaal: 1,06 kg","og_url":"https:\/\/ranoja.ee\/toode\/klambrivasar-r311-6-12mm-rapid\/","og_site_name":"Ranoja","article_publisher":"https:\/\/www.facebook.com\/ranoja.ee","article_modified_time":"2026-03-17T12:42:09+00:00","og_image":[{"width":600,"height":600,"url":"https:\/\/ranoja.ee\/wp-content\/uploads\/2026\/03\/241733085.jpg","type":"image\/jpeg"}],"twitter_card":"summary_large_image","schema":{"@context":"https:\/\/schema.org","@graph":[{"@type":"WebPage","@id":"https:\/\/ranoja.ee\/toode\/klambrivasar-r311-6-12mm-rapid\/","url":"https:\/\/ranoja.ee\/toode\/klambrivasar-r311-6-12mm-rapid\/","name":"Klambrivasar R311 6-12mm, Rapid - Ranoja","isPartOf":{"@id":"https:\/\/ranoja.ee\/#website"},"primaryImageOfPage":{"@id":"https:\/\/ranoja.ee\/toode\/klambrivasar-r311-6-12mm-rapid\/#primaryimage"},"image":{"@id":"https:\/\/ranoja.ee\/toode\/klambrivasar-r311-6-12mm-rapid\/#primaryimage"},"thumbnailUrl":"https:\/\/ranoja.ee\/wp-content\/uploads\/2026\/03\/241733085.jpg","datePublished":"2026-03-16T23:04:15+00:00","dateModified":"2026-03-17T12:42:09+00:00","breadcrumb":{"@id":"https:\/\/ranoja.ee\/toode\/klambrivasar-r311-6-12mm-rapid\/#breadcrumb"},"inLanguage":"en-US","potentialAction":[{"@type":"ReadAction","target":["https:\/\/ranoja.ee\/toode\/klambrivasar-r311-6-12mm-rapid\/"]}]},{"@type":"ImageObject","inLanguage":"en-US","@id":"https:\/\/ranoja.ee\/toode\/klambrivasar-r311-6-12mm-rapid\/#primaryimage","url":"https:\/\/ranoja.ee\/wp-content\/uploads\/2026\/03\/241733085.jpg","contentUrl":"https:\/\/ranoja.ee\/wp-content\/uploads\/2026\/03\/241733085.jpg","width":600,"height":600},{"@type":"BreadcrumbList","@id":"https:\/\/ranoja.ee\/toode\/klambrivasar-r311-6-12mm-rapid\/#breadcrumb","itemListElement":[{"@type":"ListItem","position":1,"name":"Home","item":"https:\/\/ranoja.ee\/"},{"@type":"ListItem","position":2,"name":"Shop","item":"https:\/\/ranoja.ee\/en\/shop\/"},{"@type":"ListItem","position":3,"name":"Klambrivasar R311 6-12mm, Rapid"}]},{"@type":"WebSite","@id":"https:\/\/ranoja.ee\/#website","url":"https:\/\/ranoja.ee\/","name":"Ranoja","description":"Equipment Shop WooCommerce WordPress Theme for Machine &amp; Tools","publisher":{"@id":"https:\/\/ranoja.ee\/#organization"},"potentialAction":[{"@type":"SearchAction","target":{"@type":"EntryPoint","urlTemplate":"https:\/\/ranoja.ee\/?s={search_term_string}"},"query-input":{"@type":"PropertyValueSpecification","valueRequired":true,"valueName":"search_term_string"}}],"inLanguage":"en-US"},{"@type":"Organization","@id":"https:\/\/ranoja.ee\/#organization","name":"Ranoja O\u00dc","url":"https:\/\/ranoja.ee\/","logo":{"@type":"ImageObject","inLanguage":"en-US","@id":"https:\/\/ranoja.ee\/#\/schema\/logo\/image\/","url":"https:\/\/ranoja.ee\/wp-content\/uploads\/2023\/11\/ranoja-Logo.png","contentUrl":"https:\/\/ranoja.ee\/wp-content\/uploads\/2023\/11\/ranoja-Logo.png","width":207,"height":58,"caption":"Ranoja O\u00dc"},"image":{"@id":"https:\/\/ranoja.ee\/#\/schema\/logo\/image\/"},"sameAs":["https:\/\/www.facebook.com\/ranoja.ee","https:\/\/www.instagram.com\/ranoja__\/"]}]}},"_links":{"self":[{"href":"https:\/\/ranoja.ee\/en\/wp-json\/wp\/v2\/product\/58903","targetHints":{"allow":["GET"]}}],"collection":[{"href":"https:\/\/ranoja.ee\/en\/wp-json\/wp\/v2\/product"}],"about":[{"href":"https:\/\/ranoja.ee\/en\/wp-json\/wp\/v2\/types\/product"}],"wp:featuredmedia":[{"embeddable":true,"href":"https:\/\/ranoja.ee\/en\/wp-json\/wp\/v2\/media\/58904"}],"wp:attachment":[{"href":"https:\/\/ranoja.ee\/en\/wp-json\/wp\/v2\/media?parent=58903"}],"wp:term":[{"taxonomy":"product_cat","embeddable":true,"href":"https:\/\/ranoja.ee\/en\/wp-json\/wp\/v2\/product_cat?post=58903"},{"taxonomy":"product_tag","embeddable":true,"href":"https:\/\/ranoja.ee\/en\/wp-json\/wp\/v2\/product_tag?post=58903"}],"curies":[{"name":"wp","href":"https:\/\/api.w.org\/{rel}","templated":true}]}}