{"id":58891,"date":"2026-03-17T02:04:15","date_gmt":"2026-03-16T23:04:15","guid":{"rendered":"https:\/\/ranoja.ee\/toode\/silikooni-eemaldi-colormatic-silicone-remover-400ml-motip\/"},"modified":"2026-03-17T15:42:09","modified_gmt":"2026-03-17T12:42:09","slug":"silikooni-eemaldi-colormatic-silicone-remover-400ml-motip","status":"publish","type":"product","link":"https:\/\/ranoja.ee\/en\/toode\/silikooni-eemaldi-colormatic-silicone-remover-400ml-motip\/","title":{"rendered":"Silikooni eemaldi ColorMatic Silicone Remover 400ml, Motip"},"content":{"rendered":"","protected":false},"excerpt":{"rendered":"<p>H\u00e4sti toimiv puhastusaine, j\u00e4tab pinnad t\u00e4iesti puhtaks autov\u00e4rvi kahjustamata. Eemaldab erinevatelt pindadelt k\u00f5ik silikooni, \u00f5li- ja rasvaj\u00e4\u00e4gid, vanad vahad, pigiplekid, erinevad liimij\u00e4\u00e4gid jne.<br \/>\nKasutatakse v\u00e4rvimist\u00f6\u00f6del v\u00f5i kleebiste paigaldamisel puhta aluspinna saamiseks, aga ka pigiplekkide ning vana vaha eemaldamiseks auto puhastamisel. <br \/>\nSuurep\u00e4rane vahend erinevatest kleepsudest ja etikettidest j\u00e4\u00e4nud liimij\u00e4\u00e4kide eemaldamiseks.<\/p>\n","protected":false},"featured_media":58892,"template":"","meta":{"inline_featured_image":false},"product_cat":[5011,5010,5009],"product_tag":[],"class_list":{"0":"post-58891","1":"product","2":"type-product","3":"status-publish","4":"has-post-thumbnail","6":"product_brand-motip","7":"product_cat-puhastusvahendid","8":"product_cat-tehnilised-aerosoolid","9":"product_cat-toostus-ja-autokeemia","11":"first","12":"outofstock","13":"purchasable","14":"product-type-simple"},"yoast_head":"<!-- This site is optimized with the Yoast SEO plugin v27.4 - https:\/\/yoast.com\/product\/yoast-seo-wordpress\/ -->\n<title>Silikooni eemaldi ColorMatic Silicone Remover 400ml, Motip - Ranoja<\/title>\n<meta name=\"robots\" content=\"index, follow, max-snippet:-1, max-image-preview:large, max-video-preview:-1\" \/>\n<link rel=\"canonical\" href=\"https:\/\/ranoja.ee\/toode\/silikooni-eemaldi-colormatic-silicone-remover-400ml-motip\/\" \/>\n<meta property=\"og:locale\" content=\"en_US\" \/>\n<meta property=\"og:type\" content=\"article\" \/>\n<meta property=\"og:title\" content=\"Silikooni eemaldi ColorMatic Silicone Remover 400ml, Motip - Ranoja\" \/>\n<meta property=\"og:description\" content=\"H\u00e4sti toimiv puhastusaine, j\u00e4tab pinnad t\u00e4iesti puhtaks autov\u00e4rvi kahjustamata. Eemaldab erinevatelt pindadelt k\u00f5ik silikooni, \u00f5li- ja rasvaj\u00e4\u00e4gid, vanad vahad, pigiplekid, erinevad liimij\u00e4\u00e4gid jne. Kasutatakse v\u00e4rvimist\u00f6\u00f6del v\u00f5i kleebiste paigaldamisel puhta aluspinna saamiseks, aga ka pigiplekkide ning vana vaha eemaldamiseks auto puhastamisel. Suurep\u00e4rane vahend erinevatest kleepsudest ja etikettidest j\u00e4\u00e4nud liimij\u00e4\u00e4kide eemaldamiseks.\" \/>\n<meta property=\"og:url\" content=\"https:\/\/ranoja.ee\/toode\/silikooni-eemaldi-colormatic-silicone-remover-400ml-motip\/\" \/>\n<meta property=\"og:site_name\" content=\"Ranoja\" \/>\n<meta property=\"article:publisher\" content=\"https:\/\/www.facebook.com\/ranoja.ee\" \/>\n<meta property=\"article:modified_time\" content=\"2026-03-17T12:42:09+00:00\" \/>\n<meta property=\"og:image\" content=\"https:\/\/ranoja.ee\/wp-content\/uploads\/2026\/03\/112185044.jpg\" \/>\n\t<meta property=\"og:image:width\" content=\"900\" \/>\n\t<meta property=\"og:image:height\" content=\"900\" \/>\n\t<meta property=\"og:image:type\" content=\"image\/jpeg\" \/>\n<meta name=\"twitter:card\" content=\"summary_large_image\" \/>\n<script type=\"application\/ld+json\" class=\"yoast-schema-graph\">{\"@context\":\"https:\\\/\\\/schema.org\",\"@graph\":[{\"@type\":\"WebPage\",\"@id\":\"https:\\\/\\\/ranoja.ee\\\/toode\\\/silikooni-eemaldi-colormatic-silicone-remover-400ml-motip\\\/\",\"url\":\"https:\\\/\\\/ranoja.ee\\\/toode\\\/silikooni-eemaldi-colormatic-silicone-remover-400ml-motip\\\/\",\"name\":\"Silikooni eemaldi ColorMatic Silicone Remover 400ml, Motip - Ranoja\",\"isPartOf\":{\"@id\":\"https:\\\/\\\/ranoja.ee\\\/#website\"},\"primaryImageOfPage\":{\"@id\":\"https:\\\/\\\/ranoja.ee\\\/toode\\\/silikooni-eemaldi-colormatic-silicone-remover-400ml-motip\\\/#primaryimage\"},\"image\":{\"@id\":\"https:\\\/\\\/ranoja.ee\\\/toode\\\/silikooni-eemaldi-colormatic-silicone-remover-400ml-motip\\\/#primaryimage\"},\"thumbnailUrl\":\"https:\\\/\\\/ranoja.ee\\\/wp-content\\\/uploads\\\/2026\\\/03\\\/112185044.jpg\",\"datePublished\":\"2026-03-16T23:04:15+00:00\",\"dateModified\":\"2026-03-17T12:42:09+00:00\",\"breadcrumb\":{\"@id\":\"https:\\\/\\\/ranoja.ee\\\/toode\\\/silikooni-eemaldi-colormatic-silicone-remover-400ml-motip\\\/#breadcrumb\"},\"inLanguage\":\"en-US\",\"potentialAction\":[{\"@type\":\"ReadAction\",\"target\":[\"https:\\\/\\\/ranoja.ee\\\/toode\\\/silikooni-eemaldi-colormatic-silicone-remover-400ml-motip\\\/\"]}]},{\"@type\":\"ImageObject\",\"inLanguage\":\"en-US\",\"@id\":\"https:\\\/\\\/ranoja.ee\\\/toode\\\/silikooni-eemaldi-colormatic-silicone-remover-400ml-motip\\\/#primaryimage\",\"url\":\"https:\\\/\\\/ranoja.ee\\\/wp-content\\\/uploads\\\/2026\\\/03\\\/112185044.jpg\",\"contentUrl\":\"https:\\\/\\\/ranoja.ee\\\/wp-content\\\/uploads\\\/2026\\\/03\\\/112185044.jpg\",\"width\":900,\"height\":900},{\"@type\":\"BreadcrumbList\",\"@id\":\"https:\\\/\\\/ranoja.ee\\\/toode\\\/silikooni-eemaldi-colormatic-silicone-remover-400ml-motip\\\/#breadcrumb\",\"itemListElement\":[{\"@type\":\"ListItem\",\"position\":1,\"name\":\"Home\",\"item\":\"https:\\\/\\\/ranoja.ee\\\/\"},{\"@type\":\"ListItem\",\"position\":2,\"name\":\"Shop\",\"item\":\"https:\\\/\\\/ranoja.ee\\\/en\\\/shop\\\/\"},{\"@type\":\"ListItem\",\"position\":3,\"name\":\"Silikooni eemaldi ColorMatic Silicone Remover 400ml, Motip\"}]},{\"@type\":\"WebSite\",\"@id\":\"https:\\\/\\\/ranoja.ee\\\/#website\",\"url\":\"https:\\\/\\\/ranoja.ee\\\/\",\"name\":\"Ranoja\",\"description\":\"Equipment Shop WooCommerce WordPress Theme for Machine &amp; Tools\",\"publisher\":{\"@id\":\"https:\\\/\\\/ranoja.ee\\\/#organization\"},\"potentialAction\":[{\"@type\":\"SearchAction\",\"target\":{\"@type\":\"EntryPoint\",\"urlTemplate\":\"https:\\\/\\\/ranoja.ee\\\/?s={search_term_string}\"},\"query-input\":{\"@type\":\"PropertyValueSpecification\",\"valueRequired\":true,\"valueName\":\"search_term_string\"}}],\"inLanguage\":\"en-US\"},{\"@type\":\"Organization\",\"@id\":\"https:\\\/\\\/ranoja.ee\\\/#organization\",\"name\":\"Ranoja O\u00dc\",\"url\":\"https:\\\/\\\/ranoja.ee\\\/\",\"logo\":{\"@type\":\"ImageObject\",\"inLanguage\":\"en-US\",\"@id\":\"https:\\\/\\\/ranoja.ee\\\/#\\\/schema\\\/logo\\\/image\\\/\",\"url\":\"https:\\\/\\\/ranoja.ee\\\/wp-content\\\/uploads\\\/2023\\\/11\\\/ranoja-Logo.png\",\"contentUrl\":\"https:\\\/\\\/ranoja.ee\\\/wp-content\\\/uploads\\\/2023\\\/11\\\/ranoja-Logo.png\",\"width\":207,\"height\":58,\"caption\":\"Ranoja O\u00dc\"},\"image\":{\"@id\":\"https:\\\/\\\/ranoja.ee\\\/#\\\/schema\\\/logo\\\/image\\\/\"},\"sameAs\":[\"https:\\\/\\\/www.facebook.com\\\/ranoja.ee\",\"https:\\\/\\\/www.instagram.com\\\/ranoja__\\\/\"]}]}<\/script>\n<!-- \/ Yoast SEO plugin. -->","yoast_head_json":{"title":"Silikooni eemaldi ColorMatic Silicone Remover 400ml, Motip - Ranoja","robots":{"index":"index","follow":"follow","max-snippet":"max-snippet:-1","max-image-preview":"max-image-preview:large","max-video-preview":"max-video-preview:-1"},"canonical":"https:\/\/ranoja.ee\/toode\/silikooni-eemaldi-colormatic-silicone-remover-400ml-motip\/","og_locale":"en_US","og_type":"article","og_title":"Silikooni eemaldi ColorMatic Silicone Remover 400ml, Motip - Ranoja","og_description":"H\u00e4sti toimiv puhastusaine, j\u00e4tab pinnad t\u00e4iesti puhtaks autov\u00e4rvi kahjustamata. Eemaldab erinevatelt pindadelt k\u00f5ik silikooni, \u00f5li- ja rasvaj\u00e4\u00e4gid, vanad vahad, pigiplekid, erinevad liimij\u00e4\u00e4gid jne. Kasutatakse v\u00e4rvimist\u00f6\u00f6del v\u00f5i kleebiste paigaldamisel puhta aluspinna saamiseks, aga ka pigiplekkide ning vana vaha eemaldamiseks auto puhastamisel. Suurep\u00e4rane vahend erinevatest kleepsudest ja etikettidest j\u00e4\u00e4nud liimij\u00e4\u00e4kide eemaldamiseks.","og_url":"https:\/\/ranoja.ee\/toode\/silikooni-eemaldi-colormatic-silicone-remover-400ml-motip\/","og_site_name":"Ranoja","article_publisher":"https:\/\/www.facebook.com\/ranoja.ee","article_modified_time":"2026-03-17T12:42:09+00:00","og_image":[{"width":900,"height":900,"url":"https:\/\/ranoja.ee\/wp-content\/uploads\/2026\/03\/112185044.jpg","type":"image\/jpeg"}],"twitter_card":"summary_large_image","schema":{"@context":"https:\/\/schema.org","@graph":[{"@type":"WebPage","@id":"https:\/\/ranoja.ee\/toode\/silikooni-eemaldi-colormatic-silicone-remover-400ml-motip\/","url":"https:\/\/ranoja.ee\/toode\/silikooni-eemaldi-colormatic-silicone-remover-400ml-motip\/","name":"Silikooni eemaldi ColorMatic Silicone Remover 400ml, Motip - Ranoja","isPartOf":{"@id":"https:\/\/ranoja.ee\/#website"},"primaryImageOfPage":{"@id":"https:\/\/ranoja.ee\/toode\/silikooni-eemaldi-colormatic-silicone-remover-400ml-motip\/#primaryimage"},"image":{"@id":"https:\/\/ranoja.ee\/toode\/silikooni-eemaldi-colormatic-silicone-remover-400ml-motip\/#primaryimage"},"thumbnailUrl":"https:\/\/ranoja.ee\/wp-content\/uploads\/2026\/03\/112185044.jpg","datePublished":"2026-03-16T23:04:15+00:00","dateModified":"2026-03-17T12:42:09+00:00","breadcrumb":{"@id":"https:\/\/ranoja.ee\/toode\/silikooni-eemaldi-colormatic-silicone-remover-400ml-motip\/#breadcrumb"},"inLanguage":"en-US","potentialAction":[{"@type":"ReadAction","target":["https:\/\/ranoja.ee\/toode\/silikooni-eemaldi-colormatic-silicone-remover-400ml-motip\/"]}]},{"@type":"ImageObject","inLanguage":"en-US","@id":"https:\/\/ranoja.ee\/toode\/silikooni-eemaldi-colormatic-silicone-remover-400ml-motip\/#primaryimage","url":"https:\/\/ranoja.ee\/wp-content\/uploads\/2026\/03\/112185044.jpg","contentUrl":"https:\/\/ranoja.ee\/wp-content\/uploads\/2026\/03\/112185044.jpg","width":900,"height":900},{"@type":"BreadcrumbList","@id":"https:\/\/ranoja.ee\/toode\/silikooni-eemaldi-colormatic-silicone-remover-400ml-motip\/#breadcrumb","itemListElement":[{"@type":"ListItem","position":1,"name":"Home","item":"https:\/\/ranoja.ee\/"},{"@type":"ListItem","position":2,"name":"Shop","item":"https:\/\/ranoja.ee\/en\/shop\/"},{"@type":"ListItem","position":3,"name":"Silikooni eemaldi ColorMatic Silicone Remover 400ml, Motip"}]},{"@type":"WebSite","@id":"https:\/\/ranoja.ee\/#website","url":"https:\/\/ranoja.ee\/","name":"Ranoja","description":"Equipment Shop WooCommerce WordPress Theme for Machine &amp; Tools","publisher":{"@id":"https:\/\/ranoja.ee\/#organization"},"potentialAction":[{"@type":"SearchAction","target":{"@type":"EntryPoint","urlTemplate":"https:\/\/ranoja.ee\/?s={search_term_string}"},"query-input":{"@type":"PropertyValueSpecification","valueRequired":true,"valueName":"search_term_string"}}],"inLanguage":"en-US"},{"@type":"Organization","@id":"https:\/\/ranoja.ee\/#organization","name":"Ranoja O\u00dc","url":"https:\/\/ranoja.ee\/","logo":{"@type":"ImageObject","inLanguage":"en-US","@id":"https:\/\/ranoja.ee\/#\/schema\/logo\/image\/","url":"https:\/\/ranoja.ee\/wp-content\/uploads\/2023\/11\/ranoja-Logo.png","contentUrl":"https:\/\/ranoja.ee\/wp-content\/uploads\/2023\/11\/ranoja-Logo.png","width":207,"height":58,"caption":"Ranoja O\u00dc"},"image":{"@id":"https:\/\/ranoja.ee\/#\/schema\/logo\/image\/"},"sameAs":["https:\/\/www.facebook.com\/ranoja.ee","https:\/\/www.instagram.com\/ranoja__\/"]}]}},"_links":{"self":[{"href":"https:\/\/ranoja.ee\/en\/wp-json\/wp\/v2\/product\/58891","targetHints":{"allow":["GET"]}}],"collection":[{"href":"https:\/\/ranoja.ee\/en\/wp-json\/wp\/v2\/product"}],"about":[{"href":"https:\/\/ranoja.ee\/en\/wp-json\/wp\/v2\/types\/product"}],"wp:featuredmedia":[{"embeddable":true,"href":"https:\/\/ranoja.ee\/en\/wp-json\/wp\/v2\/media\/58892"}],"wp:attachment":[{"href":"https:\/\/ranoja.ee\/en\/wp-json\/wp\/v2\/media?parent=58891"}],"wp:term":[{"taxonomy":"product_cat","embeddable":true,"href":"https:\/\/ranoja.ee\/en\/wp-json\/wp\/v2\/product_cat?post=58891"},{"taxonomy":"product_tag","embeddable":true,"href":"https:\/\/ranoja.ee\/en\/wp-json\/wp\/v2\/product_tag?post=58891"}],"curies":[{"name":"wp","href":"https:\/\/api.w.org\/{rel}","templated":true}]}}