{"id":58880,"date":"2026-03-17T02:03:50","date_gmt":"2026-03-16T23:03:50","guid":{"rendered":"https:\/\/ranoja.ee\/toode\/loomapeletaja-cable-protect-500ml-motip\/"},"modified":"2026-03-17T15:42:10","modified_gmt":"2026-03-17T12:42:10","slug":"loomapeletaja-cable-protect-500ml-motip","status":"publish","type":"product","link":"https:\/\/ranoja.ee\/en\/toode\/loomapeletaja-cable-protect-500ml-motip\/","title":{"rendered":"Loomapeletaja Cable Protect 500ml, Motip"},"content":{"rendered":"","protected":false},"excerpt":{"rendered":"<p>Hoiab eemal n\u00e4rilised juhtmetest. Katab juhtmed kleepuva kihiga, mis ei meeldi n\u00e4rilistele.<\/p>\n<p>KASUTUSKOHT: Kaablid, juhtmed, r\u00f5ngastihendid.<\/p>\n<p>OMADUSED:<br \/>\nKasutajas\u00f5bralik<br \/>\nSuurep\u00e4rane nakkuvus<br \/>\nL\u00f5hnatu<br \/>\nL\u00e4bipaistev<br \/>\nKauakestev kaitse<br \/>\nVastupidav ilmastikum\u00f5jutustele ja n\u00f5rgatele happetele ja alustele.<br \/>\nV\u00f5ib katta ka liikuvaid osi.<br \/>\nSuunatav pihustusotsik.<\/p>\n<p>TEHNILINE INFO:<br \/>\nBaasained: Pol\u00fcalfaolefiin<br \/>\nV\u00e4rvus: l\u00e4bipaistev<br \/>\nL\u00f5hn: l\u00f5hnatu<br \/>\nV\u00e4limus: kleepuv<br \/>\nTihedus 20\u00b0C juures: 0,89g\/ml<br \/>\nKulu: 2,0g\/sec<br \/>\nTemperatuuritaluvus -50C kuni +200C.<br \/>\nKaasas spetsiaalne pikk pihustusots.<\/p>\n<p>KASUTAMINE:<br \/>\nEnnem kasutamist hoiustada toodet toatemperatuuril ja loksutada.<br \/>\nSoovitav kasutamistemperatuur +5\u00b0 kuni +30\u00b0C<br \/>\nPihusta \u00f5huke kiht kaitstavale pinnale.<\/p>\n","protected":false},"featured_media":0,"template":"","meta":{"inline_featured_image":false},"product_cat":[5038,5010,5009],"product_tag":[],"class_list":{"0":"post-58880","1":"product","2":"type-product","3":"status-publish","5":"product_brand-motip","6":"product_cat-pinnatootlusained","7":"product_cat-tehnilised-aerosoolid","8":"product_cat-toostus-ja-autokeemia","10":"first","11":"instock","12":"purchasable","13":"product-type-simple"},"yoast_head":"<!-- This site is optimized with the Yoast SEO plugin v27.4 - https:\/\/yoast.com\/product\/yoast-seo-wordpress\/ -->\n<title>Loomapeletaja Cable Protect 500ml, Motip - Ranoja<\/title>\n<meta name=\"robots\" content=\"index, follow, max-snippet:-1, max-image-preview:large, max-video-preview:-1\" \/>\n<link rel=\"canonical\" href=\"https:\/\/ranoja.ee\/toode\/loomapeletaja-cable-protect-500ml-motip\/\" \/>\n<meta property=\"og:locale\" content=\"en_US\" \/>\n<meta property=\"og:type\" content=\"article\" \/>\n<meta property=\"og:title\" content=\"Loomapeletaja Cable Protect 500ml, Motip - Ranoja\" \/>\n<meta property=\"og:description\" content=\"Hoiab eemal n\u00e4rilised juhtmetest. Katab juhtmed kleepuva kihiga, mis ei meeldi n\u00e4rilistele. KASUTUSKOHT: Kaablid, juhtmed, r\u00f5ngastihendid. OMADUSED: Kasutajas\u00f5bralik Suurep\u00e4rane nakkuvus L\u00f5hnatu L\u00e4bipaistev Kauakestev kaitse Vastupidav ilmastikum\u00f5jutustele ja n\u00f5rgatele happetele ja alustele. V\u00f5ib katta ka liikuvaid osi. Suunatav pihustusotsik. TEHNILINE INFO: Baasained: Pol\u00fcalfaolefiin V\u00e4rvus: l\u00e4bipaistev L\u00f5hn: l\u00f5hnatu V\u00e4limus: kleepuv Tihedus 20\u00b0C juures: 0,89g\/ml Kulu: 2,0g\/sec Temperatuuritaluvus -50C kuni +200C. Kaasas spetsiaalne pikk pihustusots. KASUTAMINE: Ennem kasutamist hoiustada toodet toatemperatuuril ja loksutada. Soovitav kasutamistemperatuur +5\u00b0 kuni +30\u00b0C Pihusta \u00f5huke kiht kaitstavale pinnale.\" \/>\n<meta property=\"og:url\" content=\"https:\/\/ranoja.ee\/toode\/loomapeletaja-cable-protect-500ml-motip\/\" \/>\n<meta property=\"og:site_name\" content=\"Ranoja\" \/>\n<meta property=\"article:publisher\" content=\"https:\/\/www.facebook.com\/ranoja.ee\" \/>\n<meta property=\"article:modified_time\" content=\"2026-03-17T12:42:10+00:00\" \/>\n<meta name=\"twitter:card\" content=\"summary_large_image\" \/>\n<script type=\"application\/ld+json\" class=\"yoast-schema-graph\">{\"@context\":\"https:\\\/\\\/schema.org\",\"@graph\":[{\"@type\":\"WebPage\",\"@id\":\"https:\\\/\\\/ranoja.ee\\\/toode\\\/loomapeletaja-cable-protect-500ml-motip\\\/\",\"url\":\"https:\\\/\\\/ranoja.ee\\\/toode\\\/loomapeletaja-cable-protect-500ml-motip\\\/\",\"name\":\"Loomapeletaja Cable Protect 500ml, Motip - Ranoja\",\"isPartOf\":{\"@id\":\"https:\\\/\\\/ranoja.ee\\\/#website\"},\"datePublished\":\"2026-03-16T23:03:50+00:00\",\"dateModified\":\"2026-03-17T12:42:10+00:00\",\"breadcrumb\":{\"@id\":\"https:\\\/\\\/ranoja.ee\\\/toode\\\/loomapeletaja-cable-protect-500ml-motip\\\/#breadcrumb\"},\"inLanguage\":\"en-US\",\"potentialAction\":[{\"@type\":\"ReadAction\",\"target\":[\"https:\\\/\\\/ranoja.ee\\\/toode\\\/loomapeletaja-cable-protect-500ml-motip\\\/\"]}]},{\"@type\":\"BreadcrumbList\",\"@id\":\"https:\\\/\\\/ranoja.ee\\\/toode\\\/loomapeletaja-cable-protect-500ml-motip\\\/#breadcrumb\",\"itemListElement\":[{\"@type\":\"ListItem\",\"position\":1,\"name\":\"Home\",\"item\":\"https:\\\/\\\/ranoja.ee\\\/\"},{\"@type\":\"ListItem\",\"position\":2,\"name\":\"Shop\",\"item\":\"https:\\\/\\\/ranoja.ee\\\/en\\\/shop\\\/\"},{\"@type\":\"ListItem\",\"position\":3,\"name\":\"Loomapeletaja Cable Protect 500ml, Motip\"}]},{\"@type\":\"WebSite\",\"@id\":\"https:\\\/\\\/ranoja.ee\\\/#website\",\"url\":\"https:\\\/\\\/ranoja.ee\\\/\",\"name\":\"Ranoja\",\"description\":\"Equipment Shop WooCommerce WordPress Theme for Machine &amp; Tools\",\"publisher\":{\"@id\":\"https:\\\/\\\/ranoja.ee\\\/#organization\"},\"potentialAction\":[{\"@type\":\"SearchAction\",\"target\":{\"@type\":\"EntryPoint\",\"urlTemplate\":\"https:\\\/\\\/ranoja.ee\\\/?s={search_term_string}\"},\"query-input\":{\"@type\":\"PropertyValueSpecification\",\"valueRequired\":true,\"valueName\":\"search_term_string\"}}],\"inLanguage\":\"en-US\"},{\"@type\":\"Organization\",\"@id\":\"https:\\\/\\\/ranoja.ee\\\/#organization\",\"name\":\"Ranoja O\u00dc\",\"url\":\"https:\\\/\\\/ranoja.ee\\\/\",\"logo\":{\"@type\":\"ImageObject\",\"inLanguage\":\"en-US\",\"@id\":\"https:\\\/\\\/ranoja.ee\\\/#\\\/schema\\\/logo\\\/image\\\/\",\"url\":\"https:\\\/\\\/ranoja.ee\\\/wp-content\\\/uploads\\\/2023\\\/11\\\/ranoja-Logo.png\",\"contentUrl\":\"https:\\\/\\\/ranoja.ee\\\/wp-content\\\/uploads\\\/2023\\\/11\\\/ranoja-Logo.png\",\"width\":207,\"height\":58,\"caption\":\"Ranoja O\u00dc\"},\"image\":{\"@id\":\"https:\\\/\\\/ranoja.ee\\\/#\\\/schema\\\/logo\\\/image\\\/\"},\"sameAs\":[\"https:\\\/\\\/www.facebook.com\\\/ranoja.ee\",\"https:\\\/\\\/www.instagram.com\\\/ranoja__\\\/\"]}]}<\/script>\n<!-- \/ Yoast SEO plugin. -->","yoast_head_json":{"title":"Loomapeletaja Cable Protect 500ml, Motip - Ranoja","robots":{"index":"index","follow":"follow","max-snippet":"max-snippet:-1","max-image-preview":"max-image-preview:large","max-video-preview":"max-video-preview:-1"},"canonical":"https:\/\/ranoja.ee\/toode\/loomapeletaja-cable-protect-500ml-motip\/","og_locale":"en_US","og_type":"article","og_title":"Loomapeletaja Cable Protect 500ml, Motip - Ranoja","og_description":"Hoiab eemal n\u00e4rilised juhtmetest. Katab juhtmed kleepuva kihiga, mis ei meeldi n\u00e4rilistele. KASUTUSKOHT: Kaablid, juhtmed, r\u00f5ngastihendid. OMADUSED: Kasutajas\u00f5bralik Suurep\u00e4rane nakkuvus L\u00f5hnatu L\u00e4bipaistev Kauakestev kaitse Vastupidav ilmastikum\u00f5jutustele ja n\u00f5rgatele happetele ja alustele. V\u00f5ib katta ka liikuvaid osi. Suunatav pihustusotsik. TEHNILINE INFO: Baasained: Pol\u00fcalfaolefiin V\u00e4rvus: l\u00e4bipaistev L\u00f5hn: l\u00f5hnatu V\u00e4limus: kleepuv Tihedus 20\u00b0C juures: 0,89g\/ml Kulu: 2,0g\/sec Temperatuuritaluvus -50C kuni +200C. Kaasas spetsiaalne pikk pihustusots. KASUTAMINE: Ennem kasutamist hoiustada toodet toatemperatuuril ja loksutada. Soovitav kasutamistemperatuur +5\u00b0 kuni +30\u00b0C Pihusta \u00f5huke kiht kaitstavale pinnale.","og_url":"https:\/\/ranoja.ee\/toode\/loomapeletaja-cable-protect-500ml-motip\/","og_site_name":"Ranoja","article_publisher":"https:\/\/www.facebook.com\/ranoja.ee","article_modified_time":"2026-03-17T12:42:10+00:00","twitter_card":"summary_large_image","schema":{"@context":"https:\/\/schema.org","@graph":[{"@type":"WebPage","@id":"https:\/\/ranoja.ee\/toode\/loomapeletaja-cable-protect-500ml-motip\/","url":"https:\/\/ranoja.ee\/toode\/loomapeletaja-cable-protect-500ml-motip\/","name":"Loomapeletaja Cable Protect 500ml, Motip - Ranoja","isPartOf":{"@id":"https:\/\/ranoja.ee\/#website"},"datePublished":"2026-03-16T23:03:50+00:00","dateModified":"2026-03-17T12:42:10+00:00","breadcrumb":{"@id":"https:\/\/ranoja.ee\/toode\/loomapeletaja-cable-protect-500ml-motip\/#breadcrumb"},"inLanguage":"en-US","potentialAction":[{"@type":"ReadAction","target":["https:\/\/ranoja.ee\/toode\/loomapeletaja-cable-protect-500ml-motip\/"]}]},{"@type":"BreadcrumbList","@id":"https:\/\/ranoja.ee\/toode\/loomapeletaja-cable-protect-500ml-motip\/#breadcrumb","itemListElement":[{"@type":"ListItem","position":1,"name":"Home","item":"https:\/\/ranoja.ee\/"},{"@type":"ListItem","position":2,"name":"Shop","item":"https:\/\/ranoja.ee\/en\/shop\/"},{"@type":"ListItem","position":3,"name":"Loomapeletaja Cable Protect 500ml, Motip"}]},{"@type":"WebSite","@id":"https:\/\/ranoja.ee\/#website","url":"https:\/\/ranoja.ee\/","name":"Ranoja","description":"Equipment Shop WooCommerce WordPress Theme for Machine &amp; Tools","publisher":{"@id":"https:\/\/ranoja.ee\/#organization"},"potentialAction":[{"@type":"SearchAction","target":{"@type":"EntryPoint","urlTemplate":"https:\/\/ranoja.ee\/?s={search_term_string}"},"query-input":{"@type":"PropertyValueSpecification","valueRequired":true,"valueName":"search_term_string"}}],"inLanguage":"en-US"},{"@type":"Organization","@id":"https:\/\/ranoja.ee\/#organization","name":"Ranoja O\u00dc","url":"https:\/\/ranoja.ee\/","logo":{"@type":"ImageObject","inLanguage":"en-US","@id":"https:\/\/ranoja.ee\/#\/schema\/logo\/image\/","url":"https:\/\/ranoja.ee\/wp-content\/uploads\/2023\/11\/ranoja-Logo.png","contentUrl":"https:\/\/ranoja.ee\/wp-content\/uploads\/2023\/11\/ranoja-Logo.png","width":207,"height":58,"caption":"Ranoja O\u00dc"},"image":{"@id":"https:\/\/ranoja.ee\/#\/schema\/logo\/image\/"},"sameAs":["https:\/\/www.facebook.com\/ranoja.ee","https:\/\/www.instagram.com\/ranoja__\/"]}]}},"_links":{"self":[{"href":"https:\/\/ranoja.ee\/en\/wp-json\/wp\/v2\/product\/58880","targetHints":{"allow":["GET"]}}],"collection":[{"href":"https:\/\/ranoja.ee\/en\/wp-json\/wp\/v2\/product"}],"about":[{"href":"https:\/\/ranoja.ee\/en\/wp-json\/wp\/v2\/types\/product"}],"wp:attachment":[{"href":"https:\/\/ranoja.ee\/en\/wp-json\/wp\/v2\/media?parent=58880"}],"wp:term":[{"taxonomy":"product_cat","embeddable":true,"href":"https:\/\/ranoja.ee\/en\/wp-json\/wp\/v2\/product_cat?post=58880"},{"taxonomy":"product_tag","embeddable":true,"href":"https:\/\/ranoja.ee\/en\/wp-json\/wp\/v2\/product_tag?post=58880"}],"curies":[{"name":"wp","href":"https:\/\/api.w.org\/{rel}","templated":true}]}}