{"id":58838,"date":"2026-03-17T02:03:28","date_gmt":"2026-03-16T23:03:28","guid":{"rendered":"https:\/\/ranoja.ee\/toode\/plasttoru-kaarid-0-42mm-rocut-tc-42-rothenberger\/"},"modified":"2026-03-17T15:42:11","modified_gmt":"2026-03-17T12:42:11","slug":"plasttoru-kaarid-0-42mm-rocut-tc-42-rothenberger","status":"publish","type":"product","link":"https:\/\/ranoja.ee\/en\/toode\/plasttoru-kaarid-0-42mm-rocut-tc-42-rothenberger\/","title":{"rendered":"Plasttoru k\u00e4\u00e4rid 0-42mm ROCUT TC 42, Rothenberger"},"content":{"rendered":"","protected":false},"excerpt":{"rendered":"<p>K\u00e4\u00e4rid kuni 42 mm plasttorudele<br \/>\nPP, PE, PEX, PB ja PVDF torude l\u00e4bim\u00f5\u00f5duga kuni 42 mm l\u00f5ikamiseks<br \/>\nv\u00e4ike energiakulu l\u00f5igates<br \/>\nt\u00e4pne ristk\u00fclikukujuline l\u00f5ige<br \/>\nt\u00e4pne deformatsioonita l\u00f5ikamise alguspunkt<br \/>\nt\u00e4pne j\u00f5u rakendamine ja l\u00f5ige sundl\u00fckkamine<br \/>\nautomaatne, kontrollitav noa nupuga avamine<br \/>\nohutu hoidmine t\u00e4nu kummeeritud k\u00e4epidemetele<\/p>\n<p>varuosa:  Vedru Tootekood: 5680211&#038;ROT<\/p>\n","protected":false},"featured_media":58839,"template":"","meta":{"inline_featured_image":false},"product_cat":[5323,5299,5043],"product_tag":[],"class_list":{"0":"post-58838","1":"product","2":"type-product","3":"status-publish","4":"has-post-thumbnail","6":"product_brand-rothenberger","7":"product_cat-plast-ja-komposiittoru-loikurid","8":"product_cat-toruloike-tooriistad","9":"product_cat-torutooriistad","11":"first","12":"instock","13":"purchasable","14":"product-type-simple"},"yoast_head":"<!-- This site is optimized with the Yoast SEO plugin v27.4 - https:\/\/yoast.com\/product\/yoast-seo-wordpress\/ -->\n<title>Plasttoru k\u00e4\u00e4rid 0-42mm ROCUT TC 42, Rothenberger - Ranoja<\/title>\n<meta name=\"robots\" content=\"index, follow, max-snippet:-1, max-image-preview:large, max-video-preview:-1\" \/>\n<link rel=\"canonical\" href=\"https:\/\/ranoja.ee\/toode\/plasttoru-kaarid-0-42mm-rocut-tc-42-rothenberger\/\" \/>\n<meta property=\"og:locale\" content=\"en_US\" \/>\n<meta property=\"og:type\" content=\"article\" \/>\n<meta property=\"og:title\" content=\"Plasttoru k\u00e4\u00e4rid 0-42mm ROCUT TC 42, Rothenberger - Ranoja\" \/>\n<meta property=\"og:description\" content=\"K\u00e4\u00e4rid kuni 42 mm plasttorudele PP, PE, PEX, PB ja PVDF torude l\u00e4bim\u00f5\u00f5duga kuni 42 mm l\u00f5ikamiseks v\u00e4ike energiakulu l\u00f5igates t\u00e4pne ristk\u00fclikukujuline l\u00f5ige t\u00e4pne deformatsioonita l\u00f5ikamise alguspunkt t\u00e4pne j\u00f5u rakendamine ja l\u00f5ige sundl\u00fckkamine automaatne, kontrollitav noa nupuga avamine ohutu hoidmine t\u00e4nu kummeeritud k\u00e4epidemetele varuosa: Vedru Tootekood: 5680211&amp;ROT\" \/>\n<meta property=\"og:url\" content=\"https:\/\/ranoja.ee\/toode\/plasttoru-kaarid-0-42mm-rocut-tc-42-rothenberger\/\" \/>\n<meta property=\"og:site_name\" content=\"Ranoja\" \/>\n<meta property=\"article:publisher\" content=\"https:\/\/www.facebook.com\/ranoja.ee\" \/>\n<meta property=\"article:modified_time\" content=\"2026-03-17T12:42:11+00:00\" \/>\n<meta property=\"og:image\" content=\"https:\/\/ranoja.ee\/wp-content\/uploads\/2026\/03\/99307947.jpg\" \/>\n\t<meta property=\"og:image:width\" content=\"900\" \/>\n\t<meta property=\"og:image:height\" content=\"520\" \/>\n\t<meta property=\"og:image:type\" content=\"image\/jpeg\" \/>\n<meta name=\"twitter:card\" content=\"summary_large_image\" \/>\n<script type=\"application\/ld+json\" class=\"yoast-schema-graph\">{\"@context\":\"https:\\\/\\\/schema.org\",\"@graph\":[{\"@type\":\"WebPage\",\"@id\":\"https:\\\/\\\/ranoja.ee\\\/toode\\\/plasttoru-kaarid-0-42mm-rocut-tc-42-rothenberger\\\/\",\"url\":\"https:\\\/\\\/ranoja.ee\\\/toode\\\/plasttoru-kaarid-0-42mm-rocut-tc-42-rothenberger\\\/\",\"name\":\"Plasttoru k\u00e4\u00e4rid 0-42mm ROCUT TC 42, Rothenberger - Ranoja\",\"isPartOf\":{\"@id\":\"https:\\\/\\\/ranoja.ee\\\/#website\"},\"primaryImageOfPage\":{\"@id\":\"https:\\\/\\\/ranoja.ee\\\/toode\\\/plasttoru-kaarid-0-42mm-rocut-tc-42-rothenberger\\\/#primaryimage\"},\"image\":{\"@id\":\"https:\\\/\\\/ranoja.ee\\\/toode\\\/plasttoru-kaarid-0-42mm-rocut-tc-42-rothenberger\\\/#primaryimage\"},\"thumbnailUrl\":\"https:\\\/\\\/ranoja.ee\\\/wp-content\\\/uploads\\\/2026\\\/03\\\/99307947.jpg\",\"datePublished\":\"2026-03-16T23:03:28+00:00\",\"dateModified\":\"2026-03-17T12:42:11+00:00\",\"breadcrumb\":{\"@id\":\"https:\\\/\\\/ranoja.ee\\\/toode\\\/plasttoru-kaarid-0-42mm-rocut-tc-42-rothenberger\\\/#breadcrumb\"},\"inLanguage\":\"en-US\",\"potentialAction\":[{\"@type\":\"ReadAction\",\"target\":[\"https:\\\/\\\/ranoja.ee\\\/toode\\\/plasttoru-kaarid-0-42mm-rocut-tc-42-rothenberger\\\/\"]}]},{\"@type\":\"ImageObject\",\"inLanguage\":\"en-US\",\"@id\":\"https:\\\/\\\/ranoja.ee\\\/toode\\\/plasttoru-kaarid-0-42mm-rocut-tc-42-rothenberger\\\/#primaryimage\",\"url\":\"https:\\\/\\\/ranoja.ee\\\/wp-content\\\/uploads\\\/2026\\\/03\\\/99307947.jpg\",\"contentUrl\":\"https:\\\/\\\/ranoja.ee\\\/wp-content\\\/uploads\\\/2026\\\/03\\\/99307947.jpg\",\"width\":900,\"height\":520},{\"@type\":\"BreadcrumbList\",\"@id\":\"https:\\\/\\\/ranoja.ee\\\/toode\\\/plasttoru-kaarid-0-42mm-rocut-tc-42-rothenberger\\\/#breadcrumb\",\"itemListElement\":[{\"@type\":\"ListItem\",\"position\":1,\"name\":\"Home\",\"item\":\"https:\\\/\\\/ranoja.ee\\\/\"},{\"@type\":\"ListItem\",\"position\":2,\"name\":\"Shop\",\"item\":\"https:\\\/\\\/ranoja.ee\\\/en\\\/shop\\\/\"},{\"@type\":\"ListItem\",\"position\":3,\"name\":\"Plasttoru k\u00e4\u00e4rid 0-42mm ROCUT TC 42, Rothenberger\"}]},{\"@type\":\"WebSite\",\"@id\":\"https:\\\/\\\/ranoja.ee\\\/#website\",\"url\":\"https:\\\/\\\/ranoja.ee\\\/\",\"name\":\"Ranoja\",\"description\":\"Equipment Shop WooCommerce WordPress Theme for Machine &amp; Tools\",\"publisher\":{\"@id\":\"https:\\\/\\\/ranoja.ee\\\/#organization\"},\"potentialAction\":[{\"@type\":\"SearchAction\",\"target\":{\"@type\":\"EntryPoint\",\"urlTemplate\":\"https:\\\/\\\/ranoja.ee\\\/?s={search_term_string}\"},\"query-input\":{\"@type\":\"PropertyValueSpecification\",\"valueRequired\":true,\"valueName\":\"search_term_string\"}}],\"inLanguage\":\"en-US\"},{\"@type\":\"Organization\",\"@id\":\"https:\\\/\\\/ranoja.ee\\\/#organization\",\"name\":\"Ranoja O\u00dc\",\"url\":\"https:\\\/\\\/ranoja.ee\\\/\",\"logo\":{\"@type\":\"ImageObject\",\"inLanguage\":\"en-US\",\"@id\":\"https:\\\/\\\/ranoja.ee\\\/#\\\/schema\\\/logo\\\/image\\\/\",\"url\":\"https:\\\/\\\/ranoja.ee\\\/wp-content\\\/uploads\\\/2023\\\/11\\\/ranoja-Logo.png\",\"contentUrl\":\"https:\\\/\\\/ranoja.ee\\\/wp-content\\\/uploads\\\/2023\\\/11\\\/ranoja-Logo.png\",\"width\":207,\"height\":58,\"caption\":\"Ranoja O\u00dc\"},\"image\":{\"@id\":\"https:\\\/\\\/ranoja.ee\\\/#\\\/schema\\\/logo\\\/image\\\/\"},\"sameAs\":[\"https:\\\/\\\/www.facebook.com\\\/ranoja.ee\",\"https:\\\/\\\/www.instagram.com\\\/ranoja__\\\/\"]}]}<\/script>\n<!-- \/ Yoast SEO plugin. -->","yoast_head_json":{"title":"Plasttoru k\u00e4\u00e4rid 0-42mm ROCUT TC 42, Rothenberger - Ranoja","robots":{"index":"index","follow":"follow","max-snippet":"max-snippet:-1","max-image-preview":"max-image-preview:large","max-video-preview":"max-video-preview:-1"},"canonical":"https:\/\/ranoja.ee\/toode\/plasttoru-kaarid-0-42mm-rocut-tc-42-rothenberger\/","og_locale":"en_US","og_type":"article","og_title":"Plasttoru k\u00e4\u00e4rid 0-42mm ROCUT TC 42, Rothenberger - Ranoja","og_description":"K\u00e4\u00e4rid kuni 42 mm plasttorudele PP, PE, PEX, PB ja PVDF torude l\u00e4bim\u00f5\u00f5duga kuni 42 mm l\u00f5ikamiseks v\u00e4ike energiakulu l\u00f5igates t\u00e4pne ristk\u00fclikukujuline l\u00f5ige t\u00e4pne deformatsioonita l\u00f5ikamise alguspunkt t\u00e4pne j\u00f5u rakendamine ja l\u00f5ige sundl\u00fckkamine automaatne, kontrollitav noa nupuga avamine ohutu hoidmine t\u00e4nu kummeeritud k\u00e4epidemetele varuosa: Vedru Tootekood: 5680211&ROT","og_url":"https:\/\/ranoja.ee\/toode\/plasttoru-kaarid-0-42mm-rocut-tc-42-rothenberger\/","og_site_name":"Ranoja","article_publisher":"https:\/\/www.facebook.com\/ranoja.ee","article_modified_time":"2026-03-17T12:42:11+00:00","og_image":[{"width":900,"height":520,"url":"https:\/\/ranoja.ee\/wp-content\/uploads\/2026\/03\/99307947.jpg","type":"image\/jpeg"}],"twitter_card":"summary_large_image","schema":{"@context":"https:\/\/schema.org","@graph":[{"@type":"WebPage","@id":"https:\/\/ranoja.ee\/toode\/plasttoru-kaarid-0-42mm-rocut-tc-42-rothenberger\/","url":"https:\/\/ranoja.ee\/toode\/plasttoru-kaarid-0-42mm-rocut-tc-42-rothenberger\/","name":"Plasttoru k\u00e4\u00e4rid 0-42mm ROCUT TC 42, Rothenberger - Ranoja","isPartOf":{"@id":"https:\/\/ranoja.ee\/#website"},"primaryImageOfPage":{"@id":"https:\/\/ranoja.ee\/toode\/plasttoru-kaarid-0-42mm-rocut-tc-42-rothenberger\/#primaryimage"},"image":{"@id":"https:\/\/ranoja.ee\/toode\/plasttoru-kaarid-0-42mm-rocut-tc-42-rothenberger\/#primaryimage"},"thumbnailUrl":"https:\/\/ranoja.ee\/wp-content\/uploads\/2026\/03\/99307947.jpg","datePublished":"2026-03-16T23:03:28+00:00","dateModified":"2026-03-17T12:42:11+00:00","breadcrumb":{"@id":"https:\/\/ranoja.ee\/toode\/plasttoru-kaarid-0-42mm-rocut-tc-42-rothenberger\/#breadcrumb"},"inLanguage":"en-US","potentialAction":[{"@type":"ReadAction","target":["https:\/\/ranoja.ee\/toode\/plasttoru-kaarid-0-42mm-rocut-tc-42-rothenberger\/"]}]},{"@type":"ImageObject","inLanguage":"en-US","@id":"https:\/\/ranoja.ee\/toode\/plasttoru-kaarid-0-42mm-rocut-tc-42-rothenberger\/#primaryimage","url":"https:\/\/ranoja.ee\/wp-content\/uploads\/2026\/03\/99307947.jpg","contentUrl":"https:\/\/ranoja.ee\/wp-content\/uploads\/2026\/03\/99307947.jpg","width":900,"height":520},{"@type":"BreadcrumbList","@id":"https:\/\/ranoja.ee\/toode\/plasttoru-kaarid-0-42mm-rocut-tc-42-rothenberger\/#breadcrumb","itemListElement":[{"@type":"ListItem","position":1,"name":"Home","item":"https:\/\/ranoja.ee\/"},{"@type":"ListItem","position":2,"name":"Shop","item":"https:\/\/ranoja.ee\/en\/shop\/"},{"@type":"ListItem","position":3,"name":"Plasttoru k\u00e4\u00e4rid 0-42mm ROCUT TC 42, Rothenberger"}]},{"@type":"WebSite","@id":"https:\/\/ranoja.ee\/#website","url":"https:\/\/ranoja.ee\/","name":"Ranoja","description":"Equipment Shop WooCommerce WordPress Theme for Machine &amp; Tools","publisher":{"@id":"https:\/\/ranoja.ee\/#organization"},"potentialAction":[{"@type":"SearchAction","target":{"@type":"EntryPoint","urlTemplate":"https:\/\/ranoja.ee\/?s={search_term_string}"},"query-input":{"@type":"PropertyValueSpecification","valueRequired":true,"valueName":"search_term_string"}}],"inLanguage":"en-US"},{"@type":"Organization","@id":"https:\/\/ranoja.ee\/#organization","name":"Ranoja O\u00dc","url":"https:\/\/ranoja.ee\/","logo":{"@type":"ImageObject","inLanguage":"en-US","@id":"https:\/\/ranoja.ee\/#\/schema\/logo\/image\/","url":"https:\/\/ranoja.ee\/wp-content\/uploads\/2023\/11\/ranoja-Logo.png","contentUrl":"https:\/\/ranoja.ee\/wp-content\/uploads\/2023\/11\/ranoja-Logo.png","width":207,"height":58,"caption":"Ranoja O\u00dc"},"image":{"@id":"https:\/\/ranoja.ee\/#\/schema\/logo\/image\/"},"sameAs":["https:\/\/www.facebook.com\/ranoja.ee","https:\/\/www.instagram.com\/ranoja__\/"]}]}},"_links":{"self":[{"href":"https:\/\/ranoja.ee\/en\/wp-json\/wp\/v2\/product\/58838","targetHints":{"allow":["GET"]}}],"collection":[{"href":"https:\/\/ranoja.ee\/en\/wp-json\/wp\/v2\/product"}],"about":[{"href":"https:\/\/ranoja.ee\/en\/wp-json\/wp\/v2\/types\/product"}],"wp:featuredmedia":[{"embeddable":true,"href":"https:\/\/ranoja.ee\/en\/wp-json\/wp\/v2\/media\/58839"}],"wp:attachment":[{"href":"https:\/\/ranoja.ee\/en\/wp-json\/wp\/v2\/media?parent=58838"}],"wp:term":[{"taxonomy":"product_cat","embeddable":true,"href":"https:\/\/ranoja.ee\/en\/wp-json\/wp\/v2\/product_cat?post=58838"},{"taxonomy":"product_tag","embeddable":true,"href":"https:\/\/ranoja.ee\/en\/wp-json\/wp\/v2\/product_tag?post=58838"}],"curies":[{"name":"wp","href":"https:\/\/api.w.org\/{rel}","templated":true}]}}