{"id":58820,"date":"2026-03-17T02:03:28","date_gmt":"2026-03-16T23:03:28","guid":{"rendered":"https:\/\/ranoja.ee\/toode\/jahutusvedelik-hd-extended-life-50-50-valmissegu-20l-valvoline\/"},"modified":"2026-03-17T15:42:11","modified_gmt":"2026-03-17T12:42:11","slug":"jahutusvedelik-hd-extended-life-50-50-valmissegu-20l-valvoline","status":"publish","type":"product","link":"https:\/\/ranoja.ee\/en\/toode\/jahutusvedelik-hd-extended-life-50-50-valmissegu-20l-valvoline\/","title":{"rendered":"Jahutusvedelik HD Extended Life 50\/50 valmissegu 20L, Valvoline"},"content":{"rendered":"","protected":false},"excerpt":{"rendered":"<p>Jahutusvedeliku valmissegu -38 mis sobib k\u00f5ikidele veokitele, bussidele, tee ehitus, p\u00f5llumajandus  jm. rasketehnikale. V\u00e4hendab valestikasutamise riske ja aitab laoseisu hoida optimaalsena.<br \/>\nHD Extended Life jahutusvedelik t\u00e4idab kaasaegsete raskeveoki tootjate esitatud n\u00f5udeid. Toode ei sisalda amiine, boori- ega fosfaadi\u00fchendeid mis teeb temast keskkonnas\u00f5bralikuma toote. HD Extended Life jahutusvedelik kaitseb jahutus\u00fcsteeme k\u00fclmumise, korrosiooni ja \u00fclekuumenemise vastu v\u00e4hemalt 3 aastat, 7000 t\u00f6\u00f6tundi v\u00f5i 500 000 km, Ta on segatav k\u00f5ikide monoet\u00fcleen- gl\u00fckooli baasiliste jahutus-vedelikega. Ei sobi segamiseks prop\u00fcleengl\u00fckooli baasiliste jahutusvedelikega.<br \/>\nV\u00e4rvus: Helepunane<br \/>\nSobib j\u00e4rgmistesse kasutuskohtadesse:<br \/>\nBS 6580, 1992<br \/>\nAfnor 15-601, 1991<br \/>\nASTM D-6210, D-4985, <br \/>\nD3306 (D-4656)<br \/>\nASTM D-4985<br \/>\nNATO S-759<br \/>\nCaterpillar EC-1<br \/>\nCummins 14603 Approved, 3666286<br \/>\nCuna NC956-16<br \/>\nO-Norm V5123<br \/>\nSAE J814, J814C, J1034, J1941<br \/>\nFord WSS M97 B44-D<br \/>\nVolvo VCS<br \/>\nLeyland<br \/>\nMAN 324 type NF<br \/>\nMAN 324 Si-OAT<br \/>\nMAN B&#038;W<br \/>\nRenault RVI<br \/>\nScania<br \/>\nMTU<br \/>\nDetroit Diesel 7SE 298<br \/>\nDeutz MWM<br \/>\nIsuzu<br \/>\nDAF<br \/>\nMB 325.0,2,3, 5<br \/>\nMitmesugune maastikutehnika.<\/p>\n","protected":false},"featured_media":58821,"template":"","meta":{"inline_featured_image":false},"product_cat":[5160,5121,5009],"product_tag":[],"class_list":{"0":"post-58820","1":"product","2":"type-product","3":"status-publish","4":"has-post-thumbnail","6":"product_brand-valvoline","7":"product_cat-jahutusvedelikud","8":"product_cat-klaasipesu-ja-jahutusvedelikud","9":"product_cat-toostus-ja-autokeemia","11":"first","12":"instock","13":"purchasable","14":"product-type-simple"},"yoast_head":"<!-- This site is optimized with the Yoast SEO plugin v27.4 - https:\/\/yoast.com\/product\/yoast-seo-wordpress\/ -->\n<title>Jahutusvedelik HD Extended Life 50\/50 valmissegu 20L, Valvoline - Ranoja<\/title>\n<meta name=\"robots\" content=\"index, follow, max-snippet:-1, max-image-preview:large, max-video-preview:-1\" \/>\n<link rel=\"canonical\" href=\"https:\/\/ranoja.ee\/toode\/jahutusvedelik-hd-extended-life-50-50-valmissegu-20l-valvoline\/\" \/>\n<meta property=\"og:locale\" content=\"en_US\" \/>\n<meta property=\"og:type\" content=\"article\" \/>\n<meta property=\"og:title\" content=\"Jahutusvedelik HD Extended Life 50\/50 valmissegu 20L, Valvoline - Ranoja\" \/>\n<meta property=\"og:description\" content=\"Jahutusvedeliku valmissegu -38 mis sobib k\u00f5ikidele veokitele, bussidele, tee ehitus, p\u00f5llumajandus jm. rasketehnikale. V\u00e4hendab valestikasutamise riske ja aitab laoseisu hoida optimaalsena. HD Extended Life jahutusvedelik t\u00e4idab kaasaegsete raskeveoki tootjate esitatud n\u00f5udeid. Toode ei sisalda amiine, boori- ega fosfaadi\u00fchendeid mis teeb temast keskkonnas\u00f5bralikuma toote. HD Extended Life jahutusvedelik kaitseb jahutus\u00fcsteeme k\u00fclmumise, korrosiooni ja \u00fclekuumenemise vastu v\u00e4hemalt 3 aastat, 7000 t\u00f6\u00f6tundi v\u00f5i 500 000 km, Ta on segatav k\u00f5ikide monoet\u00fcleen- gl\u00fckooli baasiliste jahutus-vedelikega. Ei sobi segamiseks prop\u00fcleengl\u00fckooli baasiliste jahutusvedelikega. V\u00e4rvus: Helepunane Sobib j\u00e4rgmistesse kasutuskohtadesse: BS 6580, 1992 Afnor 15-601, 1991 ASTM D-6210, D-4985, D3306 (D-4656) ASTM D-4985 NATO S-759 Caterpillar EC-1 Cummins 14603 Approved, 3666286 Cuna NC956-16 O-Norm V5123 SAE J814, J814C, J1034, J1941 Ford WSS M97 B44-D Volvo VCS Leyland MAN 324 type NF MAN 324 Si-OAT MAN B&amp;W Renault RVI Scania MTU Detroit Diesel 7SE 298 Deutz MWM Isuzu DAF MB 325.0,2,3, 5 Mitmesugune maastikutehnika.\" \/>\n<meta property=\"og:url\" content=\"https:\/\/ranoja.ee\/toode\/jahutusvedelik-hd-extended-life-50-50-valmissegu-20l-valvoline\/\" \/>\n<meta property=\"og:site_name\" content=\"Ranoja\" \/>\n<meta property=\"article:publisher\" content=\"https:\/\/www.facebook.com\/ranoja.ee\" \/>\n<meta property=\"article:modified_time\" content=\"2026-03-17T12:42:11+00:00\" \/>\n<meta property=\"og:image\" content=\"https:\/\/ranoja.ee\/wp-content\/uploads\/2026\/03\/136732782.jpg\" \/>\n\t<meta property=\"og:image:width\" content=\"768\" \/>\n\t<meta property=\"og:image:height\" content=\"768\" \/>\n\t<meta property=\"og:image:type\" content=\"image\/jpeg\" \/>\n<meta name=\"twitter:card\" content=\"summary_large_image\" \/>\n<script type=\"application\/ld+json\" class=\"yoast-schema-graph\">{\"@context\":\"https:\\\/\\\/schema.org\",\"@graph\":[{\"@type\":\"WebPage\",\"@id\":\"https:\\\/\\\/ranoja.ee\\\/toode\\\/jahutusvedelik-hd-extended-life-50-50-valmissegu-20l-valvoline\\\/\",\"url\":\"https:\\\/\\\/ranoja.ee\\\/toode\\\/jahutusvedelik-hd-extended-life-50-50-valmissegu-20l-valvoline\\\/\",\"name\":\"Jahutusvedelik HD Extended Life 50\\\/50 valmissegu 20L, Valvoline - Ranoja\",\"isPartOf\":{\"@id\":\"https:\\\/\\\/ranoja.ee\\\/#website\"},\"primaryImageOfPage\":{\"@id\":\"https:\\\/\\\/ranoja.ee\\\/toode\\\/jahutusvedelik-hd-extended-life-50-50-valmissegu-20l-valvoline\\\/#primaryimage\"},\"image\":{\"@id\":\"https:\\\/\\\/ranoja.ee\\\/toode\\\/jahutusvedelik-hd-extended-life-50-50-valmissegu-20l-valvoline\\\/#primaryimage\"},\"thumbnailUrl\":\"https:\\\/\\\/ranoja.ee\\\/wp-content\\\/uploads\\\/2026\\\/03\\\/136732782.jpg\",\"datePublished\":\"2026-03-16T23:03:28+00:00\",\"dateModified\":\"2026-03-17T12:42:11+00:00\",\"breadcrumb\":{\"@id\":\"https:\\\/\\\/ranoja.ee\\\/toode\\\/jahutusvedelik-hd-extended-life-50-50-valmissegu-20l-valvoline\\\/#breadcrumb\"},\"inLanguage\":\"en-US\",\"potentialAction\":[{\"@type\":\"ReadAction\",\"target\":[\"https:\\\/\\\/ranoja.ee\\\/toode\\\/jahutusvedelik-hd-extended-life-50-50-valmissegu-20l-valvoline\\\/\"]}]},{\"@type\":\"ImageObject\",\"inLanguage\":\"en-US\",\"@id\":\"https:\\\/\\\/ranoja.ee\\\/toode\\\/jahutusvedelik-hd-extended-life-50-50-valmissegu-20l-valvoline\\\/#primaryimage\",\"url\":\"https:\\\/\\\/ranoja.ee\\\/wp-content\\\/uploads\\\/2026\\\/03\\\/136732782.jpg\",\"contentUrl\":\"https:\\\/\\\/ranoja.ee\\\/wp-content\\\/uploads\\\/2026\\\/03\\\/136732782.jpg\",\"width\":768,\"height\":768},{\"@type\":\"BreadcrumbList\",\"@id\":\"https:\\\/\\\/ranoja.ee\\\/toode\\\/jahutusvedelik-hd-extended-life-50-50-valmissegu-20l-valvoline\\\/#breadcrumb\",\"itemListElement\":[{\"@type\":\"ListItem\",\"position\":1,\"name\":\"Home\",\"item\":\"https:\\\/\\\/ranoja.ee\\\/\"},{\"@type\":\"ListItem\",\"position\":2,\"name\":\"Shop\",\"item\":\"https:\\\/\\\/ranoja.ee\\\/en\\\/shop\\\/\"},{\"@type\":\"ListItem\",\"position\":3,\"name\":\"Jahutusvedelik HD Extended Life 50\\\/50 valmissegu 20L, Valvoline\"}]},{\"@type\":\"WebSite\",\"@id\":\"https:\\\/\\\/ranoja.ee\\\/#website\",\"url\":\"https:\\\/\\\/ranoja.ee\\\/\",\"name\":\"Ranoja\",\"description\":\"Equipment Shop WooCommerce WordPress Theme for Machine &amp; Tools\",\"publisher\":{\"@id\":\"https:\\\/\\\/ranoja.ee\\\/#organization\"},\"potentialAction\":[{\"@type\":\"SearchAction\",\"target\":{\"@type\":\"EntryPoint\",\"urlTemplate\":\"https:\\\/\\\/ranoja.ee\\\/?s={search_term_string}\"},\"query-input\":{\"@type\":\"PropertyValueSpecification\",\"valueRequired\":true,\"valueName\":\"search_term_string\"}}],\"inLanguage\":\"en-US\"},{\"@type\":\"Organization\",\"@id\":\"https:\\\/\\\/ranoja.ee\\\/#organization\",\"name\":\"Ranoja O\u00dc\",\"url\":\"https:\\\/\\\/ranoja.ee\\\/\",\"logo\":{\"@type\":\"ImageObject\",\"inLanguage\":\"en-US\",\"@id\":\"https:\\\/\\\/ranoja.ee\\\/#\\\/schema\\\/logo\\\/image\\\/\",\"url\":\"https:\\\/\\\/ranoja.ee\\\/wp-content\\\/uploads\\\/2023\\\/11\\\/ranoja-Logo.png\",\"contentUrl\":\"https:\\\/\\\/ranoja.ee\\\/wp-content\\\/uploads\\\/2023\\\/11\\\/ranoja-Logo.png\",\"width\":207,\"height\":58,\"caption\":\"Ranoja O\u00dc\"},\"image\":{\"@id\":\"https:\\\/\\\/ranoja.ee\\\/#\\\/schema\\\/logo\\\/image\\\/\"},\"sameAs\":[\"https:\\\/\\\/www.facebook.com\\\/ranoja.ee\",\"https:\\\/\\\/www.instagram.com\\\/ranoja__\\\/\"]}]}<\/script>\n<!-- \/ Yoast SEO plugin. -->","yoast_head_json":{"title":"Jahutusvedelik HD Extended Life 50\/50 valmissegu 20L, Valvoline - Ranoja","robots":{"index":"index","follow":"follow","max-snippet":"max-snippet:-1","max-image-preview":"max-image-preview:large","max-video-preview":"max-video-preview:-1"},"canonical":"https:\/\/ranoja.ee\/toode\/jahutusvedelik-hd-extended-life-50-50-valmissegu-20l-valvoline\/","og_locale":"en_US","og_type":"article","og_title":"Jahutusvedelik HD Extended Life 50\/50 valmissegu 20L, Valvoline - Ranoja","og_description":"Jahutusvedeliku valmissegu -38 mis sobib k\u00f5ikidele veokitele, bussidele, tee ehitus, p\u00f5llumajandus jm. rasketehnikale. V\u00e4hendab valestikasutamise riske ja aitab laoseisu hoida optimaalsena. HD Extended Life jahutusvedelik t\u00e4idab kaasaegsete raskeveoki tootjate esitatud n\u00f5udeid. Toode ei sisalda amiine, boori- ega fosfaadi\u00fchendeid mis teeb temast keskkonnas\u00f5bralikuma toote. HD Extended Life jahutusvedelik kaitseb jahutus\u00fcsteeme k\u00fclmumise, korrosiooni ja \u00fclekuumenemise vastu v\u00e4hemalt 3 aastat, 7000 t\u00f6\u00f6tundi v\u00f5i 500 000 km, Ta on segatav k\u00f5ikide monoet\u00fcleen- gl\u00fckooli baasiliste jahutus-vedelikega. Ei sobi segamiseks prop\u00fcleengl\u00fckooli baasiliste jahutusvedelikega. V\u00e4rvus: Helepunane Sobib j\u00e4rgmistesse kasutuskohtadesse: BS 6580, 1992 Afnor 15-601, 1991 ASTM D-6210, D-4985, D3306 (D-4656) ASTM D-4985 NATO S-759 Caterpillar EC-1 Cummins 14603 Approved, 3666286 Cuna NC956-16 O-Norm V5123 SAE J814, J814C, J1034, J1941 Ford WSS M97 B44-D Volvo VCS Leyland MAN 324 type NF MAN 324 Si-OAT MAN B&W Renault RVI Scania MTU Detroit Diesel 7SE 298 Deutz MWM Isuzu DAF MB 325.0,2,3, 5 Mitmesugune maastikutehnika.","og_url":"https:\/\/ranoja.ee\/toode\/jahutusvedelik-hd-extended-life-50-50-valmissegu-20l-valvoline\/","og_site_name":"Ranoja","article_publisher":"https:\/\/www.facebook.com\/ranoja.ee","article_modified_time":"2026-03-17T12:42:11+00:00","og_image":[{"width":768,"height":768,"url":"https:\/\/ranoja.ee\/wp-content\/uploads\/2026\/03\/136732782.jpg","type":"image\/jpeg"}],"twitter_card":"summary_large_image","schema":{"@context":"https:\/\/schema.org","@graph":[{"@type":"WebPage","@id":"https:\/\/ranoja.ee\/toode\/jahutusvedelik-hd-extended-life-50-50-valmissegu-20l-valvoline\/","url":"https:\/\/ranoja.ee\/toode\/jahutusvedelik-hd-extended-life-50-50-valmissegu-20l-valvoline\/","name":"Jahutusvedelik HD Extended Life 50\/50 valmissegu 20L, Valvoline - Ranoja","isPartOf":{"@id":"https:\/\/ranoja.ee\/#website"},"primaryImageOfPage":{"@id":"https:\/\/ranoja.ee\/toode\/jahutusvedelik-hd-extended-life-50-50-valmissegu-20l-valvoline\/#primaryimage"},"image":{"@id":"https:\/\/ranoja.ee\/toode\/jahutusvedelik-hd-extended-life-50-50-valmissegu-20l-valvoline\/#primaryimage"},"thumbnailUrl":"https:\/\/ranoja.ee\/wp-content\/uploads\/2026\/03\/136732782.jpg","datePublished":"2026-03-16T23:03:28+00:00","dateModified":"2026-03-17T12:42:11+00:00","breadcrumb":{"@id":"https:\/\/ranoja.ee\/toode\/jahutusvedelik-hd-extended-life-50-50-valmissegu-20l-valvoline\/#breadcrumb"},"inLanguage":"en-US","potentialAction":[{"@type":"ReadAction","target":["https:\/\/ranoja.ee\/toode\/jahutusvedelik-hd-extended-life-50-50-valmissegu-20l-valvoline\/"]}]},{"@type":"ImageObject","inLanguage":"en-US","@id":"https:\/\/ranoja.ee\/toode\/jahutusvedelik-hd-extended-life-50-50-valmissegu-20l-valvoline\/#primaryimage","url":"https:\/\/ranoja.ee\/wp-content\/uploads\/2026\/03\/136732782.jpg","contentUrl":"https:\/\/ranoja.ee\/wp-content\/uploads\/2026\/03\/136732782.jpg","width":768,"height":768},{"@type":"BreadcrumbList","@id":"https:\/\/ranoja.ee\/toode\/jahutusvedelik-hd-extended-life-50-50-valmissegu-20l-valvoline\/#breadcrumb","itemListElement":[{"@type":"ListItem","position":1,"name":"Home","item":"https:\/\/ranoja.ee\/"},{"@type":"ListItem","position":2,"name":"Shop","item":"https:\/\/ranoja.ee\/en\/shop\/"},{"@type":"ListItem","position":3,"name":"Jahutusvedelik HD Extended Life 50\/50 valmissegu 20L, Valvoline"}]},{"@type":"WebSite","@id":"https:\/\/ranoja.ee\/#website","url":"https:\/\/ranoja.ee\/","name":"Ranoja","description":"Equipment Shop WooCommerce WordPress Theme for Machine &amp; Tools","publisher":{"@id":"https:\/\/ranoja.ee\/#organization"},"potentialAction":[{"@type":"SearchAction","target":{"@type":"EntryPoint","urlTemplate":"https:\/\/ranoja.ee\/?s={search_term_string}"},"query-input":{"@type":"PropertyValueSpecification","valueRequired":true,"valueName":"search_term_string"}}],"inLanguage":"en-US"},{"@type":"Organization","@id":"https:\/\/ranoja.ee\/#organization","name":"Ranoja O\u00dc","url":"https:\/\/ranoja.ee\/","logo":{"@type":"ImageObject","inLanguage":"en-US","@id":"https:\/\/ranoja.ee\/#\/schema\/logo\/image\/","url":"https:\/\/ranoja.ee\/wp-content\/uploads\/2023\/11\/ranoja-Logo.png","contentUrl":"https:\/\/ranoja.ee\/wp-content\/uploads\/2023\/11\/ranoja-Logo.png","width":207,"height":58,"caption":"Ranoja O\u00dc"},"image":{"@id":"https:\/\/ranoja.ee\/#\/schema\/logo\/image\/"},"sameAs":["https:\/\/www.facebook.com\/ranoja.ee","https:\/\/www.instagram.com\/ranoja__\/"]}]}},"_links":{"self":[{"href":"https:\/\/ranoja.ee\/en\/wp-json\/wp\/v2\/product\/58820","targetHints":{"allow":["GET"]}}],"collection":[{"href":"https:\/\/ranoja.ee\/en\/wp-json\/wp\/v2\/product"}],"about":[{"href":"https:\/\/ranoja.ee\/en\/wp-json\/wp\/v2\/types\/product"}],"wp:featuredmedia":[{"embeddable":true,"href":"https:\/\/ranoja.ee\/en\/wp-json\/wp\/v2\/media\/58821"}],"wp:attachment":[{"href":"https:\/\/ranoja.ee\/en\/wp-json\/wp\/v2\/media?parent=58820"}],"wp:term":[{"taxonomy":"product_cat","embeddable":true,"href":"https:\/\/ranoja.ee\/en\/wp-json\/wp\/v2\/product_cat?post=58820"},{"taxonomy":"product_tag","embeddable":true,"href":"https:\/\/ranoja.ee\/en\/wp-json\/wp\/v2\/product_tag?post=58820"}],"curies":[{"name":"wp","href":"https:\/\/api.w.org\/{rel}","templated":true}]}}