{"id":58814,"date":"2026-03-17T02:03:28","date_gmt":"2026-03-16T23:03:28","guid":{"rendered":"https:\/\/ranoja.ee\/toode\/lehtsilmusnarre-komplekt-8-19mm-lulitiga-12osa-brilliant-tools\/"},"modified":"2026-03-17T15:42:11","modified_gmt":"2026-03-17T12:42:11","slug":"lehtsilmusnarre-komplekt-8-19mm-lulitiga-12osa-brilliant-tools","status":"publish","type":"product","link":"https:\/\/ranoja.ee\/en\/toode\/lehtsilmusnarre-komplekt-8-19mm-lulitiga-12osa-brilliant-tools\/","title":{"rendered":"Lehtsilmusnarre komplekt 8-19mm, l\u00fclitiga, 12osa, Brilliant Tools"},"content":{"rendered":"","protected":false},"excerpt":{"rendered":"<p>12-osaline komplekt<br \/>\ntoodetud vastavalt standardile DIN 3113<br \/>\npeenhammastusega, 72 hambaga<br \/>\np\u00f6\u00f6rdenurk 5\u00b0<br \/>\nkahesuunaline<br \/>\nmattkroomitud<br \/>\nkroom-vanaadium<br \/>\npraktilises riputusaasadega hoiukotis<\/p>\n<p>BRILLIANT TOOLS 12-osaline silmusnarrede komplekt BT013212 on toodetud vastavalt standardile DIN 3113. Meeterm\u00f5\u00f5dustikus narrefunktsiooniga silmusv\u00f5tmel on 72 hambaga peenhammastus ja 5\u00b0 tagumine p\u00f6\u00f6rdenurk. V\u00f5tmel on p\u00f6\u00f6ratav narrepea, mis on 15\u00b0 nurga all. Kergelt s\u00fcvistatud l\u00fclitushoob hoiab \u00e4ra juhusliku \u00fcmberl\u00fclituse ja kaitseb nii teie s\u00f5rmi ja liigeseid. Mokkade asend on samuti 15\u00b0 kaldega. Narrefunktsiooni p\u00f6\u00f6rlemissuuna muutmine (parem\/vasak) toimub mugavalt \u00fcmberl\u00fclitiga. Pealispind on mattkroomitud, seega p\u00fcsib see ka v\u00e4ga h\u00e4sti k\u00e4es. Silmusnarrede komplekt suurustes 8 mm kuni 19 mm tarnitakse praktilises riputusaasadega varustatud hoiukotis.<\/p>\n<p>\nTarnekomplekt:<\/p>\n<p>8 mm, 9 mm, 10 mm, 11 mm, 12 mm, 13 mm, 14 mm, 15 mm, 16 mm, 17 mm, 18 mm, 19 mm<\/p>\n","protected":false},"featured_media":58815,"template":"","meta":{"inline_featured_image":false},"product_cat":[1596,5145,1116,5144],"product_tag":[],"class_list":{"0":"post-58814","1":"product","2":"type-product","3":"status-publish","4":"has-post-thumbnail","6":"product_brand-brilliant-tools","7":"product_cat-kasitooriistad","8":"product_cat-lehtsilmusvotmed","9":"product_cat-lisaseadmed-ehitusseadmed-led-lisatuled-cb-raadiod-lallar","10":"product_cat-votmed","12":"first","13":"instock","14":"purchasable","15":"product-type-simple"},"yoast_head":"<!-- This site is optimized with the Yoast SEO plugin v27.4 - https:\/\/yoast.com\/product\/yoast-seo-wordpress\/ -->\n<title>Lehtsilmusnarre komplekt 8-19mm, l\u00fclitiga, 12osa, Brilliant Tools - Ranoja<\/title>\n<meta name=\"robots\" content=\"index, follow, max-snippet:-1, max-image-preview:large, max-video-preview:-1\" \/>\n<link rel=\"canonical\" href=\"https:\/\/ranoja.ee\/toode\/lehtsilmusnarre-komplekt-8-19mm-lulitiga-12osa-brilliant-tools\/\" \/>\n<meta property=\"og:locale\" content=\"en_US\" \/>\n<meta property=\"og:type\" content=\"article\" \/>\n<meta property=\"og:title\" content=\"Lehtsilmusnarre komplekt 8-19mm, l\u00fclitiga, 12osa, Brilliant Tools - Ranoja\" \/>\n<meta property=\"og:description\" content=\"12-osaline komplekt toodetud vastavalt standardile DIN 3113 peenhammastusega, 72 hambaga p\u00f6\u00f6rdenurk 5\u00b0 kahesuunaline mattkroomitud kroom-vanaadium praktilises riputusaasadega hoiukotis BRILLIANT TOOLS 12-osaline silmusnarrede komplekt BT013212 on toodetud vastavalt standardile DIN 3113. Meeterm\u00f5\u00f5dustikus narrefunktsiooniga silmusv\u00f5tmel on 72 hambaga peenhammastus ja 5\u00b0 tagumine p\u00f6\u00f6rdenurk. V\u00f5tmel on p\u00f6\u00f6ratav narrepea, mis on 15\u00b0 nurga all. Kergelt s\u00fcvistatud l\u00fclitushoob hoiab \u00e4ra juhusliku \u00fcmberl\u00fclituse ja kaitseb nii teie s\u00f5rmi ja liigeseid. Mokkade asend on samuti 15\u00b0 kaldega. Narrefunktsiooni p\u00f6\u00f6rlemissuuna muutmine (parem\/vasak) toimub mugavalt \u00fcmberl\u00fclitiga. Pealispind on mattkroomitud, seega p\u00fcsib see ka v\u00e4ga h\u00e4sti k\u00e4es. Silmusnarrede komplekt suurustes 8 mm kuni 19 mm tarnitakse praktilises riputusaasadega varustatud hoiukotis.  Tarnekomplekt: 8 mm, 9 mm, 10 mm, 11 mm, 12 mm, 13 mm, 14 mm, 15 mm, 16 mm, 17 mm, 18 mm, 19 mm\" \/>\n<meta property=\"og:url\" content=\"https:\/\/ranoja.ee\/toode\/lehtsilmusnarre-komplekt-8-19mm-lulitiga-12osa-brilliant-tools\/\" \/>\n<meta property=\"og:site_name\" content=\"Ranoja\" \/>\n<meta property=\"article:publisher\" content=\"https:\/\/www.facebook.com\/ranoja.ee\" \/>\n<meta property=\"article:modified_time\" content=\"2026-03-17T12:42:11+00:00\" \/>\n<meta property=\"og:image\" content=\"https:\/\/ranoja.ee\/wp-content\/uploads\/2026\/03\/212910845.jpg\" \/>\n\t<meta property=\"og:image:width\" content=\"900\" \/>\n\t<meta property=\"og:image:height\" content=\"493\" \/>\n\t<meta property=\"og:image:type\" content=\"image\/jpeg\" \/>\n<meta name=\"twitter:card\" content=\"summary_large_image\" \/>\n<script type=\"application\/ld+json\" class=\"yoast-schema-graph\">{\"@context\":\"https:\\\/\\\/schema.org\",\"@graph\":[{\"@type\":\"WebPage\",\"@id\":\"https:\\\/\\\/ranoja.ee\\\/toode\\\/lehtsilmusnarre-komplekt-8-19mm-lulitiga-12osa-brilliant-tools\\\/\",\"url\":\"https:\\\/\\\/ranoja.ee\\\/toode\\\/lehtsilmusnarre-komplekt-8-19mm-lulitiga-12osa-brilliant-tools\\\/\",\"name\":\"Lehtsilmusnarre komplekt 8-19mm, l\u00fclitiga, 12osa, Brilliant Tools - Ranoja\",\"isPartOf\":{\"@id\":\"https:\\\/\\\/ranoja.ee\\\/#website\"},\"primaryImageOfPage\":{\"@id\":\"https:\\\/\\\/ranoja.ee\\\/toode\\\/lehtsilmusnarre-komplekt-8-19mm-lulitiga-12osa-brilliant-tools\\\/#primaryimage\"},\"image\":{\"@id\":\"https:\\\/\\\/ranoja.ee\\\/toode\\\/lehtsilmusnarre-komplekt-8-19mm-lulitiga-12osa-brilliant-tools\\\/#primaryimage\"},\"thumbnailUrl\":\"https:\\\/\\\/ranoja.ee\\\/wp-content\\\/uploads\\\/2026\\\/03\\\/212910845.jpg\",\"datePublished\":\"2026-03-16T23:03:28+00:00\",\"dateModified\":\"2026-03-17T12:42:11+00:00\",\"breadcrumb\":{\"@id\":\"https:\\\/\\\/ranoja.ee\\\/toode\\\/lehtsilmusnarre-komplekt-8-19mm-lulitiga-12osa-brilliant-tools\\\/#breadcrumb\"},\"inLanguage\":\"en-US\",\"potentialAction\":[{\"@type\":\"ReadAction\",\"target\":[\"https:\\\/\\\/ranoja.ee\\\/toode\\\/lehtsilmusnarre-komplekt-8-19mm-lulitiga-12osa-brilliant-tools\\\/\"]}]},{\"@type\":\"ImageObject\",\"inLanguage\":\"en-US\",\"@id\":\"https:\\\/\\\/ranoja.ee\\\/toode\\\/lehtsilmusnarre-komplekt-8-19mm-lulitiga-12osa-brilliant-tools\\\/#primaryimage\",\"url\":\"https:\\\/\\\/ranoja.ee\\\/wp-content\\\/uploads\\\/2026\\\/03\\\/212910845.jpg\",\"contentUrl\":\"https:\\\/\\\/ranoja.ee\\\/wp-content\\\/uploads\\\/2026\\\/03\\\/212910845.jpg\",\"width\":900,\"height\":493},{\"@type\":\"BreadcrumbList\",\"@id\":\"https:\\\/\\\/ranoja.ee\\\/toode\\\/lehtsilmusnarre-komplekt-8-19mm-lulitiga-12osa-brilliant-tools\\\/#breadcrumb\",\"itemListElement\":[{\"@type\":\"ListItem\",\"position\":1,\"name\":\"Home\",\"item\":\"https:\\\/\\\/ranoja.ee\\\/\"},{\"@type\":\"ListItem\",\"position\":2,\"name\":\"Shop\",\"item\":\"https:\\\/\\\/ranoja.ee\\\/en\\\/shop\\\/\"},{\"@type\":\"ListItem\",\"position\":3,\"name\":\"Lehtsilmusnarre komplekt 8-19mm, l\u00fclitiga, 12osa, Brilliant Tools\"}]},{\"@type\":\"WebSite\",\"@id\":\"https:\\\/\\\/ranoja.ee\\\/#website\",\"url\":\"https:\\\/\\\/ranoja.ee\\\/\",\"name\":\"Ranoja\",\"description\":\"Equipment Shop WooCommerce WordPress Theme for Machine &amp; Tools\",\"publisher\":{\"@id\":\"https:\\\/\\\/ranoja.ee\\\/#organization\"},\"potentialAction\":[{\"@type\":\"SearchAction\",\"target\":{\"@type\":\"EntryPoint\",\"urlTemplate\":\"https:\\\/\\\/ranoja.ee\\\/?s={search_term_string}\"},\"query-input\":{\"@type\":\"PropertyValueSpecification\",\"valueRequired\":true,\"valueName\":\"search_term_string\"}}],\"inLanguage\":\"en-US\"},{\"@type\":\"Organization\",\"@id\":\"https:\\\/\\\/ranoja.ee\\\/#organization\",\"name\":\"Ranoja O\u00dc\",\"url\":\"https:\\\/\\\/ranoja.ee\\\/\",\"logo\":{\"@type\":\"ImageObject\",\"inLanguage\":\"en-US\",\"@id\":\"https:\\\/\\\/ranoja.ee\\\/#\\\/schema\\\/logo\\\/image\\\/\",\"url\":\"https:\\\/\\\/ranoja.ee\\\/wp-content\\\/uploads\\\/2023\\\/11\\\/ranoja-Logo.png\",\"contentUrl\":\"https:\\\/\\\/ranoja.ee\\\/wp-content\\\/uploads\\\/2023\\\/11\\\/ranoja-Logo.png\",\"width\":207,\"height\":58,\"caption\":\"Ranoja O\u00dc\"},\"image\":{\"@id\":\"https:\\\/\\\/ranoja.ee\\\/#\\\/schema\\\/logo\\\/image\\\/\"},\"sameAs\":[\"https:\\\/\\\/www.facebook.com\\\/ranoja.ee\",\"https:\\\/\\\/www.instagram.com\\\/ranoja__\\\/\"]}]}<\/script>\n<!-- \/ Yoast SEO plugin. -->","yoast_head_json":{"title":"Lehtsilmusnarre komplekt 8-19mm, l\u00fclitiga, 12osa, Brilliant Tools - Ranoja","robots":{"index":"index","follow":"follow","max-snippet":"max-snippet:-1","max-image-preview":"max-image-preview:large","max-video-preview":"max-video-preview:-1"},"canonical":"https:\/\/ranoja.ee\/toode\/lehtsilmusnarre-komplekt-8-19mm-lulitiga-12osa-brilliant-tools\/","og_locale":"en_US","og_type":"article","og_title":"Lehtsilmusnarre komplekt 8-19mm, l\u00fclitiga, 12osa, Brilliant Tools - Ranoja","og_description":"12-osaline komplekt toodetud vastavalt standardile DIN 3113 peenhammastusega, 72 hambaga p\u00f6\u00f6rdenurk 5\u00b0 kahesuunaline mattkroomitud kroom-vanaadium praktilises riputusaasadega hoiukotis BRILLIANT TOOLS 12-osaline silmusnarrede komplekt BT013212 on toodetud vastavalt standardile DIN 3113. Meeterm\u00f5\u00f5dustikus narrefunktsiooniga silmusv\u00f5tmel on 72 hambaga peenhammastus ja 5\u00b0 tagumine p\u00f6\u00f6rdenurk. V\u00f5tmel on p\u00f6\u00f6ratav narrepea, mis on 15\u00b0 nurga all. Kergelt s\u00fcvistatud l\u00fclitushoob hoiab \u00e4ra juhusliku \u00fcmberl\u00fclituse ja kaitseb nii teie s\u00f5rmi ja liigeseid. Mokkade asend on samuti 15\u00b0 kaldega. Narrefunktsiooni p\u00f6\u00f6rlemissuuna muutmine (parem\/vasak) toimub mugavalt \u00fcmberl\u00fclitiga. Pealispind on mattkroomitud, seega p\u00fcsib see ka v\u00e4ga h\u00e4sti k\u00e4es. Silmusnarrede komplekt suurustes 8 mm kuni 19 mm tarnitakse praktilises riputusaasadega varustatud hoiukotis.  Tarnekomplekt: 8 mm, 9 mm, 10 mm, 11 mm, 12 mm, 13 mm, 14 mm, 15 mm, 16 mm, 17 mm, 18 mm, 19 mm","og_url":"https:\/\/ranoja.ee\/toode\/lehtsilmusnarre-komplekt-8-19mm-lulitiga-12osa-brilliant-tools\/","og_site_name":"Ranoja","article_publisher":"https:\/\/www.facebook.com\/ranoja.ee","article_modified_time":"2026-03-17T12:42:11+00:00","og_image":[{"width":900,"height":493,"url":"https:\/\/ranoja.ee\/wp-content\/uploads\/2026\/03\/212910845.jpg","type":"image\/jpeg"}],"twitter_card":"summary_large_image","schema":{"@context":"https:\/\/schema.org","@graph":[{"@type":"WebPage","@id":"https:\/\/ranoja.ee\/toode\/lehtsilmusnarre-komplekt-8-19mm-lulitiga-12osa-brilliant-tools\/","url":"https:\/\/ranoja.ee\/toode\/lehtsilmusnarre-komplekt-8-19mm-lulitiga-12osa-brilliant-tools\/","name":"Lehtsilmusnarre komplekt 8-19mm, l\u00fclitiga, 12osa, Brilliant Tools - Ranoja","isPartOf":{"@id":"https:\/\/ranoja.ee\/#website"},"primaryImageOfPage":{"@id":"https:\/\/ranoja.ee\/toode\/lehtsilmusnarre-komplekt-8-19mm-lulitiga-12osa-brilliant-tools\/#primaryimage"},"image":{"@id":"https:\/\/ranoja.ee\/toode\/lehtsilmusnarre-komplekt-8-19mm-lulitiga-12osa-brilliant-tools\/#primaryimage"},"thumbnailUrl":"https:\/\/ranoja.ee\/wp-content\/uploads\/2026\/03\/212910845.jpg","datePublished":"2026-03-16T23:03:28+00:00","dateModified":"2026-03-17T12:42:11+00:00","breadcrumb":{"@id":"https:\/\/ranoja.ee\/toode\/lehtsilmusnarre-komplekt-8-19mm-lulitiga-12osa-brilliant-tools\/#breadcrumb"},"inLanguage":"en-US","potentialAction":[{"@type":"ReadAction","target":["https:\/\/ranoja.ee\/toode\/lehtsilmusnarre-komplekt-8-19mm-lulitiga-12osa-brilliant-tools\/"]}]},{"@type":"ImageObject","inLanguage":"en-US","@id":"https:\/\/ranoja.ee\/toode\/lehtsilmusnarre-komplekt-8-19mm-lulitiga-12osa-brilliant-tools\/#primaryimage","url":"https:\/\/ranoja.ee\/wp-content\/uploads\/2026\/03\/212910845.jpg","contentUrl":"https:\/\/ranoja.ee\/wp-content\/uploads\/2026\/03\/212910845.jpg","width":900,"height":493},{"@type":"BreadcrumbList","@id":"https:\/\/ranoja.ee\/toode\/lehtsilmusnarre-komplekt-8-19mm-lulitiga-12osa-brilliant-tools\/#breadcrumb","itemListElement":[{"@type":"ListItem","position":1,"name":"Home","item":"https:\/\/ranoja.ee\/"},{"@type":"ListItem","position":2,"name":"Shop","item":"https:\/\/ranoja.ee\/en\/shop\/"},{"@type":"ListItem","position":3,"name":"Lehtsilmusnarre komplekt 8-19mm, l\u00fclitiga, 12osa, Brilliant Tools"}]},{"@type":"WebSite","@id":"https:\/\/ranoja.ee\/#website","url":"https:\/\/ranoja.ee\/","name":"Ranoja","description":"Equipment Shop WooCommerce WordPress Theme for Machine &amp; Tools","publisher":{"@id":"https:\/\/ranoja.ee\/#organization"},"potentialAction":[{"@type":"SearchAction","target":{"@type":"EntryPoint","urlTemplate":"https:\/\/ranoja.ee\/?s={search_term_string}"},"query-input":{"@type":"PropertyValueSpecification","valueRequired":true,"valueName":"search_term_string"}}],"inLanguage":"en-US"},{"@type":"Organization","@id":"https:\/\/ranoja.ee\/#organization","name":"Ranoja O\u00dc","url":"https:\/\/ranoja.ee\/","logo":{"@type":"ImageObject","inLanguage":"en-US","@id":"https:\/\/ranoja.ee\/#\/schema\/logo\/image\/","url":"https:\/\/ranoja.ee\/wp-content\/uploads\/2023\/11\/ranoja-Logo.png","contentUrl":"https:\/\/ranoja.ee\/wp-content\/uploads\/2023\/11\/ranoja-Logo.png","width":207,"height":58,"caption":"Ranoja O\u00dc"},"image":{"@id":"https:\/\/ranoja.ee\/#\/schema\/logo\/image\/"},"sameAs":["https:\/\/www.facebook.com\/ranoja.ee","https:\/\/www.instagram.com\/ranoja__\/"]}]}},"_links":{"self":[{"href":"https:\/\/ranoja.ee\/en\/wp-json\/wp\/v2\/product\/58814","targetHints":{"allow":["GET"]}}],"collection":[{"href":"https:\/\/ranoja.ee\/en\/wp-json\/wp\/v2\/product"}],"about":[{"href":"https:\/\/ranoja.ee\/en\/wp-json\/wp\/v2\/types\/product"}],"wp:featuredmedia":[{"embeddable":true,"href":"https:\/\/ranoja.ee\/en\/wp-json\/wp\/v2\/media\/58815"}],"wp:attachment":[{"href":"https:\/\/ranoja.ee\/en\/wp-json\/wp\/v2\/media?parent=58814"}],"wp:term":[{"taxonomy":"product_cat","embeddable":true,"href":"https:\/\/ranoja.ee\/en\/wp-json\/wp\/v2\/product_cat?post=58814"},{"taxonomy":"product_tag","embeddable":true,"href":"https:\/\/ranoja.ee\/en\/wp-json\/wp\/v2\/product_tag?post=58814"}],"curies":[{"name":"wp","href":"https:\/\/api.w.org\/{rel}","templated":true}]}}