{"id":58810,"date":"2026-03-17T02:03:28","date_gmt":"2026-03-16T23:03:28","guid":{"rendered":"https:\/\/ranoja.ee\/toode\/universaalvarv-veljevarv-wheel-spray-must-500ml-motip\/"},"modified":"2026-03-17T15:42:11","modified_gmt":"2026-03-17T12:42:11","slug":"universaalvarv-veljevarv-wheel-spray-must-500ml-motip","status":"publish","type":"product","link":"https:\/\/ranoja.ee\/en\/toode\/universaalvarv-veljevarv-wheel-spray-must-500ml-motip\/","title":{"rendered":"Universaalv\u00e4rv\/veljev\u00e4rv Wheel Spray must 500ml, Motip"},"content":{"rendered":"","protected":false},"excerpt":{"rendered":"<p>Kiirelt kuivav universaalne akr\u00fc\u00fclv\u00e4rv. <br \/>\nKatab h\u00e4sti ja nakkub erinevate pindadega. Sobib metallile (sh alumiiniumile), klaasile, puidule, kivile ja paljudele erinevat t\u00fc\u00fcpi plastikutele. <br \/>\nV\u00e4rvitud pind on vastupidav hapetele, sooladele, \u00f5lile ja mootorik\u00fctusele. <br \/>\nV\u00e4rv ei pleeku, on ilmastiku- ja kriimustustekindel. <br \/>\n500 ml v\u00e4rvist j\u00e4tkub umbes 1- 2 m2 mitmekihiliseks katmiseks, s\u00f5ltuvalt v\u00e4rvitava pinna struktuurist.<\/p>\n","protected":false},"featured_media":58811,"template":"","meta":{"inline_featured_image":false},"product_cat":[5106,5025,5009],"product_tag":[],"class_list":{"0":"post-58810","1":"product","2":"type-product","3":"status-publish","4":"has-post-thumbnail","6":"product_brand-motip","7":"product_cat-aerosoolvarvid","8":"product_cat-marker-ja-aerosoolvarvid","9":"product_cat-toostus-ja-autokeemia","11":"first","12":"instock","13":"purchasable","14":"product-type-simple"},"yoast_head":"<!-- This site is optimized with the Yoast SEO plugin v27.4 - https:\/\/yoast.com\/product\/yoast-seo-wordpress\/ -->\n<title>Universaalv\u00e4rv\/veljev\u00e4rv Wheel Spray must 500ml, Motip - Ranoja<\/title>\n<meta name=\"robots\" content=\"index, follow, max-snippet:-1, max-image-preview:large, max-video-preview:-1\" \/>\n<link rel=\"canonical\" href=\"https:\/\/ranoja.ee\/toode\/universaalvarv-veljevarv-wheel-spray-must-500ml-motip\/\" \/>\n<meta property=\"og:locale\" content=\"en_US\" \/>\n<meta property=\"og:type\" content=\"article\" \/>\n<meta property=\"og:title\" content=\"Universaalv\u00e4rv\/veljev\u00e4rv Wheel Spray must 500ml, Motip - Ranoja\" \/>\n<meta property=\"og:description\" content=\"Kiirelt kuivav universaalne akr\u00fc\u00fclv\u00e4rv. Katab h\u00e4sti ja nakkub erinevate pindadega. Sobib metallile (sh alumiiniumile), klaasile, puidule, kivile ja paljudele erinevat t\u00fc\u00fcpi plastikutele. V\u00e4rvitud pind on vastupidav hapetele, sooladele, \u00f5lile ja mootorik\u00fctusele. V\u00e4rv ei pleeku, on ilmastiku- ja kriimustustekindel. 500 ml v\u00e4rvist j\u00e4tkub umbes 1- 2 m2 mitmekihiliseks katmiseks, s\u00f5ltuvalt v\u00e4rvitava pinna struktuurist.\" \/>\n<meta property=\"og:url\" content=\"https:\/\/ranoja.ee\/toode\/universaalvarv-veljevarv-wheel-spray-must-500ml-motip\/\" \/>\n<meta property=\"og:site_name\" content=\"Ranoja\" \/>\n<meta property=\"article:publisher\" content=\"https:\/\/www.facebook.com\/ranoja.ee\" \/>\n<meta property=\"article:modified_time\" content=\"2026-03-17T12:42:11+00:00\" \/>\n<meta property=\"og:image\" content=\"https:\/\/ranoja.ee\/wp-content\/uploads\/2026\/03\/124649482.jpeg\" \/>\n\t<meta property=\"og:image:width\" content=\"112\" \/>\n\t<meta property=\"og:image:height\" content=\"350\" \/>\n\t<meta property=\"og:image:type\" content=\"image\/jpeg\" \/>\n<meta name=\"twitter:card\" content=\"summary_large_image\" \/>\n<script type=\"application\/ld+json\" class=\"yoast-schema-graph\">{\"@context\":\"https:\\\/\\\/schema.org\",\"@graph\":[{\"@type\":\"WebPage\",\"@id\":\"https:\\\/\\\/ranoja.ee\\\/toode\\\/universaalvarv-veljevarv-wheel-spray-must-500ml-motip\\\/\",\"url\":\"https:\\\/\\\/ranoja.ee\\\/toode\\\/universaalvarv-veljevarv-wheel-spray-must-500ml-motip\\\/\",\"name\":\"Universaalv\u00e4rv\\\/veljev\u00e4rv Wheel Spray must 500ml, Motip - Ranoja\",\"isPartOf\":{\"@id\":\"https:\\\/\\\/ranoja.ee\\\/#website\"},\"primaryImageOfPage\":{\"@id\":\"https:\\\/\\\/ranoja.ee\\\/toode\\\/universaalvarv-veljevarv-wheel-spray-must-500ml-motip\\\/#primaryimage\"},\"image\":{\"@id\":\"https:\\\/\\\/ranoja.ee\\\/toode\\\/universaalvarv-veljevarv-wheel-spray-must-500ml-motip\\\/#primaryimage\"},\"thumbnailUrl\":\"https:\\\/\\\/ranoja.ee\\\/wp-content\\\/uploads\\\/2026\\\/03\\\/124649482.jpeg\",\"datePublished\":\"2026-03-16T23:03:28+00:00\",\"dateModified\":\"2026-03-17T12:42:11+00:00\",\"breadcrumb\":{\"@id\":\"https:\\\/\\\/ranoja.ee\\\/toode\\\/universaalvarv-veljevarv-wheel-spray-must-500ml-motip\\\/#breadcrumb\"},\"inLanguage\":\"en-US\",\"potentialAction\":[{\"@type\":\"ReadAction\",\"target\":[\"https:\\\/\\\/ranoja.ee\\\/toode\\\/universaalvarv-veljevarv-wheel-spray-must-500ml-motip\\\/\"]}]},{\"@type\":\"ImageObject\",\"inLanguage\":\"en-US\",\"@id\":\"https:\\\/\\\/ranoja.ee\\\/toode\\\/universaalvarv-veljevarv-wheel-spray-must-500ml-motip\\\/#primaryimage\",\"url\":\"https:\\\/\\\/ranoja.ee\\\/wp-content\\\/uploads\\\/2026\\\/03\\\/124649482.jpeg\",\"contentUrl\":\"https:\\\/\\\/ranoja.ee\\\/wp-content\\\/uploads\\\/2026\\\/03\\\/124649482.jpeg\",\"width\":112,\"height\":350},{\"@type\":\"BreadcrumbList\",\"@id\":\"https:\\\/\\\/ranoja.ee\\\/toode\\\/universaalvarv-veljevarv-wheel-spray-must-500ml-motip\\\/#breadcrumb\",\"itemListElement\":[{\"@type\":\"ListItem\",\"position\":1,\"name\":\"Home\",\"item\":\"https:\\\/\\\/ranoja.ee\\\/\"},{\"@type\":\"ListItem\",\"position\":2,\"name\":\"Shop\",\"item\":\"https:\\\/\\\/ranoja.ee\\\/en\\\/shop\\\/\"},{\"@type\":\"ListItem\",\"position\":3,\"name\":\"Universaalv\u00e4rv\\\/veljev\u00e4rv Wheel Spray must 500ml, Motip\"}]},{\"@type\":\"WebSite\",\"@id\":\"https:\\\/\\\/ranoja.ee\\\/#website\",\"url\":\"https:\\\/\\\/ranoja.ee\\\/\",\"name\":\"Ranoja\",\"description\":\"Equipment Shop WooCommerce WordPress Theme for Machine &amp; Tools\",\"publisher\":{\"@id\":\"https:\\\/\\\/ranoja.ee\\\/#organization\"},\"potentialAction\":[{\"@type\":\"SearchAction\",\"target\":{\"@type\":\"EntryPoint\",\"urlTemplate\":\"https:\\\/\\\/ranoja.ee\\\/?s={search_term_string}\"},\"query-input\":{\"@type\":\"PropertyValueSpecification\",\"valueRequired\":true,\"valueName\":\"search_term_string\"}}],\"inLanguage\":\"en-US\"},{\"@type\":\"Organization\",\"@id\":\"https:\\\/\\\/ranoja.ee\\\/#organization\",\"name\":\"Ranoja O\u00dc\",\"url\":\"https:\\\/\\\/ranoja.ee\\\/\",\"logo\":{\"@type\":\"ImageObject\",\"inLanguage\":\"en-US\",\"@id\":\"https:\\\/\\\/ranoja.ee\\\/#\\\/schema\\\/logo\\\/image\\\/\",\"url\":\"https:\\\/\\\/ranoja.ee\\\/wp-content\\\/uploads\\\/2023\\\/11\\\/ranoja-Logo.png\",\"contentUrl\":\"https:\\\/\\\/ranoja.ee\\\/wp-content\\\/uploads\\\/2023\\\/11\\\/ranoja-Logo.png\",\"width\":207,\"height\":58,\"caption\":\"Ranoja O\u00dc\"},\"image\":{\"@id\":\"https:\\\/\\\/ranoja.ee\\\/#\\\/schema\\\/logo\\\/image\\\/\"},\"sameAs\":[\"https:\\\/\\\/www.facebook.com\\\/ranoja.ee\",\"https:\\\/\\\/www.instagram.com\\\/ranoja__\\\/\"]}]}<\/script>\n<!-- \/ Yoast SEO plugin. -->","yoast_head_json":{"title":"Universaalv\u00e4rv\/veljev\u00e4rv Wheel Spray must 500ml, Motip - Ranoja","robots":{"index":"index","follow":"follow","max-snippet":"max-snippet:-1","max-image-preview":"max-image-preview:large","max-video-preview":"max-video-preview:-1"},"canonical":"https:\/\/ranoja.ee\/toode\/universaalvarv-veljevarv-wheel-spray-must-500ml-motip\/","og_locale":"en_US","og_type":"article","og_title":"Universaalv\u00e4rv\/veljev\u00e4rv Wheel Spray must 500ml, Motip - Ranoja","og_description":"Kiirelt kuivav universaalne akr\u00fc\u00fclv\u00e4rv. Katab h\u00e4sti ja nakkub erinevate pindadega. Sobib metallile (sh alumiiniumile), klaasile, puidule, kivile ja paljudele erinevat t\u00fc\u00fcpi plastikutele. V\u00e4rvitud pind on vastupidav hapetele, sooladele, \u00f5lile ja mootorik\u00fctusele. V\u00e4rv ei pleeku, on ilmastiku- ja kriimustustekindel. 500 ml v\u00e4rvist j\u00e4tkub umbes 1- 2 m2 mitmekihiliseks katmiseks, s\u00f5ltuvalt v\u00e4rvitava pinna struktuurist.","og_url":"https:\/\/ranoja.ee\/toode\/universaalvarv-veljevarv-wheel-spray-must-500ml-motip\/","og_site_name":"Ranoja","article_publisher":"https:\/\/www.facebook.com\/ranoja.ee","article_modified_time":"2026-03-17T12:42:11+00:00","og_image":[{"width":112,"height":350,"url":"https:\/\/ranoja.ee\/wp-content\/uploads\/2026\/03\/124649482.jpeg","type":"image\/jpeg"}],"twitter_card":"summary_large_image","schema":{"@context":"https:\/\/schema.org","@graph":[{"@type":"WebPage","@id":"https:\/\/ranoja.ee\/toode\/universaalvarv-veljevarv-wheel-spray-must-500ml-motip\/","url":"https:\/\/ranoja.ee\/toode\/universaalvarv-veljevarv-wheel-spray-must-500ml-motip\/","name":"Universaalv\u00e4rv\/veljev\u00e4rv Wheel Spray must 500ml, Motip - Ranoja","isPartOf":{"@id":"https:\/\/ranoja.ee\/#website"},"primaryImageOfPage":{"@id":"https:\/\/ranoja.ee\/toode\/universaalvarv-veljevarv-wheel-spray-must-500ml-motip\/#primaryimage"},"image":{"@id":"https:\/\/ranoja.ee\/toode\/universaalvarv-veljevarv-wheel-spray-must-500ml-motip\/#primaryimage"},"thumbnailUrl":"https:\/\/ranoja.ee\/wp-content\/uploads\/2026\/03\/124649482.jpeg","datePublished":"2026-03-16T23:03:28+00:00","dateModified":"2026-03-17T12:42:11+00:00","breadcrumb":{"@id":"https:\/\/ranoja.ee\/toode\/universaalvarv-veljevarv-wheel-spray-must-500ml-motip\/#breadcrumb"},"inLanguage":"en-US","potentialAction":[{"@type":"ReadAction","target":["https:\/\/ranoja.ee\/toode\/universaalvarv-veljevarv-wheel-spray-must-500ml-motip\/"]}]},{"@type":"ImageObject","inLanguage":"en-US","@id":"https:\/\/ranoja.ee\/toode\/universaalvarv-veljevarv-wheel-spray-must-500ml-motip\/#primaryimage","url":"https:\/\/ranoja.ee\/wp-content\/uploads\/2026\/03\/124649482.jpeg","contentUrl":"https:\/\/ranoja.ee\/wp-content\/uploads\/2026\/03\/124649482.jpeg","width":112,"height":350},{"@type":"BreadcrumbList","@id":"https:\/\/ranoja.ee\/toode\/universaalvarv-veljevarv-wheel-spray-must-500ml-motip\/#breadcrumb","itemListElement":[{"@type":"ListItem","position":1,"name":"Home","item":"https:\/\/ranoja.ee\/"},{"@type":"ListItem","position":2,"name":"Shop","item":"https:\/\/ranoja.ee\/en\/shop\/"},{"@type":"ListItem","position":3,"name":"Universaalv\u00e4rv\/veljev\u00e4rv Wheel Spray must 500ml, Motip"}]},{"@type":"WebSite","@id":"https:\/\/ranoja.ee\/#website","url":"https:\/\/ranoja.ee\/","name":"Ranoja","description":"Equipment Shop WooCommerce WordPress Theme for Machine &amp; Tools","publisher":{"@id":"https:\/\/ranoja.ee\/#organization"},"potentialAction":[{"@type":"SearchAction","target":{"@type":"EntryPoint","urlTemplate":"https:\/\/ranoja.ee\/?s={search_term_string}"},"query-input":{"@type":"PropertyValueSpecification","valueRequired":true,"valueName":"search_term_string"}}],"inLanguage":"en-US"},{"@type":"Organization","@id":"https:\/\/ranoja.ee\/#organization","name":"Ranoja O\u00dc","url":"https:\/\/ranoja.ee\/","logo":{"@type":"ImageObject","inLanguage":"en-US","@id":"https:\/\/ranoja.ee\/#\/schema\/logo\/image\/","url":"https:\/\/ranoja.ee\/wp-content\/uploads\/2023\/11\/ranoja-Logo.png","contentUrl":"https:\/\/ranoja.ee\/wp-content\/uploads\/2023\/11\/ranoja-Logo.png","width":207,"height":58,"caption":"Ranoja O\u00dc"},"image":{"@id":"https:\/\/ranoja.ee\/#\/schema\/logo\/image\/"},"sameAs":["https:\/\/www.facebook.com\/ranoja.ee","https:\/\/www.instagram.com\/ranoja__\/"]}]}},"_links":{"self":[{"href":"https:\/\/ranoja.ee\/en\/wp-json\/wp\/v2\/product\/58810","targetHints":{"allow":["GET"]}}],"collection":[{"href":"https:\/\/ranoja.ee\/en\/wp-json\/wp\/v2\/product"}],"about":[{"href":"https:\/\/ranoja.ee\/en\/wp-json\/wp\/v2\/types\/product"}],"wp:featuredmedia":[{"embeddable":true,"href":"https:\/\/ranoja.ee\/en\/wp-json\/wp\/v2\/media\/58811"}],"wp:attachment":[{"href":"https:\/\/ranoja.ee\/en\/wp-json\/wp\/v2\/media?parent=58810"}],"wp:term":[{"taxonomy":"product_cat","embeddable":true,"href":"https:\/\/ranoja.ee\/en\/wp-json\/wp\/v2\/product_cat?post=58810"},{"taxonomy":"product_tag","embeddable":true,"href":"https:\/\/ranoja.ee\/en\/wp-json\/wp\/v2\/product_tag?post=58810"}],"curies":[{"name":"wp","href":"https:\/\/api.w.org\/{rel}","templated":true}]}}