{"id":58802,"date":"2026-03-17T02:03:02","date_gmt":"2026-03-16T23:03:02","guid":{"rendered":"https:\/\/ranoja.ee\/toode\/kompressor-hc06-scheppach\/"},"modified":"2026-03-17T15:42:11","modified_gmt":"2026-03-17T12:42:11","slug":"kompressor-hc06-scheppach","status":"publish","type":"product","link":"https:\/\/ranoja.ee\/en\/toode\/kompressor-hc06-scheppach\/","title":{"rendered":"Kompressor HC06, Scheppach"},"content":{"rendered":"","protected":false},"excerpt":{"rendered":"<p>Scheppach HC06 on v\u00f5imas ja samas mobiilne \u00f5livaba kompressor, millega saab t\u00e4nu kaasasolevatele suru\u00f5hu t\u00f6\u00f6riistadele teostada k\u00f5ik vajalikud t\u00f6\u00f6d. Kompressoril on 6L \u00f5hupaak ja 1200W v\u00f5imsus. Seadme kerge kaal ja ergonoomiline k\u00e4epide muudavad kompressori v\u00e4ga kergesti liigutatavaks ja transporditavaks.<\/p>\n<p>Kerge 9.98 kg <br \/>\nVastupidav, \u00f5li &#8211; ja hooldusvaba pump<br \/>\nSisendmaht 192 L\/min<br \/>\nV\u00f5imas 1200 W<br \/>\nPaagi maht 6 L<br \/>\nT\u00f6\u00f6r\u00f5hk max. 8 bar<br \/>\nLisatarvikud kuuluvad komplekti<br \/>\nErgonoomiline k\u00e4epide<br \/>\nKummist jalad<\/p>\n<p>Spetsifikatsioon:<br \/>\n\u00d5hufiltrite arv: 1 <br \/>\n\u00d5huvool 1 bar juures: 90 l\/min<br \/>\n\u00d5huvool 4 bar juures: 55 l\/min<br \/>\n\u00d5huvool 7 bar juures: 40 l\/min<br \/>\nSisendmaht: 192 l\/min<br \/>\nSagedus: 50 Hz<br \/>\nSeadme k\u00f5rgus: 300 mm<br \/>\nSeadme pikkus: 350 mm<br \/>\nSeadme laius: 355 mm<br \/>\nBrutokaal: 11,3 kg<br \/>\nNetokaal: 9,76 kg<br \/>\nmax. t\u00f6\u00f6r\u00f5hk: 8 Bar<br \/>\nSilindrite arv: 1 <br \/>\nSisendv\u00f5imsus P1: 1200 W<br \/>\nManomeeter: 1 <br \/>\nPinge: 220-240 V<\/p>\n","protected":false},"featured_media":58803,"template":"","meta":{"inline_featured_image":false},"product_cat":[5254,5136],"product_tag":[],"class_list":{"0":"post-58802","1":"product","2":"type-product","3":"status-publish","4":"has-post-thumbnail","6":"product_brand-scheppach","7":"product_cat-kolbkompressorid","8":"product_cat-suruohutooriistad-ja-kompressorid","10":"first","11":"instock","12":"purchasable","13":"product-type-simple"},"yoast_head":"<!-- This site is optimized with the Yoast SEO plugin v27.4 - https:\/\/yoast.com\/product\/yoast-seo-wordpress\/ -->\n<title>Kompressor HC06, Scheppach - Ranoja<\/title>\n<meta name=\"robots\" content=\"index, follow, max-snippet:-1, max-image-preview:large, max-video-preview:-1\" \/>\n<link rel=\"canonical\" href=\"https:\/\/ranoja.ee\/toode\/kompressor-hc06-scheppach\/\" \/>\n<meta property=\"og:locale\" content=\"en_US\" \/>\n<meta property=\"og:type\" content=\"article\" \/>\n<meta property=\"og:title\" content=\"Kompressor HC06, Scheppach - Ranoja\" \/>\n<meta property=\"og:description\" content=\"Scheppach HC06 on v\u00f5imas ja samas mobiilne \u00f5livaba kompressor, millega saab t\u00e4nu kaasasolevatele suru\u00f5hu t\u00f6\u00f6riistadele teostada k\u00f5ik vajalikud t\u00f6\u00f6d. Kompressoril on 6L \u00f5hupaak ja 1200W v\u00f5imsus. Seadme kerge kaal ja ergonoomiline k\u00e4epide muudavad kompressori v\u00e4ga kergesti liigutatavaks ja transporditavaks. Kerge 9.98 kg Vastupidav, \u00f5li - ja hooldusvaba pump Sisendmaht 192 L\/min V\u00f5imas 1200 W Paagi maht 6 L T\u00f6\u00f6r\u00f5hk max. 8 bar Lisatarvikud kuuluvad komplekti Ergonoomiline k\u00e4epide Kummist jalad Spetsifikatsioon: \u00d5hufiltrite arv: 1 \u00d5huvool 1 bar juures: 90 l\/min \u00d5huvool 4 bar juures: 55 l\/min \u00d5huvool 7 bar juures: 40 l\/min Sisendmaht: 192 l\/min Sagedus: 50 Hz Seadme k\u00f5rgus: 300 mm Seadme pikkus: 350 mm Seadme laius: 355 mm Brutokaal: 11,3 kg Netokaal: 9,76 kg max. t\u00f6\u00f6r\u00f5hk: 8 Bar Silindrite arv: 1 Sisendv\u00f5imsus P1: 1200 W Manomeeter: 1 Pinge: 220-240 V\" \/>\n<meta property=\"og:url\" content=\"https:\/\/ranoja.ee\/toode\/kompressor-hc06-scheppach\/\" \/>\n<meta property=\"og:site_name\" content=\"Ranoja\" \/>\n<meta property=\"article:publisher\" content=\"https:\/\/www.facebook.com\/ranoja.ee\" \/>\n<meta property=\"article:modified_time\" content=\"2026-03-17T12:42:11+00:00\" \/>\n<meta property=\"og:image\" content=\"https:\/\/ranoja.ee\/wp-content\/uploads\/2026\/03\/260844882.jpg\" \/>\n\t<meta property=\"og:image:width\" content=\"768\" \/>\n\t<meta property=\"og:image:height\" content=\"768\" \/>\n\t<meta property=\"og:image:type\" content=\"image\/jpeg\" \/>\n<meta name=\"twitter:card\" content=\"summary_large_image\" \/>\n<script type=\"application\/ld+json\" class=\"yoast-schema-graph\">{\"@context\":\"https:\\\/\\\/schema.org\",\"@graph\":[{\"@type\":\"WebPage\",\"@id\":\"https:\\\/\\\/ranoja.ee\\\/toode\\\/kompressor-hc06-scheppach\\\/\",\"url\":\"https:\\\/\\\/ranoja.ee\\\/toode\\\/kompressor-hc06-scheppach\\\/\",\"name\":\"Kompressor HC06, Scheppach - Ranoja\",\"isPartOf\":{\"@id\":\"https:\\\/\\\/ranoja.ee\\\/#website\"},\"primaryImageOfPage\":{\"@id\":\"https:\\\/\\\/ranoja.ee\\\/toode\\\/kompressor-hc06-scheppach\\\/#primaryimage\"},\"image\":{\"@id\":\"https:\\\/\\\/ranoja.ee\\\/toode\\\/kompressor-hc06-scheppach\\\/#primaryimage\"},\"thumbnailUrl\":\"https:\\\/\\\/ranoja.ee\\\/wp-content\\\/uploads\\\/2026\\\/03\\\/260844882.jpg\",\"datePublished\":\"2026-03-16T23:03:02+00:00\",\"dateModified\":\"2026-03-17T12:42:11+00:00\",\"breadcrumb\":{\"@id\":\"https:\\\/\\\/ranoja.ee\\\/toode\\\/kompressor-hc06-scheppach\\\/#breadcrumb\"},\"inLanguage\":\"en-US\",\"potentialAction\":[{\"@type\":\"ReadAction\",\"target\":[\"https:\\\/\\\/ranoja.ee\\\/toode\\\/kompressor-hc06-scheppach\\\/\"]}]},{\"@type\":\"ImageObject\",\"inLanguage\":\"en-US\",\"@id\":\"https:\\\/\\\/ranoja.ee\\\/toode\\\/kompressor-hc06-scheppach\\\/#primaryimage\",\"url\":\"https:\\\/\\\/ranoja.ee\\\/wp-content\\\/uploads\\\/2026\\\/03\\\/260844882.jpg\",\"contentUrl\":\"https:\\\/\\\/ranoja.ee\\\/wp-content\\\/uploads\\\/2026\\\/03\\\/260844882.jpg\",\"width\":768,\"height\":768},{\"@type\":\"BreadcrumbList\",\"@id\":\"https:\\\/\\\/ranoja.ee\\\/toode\\\/kompressor-hc06-scheppach\\\/#breadcrumb\",\"itemListElement\":[{\"@type\":\"ListItem\",\"position\":1,\"name\":\"Home\",\"item\":\"https:\\\/\\\/ranoja.ee\\\/\"},{\"@type\":\"ListItem\",\"position\":2,\"name\":\"Shop\",\"item\":\"https:\\\/\\\/ranoja.ee\\\/en\\\/shop\\\/\"},{\"@type\":\"ListItem\",\"position\":3,\"name\":\"Kompressor HC06, Scheppach\"}]},{\"@type\":\"WebSite\",\"@id\":\"https:\\\/\\\/ranoja.ee\\\/#website\",\"url\":\"https:\\\/\\\/ranoja.ee\\\/\",\"name\":\"Ranoja\",\"description\":\"Equipment Shop WooCommerce WordPress Theme for Machine &amp; Tools\",\"publisher\":{\"@id\":\"https:\\\/\\\/ranoja.ee\\\/#organization\"},\"potentialAction\":[{\"@type\":\"SearchAction\",\"target\":{\"@type\":\"EntryPoint\",\"urlTemplate\":\"https:\\\/\\\/ranoja.ee\\\/?s={search_term_string}\"},\"query-input\":{\"@type\":\"PropertyValueSpecification\",\"valueRequired\":true,\"valueName\":\"search_term_string\"}}],\"inLanguage\":\"en-US\"},{\"@type\":\"Organization\",\"@id\":\"https:\\\/\\\/ranoja.ee\\\/#organization\",\"name\":\"Ranoja O\u00dc\",\"url\":\"https:\\\/\\\/ranoja.ee\\\/\",\"logo\":{\"@type\":\"ImageObject\",\"inLanguage\":\"en-US\",\"@id\":\"https:\\\/\\\/ranoja.ee\\\/#\\\/schema\\\/logo\\\/image\\\/\",\"url\":\"https:\\\/\\\/ranoja.ee\\\/wp-content\\\/uploads\\\/2023\\\/11\\\/ranoja-Logo.png\",\"contentUrl\":\"https:\\\/\\\/ranoja.ee\\\/wp-content\\\/uploads\\\/2023\\\/11\\\/ranoja-Logo.png\",\"width\":207,\"height\":58,\"caption\":\"Ranoja O\u00dc\"},\"image\":{\"@id\":\"https:\\\/\\\/ranoja.ee\\\/#\\\/schema\\\/logo\\\/image\\\/\"},\"sameAs\":[\"https:\\\/\\\/www.facebook.com\\\/ranoja.ee\",\"https:\\\/\\\/www.instagram.com\\\/ranoja__\\\/\"]}]}<\/script>\n<!-- \/ Yoast SEO plugin. -->","yoast_head_json":{"title":"Kompressor HC06, Scheppach - Ranoja","robots":{"index":"index","follow":"follow","max-snippet":"max-snippet:-1","max-image-preview":"max-image-preview:large","max-video-preview":"max-video-preview:-1"},"canonical":"https:\/\/ranoja.ee\/toode\/kompressor-hc06-scheppach\/","og_locale":"en_US","og_type":"article","og_title":"Kompressor HC06, Scheppach - Ranoja","og_description":"Scheppach HC06 on v\u00f5imas ja samas mobiilne \u00f5livaba kompressor, millega saab t\u00e4nu kaasasolevatele suru\u00f5hu t\u00f6\u00f6riistadele teostada k\u00f5ik vajalikud t\u00f6\u00f6d. Kompressoril on 6L \u00f5hupaak ja 1200W v\u00f5imsus. Seadme kerge kaal ja ergonoomiline k\u00e4epide muudavad kompressori v\u00e4ga kergesti liigutatavaks ja transporditavaks. Kerge 9.98 kg Vastupidav, \u00f5li - ja hooldusvaba pump Sisendmaht 192 L\/min V\u00f5imas 1200 W Paagi maht 6 L T\u00f6\u00f6r\u00f5hk max. 8 bar Lisatarvikud kuuluvad komplekti Ergonoomiline k\u00e4epide Kummist jalad Spetsifikatsioon: \u00d5hufiltrite arv: 1 \u00d5huvool 1 bar juures: 90 l\/min \u00d5huvool 4 bar juures: 55 l\/min \u00d5huvool 7 bar juures: 40 l\/min Sisendmaht: 192 l\/min Sagedus: 50 Hz Seadme k\u00f5rgus: 300 mm Seadme pikkus: 350 mm Seadme laius: 355 mm Brutokaal: 11,3 kg Netokaal: 9,76 kg max. t\u00f6\u00f6r\u00f5hk: 8 Bar Silindrite arv: 1 Sisendv\u00f5imsus P1: 1200 W Manomeeter: 1 Pinge: 220-240 V","og_url":"https:\/\/ranoja.ee\/toode\/kompressor-hc06-scheppach\/","og_site_name":"Ranoja","article_publisher":"https:\/\/www.facebook.com\/ranoja.ee","article_modified_time":"2026-03-17T12:42:11+00:00","og_image":[{"width":768,"height":768,"url":"https:\/\/ranoja.ee\/wp-content\/uploads\/2026\/03\/260844882.jpg","type":"image\/jpeg"}],"twitter_card":"summary_large_image","schema":{"@context":"https:\/\/schema.org","@graph":[{"@type":"WebPage","@id":"https:\/\/ranoja.ee\/toode\/kompressor-hc06-scheppach\/","url":"https:\/\/ranoja.ee\/toode\/kompressor-hc06-scheppach\/","name":"Kompressor HC06, Scheppach - Ranoja","isPartOf":{"@id":"https:\/\/ranoja.ee\/#website"},"primaryImageOfPage":{"@id":"https:\/\/ranoja.ee\/toode\/kompressor-hc06-scheppach\/#primaryimage"},"image":{"@id":"https:\/\/ranoja.ee\/toode\/kompressor-hc06-scheppach\/#primaryimage"},"thumbnailUrl":"https:\/\/ranoja.ee\/wp-content\/uploads\/2026\/03\/260844882.jpg","datePublished":"2026-03-16T23:03:02+00:00","dateModified":"2026-03-17T12:42:11+00:00","breadcrumb":{"@id":"https:\/\/ranoja.ee\/toode\/kompressor-hc06-scheppach\/#breadcrumb"},"inLanguage":"en-US","potentialAction":[{"@type":"ReadAction","target":["https:\/\/ranoja.ee\/toode\/kompressor-hc06-scheppach\/"]}]},{"@type":"ImageObject","inLanguage":"en-US","@id":"https:\/\/ranoja.ee\/toode\/kompressor-hc06-scheppach\/#primaryimage","url":"https:\/\/ranoja.ee\/wp-content\/uploads\/2026\/03\/260844882.jpg","contentUrl":"https:\/\/ranoja.ee\/wp-content\/uploads\/2026\/03\/260844882.jpg","width":768,"height":768},{"@type":"BreadcrumbList","@id":"https:\/\/ranoja.ee\/toode\/kompressor-hc06-scheppach\/#breadcrumb","itemListElement":[{"@type":"ListItem","position":1,"name":"Home","item":"https:\/\/ranoja.ee\/"},{"@type":"ListItem","position":2,"name":"Shop","item":"https:\/\/ranoja.ee\/en\/shop\/"},{"@type":"ListItem","position":3,"name":"Kompressor HC06, Scheppach"}]},{"@type":"WebSite","@id":"https:\/\/ranoja.ee\/#website","url":"https:\/\/ranoja.ee\/","name":"Ranoja","description":"Equipment Shop WooCommerce WordPress Theme for Machine &amp; Tools","publisher":{"@id":"https:\/\/ranoja.ee\/#organization"},"potentialAction":[{"@type":"SearchAction","target":{"@type":"EntryPoint","urlTemplate":"https:\/\/ranoja.ee\/?s={search_term_string}"},"query-input":{"@type":"PropertyValueSpecification","valueRequired":true,"valueName":"search_term_string"}}],"inLanguage":"en-US"},{"@type":"Organization","@id":"https:\/\/ranoja.ee\/#organization","name":"Ranoja O\u00dc","url":"https:\/\/ranoja.ee\/","logo":{"@type":"ImageObject","inLanguage":"en-US","@id":"https:\/\/ranoja.ee\/#\/schema\/logo\/image\/","url":"https:\/\/ranoja.ee\/wp-content\/uploads\/2023\/11\/ranoja-Logo.png","contentUrl":"https:\/\/ranoja.ee\/wp-content\/uploads\/2023\/11\/ranoja-Logo.png","width":207,"height":58,"caption":"Ranoja O\u00dc"},"image":{"@id":"https:\/\/ranoja.ee\/#\/schema\/logo\/image\/"},"sameAs":["https:\/\/www.facebook.com\/ranoja.ee","https:\/\/www.instagram.com\/ranoja__\/"]}]}},"_links":{"self":[{"href":"https:\/\/ranoja.ee\/en\/wp-json\/wp\/v2\/product\/58802","targetHints":{"allow":["GET"]}}],"collection":[{"href":"https:\/\/ranoja.ee\/en\/wp-json\/wp\/v2\/product"}],"about":[{"href":"https:\/\/ranoja.ee\/en\/wp-json\/wp\/v2\/types\/product"}],"wp:featuredmedia":[{"embeddable":true,"href":"https:\/\/ranoja.ee\/en\/wp-json\/wp\/v2\/media\/58803"}],"wp:attachment":[{"href":"https:\/\/ranoja.ee\/en\/wp-json\/wp\/v2\/media?parent=58802"}],"wp:term":[{"taxonomy":"product_cat","embeddable":true,"href":"https:\/\/ranoja.ee\/en\/wp-json\/wp\/v2\/product_cat?post=58802"},{"taxonomy":"product_tag","embeddable":true,"href":"https:\/\/ranoja.ee\/en\/wp-json\/wp\/v2\/product_tag?post=58802"}],"curies":[{"name":"wp","href":"https:\/\/api.w.org\/{rel}","templated":true}]}}