{"id":58796,"date":"2026-03-17T02:03:02","date_gmt":"2026-03-16T23:03:02","guid":{"rendered":"https:\/\/ranoja.ee\/toode\/akuga-murutrimmer-c-lt300-x-karkass-scheppach\/"},"modified":"2026-03-17T15:42:11","modified_gmt":"2026-03-17T12:42:11","slug":"akuga-murutrimmer-c-lt300-x-karkass-scheppach","status":"publish","type":"product","link":"https:\/\/ranoja.ee\/en\/toode\/akuga-murutrimmer-c-lt300-x-karkass-scheppach\/","title":{"rendered":"Akuga murutrimmer C-LT300-X, karkass, Scheppach"},"content":{"rendered":"","protected":false},"excerpt":{"rendered":"<p>Harjadega mootor<br \/>\nAku pinge 20 V<br \/>\nNiidukaar 300 mm<br \/>\nTamiili pikkus 3 m<br \/>\nVars seadistatav kuni 270 mm ulatuses<br \/>\nL\u00f5ikepea seadistatav 0\u00b0 &#8211; 90\u00b0<br \/>\nL\u00f5ikepea P\u00f6\u00f6ratav<br \/>\nKaal neto \/ bruto 2,2 \/ 3 kg<\/p>\n<p>\u2022 V\u00f5imekas akutrimmer v\u00e4iksemasse aeda trimmimiseks v\u00f5i muruplatsi servamiseks<br \/>\n\u2022 Praktiline 2-in-1 funktsioon: muru trimmerdamine ja servade l\u00f5ikamine<br \/>\n\u2022 T\u00e4isautomaatse etteandega trimmipea<br \/>\n\u2022 L\u00f5ikepead saab p\u00f6\u00f6rata ja reguleerida 90\u00b0 \u2013 ideaalne vertikaalsete alade jaoks ja muru servamiseks<br \/>\n\u2022 Teleskoopvart saab pikendada 270 mm v\u00f5rra tagamaks ergonoomilise t\u00f6\u00f6asendi<br \/>\n\u2022 Lihtne tamiilipooli vahetamine ilma t\u00f6\u00f6riistu kasutamata<br \/>\n\u2022 Libisemiskindel pehme k\u00e4epide koos turval\u00fclitiga<br \/>\n\u2022 1,6 mm m\u00f5\u00f5duga tamiil tagab 300 mm niidukaare<br \/>\n\u2022 Tugiratas tagab muruserva puhta l\u00f5ikamise<br \/>\n\u2022 Reguleeritava asendiga k\u00e4epide<br \/>\n\u2022 Kokkuk\u00e4iv taimekaitseklamber kaitseb lilli, taimi ja muud tundlikku esemeid kahjustuste eest<br \/>\n\u2022 Aku ja laadija saadaval eraldi<br \/>\n\u2022 Sisaldab 2x tamiilipooli (1x eelmonteeritud)<\/p>\n<p>Sobivad akud ja laadijad: <br \/>\n7909201720&#038;SCHEP Komplekt SBSK2.0 Starterkit 1: 2,0 Ah  aku + 2,4 A laadija<br \/>\n7909201721&#038;SCHEP Komplekt SBSK4.0 Starterkit 2: 4,0Ah aku + 2,4 A laadija<br \/>\n7909201708&#038;SCHEP Aku SBP2.0,  20 V \/ 2,0 Ah, Li-ioon<br \/>\n7909201709&#038;SCHEP Aku SBP4.0, 20 V \/ 4,0 Ah, Li-ioon<br \/>\n7909201711&#038;SCHEP Kiirlaadija SBC4.5A<\/p>\n<p>Scheppachi elektrilised k\u00e4sit\u00f6\u00f6riistad on m\u00f5eldud n\u00f5udlikule hobikasutajale<\/p>\n<p>Pildid on illustreeriva t\u00e4hendusega.<\/p>\n","protected":false},"featured_media":58797,"template":"","meta":{"inline_featured_image":false},"product_cat":[5085,1094,1103,5109],"product_tag":[],"class_list":{"0":"post-58796","1":"product","2":"type-product","3":"status-publish","4":"has-post-thumbnail","6":"product_brand-scheppach","7":"product_cat-aiatehnika-ja-tooriistad","8":"product_cat-akutooriistad","9":"product_cat-akutrimmerid","10":"product_cat-murutrimmerid-ja-tarvikud","12":"first","13":"instock","14":"purchasable","15":"product-type-simple"},"yoast_head":"<!-- This site is optimized with the Yoast SEO plugin v27.4 - https:\/\/yoast.com\/product\/yoast-seo-wordpress\/ -->\n<title>Akuga murutrimmer C-LT300-X, karkass, Scheppach - Ranoja<\/title>\n<meta name=\"robots\" content=\"index, follow, max-snippet:-1, max-image-preview:large, max-video-preview:-1\" \/>\n<link rel=\"canonical\" href=\"https:\/\/ranoja.ee\/toode\/akuga-murutrimmer-c-lt300-x-karkass-scheppach\/\" \/>\n<meta property=\"og:locale\" content=\"en_US\" \/>\n<meta property=\"og:type\" content=\"article\" \/>\n<meta property=\"og:title\" content=\"Akuga murutrimmer C-LT300-X, karkass, Scheppach - Ranoja\" \/>\n<meta property=\"og:description\" content=\"Harjadega mootor Aku pinge 20 V Niidukaar 300 mm Tamiili pikkus 3 m Vars seadistatav kuni 270 mm ulatuses L\u00f5ikepea seadistatav 0\u00b0 - 90\u00b0 L\u00f5ikepea P\u00f6\u00f6ratav Kaal neto \/ bruto 2,2 \/ 3 kg \u2022 V\u00f5imekas akutrimmer v\u00e4iksemasse aeda trimmimiseks v\u00f5i muruplatsi servamiseks \u2022 Praktiline 2-in-1 funktsioon: muru trimmerdamine ja servade l\u00f5ikamine \u2022 T\u00e4isautomaatse etteandega trimmipea \u2022 L\u00f5ikepead saab p\u00f6\u00f6rata ja reguleerida 90\u00b0 \u2013 ideaalne vertikaalsete alade jaoks ja muru servamiseks \u2022 Teleskoopvart saab pikendada 270 mm v\u00f5rra tagamaks ergonoomilise t\u00f6\u00f6asendi \u2022 Lihtne tamiilipooli vahetamine ilma t\u00f6\u00f6riistu kasutamata \u2022 Libisemiskindel pehme k\u00e4epide koos turval\u00fclitiga \u2022 1,6 mm m\u00f5\u00f5duga tamiil tagab 300 mm niidukaare \u2022 Tugiratas tagab muruserva puhta l\u00f5ikamise \u2022 Reguleeritava asendiga k\u00e4epide \u2022 Kokkuk\u00e4iv taimekaitseklamber kaitseb lilli, taimi ja muud tundlikku esemeid kahjustuste eest \u2022 Aku ja laadija saadaval eraldi \u2022 Sisaldab 2x tamiilipooli (1x eelmonteeritud) Sobivad akud ja laadijad: 7909201720&amp;SCHEP Komplekt SBSK2.0 Starterkit 1: 2,0 Ah aku + 2,4 A laadija 7909201721&amp;SCHEP Komplekt SBSK4.0 Starterkit 2: 4,0Ah aku + 2,4 A laadija 7909201708&amp;SCHEP Aku SBP2.0, 20 V \/ 2,0 Ah, Li-ioon 7909201709&amp;SCHEP Aku SBP4.0, 20 V \/ 4,0 Ah, Li-ioon 7909201711&amp;SCHEP Kiirlaadija SBC4.5A Scheppachi elektrilised k\u00e4sit\u00f6\u00f6riistad on m\u00f5eldud n\u00f5udlikule hobikasutajale Pildid on illustreeriva t\u00e4hendusega.\" \/>\n<meta property=\"og:url\" content=\"https:\/\/ranoja.ee\/toode\/akuga-murutrimmer-c-lt300-x-karkass-scheppach\/\" \/>\n<meta property=\"og:site_name\" content=\"Ranoja\" \/>\n<meta property=\"article:publisher\" content=\"https:\/\/www.facebook.com\/ranoja.ee\" \/>\n<meta property=\"article:modified_time\" content=\"2026-03-17T12:42:11+00:00\" \/>\n<meta property=\"og:image\" content=\"https:\/\/ranoja.ee\/wp-content\/uploads\/2026\/03\/261286400.jpg\" \/>\n\t<meta property=\"og:image:width\" content=\"587\" \/>\n\t<meta property=\"og:image:height\" content=\"768\" \/>\n\t<meta property=\"og:image:type\" content=\"image\/jpeg\" \/>\n<meta name=\"twitter:card\" content=\"summary_large_image\" \/>\n<script type=\"application\/ld+json\" class=\"yoast-schema-graph\">{\"@context\":\"https:\\\/\\\/schema.org\",\"@graph\":[{\"@type\":\"WebPage\",\"@id\":\"https:\\\/\\\/ranoja.ee\\\/toode\\\/akuga-murutrimmer-c-lt300-x-karkass-scheppach\\\/\",\"url\":\"https:\\\/\\\/ranoja.ee\\\/toode\\\/akuga-murutrimmer-c-lt300-x-karkass-scheppach\\\/\",\"name\":\"Akuga murutrimmer C-LT300-X, karkass, Scheppach - Ranoja\",\"isPartOf\":{\"@id\":\"https:\\\/\\\/ranoja.ee\\\/#website\"},\"primaryImageOfPage\":{\"@id\":\"https:\\\/\\\/ranoja.ee\\\/toode\\\/akuga-murutrimmer-c-lt300-x-karkass-scheppach\\\/#primaryimage\"},\"image\":{\"@id\":\"https:\\\/\\\/ranoja.ee\\\/toode\\\/akuga-murutrimmer-c-lt300-x-karkass-scheppach\\\/#primaryimage\"},\"thumbnailUrl\":\"https:\\\/\\\/ranoja.ee\\\/wp-content\\\/uploads\\\/2026\\\/03\\\/261286400.jpg\",\"datePublished\":\"2026-03-16T23:03:02+00:00\",\"dateModified\":\"2026-03-17T12:42:11+00:00\",\"breadcrumb\":{\"@id\":\"https:\\\/\\\/ranoja.ee\\\/toode\\\/akuga-murutrimmer-c-lt300-x-karkass-scheppach\\\/#breadcrumb\"},\"inLanguage\":\"en-US\",\"potentialAction\":[{\"@type\":\"ReadAction\",\"target\":[\"https:\\\/\\\/ranoja.ee\\\/toode\\\/akuga-murutrimmer-c-lt300-x-karkass-scheppach\\\/\"]}]},{\"@type\":\"ImageObject\",\"inLanguage\":\"en-US\",\"@id\":\"https:\\\/\\\/ranoja.ee\\\/toode\\\/akuga-murutrimmer-c-lt300-x-karkass-scheppach\\\/#primaryimage\",\"url\":\"https:\\\/\\\/ranoja.ee\\\/wp-content\\\/uploads\\\/2026\\\/03\\\/261286400.jpg\",\"contentUrl\":\"https:\\\/\\\/ranoja.ee\\\/wp-content\\\/uploads\\\/2026\\\/03\\\/261286400.jpg\",\"width\":587,\"height\":768},{\"@type\":\"BreadcrumbList\",\"@id\":\"https:\\\/\\\/ranoja.ee\\\/toode\\\/akuga-murutrimmer-c-lt300-x-karkass-scheppach\\\/#breadcrumb\",\"itemListElement\":[{\"@type\":\"ListItem\",\"position\":1,\"name\":\"Home\",\"item\":\"https:\\\/\\\/ranoja.ee\\\/\"},{\"@type\":\"ListItem\",\"position\":2,\"name\":\"Shop\",\"item\":\"https:\\\/\\\/ranoja.ee\\\/en\\\/shop\\\/\"},{\"@type\":\"ListItem\",\"position\":3,\"name\":\"Akuga murutrimmer C-LT300-X, karkass, Scheppach\"}]},{\"@type\":\"WebSite\",\"@id\":\"https:\\\/\\\/ranoja.ee\\\/#website\",\"url\":\"https:\\\/\\\/ranoja.ee\\\/\",\"name\":\"Ranoja\",\"description\":\"Equipment Shop WooCommerce WordPress Theme for Machine &amp; Tools\",\"publisher\":{\"@id\":\"https:\\\/\\\/ranoja.ee\\\/#organization\"},\"potentialAction\":[{\"@type\":\"SearchAction\",\"target\":{\"@type\":\"EntryPoint\",\"urlTemplate\":\"https:\\\/\\\/ranoja.ee\\\/?s={search_term_string}\"},\"query-input\":{\"@type\":\"PropertyValueSpecification\",\"valueRequired\":true,\"valueName\":\"search_term_string\"}}],\"inLanguage\":\"en-US\"},{\"@type\":\"Organization\",\"@id\":\"https:\\\/\\\/ranoja.ee\\\/#organization\",\"name\":\"Ranoja O\u00dc\",\"url\":\"https:\\\/\\\/ranoja.ee\\\/\",\"logo\":{\"@type\":\"ImageObject\",\"inLanguage\":\"en-US\",\"@id\":\"https:\\\/\\\/ranoja.ee\\\/#\\\/schema\\\/logo\\\/image\\\/\",\"url\":\"https:\\\/\\\/ranoja.ee\\\/wp-content\\\/uploads\\\/2023\\\/11\\\/ranoja-Logo.png\",\"contentUrl\":\"https:\\\/\\\/ranoja.ee\\\/wp-content\\\/uploads\\\/2023\\\/11\\\/ranoja-Logo.png\",\"width\":207,\"height\":58,\"caption\":\"Ranoja O\u00dc\"},\"image\":{\"@id\":\"https:\\\/\\\/ranoja.ee\\\/#\\\/schema\\\/logo\\\/image\\\/\"},\"sameAs\":[\"https:\\\/\\\/www.facebook.com\\\/ranoja.ee\",\"https:\\\/\\\/www.instagram.com\\\/ranoja__\\\/\"]}]}<\/script>\n<!-- \/ Yoast SEO plugin. -->","yoast_head_json":{"title":"Akuga murutrimmer C-LT300-X, karkass, Scheppach - Ranoja","robots":{"index":"index","follow":"follow","max-snippet":"max-snippet:-1","max-image-preview":"max-image-preview:large","max-video-preview":"max-video-preview:-1"},"canonical":"https:\/\/ranoja.ee\/toode\/akuga-murutrimmer-c-lt300-x-karkass-scheppach\/","og_locale":"en_US","og_type":"article","og_title":"Akuga murutrimmer C-LT300-X, karkass, Scheppach - Ranoja","og_description":"Harjadega mootor Aku pinge 20 V Niidukaar 300 mm Tamiili pikkus 3 m Vars seadistatav kuni 270 mm ulatuses L\u00f5ikepea seadistatav 0\u00b0 - 90\u00b0 L\u00f5ikepea P\u00f6\u00f6ratav Kaal neto \/ bruto 2,2 \/ 3 kg \u2022 V\u00f5imekas akutrimmer v\u00e4iksemasse aeda trimmimiseks v\u00f5i muruplatsi servamiseks \u2022 Praktiline 2-in-1 funktsioon: muru trimmerdamine ja servade l\u00f5ikamine \u2022 T\u00e4isautomaatse etteandega trimmipea \u2022 L\u00f5ikepead saab p\u00f6\u00f6rata ja reguleerida 90\u00b0 \u2013 ideaalne vertikaalsete alade jaoks ja muru servamiseks \u2022 Teleskoopvart saab pikendada 270 mm v\u00f5rra tagamaks ergonoomilise t\u00f6\u00f6asendi \u2022 Lihtne tamiilipooli vahetamine ilma t\u00f6\u00f6riistu kasutamata \u2022 Libisemiskindel pehme k\u00e4epide koos turval\u00fclitiga \u2022 1,6 mm m\u00f5\u00f5duga tamiil tagab 300 mm niidukaare \u2022 Tugiratas tagab muruserva puhta l\u00f5ikamise \u2022 Reguleeritava asendiga k\u00e4epide \u2022 Kokkuk\u00e4iv taimekaitseklamber kaitseb lilli, taimi ja muud tundlikku esemeid kahjustuste eest \u2022 Aku ja laadija saadaval eraldi \u2022 Sisaldab 2x tamiilipooli (1x eelmonteeritud) Sobivad akud ja laadijad: 7909201720&SCHEP Komplekt SBSK2.0 Starterkit 1: 2,0 Ah aku + 2,4 A laadija 7909201721&SCHEP Komplekt SBSK4.0 Starterkit 2: 4,0Ah aku + 2,4 A laadija 7909201708&SCHEP Aku SBP2.0, 20 V \/ 2,0 Ah, Li-ioon 7909201709&SCHEP Aku SBP4.0, 20 V \/ 4,0 Ah, Li-ioon 7909201711&SCHEP Kiirlaadija SBC4.5A Scheppachi elektrilised k\u00e4sit\u00f6\u00f6riistad on m\u00f5eldud n\u00f5udlikule hobikasutajale Pildid on illustreeriva t\u00e4hendusega.","og_url":"https:\/\/ranoja.ee\/toode\/akuga-murutrimmer-c-lt300-x-karkass-scheppach\/","og_site_name":"Ranoja","article_publisher":"https:\/\/www.facebook.com\/ranoja.ee","article_modified_time":"2026-03-17T12:42:11+00:00","og_image":[{"width":587,"height":768,"url":"https:\/\/ranoja.ee\/wp-content\/uploads\/2026\/03\/261286400.jpg","type":"image\/jpeg"}],"twitter_card":"summary_large_image","schema":{"@context":"https:\/\/schema.org","@graph":[{"@type":"WebPage","@id":"https:\/\/ranoja.ee\/toode\/akuga-murutrimmer-c-lt300-x-karkass-scheppach\/","url":"https:\/\/ranoja.ee\/toode\/akuga-murutrimmer-c-lt300-x-karkass-scheppach\/","name":"Akuga murutrimmer C-LT300-X, karkass, Scheppach - Ranoja","isPartOf":{"@id":"https:\/\/ranoja.ee\/#website"},"primaryImageOfPage":{"@id":"https:\/\/ranoja.ee\/toode\/akuga-murutrimmer-c-lt300-x-karkass-scheppach\/#primaryimage"},"image":{"@id":"https:\/\/ranoja.ee\/toode\/akuga-murutrimmer-c-lt300-x-karkass-scheppach\/#primaryimage"},"thumbnailUrl":"https:\/\/ranoja.ee\/wp-content\/uploads\/2026\/03\/261286400.jpg","datePublished":"2026-03-16T23:03:02+00:00","dateModified":"2026-03-17T12:42:11+00:00","breadcrumb":{"@id":"https:\/\/ranoja.ee\/toode\/akuga-murutrimmer-c-lt300-x-karkass-scheppach\/#breadcrumb"},"inLanguage":"en-US","potentialAction":[{"@type":"ReadAction","target":["https:\/\/ranoja.ee\/toode\/akuga-murutrimmer-c-lt300-x-karkass-scheppach\/"]}]},{"@type":"ImageObject","inLanguage":"en-US","@id":"https:\/\/ranoja.ee\/toode\/akuga-murutrimmer-c-lt300-x-karkass-scheppach\/#primaryimage","url":"https:\/\/ranoja.ee\/wp-content\/uploads\/2026\/03\/261286400.jpg","contentUrl":"https:\/\/ranoja.ee\/wp-content\/uploads\/2026\/03\/261286400.jpg","width":587,"height":768},{"@type":"BreadcrumbList","@id":"https:\/\/ranoja.ee\/toode\/akuga-murutrimmer-c-lt300-x-karkass-scheppach\/#breadcrumb","itemListElement":[{"@type":"ListItem","position":1,"name":"Home","item":"https:\/\/ranoja.ee\/"},{"@type":"ListItem","position":2,"name":"Shop","item":"https:\/\/ranoja.ee\/en\/shop\/"},{"@type":"ListItem","position":3,"name":"Akuga murutrimmer C-LT300-X, karkass, Scheppach"}]},{"@type":"WebSite","@id":"https:\/\/ranoja.ee\/#website","url":"https:\/\/ranoja.ee\/","name":"Ranoja","description":"Equipment Shop WooCommerce WordPress Theme for Machine &amp; Tools","publisher":{"@id":"https:\/\/ranoja.ee\/#organization"},"potentialAction":[{"@type":"SearchAction","target":{"@type":"EntryPoint","urlTemplate":"https:\/\/ranoja.ee\/?s={search_term_string}"},"query-input":{"@type":"PropertyValueSpecification","valueRequired":true,"valueName":"search_term_string"}}],"inLanguage":"en-US"},{"@type":"Organization","@id":"https:\/\/ranoja.ee\/#organization","name":"Ranoja O\u00dc","url":"https:\/\/ranoja.ee\/","logo":{"@type":"ImageObject","inLanguage":"en-US","@id":"https:\/\/ranoja.ee\/#\/schema\/logo\/image\/","url":"https:\/\/ranoja.ee\/wp-content\/uploads\/2023\/11\/ranoja-Logo.png","contentUrl":"https:\/\/ranoja.ee\/wp-content\/uploads\/2023\/11\/ranoja-Logo.png","width":207,"height":58,"caption":"Ranoja O\u00dc"},"image":{"@id":"https:\/\/ranoja.ee\/#\/schema\/logo\/image\/"},"sameAs":["https:\/\/www.facebook.com\/ranoja.ee","https:\/\/www.instagram.com\/ranoja__\/"]}]}},"_links":{"self":[{"href":"https:\/\/ranoja.ee\/en\/wp-json\/wp\/v2\/product\/58796","targetHints":{"allow":["GET"]}}],"collection":[{"href":"https:\/\/ranoja.ee\/en\/wp-json\/wp\/v2\/product"}],"about":[{"href":"https:\/\/ranoja.ee\/en\/wp-json\/wp\/v2\/types\/product"}],"wp:featuredmedia":[{"embeddable":true,"href":"https:\/\/ranoja.ee\/en\/wp-json\/wp\/v2\/media\/58797"}],"wp:attachment":[{"href":"https:\/\/ranoja.ee\/en\/wp-json\/wp\/v2\/media?parent=58796"}],"wp:term":[{"taxonomy":"product_cat","embeddable":true,"href":"https:\/\/ranoja.ee\/en\/wp-json\/wp\/v2\/product_cat?post=58796"},{"taxonomy":"product_tag","embeddable":true,"href":"https:\/\/ranoja.ee\/en\/wp-json\/wp\/v2\/product_tag?post=58796"}],"curies":[{"name":"wp","href":"https:\/\/api.w.org\/{rel}","templated":true}]}}