{"id":58783,"date":"2026-03-17T02:03:02","date_gmt":"2026-03-16T23:03:02","guid":{"rendered":"https:\/\/ranoja.ee\/toode\/vesilood-magnetiga-tuup-81-sv-rem-w360-stabila\/"},"modified":"2026-03-17T15:42:11","modified_gmt":"2026-03-17T12:42:11","slug":"vesilood-magnetiga-tuup-81-sv-rem-w360-stabila","status":"publish","type":"product","link":"https:\/\/ranoja.ee\/en\/toode\/vesilood-magnetiga-tuup-81-sv-rem-w360-stabila\/","title":{"rendered":"Vesilood magnetiga t\u00fc\u00fcp 81 SV REM W360, Stabila"},"content":{"rendered":"","protected":false},"excerpt":{"rendered":"<p>Freesitud m\u00f5\u00f5tepind koos<br \/>\nV soone ja haruldastest<br \/>\nmuldmetallidest magnetitega.<br \/>\nEriti tugev nakkumine torude<br \/>\nja muude terasdetailidega.<br \/>\nKuuer\u00f5ngaline libell 1- ja 2%-<br \/>\nliste kallete seadmiseks.<br \/>\n360 kraadi ulatuses p\u00f6\u00f6ratav skaalaga varustatud nurkampull<br \/>\nkaldtugede ja torustike<br \/>\nkontrollimiseks ning nurga \u00fclekandmiseks. Eriti tugev<br \/>\nsurvevalualumiiniumist profiil<br \/>\nkannatab suuri koormusi.<br \/>\nSellist vesiloodi on oodanud<br \/>\npaljud lukksepad,<br \/>\nteraskonstruktsioonide<br \/>\nmont\u00f6\u00f6rid, torustike<br \/>\npaigaldajad, tellinguteehitajad<br \/>\nja santehnikud.<\/p>\n<p>\n3-libelli, t\u00e4psus normaalasendis 0,5mm\/m, \u00fclepea asendis 0,75mm\/m<br \/>\n360 kraadi p\u00f6\u00f6ratav libell, magnetiga<br \/>\npikkus 25 cm<\/p>\n","protected":false},"featured_media":58784,"template":"","meta":{"inline_featured_image":false},"product_cat":[5129,5099,5130],"product_tag":[],"class_list":{"0":"post-58783","1":"product","2":"type-product","3":"status-publish","4":"has-post-thumbnail","6":"product_brand-stabila","7":"product_cat-loodid","8":"product_cat-marke-ja-mooteriistad","9":"product_cat-vesiloodid","11":"first","12":"instock","13":"purchasable","14":"product-type-simple"},"yoast_head":"<!-- This site is optimized with the Yoast SEO plugin v27.4 - https:\/\/yoast.com\/product\/yoast-seo-wordpress\/ -->\n<title>Vesilood magnetiga t\u00fc\u00fcp 81 SV REM W360, Stabila - Ranoja<\/title>\n<meta name=\"robots\" content=\"index, follow, max-snippet:-1, max-image-preview:large, max-video-preview:-1\" \/>\n<link rel=\"canonical\" href=\"https:\/\/ranoja.ee\/toode\/vesilood-magnetiga-tuup-81-sv-rem-w360-stabila\/\" \/>\n<meta property=\"og:locale\" content=\"en_US\" \/>\n<meta property=\"og:type\" content=\"article\" \/>\n<meta property=\"og:title\" content=\"Vesilood magnetiga t\u00fc\u00fcp 81 SV REM W360, Stabila - Ranoja\" \/>\n<meta property=\"og:description\" content=\"Freesitud m\u00f5\u00f5tepind koos V soone ja haruldastest muldmetallidest magnetitega. Eriti tugev nakkumine torude ja muude terasdetailidega. Kuuer\u00f5ngaline libell 1- ja 2%- liste kallete seadmiseks. 360 kraadi ulatuses p\u00f6\u00f6ratav skaalaga varustatud nurkampull kaldtugede ja torustike kontrollimiseks ning nurga \u00fclekandmiseks. Eriti tugev survevalualumiiniumist profiil kannatab suuri koormusi. Sellist vesiloodi on oodanud paljud lukksepad, teraskonstruktsioonide mont\u00f6\u00f6rid, torustike paigaldajad, tellinguteehitajad ja santehnikud.  3-libelli, t\u00e4psus normaalasendis 0,5mm\/m, \u00fclepea asendis 0,75mm\/m 360 kraadi p\u00f6\u00f6ratav libell, magnetiga pikkus 25 cm\" \/>\n<meta property=\"og:url\" content=\"https:\/\/ranoja.ee\/toode\/vesilood-magnetiga-tuup-81-sv-rem-w360-stabila\/\" \/>\n<meta property=\"og:site_name\" content=\"Ranoja\" \/>\n<meta property=\"article:publisher\" content=\"https:\/\/www.facebook.com\/ranoja.ee\" \/>\n<meta property=\"article:modified_time\" content=\"2026-03-17T12:42:11+00:00\" \/>\n<meta property=\"og:image\" content=\"https:\/\/ranoja.ee\/wp-content\/uploads\/2026\/03\/94455620.jpg\" \/>\n\t<meta property=\"og:image:width\" content=\"900\" \/>\n\t<meta property=\"og:image:height\" content=\"352\" \/>\n\t<meta property=\"og:image:type\" content=\"image\/jpeg\" \/>\n<meta name=\"twitter:card\" content=\"summary_large_image\" \/>\n<script type=\"application\/ld+json\" class=\"yoast-schema-graph\">{\"@context\":\"https:\\\/\\\/schema.org\",\"@graph\":[{\"@type\":\"WebPage\",\"@id\":\"https:\\\/\\\/ranoja.ee\\\/toode\\\/vesilood-magnetiga-tuup-81-sv-rem-w360-stabila\\\/\",\"url\":\"https:\\\/\\\/ranoja.ee\\\/toode\\\/vesilood-magnetiga-tuup-81-sv-rem-w360-stabila\\\/\",\"name\":\"Vesilood magnetiga t\u00fc\u00fcp 81 SV REM W360, Stabila - Ranoja\",\"isPartOf\":{\"@id\":\"https:\\\/\\\/ranoja.ee\\\/#website\"},\"primaryImageOfPage\":{\"@id\":\"https:\\\/\\\/ranoja.ee\\\/toode\\\/vesilood-magnetiga-tuup-81-sv-rem-w360-stabila\\\/#primaryimage\"},\"image\":{\"@id\":\"https:\\\/\\\/ranoja.ee\\\/toode\\\/vesilood-magnetiga-tuup-81-sv-rem-w360-stabila\\\/#primaryimage\"},\"thumbnailUrl\":\"https:\\\/\\\/ranoja.ee\\\/wp-content\\\/uploads\\\/2026\\\/03\\\/94455620.jpg\",\"datePublished\":\"2026-03-16T23:03:02+00:00\",\"dateModified\":\"2026-03-17T12:42:11+00:00\",\"breadcrumb\":{\"@id\":\"https:\\\/\\\/ranoja.ee\\\/toode\\\/vesilood-magnetiga-tuup-81-sv-rem-w360-stabila\\\/#breadcrumb\"},\"inLanguage\":\"en-US\",\"potentialAction\":[{\"@type\":\"ReadAction\",\"target\":[\"https:\\\/\\\/ranoja.ee\\\/toode\\\/vesilood-magnetiga-tuup-81-sv-rem-w360-stabila\\\/\"]}]},{\"@type\":\"ImageObject\",\"inLanguage\":\"en-US\",\"@id\":\"https:\\\/\\\/ranoja.ee\\\/toode\\\/vesilood-magnetiga-tuup-81-sv-rem-w360-stabila\\\/#primaryimage\",\"url\":\"https:\\\/\\\/ranoja.ee\\\/wp-content\\\/uploads\\\/2026\\\/03\\\/94455620.jpg\",\"contentUrl\":\"https:\\\/\\\/ranoja.ee\\\/wp-content\\\/uploads\\\/2026\\\/03\\\/94455620.jpg\",\"width\":900,\"height\":352},{\"@type\":\"BreadcrumbList\",\"@id\":\"https:\\\/\\\/ranoja.ee\\\/toode\\\/vesilood-magnetiga-tuup-81-sv-rem-w360-stabila\\\/#breadcrumb\",\"itemListElement\":[{\"@type\":\"ListItem\",\"position\":1,\"name\":\"Home\",\"item\":\"https:\\\/\\\/ranoja.ee\\\/\"},{\"@type\":\"ListItem\",\"position\":2,\"name\":\"Shop\",\"item\":\"https:\\\/\\\/ranoja.ee\\\/en\\\/shop\\\/\"},{\"@type\":\"ListItem\",\"position\":3,\"name\":\"Vesilood magnetiga t\u00fc\u00fcp 81 SV REM W360, Stabila\"}]},{\"@type\":\"WebSite\",\"@id\":\"https:\\\/\\\/ranoja.ee\\\/#website\",\"url\":\"https:\\\/\\\/ranoja.ee\\\/\",\"name\":\"Ranoja\",\"description\":\"Equipment Shop WooCommerce WordPress Theme for Machine &amp; Tools\",\"publisher\":{\"@id\":\"https:\\\/\\\/ranoja.ee\\\/#organization\"},\"potentialAction\":[{\"@type\":\"SearchAction\",\"target\":{\"@type\":\"EntryPoint\",\"urlTemplate\":\"https:\\\/\\\/ranoja.ee\\\/?s={search_term_string}\"},\"query-input\":{\"@type\":\"PropertyValueSpecification\",\"valueRequired\":true,\"valueName\":\"search_term_string\"}}],\"inLanguage\":\"en-US\"},{\"@type\":\"Organization\",\"@id\":\"https:\\\/\\\/ranoja.ee\\\/#organization\",\"name\":\"Ranoja O\u00dc\",\"url\":\"https:\\\/\\\/ranoja.ee\\\/\",\"logo\":{\"@type\":\"ImageObject\",\"inLanguage\":\"en-US\",\"@id\":\"https:\\\/\\\/ranoja.ee\\\/#\\\/schema\\\/logo\\\/image\\\/\",\"url\":\"https:\\\/\\\/ranoja.ee\\\/wp-content\\\/uploads\\\/2023\\\/11\\\/ranoja-Logo.png\",\"contentUrl\":\"https:\\\/\\\/ranoja.ee\\\/wp-content\\\/uploads\\\/2023\\\/11\\\/ranoja-Logo.png\",\"width\":207,\"height\":58,\"caption\":\"Ranoja O\u00dc\"},\"image\":{\"@id\":\"https:\\\/\\\/ranoja.ee\\\/#\\\/schema\\\/logo\\\/image\\\/\"},\"sameAs\":[\"https:\\\/\\\/www.facebook.com\\\/ranoja.ee\",\"https:\\\/\\\/www.instagram.com\\\/ranoja__\\\/\"]}]}<\/script>\n<!-- \/ Yoast SEO plugin. -->","yoast_head_json":{"title":"Vesilood magnetiga t\u00fc\u00fcp 81 SV REM W360, Stabila - Ranoja","robots":{"index":"index","follow":"follow","max-snippet":"max-snippet:-1","max-image-preview":"max-image-preview:large","max-video-preview":"max-video-preview:-1"},"canonical":"https:\/\/ranoja.ee\/toode\/vesilood-magnetiga-tuup-81-sv-rem-w360-stabila\/","og_locale":"en_US","og_type":"article","og_title":"Vesilood magnetiga t\u00fc\u00fcp 81 SV REM W360, Stabila - Ranoja","og_description":"Freesitud m\u00f5\u00f5tepind koos V soone ja haruldastest muldmetallidest magnetitega. Eriti tugev nakkumine torude ja muude terasdetailidega. Kuuer\u00f5ngaline libell 1- ja 2%- liste kallete seadmiseks. 360 kraadi ulatuses p\u00f6\u00f6ratav skaalaga varustatud nurkampull kaldtugede ja torustike kontrollimiseks ning nurga \u00fclekandmiseks. Eriti tugev survevalualumiiniumist profiil kannatab suuri koormusi. Sellist vesiloodi on oodanud paljud lukksepad, teraskonstruktsioonide mont\u00f6\u00f6rid, torustike paigaldajad, tellinguteehitajad ja santehnikud.  3-libelli, t\u00e4psus normaalasendis 0,5mm\/m, \u00fclepea asendis 0,75mm\/m 360 kraadi p\u00f6\u00f6ratav libell, magnetiga pikkus 25 cm","og_url":"https:\/\/ranoja.ee\/toode\/vesilood-magnetiga-tuup-81-sv-rem-w360-stabila\/","og_site_name":"Ranoja","article_publisher":"https:\/\/www.facebook.com\/ranoja.ee","article_modified_time":"2026-03-17T12:42:11+00:00","og_image":[{"width":900,"height":352,"url":"https:\/\/ranoja.ee\/wp-content\/uploads\/2026\/03\/94455620.jpg","type":"image\/jpeg"}],"twitter_card":"summary_large_image","schema":{"@context":"https:\/\/schema.org","@graph":[{"@type":"WebPage","@id":"https:\/\/ranoja.ee\/toode\/vesilood-magnetiga-tuup-81-sv-rem-w360-stabila\/","url":"https:\/\/ranoja.ee\/toode\/vesilood-magnetiga-tuup-81-sv-rem-w360-stabila\/","name":"Vesilood magnetiga t\u00fc\u00fcp 81 SV REM W360, Stabila - Ranoja","isPartOf":{"@id":"https:\/\/ranoja.ee\/#website"},"primaryImageOfPage":{"@id":"https:\/\/ranoja.ee\/toode\/vesilood-magnetiga-tuup-81-sv-rem-w360-stabila\/#primaryimage"},"image":{"@id":"https:\/\/ranoja.ee\/toode\/vesilood-magnetiga-tuup-81-sv-rem-w360-stabila\/#primaryimage"},"thumbnailUrl":"https:\/\/ranoja.ee\/wp-content\/uploads\/2026\/03\/94455620.jpg","datePublished":"2026-03-16T23:03:02+00:00","dateModified":"2026-03-17T12:42:11+00:00","breadcrumb":{"@id":"https:\/\/ranoja.ee\/toode\/vesilood-magnetiga-tuup-81-sv-rem-w360-stabila\/#breadcrumb"},"inLanguage":"en-US","potentialAction":[{"@type":"ReadAction","target":["https:\/\/ranoja.ee\/toode\/vesilood-magnetiga-tuup-81-sv-rem-w360-stabila\/"]}]},{"@type":"ImageObject","inLanguage":"en-US","@id":"https:\/\/ranoja.ee\/toode\/vesilood-magnetiga-tuup-81-sv-rem-w360-stabila\/#primaryimage","url":"https:\/\/ranoja.ee\/wp-content\/uploads\/2026\/03\/94455620.jpg","contentUrl":"https:\/\/ranoja.ee\/wp-content\/uploads\/2026\/03\/94455620.jpg","width":900,"height":352},{"@type":"BreadcrumbList","@id":"https:\/\/ranoja.ee\/toode\/vesilood-magnetiga-tuup-81-sv-rem-w360-stabila\/#breadcrumb","itemListElement":[{"@type":"ListItem","position":1,"name":"Home","item":"https:\/\/ranoja.ee\/"},{"@type":"ListItem","position":2,"name":"Shop","item":"https:\/\/ranoja.ee\/en\/shop\/"},{"@type":"ListItem","position":3,"name":"Vesilood magnetiga t\u00fc\u00fcp 81 SV REM W360, Stabila"}]},{"@type":"WebSite","@id":"https:\/\/ranoja.ee\/#website","url":"https:\/\/ranoja.ee\/","name":"Ranoja","description":"Equipment Shop WooCommerce WordPress Theme for Machine &amp; Tools","publisher":{"@id":"https:\/\/ranoja.ee\/#organization"},"potentialAction":[{"@type":"SearchAction","target":{"@type":"EntryPoint","urlTemplate":"https:\/\/ranoja.ee\/?s={search_term_string}"},"query-input":{"@type":"PropertyValueSpecification","valueRequired":true,"valueName":"search_term_string"}}],"inLanguage":"en-US"},{"@type":"Organization","@id":"https:\/\/ranoja.ee\/#organization","name":"Ranoja O\u00dc","url":"https:\/\/ranoja.ee\/","logo":{"@type":"ImageObject","inLanguage":"en-US","@id":"https:\/\/ranoja.ee\/#\/schema\/logo\/image\/","url":"https:\/\/ranoja.ee\/wp-content\/uploads\/2023\/11\/ranoja-Logo.png","contentUrl":"https:\/\/ranoja.ee\/wp-content\/uploads\/2023\/11\/ranoja-Logo.png","width":207,"height":58,"caption":"Ranoja O\u00dc"},"image":{"@id":"https:\/\/ranoja.ee\/#\/schema\/logo\/image\/"},"sameAs":["https:\/\/www.facebook.com\/ranoja.ee","https:\/\/www.instagram.com\/ranoja__\/"]}]}},"_links":{"self":[{"href":"https:\/\/ranoja.ee\/en\/wp-json\/wp\/v2\/product\/58783","targetHints":{"allow":["GET"]}}],"collection":[{"href":"https:\/\/ranoja.ee\/en\/wp-json\/wp\/v2\/product"}],"about":[{"href":"https:\/\/ranoja.ee\/en\/wp-json\/wp\/v2\/types\/product"}],"wp:featuredmedia":[{"embeddable":true,"href":"https:\/\/ranoja.ee\/en\/wp-json\/wp\/v2\/media\/58784"}],"wp:attachment":[{"href":"https:\/\/ranoja.ee\/en\/wp-json\/wp\/v2\/media?parent=58783"}],"wp:term":[{"taxonomy":"product_cat","embeddable":true,"href":"https:\/\/ranoja.ee\/en\/wp-json\/wp\/v2\/product_cat?post=58783"},{"taxonomy":"product_tag","embeddable":true,"href":"https:\/\/ranoja.ee\/en\/wp-json\/wp\/v2\/product_tag?post=58783"}],"curies":[{"name":"wp","href":"https:\/\/api.w.org\/{rel}","templated":true}]}}