{"id":58781,"date":"2026-03-17T02:03:02","date_gmt":"2026-03-16T23:03:02","guid":{"rendered":"https:\/\/ranoja.ee\/toode\/nutikas-akulaadija-gx15-12-24v-15a-lemania\/"},"modified":"2026-03-17T15:42:13","modified_gmt":"2026-03-17T12:42:13","slug":"nutikas-akulaadija-gx15-12-24v-15a-lemania","status":"publish","type":"product","link":"https:\/\/ranoja.ee\/en\/toode\/nutikas-akulaadija-gx15-12-24v-15a-lemania\/","title":{"rendered":"Nutikas akulaadija GX15 12\/24V 15A, Lemania"},"content":{"rendered":"","protected":false},"excerpt":{"rendered":"<p>Tehnilised n\u00e4itajad:<br \/>\nAkupinge: 12\/24V<br \/>\nPinge valik: Automaatne<br \/>\nLaetavate akude sobilik (mahu)vahemik: 24 &#8211; 300Ah <br \/>\nMaksimaalne akude maht hoolduslaadimise korral: 24 &#8211; 500Ah<br \/>\nLaadimisv\u00f5imsus: 15A\/7,5A<br \/>\nSobilikud akut\u00fc\u00fcbid: WET, AGM, EFB, VRLA kui ka 12,8 V LiFePO4 liitium patareid.<br \/>\nM\u00f5\u00f5dud: 190x190x75mm<br \/>\nKaal: 1,5kg<br \/>\nKaablite pikkus: 180cm<br \/>\nIP20<\/p>\n<p>Lemania Energy GX laadija on uusima p\u00f5lvkonna t\u00f6\u00f6riist akude laadimiseks, toetamiseks, hooldamiseks ja diagnoosimiseks. T\u00e4nu mikroprotsessorile aitab see teie aku kiiresti ja lihtsalt taastada. Tema testimise funktsioon v\u00f5imaldab teil ka kiiresti akut v\u00f5i generaatorit testida.<\/p>\n<p>&#8211; mitmeastmeline mikroprotsessoriga juhitav laadimine<br \/>\n&#8211; Automaatne hoolduse reziim<br \/>\n&#8211; pikendab aku kasutusaega<br \/>\n&#8211; s\u00e4demekaitse<br \/>\n&#8211; P\u00f6\u00f6rdpolaarsuse kaitse<br \/>\n&#8211; Generaatori ja aku test<br \/>\n&#8211; Vastupidavus veele ja tolmule<br \/>\n&#8211; Suur LCD-ekraan<br \/>\n&#8211; Madal energiatarbimine<br \/>\n&#8211; \u00dchildub liitiumpatareide LiFePO4 ja pliihappega (AGM, WET, MF ja EFB)<br \/>\n&#8211; Fikseeritud aasade pistik aku ja krokodill-t\u00fc\u00fcpi klambrite jaoks<\/p>\n<p>K\u00f5ik Lemania Energy tooted on v\u00e4lja t\u00f6\u00f6tatud \u0160veitsis ja neil on CE kvaliteedim\u00e4rk. 23-aastase kogemusega Lemania Energy on tunnustatud oma professionaalse kvaliteediga toodete v\u00e4ga k\u00f5rge usaldusv\u00e4\u00e4rsuse eest.<\/p>\n","protected":false},"featured_media":58782,"template":"","meta":{"inline_featured_image":false},"product_cat":[5181,5180,5183,5182],"product_tag":[],"class_list":{"0":"post-58781","1":"product","2":"type-product","3":"status-publish","4":"has-post-thumbnail","6":"product_brand-lemania","7":"product_cat-akulaadijad","8":"product_cat-garaaziseadmed","9":"product_cat-kaivitusabid","10":"product_cat-testrid","12":"first","13":"instock","14":"purchasable","15":"product-type-simple"},"yoast_head":"<!-- This site is optimized with the Yoast SEO plugin v27.4 - https:\/\/yoast.com\/product\/yoast-seo-wordpress\/ -->\n<title>Nutikas akulaadija GX15 12\/24V 15A, Lemania - Ranoja<\/title>\n<meta name=\"robots\" content=\"index, follow, max-snippet:-1, max-image-preview:large, max-video-preview:-1\" \/>\n<link rel=\"canonical\" href=\"https:\/\/ranoja.ee\/toode\/nutikas-akulaadija-gx15-12-24v-15a-lemania\/\" \/>\n<meta property=\"og:locale\" content=\"en_US\" \/>\n<meta property=\"og:type\" content=\"article\" \/>\n<meta property=\"og:title\" content=\"Nutikas akulaadija GX15 12\/24V 15A, Lemania - Ranoja\" \/>\n<meta property=\"og:description\" content=\"Tehnilised n\u00e4itajad: Akupinge: 12\/24V Pinge valik: Automaatne Laetavate akude sobilik (mahu)vahemik: 24 - 300Ah Maksimaalne akude maht hoolduslaadimise korral: 24 - 500Ah Laadimisv\u00f5imsus: 15A\/7,5A Sobilikud akut\u00fc\u00fcbid: WET, AGM, EFB, VRLA kui ka 12,8 V LiFePO4 liitium patareid. M\u00f5\u00f5dud: 190x190x75mm Kaal: 1,5kg Kaablite pikkus: 180cm IP20 Lemania Energy GX laadija on uusima p\u00f5lvkonna t\u00f6\u00f6riist akude laadimiseks, toetamiseks, hooldamiseks ja diagnoosimiseks. T\u00e4nu mikroprotsessorile aitab see teie aku kiiresti ja lihtsalt taastada. Tema testimise funktsioon v\u00f5imaldab teil ka kiiresti akut v\u00f5i generaatorit testida. - mitmeastmeline mikroprotsessoriga juhitav laadimine - Automaatne hoolduse reziim - pikendab aku kasutusaega - s\u00e4demekaitse - P\u00f6\u00f6rdpolaarsuse kaitse - Generaatori ja aku test - Vastupidavus veele ja tolmule - Suur LCD-ekraan - Madal energiatarbimine - \u00dchildub liitiumpatareide LiFePO4 ja pliihappega (AGM, WET, MF ja EFB) - Fikseeritud aasade pistik aku ja krokodill-t\u00fc\u00fcpi klambrite jaoks K\u00f5ik Lemania Energy tooted on v\u00e4lja t\u00f6\u00f6tatud \u0160veitsis ja neil on CE kvaliteedim\u00e4rk. 23-aastase kogemusega Lemania Energy on tunnustatud oma professionaalse kvaliteediga toodete v\u00e4ga k\u00f5rge usaldusv\u00e4\u00e4rsuse eest.\" \/>\n<meta property=\"og:url\" content=\"https:\/\/ranoja.ee\/toode\/nutikas-akulaadija-gx15-12-24v-15a-lemania\/\" \/>\n<meta property=\"og:site_name\" content=\"Ranoja\" \/>\n<meta property=\"article:publisher\" content=\"https:\/\/www.facebook.com\/ranoja.ee\" \/>\n<meta property=\"article:modified_time\" content=\"2026-03-17T12:42:13+00:00\" \/>\n<meta property=\"og:image\" content=\"https:\/\/ranoja.ee\/wp-content\/uploads\/2026\/03\/210269243.jpg\" \/>\n\t<meta property=\"og:image:width\" content=\"900\" \/>\n\t<meta property=\"og:image:height\" content=\"827\" \/>\n\t<meta property=\"og:image:type\" content=\"image\/jpeg\" \/>\n<meta name=\"twitter:card\" content=\"summary_large_image\" \/>\n<script type=\"application\/ld+json\" class=\"yoast-schema-graph\">{\"@context\":\"https:\\\/\\\/schema.org\",\"@graph\":[{\"@type\":\"WebPage\",\"@id\":\"https:\\\/\\\/ranoja.ee\\\/toode\\\/nutikas-akulaadija-gx15-12-24v-15a-lemania\\\/\",\"url\":\"https:\\\/\\\/ranoja.ee\\\/toode\\\/nutikas-akulaadija-gx15-12-24v-15a-lemania\\\/\",\"name\":\"Nutikas akulaadija GX15 12\\\/24V 15A, Lemania - Ranoja\",\"isPartOf\":{\"@id\":\"https:\\\/\\\/ranoja.ee\\\/#website\"},\"primaryImageOfPage\":{\"@id\":\"https:\\\/\\\/ranoja.ee\\\/toode\\\/nutikas-akulaadija-gx15-12-24v-15a-lemania\\\/#primaryimage\"},\"image\":{\"@id\":\"https:\\\/\\\/ranoja.ee\\\/toode\\\/nutikas-akulaadija-gx15-12-24v-15a-lemania\\\/#primaryimage\"},\"thumbnailUrl\":\"https:\\\/\\\/ranoja.ee\\\/wp-content\\\/uploads\\\/2026\\\/03\\\/210269243.jpg\",\"datePublished\":\"2026-03-16T23:03:02+00:00\",\"dateModified\":\"2026-03-17T12:42:13+00:00\",\"breadcrumb\":{\"@id\":\"https:\\\/\\\/ranoja.ee\\\/toode\\\/nutikas-akulaadija-gx15-12-24v-15a-lemania\\\/#breadcrumb\"},\"inLanguage\":\"en-US\",\"potentialAction\":[{\"@type\":\"ReadAction\",\"target\":[\"https:\\\/\\\/ranoja.ee\\\/toode\\\/nutikas-akulaadija-gx15-12-24v-15a-lemania\\\/\"]}]},{\"@type\":\"ImageObject\",\"inLanguage\":\"en-US\",\"@id\":\"https:\\\/\\\/ranoja.ee\\\/toode\\\/nutikas-akulaadija-gx15-12-24v-15a-lemania\\\/#primaryimage\",\"url\":\"https:\\\/\\\/ranoja.ee\\\/wp-content\\\/uploads\\\/2026\\\/03\\\/210269243.jpg\",\"contentUrl\":\"https:\\\/\\\/ranoja.ee\\\/wp-content\\\/uploads\\\/2026\\\/03\\\/210269243.jpg\",\"width\":900,\"height\":827},{\"@type\":\"BreadcrumbList\",\"@id\":\"https:\\\/\\\/ranoja.ee\\\/toode\\\/nutikas-akulaadija-gx15-12-24v-15a-lemania\\\/#breadcrumb\",\"itemListElement\":[{\"@type\":\"ListItem\",\"position\":1,\"name\":\"Home\",\"item\":\"https:\\\/\\\/ranoja.ee\\\/\"},{\"@type\":\"ListItem\",\"position\":2,\"name\":\"Shop\",\"item\":\"https:\\\/\\\/ranoja.ee\\\/en\\\/shop\\\/\"},{\"@type\":\"ListItem\",\"position\":3,\"name\":\"Nutikas akulaadija GX15 12\\\/24V 15A, Lemania\"}]},{\"@type\":\"WebSite\",\"@id\":\"https:\\\/\\\/ranoja.ee\\\/#website\",\"url\":\"https:\\\/\\\/ranoja.ee\\\/\",\"name\":\"Ranoja\",\"description\":\"Equipment Shop WooCommerce WordPress Theme for Machine &amp; Tools\",\"publisher\":{\"@id\":\"https:\\\/\\\/ranoja.ee\\\/#organization\"},\"potentialAction\":[{\"@type\":\"SearchAction\",\"target\":{\"@type\":\"EntryPoint\",\"urlTemplate\":\"https:\\\/\\\/ranoja.ee\\\/?s={search_term_string}\"},\"query-input\":{\"@type\":\"PropertyValueSpecification\",\"valueRequired\":true,\"valueName\":\"search_term_string\"}}],\"inLanguage\":\"en-US\"},{\"@type\":\"Organization\",\"@id\":\"https:\\\/\\\/ranoja.ee\\\/#organization\",\"name\":\"Ranoja O\u00dc\",\"url\":\"https:\\\/\\\/ranoja.ee\\\/\",\"logo\":{\"@type\":\"ImageObject\",\"inLanguage\":\"en-US\",\"@id\":\"https:\\\/\\\/ranoja.ee\\\/#\\\/schema\\\/logo\\\/image\\\/\",\"url\":\"https:\\\/\\\/ranoja.ee\\\/wp-content\\\/uploads\\\/2023\\\/11\\\/ranoja-Logo.png\",\"contentUrl\":\"https:\\\/\\\/ranoja.ee\\\/wp-content\\\/uploads\\\/2023\\\/11\\\/ranoja-Logo.png\",\"width\":207,\"height\":58,\"caption\":\"Ranoja O\u00dc\"},\"image\":{\"@id\":\"https:\\\/\\\/ranoja.ee\\\/#\\\/schema\\\/logo\\\/image\\\/\"},\"sameAs\":[\"https:\\\/\\\/www.facebook.com\\\/ranoja.ee\",\"https:\\\/\\\/www.instagram.com\\\/ranoja__\\\/\"]}]}<\/script>\n<!-- \/ Yoast SEO plugin. -->","yoast_head_json":{"title":"Nutikas akulaadija GX15 12\/24V 15A, Lemania - Ranoja","robots":{"index":"index","follow":"follow","max-snippet":"max-snippet:-1","max-image-preview":"max-image-preview:large","max-video-preview":"max-video-preview:-1"},"canonical":"https:\/\/ranoja.ee\/toode\/nutikas-akulaadija-gx15-12-24v-15a-lemania\/","og_locale":"en_US","og_type":"article","og_title":"Nutikas akulaadija GX15 12\/24V 15A, Lemania - Ranoja","og_description":"Tehnilised n\u00e4itajad: Akupinge: 12\/24V Pinge valik: Automaatne Laetavate akude sobilik (mahu)vahemik: 24 - 300Ah Maksimaalne akude maht hoolduslaadimise korral: 24 - 500Ah Laadimisv\u00f5imsus: 15A\/7,5A Sobilikud akut\u00fc\u00fcbid: WET, AGM, EFB, VRLA kui ka 12,8 V LiFePO4 liitium patareid. M\u00f5\u00f5dud: 190x190x75mm Kaal: 1,5kg Kaablite pikkus: 180cm IP20 Lemania Energy GX laadija on uusima p\u00f5lvkonna t\u00f6\u00f6riist akude laadimiseks, toetamiseks, hooldamiseks ja diagnoosimiseks. T\u00e4nu mikroprotsessorile aitab see teie aku kiiresti ja lihtsalt taastada. Tema testimise funktsioon v\u00f5imaldab teil ka kiiresti akut v\u00f5i generaatorit testida. - mitmeastmeline mikroprotsessoriga juhitav laadimine - Automaatne hoolduse reziim - pikendab aku kasutusaega - s\u00e4demekaitse - P\u00f6\u00f6rdpolaarsuse kaitse - Generaatori ja aku test - Vastupidavus veele ja tolmule - Suur LCD-ekraan - Madal energiatarbimine - \u00dchildub liitiumpatareide LiFePO4 ja pliihappega (AGM, WET, MF ja EFB) - Fikseeritud aasade pistik aku ja krokodill-t\u00fc\u00fcpi klambrite jaoks K\u00f5ik Lemania Energy tooted on v\u00e4lja t\u00f6\u00f6tatud \u0160veitsis ja neil on CE kvaliteedim\u00e4rk. 23-aastase kogemusega Lemania Energy on tunnustatud oma professionaalse kvaliteediga toodete v\u00e4ga k\u00f5rge usaldusv\u00e4\u00e4rsuse eest.","og_url":"https:\/\/ranoja.ee\/toode\/nutikas-akulaadija-gx15-12-24v-15a-lemania\/","og_site_name":"Ranoja","article_publisher":"https:\/\/www.facebook.com\/ranoja.ee","article_modified_time":"2026-03-17T12:42:13+00:00","og_image":[{"width":900,"height":827,"url":"https:\/\/ranoja.ee\/wp-content\/uploads\/2026\/03\/210269243.jpg","type":"image\/jpeg"}],"twitter_card":"summary_large_image","schema":{"@context":"https:\/\/schema.org","@graph":[{"@type":"WebPage","@id":"https:\/\/ranoja.ee\/toode\/nutikas-akulaadija-gx15-12-24v-15a-lemania\/","url":"https:\/\/ranoja.ee\/toode\/nutikas-akulaadija-gx15-12-24v-15a-lemania\/","name":"Nutikas akulaadija GX15 12\/24V 15A, Lemania - Ranoja","isPartOf":{"@id":"https:\/\/ranoja.ee\/#website"},"primaryImageOfPage":{"@id":"https:\/\/ranoja.ee\/toode\/nutikas-akulaadija-gx15-12-24v-15a-lemania\/#primaryimage"},"image":{"@id":"https:\/\/ranoja.ee\/toode\/nutikas-akulaadija-gx15-12-24v-15a-lemania\/#primaryimage"},"thumbnailUrl":"https:\/\/ranoja.ee\/wp-content\/uploads\/2026\/03\/210269243.jpg","datePublished":"2026-03-16T23:03:02+00:00","dateModified":"2026-03-17T12:42:13+00:00","breadcrumb":{"@id":"https:\/\/ranoja.ee\/toode\/nutikas-akulaadija-gx15-12-24v-15a-lemania\/#breadcrumb"},"inLanguage":"en-US","potentialAction":[{"@type":"ReadAction","target":["https:\/\/ranoja.ee\/toode\/nutikas-akulaadija-gx15-12-24v-15a-lemania\/"]}]},{"@type":"ImageObject","inLanguage":"en-US","@id":"https:\/\/ranoja.ee\/toode\/nutikas-akulaadija-gx15-12-24v-15a-lemania\/#primaryimage","url":"https:\/\/ranoja.ee\/wp-content\/uploads\/2026\/03\/210269243.jpg","contentUrl":"https:\/\/ranoja.ee\/wp-content\/uploads\/2026\/03\/210269243.jpg","width":900,"height":827},{"@type":"BreadcrumbList","@id":"https:\/\/ranoja.ee\/toode\/nutikas-akulaadija-gx15-12-24v-15a-lemania\/#breadcrumb","itemListElement":[{"@type":"ListItem","position":1,"name":"Home","item":"https:\/\/ranoja.ee\/"},{"@type":"ListItem","position":2,"name":"Shop","item":"https:\/\/ranoja.ee\/en\/shop\/"},{"@type":"ListItem","position":3,"name":"Nutikas akulaadija GX15 12\/24V 15A, Lemania"}]},{"@type":"WebSite","@id":"https:\/\/ranoja.ee\/#website","url":"https:\/\/ranoja.ee\/","name":"Ranoja","description":"Equipment Shop WooCommerce WordPress Theme for Machine &amp; Tools","publisher":{"@id":"https:\/\/ranoja.ee\/#organization"},"potentialAction":[{"@type":"SearchAction","target":{"@type":"EntryPoint","urlTemplate":"https:\/\/ranoja.ee\/?s={search_term_string}"},"query-input":{"@type":"PropertyValueSpecification","valueRequired":true,"valueName":"search_term_string"}}],"inLanguage":"en-US"},{"@type":"Organization","@id":"https:\/\/ranoja.ee\/#organization","name":"Ranoja O\u00dc","url":"https:\/\/ranoja.ee\/","logo":{"@type":"ImageObject","inLanguage":"en-US","@id":"https:\/\/ranoja.ee\/#\/schema\/logo\/image\/","url":"https:\/\/ranoja.ee\/wp-content\/uploads\/2023\/11\/ranoja-Logo.png","contentUrl":"https:\/\/ranoja.ee\/wp-content\/uploads\/2023\/11\/ranoja-Logo.png","width":207,"height":58,"caption":"Ranoja O\u00dc"},"image":{"@id":"https:\/\/ranoja.ee\/#\/schema\/logo\/image\/"},"sameAs":["https:\/\/www.facebook.com\/ranoja.ee","https:\/\/www.instagram.com\/ranoja__\/"]}]}},"_links":{"self":[{"href":"https:\/\/ranoja.ee\/en\/wp-json\/wp\/v2\/product\/58781","targetHints":{"allow":["GET"]}}],"collection":[{"href":"https:\/\/ranoja.ee\/en\/wp-json\/wp\/v2\/product"}],"about":[{"href":"https:\/\/ranoja.ee\/en\/wp-json\/wp\/v2\/types\/product"}],"wp:featuredmedia":[{"embeddable":true,"href":"https:\/\/ranoja.ee\/en\/wp-json\/wp\/v2\/media\/58782"}],"wp:attachment":[{"href":"https:\/\/ranoja.ee\/en\/wp-json\/wp\/v2\/media?parent=58781"}],"wp:term":[{"taxonomy":"product_cat","embeddable":true,"href":"https:\/\/ranoja.ee\/en\/wp-json\/wp\/v2\/product_cat?post=58781"},{"taxonomy":"product_tag","embeddable":true,"href":"https:\/\/ranoja.ee\/en\/wp-json\/wp\/v2\/product_tag?post=58781"}],"curies":[{"name":"wp","href":"https:\/\/api.w.org\/{rel}","templated":true}]}}